{"id":22680,"date":"2023-06-23T12:14:40","date_gmt":"2023-06-23T09:14:40","guid":{"rendered":"https:\/\/lottemaa.ee\/?page_id=22680"},"modified":"2024-09-25T15:20:01","modified_gmt":"2024-09-25T12:20:01","slug":"leduslaca-aleksa-spekstacija","status":"publish","type":"page","link":"https:\/\/lottemaa.ee\/lv\/par-lotes-zemi\/majas-un-nodarbes\/leduslaca-aleksa-spekstacija\/","title":{"rendered":"Ledusl\u0101\u010da Aleksa sp\u0113kstacija"},"content":{"rendered":"<p style=\"text-align: left;\"><span style=\"color: #000000;\">Nakts laik\u0101 Izgudrot\u0101ju ciem\u0101 uzradies d\u012bvains un \u0101rk\u0101rt\u012bgi for\u0161s izgudrojums, ko izveidojis ledusl\u0101cis Alekss. Ledusl\u0101cis Alekss ir \u013coti talant\u012bgs izgudrot\u0101js, un vi\u0146a jaunais izgudrojums ra\u017eo elektr\u012bbu no \u010detr\u0101m da\u017e\u0101d\u0101m ener\u0123ij\u0101m: saules ener\u0123ijas, v\u0113ja ener\u0123ijas, \u016bdens ener\u0123ijas un musku\u013cu ener\u0123ijas. Elektr\u012bba vienm\u0113r ir vajadz\u012bga, un Aleksa izgudrojums str\u0101d\u0101 bez mitas. Ja nav saules, ir lietus, un, ja nav lietus, ir v\u0113j\u0161, un, ja nav saules, lietus un v\u0113ja, vienm\u0113r ir roku sp\u0113ks. Ciema iedz\u012bvot\u0101ji elektr\u012bbu var smelt kaut vai ar spaini. Elektr\u012bbas pietiks!<\/span><\/p>\n","protected":false},"excerpt":{"rendered":"<p>Nakts laik\u0101 Izgudrot\u0101ju ciem\u0101 uzradies d\u012bvains un \u0101rk\u0101rt\u012bgi for\u0161s izgudrojums, ko izveidojis ledusl\u0101cis Alekss. Ledusl\u0101cis Alekss ir \u013coti talant\u012bgs izgudrot\u0101js, un vi\u0146a jaunais izgudrojums ra\u017eo elektr\u012bbu no \u010detr\u0101m da\u017e\u0101d\u0101m ener\u0123ij\u0101m: saules ener\u0123ijas, v\u0113ja ener\u0123ijas, \u016bdens ener\u0123ijas un musku\u013cu ener\u0123ijas. Elektr\u012bba vienm\u0113r ir vajadz\u012bga, un Aleksa izgudrojums str\u0101d\u0101 bez mitas. Ja nav saules, ir lietus, un, &hellip; <a href=\"https:\/\/lottemaa.ee\/lv\/par-lotes-zemi\/majas-un-nodarbes\/leduslaca-aleksa-spekstacija\/\">Continued<\/a><\/p>\n","protected":false},"author":11,"featured_media":22435,"parent":1317,"menu_order":644,"comment_status":"closed","ping_status":"closed","template":"","meta":{"_acf_changed":false,"om_disable_all_campaigns":false,"_uf_show_specific_survey":0,"_uf_disable_surveys":false,"footnotes":""},"class_list":["post-22680","page","type-page","status-publish","has-post-thumbnail","hentry"],"acf":[],"yoast_head":"<!-- This site is optimized with the Yoast SEO plugin v25.5 - https:\/\/yoast.com\/wordpress\/plugins\/seo\/ -->\n<title>Ledusl\u0101\u010da Aleksa sp\u0113kstacija | Lottemaa Teemapark<\/title>\n<meta name=\"description\" content=\"Nakts laik\u0101 Izgudrot\u0101ju ciem\u0101 uzradies d\u012bvains un \u0101rk\u0101rt\u012bgi for\u0161s izgudrojums, ko izveidojis ledusl\u0101cis Alekss.\" \/>\n<meta name=\"robots\" content=\"index, follow, max-snippet:-1, max-image-preview:large, max-video-preview:-1\" \/>\n<link rel=\"canonical\" href=\"https:\/\/lottemaa.ee\/lv\/par-lotes-zemi\/majas-un-nodarbes\/leduslaca-aleksa-spekstacija\/\" \/>\n<meta property=\"og:locale\" content=\"lv_LV\" \/>\n<meta property=\"og:type\" content=\"article\" \/>\n<meta property=\"og:title\" content=\"Ledusl\u0101\u010da Aleksa sp\u0113kstacija | Lottemaa Teemapark\" \/>\n<meta property=\"og:description\" content=\"Nakts laik\u0101 Izgudrot\u0101ju ciem\u0101 uzradies d\u012bvains un \u0101rk\u0101rt\u012bgi for\u0161s izgudrojums, ko izveidojis ledusl\u0101cis Alekss.\" \/>\n<meta property=\"og:url\" content=\"https:\/\/lottemaa.ee\/lv\/par-lotes-zemi\/majas-un-nodarbes\/leduslaca-aleksa-spekstacija\/\" \/>\n<meta property=\"og:site_name\" content=\"Lottemaa Teemapark\" \/>\n<meta property=\"article:modified_time\" content=\"2024-09-25T12:20:01+00:00\" \/>\n<meta property=\"og:image\" content=\"https:\/\/lottemaa.ee\/wp-content\/uploads\/2023\/06\/DSC_8916-scaled.jpg\" \/>\n\t<meta property=\"og:image:width\" content=\"2560\" \/>\n\t<meta property=\"og:image:height\" content=\"1696\" \/>\n\t<meta property=\"og:image:type\" content=\"image\/jpeg\" \/>\n<meta name=\"twitter:card\" content=\"summary_large_image\" \/>\n<meta name=\"twitter:label1\" content=\"Est. reading time\" \/>\n\t<meta name=\"twitter:data1\" content=\"1 min\u016b\u0161u\" \/>\n<script type=\"application\/ld+json\" class=\"yoast-schema-graph\">{\"@context\":\"https:\/\/schema.org\",\"@graph\":[{\"@type\":\"WebPage\",\"@id\":\"https:\/\/lottemaa.ee\/lv\/par-lotes-zemi\/majas-un-nodarbes\/leduslaca-aleksa-spekstacija\/\",\"url\":\"https:\/\/lottemaa.ee\/lv\/par-lotes-zemi\/majas-un-nodarbes\/leduslaca-aleksa-spekstacija\/\",\"name\":\"Ledusl\u0101\u010da Aleksa sp\u0113kstacija | Lottemaa Teemapark\",\"isPartOf\":{\"@id\":\"https:\/\/lottemaa.ee\/#website\"},\"primaryImageOfPage\":{\"@id\":\"https:\/\/lottemaa.ee\/lv\/par-lotes-zemi\/majas-un-nodarbes\/leduslaca-aleksa-spekstacija\/#primaryimage\"},\"image\":{\"@id\":\"https:\/\/lottemaa.ee\/lv\/par-lotes-zemi\/majas-un-nodarbes\/leduslaca-aleksa-spekstacija\/#primaryimage\"},\"thumbnailUrl\":\"https:\/\/lottemaa.ee\/wp-content\/uploads\/2023\/06\/DSC_8916-scaled.jpg\",\"datePublished\":\"2023-06-23T09:14:40+00:00\",\"dateModified\":\"2024-09-25T12:20:01+00:00\",\"description\":\"Nakts laik\u0101 Izgudrot\u0101ju ciem\u0101 uzradies d\u012bvains un \u0101rk\u0101rt\u012bgi for\u0161s izgudrojums, ko izveidojis ledusl\u0101cis Alekss.\",\"breadcrumb\":{\"@id\":\"https:\/\/lottemaa.ee\/lv\/par-lotes-zemi\/majas-un-nodarbes\/leduslaca-aleksa-spekstacija\/#breadcrumb\"},\"inLanguage\":\"lv-LV\",\"potentialAction\":[{\"@type\":\"ReadAction\",\"target\":[\"https:\/\/lottemaa.ee\/lv\/par-lotes-zemi\/majas-un-nodarbes\/leduslaca-aleksa-spekstacija\/\"]}]},{\"@type\":\"ImageObject\",\"inLanguage\":\"lv-LV\",\"@id\":\"https:\/\/lottemaa.ee\/lv\/par-lotes-zemi\/majas-un-nodarbes\/leduslaca-aleksa-spekstacija\/#primaryimage\",\"url\":\"https:\/\/lottemaa.ee\/wp-content\/uploads\/2023\/06\/DSC_8916-scaled.jpg\",\"contentUrl\":\"https:\/\/lottemaa.ee\/wp-content\/uploads\/2023\/06\/DSC_8916-scaled.jpg\",\"width\":2560,\"height\":1696},{\"@type\":\"BreadcrumbList\",\"@id\":\"https:\/\/lottemaa.ee\/lv\/par-lotes-zemi\/majas-un-nodarbes\/leduslaca-aleksa-spekstacija\/#breadcrumb\",\"itemListElement\":[{\"@type\":\"ListItem\",\"position\":1,\"name\":\"Home\",\"item\":\"https:\/\/lottemaa.ee\/lv\/\"},{\"@type\":\"ListItem\",\"position\":2,\"name\":\"Diena Lotes zem\u0113\",\"item\":\"https:\/\/lottemaa.ee\/lv\/par-lotes-zemi\/\"},{\"@type\":\"ListItem\",\"position\":3,\"name\":\"M\u0101jas un nodarbes\",\"item\":\"https:\/\/lottemaa.ee\/lv\/par-lotes-zemi\/majas-un-nodarbes\/\"},{\"@type\":\"ListItem\",\"position\":4,\"name\":\"Ledusl\u0101\u010da Aleksa sp\u0113kstacija\"}]},{\"@type\":\"WebSite\",\"@id\":\"https:\/\/lottemaa.ee\/#website\",\"url\":\"https:\/\/lottemaa.ee\/\",\"name\":\"Lottemaa Teemapark\",\"description\":\"Baltimaade suurim ja k\u00f5ige \u00e4gedam kogupere teemapark Eestis P\u00e4rnumaal\",\"publisher\":{\"@id\":\"https:\/\/lottemaa.ee\/#organization\"},\"potentialAction\":[{\"@type\":\"SearchAction\",\"target\":{\"@type\":\"EntryPoint\",\"urlTemplate\":\"https:\/\/lottemaa.ee\/?s={search_term_string}\"},\"query-input\":{\"@type\":\"PropertyValueSpecification\",\"valueRequired\":true,\"valueName\":\"search_term_string\"}}],\"inLanguage\":\"lv-LV\"},{\"@type\":\"Organization\",\"@id\":\"https:\/\/lottemaa.ee\/#organization\",\"name\":\"Lottemaa Teemapark\",\"url\":\"https:\/\/lottemaa.ee\/\",\"logo\":{\"@type\":\"ImageObject\",\"inLanguage\":\"lv-LV\",\"@id\":\"https:\/\/lottemaa.ee\/#\/schema\/logo\/image\/\",\"url\":\"https:\/\/lottemaa.ee\/wp-content\/uploads\/2018\/12\/Lottemaa_LOGO.png\",\"contentUrl\":\"https:\/\/lottemaa.ee\/wp-content\/uploads\/2018\/12\/Lottemaa_LOGO.png\",\"width\":1024,\"height\":518,\"caption\":\"Lottemaa Teemapark\"},\"image\":{\"@id\":\"https:\/\/lottemaa.ee\/#\/schema\/logo\/image\/\"}}]}<\/script>\n<!-- \/ Yoast SEO plugin. -->","yoast_head_json":{"title":"Ledusl\u0101\u010da Aleksa sp\u0113kstacija | Lottemaa Teemapark","description":"Nakts laik\u0101 Izgudrot\u0101ju ciem\u0101 uzradies d\u012bvains un \u0101rk\u0101rt\u012bgi for\u0161s izgudrojums, ko izveidojis ledusl\u0101cis Alekss.","robots":{"index":"index","follow":"follow","max-snippet":"max-snippet:-1","max-image-preview":"max-image-preview:large","max-video-preview":"max-video-preview:-1"},"canonical":"https:\/\/lottemaa.ee\/lv\/par-lotes-zemi\/majas-un-nodarbes\/leduslaca-aleksa-spekstacija\/","og_locale":"lv_LV","og_type":"article","og_title":"Ledusl\u0101\u010da Aleksa sp\u0113kstacija | Lottemaa Teemapark","og_description":"Nakts laik\u0101 Izgudrot\u0101ju ciem\u0101 uzradies d\u012bvains un \u0101rk\u0101rt\u012bgi for\u0161s izgudrojums, ko izveidojis ledusl\u0101cis Alekss.","og_url":"https:\/\/lottemaa.ee\/lv\/par-lotes-zemi\/majas-un-nodarbes\/leduslaca-aleksa-spekstacija\/","og_site_name":"Lottemaa Teemapark","article_modified_time":"2024-09-25T12:20:01+00:00","og_image":[{"width":2560,"height":1696,"url":"https:\/\/lottemaa.ee\/wp-content\/uploads\/2023\/06\/DSC_8916-scaled.jpg","type":"image\/jpeg"}],"twitter_card":"summary_large_image","twitter_misc":{"Est. reading time":"1 min\u016b\u0161u"},"schema":{"@context":"https:\/\/schema.org","@graph":[{"@type":"WebPage","@id":"https:\/\/lottemaa.ee\/lv\/par-lotes-zemi\/majas-un-nodarbes\/leduslaca-aleksa-spekstacija\/","url":"https:\/\/lottemaa.ee\/lv\/par-lotes-zemi\/majas-un-nodarbes\/leduslaca-aleksa-spekstacija\/","name":"Ledusl\u0101\u010da Aleksa sp\u0113kstacija | Lottemaa Teemapark","isPartOf":{"@id":"https:\/\/lottemaa.ee\/#website"},"primaryImageOfPage":{"@id":"https:\/\/lottemaa.ee\/lv\/par-lotes-zemi\/majas-un-nodarbes\/leduslaca-aleksa-spekstacija\/#primaryimage"},"image":{"@id":"https:\/\/lottemaa.ee\/lv\/par-lotes-zemi\/majas-un-nodarbes\/leduslaca-aleksa-spekstacija\/#primaryimage"},"thumbnailUrl":"https:\/\/lottemaa.ee\/wp-content\/uploads\/2023\/06\/DSC_8916-scaled.jpg","datePublished":"2023-06-23T09:14:40+00:00","dateModified":"2024-09-25T12:20:01+00:00","description":"Nakts laik\u0101 Izgudrot\u0101ju ciem\u0101 uzradies d\u012bvains un \u0101rk\u0101rt\u012bgi for\u0161s izgudrojums, ko izveidojis ledusl\u0101cis Alekss.","breadcrumb":{"@id":"https:\/\/lottemaa.ee\/lv\/par-lotes-zemi\/majas-un-nodarbes\/leduslaca-aleksa-spekstacija\/#breadcrumb"},"inLanguage":"lv-LV","potentialAction":[{"@type":"ReadAction","target":["https:\/\/lottemaa.ee\/lv\/par-lotes-zemi\/majas-un-nodarbes\/leduslaca-aleksa-spekstacija\/"]}]},{"@type":"ImageObject","inLanguage":"lv-LV","@id":"https:\/\/lottemaa.ee\/lv\/par-lotes-zemi\/majas-un-nodarbes\/leduslaca-aleksa-spekstacija\/#primaryimage","url":"https:\/\/lottemaa.ee\/wp-content\/uploads\/2023\/06\/DSC_8916-scaled.jpg","contentUrl":"https:\/\/lottemaa.ee\/wp-content\/uploads\/2023\/06\/DSC_8916-scaled.jpg","width":2560,"height":1696},{"@type":"BreadcrumbList","@id":"https:\/\/lottemaa.ee\/lv\/par-lotes-zemi\/majas-un-nodarbes\/leduslaca-aleksa-spekstacija\/#breadcrumb","itemListElement":[{"@type":"ListItem","position":1,"name":"Home","item":"https:\/\/lottemaa.ee\/lv\/"},{"@type":"ListItem","position":2,"name":"Diena Lotes zem\u0113","item":"https:\/\/lottemaa.ee\/lv\/par-lotes-zemi\/"},{"@type":"ListItem","position":3,"name":"M\u0101jas un nodarbes","item":"https:\/\/lottemaa.ee\/lv\/par-lotes-zemi\/majas-un-nodarbes\/"},{"@type":"ListItem","position":4,"name":"Ledusl\u0101\u010da Aleksa sp\u0113kstacija"}]},{"@type":"WebSite","@id":"https:\/\/lottemaa.ee\/#website","url":"https:\/\/lottemaa.ee\/","name":"Lottemaa Teemapark","description":"Baltimaade suurim ja k\u00f5ige \u00e4gedam kogupere teemapark Eestis P\u00e4rnumaal","publisher":{"@id":"https:\/\/lottemaa.ee\/#organization"},"potentialAction":[{"@type":"SearchAction","target":{"@type":"EntryPoint","urlTemplate":"https:\/\/lottemaa.ee\/?s={search_term_string}"},"query-input":{"@type":"PropertyValueSpecification","valueRequired":true,"valueName":"search_term_string"}}],"inLanguage":"lv-LV"},{"@type":"Organization","@id":"https:\/\/lottemaa.ee\/#organization","name":"Lottemaa Teemapark","url":"https:\/\/lottemaa.ee\/","logo":{"@type":"ImageObject","inLanguage":"lv-LV","@id":"https:\/\/lottemaa.ee\/#\/schema\/logo\/image\/","url":"https:\/\/lottemaa.ee\/wp-content\/uploads\/2018\/12\/Lottemaa_LOGO.png","contentUrl":"https:\/\/lottemaa.ee\/wp-content\/uploads\/2018\/12\/Lottemaa_LOGO.png","width":1024,"height":518,"caption":"Lottemaa Teemapark"},"image":{"@id":"https:\/\/lottemaa.ee\/#\/schema\/logo\/image\/"}}]}},"_links":{"self":[{"href":"https:\/\/lottemaa.ee\/lv\/wp-json\/wp\/v2\/pages\/22680","targetHints":{"allow":["GET"]}}],"collection":[{"href":"https:\/\/lottemaa.ee\/lv\/wp-json\/wp\/v2\/pages"}],"about":[{"href":"https:\/\/lottemaa.ee\/lv\/wp-json\/wp\/v2\/types\/page"}],"author":[{"embeddable":true,"href":"https:\/\/lottemaa.ee\/lv\/wp-json\/wp\/v2\/users\/11"}],"replies":[{"embeddable":true,"href":"https:\/\/lottemaa.ee\/lv\/wp-json\/wp\/v2\/comments?post=22680"}],"version-history":[{"count":1,"href":"https:\/\/lottemaa.ee\/lv\/wp-json\/wp\/v2\/pages\/22680\/revisions"}],"predecessor-version":[{"id":22681,"href":"https:\/\/lottemaa.ee\/lv\/wp-json\/wp\/v2\/pages\/22680\/revisions\/22681"}],"up":[{"embeddable":true,"href":"https:\/\/lottemaa.ee\/lv\/wp-json\/wp\/v2\/pages\/1317"}],"wp:featuredmedia":[{"embeddable":true,"href":"https:\/\/lottemaa.ee\/lv\/wp-json\/wp\/v2\/media\/22435"}],"wp:attachment":[{"href":"https:\/\/lottemaa.ee\/lv\/wp-json\/wp\/v2\/media?parent=22680"}],"curies":[{"name":"wp","href":"https:\/\/api.w.org\/{rel}","templated":true}]}}