{"id":22405,"date":"2023-06-14T17:53:17","date_gmt":"2023-06-14T14:53:17","guid":{"rendered":"https:\/\/lottemaa.ee\/?page_id=22405"},"modified":"2024-03-05T11:35:54","modified_gmt":"2024-03-05T09:35:54","slug":"spitiga-aka","status":"publish","type":"page","link":"https:\/\/lottemaa.ee\/lv\/par-lotes-zemi\/izgudrojumi\/spitiga-aka\/","title":{"rendered":"Sp\u012bt\u012bg\u0101 aka"},"content":{"rendered":"<p style=\"text-align: left;\"><strong>Sp\u012bt\u012bg\u0101 aka<\/strong> ir viena no nosl\u0113pumain\u0101kaj\u0101m viet\u0101m Izgudrot\u0101ju ciem\u0101. Neviens nezina, kas aku izgudroja &#8211; vien\u0101 dien\u0101 t\u0101 vienk\u0101r\u0161i uzrad\u0101s. No akas \u016bdeni nevar dab\u016bt, taj\u0101 var tikai kliegt. Un aka atbild tev tie\u0161i t\u0101, k\u0101 pati to v\u0113las. S\u0101kum\u0101 tas ciema iedz\u012bvot\u0101jiem \u0161\u0137ita neierasti, bet tagad jau visi ar sp\u012bt\u012bgo aku jau ir apradu\u0161i.<\/p>\n","protected":false},"excerpt":{"rendered":"<p>Sp\u012bt\u012bg\u0101 aka ir viena no nosl\u0113pumain\u0101kaj\u0101m viet\u0101m Izgudrot\u0101ju ciem\u0101. Neviens nezina, kas aku izgudroja &#8211; vien\u0101 dien\u0101 t\u0101 vienk\u0101r\u0161i uzrad\u0101s. No akas \u016bdeni nevar dab\u016bt, taj\u0101 var tikai kliegt. Un aka atbild tev tie\u0161i t\u0101, k\u0101 pati to v\u0113las. S\u0101kum\u0101 tas ciema iedz\u012bvot\u0101jiem \u0161\u0137ita neierasti, bet tagad jau visi ar sp\u012bt\u012bgo aku jau ir apradu\u0161i.<\/p>\n","protected":false},"author":11,"featured_media":22204,"parent":4256,"menu_order":520,"comment_status":"closed","ping_status":"closed","template":"","meta":{"_acf_changed":false,"om_disable_all_campaigns":false,"_uf_show_specific_survey":0,"_uf_disable_surveys":false,"footnotes":""},"class_list":["post-22405","page","type-page","status-publish","has-post-thumbnail","hentry"],"acf":[],"yoast_head":"<!-- This site is optimized with the Yoast SEO plugin v25.5 - https:\/\/yoast.com\/wordpress\/plugins\/seo\/ -->\n<title>Sp\u012bt\u012bg\u0101 aka | Lottemaa Teemapark<\/title>\n<meta name=\"description\" content=\"Sp\u012bt\u012bg\u0101 aka ir viena no nosl\u0113pumain\u0101kaj\u0101m viet\u0101m Izgudrot\u0101ju ciem\u0101. Neviens nezina, kas aku izgudroja \u2013 vien\u0101 dien\u0101 t\u0101 vienk\u0101r\u0161i uzrad\u0101s.\" \/>\n<meta name=\"robots\" content=\"index, follow, max-snippet:-1, max-image-preview:large, max-video-preview:-1\" \/>\n<link rel=\"canonical\" href=\"https:\/\/lottemaa.ee\/lv\/par-lotes-zemi\/izgudrojumi\/spitiga-aka\/\" \/>\n<meta property=\"og:locale\" content=\"lv_LV\" \/>\n<meta property=\"og:type\" content=\"article\" \/>\n<meta property=\"og:title\" content=\"Sp\u012bt\u012bg\u0101 aka | Lottemaa Teemapark\" \/>\n<meta property=\"og:description\" content=\"Sp\u012bt\u012bg\u0101 aka ir viena no nosl\u0113pumain\u0101kaj\u0101m viet\u0101m Izgudrot\u0101ju ciem\u0101. Neviens nezina, kas aku izgudroja \u2013 vien\u0101 dien\u0101 t\u0101 vienk\u0101r\u0161i uzrad\u0101s.\" \/>\n<meta property=\"og:url\" content=\"https:\/\/lottemaa.ee\/lv\/par-lotes-zemi\/izgudrojumi\/spitiga-aka\/\" \/>\n<meta property=\"og:site_name\" content=\"Lottemaa Teemapark\" \/>\n<meta property=\"article:modified_time\" content=\"2024-03-05T09:35:54+00:00\" \/>\n<meta property=\"og:image\" content=\"https:\/\/lottemaa.ee\/wp-content\/uploads\/2023\/06\/DSC_7272-scaled.jpg\" \/>\n\t<meta property=\"og:image:width\" content=\"2560\" \/>\n\t<meta property=\"og:image:height\" content=\"1696\" \/>\n\t<meta property=\"og:image:type\" content=\"image\/jpeg\" \/>\n<meta name=\"twitter:card\" content=\"summary_large_image\" \/>\n<meta name=\"twitter:label1\" content=\"Est. reading time\" \/>\n\t<meta name=\"twitter:data1\" content=\"1 min\u016b\u0161u\" \/>\n<script type=\"application\/ld+json\" class=\"yoast-schema-graph\">{\"@context\":\"https:\/\/schema.org\",\"@graph\":[{\"@type\":\"WebPage\",\"@id\":\"https:\/\/lottemaa.ee\/lv\/par-lotes-zemi\/izgudrojumi\/spitiga-aka\/\",\"url\":\"https:\/\/lottemaa.ee\/lv\/par-lotes-zemi\/izgudrojumi\/spitiga-aka\/\",\"name\":\"Sp\u012bt\u012bg\u0101 aka | Lottemaa Teemapark\",\"isPartOf\":{\"@id\":\"https:\/\/lottemaa.ee\/#website\"},\"primaryImageOfPage\":{\"@id\":\"https:\/\/lottemaa.ee\/lv\/par-lotes-zemi\/izgudrojumi\/spitiga-aka\/#primaryimage\"},\"image\":{\"@id\":\"https:\/\/lottemaa.ee\/lv\/par-lotes-zemi\/izgudrojumi\/spitiga-aka\/#primaryimage\"},\"thumbnailUrl\":\"https:\/\/lottemaa.ee\/wp-content\/uploads\/2023\/06\/DSC_7272-scaled.jpg\",\"datePublished\":\"2023-06-14T14:53:17+00:00\",\"dateModified\":\"2024-03-05T09:35:54+00:00\",\"description\":\"Sp\u012bt\u012bg\u0101 aka ir viena no nosl\u0113pumain\u0101kaj\u0101m viet\u0101m Izgudrot\u0101ju ciem\u0101. Neviens nezina, kas aku izgudroja \u2013 vien\u0101 dien\u0101 t\u0101 vienk\u0101r\u0161i uzrad\u0101s.\",\"breadcrumb\":{\"@id\":\"https:\/\/lottemaa.ee\/lv\/par-lotes-zemi\/izgudrojumi\/spitiga-aka\/#breadcrumb\"},\"inLanguage\":\"lv-LV\",\"potentialAction\":[{\"@type\":\"ReadAction\",\"target\":[\"https:\/\/lottemaa.ee\/lv\/par-lotes-zemi\/izgudrojumi\/spitiga-aka\/\"]}]},{\"@type\":\"ImageObject\",\"inLanguage\":\"lv-LV\",\"@id\":\"https:\/\/lottemaa.ee\/lv\/par-lotes-zemi\/izgudrojumi\/spitiga-aka\/#primaryimage\",\"url\":\"https:\/\/lottemaa.ee\/wp-content\/uploads\/2023\/06\/DSC_7272-scaled.jpg\",\"contentUrl\":\"https:\/\/lottemaa.ee\/wp-content\/uploads\/2023\/06\/DSC_7272-scaled.jpg\",\"width\":2560,\"height\":1696},{\"@type\":\"BreadcrumbList\",\"@id\":\"https:\/\/lottemaa.ee\/lv\/par-lotes-zemi\/izgudrojumi\/spitiga-aka\/#breadcrumb\",\"itemListElement\":[{\"@type\":\"ListItem\",\"position\":1,\"name\":\"Home\",\"item\":\"https:\/\/lottemaa.ee\/lv\/\"},{\"@type\":\"ListItem\",\"position\":2,\"name\":\"Diena Lotes zem\u0113\",\"item\":\"https:\/\/lottemaa.ee\/lv\/par-lotes-zemi\/\"},{\"@type\":\"ListItem\",\"position\":3,\"name\":\"IZGUDROJUMI\",\"item\":\"https:\/\/lottemaa.ee\/lv\/par-lotes-zemi\/izgudrojumi\/\"},{\"@type\":\"ListItem\",\"position\":4,\"name\":\"Sp\u012bt\u012bg\u0101 aka\"}]},{\"@type\":\"WebSite\",\"@id\":\"https:\/\/lottemaa.ee\/#website\",\"url\":\"https:\/\/lottemaa.ee\/\",\"name\":\"Lottemaa Teemapark\",\"description\":\"Baltimaade suurim ja k\u00f5ige \u00e4gedam kogupere teemapark Eestis P\u00e4rnumaal\",\"publisher\":{\"@id\":\"https:\/\/lottemaa.ee\/#organization\"},\"potentialAction\":[{\"@type\":\"SearchAction\",\"target\":{\"@type\":\"EntryPoint\",\"urlTemplate\":\"https:\/\/lottemaa.ee\/?s={search_term_string}\"},\"query-input\":{\"@type\":\"PropertyValueSpecification\",\"valueRequired\":true,\"valueName\":\"search_term_string\"}}],\"inLanguage\":\"lv-LV\"},{\"@type\":\"Organization\",\"@id\":\"https:\/\/lottemaa.ee\/#organization\",\"name\":\"Lottemaa Teemapark\",\"url\":\"https:\/\/lottemaa.ee\/\",\"logo\":{\"@type\":\"ImageObject\",\"inLanguage\":\"lv-LV\",\"@id\":\"https:\/\/lottemaa.ee\/#\/schema\/logo\/image\/\",\"url\":\"https:\/\/lottemaa.ee\/wp-content\/uploads\/2018\/12\/Lottemaa_LOGO.png\",\"contentUrl\":\"https:\/\/lottemaa.ee\/wp-content\/uploads\/2018\/12\/Lottemaa_LOGO.png\",\"width\":1024,\"height\":518,\"caption\":\"Lottemaa Teemapark\"},\"image\":{\"@id\":\"https:\/\/lottemaa.ee\/#\/schema\/logo\/image\/\"}}]}<\/script>\n<!-- \/ Yoast SEO plugin. -->","yoast_head_json":{"title":"Sp\u012bt\u012bg\u0101 aka | Lottemaa Teemapark","description":"Sp\u012bt\u012bg\u0101 aka ir viena no nosl\u0113pumain\u0101kaj\u0101m viet\u0101m Izgudrot\u0101ju ciem\u0101. Neviens nezina, kas aku izgudroja \u2013 vien\u0101 dien\u0101 t\u0101 vienk\u0101r\u0161i uzrad\u0101s.","robots":{"index":"index","follow":"follow","max-snippet":"max-snippet:-1","max-image-preview":"max-image-preview:large","max-video-preview":"max-video-preview:-1"},"canonical":"https:\/\/lottemaa.ee\/lv\/par-lotes-zemi\/izgudrojumi\/spitiga-aka\/","og_locale":"lv_LV","og_type":"article","og_title":"Sp\u012bt\u012bg\u0101 aka | Lottemaa Teemapark","og_description":"Sp\u012bt\u012bg\u0101 aka ir viena no nosl\u0113pumain\u0101kaj\u0101m viet\u0101m Izgudrot\u0101ju ciem\u0101. Neviens nezina, kas aku izgudroja \u2013 vien\u0101 dien\u0101 t\u0101 vienk\u0101r\u0161i uzrad\u0101s.","og_url":"https:\/\/lottemaa.ee\/lv\/par-lotes-zemi\/izgudrojumi\/spitiga-aka\/","og_site_name":"Lottemaa Teemapark","article_modified_time":"2024-03-05T09:35:54+00:00","og_image":[{"width":2560,"height":1696,"url":"https:\/\/lottemaa.ee\/wp-content\/uploads\/2023\/06\/DSC_7272-scaled.jpg","type":"image\/jpeg"}],"twitter_card":"summary_large_image","twitter_misc":{"Est. reading time":"1 min\u016b\u0161u"},"schema":{"@context":"https:\/\/schema.org","@graph":[{"@type":"WebPage","@id":"https:\/\/lottemaa.ee\/lv\/par-lotes-zemi\/izgudrojumi\/spitiga-aka\/","url":"https:\/\/lottemaa.ee\/lv\/par-lotes-zemi\/izgudrojumi\/spitiga-aka\/","name":"Sp\u012bt\u012bg\u0101 aka | Lottemaa Teemapark","isPartOf":{"@id":"https:\/\/lottemaa.ee\/#website"},"primaryImageOfPage":{"@id":"https:\/\/lottemaa.ee\/lv\/par-lotes-zemi\/izgudrojumi\/spitiga-aka\/#primaryimage"},"image":{"@id":"https:\/\/lottemaa.ee\/lv\/par-lotes-zemi\/izgudrojumi\/spitiga-aka\/#primaryimage"},"thumbnailUrl":"https:\/\/lottemaa.ee\/wp-content\/uploads\/2023\/06\/DSC_7272-scaled.jpg","datePublished":"2023-06-14T14:53:17+00:00","dateModified":"2024-03-05T09:35:54+00:00","description":"Sp\u012bt\u012bg\u0101 aka ir viena no nosl\u0113pumain\u0101kaj\u0101m viet\u0101m Izgudrot\u0101ju ciem\u0101. Neviens nezina, kas aku izgudroja \u2013 vien\u0101 dien\u0101 t\u0101 vienk\u0101r\u0161i uzrad\u0101s.","breadcrumb":{"@id":"https:\/\/lottemaa.ee\/lv\/par-lotes-zemi\/izgudrojumi\/spitiga-aka\/#breadcrumb"},"inLanguage":"lv-LV","potentialAction":[{"@type":"ReadAction","target":["https:\/\/lottemaa.ee\/lv\/par-lotes-zemi\/izgudrojumi\/spitiga-aka\/"]}]},{"@type":"ImageObject","inLanguage":"lv-LV","@id":"https:\/\/lottemaa.ee\/lv\/par-lotes-zemi\/izgudrojumi\/spitiga-aka\/#primaryimage","url":"https:\/\/lottemaa.ee\/wp-content\/uploads\/2023\/06\/DSC_7272-scaled.jpg","contentUrl":"https:\/\/lottemaa.ee\/wp-content\/uploads\/2023\/06\/DSC_7272-scaled.jpg","width":2560,"height":1696},{"@type":"BreadcrumbList","@id":"https:\/\/lottemaa.ee\/lv\/par-lotes-zemi\/izgudrojumi\/spitiga-aka\/#breadcrumb","itemListElement":[{"@type":"ListItem","position":1,"name":"Home","item":"https:\/\/lottemaa.ee\/lv\/"},{"@type":"ListItem","position":2,"name":"Diena Lotes zem\u0113","item":"https:\/\/lottemaa.ee\/lv\/par-lotes-zemi\/"},{"@type":"ListItem","position":3,"name":"IZGUDROJUMI","item":"https:\/\/lottemaa.ee\/lv\/par-lotes-zemi\/izgudrojumi\/"},{"@type":"ListItem","position":4,"name":"Sp\u012bt\u012bg\u0101 aka"}]},{"@type":"WebSite","@id":"https:\/\/lottemaa.ee\/#website","url":"https:\/\/lottemaa.ee\/","name":"Lottemaa Teemapark","description":"Baltimaade suurim ja k\u00f5ige \u00e4gedam kogupere teemapark Eestis P\u00e4rnumaal","publisher":{"@id":"https:\/\/lottemaa.ee\/#organization"},"potentialAction":[{"@type":"SearchAction","target":{"@type":"EntryPoint","urlTemplate":"https:\/\/lottemaa.ee\/?s={search_term_string}"},"query-input":{"@type":"PropertyValueSpecification","valueRequired":true,"valueName":"search_term_string"}}],"inLanguage":"lv-LV"},{"@type":"Organization","@id":"https:\/\/lottemaa.ee\/#organization","name":"Lottemaa Teemapark","url":"https:\/\/lottemaa.ee\/","logo":{"@type":"ImageObject","inLanguage":"lv-LV","@id":"https:\/\/lottemaa.ee\/#\/schema\/logo\/image\/","url":"https:\/\/lottemaa.ee\/wp-content\/uploads\/2018\/12\/Lottemaa_LOGO.png","contentUrl":"https:\/\/lottemaa.ee\/wp-content\/uploads\/2018\/12\/Lottemaa_LOGO.png","width":1024,"height":518,"caption":"Lottemaa Teemapark"},"image":{"@id":"https:\/\/lottemaa.ee\/#\/schema\/logo\/image\/"}}]}},"_links":{"self":[{"href":"https:\/\/lottemaa.ee\/lv\/wp-json\/wp\/v2\/pages\/22405","targetHints":{"allow":["GET"]}}],"collection":[{"href":"https:\/\/lottemaa.ee\/lv\/wp-json\/wp\/v2\/pages"}],"about":[{"href":"https:\/\/lottemaa.ee\/lv\/wp-json\/wp\/v2\/types\/page"}],"author":[{"embeddable":true,"href":"https:\/\/lottemaa.ee\/lv\/wp-json\/wp\/v2\/users\/11"}],"replies":[{"embeddable":true,"href":"https:\/\/lottemaa.ee\/lv\/wp-json\/wp\/v2\/comments?post=22405"}],"version-history":[{"count":1,"href":"https:\/\/lottemaa.ee\/lv\/wp-json\/wp\/v2\/pages\/22405\/revisions"}],"predecessor-version":[{"id":22406,"href":"https:\/\/lottemaa.ee\/lv\/wp-json\/wp\/v2\/pages\/22405\/revisions\/22406"}],"up":[{"embeddable":true,"href":"https:\/\/lottemaa.ee\/lv\/wp-json\/wp\/v2\/pages\/4256"}],"wp:featuredmedia":[{"embeddable":true,"href":"https:\/\/lottemaa.ee\/lv\/wp-json\/wp\/v2\/media\/22204"}],"wp:attachment":[{"href":"https:\/\/lottemaa.ee\/lv\/wp-json\/wp\/v2\/media?parent=22405"}],"curies":[{"name":"wp","href":"https:\/\/api.w.org\/{rel}","templated":true}]}}