{"id":22152,"date":"2023-06-11T15:35:26","date_gmt":"2023-06-11T12:35:26","guid":{"rendered":"https:\/\/lottemaa.ee\/?page_id=22152"},"modified":"2024-09-25T15:46:12","modified_gmt":"2024-09-25T12:46:12","slug":"milnieku-tilts","status":"publish","type":"page","link":"https:\/\/lottemaa.ee\/lv\/par-lotes-zemi\/majas-un-nodarbes\/milnieku-tilts\/","title":{"rendered":"M\u012blnieku tilts"},"content":{"rendered":"<p style=\"text-align: left;\"><strong>M\u012blnieku tilts<\/strong> Izgudrot\u0101ju ciem\u0101 ir \u013coti svar\u012bga vieta. Patie\u0161\u0101m \u013coti svar\u012bga, jo t\u0101 ir vieta, kurp dodas visi Izgudrot\u0101ju ciema jaunie m\u012blnieki, lai kop\u0101 v\u0113rotu saulrietu vai saull\u0113ktu. Citk\u0101rt uz tilta vienlaikus ir vair\u0101ki p\u0101ri, bet m\u012blnieku sap\u0146ain\u0101s acis redz tikai viens otru.\u00a0 Protams, p\u0101r tiltu klaig\u0101jot skraida ar\u012b visi Izgudrot\u0101ju ciema b\u0113rni, jo ik dienu j\u0101apsveicin\u0101s ar ziv\u012bm, kas dz\u012bvo zem tilta. Zivis zem tilta \u010dakli m\u0101c\u0101s matem\u0101tiku, jo matem\u0101tika ta\u010du ir tik br\u012bni\u0161\u0137\u012bga. Jo vair\u0101k p\u0101ru dienas laik\u0101 \u0161\u0137\u0113rso tiltu, jo vair\u0101k matem\u0101tikas uzdevumu ziv\u012bm j\u0101izpilda vakaros. Ta\u010du citk\u0101rt m\u012blnieki uz tilta atrodas ar\u012b nakt\u012bs, lai kop\u0101 apbr\u012bnotu un apskat\u012btu zvaigznes, tad zivju matem\u0101tika tom\u0113r ir diezgan sare\u017e\u0123\u012bta zin\u0101tne.<\/p>\n","protected":false},"excerpt":{"rendered":"<p>M\u012blnieku tilts Izgudrot\u0101ju ciem\u0101 ir \u013coti svar\u012bga vieta. Patie\u0161\u0101m \u013coti svar\u012bga, jo t\u0101 ir vieta, kurp dodas visi Izgudrot\u0101ju ciema jaunie m\u012blnieki, lai kop\u0101 v\u0113rotu saulrietu vai saull\u0113ktu. Citk\u0101rt uz tilta vienlaikus ir vair\u0101ki p\u0101ri, bet m\u012blnieku sap\u0146ain\u0101s acis redz tikai viens otru.\u00a0 Protams, p\u0101r tiltu klaig\u0101jot skraida ar\u012b visi Izgudrot\u0101ju ciema b\u0113rni, jo ik &hellip; <a href=\"https:\/\/lottemaa.ee\/lv\/par-lotes-zemi\/majas-un-nodarbes\/milnieku-tilts\/\">Continued<\/a><\/p>\n","protected":false},"author":11,"featured_media":22145,"parent":1317,"menu_order":649,"comment_status":"closed","ping_status":"closed","template":"","meta":{"_acf_changed":false,"om_disable_all_campaigns":false,"_uf_show_specific_survey":0,"_uf_disable_surveys":false,"footnotes":""},"class_list":["post-22152","page","type-page","status-publish","has-post-thumbnail","hentry"],"acf":[],"yoast_head":"<!-- This site is optimized with the Yoast SEO plugin v25.5 - https:\/\/yoast.com\/wordpress\/plugins\/seo\/ -->\n<title>M\u012blnieku tilts | Lottemaa Teemapark<\/title>\n<meta name=\"description\" content=\"M\u012blnieku tilts Izgudrot\u0101ju ciem\u0101 ir \u013coti svar\u012bga vieta. Patie\u0161\u0101m \u013coti svar\u012bga, jo t\u0101 ir vieta, kurp dodas visi Izgudrot\u0101ju ciema jaunie m\u012blnieki, lai kop\u0101 v\u0113rotu saulrietu vai saull\u0113ktu.\" \/>\n<meta name=\"robots\" content=\"index, follow, max-snippet:-1, max-image-preview:large, max-video-preview:-1\" \/>\n<link rel=\"canonical\" href=\"https:\/\/lottemaa.ee\/lv\/par-lotes-zemi\/majas-un-nodarbes\/milnieku-tilts\/\" \/>\n<meta property=\"og:locale\" content=\"lv_LV\" \/>\n<meta property=\"og:type\" content=\"article\" \/>\n<meta property=\"og:title\" content=\"M\u012blnieku tilts | Lottemaa Teemapark\" \/>\n<meta property=\"og:description\" content=\"M\u012blnieku tilts Izgudrot\u0101ju ciem\u0101 ir \u013coti svar\u012bga vieta. Patie\u0161\u0101m \u013coti svar\u012bga, jo t\u0101 ir vieta, kurp dodas visi Izgudrot\u0101ju ciema jaunie m\u012blnieki, lai kop\u0101 v\u0113rotu saulrietu vai saull\u0113ktu.\" \/>\n<meta property=\"og:url\" content=\"https:\/\/lottemaa.ee\/lv\/par-lotes-zemi\/majas-un-nodarbes\/milnieku-tilts\/\" \/>\n<meta property=\"og:site_name\" content=\"Lottemaa Teemapark\" \/>\n<meta property=\"article:modified_time\" content=\"2024-09-25T12:46:12+00:00\" \/>\n<meta property=\"og:image\" content=\"https:\/\/lottemaa.ee\/wp-content\/uploads\/2023\/06\/DSC_7294-scaled.jpg\" \/>\n\t<meta property=\"og:image:width\" content=\"2560\" \/>\n\t<meta property=\"og:image:height\" content=\"1696\" \/>\n\t<meta property=\"og:image:type\" content=\"image\/jpeg\" \/>\n<meta name=\"twitter:card\" content=\"summary_large_image\" \/>\n<meta name=\"twitter:label1\" content=\"Est. reading time\" \/>\n\t<meta name=\"twitter:data1\" content=\"1 min\u016b\u0161u\" \/>\n<script type=\"application\/ld+json\" class=\"yoast-schema-graph\">{\"@context\":\"https:\/\/schema.org\",\"@graph\":[{\"@type\":\"WebPage\",\"@id\":\"https:\/\/lottemaa.ee\/lv\/par-lotes-zemi\/majas-un-nodarbes\/milnieku-tilts\/\",\"url\":\"https:\/\/lottemaa.ee\/lv\/par-lotes-zemi\/majas-un-nodarbes\/milnieku-tilts\/\",\"name\":\"M\u012blnieku tilts | Lottemaa Teemapark\",\"isPartOf\":{\"@id\":\"https:\/\/lottemaa.ee\/#website\"},\"primaryImageOfPage\":{\"@id\":\"https:\/\/lottemaa.ee\/lv\/par-lotes-zemi\/majas-un-nodarbes\/milnieku-tilts\/#primaryimage\"},\"image\":{\"@id\":\"https:\/\/lottemaa.ee\/lv\/par-lotes-zemi\/majas-un-nodarbes\/milnieku-tilts\/#primaryimage\"},\"thumbnailUrl\":\"https:\/\/lottemaa.ee\/wp-content\/uploads\/2023\/06\/DSC_7294-scaled.jpg\",\"datePublished\":\"2023-06-11T12:35:26+00:00\",\"dateModified\":\"2024-09-25T12:46:12+00:00\",\"description\":\"M\u012blnieku tilts Izgudrot\u0101ju ciem\u0101 ir \u013coti svar\u012bga vieta. Patie\u0161\u0101m \u013coti svar\u012bga, jo t\u0101 ir vieta, kurp dodas visi Izgudrot\u0101ju ciema jaunie m\u012blnieki, lai kop\u0101 v\u0113rotu saulrietu vai saull\u0113ktu.\",\"breadcrumb\":{\"@id\":\"https:\/\/lottemaa.ee\/lv\/par-lotes-zemi\/majas-un-nodarbes\/milnieku-tilts\/#breadcrumb\"},\"inLanguage\":\"lv-LV\",\"potentialAction\":[{\"@type\":\"ReadAction\",\"target\":[\"https:\/\/lottemaa.ee\/lv\/par-lotes-zemi\/majas-un-nodarbes\/milnieku-tilts\/\"]}]},{\"@type\":\"ImageObject\",\"inLanguage\":\"lv-LV\",\"@id\":\"https:\/\/lottemaa.ee\/lv\/par-lotes-zemi\/majas-un-nodarbes\/milnieku-tilts\/#primaryimage\",\"url\":\"https:\/\/lottemaa.ee\/wp-content\/uploads\/2023\/06\/DSC_7294-scaled.jpg\",\"contentUrl\":\"https:\/\/lottemaa.ee\/wp-content\/uploads\/2023\/06\/DSC_7294-scaled.jpg\",\"width\":2560,\"height\":1696},{\"@type\":\"BreadcrumbList\",\"@id\":\"https:\/\/lottemaa.ee\/lv\/par-lotes-zemi\/majas-un-nodarbes\/milnieku-tilts\/#breadcrumb\",\"itemListElement\":[{\"@type\":\"ListItem\",\"position\":1,\"name\":\"Home\",\"item\":\"https:\/\/lottemaa.ee\/lv\/\"},{\"@type\":\"ListItem\",\"position\":2,\"name\":\"Diena Lotes zem\u0113\",\"item\":\"https:\/\/lottemaa.ee\/lv\/par-lotes-zemi\/\"},{\"@type\":\"ListItem\",\"position\":3,\"name\":\"M\u0101jas un nodarbes\",\"item\":\"https:\/\/lottemaa.ee\/lv\/par-lotes-zemi\/majas-un-nodarbes\/\"},{\"@type\":\"ListItem\",\"position\":4,\"name\":\"M\u012blnieku tilts\"}]},{\"@type\":\"WebSite\",\"@id\":\"https:\/\/lottemaa.ee\/#website\",\"url\":\"https:\/\/lottemaa.ee\/\",\"name\":\"Lottemaa Teemapark\",\"description\":\"Baltimaade suurim ja k\u00f5ige \u00e4gedam kogupere teemapark Eestis P\u00e4rnumaal\",\"publisher\":{\"@id\":\"https:\/\/lottemaa.ee\/#organization\"},\"potentialAction\":[{\"@type\":\"SearchAction\",\"target\":{\"@type\":\"EntryPoint\",\"urlTemplate\":\"https:\/\/lottemaa.ee\/?s={search_term_string}\"},\"query-input\":{\"@type\":\"PropertyValueSpecification\",\"valueRequired\":true,\"valueName\":\"search_term_string\"}}],\"inLanguage\":\"lv-LV\"},{\"@type\":\"Organization\",\"@id\":\"https:\/\/lottemaa.ee\/#organization\",\"name\":\"Lottemaa Teemapark\",\"url\":\"https:\/\/lottemaa.ee\/\",\"logo\":{\"@type\":\"ImageObject\",\"inLanguage\":\"lv-LV\",\"@id\":\"https:\/\/lottemaa.ee\/#\/schema\/logo\/image\/\",\"url\":\"https:\/\/lottemaa.ee\/wp-content\/uploads\/2018\/12\/Lottemaa_LOGO.png\",\"contentUrl\":\"https:\/\/lottemaa.ee\/wp-content\/uploads\/2018\/12\/Lottemaa_LOGO.png\",\"width\":1024,\"height\":518,\"caption\":\"Lottemaa Teemapark\"},\"image\":{\"@id\":\"https:\/\/lottemaa.ee\/#\/schema\/logo\/image\/\"}}]}<\/script>\n<!-- \/ Yoast SEO plugin. -->","yoast_head_json":{"title":"M\u012blnieku tilts | Lottemaa Teemapark","description":"M\u012blnieku tilts Izgudrot\u0101ju ciem\u0101 ir \u013coti svar\u012bga vieta. Patie\u0161\u0101m \u013coti svar\u012bga, jo t\u0101 ir vieta, kurp dodas visi Izgudrot\u0101ju ciema jaunie m\u012blnieki, lai kop\u0101 v\u0113rotu saulrietu vai saull\u0113ktu.","robots":{"index":"index","follow":"follow","max-snippet":"max-snippet:-1","max-image-preview":"max-image-preview:large","max-video-preview":"max-video-preview:-1"},"canonical":"https:\/\/lottemaa.ee\/lv\/par-lotes-zemi\/majas-un-nodarbes\/milnieku-tilts\/","og_locale":"lv_LV","og_type":"article","og_title":"M\u012blnieku tilts | Lottemaa Teemapark","og_description":"M\u012blnieku tilts Izgudrot\u0101ju ciem\u0101 ir \u013coti svar\u012bga vieta. Patie\u0161\u0101m \u013coti svar\u012bga, jo t\u0101 ir vieta, kurp dodas visi Izgudrot\u0101ju ciema jaunie m\u012blnieki, lai kop\u0101 v\u0113rotu saulrietu vai saull\u0113ktu.","og_url":"https:\/\/lottemaa.ee\/lv\/par-lotes-zemi\/majas-un-nodarbes\/milnieku-tilts\/","og_site_name":"Lottemaa Teemapark","article_modified_time":"2024-09-25T12:46:12+00:00","og_image":[{"width":2560,"height":1696,"url":"https:\/\/lottemaa.ee\/wp-content\/uploads\/2023\/06\/DSC_7294-scaled.jpg","type":"image\/jpeg"}],"twitter_card":"summary_large_image","twitter_misc":{"Est. reading time":"1 min\u016b\u0161u"},"schema":{"@context":"https:\/\/schema.org","@graph":[{"@type":"WebPage","@id":"https:\/\/lottemaa.ee\/lv\/par-lotes-zemi\/majas-un-nodarbes\/milnieku-tilts\/","url":"https:\/\/lottemaa.ee\/lv\/par-lotes-zemi\/majas-un-nodarbes\/milnieku-tilts\/","name":"M\u012blnieku tilts | Lottemaa Teemapark","isPartOf":{"@id":"https:\/\/lottemaa.ee\/#website"},"primaryImageOfPage":{"@id":"https:\/\/lottemaa.ee\/lv\/par-lotes-zemi\/majas-un-nodarbes\/milnieku-tilts\/#primaryimage"},"image":{"@id":"https:\/\/lottemaa.ee\/lv\/par-lotes-zemi\/majas-un-nodarbes\/milnieku-tilts\/#primaryimage"},"thumbnailUrl":"https:\/\/lottemaa.ee\/wp-content\/uploads\/2023\/06\/DSC_7294-scaled.jpg","datePublished":"2023-06-11T12:35:26+00:00","dateModified":"2024-09-25T12:46:12+00:00","description":"M\u012blnieku tilts Izgudrot\u0101ju ciem\u0101 ir \u013coti svar\u012bga vieta. Patie\u0161\u0101m \u013coti svar\u012bga, jo t\u0101 ir vieta, kurp dodas visi Izgudrot\u0101ju ciema jaunie m\u012blnieki, lai kop\u0101 v\u0113rotu saulrietu vai saull\u0113ktu.","breadcrumb":{"@id":"https:\/\/lottemaa.ee\/lv\/par-lotes-zemi\/majas-un-nodarbes\/milnieku-tilts\/#breadcrumb"},"inLanguage":"lv-LV","potentialAction":[{"@type":"ReadAction","target":["https:\/\/lottemaa.ee\/lv\/par-lotes-zemi\/majas-un-nodarbes\/milnieku-tilts\/"]}]},{"@type":"ImageObject","inLanguage":"lv-LV","@id":"https:\/\/lottemaa.ee\/lv\/par-lotes-zemi\/majas-un-nodarbes\/milnieku-tilts\/#primaryimage","url":"https:\/\/lottemaa.ee\/wp-content\/uploads\/2023\/06\/DSC_7294-scaled.jpg","contentUrl":"https:\/\/lottemaa.ee\/wp-content\/uploads\/2023\/06\/DSC_7294-scaled.jpg","width":2560,"height":1696},{"@type":"BreadcrumbList","@id":"https:\/\/lottemaa.ee\/lv\/par-lotes-zemi\/majas-un-nodarbes\/milnieku-tilts\/#breadcrumb","itemListElement":[{"@type":"ListItem","position":1,"name":"Home","item":"https:\/\/lottemaa.ee\/lv\/"},{"@type":"ListItem","position":2,"name":"Diena Lotes zem\u0113","item":"https:\/\/lottemaa.ee\/lv\/par-lotes-zemi\/"},{"@type":"ListItem","position":3,"name":"M\u0101jas un nodarbes","item":"https:\/\/lottemaa.ee\/lv\/par-lotes-zemi\/majas-un-nodarbes\/"},{"@type":"ListItem","position":4,"name":"M\u012blnieku tilts"}]},{"@type":"WebSite","@id":"https:\/\/lottemaa.ee\/#website","url":"https:\/\/lottemaa.ee\/","name":"Lottemaa Teemapark","description":"Baltimaade suurim ja k\u00f5ige \u00e4gedam kogupere teemapark Eestis P\u00e4rnumaal","publisher":{"@id":"https:\/\/lottemaa.ee\/#organization"},"potentialAction":[{"@type":"SearchAction","target":{"@type":"EntryPoint","urlTemplate":"https:\/\/lottemaa.ee\/?s={search_term_string}"},"query-input":{"@type":"PropertyValueSpecification","valueRequired":true,"valueName":"search_term_string"}}],"inLanguage":"lv-LV"},{"@type":"Organization","@id":"https:\/\/lottemaa.ee\/#organization","name":"Lottemaa Teemapark","url":"https:\/\/lottemaa.ee\/","logo":{"@type":"ImageObject","inLanguage":"lv-LV","@id":"https:\/\/lottemaa.ee\/#\/schema\/logo\/image\/","url":"https:\/\/lottemaa.ee\/wp-content\/uploads\/2018\/12\/Lottemaa_LOGO.png","contentUrl":"https:\/\/lottemaa.ee\/wp-content\/uploads\/2018\/12\/Lottemaa_LOGO.png","width":1024,"height":518,"caption":"Lottemaa Teemapark"},"image":{"@id":"https:\/\/lottemaa.ee\/#\/schema\/logo\/image\/"}}]}},"_links":{"self":[{"href":"https:\/\/lottemaa.ee\/lv\/wp-json\/wp\/v2\/pages\/22152","targetHints":{"allow":["GET"]}}],"collection":[{"href":"https:\/\/lottemaa.ee\/lv\/wp-json\/wp\/v2\/pages"}],"about":[{"href":"https:\/\/lottemaa.ee\/lv\/wp-json\/wp\/v2\/types\/page"}],"author":[{"embeddable":true,"href":"https:\/\/lottemaa.ee\/lv\/wp-json\/wp\/v2\/users\/11"}],"replies":[{"embeddable":true,"href":"https:\/\/lottemaa.ee\/lv\/wp-json\/wp\/v2\/comments?post=22152"}],"version-history":[{"count":1,"href":"https:\/\/lottemaa.ee\/lv\/wp-json\/wp\/v2\/pages\/22152\/revisions"}],"predecessor-version":[{"id":22153,"href":"https:\/\/lottemaa.ee\/lv\/wp-json\/wp\/v2\/pages\/22152\/revisions\/22153"}],"up":[{"embeddable":true,"href":"https:\/\/lottemaa.ee\/lv\/wp-json\/wp\/v2\/pages\/1317"}],"wp:featuredmedia":[{"embeddable":true,"href":"https:\/\/lottemaa.ee\/lv\/wp-json\/wp\/v2\/media\/22145"}],"wp:attachment":[{"href":"https:\/\/lottemaa.ee\/lv\/wp-json\/wp\/v2\/media?parent=22152"}],"curies":[{"name":"wp","href":"https:\/\/api.w.org\/{rel}","templated":true}]}}