{"id":21743,"date":"2023-05-16T10:51:46","date_gmt":"2023-05-16T07:51:46","guid":{"rendered":"https:\/\/lottemaa.ee\/?page_id=21743"},"modified":"2026-04-23T15:34:31","modified_gmt":"2026-04-23T12:34:31","slug":"ukrainu-gimenes","status":"publish","type":"page","link":"https:\/\/lottemaa.ee\/lv\/ipasie-piedavajumi\/ukrainu-gimenes\/","title":{"rendered":"Ukrai\u0146u \u0123imenes!"},"content":{"rendered":"<h3 style=\"text-align: left;\"><strong><img loading=\"lazy\" decoding=\"async\" class=\"size-medium wp-image-17958 alignright\" src=\"https:\/\/lottemaa.ee\/wp-content\/uploads\/2022\/12\/FB-profiilipilt-UA-300x300.jpg\" alt=\"\" width=\"300\" height=\"300\" srcset=\"https:\/\/lottemaa.ee\/wp-content\/uploads\/2022\/12\/FB-profiilipilt-UA-300x300.jpg 300w, https:\/\/lottemaa.ee\/wp-content\/uploads\/2022\/12\/FB-profiilipilt-UA-150x150.jpg 150w, https:\/\/lottemaa.ee\/wp-content\/uploads\/2022\/12\/FB-profiilipilt-UA-114x114.jpg 114w, https:\/\/lottemaa.ee\/wp-content\/uploads\/2022\/12\/FB-profiilipilt-UA.jpg 400w\" sizes=\"auto, (max-width: 300px) 100vw, 300px\" \/><\/strong><span style=\"color: #0000ff; font-family: Troika;\">\u012aPA\u0160AIS PIED\u0100V\u0100JUMS Ukrainas kara b\u0113g\u013ciem:<\/span><\/h3>\n<p style=\"text-align: left;\"><strong>Lotes zemes bi\u013cete<\/strong> <strong>0 \u20ac<\/strong>\/pers.<\/p>\n<p style=\"text-align: left;\"><strong>ST\u0100VVIETAS BI\u013bETE<\/strong> vienam transportl\u012bdzeklim uz visu dienu<strong> 3 \u20ac<br \/>\nMaks\u0101jot ar lietotnes \u201cSnabb\u201d starpniec\u012bbu 3 \u20ac<br \/>\n<\/strong><\/p>\n<p style=\"text-align: left;\"><strong>VILCIENA BI\u013bETE<\/strong> apmekl\u0113t\u0101jiem vecum\u0101 no 2 gadiem \/ virzien\u0101 no st\u0101vvietas uz ieeju vai no ieejas uz st\u0101vvietu <strong>2 \u20ac<\/strong><\/p>\n<p style=\"text-align: left;\">Pied\u0101v\u0101jums sp\u0113k\u0101 Lotes zemes apmekl\u0113jumam laika period\u0101 <strong>13.06-30.08.2026<\/strong>, uzr\u0101dot Lotes zemes <strong>bi\u013ce\u0161u kas\u0113s Igaunijas uztur\u0113\u0161an\u0101s at\u013cauju<\/strong>.<\/p>\n","protected":false},"excerpt":{"rendered":"<p>\u012aPA\u0160AIS PIED\u0100V\u0100JUMS Ukrainas kara b\u0113g\u013ciem: Lotes zemes bi\u013cete 0 \u20ac\/pers. ST\u0100VVIETAS BI\u013bETE vienam transportl\u012bdzeklim uz visu dienu 3 \u20ac Maks\u0101jot ar lietotnes \u201cSnabb\u201d starpniec\u012bbu 3 \u20ac VILCIENA BI\u013bETE apmekl\u0113t\u0101jiem vecum\u0101 no 2 gadiem \/ virzien\u0101 no st\u0101vvietas uz ieeju vai no ieejas uz st\u0101vvietu 2 \u20ac Pied\u0101v\u0101jums sp\u0113k\u0101 Lotes zemes apmekl\u0113jumam laika period\u0101 13.06-30.08.2026, uzr\u0101dot &hellip; <a href=\"https:\/\/lottemaa.ee\/lv\/ipasie-piedavajumi\/ukrainu-gimenes\/\">Continued<\/a><\/p>\n","protected":false},"author":11,"featured_media":17958,"parent":6698,"menu_order":786,"comment_status":"closed","ping_status":"closed","template":"","meta":{"_acf_changed":false,"om_disable_all_campaigns":false,"_uf_show_specific_survey":0,"_uf_disable_surveys":false,"footnotes":""},"class_list":["post-21743","page","type-page","status-publish","has-post-thumbnail","hentry"],"acf":[],"yoast_head":"<!-- This site is optimized with the Yoast SEO plugin v25.5 - https:\/\/yoast.com\/wordpress\/plugins\/seo\/ -->\n<title>Ukrai\u0146u \u0123imenes! | Lottemaa Teemapark<\/title>\n<meta name=\"robots\" content=\"index, follow, max-snippet:-1, max-image-preview:large, max-video-preview:-1\" \/>\n<link rel=\"canonical\" href=\"https:\/\/lottemaa.ee\/lv\/ipasie-piedavajumi\/ukrainu-gimenes\/\" \/>\n<meta property=\"og:locale\" content=\"lv_LV\" \/>\n<meta property=\"og:type\" content=\"article\" \/>\n<meta property=\"og:title\" content=\"Ukrai\u0146u \u0123imenes! | Lottemaa Teemapark\" \/>\n<meta property=\"og:description\" content=\"\u012aPA\u0160AIS PIED\u0100V\u0100JUMS Ukrainas kara b\u0113g\u013ciem: Lotes zemes bi\u013cete 0 \u20ac\/pers. ST\u0100VVIETAS BI\u013bETE vienam transportl\u012bdzeklim uz visu dienu 3 \u20ac Maks\u0101jot ar lietotnes \u201cSnabb\u201d starpniec\u012bbu 3 \u20ac VILCIENA BI\u013bETE apmekl\u0113t\u0101jiem vecum\u0101 no 2 gadiem \/ virzien\u0101 no st\u0101vvietas uz ieeju vai no ieejas uz st\u0101vvietu 2 \u20ac Pied\u0101v\u0101jums sp\u0113k\u0101 Lotes zemes apmekl\u0113jumam laika period\u0101 13.06-30.08.2026, uzr\u0101dot &hellip; Continued\" \/>\n<meta property=\"og:url\" content=\"https:\/\/lottemaa.ee\/lv\/ipasie-piedavajumi\/ukrainu-gimenes\/\" \/>\n<meta property=\"og:site_name\" content=\"Lottemaa Teemapark\" \/>\n<meta property=\"article:modified_time\" content=\"2026-04-23T12:34:31+00:00\" \/>\n<meta property=\"og:image\" content=\"https:\/\/lottemaa.ee\/wp-content\/uploads\/2022\/12\/FB-profiilipilt-UA.jpg\" \/>\n\t<meta property=\"og:image:width\" content=\"400\" \/>\n\t<meta property=\"og:image:height\" content=\"400\" \/>\n\t<meta property=\"og:image:type\" content=\"image\/jpeg\" \/>\n<meta name=\"twitter:card\" content=\"summary_large_image\" \/>\n<meta name=\"twitter:label1\" content=\"Est. reading time\" \/>\n\t<meta name=\"twitter:data1\" content=\"1 min\u016b\u0161u\" \/>\n<script type=\"application\/ld+json\" class=\"yoast-schema-graph\">{\"@context\":\"https:\/\/schema.org\",\"@graph\":[{\"@type\":\"WebPage\",\"@id\":\"https:\/\/lottemaa.ee\/lv\/ipasie-piedavajumi\/ukrainu-gimenes\/\",\"url\":\"https:\/\/lottemaa.ee\/lv\/ipasie-piedavajumi\/ukrainu-gimenes\/\",\"name\":\"Ukrai\u0146u \u0123imenes! | Lottemaa Teemapark\",\"isPartOf\":{\"@id\":\"https:\/\/lottemaa.ee\/#website\"},\"primaryImageOfPage\":{\"@id\":\"https:\/\/lottemaa.ee\/lv\/ipasie-piedavajumi\/ukrainu-gimenes\/#primaryimage\"},\"image\":{\"@id\":\"https:\/\/lottemaa.ee\/lv\/ipasie-piedavajumi\/ukrainu-gimenes\/#primaryimage\"},\"thumbnailUrl\":\"https:\/\/lottemaa.ee\/wp-content\/uploads\/2022\/12\/FB-profiilipilt-UA.jpg\",\"datePublished\":\"2023-05-16T07:51:46+00:00\",\"dateModified\":\"2026-04-23T12:34:31+00:00\",\"breadcrumb\":{\"@id\":\"https:\/\/lottemaa.ee\/lv\/ipasie-piedavajumi\/ukrainu-gimenes\/#breadcrumb\"},\"inLanguage\":\"lv-LV\",\"potentialAction\":[{\"@type\":\"ReadAction\",\"target\":[\"https:\/\/lottemaa.ee\/lv\/ipasie-piedavajumi\/ukrainu-gimenes\/\"]}]},{\"@type\":\"ImageObject\",\"inLanguage\":\"lv-LV\",\"@id\":\"https:\/\/lottemaa.ee\/lv\/ipasie-piedavajumi\/ukrainu-gimenes\/#primaryimage\",\"url\":\"https:\/\/lottemaa.ee\/wp-content\/uploads\/2022\/12\/FB-profiilipilt-UA.jpg\",\"contentUrl\":\"https:\/\/lottemaa.ee\/wp-content\/uploads\/2022\/12\/FB-profiilipilt-UA.jpg\",\"width\":400,\"height\":400},{\"@type\":\"BreadcrumbList\",\"@id\":\"https:\/\/lottemaa.ee\/lv\/ipasie-piedavajumi\/ukrainu-gimenes\/#breadcrumb\",\"itemListElement\":[{\"@type\":\"ListItem\",\"position\":1,\"name\":\"Home\",\"item\":\"https:\/\/lottemaa.ee\/lv\/\"},{\"@type\":\"ListItem\",\"position\":2,\"name\":\"\u012bpa\u0161ie pied\u0101v\u0101jumi\",\"item\":\"https:\/\/lottemaa.ee\/lv\/ipasie-piedavajumi\/\"},{\"@type\":\"ListItem\",\"position\":3,\"name\":\"Ukrai\u0146u \u0123imenes!\"}]},{\"@type\":\"WebSite\",\"@id\":\"https:\/\/lottemaa.ee\/#website\",\"url\":\"https:\/\/lottemaa.ee\/\",\"name\":\"Lottemaa Teemapark\",\"description\":\"Baltimaade suurim ja k\u00f5ige \u00e4gedam kogupere teemapark Eestis P\u00e4rnumaal\",\"publisher\":{\"@id\":\"https:\/\/lottemaa.ee\/#organization\"},\"potentialAction\":[{\"@type\":\"SearchAction\",\"target\":{\"@type\":\"EntryPoint\",\"urlTemplate\":\"https:\/\/lottemaa.ee\/?s={search_term_string}\"},\"query-input\":{\"@type\":\"PropertyValueSpecification\",\"valueRequired\":true,\"valueName\":\"search_term_string\"}}],\"inLanguage\":\"lv-LV\"},{\"@type\":\"Organization\",\"@id\":\"https:\/\/lottemaa.ee\/#organization\",\"name\":\"Lottemaa Teemapark\",\"url\":\"https:\/\/lottemaa.ee\/\",\"logo\":{\"@type\":\"ImageObject\",\"inLanguage\":\"lv-LV\",\"@id\":\"https:\/\/lottemaa.ee\/#\/schema\/logo\/image\/\",\"url\":\"https:\/\/lottemaa.ee\/wp-content\/uploads\/2018\/12\/Lottemaa_LOGO.png\",\"contentUrl\":\"https:\/\/lottemaa.ee\/wp-content\/uploads\/2018\/12\/Lottemaa_LOGO.png\",\"width\":1024,\"height\":518,\"caption\":\"Lottemaa Teemapark\"},\"image\":{\"@id\":\"https:\/\/lottemaa.ee\/#\/schema\/logo\/image\/\"}}]}<\/script>\n<!-- \/ Yoast SEO plugin. -->","yoast_head_json":{"title":"Ukrai\u0146u \u0123imenes! | Lottemaa Teemapark","robots":{"index":"index","follow":"follow","max-snippet":"max-snippet:-1","max-image-preview":"max-image-preview:large","max-video-preview":"max-video-preview:-1"},"canonical":"https:\/\/lottemaa.ee\/lv\/ipasie-piedavajumi\/ukrainu-gimenes\/","og_locale":"lv_LV","og_type":"article","og_title":"Ukrai\u0146u \u0123imenes! | Lottemaa Teemapark","og_description":"\u012aPA\u0160AIS PIED\u0100V\u0100JUMS Ukrainas kara b\u0113g\u013ciem: Lotes zemes bi\u013cete 0 \u20ac\/pers. ST\u0100VVIETAS BI\u013bETE vienam transportl\u012bdzeklim uz visu dienu 3 \u20ac Maks\u0101jot ar lietotnes \u201cSnabb\u201d starpniec\u012bbu 3 \u20ac VILCIENA BI\u013bETE apmekl\u0113t\u0101jiem vecum\u0101 no 2 gadiem \/ virzien\u0101 no st\u0101vvietas uz ieeju vai no ieejas uz st\u0101vvietu 2 \u20ac Pied\u0101v\u0101jums sp\u0113k\u0101 Lotes zemes apmekl\u0113jumam laika period\u0101 13.06-30.08.2026, uzr\u0101dot &hellip; Continued","og_url":"https:\/\/lottemaa.ee\/lv\/ipasie-piedavajumi\/ukrainu-gimenes\/","og_site_name":"Lottemaa Teemapark","article_modified_time":"2026-04-23T12:34:31+00:00","og_image":[{"width":400,"height":400,"url":"https:\/\/lottemaa.ee\/wp-content\/uploads\/2022\/12\/FB-profiilipilt-UA.jpg","type":"image\/jpeg"}],"twitter_card":"summary_large_image","twitter_misc":{"Est. reading time":"1 min\u016b\u0161u"},"schema":{"@context":"https:\/\/schema.org","@graph":[{"@type":"WebPage","@id":"https:\/\/lottemaa.ee\/lv\/ipasie-piedavajumi\/ukrainu-gimenes\/","url":"https:\/\/lottemaa.ee\/lv\/ipasie-piedavajumi\/ukrainu-gimenes\/","name":"Ukrai\u0146u \u0123imenes! | Lottemaa Teemapark","isPartOf":{"@id":"https:\/\/lottemaa.ee\/#website"},"primaryImageOfPage":{"@id":"https:\/\/lottemaa.ee\/lv\/ipasie-piedavajumi\/ukrainu-gimenes\/#primaryimage"},"image":{"@id":"https:\/\/lottemaa.ee\/lv\/ipasie-piedavajumi\/ukrainu-gimenes\/#primaryimage"},"thumbnailUrl":"https:\/\/lottemaa.ee\/wp-content\/uploads\/2022\/12\/FB-profiilipilt-UA.jpg","datePublished":"2023-05-16T07:51:46+00:00","dateModified":"2026-04-23T12:34:31+00:00","breadcrumb":{"@id":"https:\/\/lottemaa.ee\/lv\/ipasie-piedavajumi\/ukrainu-gimenes\/#breadcrumb"},"inLanguage":"lv-LV","potentialAction":[{"@type":"ReadAction","target":["https:\/\/lottemaa.ee\/lv\/ipasie-piedavajumi\/ukrainu-gimenes\/"]}]},{"@type":"ImageObject","inLanguage":"lv-LV","@id":"https:\/\/lottemaa.ee\/lv\/ipasie-piedavajumi\/ukrainu-gimenes\/#primaryimage","url":"https:\/\/lottemaa.ee\/wp-content\/uploads\/2022\/12\/FB-profiilipilt-UA.jpg","contentUrl":"https:\/\/lottemaa.ee\/wp-content\/uploads\/2022\/12\/FB-profiilipilt-UA.jpg","width":400,"height":400},{"@type":"BreadcrumbList","@id":"https:\/\/lottemaa.ee\/lv\/ipasie-piedavajumi\/ukrainu-gimenes\/#breadcrumb","itemListElement":[{"@type":"ListItem","position":1,"name":"Home","item":"https:\/\/lottemaa.ee\/lv\/"},{"@type":"ListItem","position":2,"name":"\u012bpa\u0161ie pied\u0101v\u0101jumi","item":"https:\/\/lottemaa.ee\/lv\/ipasie-piedavajumi\/"},{"@type":"ListItem","position":3,"name":"Ukrai\u0146u \u0123imenes!"}]},{"@type":"WebSite","@id":"https:\/\/lottemaa.ee\/#website","url":"https:\/\/lottemaa.ee\/","name":"Lottemaa Teemapark","description":"Baltimaade suurim ja k\u00f5ige \u00e4gedam kogupere teemapark Eestis P\u00e4rnumaal","publisher":{"@id":"https:\/\/lottemaa.ee\/#organization"},"potentialAction":[{"@type":"SearchAction","target":{"@type":"EntryPoint","urlTemplate":"https:\/\/lottemaa.ee\/?s={search_term_string}"},"query-input":{"@type":"PropertyValueSpecification","valueRequired":true,"valueName":"search_term_string"}}],"inLanguage":"lv-LV"},{"@type":"Organization","@id":"https:\/\/lottemaa.ee\/#organization","name":"Lottemaa Teemapark","url":"https:\/\/lottemaa.ee\/","logo":{"@type":"ImageObject","inLanguage":"lv-LV","@id":"https:\/\/lottemaa.ee\/#\/schema\/logo\/image\/","url":"https:\/\/lottemaa.ee\/wp-content\/uploads\/2018\/12\/Lottemaa_LOGO.png","contentUrl":"https:\/\/lottemaa.ee\/wp-content\/uploads\/2018\/12\/Lottemaa_LOGO.png","width":1024,"height":518,"caption":"Lottemaa Teemapark"},"image":{"@id":"https:\/\/lottemaa.ee\/#\/schema\/logo\/image\/"}}]}},"_links":{"self":[{"href":"https:\/\/lottemaa.ee\/lv\/wp-json\/wp\/v2\/pages\/21743","targetHints":{"allow":["GET"]}}],"collection":[{"href":"https:\/\/lottemaa.ee\/lv\/wp-json\/wp\/v2\/pages"}],"about":[{"href":"https:\/\/lottemaa.ee\/lv\/wp-json\/wp\/v2\/types\/page"}],"author":[{"embeddable":true,"href":"https:\/\/lottemaa.ee\/lv\/wp-json\/wp\/v2\/users\/11"}],"replies":[{"embeddable":true,"href":"https:\/\/lottemaa.ee\/lv\/wp-json\/wp\/v2\/comments?post=21743"}],"version-history":[{"count":6,"href":"https:\/\/lottemaa.ee\/lv\/wp-json\/wp\/v2\/pages\/21743\/revisions"}],"predecessor-version":[{"id":33268,"href":"https:\/\/lottemaa.ee\/lv\/wp-json\/wp\/v2\/pages\/21743\/revisions\/33268"}],"up":[{"embeddable":true,"href":"https:\/\/lottemaa.ee\/lv\/wp-json\/wp\/v2\/pages\/6698"}],"wp:featuredmedia":[{"embeddable":true,"href":"https:\/\/lottemaa.ee\/lv\/wp-json\/wp\/v2\/media\/17958"}],"wp:attachment":[{"href":"https:\/\/lottemaa.ee\/lv\/wp-json\/wp\/v2\/media?parent=21743"}],"curies":[{"name":"wp","href":"https:\/\/api.w.org\/{rel}","templated":true}]}}