{"id":21617,"date":"2023-05-03T11:30:46","date_gmt":"2023-05-03T08:30:46","guid":{"rendered":"https:\/\/lottemaa.ee\/?page_id=21617"},"modified":"2025-09-02T15:57:53","modified_gmt":"2025-09-02T12:57:53","slug":"laime-visjaukako-juras-piedzivojumu","status":"publish","type":"page","link":"https:\/\/lottemaa.ee\/lv\/laime-visjaukako-juras-piedzivojumu\/","title":{"rendered":"LAIM\u0112 VISJAUK\u0100KO J\u016aRAS PIEDZ\u012aVOJUMU"},"content":{"rendered":"<p style=\"text-align: left;\"><strong>Piedalies lielaj\u0101 izloz\u0113, kuras balv\u0101 ir <a href=\"https:\/\/lv.tallink.com\/lv\/find-a-cruise\" target=\"_blank\" rel=\"noopener\">TALLINK<\/a> \u0123imenes kru\u012bzs \u010detr\u0101m person\u0101m uz Zviedriju. <\/strong><br \/>\n<strong>J\u016bs gaida visjauk\u0101kais j\u016bras piedz\u012bvojums un patiesi skaist\u0101 Stokholma.<\/strong><\/p>\n<p style=\"text-align: left;\">\n<div class=\"wpcf7 no-js\" id=\"wpcf7-f21616-o1\" lang=\"et\" dir=\"ltr\" data-wpcf7-id=\"21616\">\n<div class=\"screen-reader-response\"><p role=\"status\" aria-live=\"polite\" aria-atomic=\"true\"><\/p> <ul><\/ul><\/div>\n<form action=\"\/lv\/wp-json\/wp\/v2\/pages\/21617#wpcf7-f21616-o1\" method=\"post\" class=\"wpcf7-form init\" aria-label=\"Contact form\" novalidate=\"novalidate\" data-status=\"init\">\n<fieldset class=\"hidden-fields-container\"><input type=\"hidden\" name=\"_wpcf7\" value=\"21616\" \/><input type=\"hidden\" name=\"_wpcf7_version\" value=\"6.1\" \/><input type=\"hidden\" name=\"_wpcf7_locale\" value=\"et\" \/><input type=\"hidden\" name=\"_wpcf7_unit_tag\" value=\"wpcf7-f21616-o1\" \/><input type=\"hidden\" name=\"_wpcf7_container_post\" value=\"0\" \/><input type=\"hidden\" name=\"_wpcf7_posted_data_hash\" value=\"\" \/>\n<\/fieldset>\n<div class=\"cf7__custom_design\">\n\t<p><label> V\u0100RDS<br \/>\n<span class=\"wpcf7-form-control-wrap\" data-name=\"nimi\"><input size=\"40\" maxlength=\"400\" class=\"wpcf7-form-control wpcf7-text wpcf7-validates-as-required\" aria-required=\"true\" aria-invalid=\"false\" value=\"\" type=\"text\" name=\"nimi\" \/><\/span><\/label>\n\t<\/p>\n\t<p><label> E-PASTS<br \/>\n<span class=\"wpcf7-form-control-wrap\" data-name=\"e-post\"><input size=\"40\" maxlength=\"400\" class=\"wpcf7-form-control wpcf7-text wpcf7-validates-as-required\" aria-required=\"true\" aria-invalid=\"false\" value=\"\" type=\"text\" name=\"e-post\" \/><\/span><\/label>\n\t<\/p>\n\t<p><span class=\"wpcf7-form-control-wrap\" data-name=\"your-consent\"><span class=\"wpcf7-form-control wpcf7-acceptance\"><span class=\"wpcf7-list-item\"><label><input type=\"checkbox\" name=\"your-consent\" value=\"1\" aria-invalid=\"false\" \/><span class=\"wpcf7-list-item-label\">L\u012bdz ar dal\u012bbu izloz\u0113 sniedzu Lotes zemei piekri\u0161anu tikai labu pied\u0101v\u0101jumu un jaunumu sa\u0146em\u0161anai e-past\u0101.<\/span><\/label><\/span><\/span><\/span>\n\t<\/p>\n\t<p><input class=\"wpcf7-form-control wpcf7-submit has-spinner\" type=\"submit\" value=\"NOS\u016aT\u012aT\" \/>\n\t<\/p>\n<\/div><div class=\"wpcf7-response-output\" aria-hidden=\"true\"><\/div>\n<\/form>\n<\/div>\n<\/p>\n<p style=\"text-align: left;\">Izlozes notiks <strong>1.07.2025, 1.08.2025 un 1.09.2025<\/strong><br \/>\nUzvar\u0113t\u0101ju v\u0101rdus public\u0113sim \u0161aj\u0101 lap\u0101 un v\u0113stkop\u0101, ko nos\u016bt\u012bsim visiem dal\u012bbniekiem, un ar uzvar\u0113t\u0101ju sazin\u0101simies person\u012bgi.<\/p>\n<p><strong>UZVAR\u0112T\u0100JI IR:<\/strong><\/p>\n<p>1.07.2025 &#8211; moksriina@gmail.com<br \/>\n1.08.2025 &#8211; eneraal@gmail.com<br \/>\n1.09.2025 &#8211; piretpollumagi@gmail.com<\/p>\n<hr \/>\n<p>Lotes zemes priv\u0101tuma noteikumus var atrast <a href=\"https:\/\/lottemaa.ee\/lv\/privatuma-politika\/\">\u0161eit \u00bb<\/a><\/p>\n","protected":false},"excerpt":{"rendered":"<p>Piedalies lielaj\u0101 izloz\u0113, kuras balv\u0101 ir TALLINK \u0123imenes kru\u012bzs \u010detr\u0101m person\u0101m uz Zviedriju. J\u016bs gaida visjauk\u0101kais j\u016bras piedz\u012bvojums un patiesi skaist\u0101 Stokholma. Izlozes notiks 1.07.2025, 1.08.2025 un 1.09.2025 Uzvar\u0113t\u0101ju v\u0101rdus public\u0113sim \u0161aj\u0101 lap\u0101 un v\u0113stkop\u0101, ko nos\u016bt\u012bsim visiem dal\u012bbniekiem, un ar uzvar\u0113t\u0101ju sazin\u0101simies person\u012bgi. UZVAR\u0112T\u0100JI IR: 1.07.2025 &#8211; moksriina@gmail.com 1.08.2025 &#8211; eneraal@gmail.com 1.09.2025 &#8211; piretpollumagi@gmail.com &hellip; <a href=\"https:\/\/lottemaa.ee\/lv\/laime-visjaukako-juras-piedzivojumu\/\">Continued<\/a><\/p>\n","protected":false},"author":11,"featured_media":0,"parent":0,"menu_order":807,"comment_status":"closed","ping_status":"closed","template":"","meta":{"_acf_changed":false,"om_disable_all_campaigns":false,"_uf_show_specific_survey":0,"_uf_disable_surveys":false,"footnotes":""},"class_list":["post-21617","page","type-page","status-publish","hentry"],"acf":[],"yoast_head":"<!-- This site is optimized with the Yoast SEO plugin v25.5 - https:\/\/yoast.com\/wordpress\/plugins\/seo\/ -->\n<title>LAIM\u0112 VISJAUK\u0100KO J\u016aRAS PIEDZ\u012aVOJUMU | Lottemaa Teemapark<\/title>\n<meta name=\"robots\" content=\"index, follow, max-snippet:-1, max-image-preview:large, max-video-preview:-1\" \/>\n<link rel=\"canonical\" href=\"https:\/\/lottemaa.ee\/lv\/laime-visjaukako-juras-piedzivojumu\/\" \/>\n<meta property=\"og:locale\" content=\"lv_LV\" \/>\n<meta property=\"og:type\" content=\"article\" \/>\n<meta property=\"og:title\" content=\"LAIM\u0112 VISJAUK\u0100KO J\u016aRAS PIEDZ\u012aVOJUMU | Lottemaa Teemapark\" \/>\n<meta property=\"og:description\" content=\"Piedalies lielaj\u0101 izloz\u0113, kuras balv\u0101 ir TALLINK \u0123imenes kru\u012bzs \u010detr\u0101m person\u0101m uz Zviedriju. J\u016bs gaida visjauk\u0101kais j\u016bras piedz\u012bvojums un patiesi skaist\u0101 Stokholma. Izlozes notiks 1.07.2025, 1.08.2025 un 1.09.2025 Uzvar\u0113t\u0101ju v\u0101rdus public\u0113sim \u0161aj\u0101 lap\u0101 un v\u0113stkop\u0101, ko nos\u016bt\u012bsim visiem dal\u012bbniekiem, un ar uzvar\u0113t\u0101ju sazin\u0101simies person\u012bgi. UZVAR\u0112T\u0100JI IR: 1.07.2025 &#8211; moksriina@gmail.com 1.08.2025 &#8211; eneraal@gmail.com 1.09.2025 &#8211; piretpollumagi@gmail.com &hellip; Continued\" \/>\n<meta property=\"og:url\" content=\"https:\/\/lottemaa.ee\/lv\/laime-visjaukako-juras-piedzivojumu\/\" \/>\n<meta property=\"og:site_name\" content=\"Lottemaa Teemapark\" \/>\n<meta property=\"article:modified_time\" content=\"2025-09-02T12:57:53+00:00\" \/>\n<meta name=\"twitter:card\" content=\"summary_large_image\" \/>\n<meta name=\"twitter:label1\" content=\"Est. reading time\" \/>\n\t<meta name=\"twitter:data1\" content=\"1 min\u016b\u0161u\" \/>\n<script type=\"application\/ld+json\" class=\"yoast-schema-graph\">{\"@context\":\"https:\/\/schema.org\",\"@graph\":[{\"@type\":\"WebPage\",\"@id\":\"https:\/\/lottemaa.ee\/lv\/laime-visjaukako-juras-piedzivojumu\/\",\"url\":\"https:\/\/lottemaa.ee\/lv\/laime-visjaukako-juras-piedzivojumu\/\",\"name\":\"LAIM\u0112 VISJAUK\u0100KO J\u016aRAS PIEDZ\u012aVOJUMU | Lottemaa Teemapark\",\"isPartOf\":{\"@id\":\"https:\/\/lottemaa.ee\/#website\"},\"datePublished\":\"2023-05-03T08:30:46+00:00\",\"dateModified\":\"2025-09-02T12:57:53+00:00\",\"breadcrumb\":{\"@id\":\"https:\/\/lottemaa.ee\/lv\/laime-visjaukako-juras-piedzivojumu\/#breadcrumb\"},\"inLanguage\":\"lv-LV\",\"potentialAction\":[{\"@type\":\"ReadAction\",\"target\":[\"https:\/\/lottemaa.ee\/lv\/laime-visjaukako-juras-piedzivojumu\/\"]}]},{\"@type\":\"BreadcrumbList\",\"@id\":\"https:\/\/lottemaa.ee\/lv\/laime-visjaukako-juras-piedzivojumu\/#breadcrumb\",\"itemListElement\":[{\"@type\":\"ListItem\",\"position\":1,\"name\":\"Home\",\"item\":\"https:\/\/lottemaa.ee\/lv\/\"},{\"@type\":\"ListItem\",\"position\":2,\"name\":\"LAIM\u0112 VISJAUK\u0100KO J\u016aRAS PIEDZ\u012aVOJUMU\"}]},{\"@type\":\"WebSite\",\"@id\":\"https:\/\/lottemaa.ee\/#website\",\"url\":\"https:\/\/lottemaa.ee\/\",\"name\":\"Lottemaa Teemapark\",\"description\":\"Baltimaade suurim ja k\u00f5ige \u00e4gedam kogupere teemapark Eestis P\u00e4rnumaal\",\"publisher\":{\"@id\":\"https:\/\/lottemaa.ee\/#organization\"},\"potentialAction\":[{\"@type\":\"SearchAction\",\"target\":{\"@type\":\"EntryPoint\",\"urlTemplate\":\"https:\/\/lottemaa.ee\/?s={search_term_string}\"},\"query-input\":{\"@type\":\"PropertyValueSpecification\",\"valueRequired\":true,\"valueName\":\"search_term_string\"}}],\"inLanguage\":\"lv-LV\"},{\"@type\":\"Organization\",\"@id\":\"https:\/\/lottemaa.ee\/#organization\",\"name\":\"Lottemaa Teemapark\",\"url\":\"https:\/\/lottemaa.ee\/\",\"logo\":{\"@type\":\"ImageObject\",\"inLanguage\":\"lv-LV\",\"@id\":\"https:\/\/lottemaa.ee\/#\/schema\/logo\/image\/\",\"url\":\"https:\/\/lottemaa.ee\/wp-content\/uploads\/2018\/12\/Lottemaa_LOGO.png\",\"contentUrl\":\"https:\/\/lottemaa.ee\/wp-content\/uploads\/2018\/12\/Lottemaa_LOGO.png\",\"width\":1024,\"height\":518,\"caption\":\"Lottemaa Teemapark\"},\"image\":{\"@id\":\"https:\/\/lottemaa.ee\/#\/schema\/logo\/image\/\"}}]}<\/script>\n<!-- \/ Yoast SEO plugin. -->","yoast_head_json":{"title":"LAIM\u0112 VISJAUK\u0100KO J\u016aRAS PIEDZ\u012aVOJUMU | Lottemaa Teemapark","robots":{"index":"index","follow":"follow","max-snippet":"max-snippet:-1","max-image-preview":"max-image-preview:large","max-video-preview":"max-video-preview:-1"},"canonical":"https:\/\/lottemaa.ee\/lv\/laime-visjaukako-juras-piedzivojumu\/","og_locale":"lv_LV","og_type":"article","og_title":"LAIM\u0112 VISJAUK\u0100KO J\u016aRAS PIEDZ\u012aVOJUMU | Lottemaa Teemapark","og_description":"Piedalies lielaj\u0101 izloz\u0113, kuras balv\u0101 ir TALLINK \u0123imenes kru\u012bzs \u010detr\u0101m person\u0101m uz Zviedriju. J\u016bs gaida visjauk\u0101kais j\u016bras piedz\u012bvojums un patiesi skaist\u0101 Stokholma. Izlozes notiks 1.07.2025, 1.08.2025 un 1.09.2025 Uzvar\u0113t\u0101ju v\u0101rdus public\u0113sim \u0161aj\u0101 lap\u0101 un v\u0113stkop\u0101, ko nos\u016bt\u012bsim visiem dal\u012bbniekiem, un ar uzvar\u0113t\u0101ju sazin\u0101simies person\u012bgi. UZVAR\u0112T\u0100JI IR: 1.07.2025 &#8211; moksriina@gmail.com 1.08.2025 &#8211; eneraal@gmail.com 1.09.2025 &#8211; piretpollumagi@gmail.com &hellip; Continued","og_url":"https:\/\/lottemaa.ee\/lv\/laime-visjaukako-juras-piedzivojumu\/","og_site_name":"Lottemaa Teemapark","article_modified_time":"2025-09-02T12:57:53+00:00","twitter_card":"summary_large_image","twitter_misc":{"Est. reading time":"1 min\u016b\u0161u"},"schema":{"@context":"https:\/\/schema.org","@graph":[{"@type":"WebPage","@id":"https:\/\/lottemaa.ee\/lv\/laime-visjaukako-juras-piedzivojumu\/","url":"https:\/\/lottemaa.ee\/lv\/laime-visjaukako-juras-piedzivojumu\/","name":"LAIM\u0112 VISJAUK\u0100KO J\u016aRAS PIEDZ\u012aVOJUMU | Lottemaa Teemapark","isPartOf":{"@id":"https:\/\/lottemaa.ee\/#website"},"datePublished":"2023-05-03T08:30:46+00:00","dateModified":"2025-09-02T12:57:53+00:00","breadcrumb":{"@id":"https:\/\/lottemaa.ee\/lv\/laime-visjaukako-juras-piedzivojumu\/#breadcrumb"},"inLanguage":"lv-LV","potentialAction":[{"@type":"ReadAction","target":["https:\/\/lottemaa.ee\/lv\/laime-visjaukako-juras-piedzivojumu\/"]}]},{"@type":"BreadcrumbList","@id":"https:\/\/lottemaa.ee\/lv\/laime-visjaukako-juras-piedzivojumu\/#breadcrumb","itemListElement":[{"@type":"ListItem","position":1,"name":"Home","item":"https:\/\/lottemaa.ee\/lv\/"},{"@type":"ListItem","position":2,"name":"LAIM\u0112 VISJAUK\u0100KO J\u016aRAS PIEDZ\u012aVOJUMU"}]},{"@type":"WebSite","@id":"https:\/\/lottemaa.ee\/#website","url":"https:\/\/lottemaa.ee\/","name":"Lottemaa Teemapark","description":"Baltimaade suurim ja k\u00f5ige \u00e4gedam kogupere teemapark Eestis P\u00e4rnumaal","publisher":{"@id":"https:\/\/lottemaa.ee\/#organization"},"potentialAction":[{"@type":"SearchAction","target":{"@type":"EntryPoint","urlTemplate":"https:\/\/lottemaa.ee\/?s={search_term_string}"},"query-input":{"@type":"PropertyValueSpecification","valueRequired":true,"valueName":"search_term_string"}}],"inLanguage":"lv-LV"},{"@type":"Organization","@id":"https:\/\/lottemaa.ee\/#organization","name":"Lottemaa Teemapark","url":"https:\/\/lottemaa.ee\/","logo":{"@type":"ImageObject","inLanguage":"lv-LV","@id":"https:\/\/lottemaa.ee\/#\/schema\/logo\/image\/","url":"https:\/\/lottemaa.ee\/wp-content\/uploads\/2018\/12\/Lottemaa_LOGO.png","contentUrl":"https:\/\/lottemaa.ee\/wp-content\/uploads\/2018\/12\/Lottemaa_LOGO.png","width":1024,"height":518,"caption":"Lottemaa Teemapark"},"image":{"@id":"https:\/\/lottemaa.ee\/#\/schema\/logo\/image\/"}}]}},"_links":{"self":[{"href":"https:\/\/lottemaa.ee\/lv\/wp-json\/wp\/v2\/pages\/21617","targetHints":{"allow":["GET"]}}],"collection":[{"href":"https:\/\/lottemaa.ee\/lv\/wp-json\/wp\/v2\/pages"}],"about":[{"href":"https:\/\/lottemaa.ee\/lv\/wp-json\/wp\/v2\/types\/page"}],"author":[{"embeddable":true,"href":"https:\/\/lottemaa.ee\/lv\/wp-json\/wp\/v2\/users\/11"}],"replies":[{"embeddable":true,"href":"https:\/\/lottemaa.ee\/lv\/wp-json\/wp\/v2\/comments?post=21617"}],"version-history":[{"count":5,"href":"https:\/\/lottemaa.ee\/lv\/wp-json\/wp\/v2\/pages\/21617\/revisions"}],"predecessor-version":[{"id":31243,"href":"https:\/\/lottemaa.ee\/lv\/wp-json\/wp\/v2\/pages\/21617\/revisions\/31243"}],"wp:attachment":[{"href":"https:\/\/lottemaa.ee\/lv\/wp-json\/wp\/v2\/media?parent=21617"}],"curies":[{"name":"wp","href":"https:\/\/api.w.org\/{rel}","templated":true}]}}