{"id":21383,"date":"2023-04-03T10:34:57","date_gmt":"2023-04-03T07:34:57","guid":{"rendered":"https:\/\/lottemaa.ee\/?page_id=21383"},"modified":"2024-09-25T15:52:12","modified_gmt":"2024-09-25T12:52:12","slug":"lillede-kastmise-masin","status":"publish","type":"page","link":"https:\/\/lottemaa.ee\/lv\/par-lotes-zemi\/izgudrojumi\/lillede-kastmise-masin\/","title":{"rendered":"Pu\u0137u laist\u012b\u0161anas ma\u0161\u012bna"},"content":{"rendered":"<p style=\"text-align: left;\">Tas ir lielisks Oskara izgudrojums, ar ko var for\u0161i apliet d\u012b\u0137\u012b augo\u0161\u0101s pu\u0137es vai vienk\u0101r\u0161i karst\u0101 vasaras dien\u0101 nedaudz padraiskoties ar \u016bdeni. Oskars to izgudroja savai mazajai Rozei, kad t\u0101 v\u0113l bija pavisam pazi\u0146a un grib\u0113ja visu laiku d\u0101rz\u0101 laist\u012bt pu\u0137es. Mamma Anna dom\u0101ja, ka nav labi p\u0101rlaist\u012bt pu\u0137es, un pal\u016bdza Oskaram izgudrot ko for\u0161u, lai vi\u0146u maz\u0101 meiti\u0146a var\u0113tu laist\u012bt pu\u0137es, kad vien iegribas. Vakaros Roze iet d\u0101rz\u0101 mammai pal\u012bgos un ar savu mazo kanni\u0146u \u010dakli laista tur augo\u0161\u0101s pu\u0137es, bet liel\u0101 tveic\u0113 Roze un ar\u012b citi b\u0113rni var iztrakoties ar \u016bdeni un laist\u012bt d\u012b\u0137\u012b augo\u0161\u0101s pu\u0137es.<\/p>\n","protected":false},"excerpt":{"rendered":"<p>Tas ir lielisks Oskara izgudrojums, ar ko var for\u0161i apliet d\u012b\u0137\u012b augo\u0161\u0101s pu\u0137es vai vienk\u0101r\u0161i karst\u0101 vasaras dien\u0101 nedaudz padraiskoties ar \u016bdeni. Oskars to izgudroja savai mazajai Rozei, kad t\u0101 v\u0113l bija pavisam pazi\u0146a un grib\u0113ja visu laiku d\u0101rz\u0101 laist\u012bt pu\u0137es. Mamma Anna dom\u0101ja, ka nav labi p\u0101rlaist\u012bt pu\u0137es, un pal\u016bdza Oskaram izgudrot ko for\u0161u, &hellip; <a href=\"https:\/\/lottemaa.ee\/lv\/par-lotes-zemi\/izgudrojumi\/lillede-kastmise-masin\/\">Continued<\/a><\/p>\n","protected":false},"author":11,"featured_media":13433,"parent":4256,"menu_order":527,"comment_status":"closed","ping_status":"closed","template":"","meta":{"_acf_changed":false,"om_disable_all_campaigns":false,"_uf_show_specific_survey":0,"_uf_disable_surveys":false,"footnotes":""},"class_list":["post-21383","page","type-page","status-publish","has-post-thumbnail","hentry"],"acf":[],"yoast_head":"<!-- This site is optimized with the Yoast SEO plugin v25.5 - https:\/\/yoast.com\/wordpress\/plugins\/seo\/ -->\n<title>Pu\u0137u laist\u012b\u0161anas ma\u0161\u012bna | Lottemaa Teemapark<\/title>\n<meta name=\"description\" content=\"Tas ir lielisks Oskara izgudrojums, ar ko var for\u0161i apliet d\u012b\u0137\u012b augo\u0161\u0101s pu\u0137es vai vienk\u0101r\u0161i karst\u0101 vasaras dien\u0101 nedaudz padraiskoties ar \u016bdeni.\" \/>\n<meta name=\"robots\" content=\"index, follow, max-snippet:-1, max-image-preview:large, max-video-preview:-1\" \/>\n<link rel=\"canonical\" href=\"https:\/\/lottemaa.ee\/lv\/par-lotes-zemi\/izgudrojumi\/lillede-kastmise-masin\/\" \/>\n<meta property=\"og:locale\" content=\"lv_LV\" \/>\n<meta property=\"og:type\" content=\"article\" \/>\n<meta property=\"og:title\" content=\"Pu\u0137u laist\u012b\u0161anas ma\u0161\u012bna | Lottemaa Teemapark\" \/>\n<meta property=\"og:description\" content=\"Tas ir lielisks Oskara izgudrojums, ar ko var for\u0161i apliet d\u012b\u0137\u012b augo\u0161\u0101s pu\u0137es vai vienk\u0101r\u0161i karst\u0101 vasaras dien\u0101 nedaudz padraiskoties ar \u016bdeni.\" \/>\n<meta property=\"og:url\" content=\"https:\/\/lottemaa.ee\/lv\/par-lotes-zemi\/izgudrojumi\/lillede-kastmise-masin\/\" \/>\n<meta property=\"og:site_name\" content=\"Lottemaa Teemapark\" \/>\n<meta property=\"article:modified_time\" content=\"2024-09-25T12:52:12+00:00\" \/>\n<meta property=\"og:image\" content=\"https:\/\/lottemaa.ee\/wp-content\/uploads\/2022\/04\/DSC_7068-scaled.jpg\" \/>\n\t<meta property=\"og:image:width\" content=\"2560\" \/>\n\t<meta property=\"og:image:height\" content=\"1696\" \/>\n\t<meta property=\"og:image:type\" content=\"image\/jpeg\" \/>\n<meta name=\"twitter:card\" content=\"summary_large_image\" \/>\n<meta name=\"twitter:label1\" content=\"Est. reading time\" \/>\n\t<meta name=\"twitter:data1\" content=\"1 min\u016b\u0161u\" \/>\n<script type=\"application\/ld+json\" class=\"yoast-schema-graph\">{\"@context\":\"https:\/\/schema.org\",\"@graph\":[{\"@type\":\"WebPage\",\"@id\":\"https:\/\/lottemaa.ee\/lv\/par-lotes-zemi\/izgudrojumi\/lillede-kastmise-masin\/\",\"url\":\"https:\/\/lottemaa.ee\/lv\/par-lotes-zemi\/izgudrojumi\/lillede-kastmise-masin\/\",\"name\":\"Pu\u0137u laist\u012b\u0161anas ma\u0161\u012bna | Lottemaa Teemapark\",\"isPartOf\":{\"@id\":\"https:\/\/lottemaa.ee\/#website\"},\"primaryImageOfPage\":{\"@id\":\"https:\/\/lottemaa.ee\/lv\/par-lotes-zemi\/izgudrojumi\/lillede-kastmise-masin\/#primaryimage\"},\"image\":{\"@id\":\"https:\/\/lottemaa.ee\/lv\/par-lotes-zemi\/izgudrojumi\/lillede-kastmise-masin\/#primaryimage\"},\"thumbnailUrl\":\"https:\/\/lottemaa.ee\/wp-content\/uploads\/2022\/04\/DSC_7068-scaled.jpg\",\"datePublished\":\"2023-04-03T07:34:57+00:00\",\"dateModified\":\"2024-09-25T12:52:12+00:00\",\"description\":\"Tas ir lielisks Oskara izgudrojums, ar ko var for\u0161i apliet d\u012b\u0137\u012b augo\u0161\u0101s pu\u0137es vai vienk\u0101r\u0161i karst\u0101 vasaras dien\u0101 nedaudz padraiskoties ar \u016bdeni.\",\"breadcrumb\":{\"@id\":\"https:\/\/lottemaa.ee\/lv\/par-lotes-zemi\/izgudrojumi\/lillede-kastmise-masin\/#breadcrumb\"},\"inLanguage\":\"lv-LV\",\"potentialAction\":[{\"@type\":\"ReadAction\",\"target\":[\"https:\/\/lottemaa.ee\/lv\/par-lotes-zemi\/izgudrojumi\/lillede-kastmise-masin\/\"]}]},{\"@type\":\"ImageObject\",\"inLanguage\":\"lv-LV\",\"@id\":\"https:\/\/lottemaa.ee\/lv\/par-lotes-zemi\/izgudrojumi\/lillede-kastmise-masin\/#primaryimage\",\"url\":\"https:\/\/lottemaa.ee\/wp-content\/uploads\/2022\/04\/DSC_7068-scaled.jpg\",\"contentUrl\":\"https:\/\/lottemaa.ee\/wp-content\/uploads\/2022\/04\/DSC_7068-scaled.jpg\",\"width\":2560,\"height\":1696},{\"@type\":\"BreadcrumbList\",\"@id\":\"https:\/\/lottemaa.ee\/lv\/par-lotes-zemi\/izgudrojumi\/lillede-kastmise-masin\/#breadcrumb\",\"itemListElement\":[{\"@type\":\"ListItem\",\"position\":1,\"name\":\"Home\",\"item\":\"https:\/\/lottemaa.ee\/lv\/\"},{\"@type\":\"ListItem\",\"position\":2,\"name\":\"Diena Lotes zem\u0113\",\"item\":\"https:\/\/lottemaa.ee\/lv\/par-lotes-zemi\/\"},{\"@type\":\"ListItem\",\"position\":3,\"name\":\"IZGUDROJUMI\",\"item\":\"https:\/\/lottemaa.ee\/lv\/par-lotes-zemi\/izgudrojumi\/\"},{\"@type\":\"ListItem\",\"position\":4,\"name\":\"Pu\u0137u laist\u012b\u0161anas ma\u0161\u012bna\"}]},{\"@type\":\"WebSite\",\"@id\":\"https:\/\/lottemaa.ee\/#website\",\"url\":\"https:\/\/lottemaa.ee\/\",\"name\":\"Lottemaa Teemapark\",\"description\":\"Baltimaade suurim ja k\u00f5ige \u00e4gedam kogupere teemapark Eestis P\u00e4rnumaal\",\"publisher\":{\"@id\":\"https:\/\/lottemaa.ee\/#organization\"},\"potentialAction\":[{\"@type\":\"SearchAction\",\"target\":{\"@type\":\"EntryPoint\",\"urlTemplate\":\"https:\/\/lottemaa.ee\/?s={search_term_string}\"},\"query-input\":{\"@type\":\"PropertyValueSpecification\",\"valueRequired\":true,\"valueName\":\"search_term_string\"}}],\"inLanguage\":\"lv-LV\"},{\"@type\":\"Organization\",\"@id\":\"https:\/\/lottemaa.ee\/#organization\",\"name\":\"Lottemaa Teemapark\",\"url\":\"https:\/\/lottemaa.ee\/\",\"logo\":{\"@type\":\"ImageObject\",\"inLanguage\":\"lv-LV\",\"@id\":\"https:\/\/lottemaa.ee\/#\/schema\/logo\/image\/\",\"url\":\"https:\/\/lottemaa.ee\/wp-content\/uploads\/2018\/12\/Lottemaa_LOGO.png\",\"contentUrl\":\"https:\/\/lottemaa.ee\/wp-content\/uploads\/2018\/12\/Lottemaa_LOGO.png\",\"width\":1024,\"height\":518,\"caption\":\"Lottemaa Teemapark\"},\"image\":{\"@id\":\"https:\/\/lottemaa.ee\/#\/schema\/logo\/image\/\"}}]}<\/script>\n<!-- \/ Yoast SEO plugin. -->","yoast_head_json":{"title":"Pu\u0137u laist\u012b\u0161anas ma\u0161\u012bna | Lottemaa Teemapark","description":"Tas ir lielisks Oskara izgudrojums, ar ko var for\u0161i apliet d\u012b\u0137\u012b augo\u0161\u0101s pu\u0137es vai vienk\u0101r\u0161i karst\u0101 vasaras dien\u0101 nedaudz padraiskoties ar \u016bdeni.","robots":{"index":"index","follow":"follow","max-snippet":"max-snippet:-1","max-image-preview":"max-image-preview:large","max-video-preview":"max-video-preview:-1"},"canonical":"https:\/\/lottemaa.ee\/lv\/par-lotes-zemi\/izgudrojumi\/lillede-kastmise-masin\/","og_locale":"lv_LV","og_type":"article","og_title":"Pu\u0137u laist\u012b\u0161anas ma\u0161\u012bna | Lottemaa Teemapark","og_description":"Tas ir lielisks Oskara izgudrojums, ar ko var for\u0161i apliet d\u012b\u0137\u012b augo\u0161\u0101s pu\u0137es vai vienk\u0101r\u0161i karst\u0101 vasaras dien\u0101 nedaudz padraiskoties ar \u016bdeni.","og_url":"https:\/\/lottemaa.ee\/lv\/par-lotes-zemi\/izgudrojumi\/lillede-kastmise-masin\/","og_site_name":"Lottemaa Teemapark","article_modified_time":"2024-09-25T12:52:12+00:00","og_image":[{"width":2560,"height":1696,"url":"https:\/\/lottemaa.ee\/wp-content\/uploads\/2022\/04\/DSC_7068-scaled.jpg","type":"image\/jpeg"}],"twitter_card":"summary_large_image","twitter_misc":{"Est. reading time":"1 min\u016b\u0161u"},"schema":{"@context":"https:\/\/schema.org","@graph":[{"@type":"WebPage","@id":"https:\/\/lottemaa.ee\/lv\/par-lotes-zemi\/izgudrojumi\/lillede-kastmise-masin\/","url":"https:\/\/lottemaa.ee\/lv\/par-lotes-zemi\/izgudrojumi\/lillede-kastmise-masin\/","name":"Pu\u0137u laist\u012b\u0161anas ma\u0161\u012bna | Lottemaa Teemapark","isPartOf":{"@id":"https:\/\/lottemaa.ee\/#website"},"primaryImageOfPage":{"@id":"https:\/\/lottemaa.ee\/lv\/par-lotes-zemi\/izgudrojumi\/lillede-kastmise-masin\/#primaryimage"},"image":{"@id":"https:\/\/lottemaa.ee\/lv\/par-lotes-zemi\/izgudrojumi\/lillede-kastmise-masin\/#primaryimage"},"thumbnailUrl":"https:\/\/lottemaa.ee\/wp-content\/uploads\/2022\/04\/DSC_7068-scaled.jpg","datePublished":"2023-04-03T07:34:57+00:00","dateModified":"2024-09-25T12:52:12+00:00","description":"Tas ir lielisks Oskara izgudrojums, ar ko var for\u0161i apliet d\u012b\u0137\u012b augo\u0161\u0101s pu\u0137es vai vienk\u0101r\u0161i karst\u0101 vasaras dien\u0101 nedaudz padraiskoties ar \u016bdeni.","breadcrumb":{"@id":"https:\/\/lottemaa.ee\/lv\/par-lotes-zemi\/izgudrojumi\/lillede-kastmise-masin\/#breadcrumb"},"inLanguage":"lv-LV","potentialAction":[{"@type":"ReadAction","target":["https:\/\/lottemaa.ee\/lv\/par-lotes-zemi\/izgudrojumi\/lillede-kastmise-masin\/"]}]},{"@type":"ImageObject","inLanguage":"lv-LV","@id":"https:\/\/lottemaa.ee\/lv\/par-lotes-zemi\/izgudrojumi\/lillede-kastmise-masin\/#primaryimage","url":"https:\/\/lottemaa.ee\/wp-content\/uploads\/2022\/04\/DSC_7068-scaled.jpg","contentUrl":"https:\/\/lottemaa.ee\/wp-content\/uploads\/2022\/04\/DSC_7068-scaled.jpg","width":2560,"height":1696},{"@type":"BreadcrumbList","@id":"https:\/\/lottemaa.ee\/lv\/par-lotes-zemi\/izgudrojumi\/lillede-kastmise-masin\/#breadcrumb","itemListElement":[{"@type":"ListItem","position":1,"name":"Home","item":"https:\/\/lottemaa.ee\/lv\/"},{"@type":"ListItem","position":2,"name":"Diena Lotes zem\u0113","item":"https:\/\/lottemaa.ee\/lv\/par-lotes-zemi\/"},{"@type":"ListItem","position":3,"name":"IZGUDROJUMI","item":"https:\/\/lottemaa.ee\/lv\/par-lotes-zemi\/izgudrojumi\/"},{"@type":"ListItem","position":4,"name":"Pu\u0137u laist\u012b\u0161anas ma\u0161\u012bna"}]},{"@type":"WebSite","@id":"https:\/\/lottemaa.ee\/#website","url":"https:\/\/lottemaa.ee\/","name":"Lottemaa Teemapark","description":"Baltimaade suurim ja k\u00f5ige \u00e4gedam kogupere teemapark Eestis P\u00e4rnumaal","publisher":{"@id":"https:\/\/lottemaa.ee\/#organization"},"potentialAction":[{"@type":"SearchAction","target":{"@type":"EntryPoint","urlTemplate":"https:\/\/lottemaa.ee\/?s={search_term_string}"},"query-input":{"@type":"PropertyValueSpecification","valueRequired":true,"valueName":"search_term_string"}}],"inLanguage":"lv-LV"},{"@type":"Organization","@id":"https:\/\/lottemaa.ee\/#organization","name":"Lottemaa Teemapark","url":"https:\/\/lottemaa.ee\/","logo":{"@type":"ImageObject","inLanguage":"lv-LV","@id":"https:\/\/lottemaa.ee\/#\/schema\/logo\/image\/","url":"https:\/\/lottemaa.ee\/wp-content\/uploads\/2018\/12\/Lottemaa_LOGO.png","contentUrl":"https:\/\/lottemaa.ee\/wp-content\/uploads\/2018\/12\/Lottemaa_LOGO.png","width":1024,"height":518,"caption":"Lottemaa Teemapark"},"image":{"@id":"https:\/\/lottemaa.ee\/#\/schema\/logo\/image\/"}}]}},"_links":{"self":[{"href":"https:\/\/lottemaa.ee\/lv\/wp-json\/wp\/v2\/pages\/21383","targetHints":{"allow":["GET"]}}],"collection":[{"href":"https:\/\/lottemaa.ee\/lv\/wp-json\/wp\/v2\/pages"}],"about":[{"href":"https:\/\/lottemaa.ee\/lv\/wp-json\/wp\/v2\/types\/page"}],"author":[{"embeddable":true,"href":"https:\/\/lottemaa.ee\/lv\/wp-json\/wp\/v2\/users\/11"}],"replies":[{"embeddable":true,"href":"https:\/\/lottemaa.ee\/lv\/wp-json\/wp\/v2\/comments?post=21383"}],"version-history":[{"count":3,"href":"https:\/\/lottemaa.ee\/lv\/wp-json\/wp\/v2\/pages\/21383\/revisions"}],"predecessor-version":[{"id":28549,"href":"https:\/\/lottemaa.ee\/lv\/wp-json\/wp\/v2\/pages\/21383\/revisions\/28549"}],"up":[{"embeddable":true,"href":"https:\/\/lottemaa.ee\/lv\/wp-json\/wp\/v2\/pages\/4256"}],"wp:featuredmedia":[{"embeddable":true,"href":"https:\/\/lottemaa.ee\/lv\/wp-json\/wp\/v2\/media\/13433"}],"wp:attachment":[{"href":"https:\/\/lottemaa.ee\/lv\/wp-json\/wp\/v2\/media?parent=21383"}],"curies":[{"name":"wp","href":"https:\/\/api.w.org\/{rel}","templated":true}]}}