{"id":21097,"date":"2023-03-22T14:44:40","date_gmt":"2023-03-22T12:44:40","guid":{"rendered":"https:\/\/lottemaa.ee\/?page_id=21097"},"modified":"2023-03-22T14:44:40","modified_gmt":"2023-03-22T12:44:40","slug":"volfgangs","status":"publish","type":"page","link":"https:\/\/lottemaa.ee\/lv\/par-mums\/izgudrotaju-ciema-iedzivotaji\/volfgangs\/","title":{"rendered":"Volfgangs"},"content":{"rendered":"<p style=\"text-align: left;\">Sensenos laikos Izgudrot\u0101ju ciema iedz\u012bvot\u0101ji nol\u0113ma, ka vi\u0146u ciems ir j\u0101apmekl\u0113 Ziemassv\u0113tku vec\u012btim. Tika vilktas lozes, un laime uzsmaid\u012bja za\u0137iem. Pirmais Ziemassv\u0113tku vec\u012btis Izgudrot\u0101ju ciem\u0101 bija za\u0137is J\u016bliuss. Kop\u0161 t\u0101 laika j\u016br\u0101 ir iepl\u016bdu\u0161i daudz \u016bde\u0146u, un Ziemassv\u0113tku vec\u012b\u0161a amats mantots no paaudzes paaudz\u0113. \u0160odien Izgudrot\u0101ju ciema Ziemassv\u0113tku vec\u012btis ir za\u0137is Volfgangs, kas ir pirm\u0101 Ziemassv\u0113tku za\u0137a mazmazmazmazb\u0113rns. Tad, kad nav Ziemassv\u0113tku laiks, Volfgangs, protams, ir izgudrot\u0101js, un vi\u0146am \u013coti pat\u012bk izgudrot b\u0113rniem rota\u013clietas.<\/p>\n","protected":false},"excerpt":{"rendered":"<p>Sensenos laikos Izgudrot\u0101ju ciema iedz\u012bvot\u0101ji nol\u0113ma, ka vi\u0146u ciems ir j\u0101apmekl\u0113 Ziemassv\u0113tku vec\u012btim. Tika vilktas lozes, un laime uzsmaid\u012bja za\u0137iem. Pirmais Ziemassv\u0113tku vec\u012btis Izgudrot\u0101ju ciem\u0101 bija za\u0137is J\u016bliuss. Kop\u0161 t\u0101 laika j\u016br\u0101 ir iepl\u016bdu\u0161i daudz \u016bde\u0146u, un Ziemassv\u0113tku vec\u012b\u0161a amats mantots no paaudzes paaudz\u0113. \u0160odien Izgudrot\u0101ju ciema Ziemassv\u0113tku vec\u012btis ir za\u0137is Volfgangs, kas ir pirm\u0101 &hellip; <a href=\"https:\/\/lottemaa.ee\/lv\/par-mums\/izgudrotaju-ciema-iedzivotaji\/volfgangs\/\">Continued<\/a><\/p>\n","protected":false},"author":11,"featured_media":20558,"parent":1338,"menu_order":307,"comment_status":"closed","ping_status":"closed","template":"","meta":{"_acf_changed":false,"om_disable_all_campaigns":false,"_uf_show_specific_survey":0,"_uf_disable_surveys":false,"footnotes":""},"class_list":["post-21097","page","type-page","status-publish","has-post-thumbnail","hentry"],"acf":[],"yoast_head":"<!-- This site is optimized with the Yoast SEO plugin v25.5 - https:\/\/yoast.com\/wordpress\/plugins\/seo\/ -->\n<title>Volfgangs | Lottemaa Teemapark<\/title>\n<meta name=\"description\" content=\"Sensenos laikos Izgudrot\u0101ju ciema iedz\u012bvot\u0101ji nol\u0113ma, ka vi\u0146u ciems ir j\u0101apmekl\u0113 Ziemassv\u0113tku vec\u012btim. Tika vilktas lozes, un laime uzsmaid\u012bja za\u0137iem.\" \/>\n<meta name=\"robots\" content=\"index, follow, max-snippet:-1, max-image-preview:large, max-video-preview:-1\" \/>\n<link rel=\"canonical\" href=\"https:\/\/lottemaa.ee\/lv\/par-lotes-zemi\/izgudrotaju-ciema-iedzivotaji\/volfgangs\/\" \/>\n<meta property=\"og:locale\" content=\"lv_LV\" \/>\n<meta property=\"og:type\" content=\"article\" \/>\n<meta property=\"og:title\" content=\"Volfgangs | Lottemaa Teemapark\" \/>\n<meta property=\"og:description\" content=\"Sensenos laikos Izgudrot\u0101ju ciema iedz\u012bvot\u0101ji nol\u0113ma, ka vi\u0146u ciems ir j\u0101apmekl\u0113 Ziemassv\u0113tku vec\u012btim. Tika vilktas lozes, un laime uzsmaid\u012bja za\u0137iem.\" \/>\n<meta property=\"og:url\" content=\"https:\/\/lottemaa.ee\/lv\/par-lotes-zemi\/izgudrotaju-ciema-iedzivotaji\/volfgangs\/\" \/>\n<meta property=\"og:site_name\" content=\"Lottemaa Teemapark\" \/>\n<meta property=\"og:image\" content=\"https:\/\/lottemaa.ee\/wp-content\/uploads\/2023\/02\/Wolfgangjouluvana_316X177.jpg\" \/>\n\t<meta property=\"og:image:width\" content=\"316\" \/>\n\t<meta property=\"og:image:height\" content=\"177\" \/>\n\t<meta property=\"og:image:type\" content=\"image\/jpeg\" \/>\n<meta name=\"twitter:card\" content=\"summary_large_image\" \/>\n<meta name=\"twitter:label1\" content=\"Est. reading time\" \/>\n\t<meta name=\"twitter:data1\" content=\"1 min\u016b\u0161u\" \/>\n<script type=\"application\/ld+json\" class=\"yoast-schema-graph\">{\"@context\":\"https:\/\/schema.org\",\"@graph\":[{\"@type\":\"WebPage\",\"@id\":\"https:\/\/lottemaa.ee\/lv\/par-lotes-zemi\/izgudrotaju-ciema-iedzivotaji\/volfgangs\/\",\"url\":\"https:\/\/lottemaa.ee\/lv\/par-lotes-zemi\/izgudrotaju-ciema-iedzivotaji\/volfgangs\/\",\"name\":\"Volfgangs | Lottemaa Teemapark\",\"isPartOf\":{\"@id\":\"https:\/\/lottemaa.ee\/#website\"},\"primaryImageOfPage\":{\"@id\":\"https:\/\/lottemaa.ee\/lv\/par-lotes-zemi\/izgudrotaju-ciema-iedzivotaji\/volfgangs\/#primaryimage\"},\"image\":{\"@id\":\"https:\/\/lottemaa.ee\/lv\/par-lotes-zemi\/izgudrotaju-ciema-iedzivotaji\/volfgangs\/#primaryimage\"},\"thumbnailUrl\":\"https:\/\/lottemaa.ee\/wp-content\/uploads\/2023\/02\/Wolfgangjouluvana_316X177.jpg\",\"datePublished\":\"2023-03-22T12:44:40+00:00\",\"description\":\"Sensenos laikos Izgudrot\u0101ju ciema iedz\u012bvot\u0101ji nol\u0113ma, ka vi\u0146u ciems ir j\u0101apmekl\u0113 Ziemassv\u0113tku vec\u012btim. Tika vilktas lozes, un laime uzsmaid\u012bja za\u0137iem.\",\"breadcrumb\":{\"@id\":\"https:\/\/lottemaa.ee\/lv\/par-lotes-zemi\/izgudrotaju-ciema-iedzivotaji\/volfgangs\/#breadcrumb\"},\"inLanguage\":\"lv-LV\",\"potentialAction\":[{\"@type\":\"ReadAction\",\"target\":[\"https:\/\/lottemaa.ee\/lv\/par-lotes-zemi\/izgudrotaju-ciema-iedzivotaji\/volfgangs\/\"]}]},{\"@type\":\"ImageObject\",\"inLanguage\":\"lv-LV\",\"@id\":\"https:\/\/lottemaa.ee\/lv\/par-lotes-zemi\/izgudrotaju-ciema-iedzivotaji\/volfgangs\/#primaryimage\",\"url\":\"https:\/\/lottemaa.ee\/wp-content\/uploads\/2023\/02\/Wolfgangjouluvana_316X177.jpg\",\"contentUrl\":\"https:\/\/lottemaa.ee\/wp-content\/uploads\/2023\/02\/Wolfgangjouluvana_316X177.jpg\",\"width\":316,\"height\":177},{\"@type\":\"BreadcrumbList\",\"@id\":\"https:\/\/lottemaa.ee\/lv\/par-lotes-zemi\/izgudrotaju-ciema-iedzivotaji\/volfgangs\/#breadcrumb\",\"itemListElement\":[{\"@type\":\"ListItem\",\"position\":1,\"name\":\"Home\",\"item\":\"https:\/\/lottemaa.ee\/lv\/\"},{\"@type\":\"ListItem\",\"position\":2,\"name\":\"Diena Lotes zem\u0113\",\"item\":\"https:\/\/lottemaa.ee\/lv\/par-lotes-zemi\/\"},{\"@type\":\"ListItem\",\"position\":3,\"name\":\"Izgudrot\u0101ju ciema iedz\u012bvot\u0101ji\",\"item\":\"https:\/\/lottemaa.ee\/lv\/par-lotes-zemi\/izgudrotaju-ciema-iedzivotaji\/\"},{\"@type\":\"ListItem\",\"position\":4,\"name\":\"Volfgangs\"}]},{\"@type\":\"WebSite\",\"@id\":\"https:\/\/lottemaa.ee\/#website\",\"url\":\"https:\/\/lottemaa.ee\/\",\"name\":\"Lottemaa Teemapark\",\"description\":\"Baltimaade suurim ja k\u00f5ige \u00e4gedam kogupere teemapark Eestis P\u00e4rnumaal\",\"publisher\":{\"@id\":\"https:\/\/lottemaa.ee\/#organization\"},\"potentialAction\":[{\"@type\":\"SearchAction\",\"target\":{\"@type\":\"EntryPoint\",\"urlTemplate\":\"https:\/\/lottemaa.ee\/?s={search_term_string}\"},\"query-input\":{\"@type\":\"PropertyValueSpecification\",\"valueRequired\":true,\"valueName\":\"search_term_string\"}}],\"inLanguage\":\"lv-LV\"},{\"@type\":\"Organization\",\"@id\":\"https:\/\/lottemaa.ee\/#organization\",\"name\":\"Lottemaa Teemapark\",\"url\":\"https:\/\/lottemaa.ee\/\",\"logo\":{\"@type\":\"ImageObject\",\"inLanguage\":\"lv-LV\",\"@id\":\"https:\/\/lottemaa.ee\/#\/schema\/logo\/image\/\",\"url\":\"https:\/\/lottemaa.ee\/wp-content\/uploads\/2018\/12\/Lottemaa_LOGO.png\",\"contentUrl\":\"https:\/\/lottemaa.ee\/wp-content\/uploads\/2018\/12\/Lottemaa_LOGO.png\",\"width\":1024,\"height\":518,\"caption\":\"Lottemaa Teemapark\"},\"image\":{\"@id\":\"https:\/\/lottemaa.ee\/#\/schema\/logo\/image\/\"}}]}<\/script>\n<!-- \/ Yoast SEO plugin. -->","yoast_head_json":{"title":"Volfgangs | Lottemaa Teemapark","description":"Sensenos laikos Izgudrot\u0101ju ciema iedz\u012bvot\u0101ji nol\u0113ma, ka vi\u0146u ciems ir j\u0101apmekl\u0113 Ziemassv\u0113tku vec\u012btim. Tika vilktas lozes, un laime uzsmaid\u012bja za\u0137iem.","robots":{"index":"index","follow":"follow","max-snippet":"max-snippet:-1","max-image-preview":"max-image-preview:large","max-video-preview":"max-video-preview:-1"},"canonical":"https:\/\/lottemaa.ee\/lv\/par-lotes-zemi\/izgudrotaju-ciema-iedzivotaji\/volfgangs\/","og_locale":"lv_LV","og_type":"article","og_title":"Volfgangs | Lottemaa Teemapark","og_description":"Sensenos laikos Izgudrot\u0101ju ciema iedz\u012bvot\u0101ji nol\u0113ma, ka vi\u0146u ciems ir j\u0101apmekl\u0113 Ziemassv\u0113tku vec\u012btim. Tika vilktas lozes, un laime uzsmaid\u012bja za\u0137iem.","og_url":"https:\/\/lottemaa.ee\/lv\/par-lotes-zemi\/izgudrotaju-ciema-iedzivotaji\/volfgangs\/","og_site_name":"Lottemaa Teemapark","og_image":[{"width":316,"height":177,"url":"https:\/\/lottemaa.ee\/wp-content\/uploads\/2023\/02\/Wolfgangjouluvana_316X177.jpg","type":"image\/jpeg"}],"twitter_card":"summary_large_image","twitter_misc":{"Est. reading time":"1 min\u016b\u0161u"},"schema":{"@context":"https:\/\/schema.org","@graph":[{"@type":"WebPage","@id":"https:\/\/lottemaa.ee\/lv\/par-lotes-zemi\/izgudrotaju-ciema-iedzivotaji\/volfgangs\/","url":"https:\/\/lottemaa.ee\/lv\/par-lotes-zemi\/izgudrotaju-ciema-iedzivotaji\/volfgangs\/","name":"Volfgangs | Lottemaa Teemapark","isPartOf":{"@id":"https:\/\/lottemaa.ee\/#website"},"primaryImageOfPage":{"@id":"https:\/\/lottemaa.ee\/lv\/par-lotes-zemi\/izgudrotaju-ciema-iedzivotaji\/volfgangs\/#primaryimage"},"image":{"@id":"https:\/\/lottemaa.ee\/lv\/par-lotes-zemi\/izgudrotaju-ciema-iedzivotaji\/volfgangs\/#primaryimage"},"thumbnailUrl":"https:\/\/lottemaa.ee\/wp-content\/uploads\/2023\/02\/Wolfgangjouluvana_316X177.jpg","datePublished":"2023-03-22T12:44:40+00:00","description":"Sensenos laikos Izgudrot\u0101ju ciema iedz\u012bvot\u0101ji nol\u0113ma, ka vi\u0146u ciems ir j\u0101apmekl\u0113 Ziemassv\u0113tku vec\u012btim. Tika vilktas lozes, un laime uzsmaid\u012bja za\u0137iem.","breadcrumb":{"@id":"https:\/\/lottemaa.ee\/lv\/par-lotes-zemi\/izgudrotaju-ciema-iedzivotaji\/volfgangs\/#breadcrumb"},"inLanguage":"lv-LV","potentialAction":[{"@type":"ReadAction","target":["https:\/\/lottemaa.ee\/lv\/par-lotes-zemi\/izgudrotaju-ciema-iedzivotaji\/volfgangs\/"]}]},{"@type":"ImageObject","inLanguage":"lv-LV","@id":"https:\/\/lottemaa.ee\/lv\/par-lotes-zemi\/izgudrotaju-ciema-iedzivotaji\/volfgangs\/#primaryimage","url":"https:\/\/lottemaa.ee\/wp-content\/uploads\/2023\/02\/Wolfgangjouluvana_316X177.jpg","contentUrl":"https:\/\/lottemaa.ee\/wp-content\/uploads\/2023\/02\/Wolfgangjouluvana_316X177.jpg","width":316,"height":177},{"@type":"BreadcrumbList","@id":"https:\/\/lottemaa.ee\/lv\/par-lotes-zemi\/izgudrotaju-ciema-iedzivotaji\/volfgangs\/#breadcrumb","itemListElement":[{"@type":"ListItem","position":1,"name":"Home","item":"https:\/\/lottemaa.ee\/lv\/"},{"@type":"ListItem","position":2,"name":"Diena Lotes zem\u0113","item":"https:\/\/lottemaa.ee\/lv\/par-lotes-zemi\/"},{"@type":"ListItem","position":3,"name":"Izgudrot\u0101ju ciema iedz\u012bvot\u0101ji","item":"https:\/\/lottemaa.ee\/lv\/par-lotes-zemi\/izgudrotaju-ciema-iedzivotaji\/"},{"@type":"ListItem","position":4,"name":"Volfgangs"}]},{"@type":"WebSite","@id":"https:\/\/lottemaa.ee\/#website","url":"https:\/\/lottemaa.ee\/","name":"Lottemaa Teemapark","description":"Baltimaade suurim ja k\u00f5ige \u00e4gedam kogupere teemapark Eestis P\u00e4rnumaal","publisher":{"@id":"https:\/\/lottemaa.ee\/#organization"},"potentialAction":[{"@type":"SearchAction","target":{"@type":"EntryPoint","urlTemplate":"https:\/\/lottemaa.ee\/?s={search_term_string}"},"query-input":{"@type":"PropertyValueSpecification","valueRequired":true,"valueName":"search_term_string"}}],"inLanguage":"lv-LV"},{"@type":"Organization","@id":"https:\/\/lottemaa.ee\/#organization","name":"Lottemaa Teemapark","url":"https:\/\/lottemaa.ee\/","logo":{"@type":"ImageObject","inLanguage":"lv-LV","@id":"https:\/\/lottemaa.ee\/#\/schema\/logo\/image\/","url":"https:\/\/lottemaa.ee\/wp-content\/uploads\/2018\/12\/Lottemaa_LOGO.png","contentUrl":"https:\/\/lottemaa.ee\/wp-content\/uploads\/2018\/12\/Lottemaa_LOGO.png","width":1024,"height":518,"caption":"Lottemaa Teemapark"},"image":{"@id":"https:\/\/lottemaa.ee\/#\/schema\/logo\/image\/"}}]}},"_links":{"self":[{"href":"https:\/\/lottemaa.ee\/lv\/wp-json\/wp\/v2\/pages\/21097","targetHints":{"allow":["GET"]}}],"collection":[{"href":"https:\/\/lottemaa.ee\/lv\/wp-json\/wp\/v2\/pages"}],"about":[{"href":"https:\/\/lottemaa.ee\/lv\/wp-json\/wp\/v2\/types\/page"}],"author":[{"embeddable":true,"href":"https:\/\/lottemaa.ee\/lv\/wp-json\/wp\/v2\/users\/11"}],"replies":[{"embeddable":true,"href":"https:\/\/lottemaa.ee\/lv\/wp-json\/wp\/v2\/comments?post=21097"}],"version-history":[{"count":1,"href":"https:\/\/lottemaa.ee\/lv\/wp-json\/wp\/v2\/pages\/21097\/revisions"}],"predecessor-version":[{"id":21098,"href":"https:\/\/lottemaa.ee\/lv\/wp-json\/wp\/v2\/pages\/21097\/revisions\/21098"}],"up":[{"embeddable":true,"href":"https:\/\/lottemaa.ee\/lv\/wp-json\/wp\/v2\/pages\/1338"}],"wp:featuredmedia":[{"embeddable":true,"href":"https:\/\/lottemaa.ee\/lv\/wp-json\/wp\/v2\/media\/20558"}],"wp:attachment":[{"href":"https:\/\/lottemaa.ee\/lv\/wp-json\/wp\/v2\/media?parent=21097"}],"curies":[{"name":"wp","href":"https:\/\/api.w.org\/{rel}","templated":true}]}}