{"id":21095,"date":"2023-03-22T14:41:59","date_gmt":"2023-03-22T12:41:59","guid":{"rendered":"https:\/\/lottemaa.ee\/?page_id=21095"},"modified":"2023-03-22T14:41:59","modified_gmt":"2023-03-22T12:41:59","slug":"benita","status":"publish","type":"page","link":"https:\/\/lottemaa.ee\/lv\/par-mums\/izgudrotaju-ciema-iedzivotaji\/benita\/","title":{"rendered":"Benita"},"content":{"rendered":"<p style=\"text-align: left;\"><strong>Benita<\/strong> ir br\u012bni\u0161\u0137\u012bga govs, kas visvair\u0101k par visu m\u012bl sportu. Jau k\u0101 maza meitene Benita l\u0113ca p\u0101r d\u0101rziem uz augstumu, smil\u0161u kaudz\u0113s l\u0113ca uz att\u0101lumu un d\u0101rz\u0101 sacent\u0101s skrie\u0161an\u0101 pati ar sevi. Benitas vec\u0101ki bija nedaudz noba\u017e\u012bju\u0161ies un grib\u0113ja Benitu virz\u012bt uz skaist\u0101k\u0101m m\u0101ksl\u0101m. Vi\u0146u s\u016bt\u012bja m\u0101c\u012bties sp\u0113l\u0113t oboju, uz baleta stund\u0101m un kora dziesm\u0101m, bet Benitai patika tikai skriet, l\u0113k\u0101t un l\u0113kt. Beigu beig\u0101s Benitas vec\u0101ki saprata, ka tas ar\u012b ir vi\u0146u meiti\u0146as sapnis un turpm\u0101k sportistes ce\u013c\u0101 vi\u0146u vienm\u0113r atbalst\u012bja. Tagad Benita no r\u012bta l\u012bdz vakaram ir Izgudrot\u0101ju ciema stadion\u0101 un neatlaid\u012bgi turpina apg\u016bt, k\u0101 vislab\u0101k skriet, visviegl\u0101k l\u0113kt vai vislepn\u0101k l\u0113k\u0101t.<\/p>\n","protected":false},"excerpt":{"rendered":"<p>Benita ir br\u012bni\u0161\u0137\u012bga govs, kas visvair\u0101k par visu m\u012bl sportu. Jau k\u0101 maza meitene Benita l\u0113ca p\u0101r d\u0101rziem uz augstumu, smil\u0161u kaudz\u0113s l\u0113ca uz att\u0101lumu un d\u0101rz\u0101 sacent\u0101s skrie\u0161an\u0101 pati ar sevi. Benitas vec\u0101ki bija nedaudz noba\u017e\u012bju\u0161ies un grib\u0113ja Benitu virz\u012bt uz skaist\u0101k\u0101m m\u0101ksl\u0101m. Vi\u0146u s\u016bt\u012bja m\u0101c\u012bties sp\u0113l\u0113t oboju, uz baleta stund\u0101m un kora dziesm\u0101m, &hellip; <a href=\"https:\/\/lottemaa.ee\/lv\/par-mums\/izgudrotaju-ciema-iedzivotaji\/benita\/\">Continued<\/a><\/p>\n","protected":false},"author":11,"featured_media":20528,"parent":1338,"menu_order":304,"comment_status":"closed","ping_status":"closed","template":"","meta":{"_acf_changed":false,"om_disable_all_campaigns":false,"_uf_show_specific_survey":0,"_uf_disable_surveys":false,"footnotes":""},"class_list":["post-21095","page","type-page","status-publish","has-post-thumbnail","hentry"],"acf":[],"yoast_head":"<!-- This site is optimized with the Yoast SEO plugin v25.5 - https:\/\/yoast.com\/wordpress\/plugins\/seo\/ -->\n<title>Benita | Lottemaa Teemapark<\/title>\n<meta name=\"description\" content=\"Benita ir br\u012bni\u0161\u0137\u012bga govs, kas visvair\u0101k par visu m\u012bl sportu. Jau k\u0101 maza meitene Benita l\u0113ca p\u0101r d\u0101rziem uz augstumu, smil\u0161u kaudz\u0113s l\u0113ca uz att\u0101lumu un d\u0101rz\u0101 sacent\u0101s skrie\u0161an\u0101 pati ar sevi.\" \/>\n<meta name=\"robots\" content=\"index, follow, max-snippet:-1, max-image-preview:large, max-video-preview:-1\" \/>\n<link rel=\"canonical\" href=\"https:\/\/lottemaa.ee\/lv\/par-lotes-zemi\/izgudrotaju-ciema-iedzivotaji\/benita\/\" \/>\n<meta property=\"og:locale\" content=\"lv_LV\" \/>\n<meta property=\"og:type\" content=\"article\" \/>\n<meta property=\"og:title\" content=\"Benita | Lottemaa Teemapark\" \/>\n<meta property=\"og:description\" content=\"Benita ir br\u012bni\u0161\u0137\u012bga govs, kas visvair\u0101k par visu m\u012bl sportu. Jau k\u0101 maza meitene Benita l\u0113ca p\u0101r d\u0101rziem uz augstumu, smil\u0161u kaudz\u0113s l\u0113ca uz att\u0101lumu un d\u0101rz\u0101 sacent\u0101s skrie\u0161an\u0101 pati ar sevi.\" \/>\n<meta property=\"og:url\" content=\"https:\/\/lottemaa.ee\/lv\/par-lotes-zemi\/izgudrotaju-ciema-iedzivotaji\/benita\/\" \/>\n<meta property=\"og:site_name\" content=\"Lottemaa Teemapark\" \/>\n<meta property=\"og:image\" content=\"https:\/\/lottemaa.ee\/wp-content\/uploads\/2023\/02\/Benita_316X177.jpg\" \/>\n\t<meta property=\"og:image:width\" content=\"316\" \/>\n\t<meta property=\"og:image:height\" content=\"177\" \/>\n\t<meta property=\"og:image:type\" content=\"image\/jpeg\" \/>\n<meta name=\"twitter:card\" content=\"summary_large_image\" \/>\n<meta name=\"twitter:label1\" content=\"Est. reading time\" \/>\n\t<meta name=\"twitter:data1\" content=\"1 min\u016b\u0161u\" \/>\n<script type=\"application\/ld+json\" class=\"yoast-schema-graph\">{\"@context\":\"https:\/\/schema.org\",\"@graph\":[{\"@type\":\"WebPage\",\"@id\":\"https:\/\/lottemaa.ee\/lv\/par-lotes-zemi\/izgudrotaju-ciema-iedzivotaji\/benita\/\",\"url\":\"https:\/\/lottemaa.ee\/lv\/par-lotes-zemi\/izgudrotaju-ciema-iedzivotaji\/benita\/\",\"name\":\"Benita | Lottemaa Teemapark\",\"isPartOf\":{\"@id\":\"https:\/\/lottemaa.ee\/#website\"},\"primaryImageOfPage\":{\"@id\":\"https:\/\/lottemaa.ee\/lv\/par-lotes-zemi\/izgudrotaju-ciema-iedzivotaji\/benita\/#primaryimage\"},\"image\":{\"@id\":\"https:\/\/lottemaa.ee\/lv\/par-lotes-zemi\/izgudrotaju-ciema-iedzivotaji\/benita\/#primaryimage\"},\"thumbnailUrl\":\"https:\/\/lottemaa.ee\/wp-content\/uploads\/2023\/02\/Benita_316X177.jpg\",\"datePublished\":\"2023-03-22T12:41:59+00:00\",\"description\":\"Benita ir br\u012bni\u0161\u0137\u012bga govs, kas visvair\u0101k par visu m\u012bl sportu. Jau k\u0101 maza meitene Benita l\u0113ca p\u0101r d\u0101rziem uz augstumu, smil\u0161u kaudz\u0113s l\u0113ca uz att\u0101lumu un d\u0101rz\u0101 sacent\u0101s skrie\u0161an\u0101 pati ar sevi.\",\"breadcrumb\":{\"@id\":\"https:\/\/lottemaa.ee\/lv\/par-lotes-zemi\/izgudrotaju-ciema-iedzivotaji\/benita\/#breadcrumb\"},\"inLanguage\":\"lv-LV\",\"potentialAction\":[{\"@type\":\"ReadAction\",\"target\":[\"https:\/\/lottemaa.ee\/lv\/par-lotes-zemi\/izgudrotaju-ciema-iedzivotaji\/benita\/\"]}]},{\"@type\":\"ImageObject\",\"inLanguage\":\"lv-LV\",\"@id\":\"https:\/\/lottemaa.ee\/lv\/par-lotes-zemi\/izgudrotaju-ciema-iedzivotaji\/benita\/#primaryimage\",\"url\":\"https:\/\/lottemaa.ee\/wp-content\/uploads\/2023\/02\/Benita_316X177.jpg\",\"contentUrl\":\"https:\/\/lottemaa.ee\/wp-content\/uploads\/2023\/02\/Benita_316X177.jpg\",\"width\":316,\"height\":177},{\"@type\":\"BreadcrumbList\",\"@id\":\"https:\/\/lottemaa.ee\/lv\/par-lotes-zemi\/izgudrotaju-ciema-iedzivotaji\/benita\/#breadcrumb\",\"itemListElement\":[{\"@type\":\"ListItem\",\"position\":1,\"name\":\"Home\",\"item\":\"https:\/\/lottemaa.ee\/lv\/\"},{\"@type\":\"ListItem\",\"position\":2,\"name\":\"Diena Lotes zem\u0113\",\"item\":\"https:\/\/lottemaa.ee\/lv\/par-lotes-zemi\/\"},{\"@type\":\"ListItem\",\"position\":3,\"name\":\"Izgudrot\u0101ju ciema iedz\u012bvot\u0101ji\",\"item\":\"https:\/\/lottemaa.ee\/lv\/par-lotes-zemi\/izgudrotaju-ciema-iedzivotaji\/\"},{\"@type\":\"ListItem\",\"position\":4,\"name\":\"Benita\"}]},{\"@type\":\"WebSite\",\"@id\":\"https:\/\/lottemaa.ee\/#website\",\"url\":\"https:\/\/lottemaa.ee\/\",\"name\":\"Lottemaa Teemapark\",\"description\":\"Baltimaade suurim ja k\u00f5ige \u00e4gedam kogupere teemapark Eestis P\u00e4rnumaal\",\"publisher\":{\"@id\":\"https:\/\/lottemaa.ee\/#organization\"},\"potentialAction\":[{\"@type\":\"SearchAction\",\"target\":{\"@type\":\"EntryPoint\",\"urlTemplate\":\"https:\/\/lottemaa.ee\/?s={search_term_string}\"},\"query-input\":{\"@type\":\"PropertyValueSpecification\",\"valueRequired\":true,\"valueName\":\"search_term_string\"}}],\"inLanguage\":\"lv-LV\"},{\"@type\":\"Organization\",\"@id\":\"https:\/\/lottemaa.ee\/#organization\",\"name\":\"Lottemaa Teemapark\",\"url\":\"https:\/\/lottemaa.ee\/\",\"logo\":{\"@type\":\"ImageObject\",\"inLanguage\":\"lv-LV\",\"@id\":\"https:\/\/lottemaa.ee\/#\/schema\/logo\/image\/\",\"url\":\"https:\/\/lottemaa.ee\/wp-content\/uploads\/2018\/12\/Lottemaa_LOGO.png\",\"contentUrl\":\"https:\/\/lottemaa.ee\/wp-content\/uploads\/2018\/12\/Lottemaa_LOGO.png\",\"width\":1024,\"height\":518,\"caption\":\"Lottemaa Teemapark\"},\"image\":{\"@id\":\"https:\/\/lottemaa.ee\/#\/schema\/logo\/image\/\"}}]}<\/script>\n<!-- \/ Yoast SEO plugin. -->","yoast_head_json":{"title":"Benita | Lottemaa Teemapark","description":"Benita ir br\u012bni\u0161\u0137\u012bga govs, kas visvair\u0101k par visu m\u012bl sportu. Jau k\u0101 maza meitene Benita l\u0113ca p\u0101r d\u0101rziem uz augstumu, smil\u0161u kaudz\u0113s l\u0113ca uz att\u0101lumu un d\u0101rz\u0101 sacent\u0101s skrie\u0161an\u0101 pati ar sevi.","robots":{"index":"index","follow":"follow","max-snippet":"max-snippet:-1","max-image-preview":"max-image-preview:large","max-video-preview":"max-video-preview:-1"},"canonical":"https:\/\/lottemaa.ee\/lv\/par-lotes-zemi\/izgudrotaju-ciema-iedzivotaji\/benita\/","og_locale":"lv_LV","og_type":"article","og_title":"Benita | Lottemaa Teemapark","og_description":"Benita ir br\u012bni\u0161\u0137\u012bga govs, kas visvair\u0101k par visu m\u012bl sportu. Jau k\u0101 maza meitene Benita l\u0113ca p\u0101r d\u0101rziem uz augstumu, smil\u0161u kaudz\u0113s l\u0113ca uz att\u0101lumu un d\u0101rz\u0101 sacent\u0101s skrie\u0161an\u0101 pati ar sevi.","og_url":"https:\/\/lottemaa.ee\/lv\/par-lotes-zemi\/izgudrotaju-ciema-iedzivotaji\/benita\/","og_site_name":"Lottemaa Teemapark","og_image":[{"width":316,"height":177,"url":"https:\/\/lottemaa.ee\/wp-content\/uploads\/2023\/02\/Benita_316X177.jpg","type":"image\/jpeg"}],"twitter_card":"summary_large_image","twitter_misc":{"Est. reading time":"1 min\u016b\u0161u"},"schema":{"@context":"https:\/\/schema.org","@graph":[{"@type":"WebPage","@id":"https:\/\/lottemaa.ee\/lv\/par-lotes-zemi\/izgudrotaju-ciema-iedzivotaji\/benita\/","url":"https:\/\/lottemaa.ee\/lv\/par-lotes-zemi\/izgudrotaju-ciema-iedzivotaji\/benita\/","name":"Benita | Lottemaa Teemapark","isPartOf":{"@id":"https:\/\/lottemaa.ee\/#website"},"primaryImageOfPage":{"@id":"https:\/\/lottemaa.ee\/lv\/par-lotes-zemi\/izgudrotaju-ciema-iedzivotaji\/benita\/#primaryimage"},"image":{"@id":"https:\/\/lottemaa.ee\/lv\/par-lotes-zemi\/izgudrotaju-ciema-iedzivotaji\/benita\/#primaryimage"},"thumbnailUrl":"https:\/\/lottemaa.ee\/wp-content\/uploads\/2023\/02\/Benita_316X177.jpg","datePublished":"2023-03-22T12:41:59+00:00","description":"Benita ir br\u012bni\u0161\u0137\u012bga govs, kas visvair\u0101k par visu m\u012bl sportu. Jau k\u0101 maza meitene Benita l\u0113ca p\u0101r d\u0101rziem uz augstumu, smil\u0161u kaudz\u0113s l\u0113ca uz att\u0101lumu un d\u0101rz\u0101 sacent\u0101s skrie\u0161an\u0101 pati ar sevi.","breadcrumb":{"@id":"https:\/\/lottemaa.ee\/lv\/par-lotes-zemi\/izgudrotaju-ciema-iedzivotaji\/benita\/#breadcrumb"},"inLanguage":"lv-LV","potentialAction":[{"@type":"ReadAction","target":["https:\/\/lottemaa.ee\/lv\/par-lotes-zemi\/izgudrotaju-ciema-iedzivotaji\/benita\/"]}]},{"@type":"ImageObject","inLanguage":"lv-LV","@id":"https:\/\/lottemaa.ee\/lv\/par-lotes-zemi\/izgudrotaju-ciema-iedzivotaji\/benita\/#primaryimage","url":"https:\/\/lottemaa.ee\/wp-content\/uploads\/2023\/02\/Benita_316X177.jpg","contentUrl":"https:\/\/lottemaa.ee\/wp-content\/uploads\/2023\/02\/Benita_316X177.jpg","width":316,"height":177},{"@type":"BreadcrumbList","@id":"https:\/\/lottemaa.ee\/lv\/par-lotes-zemi\/izgudrotaju-ciema-iedzivotaji\/benita\/#breadcrumb","itemListElement":[{"@type":"ListItem","position":1,"name":"Home","item":"https:\/\/lottemaa.ee\/lv\/"},{"@type":"ListItem","position":2,"name":"Diena Lotes zem\u0113","item":"https:\/\/lottemaa.ee\/lv\/par-lotes-zemi\/"},{"@type":"ListItem","position":3,"name":"Izgudrot\u0101ju ciema iedz\u012bvot\u0101ji","item":"https:\/\/lottemaa.ee\/lv\/par-lotes-zemi\/izgudrotaju-ciema-iedzivotaji\/"},{"@type":"ListItem","position":4,"name":"Benita"}]},{"@type":"WebSite","@id":"https:\/\/lottemaa.ee\/#website","url":"https:\/\/lottemaa.ee\/","name":"Lottemaa Teemapark","description":"Baltimaade suurim ja k\u00f5ige \u00e4gedam kogupere teemapark Eestis P\u00e4rnumaal","publisher":{"@id":"https:\/\/lottemaa.ee\/#organization"},"potentialAction":[{"@type":"SearchAction","target":{"@type":"EntryPoint","urlTemplate":"https:\/\/lottemaa.ee\/?s={search_term_string}"},"query-input":{"@type":"PropertyValueSpecification","valueRequired":true,"valueName":"search_term_string"}}],"inLanguage":"lv-LV"},{"@type":"Organization","@id":"https:\/\/lottemaa.ee\/#organization","name":"Lottemaa Teemapark","url":"https:\/\/lottemaa.ee\/","logo":{"@type":"ImageObject","inLanguage":"lv-LV","@id":"https:\/\/lottemaa.ee\/#\/schema\/logo\/image\/","url":"https:\/\/lottemaa.ee\/wp-content\/uploads\/2018\/12\/Lottemaa_LOGO.png","contentUrl":"https:\/\/lottemaa.ee\/wp-content\/uploads\/2018\/12\/Lottemaa_LOGO.png","width":1024,"height":518,"caption":"Lottemaa Teemapark"},"image":{"@id":"https:\/\/lottemaa.ee\/#\/schema\/logo\/image\/"}}]}},"_links":{"self":[{"href":"https:\/\/lottemaa.ee\/lv\/wp-json\/wp\/v2\/pages\/21095","targetHints":{"allow":["GET"]}}],"collection":[{"href":"https:\/\/lottemaa.ee\/lv\/wp-json\/wp\/v2\/pages"}],"about":[{"href":"https:\/\/lottemaa.ee\/lv\/wp-json\/wp\/v2\/types\/page"}],"author":[{"embeddable":true,"href":"https:\/\/lottemaa.ee\/lv\/wp-json\/wp\/v2\/users\/11"}],"replies":[{"embeddable":true,"href":"https:\/\/lottemaa.ee\/lv\/wp-json\/wp\/v2\/comments?post=21095"}],"version-history":[{"count":1,"href":"https:\/\/lottemaa.ee\/lv\/wp-json\/wp\/v2\/pages\/21095\/revisions"}],"predecessor-version":[{"id":21096,"href":"https:\/\/lottemaa.ee\/lv\/wp-json\/wp\/v2\/pages\/21095\/revisions\/21096"}],"up":[{"embeddable":true,"href":"https:\/\/lottemaa.ee\/lv\/wp-json\/wp\/v2\/pages\/1338"}],"wp:featuredmedia":[{"embeddable":true,"href":"https:\/\/lottemaa.ee\/lv\/wp-json\/wp\/v2\/media\/20528"}],"wp:attachment":[{"href":"https:\/\/lottemaa.ee\/lv\/wp-json\/wp\/v2\/media?parent=21095"}],"curies":[{"name":"wp","href":"https:\/\/api.w.org\/{rel}","templated":true}]}}