{"id":21087,"date":"2023-03-22T14:07:40","date_gmt":"2023-03-22T12:07:40","guid":{"rendered":"https:\/\/lottemaa.ee\/?page_id=21087"},"modified":"2024-03-05T11:30:11","modified_gmt":"2024-03-05T09:30:11","slug":"mihkels","status":"publish","type":"page","link":"https:\/\/lottemaa.ee\/lv\/par-mums\/izgudrotaju-ciema-iedzivotaji\/mihkels\/","title":{"rendered":"Mihkels"},"content":{"rendered":"<p style=\"text-align: left;\"><strong>Mihkels<\/strong> ir jauns za\u0137u puisis, kas diezgan nesen ieradies Izgudrot\u0101ju ciem\u0101. T\u0101 k\u0101 pie Mihkela k\u0101jas pirksta ilgaj\u0101 ce\u013c\u0101 bija piesalusi l\u0101steka, kas neganti s\u0101p\u0113ja, tad pirm\u0101 viz\u012bte vi\u0146am bija taisni Dr. Aves polikl\u012bnik\u0101, un tur ar\u012b palika vi\u0146a sirds. Proti, za\u0137is Mihkels iem\u012bl\u0113j\u0101s Dr. Av\u0113, un nesen tika nosvin\u0113tas ar\u012b lepnas k\u0101zas. Tagad Mihkels un Ave roku rok\u0101 kop\u0101 dodas v\u0101kt \u0101rstniec\u012bbas augus, bet reiz\u0113m Mihkels ie\u0146em ar\u012b cien\u012bjamo skurste\u0146slau\u0137a amatu.<\/p>\n","protected":false},"excerpt":{"rendered":"<p>Mihkels ir jauns za\u0137u puisis, kas diezgan nesen ieradies Izgudrot\u0101ju ciem\u0101. T\u0101 k\u0101 pie Mihkela k\u0101jas pirksta ilgaj\u0101 ce\u013c\u0101 bija piesalusi l\u0101steka, kas neganti s\u0101p\u0113ja, tad pirm\u0101 viz\u012bte vi\u0146am bija taisni Dr. Aves polikl\u012bnik\u0101, un tur ar\u012b palika vi\u0146a sirds. Proti, za\u0137is Mihkels iem\u012bl\u0113j\u0101s Dr. Av\u0113, un nesen tika nosvin\u0113tas ar\u012b lepnas k\u0101zas. Tagad Mihkels &hellip; <a href=\"https:\/\/lottemaa.ee\/lv\/par-mums\/izgudrotaju-ciema-iedzivotaji\/mihkels\/\">Continued<\/a><\/p>\n","protected":false},"author":11,"featured_media":20548,"parent":1338,"menu_order":236,"comment_status":"closed","ping_status":"closed","template":"","meta":{"_acf_changed":false,"om_disable_all_campaigns":false,"_uf_show_specific_survey":0,"_uf_disable_surveys":false,"footnotes":""},"class_list":["post-21087","page","type-page","status-publish","has-post-thumbnail","hentry"],"acf":[],"yoast_head":"<!-- This site is optimized with the Yoast SEO plugin v25.5 - https:\/\/yoast.com\/wordpress\/plugins\/seo\/ -->\n<title>Mihkels | Lottemaa Teemapark<\/title>\n<meta name=\"description\" content=\"Mihkels ir jauns trusis, kas pavisam nesen ierad\u0101s izgudrot\u0101ju ciemat\u0101. Vi\u0146\u0161 dz\u012bvo kop\u0101 ar za\u0137i Ave un str\u0101d\u0101 cien\u012bjamu skurste\u0146slauc\u012bt\u0101ja darbu.\" \/>\n<meta name=\"robots\" content=\"index, follow, max-snippet:-1, max-image-preview:large, max-video-preview:-1\" \/>\n<link rel=\"canonical\" href=\"https:\/\/lottemaa.ee\/lv\/par-lotes-zemi\/izgudrotaju-ciema-iedzivotaji\/mihkels\/\" \/>\n<meta property=\"og:locale\" content=\"lv_LV\" \/>\n<meta property=\"og:type\" content=\"article\" \/>\n<meta property=\"og:title\" content=\"Mihkels | Lottemaa Teemapark\" \/>\n<meta property=\"og:description\" content=\"Mihkels ir jauns trusis, kas pavisam nesen ierad\u0101s izgudrot\u0101ju ciemat\u0101. Vi\u0146\u0161 dz\u012bvo kop\u0101 ar za\u0137i Ave un str\u0101d\u0101 cien\u012bjamu skurste\u0146slauc\u012bt\u0101ja darbu.\" \/>\n<meta property=\"og:url\" content=\"https:\/\/lottemaa.ee\/lv\/par-lotes-zemi\/izgudrotaju-ciema-iedzivotaji\/mihkels\/\" \/>\n<meta property=\"og:site_name\" content=\"Lottemaa Teemapark\" \/>\n<meta property=\"article:modified_time\" content=\"2024-03-05T09:30:11+00:00\" \/>\n<meta property=\"og:image\" content=\"https:\/\/lottemaa.ee\/wp-content\/uploads\/2023\/02\/Mihkel_316X177.jpg\" \/>\n\t<meta property=\"og:image:width\" content=\"316\" \/>\n\t<meta property=\"og:image:height\" content=\"177\" \/>\n\t<meta property=\"og:image:type\" content=\"image\/jpeg\" \/>\n<meta name=\"twitter:card\" content=\"summary_large_image\" \/>\n<meta name=\"twitter:label1\" content=\"Est. reading time\" \/>\n\t<meta name=\"twitter:data1\" content=\"1 min\u016b\u0161u\" \/>\n<script type=\"application\/ld+json\" class=\"yoast-schema-graph\">{\"@context\":\"https:\/\/schema.org\",\"@graph\":[{\"@type\":\"WebPage\",\"@id\":\"https:\/\/lottemaa.ee\/lv\/par-lotes-zemi\/izgudrotaju-ciema-iedzivotaji\/mihkels\/\",\"url\":\"https:\/\/lottemaa.ee\/lv\/par-lotes-zemi\/izgudrotaju-ciema-iedzivotaji\/mihkels\/\",\"name\":\"Mihkels | Lottemaa Teemapark\",\"isPartOf\":{\"@id\":\"https:\/\/lottemaa.ee\/#website\"},\"primaryImageOfPage\":{\"@id\":\"https:\/\/lottemaa.ee\/lv\/par-lotes-zemi\/izgudrotaju-ciema-iedzivotaji\/mihkels\/#primaryimage\"},\"image\":{\"@id\":\"https:\/\/lottemaa.ee\/lv\/par-lotes-zemi\/izgudrotaju-ciema-iedzivotaji\/mihkels\/#primaryimage\"},\"thumbnailUrl\":\"https:\/\/lottemaa.ee\/wp-content\/uploads\/2023\/02\/Mihkel_316X177.jpg\",\"datePublished\":\"2023-03-22T12:07:40+00:00\",\"dateModified\":\"2024-03-05T09:30:11+00:00\",\"description\":\"Mihkels ir jauns trusis, kas pavisam nesen ierad\u0101s izgudrot\u0101ju ciemat\u0101. Vi\u0146\u0161 dz\u012bvo kop\u0101 ar za\u0137i Ave un str\u0101d\u0101 cien\u012bjamu skurste\u0146slauc\u012bt\u0101ja darbu.\",\"breadcrumb\":{\"@id\":\"https:\/\/lottemaa.ee\/lv\/par-lotes-zemi\/izgudrotaju-ciema-iedzivotaji\/mihkels\/#breadcrumb\"},\"inLanguage\":\"lv-LV\",\"potentialAction\":[{\"@type\":\"ReadAction\",\"target\":[\"https:\/\/lottemaa.ee\/lv\/par-lotes-zemi\/izgudrotaju-ciema-iedzivotaji\/mihkels\/\"]}]},{\"@type\":\"ImageObject\",\"inLanguage\":\"lv-LV\",\"@id\":\"https:\/\/lottemaa.ee\/lv\/par-lotes-zemi\/izgudrotaju-ciema-iedzivotaji\/mihkels\/#primaryimage\",\"url\":\"https:\/\/lottemaa.ee\/wp-content\/uploads\/2023\/02\/Mihkel_316X177.jpg\",\"contentUrl\":\"https:\/\/lottemaa.ee\/wp-content\/uploads\/2023\/02\/Mihkel_316X177.jpg\",\"width\":316,\"height\":177},{\"@type\":\"BreadcrumbList\",\"@id\":\"https:\/\/lottemaa.ee\/lv\/par-lotes-zemi\/izgudrotaju-ciema-iedzivotaji\/mihkels\/#breadcrumb\",\"itemListElement\":[{\"@type\":\"ListItem\",\"position\":1,\"name\":\"Home\",\"item\":\"https:\/\/lottemaa.ee\/lv\/\"},{\"@type\":\"ListItem\",\"position\":2,\"name\":\"Diena Lotes zem\u0113\",\"item\":\"https:\/\/lottemaa.ee\/lv\/par-lotes-zemi\/\"},{\"@type\":\"ListItem\",\"position\":3,\"name\":\"Izgudrot\u0101ju ciema iedz\u012bvot\u0101ji\",\"item\":\"https:\/\/lottemaa.ee\/lv\/par-lotes-zemi\/izgudrotaju-ciema-iedzivotaji\/\"},{\"@type\":\"ListItem\",\"position\":4,\"name\":\"Mihkels\"}]},{\"@type\":\"WebSite\",\"@id\":\"https:\/\/lottemaa.ee\/#website\",\"url\":\"https:\/\/lottemaa.ee\/\",\"name\":\"Lottemaa Teemapark\",\"description\":\"Baltimaade suurim ja k\u00f5ige \u00e4gedam kogupere teemapark Eestis P\u00e4rnumaal\",\"publisher\":{\"@id\":\"https:\/\/lottemaa.ee\/#organization\"},\"potentialAction\":[{\"@type\":\"SearchAction\",\"target\":{\"@type\":\"EntryPoint\",\"urlTemplate\":\"https:\/\/lottemaa.ee\/?s={search_term_string}\"},\"query-input\":{\"@type\":\"PropertyValueSpecification\",\"valueRequired\":true,\"valueName\":\"search_term_string\"}}],\"inLanguage\":\"lv-LV\"},{\"@type\":\"Organization\",\"@id\":\"https:\/\/lottemaa.ee\/#organization\",\"name\":\"Lottemaa Teemapark\",\"url\":\"https:\/\/lottemaa.ee\/\",\"logo\":{\"@type\":\"ImageObject\",\"inLanguage\":\"lv-LV\",\"@id\":\"https:\/\/lottemaa.ee\/#\/schema\/logo\/image\/\",\"url\":\"https:\/\/lottemaa.ee\/wp-content\/uploads\/2018\/12\/Lottemaa_LOGO.png\",\"contentUrl\":\"https:\/\/lottemaa.ee\/wp-content\/uploads\/2018\/12\/Lottemaa_LOGO.png\",\"width\":1024,\"height\":518,\"caption\":\"Lottemaa Teemapark\"},\"image\":{\"@id\":\"https:\/\/lottemaa.ee\/#\/schema\/logo\/image\/\"}}]}<\/script>\n<!-- \/ Yoast SEO plugin. -->","yoast_head_json":{"title":"Mihkels | Lottemaa Teemapark","description":"Mihkels ir jauns trusis, kas pavisam nesen ierad\u0101s izgudrot\u0101ju ciemat\u0101. Vi\u0146\u0161 dz\u012bvo kop\u0101 ar za\u0137i Ave un str\u0101d\u0101 cien\u012bjamu skurste\u0146slauc\u012bt\u0101ja darbu.","robots":{"index":"index","follow":"follow","max-snippet":"max-snippet:-1","max-image-preview":"max-image-preview:large","max-video-preview":"max-video-preview:-1"},"canonical":"https:\/\/lottemaa.ee\/lv\/par-lotes-zemi\/izgudrotaju-ciema-iedzivotaji\/mihkels\/","og_locale":"lv_LV","og_type":"article","og_title":"Mihkels | Lottemaa Teemapark","og_description":"Mihkels ir jauns trusis, kas pavisam nesen ierad\u0101s izgudrot\u0101ju ciemat\u0101. Vi\u0146\u0161 dz\u012bvo kop\u0101 ar za\u0137i Ave un str\u0101d\u0101 cien\u012bjamu skurste\u0146slauc\u012bt\u0101ja darbu.","og_url":"https:\/\/lottemaa.ee\/lv\/par-lotes-zemi\/izgudrotaju-ciema-iedzivotaji\/mihkels\/","og_site_name":"Lottemaa Teemapark","article_modified_time":"2024-03-05T09:30:11+00:00","og_image":[{"width":316,"height":177,"url":"https:\/\/lottemaa.ee\/wp-content\/uploads\/2023\/02\/Mihkel_316X177.jpg","type":"image\/jpeg"}],"twitter_card":"summary_large_image","twitter_misc":{"Est. reading time":"1 min\u016b\u0161u"},"schema":{"@context":"https:\/\/schema.org","@graph":[{"@type":"WebPage","@id":"https:\/\/lottemaa.ee\/lv\/par-lotes-zemi\/izgudrotaju-ciema-iedzivotaji\/mihkels\/","url":"https:\/\/lottemaa.ee\/lv\/par-lotes-zemi\/izgudrotaju-ciema-iedzivotaji\/mihkels\/","name":"Mihkels | Lottemaa Teemapark","isPartOf":{"@id":"https:\/\/lottemaa.ee\/#website"},"primaryImageOfPage":{"@id":"https:\/\/lottemaa.ee\/lv\/par-lotes-zemi\/izgudrotaju-ciema-iedzivotaji\/mihkels\/#primaryimage"},"image":{"@id":"https:\/\/lottemaa.ee\/lv\/par-lotes-zemi\/izgudrotaju-ciema-iedzivotaji\/mihkels\/#primaryimage"},"thumbnailUrl":"https:\/\/lottemaa.ee\/wp-content\/uploads\/2023\/02\/Mihkel_316X177.jpg","datePublished":"2023-03-22T12:07:40+00:00","dateModified":"2024-03-05T09:30:11+00:00","description":"Mihkels ir jauns trusis, kas pavisam nesen ierad\u0101s izgudrot\u0101ju ciemat\u0101. Vi\u0146\u0161 dz\u012bvo kop\u0101 ar za\u0137i Ave un str\u0101d\u0101 cien\u012bjamu skurste\u0146slauc\u012bt\u0101ja darbu.","breadcrumb":{"@id":"https:\/\/lottemaa.ee\/lv\/par-lotes-zemi\/izgudrotaju-ciema-iedzivotaji\/mihkels\/#breadcrumb"},"inLanguage":"lv-LV","potentialAction":[{"@type":"ReadAction","target":["https:\/\/lottemaa.ee\/lv\/par-lotes-zemi\/izgudrotaju-ciema-iedzivotaji\/mihkels\/"]}]},{"@type":"ImageObject","inLanguage":"lv-LV","@id":"https:\/\/lottemaa.ee\/lv\/par-lotes-zemi\/izgudrotaju-ciema-iedzivotaji\/mihkels\/#primaryimage","url":"https:\/\/lottemaa.ee\/wp-content\/uploads\/2023\/02\/Mihkel_316X177.jpg","contentUrl":"https:\/\/lottemaa.ee\/wp-content\/uploads\/2023\/02\/Mihkel_316X177.jpg","width":316,"height":177},{"@type":"BreadcrumbList","@id":"https:\/\/lottemaa.ee\/lv\/par-lotes-zemi\/izgudrotaju-ciema-iedzivotaji\/mihkels\/#breadcrumb","itemListElement":[{"@type":"ListItem","position":1,"name":"Home","item":"https:\/\/lottemaa.ee\/lv\/"},{"@type":"ListItem","position":2,"name":"Diena Lotes zem\u0113","item":"https:\/\/lottemaa.ee\/lv\/par-lotes-zemi\/"},{"@type":"ListItem","position":3,"name":"Izgudrot\u0101ju ciema iedz\u012bvot\u0101ji","item":"https:\/\/lottemaa.ee\/lv\/par-lotes-zemi\/izgudrotaju-ciema-iedzivotaji\/"},{"@type":"ListItem","position":4,"name":"Mihkels"}]},{"@type":"WebSite","@id":"https:\/\/lottemaa.ee\/#website","url":"https:\/\/lottemaa.ee\/","name":"Lottemaa Teemapark","description":"Baltimaade suurim ja k\u00f5ige \u00e4gedam kogupere teemapark Eestis P\u00e4rnumaal","publisher":{"@id":"https:\/\/lottemaa.ee\/#organization"},"potentialAction":[{"@type":"SearchAction","target":{"@type":"EntryPoint","urlTemplate":"https:\/\/lottemaa.ee\/?s={search_term_string}"},"query-input":{"@type":"PropertyValueSpecification","valueRequired":true,"valueName":"search_term_string"}}],"inLanguage":"lv-LV"},{"@type":"Organization","@id":"https:\/\/lottemaa.ee\/#organization","name":"Lottemaa Teemapark","url":"https:\/\/lottemaa.ee\/","logo":{"@type":"ImageObject","inLanguage":"lv-LV","@id":"https:\/\/lottemaa.ee\/#\/schema\/logo\/image\/","url":"https:\/\/lottemaa.ee\/wp-content\/uploads\/2018\/12\/Lottemaa_LOGO.png","contentUrl":"https:\/\/lottemaa.ee\/wp-content\/uploads\/2018\/12\/Lottemaa_LOGO.png","width":1024,"height":518,"caption":"Lottemaa Teemapark"},"image":{"@id":"https:\/\/lottemaa.ee\/#\/schema\/logo\/image\/"}}]}},"_links":{"self":[{"href":"https:\/\/lottemaa.ee\/lv\/wp-json\/wp\/v2\/pages\/21087","targetHints":{"allow":["GET"]}}],"collection":[{"href":"https:\/\/lottemaa.ee\/lv\/wp-json\/wp\/v2\/pages"}],"about":[{"href":"https:\/\/lottemaa.ee\/lv\/wp-json\/wp\/v2\/types\/page"}],"author":[{"embeddable":true,"href":"https:\/\/lottemaa.ee\/lv\/wp-json\/wp\/v2\/users\/11"}],"replies":[{"embeddable":true,"href":"https:\/\/lottemaa.ee\/lv\/wp-json\/wp\/v2\/comments?post=21087"}],"version-history":[{"count":1,"href":"https:\/\/lottemaa.ee\/lv\/wp-json\/wp\/v2\/pages\/21087\/revisions"}],"predecessor-version":[{"id":21088,"href":"https:\/\/lottemaa.ee\/lv\/wp-json\/wp\/v2\/pages\/21087\/revisions\/21088"}],"up":[{"embeddable":true,"href":"https:\/\/lottemaa.ee\/lv\/wp-json\/wp\/v2\/pages\/1338"}],"wp:featuredmedia":[{"embeddable":true,"href":"https:\/\/lottemaa.ee\/lv\/wp-json\/wp\/v2\/media\/20548"}],"wp:attachment":[{"href":"https:\/\/lottemaa.ee\/lv\/wp-json\/wp\/v2\/media?parent=21087"}],"curies":[{"name":"wp","href":"https:\/\/api.w.org\/{rel}","templated":true}]}}