{"id":21081,"date":"2023-03-22T13:42:32","date_gmt":"2023-03-22T11:42:32","guid":{"rendered":"https:\/\/lottemaa.ee\/?page_id=21081"},"modified":"2023-03-22T13:50:02","modified_gmt":"2023-03-22T11:50:02","slug":"huberts","status":"publish","type":"page","link":"https:\/\/lottemaa.ee\/lv\/par-mums\/izgudrotaju-ciema-iedzivotaji\/huberts\/","title":{"rendered":"HUBERTS"},"content":{"rendered":"<p style=\"text-align: left;\">Kad dzelzs p\u012ble Paul\u012bne no Austr\u0101lijas non\u0101ca Izgudrot\u0101ju ciem\u0101, vi\u0146ai l\u012bdzi bija dzelzs ola. P\u0113c k\u0101da laika no olas iz\u0161\u0137\u012bl\u0101s neliels p\u012b\u013cu puika. Tagad Huberts jau ir \u012bstens pui\u0161elis, nedaudz izlutin\u0101ts, k\u0101 ar\u012b vilt\u012bgs k\u0101 k\u016bmi\u0146\u0161. Hubertam vair\u0101k par visu pat\u012bk konfektes uz koci\u0146a, un ne mamma, ne onkulis Klauss, nemaz nerun\u0101jot par roni Leo, nesp\u0113j st\u0101ties pret\u012b Huberta vilt\u012bb\u0101m, un Hubertam koci\u0146u konfek\u0161u netr\u016bkst.<\/p>\n","protected":false},"excerpt":{"rendered":"<p>Kad dzelzs p\u012ble Paul\u012bne no Austr\u0101lijas non\u0101ca Izgudrot\u0101ju ciem\u0101, vi\u0146ai l\u012bdzi bija dzelzs ola. P\u0113c k\u0101da laika no olas iz\u0161\u0137\u012bl\u0101s neliels p\u012b\u013cu puika. Tagad Huberts jau ir \u012bstens pui\u0161elis, nedaudz izlutin\u0101ts, k\u0101 ar\u012b vilt\u012bgs k\u0101 k\u016bmi\u0146\u0161. Hubertam vair\u0101k par visu pat\u012bk konfektes uz koci\u0146a, un ne mamma, ne onkulis Klauss, nemaz nerun\u0101jot par roni Leo, &hellip; <a href=\"https:\/\/lottemaa.ee\/lv\/par-mums\/izgudrotaju-ciema-iedzivotaji\/huberts\/\">Continued<\/a><\/p>\n","protected":false},"author":11,"featured_media":20908,"parent":1338,"menu_order":303,"comment_status":"closed","ping_status":"closed","template":"","meta":{"_acf_changed":false,"om_disable_all_campaigns":false,"_uf_show_specific_survey":0,"_uf_disable_surveys":false,"footnotes":""},"class_list":["post-21081","page","type-page","status-publish","has-post-thumbnail","hentry"],"acf":[],"yoast_head":"<!-- This site is optimized with the Yoast SEO plugin v25.5 - https:\/\/yoast.com\/wordpress\/plugins\/seo\/ -->\n<title>HUBERTS | Lottemaa Teemapark<\/title>\n<meta name=\"description\" content=\"Kad dzelzs p\u012ble Paul\u012bne no Austr\u0101lijas non\u0101ca Izgudrot\u0101ju ciem\u0101, vi\u0146ai l\u012bdzi bija dzelzs ola. P\u0113c k\u0101da laika no olas iz\u0161\u0137\u012bl\u0101s neliels p\u012b\u013cu puika.\" \/>\n<meta name=\"robots\" content=\"index, follow, max-snippet:-1, max-image-preview:large, max-video-preview:-1\" \/>\n<link rel=\"canonical\" href=\"https:\/\/lottemaa.ee\/lv\/par-lotes-zemi\/izgudrotaju-ciema-iedzivotaji\/huberts\/\" \/>\n<meta property=\"og:locale\" content=\"lv_LV\" \/>\n<meta property=\"og:type\" content=\"article\" \/>\n<meta property=\"og:title\" content=\"HUBERTS | Lottemaa Teemapark\" \/>\n<meta property=\"og:description\" content=\"Kad dzelzs p\u012ble Paul\u012bne no Austr\u0101lijas non\u0101ca Izgudrot\u0101ju ciem\u0101, vi\u0146ai l\u012bdzi bija dzelzs ola. P\u0113c k\u0101da laika no olas iz\u0161\u0137\u012bl\u0101s neliels p\u012b\u013cu puika.\" \/>\n<meta property=\"og:url\" content=\"https:\/\/lottemaa.ee\/lv\/par-lotes-zemi\/izgudrotaju-ciema-iedzivotaji\/huberts\/\" \/>\n<meta property=\"og:site_name\" content=\"Lottemaa Teemapark\" \/>\n<meta property=\"article:modified_time\" content=\"2023-03-22T11:50:02+00:00\" \/>\n<meta property=\"og:image\" content=\"https:\/\/lottemaa.ee\/wp-content\/uploads\/2023\/03\/Hubert_316x177.jpg\" \/>\n\t<meta property=\"og:image:width\" content=\"316\" \/>\n\t<meta property=\"og:image:height\" content=\"177\" \/>\n\t<meta property=\"og:image:type\" content=\"image\/jpeg\" \/>\n<meta name=\"twitter:card\" content=\"summary_large_image\" \/>\n<meta name=\"twitter:label1\" content=\"Est. reading time\" \/>\n\t<meta name=\"twitter:data1\" content=\"1 min\u016b\u0161u\" \/>\n<script type=\"application\/ld+json\" class=\"yoast-schema-graph\">{\"@context\":\"https:\/\/schema.org\",\"@graph\":[{\"@type\":\"WebPage\",\"@id\":\"https:\/\/lottemaa.ee\/lv\/par-lotes-zemi\/izgudrotaju-ciema-iedzivotaji\/huberts\/\",\"url\":\"https:\/\/lottemaa.ee\/lv\/par-lotes-zemi\/izgudrotaju-ciema-iedzivotaji\/huberts\/\",\"name\":\"HUBERTS | Lottemaa Teemapark\",\"isPartOf\":{\"@id\":\"https:\/\/lottemaa.ee\/#website\"},\"primaryImageOfPage\":{\"@id\":\"https:\/\/lottemaa.ee\/lv\/par-lotes-zemi\/izgudrotaju-ciema-iedzivotaji\/huberts\/#primaryimage\"},\"image\":{\"@id\":\"https:\/\/lottemaa.ee\/lv\/par-lotes-zemi\/izgudrotaju-ciema-iedzivotaji\/huberts\/#primaryimage\"},\"thumbnailUrl\":\"https:\/\/lottemaa.ee\/wp-content\/uploads\/2023\/03\/Hubert_316x177.jpg\",\"datePublished\":\"2023-03-22T11:42:32+00:00\",\"dateModified\":\"2023-03-22T11:50:02+00:00\",\"description\":\"Kad dzelzs p\u012ble Paul\u012bne no Austr\u0101lijas non\u0101ca Izgudrot\u0101ju ciem\u0101, vi\u0146ai l\u012bdzi bija dzelzs ola. P\u0113c k\u0101da laika no olas iz\u0161\u0137\u012bl\u0101s neliels p\u012b\u013cu puika.\",\"breadcrumb\":{\"@id\":\"https:\/\/lottemaa.ee\/lv\/par-lotes-zemi\/izgudrotaju-ciema-iedzivotaji\/huberts\/#breadcrumb\"},\"inLanguage\":\"lv-LV\",\"potentialAction\":[{\"@type\":\"ReadAction\",\"target\":[\"https:\/\/lottemaa.ee\/lv\/par-lotes-zemi\/izgudrotaju-ciema-iedzivotaji\/huberts\/\"]}]},{\"@type\":\"ImageObject\",\"inLanguage\":\"lv-LV\",\"@id\":\"https:\/\/lottemaa.ee\/lv\/par-lotes-zemi\/izgudrotaju-ciema-iedzivotaji\/huberts\/#primaryimage\",\"url\":\"https:\/\/lottemaa.ee\/wp-content\/uploads\/2023\/03\/Hubert_316x177.jpg\",\"contentUrl\":\"https:\/\/lottemaa.ee\/wp-content\/uploads\/2023\/03\/Hubert_316x177.jpg\",\"width\":316,\"height\":177},{\"@type\":\"BreadcrumbList\",\"@id\":\"https:\/\/lottemaa.ee\/lv\/par-lotes-zemi\/izgudrotaju-ciema-iedzivotaji\/huberts\/#breadcrumb\",\"itemListElement\":[{\"@type\":\"ListItem\",\"position\":1,\"name\":\"Home\",\"item\":\"https:\/\/lottemaa.ee\/lv\/\"},{\"@type\":\"ListItem\",\"position\":2,\"name\":\"Diena Lotes zem\u0113\",\"item\":\"https:\/\/lottemaa.ee\/lv\/par-lotes-zemi\/\"},{\"@type\":\"ListItem\",\"position\":3,\"name\":\"Izgudrot\u0101ju ciema iedz\u012bvot\u0101ji\",\"item\":\"https:\/\/lottemaa.ee\/lv\/par-lotes-zemi\/izgudrotaju-ciema-iedzivotaji\/\"},{\"@type\":\"ListItem\",\"position\":4,\"name\":\"HUBERTS\"}]},{\"@type\":\"WebSite\",\"@id\":\"https:\/\/lottemaa.ee\/#website\",\"url\":\"https:\/\/lottemaa.ee\/\",\"name\":\"Lottemaa Teemapark\",\"description\":\"Baltimaade suurim ja k\u00f5ige \u00e4gedam kogupere teemapark Eestis P\u00e4rnumaal\",\"publisher\":{\"@id\":\"https:\/\/lottemaa.ee\/#organization\"},\"potentialAction\":[{\"@type\":\"SearchAction\",\"target\":{\"@type\":\"EntryPoint\",\"urlTemplate\":\"https:\/\/lottemaa.ee\/?s={search_term_string}\"},\"query-input\":{\"@type\":\"PropertyValueSpecification\",\"valueRequired\":true,\"valueName\":\"search_term_string\"}}],\"inLanguage\":\"lv-LV\"},{\"@type\":\"Organization\",\"@id\":\"https:\/\/lottemaa.ee\/#organization\",\"name\":\"Lottemaa Teemapark\",\"url\":\"https:\/\/lottemaa.ee\/\",\"logo\":{\"@type\":\"ImageObject\",\"inLanguage\":\"lv-LV\",\"@id\":\"https:\/\/lottemaa.ee\/#\/schema\/logo\/image\/\",\"url\":\"https:\/\/lottemaa.ee\/wp-content\/uploads\/2018\/12\/Lottemaa_LOGO.png\",\"contentUrl\":\"https:\/\/lottemaa.ee\/wp-content\/uploads\/2018\/12\/Lottemaa_LOGO.png\",\"width\":1024,\"height\":518,\"caption\":\"Lottemaa Teemapark\"},\"image\":{\"@id\":\"https:\/\/lottemaa.ee\/#\/schema\/logo\/image\/\"}}]}<\/script>\n<!-- \/ Yoast SEO plugin. -->","yoast_head_json":{"title":"HUBERTS | Lottemaa Teemapark","description":"Kad dzelzs p\u012ble Paul\u012bne no Austr\u0101lijas non\u0101ca Izgudrot\u0101ju ciem\u0101, vi\u0146ai l\u012bdzi bija dzelzs ola. P\u0113c k\u0101da laika no olas iz\u0161\u0137\u012bl\u0101s neliels p\u012b\u013cu puika.","robots":{"index":"index","follow":"follow","max-snippet":"max-snippet:-1","max-image-preview":"max-image-preview:large","max-video-preview":"max-video-preview:-1"},"canonical":"https:\/\/lottemaa.ee\/lv\/par-lotes-zemi\/izgudrotaju-ciema-iedzivotaji\/huberts\/","og_locale":"lv_LV","og_type":"article","og_title":"HUBERTS | Lottemaa Teemapark","og_description":"Kad dzelzs p\u012ble Paul\u012bne no Austr\u0101lijas non\u0101ca Izgudrot\u0101ju ciem\u0101, vi\u0146ai l\u012bdzi bija dzelzs ola. P\u0113c k\u0101da laika no olas iz\u0161\u0137\u012bl\u0101s neliels p\u012b\u013cu puika.","og_url":"https:\/\/lottemaa.ee\/lv\/par-lotes-zemi\/izgudrotaju-ciema-iedzivotaji\/huberts\/","og_site_name":"Lottemaa Teemapark","article_modified_time":"2023-03-22T11:50:02+00:00","og_image":[{"width":316,"height":177,"url":"https:\/\/lottemaa.ee\/wp-content\/uploads\/2023\/03\/Hubert_316x177.jpg","type":"image\/jpeg"}],"twitter_card":"summary_large_image","twitter_misc":{"Est. reading time":"1 min\u016b\u0161u"},"schema":{"@context":"https:\/\/schema.org","@graph":[{"@type":"WebPage","@id":"https:\/\/lottemaa.ee\/lv\/par-lotes-zemi\/izgudrotaju-ciema-iedzivotaji\/huberts\/","url":"https:\/\/lottemaa.ee\/lv\/par-lotes-zemi\/izgudrotaju-ciema-iedzivotaji\/huberts\/","name":"HUBERTS | Lottemaa Teemapark","isPartOf":{"@id":"https:\/\/lottemaa.ee\/#website"},"primaryImageOfPage":{"@id":"https:\/\/lottemaa.ee\/lv\/par-lotes-zemi\/izgudrotaju-ciema-iedzivotaji\/huberts\/#primaryimage"},"image":{"@id":"https:\/\/lottemaa.ee\/lv\/par-lotes-zemi\/izgudrotaju-ciema-iedzivotaji\/huberts\/#primaryimage"},"thumbnailUrl":"https:\/\/lottemaa.ee\/wp-content\/uploads\/2023\/03\/Hubert_316x177.jpg","datePublished":"2023-03-22T11:42:32+00:00","dateModified":"2023-03-22T11:50:02+00:00","description":"Kad dzelzs p\u012ble Paul\u012bne no Austr\u0101lijas non\u0101ca Izgudrot\u0101ju ciem\u0101, vi\u0146ai l\u012bdzi bija dzelzs ola. P\u0113c k\u0101da laika no olas iz\u0161\u0137\u012bl\u0101s neliels p\u012b\u013cu puika.","breadcrumb":{"@id":"https:\/\/lottemaa.ee\/lv\/par-lotes-zemi\/izgudrotaju-ciema-iedzivotaji\/huberts\/#breadcrumb"},"inLanguage":"lv-LV","potentialAction":[{"@type":"ReadAction","target":["https:\/\/lottemaa.ee\/lv\/par-lotes-zemi\/izgudrotaju-ciema-iedzivotaji\/huberts\/"]}]},{"@type":"ImageObject","inLanguage":"lv-LV","@id":"https:\/\/lottemaa.ee\/lv\/par-lotes-zemi\/izgudrotaju-ciema-iedzivotaji\/huberts\/#primaryimage","url":"https:\/\/lottemaa.ee\/wp-content\/uploads\/2023\/03\/Hubert_316x177.jpg","contentUrl":"https:\/\/lottemaa.ee\/wp-content\/uploads\/2023\/03\/Hubert_316x177.jpg","width":316,"height":177},{"@type":"BreadcrumbList","@id":"https:\/\/lottemaa.ee\/lv\/par-lotes-zemi\/izgudrotaju-ciema-iedzivotaji\/huberts\/#breadcrumb","itemListElement":[{"@type":"ListItem","position":1,"name":"Home","item":"https:\/\/lottemaa.ee\/lv\/"},{"@type":"ListItem","position":2,"name":"Diena Lotes zem\u0113","item":"https:\/\/lottemaa.ee\/lv\/par-lotes-zemi\/"},{"@type":"ListItem","position":3,"name":"Izgudrot\u0101ju ciema iedz\u012bvot\u0101ji","item":"https:\/\/lottemaa.ee\/lv\/par-lotes-zemi\/izgudrotaju-ciema-iedzivotaji\/"},{"@type":"ListItem","position":4,"name":"HUBERTS"}]},{"@type":"WebSite","@id":"https:\/\/lottemaa.ee\/#website","url":"https:\/\/lottemaa.ee\/","name":"Lottemaa Teemapark","description":"Baltimaade suurim ja k\u00f5ige \u00e4gedam kogupere teemapark Eestis P\u00e4rnumaal","publisher":{"@id":"https:\/\/lottemaa.ee\/#organization"},"potentialAction":[{"@type":"SearchAction","target":{"@type":"EntryPoint","urlTemplate":"https:\/\/lottemaa.ee\/?s={search_term_string}"},"query-input":{"@type":"PropertyValueSpecification","valueRequired":true,"valueName":"search_term_string"}}],"inLanguage":"lv-LV"},{"@type":"Organization","@id":"https:\/\/lottemaa.ee\/#organization","name":"Lottemaa Teemapark","url":"https:\/\/lottemaa.ee\/","logo":{"@type":"ImageObject","inLanguage":"lv-LV","@id":"https:\/\/lottemaa.ee\/#\/schema\/logo\/image\/","url":"https:\/\/lottemaa.ee\/wp-content\/uploads\/2018\/12\/Lottemaa_LOGO.png","contentUrl":"https:\/\/lottemaa.ee\/wp-content\/uploads\/2018\/12\/Lottemaa_LOGO.png","width":1024,"height":518,"caption":"Lottemaa Teemapark"},"image":{"@id":"https:\/\/lottemaa.ee\/#\/schema\/logo\/image\/"}}]}},"_links":{"self":[{"href":"https:\/\/lottemaa.ee\/lv\/wp-json\/wp\/v2\/pages\/21081","targetHints":{"allow":["GET"]}}],"collection":[{"href":"https:\/\/lottemaa.ee\/lv\/wp-json\/wp\/v2\/pages"}],"about":[{"href":"https:\/\/lottemaa.ee\/lv\/wp-json\/wp\/v2\/types\/page"}],"author":[{"embeddable":true,"href":"https:\/\/lottemaa.ee\/lv\/wp-json\/wp\/v2\/users\/11"}],"replies":[{"embeddable":true,"href":"https:\/\/lottemaa.ee\/lv\/wp-json\/wp\/v2\/comments?post=21081"}],"version-history":[{"count":3,"href":"https:\/\/lottemaa.ee\/lv\/wp-json\/wp\/v2\/pages\/21081\/revisions"}],"predecessor-version":[{"id":21084,"href":"https:\/\/lottemaa.ee\/lv\/wp-json\/wp\/v2\/pages\/21081\/revisions\/21084"}],"up":[{"embeddable":true,"href":"https:\/\/lottemaa.ee\/lv\/wp-json\/wp\/v2\/pages\/1338"}],"wp:featuredmedia":[{"embeddable":true,"href":"https:\/\/lottemaa.ee\/lv\/wp-json\/wp\/v2\/media\/20908"}],"wp:attachment":[{"href":"https:\/\/lottemaa.ee\/lv\/wp-json\/wp\/v2\/media?parent=21081"}],"curies":[{"name":"wp","href":"https:\/\/api.w.org\/{rel}","templated":true}]}}