{"id":20471,"date":"2023-02-13T10:21:01","date_gmt":"2023-02-13T08:21:01","guid":{"rendered":"https:\/\/lottemaa.ee\/?page_id=20471"},"modified":"2024-09-25T16:07:19","modified_gmt":"2024-09-25T13:07:19","slug":"kisatoru","status":"publish","type":"page","link":"https:\/\/lottemaa.ee\/lv\/par-lotes-zemi\/izgudrojumi\/kisatoru\/","title":{"rendered":"BR\u0112K\u0160ANAS CAURULE"},"content":{"rendered":"<p style=\"text-align: left;\">Lotes zemes <strong>LIEL\u0100 IZGUDROJUMU KONKURSA 2021<\/strong> uzvar\u0113t\u0101js ir 5 gadus vec\u0101 <strong>Alberta Laidres<\/strong> un 2 gadus vec\u0101<strong> Uku Laidres<\/strong> izgudrojums, kas sare\u017e\u0123\u012btos br\u012b\u017eos pal\u012bdz\u0113s tikt gal\u0101 ar emocij\u0101m, kuras laiku pa laikam m\u0113dz \u0146emt virsroku.<\/p>\n<p style=\"text-align: left;\">Br\u0113k\u0161anas caurule ir iek\u0101rta, kur\u0101 var nos\u016bt\u012bt savas emocijas un saj\u016btas. T\u0101 k\u0101 visi ni\u0137i biolo\u0123iski sadal\u0101s, tad viens br\u0113k\u0161anas caurules gals ir ierakts zem\u0113. Filtrs caurules gal\u0101 r\u016bp\u0113jas par to, lai ni\u0137i neaplipin\u0101tu citus apmekl\u0113t\u0101jus. Br\u0113k\u0161anas caurules otr\u0101 gal\u0101 ir ska\u013crunis. Ja smiesieties br\u0113k\u0161anas caurul\u0113, tad visiem apk\u0101rt\u0113jiem b\u016bs labs garast\u0101voklis.<\/p>\n","protected":false},"excerpt":{"rendered":"<p>Lotes zemes LIEL\u0100 IZGUDROJUMU KONKURSA 2021 uzvar\u0113t\u0101js ir 5 gadus vec\u0101 Alberta Laidres un 2 gadus vec\u0101 Uku Laidres izgudrojums, kas sare\u017e\u0123\u012btos br\u012b\u017eos pal\u012bdz\u0113s tikt gal\u0101 ar emocij\u0101m, kuras laiku pa laikam m\u0113dz \u0146emt virsroku. Br\u0113k\u0161anas caurule ir iek\u0101rta, kur\u0101 var nos\u016bt\u012bt savas emocijas un saj\u016btas. T\u0101 k\u0101 visi ni\u0137i biolo\u0123iski sadal\u0101s, tad viens br\u0113k\u0161anas &hellip; <a href=\"https:\/\/lottemaa.ee\/lv\/par-lotes-zemi\/izgudrojumi\/kisatoru\/\">Continued<\/a><\/p>\n","protected":false},"author":11,"featured_media":12567,"parent":4256,"menu_order":444,"comment_status":"closed","ping_status":"closed","template":"","meta":{"_acf_changed":false,"om_disable_all_campaigns":false,"_uf_show_specific_survey":0,"_uf_disable_surveys":false,"footnotes":""},"class_list":["post-20471","page","type-page","status-publish","has-post-thumbnail","hentry"],"acf":[],"yoast_head":"<!-- This site is optimized with the Yoast SEO plugin v25.5 - https:\/\/yoast.com\/wordpress\/plugins\/seo\/ -->\n<title>BR\u0112K\u0160ANAS CAURULE | Lottemaa Teemapark<\/title>\n<meta name=\"description\" content=\"Lotes zemes LIEL\u0100 IZGUDROJUMU KONKURSA 2021 uzvar\u0113t\u0101js ir 5 gadus vec\u0101 Alberta Laidres un 2 gadus vec\u0101 Uku Laidres izgudrojums, kas sare\u017e\u0123\u012btos br\u012b\u017eos pal\u012bdz\u0113s tikt gal\u0101 ar emocij\u0101m, kuras laiku pa laikam m\u0113dz \u0146emt virsroku.\" \/>\n<meta name=\"robots\" content=\"index, follow, max-snippet:-1, max-image-preview:large, max-video-preview:-1\" \/>\n<link rel=\"canonical\" href=\"https:\/\/lottemaa.ee\/lv\/par-lotes-zemi\/izgudrojumi\/kisatoru\/\" \/>\n<meta property=\"og:locale\" content=\"lv_LV\" \/>\n<meta property=\"og:type\" content=\"article\" \/>\n<meta property=\"og:title\" content=\"BR\u0112K\u0160ANAS CAURULE | Lottemaa Teemapark\" \/>\n<meta property=\"og:description\" content=\"Lotes zemes LIEL\u0100 IZGUDROJUMU KONKURSA 2021 uzvar\u0113t\u0101js ir 5 gadus vec\u0101 Alberta Laidres un 2 gadus vec\u0101 Uku Laidres izgudrojums, kas sare\u017e\u0123\u012btos br\u012b\u017eos pal\u012bdz\u0113s tikt gal\u0101 ar emocij\u0101m, kuras laiku pa laikam m\u0113dz \u0146emt virsroku.\" \/>\n<meta property=\"og:url\" content=\"https:\/\/lottemaa.ee\/lv\/par-lotes-zemi\/izgudrojumi\/kisatoru\/\" \/>\n<meta property=\"og:site_name\" content=\"Lottemaa Teemapark\" \/>\n<meta property=\"article:modified_time\" content=\"2024-09-25T13:07:19+00:00\" \/>\n<meta property=\"og:image\" content=\"https:\/\/lottemaa.ee\/wp-content\/uploads\/2022\/02\/DSC_6351-scaled.jpg\" \/>\n\t<meta property=\"og:image:width\" content=\"2560\" \/>\n\t<meta property=\"og:image:height\" content=\"1695\" \/>\n\t<meta property=\"og:image:type\" content=\"image\/jpeg\" \/>\n<meta name=\"twitter:card\" content=\"summary_large_image\" \/>\n<meta name=\"twitter:label1\" content=\"Est. reading time\" \/>\n\t<meta name=\"twitter:data1\" content=\"1 min\u016b\u0161u\" \/>\n<script type=\"application\/ld+json\" class=\"yoast-schema-graph\">{\"@context\":\"https:\/\/schema.org\",\"@graph\":[{\"@type\":\"WebPage\",\"@id\":\"https:\/\/lottemaa.ee\/lv\/par-lotes-zemi\/izgudrojumi\/kisatoru\/\",\"url\":\"https:\/\/lottemaa.ee\/lv\/par-lotes-zemi\/izgudrojumi\/kisatoru\/\",\"name\":\"BR\u0112K\u0160ANAS CAURULE | Lottemaa Teemapark\",\"isPartOf\":{\"@id\":\"https:\/\/lottemaa.ee\/#website\"},\"primaryImageOfPage\":{\"@id\":\"https:\/\/lottemaa.ee\/lv\/par-lotes-zemi\/izgudrojumi\/kisatoru\/#primaryimage\"},\"image\":{\"@id\":\"https:\/\/lottemaa.ee\/lv\/par-lotes-zemi\/izgudrojumi\/kisatoru\/#primaryimage\"},\"thumbnailUrl\":\"https:\/\/lottemaa.ee\/wp-content\/uploads\/2022\/02\/DSC_6351-scaled.jpg\",\"datePublished\":\"2023-02-13T08:21:01+00:00\",\"dateModified\":\"2024-09-25T13:07:19+00:00\",\"description\":\"Lotes zemes LIEL\u0100 IZGUDROJUMU KONKURSA 2021 uzvar\u0113t\u0101js ir 5 gadus vec\u0101 Alberta Laidres un 2 gadus vec\u0101 Uku Laidres izgudrojums, kas sare\u017e\u0123\u012btos br\u012b\u017eos pal\u012bdz\u0113s tikt gal\u0101 ar emocij\u0101m, kuras laiku pa laikam m\u0113dz \u0146emt virsroku.\",\"breadcrumb\":{\"@id\":\"https:\/\/lottemaa.ee\/lv\/par-lotes-zemi\/izgudrojumi\/kisatoru\/#breadcrumb\"},\"inLanguage\":\"lv-LV\",\"potentialAction\":[{\"@type\":\"ReadAction\",\"target\":[\"https:\/\/lottemaa.ee\/lv\/par-lotes-zemi\/izgudrojumi\/kisatoru\/\"]}]},{\"@type\":\"ImageObject\",\"inLanguage\":\"lv-LV\",\"@id\":\"https:\/\/lottemaa.ee\/lv\/par-lotes-zemi\/izgudrojumi\/kisatoru\/#primaryimage\",\"url\":\"https:\/\/lottemaa.ee\/wp-content\/uploads\/2022\/02\/DSC_6351-scaled.jpg\",\"contentUrl\":\"https:\/\/lottemaa.ee\/wp-content\/uploads\/2022\/02\/DSC_6351-scaled.jpg\",\"width\":2560,\"height\":1695},{\"@type\":\"BreadcrumbList\",\"@id\":\"https:\/\/lottemaa.ee\/lv\/par-lotes-zemi\/izgudrojumi\/kisatoru\/#breadcrumb\",\"itemListElement\":[{\"@type\":\"ListItem\",\"position\":1,\"name\":\"Home\",\"item\":\"https:\/\/lottemaa.ee\/lv\/\"},{\"@type\":\"ListItem\",\"position\":2,\"name\":\"Diena Lotes zem\u0113\",\"item\":\"https:\/\/lottemaa.ee\/lv\/par-lotes-zemi\/\"},{\"@type\":\"ListItem\",\"position\":3,\"name\":\"IZGUDROJUMI\",\"item\":\"https:\/\/lottemaa.ee\/lv\/par-lotes-zemi\/izgudrojumi\/\"},{\"@type\":\"ListItem\",\"position\":4,\"name\":\"BR\u0112K\u0160ANAS CAURULE\"}]},{\"@type\":\"WebSite\",\"@id\":\"https:\/\/lottemaa.ee\/#website\",\"url\":\"https:\/\/lottemaa.ee\/\",\"name\":\"Lottemaa Teemapark\",\"description\":\"Baltimaade suurim ja k\u00f5ige \u00e4gedam kogupere teemapark Eestis P\u00e4rnumaal\",\"publisher\":{\"@id\":\"https:\/\/lottemaa.ee\/#organization\"},\"potentialAction\":[{\"@type\":\"SearchAction\",\"target\":{\"@type\":\"EntryPoint\",\"urlTemplate\":\"https:\/\/lottemaa.ee\/?s={search_term_string}\"},\"query-input\":{\"@type\":\"PropertyValueSpecification\",\"valueRequired\":true,\"valueName\":\"search_term_string\"}}],\"inLanguage\":\"lv-LV\"},{\"@type\":\"Organization\",\"@id\":\"https:\/\/lottemaa.ee\/#organization\",\"name\":\"Lottemaa Teemapark\",\"url\":\"https:\/\/lottemaa.ee\/\",\"logo\":{\"@type\":\"ImageObject\",\"inLanguage\":\"lv-LV\",\"@id\":\"https:\/\/lottemaa.ee\/#\/schema\/logo\/image\/\",\"url\":\"https:\/\/lottemaa.ee\/wp-content\/uploads\/2018\/12\/Lottemaa_LOGO.png\",\"contentUrl\":\"https:\/\/lottemaa.ee\/wp-content\/uploads\/2018\/12\/Lottemaa_LOGO.png\",\"width\":1024,\"height\":518,\"caption\":\"Lottemaa Teemapark\"},\"image\":{\"@id\":\"https:\/\/lottemaa.ee\/#\/schema\/logo\/image\/\"}}]}<\/script>\n<!-- \/ Yoast SEO plugin. -->","yoast_head_json":{"title":"BR\u0112K\u0160ANAS CAURULE | Lottemaa Teemapark","description":"Lotes zemes LIEL\u0100 IZGUDROJUMU KONKURSA 2021 uzvar\u0113t\u0101js ir 5 gadus vec\u0101 Alberta Laidres un 2 gadus vec\u0101 Uku Laidres izgudrojums, kas sare\u017e\u0123\u012btos br\u012b\u017eos pal\u012bdz\u0113s tikt gal\u0101 ar emocij\u0101m, kuras laiku pa laikam m\u0113dz \u0146emt virsroku.","robots":{"index":"index","follow":"follow","max-snippet":"max-snippet:-1","max-image-preview":"max-image-preview:large","max-video-preview":"max-video-preview:-1"},"canonical":"https:\/\/lottemaa.ee\/lv\/par-lotes-zemi\/izgudrojumi\/kisatoru\/","og_locale":"lv_LV","og_type":"article","og_title":"BR\u0112K\u0160ANAS CAURULE | Lottemaa Teemapark","og_description":"Lotes zemes LIEL\u0100 IZGUDROJUMU KONKURSA 2021 uzvar\u0113t\u0101js ir 5 gadus vec\u0101 Alberta Laidres un 2 gadus vec\u0101 Uku Laidres izgudrojums, kas sare\u017e\u0123\u012btos br\u012b\u017eos pal\u012bdz\u0113s tikt gal\u0101 ar emocij\u0101m, kuras laiku pa laikam m\u0113dz \u0146emt virsroku.","og_url":"https:\/\/lottemaa.ee\/lv\/par-lotes-zemi\/izgudrojumi\/kisatoru\/","og_site_name":"Lottemaa Teemapark","article_modified_time":"2024-09-25T13:07:19+00:00","og_image":[{"width":2560,"height":1695,"url":"https:\/\/lottemaa.ee\/wp-content\/uploads\/2022\/02\/DSC_6351-scaled.jpg","type":"image\/jpeg"}],"twitter_card":"summary_large_image","twitter_misc":{"Est. reading time":"1 min\u016b\u0161u"},"schema":{"@context":"https:\/\/schema.org","@graph":[{"@type":"WebPage","@id":"https:\/\/lottemaa.ee\/lv\/par-lotes-zemi\/izgudrojumi\/kisatoru\/","url":"https:\/\/lottemaa.ee\/lv\/par-lotes-zemi\/izgudrojumi\/kisatoru\/","name":"BR\u0112K\u0160ANAS CAURULE | Lottemaa Teemapark","isPartOf":{"@id":"https:\/\/lottemaa.ee\/#website"},"primaryImageOfPage":{"@id":"https:\/\/lottemaa.ee\/lv\/par-lotes-zemi\/izgudrojumi\/kisatoru\/#primaryimage"},"image":{"@id":"https:\/\/lottemaa.ee\/lv\/par-lotes-zemi\/izgudrojumi\/kisatoru\/#primaryimage"},"thumbnailUrl":"https:\/\/lottemaa.ee\/wp-content\/uploads\/2022\/02\/DSC_6351-scaled.jpg","datePublished":"2023-02-13T08:21:01+00:00","dateModified":"2024-09-25T13:07:19+00:00","description":"Lotes zemes LIEL\u0100 IZGUDROJUMU KONKURSA 2021 uzvar\u0113t\u0101js ir 5 gadus vec\u0101 Alberta Laidres un 2 gadus vec\u0101 Uku Laidres izgudrojums, kas sare\u017e\u0123\u012btos br\u012b\u017eos pal\u012bdz\u0113s tikt gal\u0101 ar emocij\u0101m, kuras laiku pa laikam m\u0113dz \u0146emt virsroku.","breadcrumb":{"@id":"https:\/\/lottemaa.ee\/lv\/par-lotes-zemi\/izgudrojumi\/kisatoru\/#breadcrumb"},"inLanguage":"lv-LV","potentialAction":[{"@type":"ReadAction","target":["https:\/\/lottemaa.ee\/lv\/par-lotes-zemi\/izgudrojumi\/kisatoru\/"]}]},{"@type":"ImageObject","inLanguage":"lv-LV","@id":"https:\/\/lottemaa.ee\/lv\/par-lotes-zemi\/izgudrojumi\/kisatoru\/#primaryimage","url":"https:\/\/lottemaa.ee\/wp-content\/uploads\/2022\/02\/DSC_6351-scaled.jpg","contentUrl":"https:\/\/lottemaa.ee\/wp-content\/uploads\/2022\/02\/DSC_6351-scaled.jpg","width":2560,"height":1695},{"@type":"BreadcrumbList","@id":"https:\/\/lottemaa.ee\/lv\/par-lotes-zemi\/izgudrojumi\/kisatoru\/#breadcrumb","itemListElement":[{"@type":"ListItem","position":1,"name":"Home","item":"https:\/\/lottemaa.ee\/lv\/"},{"@type":"ListItem","position":2,"name":"Diena Lotes zem\u0113","item":"https:\/\/lottemaa.ee\/lv\/par-lotes-zemi\/"},{"@type":"ListItem","position":3,"name":"IZGUDROJUMI","item":"https:\/\/lottemaa.ee\/lv\/par-lotes-zemi\/izgudrojumi\/"},{"@type":"ListItem","position":4,"name":"BR\u0112K\u0160ANAS CAURULE"}]},{"@type":"WebSite","@id":"https:\/\/lottemaa.ee\/#website","url":"https:\/\/lottemaa.ee\/","name":"Lottemaa Teemapark","description":"Baltimaade suurim ja k\u00f5ige \u00e4gedam kogupere teemapark Eestis P\u00e4rnumaal","publisher":{"@id":"https:\/\/lottemaa.ee\/#organization"},"potentialAction":[{"@type":"SearchAction","target":{"@type":"EntryPoint","urlTemplate":"https:\/\/lottemaa.ee\/?s={search_term_string}"},"query-input":{"@type":"PropertyValueSpecification","valueRequired":true,"valueName":"search_term_string"}}],"inLanguage":"lv-LV"},{"@type":"Organization","@id":"https:\/\/lottemaa.ee\/#organization","name":"Lottemaa Teemapark","url":"https:\/\/lottemaa.ee\/","logo":{"@type":"ImageObject","inLanguage":"lv-LV","@id":"https:\/\/lottemaa.ee\/#\/schema\/logo\/image\/","url":"https:\/\/lottemaa.ee\/wp-content\/uploads\/2018\/12\/Lottemaa_LOGO.png","contentUrl":"https:\/\/lottemaa.ee\/wp-content\/uploads\/2018\/12\/Lottemaa_LOGO.png","width":1024,"height":518,"caption":"Lottemaa Teemapark"},"image":{"@id":"https:\/\/lottemaa.ee\/#\/schema\/logo\/image\/"}}]}},"_links":{"self":[{"href":"https:\/\/lottemaa.ee\/lv\/wp-json\/wp\/v2\/pages\/20471","targetHints":{"allow":["GET"]}}],"collection":[{"href":"https:\/\/lottemaa.ee\/lv\/wp-json\/wp\/v2\/pages"}],"about":[{"href":"https:\/\/lottemaa.ee\/lv\/wp-json\/wp\/v2\/types\/page"}],"author":[{"embeddable":true,"href":"https:\/\/lottemaa.ee\/lv\/wp-json\/wp\/v2\/users\/11"}],"replies":[{"embeddable":true,"href":"https:\/\/lottemaa.ee\/lv\/wp-json\/wp\/v2\/comments?post=20471"}],"version-history":[{"count":5,"href":"https:\/\/lottemaa.ee\/lv\/wp-json\/wp\/v2\/pages\/20471\/revisions"}],"predecessor-version":[{"id":28552,"href":"https:\/\/lottemaa.ee\/lv\/wp-json\/wp\/v2\/pages\/20471\/revisions\/28552"}],"up":[{"embeddable":true,"href":"https:\/\/lottemaa.ee\/lv\/wp-json\/wp\/v2\/pages\/4256"}],"wp:featuredmedia":[{"embeddable":true,"href":"https:\/\/lottemaa.ee\/lv\/wp-json\/wp\/v2\/media\/12567"}],"wp:attachment":[{"href":"https:\/\/lottemaa.ee\/lv\/wp-json\/wp\/v2\/media?parent=20471"}],"curies":[{"name":"wp","href":"https:\/\/api.w.org\/{rel}","templated":true}]}}