{"id":18614,"date":"2022-12-21T09:56:48","date_gmt":"2022-12-21T07:56:48","guid":{"rendered":"https:\/\/lottemaa.ee\/?page_id=18614"},"modified":"2025-11-11T13:45:40","modified_gmt":"2025-11-11T11:45:40","slug":"korporativie-pasakumi","status":"publish","type":"page","link":"https:\/\/lottemaa.ee\/lv\/organize-pasakumu\/korporativie-pasakumi\/","title":{"rendered":"Korporat\u012bvie pas\u0101kumi"},"content":{"rendered":"<p style=\"text-align: left;\"><strong>Mainiet rut\u012bnu un tradicion\u0101l\u0101 konferen\u010du centra viet\u0101 organiz\u0113jiet saviem kol\u0113\u0123iem semin\u0101ru, apm\u0101c\u012bbas vai uz\u0146\u0113muma pas\u0101kumu P\u0113rnavas piekrastes me\u017eu ieskaut\u0101 vid\u0113. Ien\u0101ciet no pel\u0113k\u0101s ikdienas kr\u0101sainaj\u0101 un iedvesmojo\u0161aj\u0101 Lotes zemes vid\u0113. Lotes zem\u0113 organiz\u0113tie uz\u0146\u0113muma pas\u0101kumi ikvienam atst\u0101j neizdz\u0113\u0161amas atmi\u0146as.<\/strong><\/p>\n<p style=\"text-align: left;\">Ikviena uz\u0146\u0113muma pas\u0101kuma organiz\u0113\u0161an\u0101 m\u0113s \u0146emam v\u0113r\u0101 pas\u0101kuma \u012bpatn\u012bbas un sast\u0101d\u0101m individu\u0101lu pied\u0101v\u0101jumu. T\u0101p\u0113c dro\u0161i sazinieties ar mums, un m\u0113s j\u016bs iepaz\u012bstin\u0101sim ar vis\u0101m iesp\u0113j\u0101m, k\u0101 ar\u012b atrad\u012bsim lab\u0101ko risin\u0101jumu.<br \/>\nRakstiet mums <span style=\"color: #467886;\"><u><a href=\"mailto:tellimine@lottemaa.ee\">tellimine@lottemaa.ee<\/a><\/u><\/span><\/p>\n<h3 style=\"text-align: left;\"><span style=\"font-family: Troika; color: #0000ff;\">Iesp\u0113jas pas\u0101kumu organiz\u0113\u0161anai<\/span><\/h3>\n<p style=\"text-align: left;\">Skaista vasara ir jauk\u0101kais laiks uz\u0146\u0113mumu sporta dienu un citu pas\u0101kumu organiz\u0113\u0161anai. Lotes zem\u0113, kas atrodas pie vasar\u012bg\u0101s P\u0113rnavas robe\u017eas, var organiz\u0113t uz\u0146\u0113muma sporta dienas un citus komandas pas\u0101kumus. Ar\u012b ziem\u0101 Lotes zeme ir atv\u0113rta tiem, kas v\u0113las \u012bpa\u0161as telpas, kur organiz\u0113t savas ziemas dienas vai uz\u0146\u0113muma Ziemassv\u0113tku ball\u012bti.<\/p>\n<p style=\"text-align: left;\">Pie mums var iznom\u0101t visas \u0113kas, <a href=\"https:\/\/lottemaa.ee\/lv\/par-lotes-zemi\/majas-un-nodarbes\/giovanni-maja\/\">te\u0101tra un koncertu skatuvi<\/a>, <a href=\"https:\/\/lottemaa.ee\/lv\/par-lotes-zemi\/majas-un-nodarbes\/izgudrotaju-ciema-stadiona\/\">stadionu<\/a>, <a href=\"https:\/\/lottemaa.ee\/lv\/par-lotes-zemi\/piedzivojumu-parks\/\">piedz\u012bvojumu parku<\/a>, <a href=\"https:\/\/lottemaa.ee\/lv\/par-lotes-zemi\/pludmale\/\">pludmali<\/a> ar <a href=\"https:\/\/lottemaa.ee\/lv\/par-lotes-zemi\/lotes-zemes-edinasana\/reiuranna-kafejnica\/\">kafejn\u012bcu<\/a> (un br\u012bni\u0161\u0137\u012bgu saulrietu), jauno restor\u0101na \u0113ku vai pat visu tematisko parku.<\/p>\n<h3 style=\"text-align: left;\"><span style=\"font-family: Troika; color: #ff0000;\">Neaizmirstama uz\u0146\u0113muma ball\u012bte restor\u0101n\u0101<\/span><\/h3>\n<p style=\"text-align: left;\"><a href=\"https:\/\/lottemaa.ee\/lv\/par-lotes-zemi\/lotes-zemes-edinasana\/lotes-zemes-kafejnica\/\">Izgudrot\u0101ju ciema restor\u0101ns<\/a> ir jauna vieta m\u016bsu tematiskaj\u0101 park\u0101, kas paredz\u0113ta tie\u0161i ball\u012b\u0161u un vakari\u0146u organiz\u0113\u0161anai. Restor\u0101ns pied\u0101v\u0101 ar\u012b m\u0101j\u012bgu atmosf\u0113ru apm\u0101c\u012bbu un semin\u0101ru r\u012bko\u0161anai. P\u0113c v\u0113l\u0113\u0161an\u0101s restor\u0101na telpas var izmantot ar\u012b koncertiem un te\u0101tra izr\u0101d\u0113m.<\/p>\n<p style=\"text-align: left;\">\u0112ka ir 300 m2 liela &#8211; taj\u0101 varam uz\u0146emt l\u012bdz 150 viesus. Vasaras period\u0101 ir atv\u0113rta ar\u012b terase ar 100 s\u0113dviet\u0101m.<\/p>\n<p style=\"text-align: left;\">M\u016bsu restor\u0101na \u0161efpav\u0101ri r\u016bp\u0113jas, lai j\u016bsu pas\u0101kuma dal\u012bbnieki var\u0113tu izbaud\u012bt s\u0101t\u012bgas uzkodas un uzmundrino\u0161as kafijas pauzes. Grupas \u0113dienkart\u0113 atrad\u012bsiet gardus risin\u0101jumus pusdienu un vakari\u0146u organiz\u0113\u0161anai. Atv\u0113rts ir koktei\u013cu b\u0101rs.<\/p>\n<h3 style=\"text-align: left;\"><span style=\"font-family: Troika; color: #0000ff;\">Lust\u012bgi Lotes zemes aktieru priek\u0161nesumi<\/span><\/h3>\n<p style=\"text-align: left;\">Mums ir pieredz\u0113ju\u0161i, ener\u0123iski un dz\u012bvespriec\u012bgi aktieri, kas, iej\u016btoties Izgudrot\u0101ju ciema person\u0101\u017eu lom\u0101s, pal\u012bdz\u0113s novad\u012bt j\u016bsu pas\u0101kumu. Pied\u0101v\u0101jam ar\u012b vakara vad\u012bt\u0101ja pakalpojumus. Un pats galvenais \u2013 pas\u0101kuma viesi sa\u0146ems krietnu devu pozit\u012bvisma, prieka un jautr\u012bbas.<\/p>\n<p style=\"text-align: left;\">Pied\u0101v\u0101jam programmu, kas ilgst l\u012bdz 4 stund\u0101m. T\u0101 ietver aizraujo\u0161u koncertu un lieliskus priek\u0161nesumus. Varam pied\u0101v\u0101t ar\u012b da\u017e\u0101das darbn\u012bcas, piem\u0113ram, baleta apm\u0101c\u012bbu vai spilvenu kaujas stundu. M\u0113s organiz\u0113jam da\u017e\u0101das sporta aktivit\u0101tes j\u016bsu komandai, s\u0101kot no uzmundrino\u0161as vingro\u0161anas l\u012bdz pat maratonam. Mums ir sagatavotas da\u017e\u0101das sp\u0113les komand\u0101m, k\u0101 ar\u012b daudzas citas interesantas nodarbes.<\/p>\n<h3 style=\"text-align: left;\"><span style=\"font-family: Troika; color: #ff0000;\">Liela uz\u0146\u0113muma pas\u0101kuma organiz\u0113\u0161ana<\/span><\/h3>\n<p style=\"text-align: left;\">Tematiskaj\u0101 park\u0101 ir vieta pas\u0101kumu organiz\u0113\u0161anai l\u012bdz 2000 dal\u012bbniekiem. Pas\u0101kumu l\u012bdz 500 dal\u012bbniekiem varam r\u012bkot tematisk\u0101 parka darba laik\u0101, \u0161ogad tas ir 14.06.2025.-30.08.2025. Pas\u0101kumiem, kuros piedal\u0101s vair\u0101k nek\u0101 500 dal\u012bbnieku, iesak\u0101m izv\u0113l\u0113ties \u0101rpussezonas laiku. Tad parku atv\u0113rsim priv\u0101ti tikai j\u016bsu kolekt\u012bvam, lai j\u016bs var\u0113tu piedal\u012bties m\u016bsu jautraj\u0101s aktivit\u0101t\u0113s un ciema dz\u012bv\u0113, uzvedumos un koncertos, k\u0101 ar\u012b doties piedz\u012bvojumos tikai ar savu grupu.<\/p>\n<h3 style=\"text-align: left;\"><span style=\"font-family: Troika; color: #0000ff;\">Cenr\u0101dis<\/span><\/h3>\n<table class=\" alignleft\" width=\"600\" cellspacing=\"0\" cellpadding=\"7\">\n<tbody>\n<tr valign=\"top\">\n<td width=\"504\">Tematisk\u0101 parka restor\u0101na \u0113kas noma<\/td>\n<td width=\"66\">no 250\u20ac\/1h<\/td>\n<\/tr>\n<tr valign=\"top\">\n<td width=\"504\">Tematisk\u0101 parka vienas m\u0101jas, koncertu skatuves, te\u0101tra skatuves, stadiona vai piedz\u012bvojumu parka noma<\/td>\n<td width=\"66\">no 250\u20ac\/1h<\/td>\n<\/tr>\n<tr valign=\"top\">\n<td width=\"504\">Visas tematisk\u0101 parka teritorijas, m\u0101ju, koncertu skatuves, te\u0101tra skatuves, stadiona un piedz\u012bvojumu parka noma<\/td>\n<td width=\"66\">no 4\u00a0200\u20ac<\/td>\n<\/tr>\n<tr valign=\"top\">\n<td width=\"504\">Lotes zemes aktieris vakara vad\u012bt\u0101ja lom\u0101<\/td>\n<td width=\"66\">no 250\u20ac\/1h<\/td>\n<\/tr>\n<tr valign=\"top\">\n<td width=\"504\">Lotes zemes 4 stundu ilg\u0101 programma<\/td>\n<td width=\"66\">no 7\u00a0500\u20ac<\/td>\n<\/tr>\n<\/tbody>\n<\/table>\n<p style=\"text-align: left;\">Cen\u0101m tiek pieskait\u012bts PVN<\/p>\n<h3 style=\"text-align: left;\"><span style=\"font-family: Troika; color: #ff0000;\">Papildus p\u0113c v\u0113l\u0113\u0161an\u0101s<\/span><\/h3>\n<table class=\" alignleft\" width=\"624\" cellspacing=\"0\" cellpadding=\"7\">\n<tbody>\n<tr valign=\"top\">\n<td width=\"479\">Ska\u0146as un gaismas risin\u0101jumi<\/td>\n<td width=\"115\">Cena p\u0113c vieno\u0161an\u0101s<\/td>\n<\/tr>\n<tr valign=\"top\">\n<td width=\"479\">Modu\u013cu skatuve<\/td>\n<td width=\"115\">Cena p\u0113c vieno\u0161an\u0101s<\/td>\n<\/tr>\n<tr valign=\"top\">\n<td width=\"479\" height=\"3\">Uzkodas, kafija un t\u0113ja<\/td>\n<td width=\"115\">Jaut\u0101jiet \u0113dienkarti<\/td>\n<\/tr>\n<tr valign=\"top\">\n<td width=\"479\">\u0112din\u0101\u0161ana<\/td>\n<td width=\"115\">Jaut\u0101jiet \u0113dienkarti<\/td>\n<\/tr>\n<tr valign=\"top\">\n<td width=\"479\">Dal\u012bbnieku transports ar vilcienu no autost\u0101vvietas l\u012bdz Izgudrot\u0101ju ciema v\u0101rtiem un atpaka\u013c 350 \u20ac\/1h<\/td>\n<td width=\"115\">Cena p\u0113c vieno\u0161an\u0101s<\/td>\n<\/tr>\n<\/tbody>\n<\/table>\n<p style=\"text-align: left;\">Lotes zem\u0113 ir daudz iesp\u0113ju pas\u0101kumu organiz\u0113\u0161anai, t\u0101p\u0113c dro\u0161i jaut\u0101jiet s\u012bk\u0101ku inform\u0101ciju: <span style=\"color: #467886;\"><u><a href=\"mailto:tellimine@lottemaa.ee\">tellimine@lottemaa.ee<\/a><\/u><\/span><\/p>\n","protected":false},"excerpt":{"rendered":"<p>Mainiet rut\u012bnu un tradicion\u0101l\u0101 konferen\u010du centra viet\u0101 organiz\u0113jiet saviem kol\u0113\u0123iem semin\u0101ru, apm\u0101c\u012bbas vai uz\u0146\u0113muma pas\u0101kumu P\u0113rnavas piekrastes me\u017eu ieskaut\u0101 vid\u0113. Ien\u0101ciet no pel\u0113k\u0101s ikdienas kr\u0101sainaj\u0101 un iedvesmojo\u0161aj\u0101 Lotes zemes vid\u0113. Lotes zem\u0113 organiz\u0113tie uz\u0146\u0113muma pas\u0101kumi ikvienam atst\u0101j neizdz\u0113\u0161amas atmi\u0146as. Ikviena uz\u0146\u0113muma pas\u0101kuma organiz\u0113\u0161an\u0101 m\u0113s \u0146emam v\u0113r\u0101 pas\u0101kuma \u012bpatn\u012bbas un sast\u0101d\u0101m individu\u0101lu pied\u0101v\u0101jumu. T\u0101p\u0113c dro\u0161i sazinieties &hellip; <a href=\"https:\/\/lottemaa.ee\/lv\/organize-pasakumu\/korporativie-pasakumi\/\">Continued<\/a><\/p>\n","protected":false},"author":11,"featured_media":7413,"parent":11902,"menu_order":288,"comment_status":"closed","ping_status":"closed","template":"","meta":{"_acf_changed":false,"om_disable_all_campaigns":false,"_uf_show_specific_survey":0,"_uf_disable_surveys":false,"footnotes":""},"class_list":["post-18614","page","type-page","status-publish","has-post-thumbnail","hentry"],"acf":[],"yoast_head":"<!-- This site is optimized with the Yoast SEO plugin v25.5 - https:\/\/yoast.com\/wordpress\/plugins\/seo\/ -->\n<title>Izveidojiet jautru pieredzi - r\u012bkojiet pas\u0101kumu Lote zem\u0113<\/title>\n<meta name=\"description\" content=\"Vai zin\u0101j\u0101t, ka Lote land var r\u012bkot korporat\u012bvus pas\u0101kumus, piem\u0113ram, semin\u0101rus, konferences un vasaras dienas? M\u0113s pied\u0101v\u0101jam ar\u012b \u0113din\u0101\u0161anu un daudz ko citu.\" \/>\n<meta name=\"robots\" content=\"index, follow, max-snippet:-1, max-image-preview:large, max-video-preview:-1\" \/>\n<link rel=\"canonical\" href=\"https:\/\/lottemaa.ee\/lv\/organize-pasakumu\/korporativie-pasakumi\/\" \/>\n<meta property=\"og:locale\" content=\"lv_LV\" \/>\n<meta property=\"og:type\" content=\"article\" \/>\n<meta property=\"og:title\" content=\"Izveidojiet jautru pieredzi - r\u012bkojiet pas\u0101kumu Lote zem\u0113\" \/>\n<meta property=\"og:description\" content=\"Vai zin\u0101j\u0101t, ka Lote land var r\u012bkot korporat\u012bvus pas\u0101kumus, piem\u0113ram, semin\u0101rus, konferences un vasaras dienas? M\u0113s pied\u0101v\u0101jam ar\u012b \u0113din\u0101\u0161anu un daudz ko citu.\" \/>\n<meta property=\"og:url\" content=\"https:\/\/lottemaa.ee\/lv\/organize-pasakumu\/korporativie-pasakumi\/\" \/>\n<meta property=\"og:site_name\" content=\"Lottemaa Teemapark\" \/>\n<meta property=\"article:modified_time\" content=\"2025-11-11T11:45:40+00:00\" \/>\n<meta property=\"og:image\" content=\"https:\/\/lottemaa.ee\/wp-content\/uploads\/2019\/03\/toole_285x296-1.jpg\" \/>\n\t<meta property=\"og:image:width\" content=\"296\" \/>\n\t<meta property=\"og:image:height\" content=\"285\" \/>\n\t<meta property=\"og:image:type\" content=\"image\/jpeg\" \/>\n<meta name=\"twitter:card\" content=\"summary_large_image\" \/>\n<meta name=\"twitter:label1\" content=\"Est. reading time\" \/>\n\t<meta name=\"twitter:data1\" content=\"3 min\u016btes\" \/>\n<script type=\"application\/ld+json\" class=\"yoast-schema-graph\">{\"@context\":\"https:\/\/schema.org\",\"@graph\":[{\"@type\":\"WebPage\",\"@id\":\"https:\/\/lottemaa.ee\/lv\/organize-pasakumu\/korporativie-pasakumi\/\",\"url\":\"https:\/\/lottemaa.ee\/lv\/organize-pasakumu\/korporativie-pasakumi\/\",\"name\":\"Izveidojiet jautru pieredzi - r\u012bkojiet pas\u0101kumu Lote zem\u0113\",\"isPartOf\":{\"@id\":\"https:\/\/lottemaa.ee\/#website\"},\"primaryImageOfPage\":{\"@id\":\"https:\/\/lottemaa.ee\/lv\/organize-pasakumu\/korporativie-pasakumi\/#primaryimage\"},\"image\":{\"@id\":\"https:\/\/lottemaa.ee\/lv\/organize-pasakumu\/korporativie-pasakumi\/#primaryimage\"},\"thumbnailUrl\":\"https:\/\/lottemaa.ee\/wp-content\/uploads\/2019\/03\/toole_285x296-1.jpg\",\"datePublished\":\"2022-12-21T07:56:48+00:00\",\"dateModified\":\"2025-11-11T11:45:40+00:00\",\"description\":\"Vai zin\u0101j\u0101t, ka Lote land var r\u012bkot korporat\u012bvus pas\u0101kumus, piem\u0113ram, semin\u0101rus, konferences un vasaras dienas? M\u0113s pied\u0101v\u0101jam ar\u012b \u0113din\u0101\u0161anu un daudz ko citu.\",\"breadcrumb\":{\"@id\":\"https:\/\/lottemaa.ee\/lv\/organize-pasakumu\/korporativie-pasakumi\/#breadcrumb\"},\"inLanguage\":\"lv-LV\",\"potentialAction\":[{\"@type\":\"ReadAction\",\"target\":[\"https:\/\/lottemaa.ee\/lv\/organize-pasakumu\/korporativie-pasakumi\/\"]}]},{\"@type\":\"ImageObject\",\"inLanguage\":\"lv-LV\",\"@id\":\"https:\/\/lottemaa.ee\/lv\/organize-pasakumu\/korporativie-pasakumi\/#primaryimage\",\"url\":\"https:\/\/lottemaa.ee\/wp-content\/uploads\/2019\/03\/toole_285x296-1.jpg\",\"contentUrl\":\"https:\/\/lottemaa.ee\/wp-content\/uploads\/2019\/03\/toole_285x296-1.jpg\",\"width\":296,\"height\":285},{\"@type\":\"BreadcrumbList\",\"@id\":\"https:\/\/lottemaa.ee\/lv\/organize-pasakumu\/korporativie-pasakumi\/#breadcrumb\",\"itemListElement\":[{\"@type\":\"ListItem\",\"position\":1,\"name\":\"Home\",\"item\":\"https:\/\/lottemaa.ee\/lv\/\"},{\"@type\":\"ListItem\",\"position\":2,\"name\":\"ORGANIZ\u0112 PAS\u0100KUMU\",\"item\":\"https:\/\/lottemaa.ee\/lv\/organize-pasakumu\/\"},{\"@type\":\"ListItem\",\"position\":3,\"name\":\"Korporat\u012bvie pas\u0101kumi\"}]},{\"@type\":\"WebSite\",\"@id\":\"https:\/\/lottemaa.ee\/#website\",\"url\":\"https:\/\/lottemaa.ee\/\",\"name\":\"Lottemaa Teemapark\",\"description\":\"Baltimaade suurim ja k\u00f5ige \u00e4gedam kogupere teemapark Eestis P\u00e4rnumaal\",\"publisher\":{\"@id\":\"https:\/\/lottemaa.ee\/#organization\"},\"potentialAction\":[{\"@type\":\"SearchAction\",\"target\":{\"@type\":\"EntryPoint\",\"urlTemplate\":\"https:\/\/lottemaa.ee\/?s={search_term_string}\"},\"query-input\":{\"@type\":\"PropertyValueSpecification\",\"valueRequired\":true,\"valueName\":\"search_term_string\"}}],\"inLanguage\":\"lv-LV\"},{\"@type\":\"Organization\",\"@id\":\"https:\/\/lottemaa.ee\/#organization\",\"name\":\"Lottemaa Teemapark\",\"url\":\"https:\/\/lottemaa.ee\/\",\"logo\":{\"@type\":\"ImageObject\",\"inLanguage\":\"lv-LV\",\"@id\":\"https:\/\/lottemaa.ee\/#\/schema\/logo\/image\/\",\"url\":\"https:\/\/lottemaa.ee\/wp-content\/uploads\/2018\/12\/Lottemaa_LOGO.png\",\"contentUrl\":\"https:\/\/lottemaa.ee\/wp-content\/uploads\/2018\/12\/Lottemaa_LOGO.png\",\"width\":1024,\"height\":518,\"caption\":\"Lottemaa Teemapark\"},\"image\":{\"@id\":\"https:\/\/lottemaa.ee\/#\/schema\/logo\/image\/\"}}]}<\/script>\n<!-- \/ Yoast SEO plugin. -->","yoast_head_json":{"title":"Izveidojiet jautru pieredzi - r\u012bkojiet pas\u0101kumu Lote zem\u0113","description":"Vai zin\u0101j\u0101t, ka Lote land var r\u012bkot korporat\u012bvus pas\u0101kumus, piem\u0113ram, semin\u0101rus, konferences un vasaras dienas? M\u0113s pied\u0101v\u0101jam ar\u012b \u0113din\u0101\u0161anu un daudz ko citu.","robots":{"index":"index","follow":"follow","max-snippet":"max-snippet:-1","max-image-preview":"max-image-preview:large","max-video-preview":"max-video-preview:-1"},"canonical":"https:\/\/lottemaa.ee\/lv\/organize-pasakumu\/korporativie-pasakumi\/","og_locale":"lv_LV","og_type":"article","og_title":"Izveidojiet jautru pieredzi - r\u012bkojiet pas\u0101kumu Lote zem\u0113","og_description":"Vai zin\u0101j\u0101t, ka Lote land var r\u012bkot korporat\u012bvus pas\u0101kumus, piem\u0113ram, semin\u0101rus, konferences un vasaras dienas? M\u0113s pied\u0101v\u0101jam ar\u012b \u0113din\u0101\u0161anu un daudz ko citu.","og_url":"https:\/\/lottemaa.ee\/lv\/organize-pasakumu\/korporativie-pasakumi\/","og_site_name":"Lottemaa Teemapark","article_modified_time":"2025-11-11T11:45:40+00:00","og_image":[{"width":296,"height":285,"url":"https:\/\/lottemaa.ee\/wp-content\/uploads\/2019\/03\/toole_285x296-1.jpg","type":"image\/jpeg"}],"twitter_card":"summary_large_image","twitter_misc":{"Est. reading time":"3 min\u016btes"},"schema":{"@context":"https:\/\/schema.org","@graph":[{"@type":"WebPage","@id":"https:\/\/lottemaa.ee\/lv\/organize-pasakumu\/korporativie-pasakumi\/","url":"https:\/\/lottemaa.ee\/lv\/organize-pasakumu\/korporativie-pasakumi\/","name":"Izveidojiet jautru pieredzi - r\u012bkojiet pas\u0101kumu Lote zem\u0113","isPartOf":{"@id":"https:\/\/lottemaa.ee\/#website"},"primaryImageOfPage":{"@id":"https:\/\/lottemaa.ee\/lv\/organize-pasakumu\/korporativie-pasakumi\/#primaryimage"},"image":{"@id":"https:\/\/lottemaa.ee\/lv\/organize-pasakumu\/korporativie-pasakumi\/#primaryimage"},"thumbnailUrl":"https:\/\/lottemaa.ee\/wp-content\/uploads\/2019\/03\/toole_285x296-1.jpg","datePublished":"2022-12-21T07:56:48+00:00","dateModified":"2025-11-11T11:45:40+00:00","description":"Vai zin\u0101j\u0101t, ka Lote land var r\u012bkot korporat\u012bvus pas\u0101kumus, piem\u0113ram, semin\u0101rus, konferences un vasaras dienas? M\u0113s pied\u0101v\u0101jam ar\u012b \u0113din\u0101\u0161anu un daudz ko citu.","breadcrumb":{"@id":"https:\/\/lottemaa.ee\/lv\/organize-pasakumu\/korporativie-pasakumi\/#breadcrumb"},"inLanguage":"lv-LV","potentialAction":[{"@type":"ReadAction","target":["https:\/\/lottemaa.ee\/lv\/organize-pasakumu\/korporativie-pasakumi\/"]}]},{"@type":"ImageObject","inLanguage":"lv-LV","@id":"https:\/\/lottemaa.ee\/lv\/organize-pasakumu\/korporativie-pasakumi\/#primaryimage","url":"https:\/\/lottemaa.ee\/wp-content\/uploads\/2019\/03\/toole_285x296-1.jpg","contentUrl":"https:\/\/lottemaa.ee\/wp-content\/uploads\/2019\/03\/toole_285x296-1.jpg","width":296,"height":285},{"@type":"BreadcrumbList","@id":"https:\/\/lottemaa.ee\/lv\/organize-pasakumu\/korporativie-pasakumi\/#breadcrumb","itemListElement":[{"@type":"ListItem","position":1,"name":"Home","item":"https:\/\/lottemaa.ee\/lv\/"},{"@type":"ListItem","position":2,"name":"ORGANIZ\u0112 PAS\u0100KUMU","item":"https:\/\/lottemaa.ee\/lv\/organize-pasakumu\/"},{"@type":"ListItem","position":3,"name":"Korporat\u012bvie pas\u0101kumi"}]},{"@type":"WebSite","@id":"https:\/\/lottemaa.ee\/#website","url":"https:\/\/lottemaa.ee\/","name":"Lottemaa Teemapark","description":"Baltimaade suurim ja k\u00f5ige \u00e4gedam kogupere teemapark Eestis P\u00e4rnumaal","publisher":{"@id":"https:\/\/lottemaa.ee\/#organization"},"potentialAction":[{"@type":"SearchAction","target":{"@type":"EntryPoint","urlTemplate":"https:\/\/lottemaa.ee\/?s={search_term_string}"},"query-input":{"@type":"PropertyValueSpecification","valueRequired":true,"valueName":"search_term_string"}}],"inLanguage":"lv-LV"},{"@type":"Organization","@id":"https:\/\/lottemaa.ee\/#organization","name":"Lottemaa Teemapark","url":"https:\/\/lottemaa.ee\/","logo":{"@type":"ImageObject","inLanguage":"lv-LV","@id":"https:\/\/lottemaa.ee\/#\/schema\/logo\/image\/","url":"https:\/\/lottemaa.ee\/wp-content\/uploads\/2018\/12\/Lottemaa_LOGO.png","contentUrl":"https:\/\/lottemaa.ee\/wp-content\/uploads\/2018\/12\/Lottemaa_LOGO.png","width":1024,"height":518,"caption":"Lottemaa Teemapark"},"image":{"@id":"https:\/\/lottemaa.ee\/#\/schema\/logo\/image\/"}}]}},"_links":{"self":[{"href":"https:\/\/lottemaa.ee\/lv\/wp-json\/wp\/v2\/pages\/18614","targetHints":{"allow":["GET"]}}],"collection":[{"href":"https:\/\/lottemaa.ee\/lv\/wp-json\/wp\/v2\/pages"}],"about":[{"href":"https:\/\/lottemaa.ee\/lv\/wp-json\/wp\/v2\/types\/page"}],"author":[{"embeddable":true,"href":"https:\/\/lottemaa.ee\/lv\/wp-json\/wp\/v2\/users\/11"}],"replies":[{"embeddable":true,"href":"https:\/\/lottemaa.ee\/lv\/wp-json\/wp\/v2\/comments?post=18614"}],"version-history":[{"count":5,"href":"https:\/\/lottemaa.ee\/lv\/wp-json\/wp\/v2\/pages\/18614\/revisions"}],"predecessor-version":[{"id":31902,"href":"https:\/\/lottemaa.ee\/lv\/wp-json\/wp\/v2\/pages\/18614\/revisions\/31902"}],"up":[{"embeddable":true,"href":"https:\/\/lottemaa.ee\/lv\/wp-json\/wp\/v2\/pages\/11902"}],"wp:featuredmedia":[{"embeddable":true,"href":"https:\/\/lottemaa.ee\/lv\/wp-json\/wp\/v2\/media\/7413"}],"wp:attachment":[{"href":"https:\/\/lottemaa.ee\/lv\/wp-json\/wp\/v2\/media?parent=18614"}],"curies":[{"name":"wp","href":"https:\/\/api.w.org\/{rel}","templated":true}]}}