{"id":17227,"date":"2022-11-17T14:45:11","date_gmt":"2022-11-17T12:45:11","guid":{"rendered":"https:\/\/lottemaa.ee\/?page_id=17227"},"modified":"2025-12-04T09:36:26","modified_gmt":"2025-12-04T07:36:26","slug":"ipasais-piedavajums-ziemassvetku-svinibu-apmekletajiem","status":"publish","type":"page","link":"https:\/\/lottemaa.ee\/lv\/ipasais-piedavajums-ziemassvetku-svinibu-apmekletajiem\/","title":{"rendered":"\u012apa\u0161ais pied\u0101v\u0101jums Ziemassv\u0113tku svin\u012bbu apmekl\u0113t\u0101jiem"},"content":{"rendered":"<p style=\"text-align: left;\">Liels paldies, ka apmekl\u0113j\u0101t m\u016bs Lotes zem\u0113!<br \/>\nM\u0113s lieliski pavad\u012bj\u0101m laiku kop\u0101 ar Jums, k\u0101 ar\u012b m\u0113s nevaram sagaid\u012bt, kad tiksimies atkal!<\/p>\n<p style=\"text-align: left;\"><strong>Mums ir \u012bpa\u0161s pied\u0101v\u0101jums jums:<\/strong><br \/>\n<strong>Lotes zemes 2026. gada vasaras sezonas bi\u013cetes cena 23 \u20ac\/pers.<\/strong><br \/>\n(parast\u0101 cena 28 \u20ac\/pers.)<\/p>\n<p style=\"text-align: left;\">Pied\u0101v\u0101jums sp\u0113k\u0101 <strong>l\u012bdz 31.01.2026<\/strong>, ieg\u0101d\u0101jot e-bi\u013ceti ar atlai\u017eu kodu <strong>TAASKOHTUMISENI<\/strong> <a href=\"https:\/\/fienta.com\/et\/lottemaa-suvi-2026\">\u0161eit \u00bb<\/a><\/p>\n<p style=\"text-align: left;\"><strong>GAID\u012aSIM ATKALREDZ\u0112\u0160ANOS N\u0100KAMAJ\u0100 VASAR\u0100!<\/strong><\/p>\n","protected":false},"excerpt":{"rendered":"<p>Liels paldies, ka apmekl\u0113j\u0101t m\u016bs Lotes zem\u0113! M\u0113s lieliski pavad\u012bj\u0101m laiku kop\u0101 ar Jums, k\u0101 ar\u012b m\u0113s nevaram sagaid\u012bt, kad tiksimies atkal! Mums ir \u012bpa\u0161s pied\u0101v\u0101jums jums: Lotes zemes 2026. gada vasaras sezonas bi\u013cetes cena 23 \u20ac\/pers. (parast\u0101 cena 28 \u20ac\/pers.) Pied\u0101v\u0101jums sp\u0113k\u0101 l\u012bdz 31.01.2026, ieg\u0101d\u0101jot e-bi\u013ceti ar atlai\u017eu kodu TAASKOHTUMISENI \u0161eit \u00bb GAID\u012aSIM ATKALREDZ\u0112\u0160ANOS &hellip; <a href=\"https:\/\/lottemaa.ee\/lv\/ipasais-piedavajums-ziemassvetku-svinibu-apmekletajiem\/\">Continued<\/a><\/p>\n","protected":false},"author":7,"featured_media":0,"parent":0,"menu_order":353,"comment_status":"closed","ping_status":"closed","template":"","meta":{"_acf_changed":false,"om_disable_all_campaigns":false,"_uf_show_specific_survey":0,"_uf_disable_surveys":false,"footnotes":""},"class_list":["post-17227","page","type-page","status-publish","hentry"],"acf":[],"yoast_head":"<!-- This site is optimized with the Yoast SEO plugin v25.5 - https:\/\/yoast.com\/wordpress\/plugins\/seo\/ -->\n<title>\u012apa\u0161ais pied\u0101v\u0101jums Ziemassv\u0113tku svin\u012bbu apmekl\u0113t\u0101jiem | Lottemaa Teemapark<\/title>\n<meta name=\"description\" content=\"Liels paldies, ka apmekl\u0113j\u0101t m\u016bs Lotes zem\u0113! Mums ir \u012bpa\u0161s pied\u0101v\u0101jums jums!\" \/>\n<meta name=\"robots\" content=\"index, follow, max-snippet:-1, max-image-preview:large, max-video-preview:-1\" \/>\n<link rel=\"canonical\" href=\"https:\/\/lottemaa.ee\/lv\/ipasais-piedavajums-ziemassvetku-svinibu-apmekletajiem\/\" \/>\n<meta property=\"og:locale\" content=\"lv_LV\" \/>\n<meta property=\"og:type\" content=\"article\" \/>\n<meta property=\"og:title\" content=\"\u012apa\u0161ais pied\u0101v\u0101jums Ziemassv\u0113tku svin\u012bbu apmekl\u0113t\u0101jiem | Lottemaa Teemapark\" \/>\n<meta property=\"og:description\" content=\"Liels paldies, ka apmekl\u0113j\u0101t m\u016bs Lotes zem\u0113! Mums ir \u012bpa\u0161s pied\u0101v\u0101jums jums!\" \/>\n<meta property=\"og:url\" content=\"https:\/\/lottemaa.ee\/lv\/ipasais-piedavajums-ziemassvetku-svinibu-apmekletajiem\/\" \/>\n<meta property=\"og:site_name\" content=\"Lottemaa Teemapark\" \/>\n<meta property=\"article:modified_time\" content=\"2025-12-04T07:36:26+00:00\" \/>\n<meta name=\"twitter:card\" content=\"summary_large_image\" \/>\n<meta name=\"twitter:label1\" content=\"Est. reading time\" \/>\n\t<meta name=\"twitter:data1\" content=\"1 min\u016b\u0161u\" \/>\n<script type=\"application\/ld+json\" class=\"yoast-schema-graph\">{\"@context\":\"https:\/\/schema.org\",\"@graph\":[{\"@type\":\"WebPage\",\"@id\":\"https:\/\/lottemaa.ee\/lv\/ipasais-piedavajums-ziemassvetku-svinibu-apmekletajiem\/\",\"url\":\"https:\/\/lottemaa.ee\/lv\/ipasais-piedavajums-ziemassvetku-svinibu-apmekletajiem\/\",\"name\":\"\u012apa\u0161ais pied\u0101v\u0101jums Ziemassv\u0113tku svin\u012bbu apmekl\u0113t\u0101jiem | Lottemaa Teemapark\",\"isPartOf\":{\"@id\":\"https:\/\/lottemaa.ee\/#website\"},\"datePublished\":\"2022-11-17T12:45:11+00:00\",\"dateModified\":\"2025-12-04T07:36:26+00:00\",\"description\":\"Liels paldies, ka apmekl\u0113j\u0101t m\u016bs Lotes zem\u0113! Mums ir \u012bpa\u0161s pied\u0101v\u0101jums jums!\",\"breadcrumb\":{\"@id\":\"https:\/\/lottemaa.ee\/lv\/ipasais-piedavajums-ziemassvetku-svinibu-apmekletajiem\/#breadcrumb\"},\"inLanguage\":\"lv-LV\",\"potentialAction\":[{\"@type\":\"ReadAction\",\"target\":[\"https:\/\/lottemaa.ee\/lv\/ipasais-piedavajums-ziemassvetku-svinibu-apmekletajiem\/\"]}]},{\"@type\":\"BreadcrumbList\",\"@id\":\"https:\/\/lottemaa.ee\/lv\/ipasais-piedavajums-ziemassvetku-svinibu-apmekletajiem\/#breadcrumb\",\"itemListElement\":[{\"@type\":\"ListItem\",\"position\":1,\"name\":\"Home\",\"item\":\"https:\/\/lottemaa.ee\/lv\/\"},{\"@type\":\"ListItem\",\"position\":2,\"name\":\"\u012apa\u0161ais pied\u0101v\u0101jums Ziemassv\u0113tku svin\u012bbu apmekl\u0113t\u0101jiem\"}]},{\"@type\":\"WebSite\",\"@id\":\"https:\/\/lottemaa.ee\/#website\",\"url\":\"https:\/\/lottemaa.ee\/\",\"name\":\"Lottemaa Teemapark\",\"description\":\"Baltimaade suurim ja k\u00f5ige \u00e4gedam kogupere teemapark Eestis P\u00e4rnumaal\",\"publisher\":{\"@id\":\"https:\/\/lottemaa.ee\/#organization\"},\"potentialAction\":[{\"@type\":\"SearchAction\",\"target\":{\"@type\":\"EntryPoint\",\"urlTemplate\":\"https:\/\/lottemaa.ee\/?s={search_term_string}\"},\"query-input\":{\"@type\":\"PropertyValueSpecification\",\"valueRequired\":true,\"valueName\":\"search_term_string\"}}],\"inLanguage\":\"lv-LV\"},{\"@type\":\"Organization\",\"@id\":\"https:\/\/lottemaa.ee\/#organization\",\"name\":\"Lottemaa Teemapark\",\"url\":\"https:\/\/lottemaa.ee\/\",\"logo\":{\"@type\":\"ImageObject\",\"inLanguage\":\"lv-LV\",\"@id\":\"https:\/\/lottemaa.ee\/#\/schema\/logo\/image\/\",\"url\":\"https:\/\/lottemaa.ee\/wp-content\/uploads\/2018\/12\/Lottemaa_LOGO.png\",\"contentUrl\":\"https:\/\/lottemaa.ee\/wp-content\/uploads\/2018\/12\/Lottemaa_LOGO.png\",\"width\":1024,\"height\":518,\"caption\":\"Lottemaa Teemapark\"},\"image\":{\"@id\":\"https:\/\/lottemaa.ee\/#\/schema\/logo\/image\/\"}}]}<\/script>\n<!-- \/ Yoast SEO plugin. -->","yoast_head_json":{"title":"\u012apa\u0161ais pied\u0101v\u0101jums Ziemassv\u0113tku svin\u012bbu apmekl\u0113t\u0101jiem | Lottemaa Teemapark","description":"Liels paldies, ka apmekl\u0113j\u0101t m\u016bs Lotes zem\u0113! Mums ir \u012bpa\u0161s pied\u0101v\u0101jums jums!","robots":{"index":"index","follow":"follow","max-snippet":"max-snippet:-1","max-image-preview":"max-image-preview:large","max-video-preview":"max-video-preview:-1"},"canonical":"https:\/\/lottemaa.ee\/lv\/ipasais-piedavajums-ziemassvetku-svinibu-apmekletajiem\/","og_locale":"lv_LV","og_type":"article","og_title":"\u012apa\u0161ais pied\u0101v\u0101jums Ziemassv\u0113tku svin\u012bbu apmekl\u0113t\u0101jiem | Lottemaa Teemapark","og_description":"Liels paldies, ka apmekl\u0113j\u0101t m\u016bs Lotes zem\u0113! Mums ir \u012bpa\u0161s pied\u0101v\u0101jums jums!","og_url":"https:\/\/lottemaa.ee\/lv\/ipasais-piedavajums-ziemassvetku-svinibu-apmekletajiem\/","og_site_name":"Lottemaa Teemapark","article_modified_time":"2025-12-04T07:36:26+00:00","twitter_card":"summary_large_image","twitter_misc":{"Est. reading time":"1 min\u016b\u0161u"},"schema":{"@context":"https:\/\/schema.org","@graph":[{"@type":"WebPage","@id":"https:\/\/lottemaa.ee\/lv\/ipasais-piedavajums-ziemassvetku-svinibu-apmekletajiem\/","url":"https:\/\/lottemaa.ee\/lv\/ipasais-piedavajums-ziemassvetku-svinibu-apmekletajiem\/","name":"\u012apa\u0161ais pied\u0101v\u0101jums Ziemassv\u0113tku svin\u012bbu apmekl\u0113t\u0101jiem | Lottemaa Teemapark","isPartOf":{"@id":"https:\/\/lottemaa.ee\/#website"},"datePublished":"2022-11-17T12:45:11+00:00","dateModified":"2025-12-04T07:36:26+00:00","description":"Liels paldies, ka apmekl\u0113j\u0101t m\u016bs Lotes zem\u0113! Mums ir \u012bpa\u0161s pied\u0101v\u0101jums jums!","breadcrumb":{"@id":"https:\/\/lottemaa.ee\/lv\/ipasais-piedavajums-ziemassvetku-svinibu-apmekletajiem\/#breadcrumb"},"inLanguage":"lv-LV","potentialAction":[{"@type":"ReadAction","target":["https:\/\/lottemaa.ee\/lv\/ipasais-piedavajums-ziemassvetku-svinibu-apmekletajiem\/"]}]},{"@type":"BreadcrumbList","@id":"https:\/\/lottemaa.ee\/lv\/ipasais-piedavajums-ziemassvetku-svinibu-apmekletajiem\/#breadcrumb","itemListElement":[{"@type":"ListItem","position":1,"name":"Home","item":"https:\/\/lottemaa.ee\/lv\/"},{"@type":"ListItem","position":2,"name":"\u012apa\u0161ais pied\u0101v\u0101jums Ziemassv\u0113tku svin\u012bbu apmekl\u0113t\u0101jiem"}]},{"@type":"WebSite","@id":"https:\/\/lottemaa.ee\/#website","url":"https:\/\/lottemaa.ee\/","name":"Lottemaa Teemapark","description":"Baltimaade suurim ja k\u00f5ige \u00e4gedam kogupere teemapark Eestis P\u00e4rnumaal","publisher":{"@id":"https:\/\/lottemaa.ee\/#organization"},"potentialAction":[{"@type":"SearchAction","target":{"@type":"EntryPoint","urlTemplate":"https:\/\/lottemaa.ee\/?s={search_term_string}"},"query-input":{"@type":"PropertyValueSpecification","valueRequired":true,"valueName":"search_term_string"}}],"inLanguage":"lv-LV"},{"@type":"Organization","@id":"https:\/\/lottemaa.ee\/#organization","name":"Lottemaa Teemapark","url":"https:\/\/lottemaa.ee\/","logo":{"@type":"ImageObject","inLanguage":"lv-LV","@id":"https:\/\/lottemaa.ee\/#\/schema\/logo\/image\/","url":"https:\/\/lottemaa.ee\/wp-content\/uploads\/2018\/12\/Lottemaa_LOGO.png","contentUrl":"https:\/\/lottemaa.ee\/wp-content\/uploads\/2018\/12\/Lottemaa_LOGO.png","width":1024,"height":518,"caption":"Lottemaa Teemapark"},"image":{"@id":"https:\/\/lottemaa.ee\/#\/schema\/logo\/image\/"}}]}},"_links":{"self":[{"href":"https:\/\/lottemaa.ee\/lv\/wp-json\/wp\/v2\/pages\/17227","targetHints":{"allow":["GET"]}}],"collection":[{"href":"https:\/\/lottemaa.ee\/lv\/wp-json\/wp\/v2\/pages"}],"about":[{"href":"https:\/\/lottemaa.ee\/lv\/wp-json\/wp\/v2\/types\/page"}],"author":[{"embeddable":true,"href":"https:\/\/lottemaa.ee\/lv\/wp-json\/wp\/v2\/users\/7"}],"replies":[{"embeddable":true,"href":"https:\/\/lottemaa.ee\/lv\/wp-json\/wp\/v2\/comments?post=17227"}],"version-history":[{"count":5,"href":"https:\/\/lottemaa.ee\/lv\/wp-json\/wp\/v2\/pages\/17227\/revisions"}],"predecessor-version":[{"id":32332,"href":"https:\/\/lottemaa.ee\/lv\/wp-json\/wp\/v2\/pages\/17227\/revisions\/32332"}],"wp:attachment":[{"href":"https:\/\/lottemaa.ee\/lv\/wp-json\/wp\/v2\/media?parent=17227"}],"curies":[{"name":"wp","href":"https:\/\/api.w.org\/{rel}","templated":true}]}}