{"id":15259,"date":"2022-12-20T10:10:56","date_gmt":"2022-12-20T08:10:56","guid":{"rendered":"https:\/\/test.lottemaa.ee\/?page_id=15259"},"modified":"2024-09-25T15:48:48","modified_gmt":"2024-09-25T12:48:48","slug":"karaokela","status":"publish","type":"page","link":"https:\/\/lottemaa.ee\/lv\/par-lotes-zemi\/izgudrojumi\/karaokela\/","title":{"rendered":"Karaokela"},"content":{"rendered":"<p style=\"text-align: left;\">Lotes zemes <strong>LIEL\u0100 IZGUDROJUMU KONKURSA 2022<\/strong> uzvar\u0113t\u0101js <strong>KARAOKELA<\/strong> atg\u0101dina mums, cik \u013coti mums visiem ir vajadz\u012bgas izklaides, lai t\u0101s pal\u012bdz\u0113tu aizmirst ikdienas r\u016bpes.<\/p>\n<p style=\"text-align: left;\">Uzvar\u0113t\u0101ja darba autors, 11 gadus vecais <strong>Erki N\u00f5mm<\/strong>, zina, ka daudziem b\u0113rniem \u013coti pat\u012bk dzied\u0101t, jo tas uzlabo vi\u0146u garast\u0101vokli. Karaoke ir lielisks veids, k\u0101 dzied\u0101t un izklaid\u0113ties, un tas ar\u012b sniedz pa\u0161p\u0101rliecin\u0101t\u012bbu un drosmi darboties. Lotes zemes Karaokela izklaidei nav lielas skatuves, jo mazie izpild\u012bt\u0101ji v\u0113l tikai uzkr\u0101j drosmi. \u0160eit j\u016bs varat netrauc\u0113ti tren\u0113ties, k\u0101 ar\u012b sa\u0146emt atbalstu un iedro\u0161in\u0101jumu no Izgudrot\u0101ju ciema draugiem, lai k\u0101du dienu iekarotu liel\u0101s skatuves.<\/p>\n","protected":false},"excerpt":{"rendered":"<p>Lotes zemes LIEL\u0100 IZGUDROJUMU KONKURSA 2022 uzvar\u0113t\u0101js KARAOKELA atg\u0101dina mums, cik \u013coti mums visiem ir vajadz\u012bgas izklaides, lai t\u0101s pal\u012bdz\u0113tu aizmirst ikdienas r\u016bpes. Uzvar\u0113t\u0101ja darba autors, 11 gadus vecais Erki N\u00f5mm, zina, ka daudziem b\u0113rniem \u013coti pat\u012bk dzied\u0101t, jo tas uzlabo vi\u0146u garast\u0101vokli. Karaoke ir lielisks veids, k\u0101 dzied\u0101t un izklaid\u0113ties, un tas ar\u012b sniedz &hellip; <a href=\"https:\/\/lottemaa.ee\/lv\/par-lotes-zemi\/izgudrojumi\/karaokela\/\">Continued<\/a><\/p>\n","protected":false},"author":11,"featured_media":15247,"parent":4256,"menu_order":372,"comment_status":"closed","ping_status":"closed","template":"","meta":{"_acf_changed":false,"om_disable_all_campaigns":false,"_uf_show_specific_survey":0,"_uf_disable_surveys":false,"footnotes":""},"class_list":["post-15259","page","type-page","status-publish","has-post-thumbnail","hentry"],"acf":[],"yoast_head":"<!-- This site is optimized with the Yoast SEO plugin v25.5 - https:\/\/yoast.com\/wordpress\/plugins\/seo\/ -->\n<title>Karaokela | Lottemaa Teemapark<\/title>\n<meta name=\"description\" content=\"Lotes zemes LIEL\u0100 IZGUDROJUMU KONKURSA 2022 uzvar\u0113t\u0101js KARAOKELA atg\u0101dina mums, cik \u013coti mums visiem ir vajadz\u012bgas izklaides.\" \/>\n<meta name=\"robots\" content=\"index, follow, max-snippet:-1, max-image-preview:large, max-video-preview:-1\" \/>\n<link rel=\"canonical\" href=\"https:\/\/lottemaa.ee\/lv\/par-lotes-zemi\/izgudrojumi\/karaokela\/\" \/>\n<meta property=\"og:locale\" content=\"lv_LV\" \/>\n<meta property=\"og:type\" content=\"article\" \/>\n<meta property=\"og:title\" content=\"Karaokela | Lottemaa Teemapark\" \/>\n<meta property=\"og:description\" content=\"Lotes zemes LIEL\u0100 IZGUDROJUMU KONKURSA 2022 uzvar\u0113t\u0101js KARAOKELA atg\u0101dina mums, cik \u013coti mums visiem ir vajadz\u012bgas izklaides.\" \/>\n<meta property=\"og:url\" content=\"https:\/\/lottemaa.ee\/lv\/par-lotes-zemi\/izgudrojumi\/karaokela\/\" \/>\n<meta property=\"og:site_name\" content=\"Lottemaa Teemapark\" \/>\n<meta property=\"article:modified_time\" content=\"2024-09-25T12:48:48+00:00\" \/>\n<meta property=\"og:image\" content=\"https:\/\/lottemaa.ee\/wp-content\/uploads\/2022\/12\/DSC_8043-scaled.jpg\" \/>\n\t<meta property=\"og:image:width\" content=\"2560\" \/>\n\t<meta property=\"og:image:height\" content=\"1696\" \/>\n\t<meta property=\"og:image:type\" content=\"image\/jpeg\" \/>\n<meta name=\"twitter:card\" content=\"summary_large_image\" \/>\n<meta name=\"twitter:label1\" content=\"Est. reading time\" \/>\n\t<meta name=\"twitter:data1\" content=\"1 min\u016b\u0161u\" \/>\n<script type=\"application\/ld+json\" class=\"yoast-schema-graph\">{\"@context\":\"https:\/\/schema.org\",\"@graph\":[{\"@type\":\"WebPage\",\"@id\":\"https:\/\/lottemaa.ee\/lv\/par-lotes-zemi\/izgudrojumi\/karaokela\/\",\"url\":\"https:\/\/lottemaa.ee\/lv\/par-lotes-zemi\/izgudrojumi\/karaokela\/\",\"name\":\"Karaokela | Lottemaa Teemapark\",\"isPartOf\":{\"@id\":\"https:\/\/lottemaa.ee\/#website\"},\"primaryImageOfPage\":{\"@id\":\"https:\/\/lottemaa.ee\/lv\/par-lotes-zemi\/izgudrojumi\/karaokela\/#primaryimage\"},\"image\":{\"@id\":\"https:\/\/lottemaa.ee\/lv\/par-lotes-zemi\/izgudrojumi\/karaokela\/#primaryimage\"},\"thumbnailUrl\":\"https:\/\/lottemaa.ee\/wp-content\/uploads\/2022\/12\/DSC_8043-scaled.jpg\",\"datePublished\":\"2022-12-20T08:10:56+00:00\",\"dateModified\":\"2024-09-25T12:48:48+00:00\",\"description\":\"Lotes zemes LIEL\u0100 IZGUDROJUMU KONKURSA 2022 uzvar\u0113t\u0101js KARAOKELA atg\u0101dina mums, cik \u013coti mums visiem ir vajadz\u012bgas izklaides.\",\"breadcrumb\":{\"@id\":\"https:\/\/lottemaa.ee\/lv\/par-lotes-zemi\/izgudrojumi\/karaokela\/#breadcrumb\"},\"inLanguage\":\"lv-LV\",\"potentialAction\":[{\"@type\":\"ReadAction\",\"target\":[\"https:\/\/lottemaa.ee\/lv\/par-lotes-zemi\/izgudrojumi\/karaokela\/\"]}]},{\"@type\":\"ImageObject\",\"inLanguage\":\"lv-LV\",\"@id\":\"https:\/\/lottemaa.ee\/lv\/par-lotes-zemi\/izgudrojumi\/karaokela\/#primaryimage\",\"url\":\"https:\/\/lottemaa.ee\/wp-content\/uploads\/2022\/12\/DSC_8043-scaled.jpg\",\"contentUrl\":\"https:\/\/lottemaa.ee\/wp-content\/uploads\/2022\/12\/DSC_8043-scaled.jpg\",\"width\":2560,\"height\":1696},{\"@type\":\"BreadcrumbList\",\"@id\":\"https:\/\/lottemaa.ee\/lv\/par-lotes-zemi\/izgudrojumi\/karaokela\/#breadcrumb\",\"itemListElement\":[{\"@type\":\"ListItem\",\"position\":1,\"name\":\"Home\",\"item\":\"https:\/\/lottemaa.ee\/lv\/\"},{\"@type\":\"ListItem\",\"position\":2,\"name\":\"Diena Lotes zem\u0113\",\"item\":\"https:\/\/lottemaa.ee\/lv\/par-lotes-zemi\/\"},{\"@type\":\"ListItem\",\"position\":3,\"name\":\"IZGUDROJUMI\",\"item\":\"https:\/\/lottemaa.ee\/lv\/par-lotes-zemi\/izgudrojumi\/\"},{\"@type\":\"ListItem\",\"position\":4,\"name\":\"Karaokela\"}]},{\"@type\":\"WebSite\",\"@id\":\"https:\/\/lottemaa.ee\/#website\",\"url\":\"https:\/\/lottemaa.ee\/\",\"name\":\"Lottemaa Teemapark\",\"description\":\"Baltimaade suurim ja k\u00f5ige \u00e4gedam kogupere teemapark Eestis P\u00e4rnumaal\",\"publisher\":{\"@id\":\"https:\/\/lottemaa.ee\/#organization\"},\"potentialAction\":[{\"@type\":\"SearchAction\",\"target\":{\"@type\":\"EntryPoint\",\"urlTemplate\":\"https:\/\/lottemaa.ee\/?s={search_term_string}\"},\"query-input\":{\"@type\":\"PropertyValueSpecification\",\"valueRequired\":true,\"valueName\":\"search_term_string\"}}],\"inLanguage\":\"lv-LV\"},{\"@type\":\"Organization\",\"@id\":\"https:\/\/lottemaa.ee\/#organization\",\"name\":\"Lottemaa Teemapark\",\"url\":\"https:\/\/lottemaa.ee\/\",\"logo\":{\"@type\":\"ImageObject\",\"inLanguage\":\"lv-LV\",\"@id\":\"https:\/\/lottemaa.ee\/#\/schema\/logo\/image\/\",\"url\":\"https:\/\/lottemaa.ee\/wp-content\/uploads\/2018\/12\/Lottemaa_LOGO.png\",\"contentUrl\":\"https:\/\/lottemaa.ee\/wp-content\/uploads\/2018\/12\/Lottemaa_LOGO.png\",\"width\":1024,\"height\":518,\"caption\":\"Lottemaa Teemapark\"},\"image\":{\"@id\":\"https:\/\/lottemaa.ee\/#\/schema\/logo\/image\/\"}}]}<\/script>\n<!-- \/ Yoast SEO plugin. -->","yoast_head_json":{"title":"Karaokela | Lottemaa Teemapark","description":"Lotes zemes LIEL\u0100 IZGUDROJUMU KONKURSA 2022 uzvar\u0113t\u0101js KARAOKELA atg\u0101dina mums, cik \u013coti mums visiem ir vajadz\u012bgas izklaides.","robots":{"index":"index","follow":"follow","max-snippet":"max-snippet:-1","max-image-preview":"max-image-preview:large","max-video-preview":"max-video-preview:-1"},"canonical":"https:\/\/lottemaa.ee\/lv\/par-lotes-zemi\/izgudrojumi\/karaokela\/","og_locale":"lv_LV","og_type":"article","og_title":"Karaokela | Lottemaa Teemapark","og_description":"Lotes zemes LIEL\u0100 IZGUDROJUMU KONKURSA 2022 uzvar\u0113t\u0101js KARAOKELA atg\u0101dina mums, cik \u013coti mums visiem ir vajadz\u012bgas izklaides.","og_url":"https:\/\/lottemaa.ee\/lv\/par-lotes-zemi\/izgudrojumi\/karaokela\/","og_site_name":"Lottemaa Teemapark","article_modified_time":"2024-09-25T12:48:48+00:00","og_image":[{"width":2560,"height":1696,"url":"https:\/\/lottemaa.ee\/wp-content\/uploads\/2022\/12\/DSC_8043-scaled.jpg","type":"image\/jpeg"}],"twitter_card":"summary_large_image","twitter_misc":{"Est. reading time":"1 min\u016b\u0161u"},"schema":{"@context":"https:\/\/schema.org","@graph":[{"@type":"WebPage","@id":"https:\/\/lottemaa.ee\/lv\/par-lotes-zemi\/izgudrojumi\/karaokela\/","url":"https:\/\/lottemaa.ee\/lv\/par-lotes-zemi\/izgudrojumi\/karaokela\/","name":"Karaokela | Lottemaa Teemapark","isPartOf":{"@id":"https:\/\/lottemaa.ee\/#website"},"primaryImageOfPage":{"@id":"https:\/\/lottemaa.ee\/lv\/par-lotes-zemi\/izgudrojumi\/karaokela\/#primaryimage"},"image":{"@id":"https:\/\/lottemaa.ee\/lv\/par-lotes-zemi\/izgudrojumi\/karaokela\/#primaryimage"},"thumbnailUrl":"https:\/\/lottemaa.ee\/wp-content\/uploads\/2022\/12\/DSC_8043-scaled.jpg","datePublished":"2022-12-20T08:10:56+00:00","dateModified":"2024-09-25T12:48:48+00:00","description":"Lotes zemes LIEL\u0100 IZGUDROJUMU KONKURSA 2022 uzvar\u0113t\u0101js KARAOKELA atg\u0101dina mums, cik \u013coti mums visiem ir vajadz\u012bgas izklaides.","breadcrumb":{"@id":"https:\/\/lottemaa.ee\/lv\/par-lotes-zemi\/izgudrojumi\/karaokela\/#breadcrumb"},"inLanguage":"lv-LV","potentialAction":[{"@type":"ReadAction","target":["https:\/\/lottemaa.ee\/lv\/par-lotes-zemi\/izgudrojumi\/karaokela\/"]}]},{"@type":"ImageObject","inLanguage":"lv-LV","@id":"https:\/\/lottemaa.ee\/lv\/par-lotes-zemi\/izgudrojumi\/karaokela\/#primaryimage","url":"https:\/\/lottemaa.ee\/wp-content\/uploads\/2022\/12\/DSC_8043-scaled.jpg","contentUrl":"https:\/\/lottemaa.ee\/wp-content\/uploads\/2022\/12\/DSC_8043-scaled.jpg","width":2560,"height":1696},{"@type":"BreadcrumbList","@id":"https:\/\/lottemaa.ee\/lv\/par-lotes-zemi\/izgudrojumi\/karaokela\/#breadcrumb","itemListElement":[{"@type":"ListItem","position":1,"name":"Home","item":"https:\/\/lottemaa.ee\/lv\/"},{"@type":"ListItem","position":2,"name":"Diena Lotes zem\u0113","item":"https:\/\/lottemaa.ee\/lv\/par-lotes-zemi\/"},{"@type":"ListItem","position":3,"name":"IZGUDROJUMI","item":"https:\/\/lottemaa.ee\/lv\/par-lotes-zemi\/izgudrojumi\/"},{"@type":"ListItem","position":4,"name":"Karaokela"}]},{"@type":"WebSite","@id":"https:\/\/lottemaa.ee\/#website","url":"https:\/\/lottemaa.ee\/","name":"Lottemaa Teemapark","description":"Baltimaade suurim ja k\u00f5ige \u00e4gedam kogupere teemapark Eestis P\u00e4rnumaal","publisher":{"@id":"https:\/\/lottemaa.ee\/#organization"},"potentialAction":[{"@type":"SearchAction","target":{"@type":"EntryPoint","urlTemplate":"https:\/\/lottemaa.ee\/?s={search_term_string}"},"query-input":{"@type":"PropertyValueSpecification","valueRequired":true,"valueName":"search_term_string"}}],"inLanguage":"lv-LV"},{"@type":"Organization","@id":"https:\/\/lottemaa.ee\/#organization","name":"Lottemaa Teemapark","url":"https:\/\/lottemaa.ee\/","logo":{"@type":"ImageObject","inLanguage":"lv-LV","@id":"https:\/\/lottemaa.ee\/#\/schema\/logo\/image\/","url":"https:\/\/lottemaa.ee\/wp-content\/uploads\/2018\/12\/Lottemaa_LOGO.png","contentUrl":"https:\/\/lottemaa.ee\/wp-content\/uploads\/2018\/12\/Lottemaa_LOGO.png","width":1024,"height":518,"caption":"Lottemaa Teemapark"},"image":{"@id":"https:\/\/lottemaa.ee\/#\/schema\/logo\/image\/"}}]}},"_links":{"self":[{"href":"https:\/\/lottemaa.ee\/lv\/wp-json\/wp\/v2\/pages\/15259","targetHints":{"allow":["GET"]}}],"collection":[{"href":"https:\/\/lottemaa.ee\/lv\/wp-json\/wp\/v2\/pages"}],"about":[{"href":"https:\/\/lottemaa.ee\/lv\/wp-json\/wp\/v2\/types\/page"}],"author":[{"embeddable":true,"href":"https:\/\/lottemaa.ee\/lv\/wp-json\/wp\/v2\/users\/11"}],"replies":[{"embeddable":true,"href":"https:\/\/lottemaa.ee\/lv\/wp-json\/wp\/v2\/comments?post=15259"}],"version-history":[{"count":2,"href":"https:\/\/lottemaa.ee\/lv\/wp-json\/wp\/v2\/pages\/15259\/revisions"}],"predecessor-version":[{"id":28546,"href":"https:\/\/lottemaa.ee\/lv\/wp-json\/wp\/v2\/pages\/15259\/revisions\/28546"}],"up":[{"embeddable":true,"href":"https:\/\/lottemaa.ee\/lv\/wp-json\/wp\/v2\/pages\/4256"}],"wp:featuredmedia":[{"embeddable":true,"href":"https:\/\/lottemaa.ee\/lv\/wp-json\/wp\/v2\/media\/15247"}],"wp:attachment":[{"href":"https:\/\/lottemaa.ee\/lv\/wp-json\/wp\/v2\/media?parent=15259"}],"curies":[{"name":"wp","href":"https:\/\/api.w.org\/{rel}","templated":true}]}}