{"id":1397,"date":"2016-05-16T21:15:34","date_gmt":"2016-05-16T18:15:34","guid":{"rendered":"http:\/\/sharks.ee\/lottemaa\/lv\/?page_id=1397"},"modified":"2024-07-06T14:57:19","modified_gmt":"2024-07-06T11:57:19","slug":"artura-veikals-suveniri","status":"publish","type":"page","link":"https:\/\/lottemaa.ee\/lv\/par-mums\/artura-veikals-suveniri\/","title":{"rendered":"Art\u016bra veikals"},"content":{"rendered":"<p style=\"text-align: left;\">Par pat\u012bkamo vasaras dienu atg\u0101din\u0101s jauki suven\u012bri un aizraujo\u0161as sp\u0113les! Visu to un v\u0113l vair\u0101k atrad\u012bsiet m\u016bsu veikalos un tirdzniec\u012bbas viet\u0101s. Kr\u0101sainaj\u0101s let\u0113s pla\u0161\u0101 sortiment\u0101 atrad\u012bsiet da\u017e\u0101das preces s\u0101kot no rota\u013cliet\u0101m l\u012bdz pat pludmales piederumiem, k\u0101 ar\u012b v\u0113l atspirdzino\u0161os dz\u0113rienus un pat\u012bkamas uzkodas. Ja rad\u012bsies nepiecie\u0161am\u012bba, tad noteikti atrad\u012bsiet \u0161eit ar\u012b lietusm\u0113teli. Ja v\u0113laties, varat izm\u0113\u0123in\u0101t laimi, grie\u017eot izlozes ratu, k\u0101 ar\u012b varat z\u012bm\u0113t, salikt puzles un sp\u0113l\u0113t galda sp\u0113les.<\/p>\n<h3><span style=\"font-family: Troika;\"><a href=\"https:\/\/e-pood.lottemaa.ee\/en\" target=\"_blank\" rel=\"noopener\">E-VEIKALS<\/a><a href=\"http:\/\/e-pood.lottemaa.ee\/\" target=\"_blank\" rel=\"noopener\">\u00bb<\/a><\/span><\/h3>\n","protected":false},"excerpt":{"rendered":"<p>Par pat\u012bkamo vasaras dienu atg\u0101din\u0101s jauki suven\u012bri un aizraujo\u0161as sp\u0113les! Visu to un v\u0113l vair\u0101k atrad\u012bsiet m\u016bsu veikalos un tirdzniec\u012bbas viet\u0101s. Kr\u0101sainaj\u0101s let\u0113s pla\u0161\u0101 sortiment\u0101 atrad\u012bsiet da\u017e\u0101das preces s\u0101kot no rota\u013cliet\u0101m l\u012bdz pat pludmales piederumiem, k\u0101 ar\u012b v\u0113l atspirdzino\u0161os dz\u0113rienus un pat\u012bkamas uzkodas. Ja rad\u012bsies nepiecie\u0161am\u012bba, tad noteikti atrad\u012bsiet \u0161eit ar\u012b lietusm\u0113teli. Ja v\u0113laties, varat &hellip; <a href=\"https:\/\/lottemaa.ee\/lv\/par-mums\/artura-veikals-suveniri\/\">Continued<\/a><\/p>\n","protected":false},"author":1,"featured_media":25129,"parent":593,"menu_order":277,"comment_status":"closed","ping_status":"closed","template":"","meta":{"_acf_changed":false,"om_disable_all_campaigns":false,"_uf_show_specific_survey":0,"_uf_disable_surveys":false,"footnotes":""},"class_list":["post-1397","page","type-page","status-publish","has-post-thumbnail","hentry"],"acf":[],"yoast_head":"<!-- This site is optimized with the Yoast SEO plugin v25.5 - https:\/\/yoast.com\/wordpress\/plugins\/seo\/ -->\n<title>Art\u016bra veikals | Lottemaa Teemapark<\/title>\n<meta name=\"description\" content=\"Lieliski suven\u012bri, Lottemaa rota\u013clietas, jautras gr\u0101matas un filmas, k\u0101 ar\u012b aizraujo\u0161as sp\u0113les - to visu un v\u0113l vair\u0101k j\u016bs atrad\u012bsiet m\u016bsu veikal\u0101.\" \/>\n<meta name=\"robots\" content=\"index, follow, max-snippet:-1, max-image-preview:large, max-video-preview:-1\" \/>\n<link rel=\"canonical\" href=\"https:\/\/lottemaa.ee\/lv\/par-mums\/artura-veikals-suveniri\/\" \/>\n<meta property=\"og:locale\" content=\"lv_LV\" \/>\n<meta property=\"og:type\" content=\"article\" \/>\n<meta property=\"og:title\" content=\"Art\u016bra veikals | Lottemaa Teemapark\" \/>\n<meta property=\"og:description\" content=\"Lieliski suven\u012bri, Lottemaa rota\u013clietas, jautras gr\u0101matas un filmas, k\u0101 ar\u012b aizraujo\u0161as sp\u0113les - to visu un v\u0113l vair\u0101k j\u016bs atrad\u012bsiet m\u016bsu veikal\u0101.\" \/>\n<meta property=\"og:url\" content=\"https:\/\/lottemaa.ee\/lv\/par-mums\/artura-veikals-suveniri\/\" \/>\n<meta property=\"og:site_name\" content=\"Lottemaa Teemapark\" \/>\n<meta property=\"article:modified_time\" content=\"2024-07-06T11:57:19+00:00\" \/>\n<meta property=\"og:image\" content=\"https:\/\/lottemaa.ee\/wp-content\/uploads\/2024\/02\/arturi_pood_288x251.jpg\" \/>\n\t<meta property=\"og:image:width\" content=\"288\" \/>\n\t<meta property=\"og:image:height\" content=\"251\" \/>\n\t<meta property=\"og:image:type\" content=\"image\/jpeg\" \/>\n<meta name=\"twitter:card\" content=\"summary_large_image\" \/>\n<meta name=\"twitter:label1\" content=\"Est. reading time\" \/>\n\t<meta name=\"twitter:data1\" content=\"1 min\u016b\u0161u\" \/>\n<script type=\"application\/ld+json\" class=\"yoast-schema-graph\">{\"@context\":\"https:\/\/schema.org\",\"@graph\":[{\"@type\":\"WebPage\",\"@id\":\"https:\/\/lottemaa.ee\/lv\/par-mums\/artura-veikals-suveniri\/\",\"url\":\"https:\/\/lottemaa.ee\/lv\/par-mums\/artura-veikals-suveniri\/\",\"name\":\"Art\u016bra veikals | Lottemaa Teemapark\",\"isPartOf\":{\"@id\":\"https:\/\/lottemaa.ee\/#website\"},\"primaryImageOfPage\":{\"@id\":\"https:\/\/lottemaa.ee\/lv\/par-mums\/artura-veikals-suveniri\/#primaryimage\"},\"image\":{\"@id\":\"https:\/\/lottemaa.ee\/lv\/par-mums\/artura-veikals-suveniri\/#primaryimage\"},\"thumbnailUrl\":\"https:\/\/lottemaa.ee\/wp-content\/uploads\/2024\/02\/arturi_pood_288x251.jpg\",\"datePublished\":\"2016-05-16T18:15:34+00:00\",\"dateModified\":\"2024-07-06T11:57:19+00:00\",\"description\":\"Lieliski suven\u012bri, Lottemaa rota\u013clietas, jautras gr\u0101matas un filmas, k\u0101 ar\u012b aizraujo\u0161as sp\u0113les - to visu un v\u0113l vair\u0101k j\u016bs atrad\u012bsiet m\u016bsu veikal\u0101.\",\"breadcrumb\":{\"@id\":\"https:\/\/lottemaa.ee\/lv\/par-mums\/artura-veikals-suveniri\/#breadcrumb\"},\"inLanguage\":\"lv-LV\",\"potentialAction\":[{\"@type\":\"ReadAction\",\"target\":[\"https:\/\/lottemaa.ee\/lv\/par-mums\/artura-veikals-suveniri\/\"]}]},{\"@type\":\"ImageObject\",\"inLanguage\":\"lv-LV\",\"@id\":\"https:\/\/lottemaa.ee\/lv\/par-mums\/artura-veikals-suveniri\/#primaryimage\",\"url\":\"https:\/\/lottemaa.ee\/wp-content\/uploads\/2024\/02\/arturi_pood_288x251.jpg\",\"contentUrl\":\"https:\/\/lottemaa.ee\/wp-content\/uploads\/2024\/02\/arturi_pood_288x251.jpg\",\"width\":288,\"height\":251},{\"@type\":\"BreadcrumbList\",\"@id\":\"https:\/\/lottemaa.ee\/lv\/par-mums\/artura-veikals-suveniri\/#breadcrumb\",\"itemListElement\":[{\"@type\":\"ListItem\",\"position\":1,\"name\":\"Home\",\"item\":\"https:\/\/lottemaa.ee\/lv\/\"},{\"@type\":\"ListItem\",\"position\":2,\"name\":\"Par mums\",\"item\":\"https:\/\/lottemaa.ee\/lv\/par-mums\/\"},{\"@type\":\"ListItem\",\"position\":3,\"name\":\"Art\u016bra veikals\"}]},{\"@type\":\"WebSite\",\"@id\":\"https:\/\/lottemaa.ee\/#website\",\"url\":\"https:\/\/lottemaa.ee\/\",\"name\":\"Lottemaa Teemapark\",\"description\":\"Baltimaade suurim ja k\u00f5ige \u00e4gedam kogupere teemapark Eestis P\u00e4rnumaal\",\"publisher\":{\"@id\":\"https:\/\/lottemaa.ee\/#organization\"},\"potentialAction\":[{\"@type\":\"SearchAction\",\"target\":{\"@type\":\"EntryPoint\",\"urlTemplate\":\"https:\/\/lottemaa.ee\/?s={search_term_string}\"},\"query-input\":{\"@type\":\"PropertyValueSpecification\",\"valueRequired\":true,\"valueName\":\"search_term_string\"}}],\"inLanguage\":\"lv-LV\"},{\"@type\":\"Organization\",\"@id\":\"https:\/\/lottemaa.ee\/#organization\",\"name\":\"Lottemaa Teemapark\",\"url\":\"https:\/\/lottemaa.ee\/\",\"logo\":{\"@type\":\"ImageObject\",\"inLanguage\":\"lv-LV\",\"@id\":\"https:\/\/lottemaa.ee\/#\/schema\/logo\/image\/\",\"url\":\"https:\/\/lottemaa.ee\/wp-content\/uploads\/2018\/12\/Lottemaa_LOGO.png\",\"contentUrl\":\"https:\/\/lottemaa.ee\/wp-content\/uploads\/2018\/12\/Lottemaa_LOGO.png\",\"width\":1024,\"height\":518,\"caption\":\"Lottemaa Teemapark\"},\"image\":{\"@id\":\"https:\/\/lottemaa.ee\/#\/schema\/logo\/image\/\"}}]}<\/script>\n<!-- \/ Yoast SEO plugin. -->","yoast_head_json":{"title":"Art\u016bra veikals | Lottemaa Teemapark","description":"Lieliski suven\u012bri, Lottemaa rota\u013clietas, jautras gr\u0101matas un filmas, k\u0101 ar\u012b aizraujo\u0161as sp\u0113les - to visu un v\u0113l vair\u0101k j\u016bs atrad\u012bsiet m\u016bsu veikal\u0101.","robots":{"index":"index","follow":"follow","max-snippet":"max-snippet:-1","max-image-preview":"max-image-preview:large","max-video-preview":"max-video-preview:-1"},"canonical":"https:\/\/lottemaa.ee\/lv\/par-mums\/artura-veikals-suveniri\/","og_locale":"lv_LV","og_type":"article","og_title":"Art\u016bra veikals | Lottemaa Teemapark","og_description":"Lieliski suven\u012bri, Lottemaa rota\u013clietas, jautras gr\u0101matas un filmas, k\u0101 ar\u012b aizraujo\u0161as sp\u0113les - to visu un v\u0113l vair\u0101k j\u016bs atrad\u012bsiet m\u016bsu veikal\u0101.","og_url":"https:\/\/lottemaa.ee\/lv\/par-mums\/artura-veikals-suveniri\/","og_site_name":"Lottemaa Teemapark","article_modified_time":"2024-07-06T11:57:19+00:00","og_image":[{"width":288,"height":251,"url":"https:\/\/lottemaa.ee\/wp-content\/uploads\/2024\/02\/arturi_pood_288x251.jpg","type":"image\/jpeg"}],"twitter_card":"summary_large_image","twitter_misc":{"Est. reading time":"1 min\u016b\u0161u"},"schema":{"@context":"https:\/\/schema.org","@graph":[{"@type":"WebPage","@id":"https:\/\/lottemaa.ee\/lv\/par-mums\/artura-veikals-suveniri\/","url":"https:\/\/lottemaa.ee\/lv\/par-mums\/artura-veikals-suveniri\/","name":"Art\u016bra veikals | Lottemaa Teemapark","isPartOf":{"@id":"https:\/\/lottemaa.ee\/#website"},"primaryImageOfPage":{"@id":"https:\/\/lottemaa.ee\/lv\/par-mums\/artura-veikals-suveniri\/#primaryimage"},"image":{"@id":"https:\/\/lottemaa.ee\/lv\/par-mums\/artura-veikals-suveniri\/#primaryimage"},"thumbnailUrl":"https:\/\/lottemaa.ee\/wp-content\/uploads\/2024\/02\/arturi_pood_288x251.jpg","datePublished":"2016-05-16T18:15:34+00:00","dateModified":"2024-07-06T11:57:19+00:00","description":"Lieliski suven\u012bri, Lottemaa rota\u013clietas, jautras gr\u0101matas un filmas, k\u0101 ar\u012b aizraujo\u0161as sp\u0113les - to visu un v\u0113l vair\u0101k j\u016bs atrad\u012bsiet m\u016bsu veikal\u0101.","breadcrumb":{"@id":"https:\/\/lottemaa.ee\/lv\/par-mums\/artura-veikals-suveniri\/#breadcrumb"},"inLanguage":"lv-LV","potentialAction":[{"@type":"ReadAction","target":["https:\/\/lottemaa.ee\/lv\/par-mums\/artura-veikals-suveniri\/"]}]},{"@type":"ImageObject","inLanguage":"lv-LV","@id":"https:\/\/lottemaa.ee\/lv\/par-mums\/artura-veikals-suveniri\/#primaryimage","url":"https:\/\/lottemaa.ee\/wp-content\/uploads\/2024\/02\/arturi_pood_288x251.jpg","contentUrl":"https:\/\/lottemaa.ee\/wp-content\/uploads\/2024\/02\/arturi_pood_288x251.jpg","width":288,"height":251},{"@type":"BreadcrumbList","@id":"https:\/\/lottemaa.ee\/lv\/par-mums\/artura-veikals-suveniri\/#breadcrumb","itemListElement":[{"@type":"ListItem","position":1,"name":"Home","item":"https:\/\/lottemaa.ee\/lv\/"},{"@type":"ListItem","position":2,"name":"Par mums","item":"https:\/\/lottemaa.ee\/lv\/par-mums\/"},{"@type":"ListItem","position":3,"name":"Art\u016bra veikals"}]},{"@type":"WebSite","@id":"https:\/\/lottemaa.ee\/#website","url":"https:\/\/lottemaa.ee\/","name":"Lottemaa Teemapark","description":"Baltimaade suurim ja k\u00f5ige \u00e4gedam kogupere teemapark Eestis P\u00e4rnumaal","publisher":{"@id":"https:\/\/lottemaa.ee\/#organization"},"potentialAction":[{"@type":"SearchAction","target":{"@type":"EntryPoint","urlTemplate":"https:\/\/lottemaa.ee\/?s={search_term_string}"},"query-input":{"@type":"PropertyValueSpecification","valueRequired":true,"valueName":"search_term_string"}}],"inLanguage":"lv-LV"},{"@type":"Organization","@id":"https:\/\/lottemaa.ee\/#organization","name":"Lottemaa Teemapark","url":"https:\/\/lottemaa.ee\/","logo":{"@type":"ImageObject","inLanguage":"lv-LV","@id":"https:\/\/lottemaa.ee\/#\/schema\/logo\/image\/","url":"https:\/\/lottemaa.ee\/wp-content\/uploads\/2018\/12\/Lottemaa_LOGO.png","contentUrl":"https:\/\/lottemaa.ee\/wp-content\/uploads\/2018\/12\/Lottemaa_LOGO.png","width":1024,"height":518,"caption":"Lottemaa Teemapark"},"image":{"@id":"https:\/\/lottemaa.ee\/#\/schema\/logo\/image\/"}}]}},"_links":{"self":[{"href":"https:\/\/lottemaa.ee\/lv\/wp-json\/wp\/v2\/pages\/1397","targetHints":{"allow":["GET"]}}],"collection":[{"href":"https:\/\/lottemaa.ee\/lv\/wp-json\/wp\/v2\/pages"}],"about":[{"href":"https:\/\/lottemaa.ee\/lv\/wp-json\/wp\/v2\/types\/page"}],"author":[{"embeddable":true,"href":"https:\/\/lottemaa.ee\/lv\/wp-json\/wp\/v2\/users\/1"}],"replies":[{"embeddable":true,"href":"https:\/\/lottemaa.ee\/lv\/wp-json\/wp\/v2\/comments?post=1397"}],"version-history":[{"count":5,"href":"https:\/\/lottemaa.ee\/lv\/wp-json\/wp\/v2\/pages\/1397\/revisions"}],"predecessor-version":[{"id":27135,"href":"https:\/\/lottemaa.ee\/lv\/wp-json\/wp\/v2\/pages\/1397\/revisions\/27135"}],"up":[{"embeddable":true,"href":"https:\/\/lottemaa.ee\/lv\/wp-json\/wp\/v2\/pages\/593"}],"wp:featuredmedia":[{"embeddable":true,"href":"https:\/\/lottemaa.ee\/lv\/wp-json\/wp\/v2\/media\/25129"}],"wp:attachment":[{"href":"https:\/\/lottemaa.ee\/lv\/wp-json\/wp\/v2\/media?parent=1397"}],"curies":[{"name":"wp","href":"https:\/\/api.w.org\/{rel}","templated":true}]}}