{"id":1393,"date":"2016-05-16T21:13:24","date_gmt":"2016-05-16T18:13:24","guid":{"rendered":"http:\/\/sharks.ee\/lottemaa\/lv\/?page_id=1393"},"modified":"2024-07-05T13:27:06","modified_gmt":"2024-07-05T10:27:06","slug":"tirgus-laukuma-uzkodas","status":"publish","type":"page","link":"https:\/\/lottemaa.ee\/lv\/par-lotes-zemi\/lotes-zemes-edinasana\/tirgus-laukuma-uzkodas\/","title":{"rendered":"SALD\u0112JUMA \u0160\u0136\u016aNIS"},"content":{"rendered":"<p style=\"text-align: left;\">Lotes zemes centr\u0101 eso\u0161aj\u0101 gadatirgus laukum\u0101 tiek pied\u0101v\u0101ti gardie Izgudrot\u0101ju ciema Lotes sald\u0113jumi uz koci\u0146a, sulu sald\u0113jumi un vafe\u013cu trauci\u0146i. Protams, \u0161eit netr\u016bkst ar\u012b sald\u0113juma ma\u0161\u012bnas, kur var dab\u016bt m\u012bksto vani\u013cas un \u0161okol\u0101des sald\u0113jumu. Lotes zemes slavenie izgudrot\u0101ji visiem par prieku ir izgudroju\u0161i lielisku ma\u0161\u012bnu \u2013\u00a0 limon\u0101des ma\u0161\u012bnu, kas ar\u012b atrodas gadatirgus laukum\u0101.<\/p>\n","protected":false},"excerpt":{"rendered":"<p>Lotes zemes centr\u0101 eso\u0161aj\u0101 gadatirgus laukum\u0101 tiek pied\u0101v\u0101ti gardie Izgudrot\u0101ju ciema Lotes sald\u0113jumi uz koci\u0146a, sulu sald\u0113jumi un vafe\u013cu trauci\u0146i. Protams, \u0161eit netr\u016bkst ar\u012b sald\u0113juma ma\u0161\u012bnas, kur var dab\u016bt m\u012bksto vani\u013cas un \u0161okol\u0101des sald\u0113jumu. Lotes zemes slavenie izgudrot\u0101ji visiem par prieku ir izgudroju\u0161i lielisku ma\u0161\u012bnu \u2013\u00a0 limon\u0101des ma\u0161\u012bnu, kas ar\u012b atrodas gadatirgus laukum\u0101.<\/p>\n","protected":false},"author":1,"featured_media":26852,"parent":1383,"menu_order":694,"comment_status":"closed","ping_status":"closed","template":"","meta":{"_acf_changed":false,"om_disable_all_campaigns":false,"_uf_show_specific_survey":0,"_uf_disable_surveys":false,"footnotes":""},"class_list":["post-1393","page","type-page","status-publish","has-post-thumbnail","hentry"],"acf":[],"yoast_head":"<!-- This site is optimized with the Yoast SEO plugin v25.5 - https:\/\/yoast.com\/wordpress\/plugins\/seo\/ -->\n<title>SALD\u0112JUMA \u0160\u0136\u016aNIS | Lottemaa Teemapark<\/title>\n<meta name=\"description\" content=\"Lotes zemes centr\u0101 eso\u0161aj\u0101 gadatirgus laukum\u0101 tiek pied\u0101v\u0101ti gardie Izgudrot\u0101ju ciema Lotes sald\u0113jumi uz koci\u0146a, sulu sald\u0113jumi un vafe\u013cu trauci\u0146i.\" \/>\n<meta name=\"robots\" content=\"index, follow, max-snippet:-1, max-image-preview:large, max-video-preview:-1\" \/>\n<link rel=\"canonical\" href=\"https:\/\/lottemaa.ee\/lv\/par-lotes-zemi\/lotes-zemes-edinasana\/tirgus-laukuma-uzkodas\/\" \/>\n<meta property=\"og:locale\" content=\"lv_LV\" \/>\n<meta property=\"og:type\" content=\"article\" \/>\n<meta property=\"og:title\" content=\"SALD\u0112JUMA \u0160\u0136\u016aNIS | Lottemaa Teemapark\" \/>\n<meta property=\"og:description\" content=\"Lotes zemes centr\u0101 eso\u0161aj\u0101 gadatirgus laukum\u0101 tiek pied\u0101v\u0101ti gardie Izgudrot\u0101ju ciema Lotes sald\u0113jumi uz koci\u0146a, sulu sald\u0113jumi un vafe\u013cu trauci\u0146i.\" \/>\n<meta property=\"og:url\" content=\"https:\/\/lottemaa.ee\/lv\/par-lotes-zemi\/lotes-zemes-edinasana\/tirgus-laukuma-uzkodas\/\" \/>\n<meta property=\"og:site_name\" content=\"Lottemaa Teemapark\" \/>\n<meta property=\"article:modified_time\" content=\"2024-07-05T10:27:06+00:00\" \/>\n<meta property=\"og:image\" content=\"https:\/\/lottemaa.ee\/wp-content\/uploads\/2024\/07\/Lottemaa-IV-106.jpg\" \/>\n\t<meta property=\"og:image:width\" content=\"2000\" \/>\n\t<meta property=\"og:image:height\" content=\"1333\" \/>\n\t<meta property=\"og:image:type\" content=\"image\/jpeg\" \/>\n<meta name=\"twitter:card\" content=\"summary_large_image\" \/>\n<meta name=\"twitter:label1\" content=\"Est. reading time\" \/>\n\t<meta name=\"twitter:data1\" content=\"1 min\u016b\u0161u\" \/>\n<script type=\"application\/ld+json\" class=\"yoast-schema-graph\">{\"@context\":\"https:\/\/schema.org\",\"@graph\":[{\"@type\":\"WebPage\",\"@id\":\"https:\/\/lottemaa.ee\/lv\/par-lotes-zemi\/lotes-zemes-edinasana\/tirgus-laukuma-uzkodas\/\",\"url\":\"https:\/\/lottemaa.ee\/lv\/par-lotes-zemi\/lotes-zemes-edinasana\/tirgus-laukuma-uzkodas\/\",\"name\":\"SALD\u0112JUMA \u0160\u0136\u016aNIS | Lottemaa Teemapark\",\"isPartOf\":{\"@id\":\"https:\/\/lottemaa.ee\/#website\"},\"primaryImageOfPage\":{\"@id\":\"https:\/\/lottemaa.ee\/lv\/par-lotes-zemi\/lotes-zemes-edinasana\/tirgus-laukuma-uzkodas\/#primaryimage\"},\"image\":{\"@id\":\"https:\/\/lottemaa.ee\/lv\/par-lotes-zemi\/lotes-zemes-edinasana\/tirgus-laukuma-uzkodas\/#primaryimage\"},\"thumbnailUrl\":\"https:\/\/lottemaa.ee\/wp-content\/uploads\/2024\/07\/Lottemaa-IV-106.jpg\",\"datePublished\":\"2016-05-16T18:13:24+00:00\",\"dateModified\":\"2024-07-05T10:27:06+00:00\",\"description\":\"Lotes zemes centr\u0101 eso\u0161aj\u0101 gadatirgus laukum\u0101 tiek pied\u0101v\u0101ti gardie Izgudrot\u0101ju ciema Lotes sald\u0113jumi uz koci\u0146a, sulu sald\u0113jumi un vafe\u013cu trauci\u0146i.\",\"breadcrumb\":{\"@id\":\"https:\/\/lottemaa.ee\/lv\/par-lotes-zemi\/lotes-zemes-edinasana\/tirgus-laukuma-uzkodas\/#breadcrumb\"},\"inLanguage\":\"lv-LV\",\"potentialAction\":[{\"@type\":\"ReadAction\",\"target\":[\"https:\/\/lottemaa.ee\/lv\/par-lotes-zemi\/lotes-zemes-edinasana\/tirgus-laukuma-uzkodas\/\"]}]},{\"@type\":\"ImageObject\",\"inLanguage\":\"lv-LV\",\"@id\":\"https:\/\/lottemaa.ee\/lv\/par-lotes-zemi\/lotes-zemes-edinasana\/tirgus-laukuma-uzkodas\/#primaryimage\",\"url\":\"https:\/\/lottemaa.ee\/wp-content\/uploads\/2024\/07\/Lottemaa-IV-106.jpg\",\"contentUrl\":\"https:\/\/lottemaa.ee\/wp-content\/uploads\/2024\/07\/Lottemaa-IV-106.jpg\",\"width\":2000,\"height\":1333},{\"@type\":\"BreadcrumbList\",\"@id\":\"https:\/\/lottemaa.ee\/lv\/par-lotes-zemi\/lotes-zemes-edinasana\/tirgus-laukuma-uzkodas\/#breadcrumb\",\"itemListElement\":[{\"@type\":\"ListItem\",\"position\":1,\"name\":\"Home\",\"item\":\"https:\/\/lottemaa.ee\/lv\/\"},{\"@type\":\"ListItem\",\"position\":2,\"name\":\"Diena Lotes zem\u0113\",\"item\":\"https:\/\/lottemaa.ee\/lv\/par-lotes-zemi\/\"},{\"@type\":\"ListItem\",\"position\":3,\"name\":\"\u0112dieni un dz\u0113rieni\",\"item\":\"https:\/\/lottemaa.ee\/lv\/par-lotes-zemi\/lotes-zemes-edinasana\/\"},{\"@type\":\"ListItem\",\"position\":4,\"name\":\"SALD\u0112JUMA \u0160\u0136\u016aNIS\"}]},{\"@type\":\"WebSite\",\"@id\":\"https:\/\/lottemaa.ee\/#website\",\"url\":\"https:\/\/lottemaa.ee\/\",\"name\":\"Lottemaa Teemapark\",\"description\":\"Baltimaade suurim ja k\u00f5ige \u00e4gedam kogupere teemapark Eestis P\u00e4rnumaal\",\"publisher\":{\"@id\":\"https:\/\/lottemaa.ee\/#organization\"},\"potentialAction\":[{\"@type\":\"SearchAction\",\"target\":{\"@type\":\"EntryPoint\",\"urlTemplate\":\"https:\/\/lottemaa.ee\/?s={search_term_string}\"},\"query-input\":{\"@type\":\"PropertyValueSpecification\",\"valueRequired\":true,\"valueName\":\"search_term_string\"}}],\"inLanguage\":\"lv-LV\"},{\"@type\":\"Organization\",\"@id\":\"https:\/\/lottemaa.ee\/#organization\",\"name\":\"Lottemaa Teemapark\",\"url\":\"https:\/\/lottemaa.ee\/\",\"logo\":{\"@type\":\"ImageObject\",\"inLanguage\":\"lv-LV\",\"@id\":\"https:\/\/lottemaa.ee\/#\/schema\/logo\/image\/\",\"url\":\"https:\/\/lottemaa.ee\/wp-content\/uploads\/2018\/12\/Lottemaa_LOGO.png\",\"contentUrl\":\"https:\/\/lottemaa.ee\/wp-content\/uploads\/2018\/12\/Lottemaa_LOGO.png\",\"width\":1024,\"height\":518,\"caption\":\"Lottemaa Teemapark\"},\"image\":{\"@id\":\"https:\/\/lottemaa.ee\/#\/schema\/logo\/image\/\"}}]}<\/script>\n<!-- \/ Yoast SEO plugin. -->","yoast_head_json":{"title":"SALD\u0112JUMA \u0160\u0136\u016aNIS | Lottemaa Teemapark","description":"Lotes zemes centr\u0101 eso\u0161aj\u0101 gadatirgus laukum\u0101 tiek pied\u0101v\u0101ti gardie Izgudrot\u0101ju ciema Lotes sald\u0113jumi uz koci\u0146a, sulu sald\u0113jumi un vafe\u013cu trauci\u0146i.","robots":{"index":"index","follow":"follow","max-snippet":"max-snippet:-1","max-image-preview":"max-image-preview:large","max-video-preview":"max-video-preview:-1"},"canonical":"https:\/\/lottemaa.ee\/lv\/par-lotes-zemi\/lotes-zemes-edinasana\/tirgus-laukuma-uzkodas\/","og_locale":"lv_LV","og_type":"article","og_title":"SALD\u0112JUMA \u0160\u0136\u016aNIS | Lottemaa Teemapark","og_description":"Lotes zemes centr\u0101 eso\u0161aj\u0101 gadatirgus laukum\u0101 tiek pied\u0101v\u0101ti gardie Izgudrot\u0101ju ciema Lotes sald\u0113jumi uz koci\u0146a, sulu sald\u0113jumi un vafe\u013cu trauci\u0146i.","og_url":"https:\/\/lottemaa.ee\/lv\/par-lotes-zemi\/lotes-zemes-edinasana\/tirgus-laukuma-uzkodas\/","og_site_name":"Lottemaa Teemapark","article_modified_time":"2024-07-05T10:27:06+00:00","og_image":[{"width":2000,"height":1333,"url":"https:\/\/lottemaa.ee\/wp-content\/uploads\/2024\/07\/Lottemaa-IV-106.jpg","type":"image\/jpeg"}],"twitter_card":"summary_large_image","twitter_misc":{"Est. reading time":"1 min\u016b\u0161u"},"schema":{"@context":"https:\/\/schema.org","@graph":[{"@type":"WebPage","@id":"https:\/\/lottemaa.ee\/lv\/par-lotes-zemi\/lotes-zemes-edinasana\/tirgus-laukuma-uzkodas\/","url":"https:\/\/lottemaa.ee\/lv\/par-lotes-zemi\/lotes-zemes-edinasana\/tirgus-laukuma-uzkodas\/","name":"SALD\u0112JUMA \u0160\u0136\u016aNIS | Lottemaa Teemapark","isPartOf":{"@id":"https:\/\/lottemaa.ee\/#website"},"primaryImageOfPage":{"@id":"https:\/\/lottemaa.ee\/lv\/par-lotes-zemi\/lotes-zemes-edinasana\/tirgus-laukuma-uzkodas\/#primaryimage"},"image":{"@id":"https:\/\/lottemaa.ee\/lv\/par-lotes-zemi\/lotes-zemes-edinasana\/tirgus-laukuma-uzkodas\/#primaryimage"},"thumbnailUrl":"https:\/\/lottemaa.ee\/wp-content\/uploads\/2024\/07\/Lottemaa-IV-106.jpg","datePublished":"2016-05-16T18:13:24+00:00","dateModified":"2024-07-05T10:27:06+00:00","description":"Lotes zemes centr\u0101 eso\u0161aj\u0101 gadatirgus laukum\u0101 tiek pied\u0101v\u0101ti gardie Izgudrot\u0101ju ciema Lotes sald\u0113jumi uz koci\u0146a, sulu sald\u0113jumi un vafe\u013cu trauci\u0146i.","breadcrumb":{"@id":"https:\/\/lottemaa.ee\/lv\/par-lotes-zemi\/lotes-zemes-edinasana\/tirgus-laukuma-uzkodas\/#breadcrumb"},"inLanguage":"lv-LV","potentialAction":[{"@type":"ReadAction","target":["https:\/\/lottemaa.ee\/lv\/par-lotes-zemi\/lotes-zemes-edinasana\/tirgus-laukuma-uzkodas\/"]}]},{"@type":"ImageObject","inLanguage":"lv-LV","@id":"https:\/\/lottemaa.ee\/lv\/par-lotes-zemi\/lotes-zemes-edinasana\/tirgus-laukuma-uzkodas\/#primaryimage","url":"https:\/\/lottemaa.ee\/wp-content\/uploads\/2024\/07\/Lottemaa-IV-106.jpg","contentUrl":"https:\/\/lottemaa.ee\/wp-content\/uploads\/2024\/07\/Lottemaa-IV-106.jpg","width":2000,"height":1333},{"@type":"BreadcrumbList","@id":"https:\/\/lottemaa.ee\/lv\/par-lotes-zemi\/lotes-zemes-edinasana\/tirgus-laukuma-uzkodas\/#breadcrumb","itemListElement":[{"@type":"ListItem","position":1,"name":"Home","item":"https:\/\/lottemaa.ee\/lv\/"},{"@type":"ListItem","position":2,"name":"Diena Lotes zem\u0113","item":"https:\/\/lottemaa.ee\/lv\/par-lotes-zemi\/"},{"@type":"ListItem","position":3,"name":"\u0112dieni un dz\u0113rieni","item":"https:\/\/lottemaa.ee\/lv\/par-lotes-zemi\/lotes-zemes-edinasana\/"},{"@type":"ListItem","position":4,"name":"SALD\u0112JUMA \u0160\u0136\u016aNIS"}]},{"@type":"WebSite","@id":"https:\/\/lottemaa.ee\/#website","url":"https:\/\/lottemaa.ee\/","name":"Lottemaa Teemapark","description":"Baltimaade suurim ja k\u00f5ige \u00e4gedam kogupere teemapark Eestis P\u00e4rnumaal","publisher":{"@id":"https:\/\/lottemaa.ee\/#organization"},"potentialAction":[{"@type":"SearchAction","target":{"@type":"EntryPoint","urlTemplate":"https:\/\/lottemaa.ee\/?s={search_term_string}"},"query-input":{"@type":"PropertyValueSpecification","valueRequired":true,"valueName":"search_term_string"}}],"inLanguage":"lv-LV"},{"@type":"Organization","@id":"https:\/\/lottemaa.ee\/#organization","name":"Lottemaa Teemapark","url":"https:\/\/lottemaa.ee\/","logo":{"@type":"ImageObject","inLanguage":"lv-LV","@id":"https:\/\/lottemaa.ee\/#\/schema\/logo\/image\/","url":"https:\/\/lottemaa.ee\/wp-content\/uploads\/2018\/12\/Lottemaa_LOGO.png","contentUrl":"https:\/\/lottemaa.ee\/wp-content\/uploads\/2018\/12\/Lottemaa_LOGO.png","width":1024,"height":518,"caption":"Lottemaa Teemapark"},"image":{"@id":"https:\/\/lottemaa.ee\/#\/schema\/logo\/image\/"}}]}},"_links":{"self":[{"href":"https:\/\/lottemaa.ee\/lv\/wp-json\/wp\/v2\/pages\/1393","targetHints":{"allow":["GET"]}}],"collection":[{"href":"https:\/\/lottemaa.ee\/lv\/wp-json\/wp\/v2\/pages"}],"about":[{"href":"https:\/\/lottemaa.ee\/lv\/wp-json\/wp\/v2\/types\/page"}],"author":[{"embeddable":true,"href":"https:\/\/lottemaa.ee\/lv\/wp-json\/wp\/v2\/users\/1"}],"replies":[{"embeddable":true,"href":"https:\/\/lottemaa.ee\/lv\/wp-json\/wp\/v2\/comments?post=1393"}],"version-history":[{"count":5,"href":"https:\/\/lottemaa.ee\/lv\/wp-json\/wp\/v2\/pages\/1393\/revisions"}],"predecessor-version":[{"id":26959,"href":"https:\/\/lottemaa.ee\/lv\/wp-json\/wp\/v2\/pages\/1393\/revisions\/26959"}],"up":[{"embeddable":true,"href":"https:\/\/lottemaa.ee\/lv\/wp-json\/wp\/v2\/pages\/1383"}],"wp:featuredmedia":[{"embeddable":true,"href":"https:\/\/lottemaa.ee\/lv\/wp-json\/wp\/v2\/media\/26852"}],"wp:attachment":[{"href":"https:\/\/lottemaa.ee\/lv\/wp-json\/wp\/v2\/media?parent=1393"}],"curies":[{"name":"wp","href":"https:\/\/api.w.org\/{rel}","templated":true}]}}