{"id":1391,"date":"2016-05-16T21:12:50","date_gmt":"2016-05-16T18:12:50","guid":{"rendered":"http:\/\/sharks.ee\/lottemaa\/lv\/?page_id=1391"},"modified":"2024-09-18T16:09:08","modified_gmt":"2024-09-18T13:09:08","slug":"reiuranna-kafejnica","status":"publish","type":"page","link":"https:\/\/lottemaa.ee\/lv\/par-lotes-zemi\/lotes-zemes-edinasana\/reiuranna-kafejnica\/","title":{"rendered":"Reiuranna kafejn\u012bca"},"content":{"rendered":"<p style=\"text-align: left;\">Reiuranna kafejn\u012bca ir ar skaistu skatu uz j\u016bru. Uz pla\u0161\u0101s terases viesus gaida viegl\u0101kas malt\u012btes, svaigi cepti p\u012br\u0101gi, lab\u0101kie panini, br\u012bnumgardi sal\u0101ti un sviestmaizes, auksti sald\u0113jumi un spirdzino\u0161i dz\u0113rieni gan maziem, gan lieliem Lotes zemes draugiem. Uz terases pietiks vietas 60 apmekl\u0113t\u0101jiem.<\/p>\n","protected":false},"excerpt":{"rendered":"<p>Reiuranna kafejn\u012bca ir ar skaistu skatu uz j\u016bru. Uz pla\u0161\u0101s terases viesus gaida viegl\u0101kas malt\u012btes, svaigi cepti p\u012br\u0101gi, lab\u0101kie panini, br\u012bnumgardi sal\u0101ti un sviestmaizes, auksti sald\u0113jumi un spirdzino\u0161i dz\u0113rieni gan maziem, gan lieliem Lotes zemes draugiem. Uz terases pietiks vietas 60 apmekl\u0113t\u0101jiem.<\/p>\n","protected":false},"author":1,"featured_media":26912,"parent":1383,"menu_order":684,"comment_status":"closed","ping_status":"closed","template":"","meta":{"_acf_changed":false,"om_disable_all_campaigns":false,"_uf_show_specific_survey":0,"_uf_disable_surveys":false,"footnotes":""},"class_list":["post-1391","page","type-page","status-publish","has-post-thumbnail","hentry"],"acf":[],"yoast_head":"<!-- This site is optimized with the Yoast SEO plugin v25.5 - https:\/\/yoast.com\/wordpress\/plugins\/seo\/ -->\n<title>Reiuranna kafejn\u012bca | Lottemaa Teemapark<\/title>\n<meta name=\"description\" content=\"Lottemaa pla\u0161aj\u0101 teras\u0113 j\u016bs gaida vieglas malt\u012btes, svaigi cepti p\u012br\u0101gi, auksti sald\u0113jumi un atspirdzino\u0161i dz\u0113rieni lieliem un maziem.\" \/>\n<meta name=\"robots\" content=\"index, follow, max-snippet:-1, max-image-preview:large, max-video-preview:-1\" \/>\n<link rel=\"canonical\" href=\"https:\/\/lottemaa.ee\/lv\/par-lotes-zemi\/lotes-zemes-edinasana\/reiuranna-kafejnica\/\" \/>\n<meta property=\"og:locale\" content=\"lv_LV\" \/>\n<meta property=\"og:type\" content=\"article\" \/>\n<meta property=\"og:title\" content=\"Reiuranna kafejn\u012bca | Lottemaa Teemapark\" \/>\n<meta property=\"og:description\" content=\"Lottemaa pla\u0161aj\u0101 teras\u0113 j\u016bs gaida vieglas malt\u012btes, svaigi cepti p\u012br\u0101gi, auksti sald\u0113jumi un atspirdzino\u0161i dz\u0113rieni lieliem un maziem.\" \/>\n<meta property=\"og:url\" content=\"https:\/\/lottemaa.ee\/lv\/par-lotes-zemi\/lotes-zemes-edinasana\/reiuranna-kafejnica\/\" \/>\n<meta property=\"og:site_name\" content=\"Lottemaa Teemapark\" \/>\n<meta property=\"article:modified_time\" content=\"2024-09-18T13:09:08+00:00\" \/>\n<meta property=\"og:image\" content=\"https:\/\/lottemaa.ee\/wp-content\/uploads\/2024\/07\/Lottemaa-IV-205.jpg\" \/>\n\t<meta property=\"og:image:width\" content=\"2000\" \/>\n\t<meta property=\"og:image:height\" content=\"1333\" \/>\n\t<meta property=\"og:image:type\" content=\"image\/jpeg\" \/>\n<meta name=\"twitter:card\" content=\"summary_large_image\" \/>\n<meta name=\"twitter:label1\" content=\"Est. reading time\" \/>\n\t<meta name=\"twitter:data1\" content=\"1 min\u016b\u0161u\" \/>\n<script type=\"application\/ld+json\" class=\"yoast-schema-graph\">{\"@context\":\"https:\/\/schema.org\",\"@graph\":[{\"@type\":\"WebPage\",\"@id\":\"https:\/\/lottemaa.ee\/lv\/par-lotes-zemi\/lotes-zemes-edinasana\/reiuranna-kafejnica\/\",\"url\":\"https:\/\/lottemaa.ee\/lv\/par-lotes-zemi\/lotes-zemes-edinasana\/reiuranna-kafejnica\/\",\"name\":\"Reiuranna kafejn\u012bca | Lottemaa Teemapark\",\"isPartOf\":{\"@id\":\"https:\/\/lottemaa.ee\/#website\"},\"primaryImageOfPage\":{\"@id\":\"https:\/\/lottemaa.ee\/lv\/par-lotes-zemi\/lotes-zemes-edinasana\/reiuranna-kafejnica\/#primaryimage\"},\"image\":{\"@id\":\"https:\/\/lottemaa.ee\/lv\/par-lotes-zemi\/lotes-zemes-edinasana\/reiuranna-kafejnica\/#primaryimage\"},\"thumbnailUrl\":\"https:\/\/lottemaa.ee\/wp-content\/uploads\/2024\/07\/Lottemaa-IV-205.jpg\",\"datePublished\":\"2016-05-16T18:12:50+00:00\",\"dateModified\":\"2024-09-18T13:09:08+00:00\",\"description\":\"Lottemaa pla\u0161aj\u0101 teras\u0113 j\u016bs gaida vieglas malt\u012btes, svaigi cepti p\u012br\u0101gi, auksti sald\u0113jumi un atspirdzino\u0161i dz\u0113rieni lieliem un maziem.\",\"breadcrumb\":{\"@id\":\"https:\/\/lottemaa.ee\/lv\/par-lotes-zemi\/lotes-zemes-edinasana\/reiuranna-kafejnica\/#breadcrumb\"},\"inLanguage\":\"lv-LV\",\"potentialAction\":[{\"@type\":\"ReadAction\",\"target\":[\"https:\/\/lottemaa.ee\/lv\/par-lotes-zemi\/lotes-zemes-edinasana\/reiuranna-kafejnica\/\"]}]},{\"@type\":\"ImageObject\",\"inLanguage\":\"lv-LV\",\"@id\":\"https:\/\/lottemaa.ee\/lv\/par-lotes-zemi\/lotes-zemes-edinasana\/reiuranna-kafejnica\/#primaryimage\",\"url\":\"https:\/\/lottemaa.ee\/wp-content\/uploads\/2024\/07\/Lottemaa-IV-205.jpg\",\"contentUrl\":\"https:\/\/lottemaa.ee\/wp-content\/uploads\/2024\/07\/Lottemaa-IV-205.jpg\",\"width\":2000,\"height\":1333},{\"@type\":\"BreadcrumbList\",\"@id\":\"https:\/\/lottemaa.ee\/lv\/par-lotes-zemi\/lotes-zemes-edinasana\/reiuranna-kafejnica\/#breadcrumb\",\"itemListElement\":[{\"@type\":\"ListItem\",\"position\":1,\"name\":\"Home\",\"item\":\"https:\/\/lottemaa.ee\/lv\/\"},{\"@type\":\"ListItem\",\"position\":2,\"name\":\"Diena Lotes zem\u0113\",\"item\":\"https:\/\/lottemaa.ee\/lv\/par-lotes-zemi\/\"},{\"@type\":\"ListItem\",\"position\":3,\"name\":\"\u0112dieni un dz\u0113rieni\",\"item\":\"https:\/\/lottemaa.ee\/lv\/par-lotes-zemi\/lotes-zemes-edinasana\/\"},{\"@type\":\"ListItem\",\"position\":4,\"name\":\"Reiuranna kafejn\u012bca\"}]},{\"@type\":\"WebSite\",\"@id\":\"https:\/\/lottemaa.ee\/#website\",\"url\":\"https:\/\/lottemaa.ee\/\",\"name\":\"Lottemaa Teemapark\",\"description\":\"Baltimaade suurim ja k\u00f5ige \u00e4gedam kogupere teemapark Eestis P\u00e4rnumaal\",\"publisher\":{\"@id\":\"https:\/\/lottemaa.ee\/#organization\"},\"potentialAction\":[{\"@type\":\"SearchAction\",\"target\":{\"@type\":\"EntryPoint\",\"urlTemplate\":\"https:\/\/lottemaa.ee\/?s={search_term_string}\"},\"query-input\":{\"@type\":\"PropertyValueSpecification\",\"valueRequired\":true,\"valueName\":\"search_term_string\"}}],\"inLanguage\":\"lv-LV\"},{\"@type\":\"Organization\",\"@id\":\"https:\/\/lottemaa.ee\/#organization\",\"name\":\"Lottemaa Teemapark\",\"url\":\"https:\/\/lottemaa.ee\/\",\"logo\":{\"@type\":\"ImageObject\",\"inLanguage\":\"lv-LV\",\"@id\":\"https:\/\/lottemaa.ee\/#\/schema\/logo\/image\/\",\"url\":\"https:\/\/lottemaa.ee\/wp-content\/uploads\/2018\/12\/Lottemaa_LOGO.png\",\"contentUrl\":\"https:\/\/lottemaa.ee\/wp-content\/uploads\/2018\/12\/Lottemaa_LOGO.png\",\"width\":1024,\"height\":518,\"caption\":\"Lottemaa Teemapark\"},\"image\":{\"@id\":\"https:\/\/lottemaa.ee\/#\/schema\/logo\/image\/\"}}]}<\/script>\n<!-- \/ Yoast SEO plugin. -->","yoast_head_json":{"title":"Reiuranna kafejn\u012bca | Lottemaa Teemapark","description":"Lottemaa pla\u0161aj\u0101 teras\u0113 j\u016bs gaida vieglas malt\u012btes, svaigi cepti p\u012br\u0101gi, auksti sald\u0113jumi un atspirdzino\u0161i dz\u0113rieni lieliem un maziem.","robots":{"index":"index","follow":"follow","max-snippet":"max-snippet:-1","max-image-preview":"max-image-preview:large","max-video-preview":"max-video-preview:-1"},"canonical":"https:\/\/lottemaa.ee\/lv\/par-lotes-zemi\/lotes-zemes-edinasana\/reiuranna-kafejnica\/","og_locale":"lv_LV","og_type":"article","og_title":"Reiuranna kafejn\u012bca | Lottemaa Teemapark","og_description":"Lottemaa pla\u0161aj\u0101 teras\u0113 j\u016bs gaida vieglas malt\u012btes, svaigi cepti p\u012br\u0101gi, auksti sald\u0113jumi un atspirdzino\u0161i dz\u0113rieni lieliem un maziem.","og_url":"https:\/\/lottemaa.ee\/lv\/par-lotes-zemi\/lotes-zemes-edinasana\/reiuranna-kafejnica\/","og_site_name":"Lottemaa Teemapark","article_modified_time":"2024-09-18T13:09:08+00:00","og_image":[{"width":2000,"height":1333,"url":"https:\/\/lottemaa.ee\/wp-content\/uploads\/2024\/07\/Lottemaa-IV-205.jpg","type":"image\/jpeg"}],"twitter_card":"summary_large_image","twitter_misc":{"Est. reading time":"1 min\u016b\u0161u"},"schema":{"@context":"https:\/\/schema.org","@graph":[{"@type":"WebPage","@id":"https:\/\/lottemaa.ee\/lv\/par-lotes-zemi\/lotes-zemes-edinasana\/reiuranna-kafejnica\/","url":"https:\/\/lottemaa.ee\/lv\/par-lotes-zemi\/lotes-zemes-edinasana\/reiuranna-kafejnica\/","name":"Reiuranna kafejn\u012bca | Lottemaa Teemapark","isPartOf":{"@id":"https:\/\/lottemaa.ee\/#website"},"primaryImageOfPage":{"@id":"https:\/\/lottemaa.ee\/lv\/par-lotes-zemi\/lotes-zemes-edinasana\/reiuranna-kafejnica\/#primaryimage"},"image":{"@id":"https:\/\/lottemaa.ee\/lv\/par-lotes-zemi\/lotes-zemes-edinasana\/reiuranna-kafejnica\/#primaryimage"},"thumbnailUrl":"https:\/\/lottemaa.ee\/wp-content\/uploads\/2024\/07\/Lottemaa-IV-205.jpg","datePublished":"2016-05-16T18:12:50+00:00","dateModified":"2024-09-18T13:09:08+00:00","description":"Lottemaa pla\u0161aj\u0101 teras\u0113 j\u016bs gaida vieglas malt\u012btes, svaigi cepti p\u012br\u0101gi, auksti sald\u0113jumi un atspirdzino\u0161i dz\u0113rieni lieliem un maziem.","breadcrumb":{"@id":"https:\/\/lottemaa.ee\/lv\/par-lotes-zemi\/lotes-zemes-edinasana\/reiuranna-kafejnica\/#breadcrumb"},"inLanguage":"lv-LV","potentialAction":[{"@type":"ReadAction","target":["https:\/\/lottemaa.ee\/lv\/par-lotes-zemi\/lotes-zemes-edinasana\/reiuranna-kafejnica\/"]}]},{"@type":"ImageObject","inLanguage":"lv-LV","@id":"https:\/\/lottemaa.ee\/lv\/par-lotes-zemi\/lotes-zemes-edinasana\/reiuranna-kafejnica\/#primaryimage","url":"https:\/\/lottemaa.ee\/wp-content\/uploads\/2024\/07\/Lottemaa-IV-205.jpg","contentUrl":"https:\/\/lottemaa.ee\/wp-content\/uploads\/2024\/07\/Lottemaa-IV-205.jpg","width":2000,"height":1333},{"@type":"BreadcrumbList","@id":"https:\/\/lottemaa.ee\/lv\/par-lotes-zemi\/lotes-zemes-edinasana\/reiuranna-kafejnica\/#breadcrumb","itemListElement":[{"@type":"ListItem","position":1,"name":"Home","item":"https:\/\/lottemaa.ee\/lv\/"},{"@type":"ListItem","position":2,"name":"Diena Lotes zem\u0113","item":"https:\/\/lottemaa.ee\/lv\/par-lotes-zemi\/"},{"@type":"ListItem","position":3,"name":"\u0112dieni un dz\u0113rieni","item":"https:\/\/lottemaa.ee\/lv\/par-lotes-zemi\/lotes-zemes-edinasana\/"},{"@type":"ListItem","position":4,"name":"Reiuranna kafejn\u012bca"}]},{"@type":"WebSite","@id":"https:\/\/lottemaa.ee\/#website","url":"https:\/\/lottemaa.ee\/","name":"Lottemaa Teemapark","description":"Baltimaade suurim ja k\u00f5ige \u00e4gedam kogupere teemapark Eestis P\u00e4rnumaal","publisher":{"@id":"https:\/\/lottemaa.ee\/#organization"},"potentialAction":[{"@type":"SearchAction","target":{"@type":"EntryPoint","urlTemplate":"https:\/\/lottemaa.ee\/?s={search_term_string}"},"query-input":{"@type":"PropertyValueSpecification","valueRequired":true,"valueName":"search_term_string"}}],"inLanguage":"lv-LV"},{"@type":"Organization","@id":"https:\/\/lottemaa.ee\/#organization","name":"Lottemaa Teemapark","url":"https:\/\/lottemaa.ee\/","logo":{"@type":"ImageObject","inLanguage":"lv-LV","@id":"https:\/\/lottemaa.ee\/#\/schema\/logo\/image\/","url":"https:\/\/lottemaa.ee\/wp-content\/uploads\/2018\/12\/Lottemaa_LOGO.png","contentUrl":"https:\/\/lottemaa.ee\/wp-content\/uploads\/2018\/12\/Lottemaa_LOGO.png","width":1024,"height":518,"caption":"Lottemaa Teemapark"},"image":{"@id":"https:\/\/lottemaa.ee\/#\/schema\/logo\/image\/"}}]}},"_links":{"self":[{"href":"https:\/\/lottemaa.ee\/lv\/wp-json\/wp\/v2\/pages\/1391","targetHints":{"allow":["GET"]}}],"collection":[{"href":"https:\/\/lottemaa.ee\/lv\/wp-json\/wp\/v2\/pages"}],"about":[{"href":"https:\/\/lottemaa.ee\/lv\/wp-json\/wp\/v2\/types\/page"}],"author":[{"embeddable":true,"href":"https:\/\/lottemaa.ee\/lv\/wp-json\/wp\/v2\/users\/1"}],"replies":[{"embeddable":true,"href":"https:\/\/lottemaa.ee\/lv\/wp-json\/wp\/v2\/comments?post=1391"}],"version-history":[{"count":4,"href":"https:\/\/lottemaa.ee\/lv\/wp-json\/wp\/v2\/pages\/1391\/revisions"}],"predecessor-version":[{"id":28426,"href":"https:\/\/lottemaa.ee\/lv\/wp-json\/wp\/v2\/pages\/1391\/revisions\/28426"}],"up":[{"embeddable":true,"href":"https:\/\/lottemaa.ee\/lv\/wp-json\/wp\/v2\/pages\/1383"}],"wp:featuredmedia":[{"embeddable":true,"href":"https:\/\/lottemaa.ee\/lv\/wp-json\/wp\/v2\/media\/26912"}],"wp:attachment":[{"href":"https:\/\/lottemaa.ee\/lv\/wp-json\/wp\/v2\/media?parent=1391"}],"curies":[{"name":"wp","href":"https:\/\/api.w.org\/{rel}","templated":true}]}}