{"id":1385,"date":"2016-05-16T21:11:02","date_gmt":"2016-05-16T18:11:02","guid":{"rendered":"http:\/\/sharks.ee\/lottemaa\/lv\/?page_id=1385"},"modified":"2025-11-26T16:35:40","modified_gmt":"2025-11-26T14:35:40","slug":"vecmaminas-pankukas","status":"publish","type":"page","link":"https:\/\/lottemaa.ee\/lv\/par-lotes-zemi\/lotes-zemes-edinasana\/vecmaminas-pankukas\/","title":{"rendered":"Annas pank\u016bkas"},"content":{"rendered":"<p style=\"text-align: left;\">\u201cAnnas pank\u016bku m\u0101ja\u201d noteikti ir viena no m\u016bsu apmekl\u0113t\u0101ju iecien\u012bt\u0101kaj\u0101m viet\u0101m. Ir gan sald\u0101s, gan s\u0101\u013c\u0101s pank\u016bkas. Katrs b\u0113rns var izv\u0113l\u0113ties vafe\u013cu trauci\u0146u ar savu m\u012b\u013c\u0101ko sald\u0113jumu.<br \/>\nPie pank\u016bku m\u0101jas pas\u0113d\u0113\u0161anai pietiks vietas l\u012bdz 80 apmekl\u0113t\u0101jiem.&#8217;<\/p>\n<h3><span style=\"font-family: Troika;\"><a href=\"https:\/\/lottemaa.ee\/lv\/annas-pankukas\/\">\u0113dienkarte\u00bb<\/a><\/span><\/h3>\n","protected":false},"excerpt":{"rendered":"<p>\u201cAnnas pank\u016bku m\u0101ja\u201d noteikti ir viena no m\u016bsu apmekl\u0113t\u0101ju iecien\u012bt\u0101kaj\u0101m viet\u0101m. Ir gan sald\u0101s, gan s\u0101\u013c\u0101s pank\u016bkas. Katrs b\u0113rns var izv\u0113l\u0113ties vafe\u013cu trauci\u0146u ar savu m\u012b\u013c\u0101ko sald\u0113jumu. Pie pank\u016bku m\u0101jas pas\u0113d\u0113\u0161anai pietiks vietas l\u012bdz 80 apmekl\u0113t\u0101jiem.&#8217; \u0113dienkarte\u00bb<\/p>\n","protected":false},"author":1,"featured_media":26847,"parent":1383,"menu_order":434,"comment_status":"closed","ping_status":"closed","template":"","meta":{"_acf_changed":false,"om_disable_all_campaigns":false,"_uf_show_specific_survey":0,"_uf_disable_surveys":false,"footnotes":""},"class_list":["post-1385","page","type-page","status-publish","has-post-thumbnail","hentry"],"acf":[],"yoast_head":"<!-- This site is optimized with the Yoast SEO plugin v25.5 - https:\/\/yoast.com\/wordpress\/plugins\/seo\/ -->\n<title>Annas pank\u016bkas | Lottemaa Teemapark<\/title>\n<meta name=\"description\" content=\"\u201cAnnas pank\u016bku m\u0101ja\u201d noteikti ir viena no m\u016bsu apmekl\u0113t\u0101ju iecien\u012bt\u0101kaj\u0101m viet\u0101m. Ir gan sald\u0101s, gan s\u0101\u013c\u0101s pank\u016bkas.\" \/>\n<meta name=\"robots\" content=\"index, follow, max-snippet:-1, max-image-preview:large, max-video-preview:-1\" \/>\n<link rel=\"canonical\" href=\"https:\/\/lottemaa.ee\/lv\/par-lotes-zemi\/lotes-zemes-edinasana\/vecmaminas-pankukas\/\" \/>\n<meta property=\"og:locale\" content=\"lv_LV\" \/>\n<meta property=\"og:type\" content=\"article\" \/>\n<meta property=\"og:title\" content=\"Annas pank\u016bkas | Lottemaa Teemapark\" \/>\n<meta property=\"og:description\" content=\"\u201cAnnas pank\u016bku m\u0101ja\u201d noteikti ir viena no m\u016bsu apmekl\u0113t\u0101ju iecien\u012bt\u0101kaj\u0101m viet\u0101m. Ir gan sald\u0101s, gan s\u0101\u013c\u0101s pank\u016bkas.\" \/>\n<meta property=\"og:url\" content=\"https:\/\/lottemaa.ee\/lv\/par-lotes-zemi\/lotes-zemes-edinasana\/vecmaminas-pankukas\/\" \/>\n<meta property=\"og:site_name\" content=\"Lottemaa Teemapark\" \/>\n<meta property=\"article:modified_time\" content=\"2025-11-26T14:35:40+00:00\" \/>\n<meta property=\"og:image\" content=\"https:\/\/lottemaa.ee\/wp-content\/uploads\/2024\/07\/Lottemaa-IV-102.jpg\" \/>\n\t<meta property=\"og:image:width\" content=\"2000\" \/>\n\t<meta property=\"og:image:height\" content=\"1333\" \/>\n\t<meta property=\"og:image:type\" content=\"image\/jpeg\" \/>\n<meta name=\"twitter:card\" content=\"summary_large_image\" \/>\n<meta name=\"twitter:label1\" content=\"Est. reading time\" \/>\n\t<meta name=\"twitter:data1\" content=\"1 min\u016b\u0161u\" \/>\n<script type=\"application\/ld+json\" class=\"yoast-schema-graph\">{\"@context\":\"https:\/\/schema.org\",\"@graph\":[{\"@type\":\"WebPage\",\"@id\":\"https:\/\/lottemaa.ee\/lv\/par-lotes-zemi\/lotes-zemes-edinasana\/vecmaminas-pankukas\/\",\"url\":\"https:\/\/lottemaa.ee\/lv\/par-lotes-zemi\/lotes-zemes-edinasana\/vecmaminas-pankukas\/\",\"name\":\"Annas pank\u016bkas | Lottemaa Teemapark\",\"isPartOf\":{\"@id\":\"https:\/\/lottemaa.ee\/#website\"},\"primaryImageOfPage\":{\"@id\":\"https:\/\/lottemaa.ee\/lv\/par-lotes-zemi\/lotes-zemes-edinasana\/vecmaminas-pankukas\/#primaryimage\"},\"image\":{\"@id\":\"https:\/\/lottemaa.ee\/lv\/par-lotes-zemi\/lotes-zemes-edinasana\/vecmaminas-pankukas\/#primaryimage\"},\"thumbnailUrl\":\"https:\/\/lottemaa.ee\/wp-content\/uploads\/2024\/07\/Lottemaa-IV-102.jpg\",\"datePublished\":\"2016-05-16T18:11:02+00:00\",\"dateModified\":\"2025-11-26T14:35:40+00:00\",\"description\":\"\u201cAnnas pank\u016bku m\u0101ja\u201d noteikti ir viena no m\u016bsu apmekl\u0113t\u0101ju iecien\u012bt\u0101kaj\u0101m viet\u0101m. Ir gan sald\u0101s, gan s\u0101\u013c\u0101s pank\u016bkas.\",\"breadcrumb\":{\"@id\":\"https:\/\/lottemaa.ee\/lv\/par-lotes-zemi\/lotes-zemes-edinasana\/vecmaminas-pankukas\/#breadcrumb\"},\"inLanguage\":\"lv-LV\",\"potentialAction\":[{\"@type\":\"ReadAction\",\"target\":[\"https:\/\/lottemaa.ee\/lv\/par-lotes-zemi\/lotes-zemes-edinasana\/vecmaminas-pankukas\/\"]}]},{\"@type\":\"ImageObject\",\"inLanguage\":\"lv-LV\",\"@id\":\"https:\/\/lottemaa.ee\/lv\/par-lotes-zemi\/lotes-zemes-edinasana\/vecmaminas-pankukas\/#primaryimage\",\"url\":\"https:\/\/lottemaa.ee\/wp-content\/uploads\/2024\/07\/Lottemaa-IV-102.jpg\",\"contentUrl\":\"https:\/\/lottemaa.ee\/wp-content\/uploads\/2024\/07\/Lottemaa-IV-102.jpg\",\"width\":2000,\"height\":1333},{\"@type\":\"BreadcrumbList\",\"@id\":\"https:\/\/lottemaa.ee\/lv\/par-lotes-zemi\/lotes-zemes-edinasana\/vecmaminas-pankukas\/#breadcrumb\",\"itemListElement\":[{\"@type\":\"ListItem\",\"position\":1,\"name\":\"Home\",\"item\":\"https:\/\/lottemaa.ee\/lv\/\"},{\"@type\":\"ListItem\",\"position\":2,\"name\":\"Diena Lotes zem\u0113\",\"item\":\"https:\/\/lottemaa.ee\/lv\/par-lotes-zemi\/\"},{\"@type\":\"ListItem\",\"position\":3,\"name\":\"\u0112dieni un dz\u0113rieni\",\"item\":\"https:\/\/lottemaa.ee\/lv\/par-lotes-zemi\/lotes-zemes-edinasana\/\"},{\"@type\":\"ListItem\",\"position\":4,\"name\":\"Annas pank\u016bkas\"}]},{\"@type\":\"WebSite\",\"@id\":\"https:\/\/lottemaa.ee\/#website\",\"url\":\"https:\/\/lottemaa.ee\/\",\"name\":\"Lottemaa Teemapark\",\"description\":\"Baltimaade suurim ja k\u00f5ige \u00e4gedam kogupere teemapark Eestis P\u00e4rnumaal\",\"publisher\":{\"@id\":\"https:\/\/lottemaa.ee\/#organization\"},\"potentialAction\":[{\"@type\":\"SearchAction\",\"target\":{\"@type\":\"EntryPoint\",\"urlTemplate\":\"https:\/\/lottemaa.ee\/?s={search_term_string}\"},\"query-input\":{\"@type\":\"PropertyValueSpecification\",\"valueRequired\":true,\"valueName\":\"search_term_string\"}}],\"inLanguage\":\"lv-LV\"},{\"@type\":\"Organization\",\"@id\":\"https:\/\/lottemaa.ee\/#organization\",\"name\":\"Lottemaa Teemapark\",\"url\":\"https:\/\/lottemaa.ee\/\",\"logo\":{\"@type\":\"ImageObject\",\"inLanguage\":\"lv-LV\",\"@id\":\"https:\/\/lottemaa.ee\/#\/schema\/logo\/image\/\",\"url\":\"https:\/\/lottemaa.ee\/wp-content\/uploads\/2018\/12\/Lottemaa_LOGO.png\",\"contentUrl\":\"https:\/\/lottemaa.ee\/wp-content\/uploads\/2018\/12\/Lottemaa_LOGO.png\",\"width\":1024,\"height\":518,\"caption\":\"Lottemaa Teemapark\"},\"image\":{\"@id\":\"https:\/\/lottemaa.ee\/#\/schema\/logo\/image\/\"}}]}<\/script>\n<!-- \/ Yoast SEO plugin. -->","yoast_head_json":{"title":"Annas pank\u016bkas | Lottemaa Teemapark","description":"\u201cAnnas pank\u016bku m\u0101ja\u201d noteikti ir viena no m\u016bsu apmekl\u0113t\u0101ju iecien\u012bt\u0101kaj\u0101m viet\u0101m. Ir gan sald\u0101s, gan s\u0101\u013c\u0101s pank\u016bkas.","robots":{"index":"index","follow":"follow","max-snippet":"max-snippet:-1","max-image-preview":"max-image-preview:large","max-video-preview":"max-video-preview:-1"},"canonical":"https:\/\/lottemaa.ee\/lv\/par-lotes-zemi\/lotes-zemes-edinasana\/vecmaminas-pankukas\/","og_locale":"lv_LV","og_type":"article","og_title":"Annas pank\u016bkas | Lottemaa Teemapark","og_description":"\u201cAnnas pank\u016bku m\u0101ja\u201d noteikti ir viena no m\u016bsu apmekl\u0113t\u0101ju iecien\u012bt\u0101kaj\u0101m viet\u0101m. Ir gan sald\u0101s, gan s\u0101\u013c\u0101s pank\u016bkas.","og_url":"https:\/\/lottemaa.ee\/lv\/par-lotes-zemi\/lotes-zemes-edinasana\/vecmaminas-pankukas\/","og_site_name":"Lottemaa Teemapark","article_modified_time":"2025-11-26T14:35:40+00:00","og_image":[{"width":2000,"height":1333,"url":"https:\/\/lottemaa.ee\/wp-content\/uploads\/2024\/07\/Lottemaa-IV-102.jpg","type":"image\/jpeg"}],"twitter_card":"summary_large_image","twitter_misc":{"Est. reading time":"1 min\u016b\u0161u"},"schema":{"@context":"https:\/\/schema.org","@graph":[{"@type":"WebPage","@id":"https:\/\/lottemaa.ee\/lv\/par-lotes-zemi\/lotes-zemes-edinasana\/vecmaminas-pankukas\/","url":"https:\/\/lottemaa.ee\/lv\/par-lotes-zemi\/lotes-zemes-edinasana\/vecmaminas-pankukas\/","name":"Annas pank\u016bkas | Lottemaa Teemapark","isPartOf":{"@id":"https:\/\/lottemaa.ee\/#website"},"primaryImageOfPage":{"@id":"https:\/\/lottemaa.ee\/lv\/par-lotes-zemi\/lotes-zemes-edinasana\/vecmaminas-pankukas\/#primaryimage"},"image":{"@id":"https:\/\/lottemaa.ee\/lv\/par-lotes-zemi\/lotes-zemes-edinasana\/vecmaminas-pankukas\/#primaryimage"},"thumbnailUrl":"https:\/\/lottemaa.ee\/wp-content\/uploads\/2024\/07\/Lottemaa-IV-102.jpg","datePublished":"2016-05-16T18:11:02+00:00","dateModified":"2025-11-26T14:35:40+00:00","description":"\u201cAnnas pank\u016bku m\u0101ja\u201d noteikti ir viena no m\u016bsu apmekl\u0113t\u0101ju iecien\u012bt\u0101kaj\u0101m viet\u0101m. Ir gan sald\u0101s, gan s\u0101\u013c\u0101s pank\u016bkas.","breadcrumb":{"@id":"https:\/\/lottemaa.ee\/lv\/par-lotes-zemi\/lotes-zemes-edinasana\/vecmaminas-pankukas\/#breadcrumb"},"inLanguage":"lv-LV","potentialAction":[{"@type":"ReadAction","target":["https:\/\/lottemaa.ee\/lv\/par-lotes-zemi\/lotes-zemes-edinasana\/vecmaminas-pankukas\/"]}]},{"@type":"ImageObject","inLanguage":"lv-LV","@id":"https:\/\/lottemaa.ee\/lv\/par-lotes-zemi\/lotes-zemes-edinasana\/vecmaminas-pankukas\/#primaryimage","url":"https:\/\/lottemaa.ee\/wp-content\/uploads\/2024\/07\/Lottemaa-IV-102.jpg","contentUrl":"https:\/\/lottemaa.ee\/wp-content\/uploads\/2024\/07\/Lottemaa-IV-102.jpg","width":2000,"height":1333},{"@type":"BreadcrumbList","@id":"https:\/\/lottemaa.ee\/lv\/par-lotes-zemi\/lotes-zemes-edinasana\/vecmaminas-pankukas\/#breadcrumb","itemListElement":[{"@type":"ListItem","position":1,"name":"Home","item":"https:\/\/lottemaa.ee\/lv\/"},{"@type":"ListItem","position":2,"name":"Diena Lotes zem\u0113","item":"https:\/\/lottemaa.ee\/lv\/par-lotes-zemi\/"},{"@type":"ListItem","position":3,"name":"\u0112dieni un dz\u0113rieni","item":"https:\/\/lottemaa.ee\/lv\/par-lotes-zemi\/lotes-zemes-edinasana\/"},{"@type":"ListItem","position":4,"name":"Annas pank\u016bkas"}]},{"@type":"WebSite","@id":"https:\/\/lottemaa.ee\/#website","url":"https:\/\/lottemaa.ee\/","name":"Lottemaa Teemapark","description":"Baltimaade suurim ja k\u00f5ige \u00e4gedam kogupere teemapark Eestis P\u00e4rnumaal","publisher":{"@id":"https:\/\/lottemaa.ee\/#organization"},"potentialAction":[{"@type":"SearchAction","target":{"@type":"EntryPoint","urlTemplate":"https:\/\/lottemaa.ee\/?s={search_term_string}"},"query-input":{"@type":"PropertyValueSpecification","valueRequired":true,"valueName":"search_term_string"}}],"inLanguage":"lv-LV"},{"@type":"Organization","@id":"https:\/\/lottemaa.ee\/#organization","name":"Lottemaa Teemapark","url":"https:\/\/lottemaa.ee\/","logo":{"@type":"ImageObject","inLanguage":"lv-LV","@id":"https:\/\/lottemaa.ee\/#\/schema\/logo\/image\/","url":"https:\/\/lottemaa.ee\/wp-content\/uploads\/2018\/12\/Lottemaa_LOGO.png","contentUrl":"https:\/\/lottemaa.ee\/wp-content\/uploads\/2018\/12\/Lottemaa_LOGO.png","width":1024,"height":518,"caption":"Lottemaa Teemapark"},"image":{"@id":"https:\/\/lottemaa.ee\/#\/schema\/logo\/image\/"}}]}},"_links":{"self":[{"href":"https:\/\/lottemaa.ee\/lv\/wp-json\/wp\/v2\/pages\/1385","targetHints":{"allow":["GET"]}}],"collection":[{"href":"https:\/\/lottemaa.ee\/lv\/wp-json\/wp\/v2\/pages"}],"about":[{"href":"https:\/\/lottemaa.ee\/lv\/wp-json\/wp\/v2\/types\/page"}],"author":[{"embeddable":true,"href":"https:\/\/lottemaa.ee\/lv\/wp-json\/wp\/v2\/users\/1"}],"replies":[{"embeddable":true,"href":"https:\/\/lottemaa.ee\/lv\/wp-json\/wp\/v2\/comments?post=1385"}],"version-history":[{"count":5,"href":"https:\/\/lottemaa.ee\/lv\/wp-json\/wp\/v2\/pages\/1385\/revisions"}],"predecessor-version":[{"id":32296,"href":"https:\/\/lottemaa.ee\/lv\/wp-json\/wp\/v2\/pages\/1385\/revisions\/32296"}],"up":[{"embeddable":true,"href":"https:\/\/lottemaa.ee\/lv\/wp-json\/wp\/v2\/pages\/1383"}],"wp:featuredmedia":[{"embeddable":true,"href":"https:\/\/lottemaa.ee\/lv\/wp-json\/wp\/v2\/media\/26847"}],"wp:attachment":[{"href":"https:\/\/lottemaa.ee\/lv\/wp-json\/wp\/v2\/media?parent=1385"}],"curies":[{"name":"wp","href":"https:\/\/api.w.org\/{rel}","templated":true}]}}