{"id":1381,"date":"2016-05-16T21:08:54","date_gmt":"2016-05-16T18:08:54","guid":{"rendered":"http:\/\/sharks.ee\/lottemaa\/lv\/?page_id=1381"},"modified":"2024-09-25T16:38:32","modified_gmt":"2024-09-25T13:38:32","slug":"pludmale","status":"publish","type":"page","link":"https:\/\/lottemaa.ee\/lv\/par-lotes-zemi\/pludmale\/","title":{"rendered":"Pludmale"},"content":{"rendered":"<p style=\"text-align: left;\"><u><\/u>Lotes zemei ir sava pludmale, kas karst\u0101 vasaras dien\u0101 Izgudrot\u0101ju ciema apmekl\u0113jumu padara v\u0113l pat\u012bkam\u0101ku. Ja uz br\u012bdi v\u0113laties atsvaidzin\u0101ties no piedz\u012bvojumiem Lotes zem\u0113, tad mazliet atvilkt elpu varat un pasau\u013coties pludmal\u0113, ietur\u0113t malt\u012bti uz Pludmales kafejn\u012bcas terases, bet b\u0113rni var rota\u013c\u0101ties pludmal\u0113 eso\u0161aj\u0101 rota\u013cu laiv\u0101, k\u0101 ar\u012b griezties ar karuseli. J\u016bra m\u016bsu pludmal\u0113 krast\u0101 ir \u013coti sekla un ir ar pat\u012bkami smil\u0161ainu dibenu.<\/p>\n<p style=\"text-align: left;\">NB! Atra\u0161an\u0101s pludmal\u0113 ir uz vec\u0101ku un pavado\u0146u atbild\u012bbu. Pludmal\u0113 nav gl\u0101b\u0161anas dienesta.<\/p>\n","protected":false},"excerpt":{"rendered":"<p>Lotes zemei ir sava pludmale, kas karst\u0101 vasaras dien\u0101 Izgudrot\u0101ju ciema apmekl\u0113jumu padara v\u0113l pat\u012bkam\u0101ku. Ja uz br\u012bdi v\u0113laties atsvaidzin\u0101ties no piedz\u012bvojumiem Lotes zem\u0113, tad mazliet atvilkt elpu varat un pasau\u013coties pludmal\u0113, ietur\u0113t malt\u012bti uz Pludmales kafejn\u012bcas terases, bet b\u0113rni var rota\u013c\u0101ties pludmal\u0113 eso\u0161aj\u0101 rota\u013cu laiv\u0101, k\u0101 ar\u012b griezties ar karuseli. J\u016bra m\u016bsu pludmal\u0113 krast\u0101 &hellip; <a href=\"https:\/\/lottemaa.ee\/lv\/par-lotes-zemi\/pludmale\/\">Continued<\/a><\/p>\n","protected":false},"author":1,"featured_media":25164,"parent":585,"menu_order":716,"comment_status":"closed","ping_status":"closed","template":"","meta":{"_acf_changed":false,"om_disable_all_campaigns":false,"_uf_show_specific_survey":0,"_uf_disable_surveys":false,"footnotes":""},"class_list":["post-1381","page","type-page","status-publish","has-post-thumbnail","hentry"],"acf":[],"yoast_head":"<!-- This site is optimized with the Yoast SEO plugin v25.5 - https:\/\/yoast.com\/wordpress\/plugins\/seo\/ -->\n<title>Pludmale | Lottemaa Teemapark<\/title>\n<meta name=\"description\" content=\"J\u016bs varat sau\u013coties Lottemaa pludmal\u0113, pusdienot pludmales kafejn\u012bcas teras\u0113. B\u0113rni var sp\u0113l\u0113ties rota\u013cu laiv\u0101 un vizin\u0101ties ar karuseli.\" \/>\n<meta name=\"robots\" content=\"index, follow, max-snippet:-1, max-image-preview:large, max-video-preview:-1\" \/>\n<link rel=\"canonical\" href=\"https:\/\/lottemaa.ee\/lv\/par-lotes-zemi\/pludmale\/\" \/>\n<meta property=\"og:locale\" content=\"lv_LV\" \/>\n<meta property=\"og:type\" content=\"article\" \/>\n<meta property=\"og:title\" content=\"Pludmale | Lottemaa Teemapark\" \/>\n<meta property=\"og:description\" content=\"J\u016bs varat sau\u013coties Lottemaa pludmal\u0113, pusdienot pludmales kafejn\u012bcas teras\u0113. B\u0113rni var sp\u0113l\u0113ties rota\u013cu laiv\u0101 un vizin\u0101ties ar karuseli.\" \/>\n<meta property=\"og:url\" content=\"https:\/\/lottemaa.ee\/lv\/par-lotes-zemi\/pludmale\/\" \/>\n<meta property=\"og:site_name\" content=\"Lottemaa Teemapark\" \/>\n<meta property=\"article:modified_time\" content=\"2024-09-25T13:38:32+00:00\" \/>\n<meta property=\"og:image\" content=\"https:\/\/lottemaa.ee\/wp-content\/uploads\/2024\/02\/Rand_288x251.jpg\" \/>\n\t<meta property=\"og:image:width\" content=\"288\" \/>\n\t<meta property=\"og:image:height\" content=\"251\" \/>\n\t<meta property=\"og:image:type\" content=\"image\/jpeg\" \/>\n<meta name=\"twitter:card\" content=\"summary_large_image\" \/>\n<meta name=\"twitter:label1\" content=\"Est. reading time\" \/>\n\t<meta name=\"twitter:data1\" content=\"1 min\u016b\u0161u\" \/>\n<script type=\"application\/ld+json\" class=\"yoast-schema-graph\">{\"@context\":\"https:\/\/schema.org\",\"@graph\":[{\"@type\":\"WebPage\",\"@id\":\"https:\/\/lottemaa.ee\/lv\/par-lotes-zemi\/pludmale\/\",\"url\":\"https:\/\/lottemaa.ee\/lv\/par-lotes-zemi\/pludmale\/\",\"name\":\"Pludmale | Lottemaa Teemapark\",\"isPartOf\":{\"@id\":\"https:\/\/lottemaa.ee\/#website\"},\"primaryImageOfPage\":{\"@id\":\"https:\/\/lottemaa.ee\/lv\/par-lotes-zemi\/pludmale\/#primaryimage\"},\"image\":{\"@id\":\"https:\/\/lottemaa.ee\/lv\/par-lotes-zemi\/pludmale\/#primaryimage\"},\"thumbnailUrl\":\"https:\/\/lottemaa.ee\/wp-content\/uploads\/2024\/02\/Rand_288x251.jpg\",\"datePublished\":\"2016-05-16T18:08:54+00:00\",\"dateModified\":\"2024-09-25T13:38:32+00:00\",\"description\":\"J\u016bs varat sau\u013coties Lottemaa pludmal\u0113, pusdienot pludmales kafejn\u012bcas teras\u0113. B\u0113rni var sp\u0113l\u0113ties rota\u013cu laiv\u0101 un vizin\u0101ties ar karuseli.\",\"breadcrumb\":{\"@id\":\"https:\/\/lottemaa.ee\/lv\/par-lotes-zemi\/pludmale\/#breadcrumb\"},\"inLanguage\":\"lv-LV\",\"potentialAction\":[{\"@type\":\"ReadAction\",\"target\":[\"https:\/\/lottemaa.ee\/lv\/par-lotes-zemi\/pludmale\/\"]}]},{\"@type\":\"ImageObject\",\"inLanguage\":\"lv-LV\",\"@id\":\"https:\/\/lottemaa.ee\/lv\/par-lotes-zemi\/pludmale\/#primaryimage\",\"url\":\"https:\/\/lottemaa.ee\/wp-content\/uploads\/2024\/02\/Rand_288x251.jpg\",\"contentUrl\":\"https:\/\/lottemaa.ee\/wp-content\/uploads\/2024\/02\/Rand_288x251.jpg\",\"width\":288,\"height\":251},{\"@type\":\"BreadcrumbList\",\"@id\":\"https:\/\/lottemaa.ee\/lv\/par-lotes-zemi\/pludmale\/#breadcrumb\",\"itemListElement\":[{\"@type\":\"ListItem\",\"position\":1,\"name\":\"Home\",\"item\":\"https:\/\/lottemaa.ee\/lv\/\"},{\"@type\":\"ListItem\",\"position\":2,\"name\":\"Diena Lotes zem\u0113\",\"item\":\"https:\/\/lottemaa.ee\/lv\/par-lotes-zemi\/\"},{\"@type\":\"ListItem\",\"position\":3,\"name\":\"Pludmale\"}]},{\"@type\":\"WebSite\",\"@id\":\"https:\/\/lottemaa.ee\/#website\",\"url\":\"https:\/\/lottemaa.ee\/\",\"name\":\"Lottemaa Teemapark\",\"description\":\"Baltimaade suurim ja k\u00f5ige \u00e4gedam kogupere teemapark Eestis P\u00e4rnumaal\",\"publisher\":{\"@id\":\"https:\/\/lottemaa.ee\/#organization\"},\"potentialAction\":[{\"@type\":\"SearchAction\",\"target\":{\"@type\":\"EntryPoint\",\"urlTemplate\":\"https:\/\/lottemaa.ee\/?s={search_term_string}\"},\"query-input\":{\"@type\":\"PropertyValueSpecification\",\"valueRequired\":true,\"valueName\":\"search_term_string\"}}],\"inLanguage\":\"lv-LV\"},{\"@type\":\"Organization\",\"@id\":\"https:\/\/lottemaa.ee\/#organization\",\"name\":\"Lottemaa Teemapark\",\"url\":\"https:\/\/lottemaa.ee\/\",\"logo\":{\"@type\":\"ImageObject\",\"inLanguage\":\"lv-LV\",\"@id\":\"https:\/\/lottemaa.ee\/#\/schema\/logo\/image\/\",\"url\":\"https:\/\/lottemaa.ee\/wp-content\/uploads\/2018\/12\/Lottemaa_LOGO.png\",\"contentUrl\":\"https:\/\/lottemaa.ee\/wp-content\/uploads\/2018\/12\/Lottemaa_LOGO.png\",\"width\":1024,\"height\":518,\"caption\":\"Lottemaa Teemapark\"},\"image\":{\"@id\":\"https:\/\/lottemaa.ee\/#\/schema\/logo\/image\/\"}}]}<\/script>\n<!-- \/ Yoast SEO plugin. -->","yoast_head_json":{"title":"Pludmale | Lottemaa Teemapark","description":"J\u016bs varat sau\u013coties Lottemaa pludmal\u0113, pusdienot pludmales kafejn\u012bcas teras\u0113. B\u0113rni var sp\u0113l\u0113ties rota\u013cu laiv\u0101 un vizin\u0101ties ar karuseli.","robots":{"index":"index","follow":"follow","max-snippet":"max-snippet:-1","max-image-preview":"max-image-preview:large","max-video-preview":"max-video-preview:-1"},"canonical":"https:\/\/lottemaa.ee\/lv\/par-lotes-zemi\/pludmale\/","og_locale":"lv_LV","og_type":"article","og_title":"Pludmale | Lottemaa Teemapark","og_description":"J\u016bs varat sau\u013coties Lottemaa pludmal\u0113, pusdienot pludmales kafejn\u012bcas teras\u0113. B\u0113rni var sp\u0113l\u0113ties rota\u013cu laiv\u0101 un vizin\u0101ties ar karuseli.","og_url":"https:\/\/lottemaa.ee\/lv\/par-lotes-zemi\/pludmale\/","og_site_name":"Lottemaa Teemapark","article_modified_time":"2024-09-25T13:38:32+00:00","og_image":[{"width":288,"height":251,"url":"https:\/\/lottemaa.ee\/wp-content\/uploads\/2024\/02\/Rand_288x251.jpg","type":"image\/jpeg"}],"twitter_card":"summary_large_image","twitter_misc":{"Est. reading time":"1 min\u016b\u0161u"},"schema":{"@context":"https:\/\/schema.org","@graph":[{"@type":"WebPage","@id":"https:\/\/lottemaa.ee\/lv\/par-lotes-zemi\/pludmale\/","url":"https:\/\/lottemaa.ee\/lv\/par-lotes-zemi\/pludmale\/","name":"Pludmale | Lottemaa Teemapark","isPartOf":{"@id":"https:\/\/lottemaa.ee\/#website"},"primaryImageOfPage":{"@id":"https:\/\/lottemaa.ee\/lv\/par-lotes-zemi\/pludmale\/#primaryimage"},"image":{"@id":"https:\/\/lottemaa.ee\/lv\/par-lotes-zemi\/pludmale\/#primaryimage"},"thumbnailUrl":"https:\/\/lottemaa.ee\/wp-content\/uploads\/2024\/02\/Rand_288x251.jpg","datePublished":"2016-05-16T18:08:54+00:00","dateModified":"2024-09-25T13:38:32+00:00","description":"J\u016bs varat sau\u013coties Lottemaa pludmal\u0113, pusdienot pludmales kafejn\u012bcas teras\u0113. B\u0113rni var sp\u0113l\u0113ties rota\u013cu laiv\u0101 un vizin\u0101ties ar karuseli.","breadcrumb":{"@id":"https:\/\/lottemaa.ee\/lv\/par-lotes-zemi\/pludmale\/#breadcrumb"},"inLanguage":"lv-LV","potentialAction":[{"@type":"ReadAction","target":["https:\/\/lottemaa.ee\/lv\/par-lotes-zemi\/pludmale\/"]}]},{"@type":"ImageObject","inLanguage":"lv-LV","@id":"https:\/\/lottemaa.ee\/lv\/par-lotes-zemi\/pludmale\/#primaryimage","url":"https:\/\/lottemaa.ee\/wp-content\/uploads\/2024\/02\/Rand_288x251.jpg","contentUrl":"https:\/\/lottemaa.ee\/wp-content\/uploads\/2024\/02\/Rand_288x251.jpg","width":288,"height":251},{"@type":"BreadcrumbList","@id":"https:\/\/lottemaa.ee\/lv\/par-lotes-zemi\/pludmale\/#breadcrumb","itemListElement":[{"@type":"ListItem","position":1,"name":"Home","item":"https:\/\/lottemaa.ee\/lv\/"},{"@type":"ListItem","position":2,"name":"Diena Lotes zem\u0113","item":"https:\/\/lottemaa.ee\/lv\/par-lotes-zemi\/"},{"@type":"ListItem","position":3,"name":"Pludmale"}]},{"@type":"WebSite","@id":"https:\/\/lottemaa.ee\/#website","url":"https:\/\/lottemaa.ee\/","name":"Lottemaa Teemapark","description":"Baltimaade suurim ja k\u00f5ige \u00e4gedam kogupere teemapark Eestis P\u00e4rnumaal","publisher":{"@id":"https:\/\/lottemaa.ee\/#organization"},"potentialAction":[{"@type":"SearchAction","target":{"@type":"EntryPoint","urlTemplate":"https:\/\/lottemaa.ee\/?s={search_term_string}"},"query-input":{"@type":"PropertyValueSpecification","valueRequired":true,"valueName":"search_term_string"}}],"inLanguage":"lv-LV"},{"@type":"Organization","@id":"https:\/\/lottemaa.ee\/#organization","name":"Lottemaa Teemapark","url":"https:\/\/lottemaa.ee\/","logo":{"@type":"ImageObject","inLanguage":"lv-LV","@id":"https:\/\/lottemaa.ee\/#\/schema\/logo\/image\/","url":"https:\/\/lottemaa.ee\/wp-content\/uploads\/2018\/12\/Lottemaa_LOGO.png","contentUrl":"https:\/\/lottemaa.ee\/wp-content\/uploads\/2018\/12\/Lottemaa_LOGO.png","width":1024,"height":518,"caption":"Lottemaa Teemapark"},"image":{"@id":"https:\/\/lottemaa.ee\/#\/schema\/logo\/image\/"}}]}},"_links":{"self":[{"href":"https:\/\/lottemaa.ee\/lv\/wp-json\/wp\/v2\/pages\/1381","targetHints":{"allow":["GET"]}}],"collection":[{"href":"https:\/\/lottemaa.ee\/lv\/wp-json\/wp\/v2\/pages"}],"about":[{"href":"https:\/\/lottemaa.ee\/lv\/wp-json\/wp\/v2\/types\/page"}],"author":[{"embeddable":true,"href":"https:\/\/lottemaa.ee\/lv\/wp-json\/wp\/v2\/users\/1"}],"replies":[{"embeddable":true,"href":"https:\/\/lottemaa.ee\/lv\/wp-json\/wp\/v2\/comments?post=1381"}],"version-history":[{"count":5,"href":"https:\/\/lottemaa.ee\/lv\/wp-json\/wp\/v2\/pages\/1381\/revisions"}],"predecessor-version":[{"id":28565,"href":"https:\/\/lottemaa.ee\/lv\/wp-json\/wp\/v2\/pages\/1381\/revisions\/28565"}],"up":[{"embeddable":true,"href":"https:\/\/lottemaa.ee\/lv\/wp-json\/wp\/v2\/pages\/585"}],"wp:featuredmedia":[{"embeddable":true,"href":"https:\/\/lottemaa.ee\/lv\/wp-json\/wp\/v2\/media\/25164"}],"wp:attachment":[{"href":"https:\/\/lottemaa.ee\/lv\/wp-json\/wp\/v2\/media?parent=1381"}],"curies":[{"name":"wp","href":"https:\/\/api.w.org\/{rel}","templated":true}]}}