{"id":1377,"date":"2016-05-16T21:07:24","date_gmt":"2016-05-16T18:07:24","guid":{"rendered":"http:\/\/sharks.ee\/lottemaa\/lv\/?page_id=1377"},"modified":"2024-09-25T16:37:49","modified_gmt":"2024-09-25T13:37:49","slug":"piedzivojumu-parks","status":"publish","type":"page","link":"https:\/\/lottemaa.ee\/lv\/par-lotes-zemi\/piedzivojumu-parks\/","title":{"rendered":"Piedz\u012bvojumu parks"},"content":{"rendered":"<p style=\"text-align: left;\">Lotes zemes tematisk\u0101 parka prie\u017eu me\u017e\u0101 ir pasl\u0113pies m\u016bsu piedz\u012bvojumu parks. Park\u0101 ir vair\u0101kas piedz\u012bvojumu takas, kur kop\u0101 ar saviem draugiem varat p\u0101rbaud\u012bt savas sp\u0113jas. Sacentieties sav\u0101 starp\u0101 un r\u0101pieties zirnek\u013ca t\u012bkl\u0101, izbaudiet nobraucienus pa tros\u0113m un \u013caujiet groz\u0101 uzvilkt sevi koka galotn\u0113!<\/p>\n<p style=\"text-align: left;\">Jautri k\u0101pel\u0113t un izklaid\u0113ties var visi b\u0113rni, kas ir vismaz 3 gadus veci. Pat ar\u012b \u013coti lieli b\u0113rni (lasi: pieaugu\u0161ie) var izbaud\u012bt piedz\u012bvojumu parka takas\u2026 ja pietiek tam drosmes. Jaun\u0101kiem b\u0113rniem, k\u0101pel\u0113jot pa piedz\u012bvojumu parka tak\u0101m, nepiecie\u0161ama past\u0101v\u012bga vec\u0101ku uzraudz\u012bba. Jaun\u0101kaj\u0101m \u0123imenes atvas\u0113m paredz\u0113t\u0101s takas ir zemas, kur dro\u0161\u012bbas siksnas nav nepiecie\u0161amas. Ta\u010du rota\u013cu laik\u0101 jaunie k\u0101pel\u0113t\u0101ji var zaud\u0113t modr\u012bbu un t\u0101d\u0113\u013c tiem nepiecie\u0161ams vec\u0101ku atbalsts.<\/p>\n<h3 style=\"text-align: left;\"><span style=\"font-family: Troika;\">Ko v\u0113l j\u016bs varat dar\u012bt piedz\u012bvojumu park\u0101?\u00a0<\/span><\/h3>\n<p style=\"text-align: left;\">Izgudrot\u0101ju ciema me\u017e\u0101 var pastaig\u0101ties pa Bizbizm\u0101r\u012b\u0161u taku, kas karst\u0101 vasaras dien\u0101 pied\u0101v\u0101 ar\u012b patversmi no saules. Turkl\u0101t tur var atrast ar\u012b interesantus iem\u012btniekus. Piedz\u012bvojumu parka tuvum\u0101 eso\u0161aj\u0101 Kukain\u012b\u0161u ciemat\u0101 var mekl\u0113t piedz\u012bvojumus kukain\u012b\u0161u m\u0101j\u0101s.<\/p>\n<h3 style=\"text-align: left;\"><span style=\"font-family: Troika;\">Neliela malt\u012bte p\u0113c pastaig\u0101m un k\u0101pel\u0113\u0161anas.<\/span><\/h3>\n<p style=\"text-align: left;\">Turpat blakus piedz\u012bvojumu parkam atrodas <a href=\"https:\/\/lottemaa.ee\/lv\/par-lotes-zemi\/lotes-zemes-edinasana\/bizbizmarites-kafejnica\/\">Bizbizm\u0101r\u012b\u0161u kafejn\u012bca<\/a>, kur piedz\u012bvojumu mekl\u0113t\u0101ji var atjaunot savas ener\u0123ijas rezerves. Pa\u0137erot l\u012bdzi \u0161eit k\u0101du sald\u0113jumu vai atspirdzino\u0161u dz\u0113rienu, piedz\u012bvojums Lotes zem\u0113 var turpin\u0101ties.<\/p>\n<h3 style=\"text-align: left;\"><span style=\"font-family: Troika;\">Kurp doties t\u0101l\u0101k p\u0113c piedz\u012bvojumu parka?<\/span><\/h3>\n<p style=\"text-align: left;\"><a href=\"https:\/\/lottemaa.ee\/lv\/par-lotes-zemi\/majas-un-nodarbes\/interneta-atklasanas-tornis\/\">Interneta atkl\u0101\u0161anas torn\u012b<\/a> dz\u012bvo s\u012bci\u0146i interneta v\u012bri\u0146i. Ar neapbru\u0146otu aci tos nemaz nevar paman\u012bt, bet, v\u0113rojot zem lupas, tor\u0146a apak\u0161\u0113jo st\u0101vu v\u012bri\u0146us ir iesp\u0113jams saskat\u012bt. Jo augst\u0101ks st\u0101vs, jo \u0101tr\u0101ki un veikl\u0101ki v\u012bri\u0146i tur dz\u012bvo.<\/p>\n<p style=\"text-align: left;\">Pastaig\u0101joties pa Bizbizm\u0101r\u012b\u0161u me\u017ea taku, vien\u0101 br\u012bd\u012b var non\u0101kt <a href=\"https:\/\/lottemaa.ee\/lv\/par-lotes-zemi\/majas-un-nodarbes\/janeste-maja\/\">za\u0137u m\u0101jas<\/a> pagalm\u0101. M\u0101ja no pagraba l\u012bdz pat skurstenim ir aizraujo\u0161a un atkl\u0101jumu pilna. K\u0101pnes \u010d\u012bkst, b\u0113ni\u0146os atskan d\u012bvainas ska\u0146as. <a href=\"https:\/\/lottemaa.ee\/lv\/par-lotes-zemi\/majas-un-nodarbes\/planetarijs\/\">Planet\u0101rij\u0101<\/a> savus nosl\u0113pumus apmekl\u0113t\u0101jiem atkl\u0101j pasaules telpa. <a href=\"https:\/\/lottemaa.ee\/lv\/par-lotes-zemi\/majas-un-nodarbes\/janeste-rahva-muuseum\/\">Za\u0137u Nacion\u0101laj\u0101 muzej\u0101<\/a> savu m\u016b\u017e\u012bgo miegu gu\u013c za\u0137is Lembits.<\/p>\n<h3 style=\"text-align: left;\"><span style=\"font-family: Troika;\">Piedz\u012bvojumu parka noteikumi<\/span><\/h3>\n<p style=\"text-align: left;\">\u2022 \u00a0Pirms do\u0161an\u0101s uz piedz\u012bvojumu parka tak\u0101m, p\u0101rliecinieties, vai \u0161is piedz\u012bvojums jums vai j\u016bsu b\u0113rnam ir dro\u0161s un pa sp\u0113kam!<br \/>\n\u2022 \u00a0Par boj\u0101tiem piedz\u012bvojumu takas elementiem l\u016bdzam inform\u0113t atrakciju parka darbinieku.<br \/>\n\u2022 \u00a0P\u0101rvietojieties no platformas uz platformu, nevis augstum\u0101!<br \/>\n\u2022 \u00a0Esiet \u012bpa\u0161i uzman\u012bgi lietain\u0101 laik\u0101 \u2013 taka k\u013c\u016bst slidena!<br \/>\n\u2022 \u00a0Vienm\u0113r esiet uzman\u012bgi un draudz\u012bgi pret citiem!<br \/>\n\u2022 \u00a0Uz trases jeb tilti\u0146a vienlaikus var atrasties viens piedz\u012bvojumu mekl\u0113t\u0101js, bet uz platformas &#8211; tr\u012bs.<br \/>\n\u2022 \u00a0Nelaimes gad\u012bjum\u0101 zvaniet 112!<\/p>\n<p style=\"text-align: left;\">NB! L\u016bdzu, \u0146emiet v\u0113r\u0101, ka k\u0101pel\u0113\u0161ana piedz\u012bvojumu tak\u0101 ir at\u013cauta tikai pieaugu\u0161o uzraudz\u012bb\u0101.<br \/>\nIzbaudiet dro\u0161us piedz\u012bvojumus! Izbaudiet jautru k\u0101pel\u0113\u0161anu!<\/p>\n","protected":false},"excerpt":{"rendered":"<p>Lotes zemes tematisk\u0101 parka prie\u017eu me\u017e\u0101 ir pasl\u0113pies m\u016bsu piedz\u012bvojumu parks. Park\u0101 ir vair\u0101kas piedz\u012bvojumu takas, kur kop\u0101 ar saviem draugiem varat p\u0101rbaud\u012bt savas sp\u0113jas. Sacentieties sav\u0101 starp\u0101 un r\u0101pieties zirnek\u013ca t\u012bkl\u0101, izbaudiet nobraucienus pa tros\u0113m un \u013caujiet groz\u0101 uzvilkt sevi koka galotn\u0113! Jautri k\u0101pel\u0113t un izklaid\u0113ties var visi b\u0113rni, kas ir vismaz 3 gadus &hellip; <a href=\"https:\/\/lottemaa.ee\/lv\/par-lotes-zemi\/piedzivojumu-parks\/\">Continued<\/a><\/p>\n","protected":false},"author":1,"featured_media":25169,"parent":585,"menu_order":705,"comment_status":"closed","ping_status":"closed","template":"","meta":{"_acf_changed":false,"om_disable_all_campaigns":false,"_uf_show_specific_survey":0,"_uf_disable_surveys":false,"footnotes":""},"class_list":["post-1377","page","type-page","status-publish","has-post-thumbnail","hentry"],"acf":[],"yoast_head":"<!-- This site is optimized with the Yoast SEO plugin v25.5 - https:\/\/yoast.com\/wordpress\/plugins\/seo\/ -->\n<title>Piedz\u012bvojumu parks - Lotes zemes Tematiskais parks<\/title>\n<meta name=\"description\" content=\"Lotes zemei ir savs piedz\u012bvojumu parks. Uz piedz\u012bvojumu takas var\u0113siet kop\u0101 ar saviem draugiem p\u0101rbaud\u012bt savas sp\u0113jas un prasmes.\" \/>\n<meta name=\"robots\" content=\"index, follow, max-snippet:-1, max-image-preview:large, max-video-preview:-1\" \/>\n<link rel=\"canonical\" href=\"https:\/\/lottemaa.ee\/lv\/par-lotes-zemi\/piedzivojumu-parks\/\" \/>\n<meta property=\"og:locale\" content=\"lv_LV\" \/>\n<meta property=\"og:type\" content=\"article\" \/>\n<meta property=\"og:title\" content=\"Piedz\u012bvojumu parks - Lotes zemes Tematiskais parks\" \/>\n<meta property=\"og:description\" content=\"Lotes zemei ir savs piedz\u012bvojumu parks. Uz piedz\u012bvojumu takas var\u0113siet kop\u0101 ar saviem draugiem p\u0101rbaud\u012bt savas sp\u0113jas un prasmes.\" \/>\n<meta property=\"og:url\" content=\"https:\/\/lottemaa.ee\/lv\/par-lotes-zemi\/piedzivojumu-parks\/\" \/>\n<meta property=\"og:site_name\" content=\"Lottemaa Teemapark\" \/>\n<meta property=\"article:modified_time\" content=\"2024-09-25T13:37:49+00:00\" \/>\n<meta property=\"og:image\" content=\"https:\/\/lottemaa.ee\/wp-content\/uploads\/2024\/02\/Seikluspark_288x251.jpg\" \/>\n\t<meta property=\"og:image:width\" content=\"288\" \/>\n\t<meta property=\"og:image:height\" content=\"251\" \/>\n\t<meta property=\"og:image:type\" content=\"image\/jpeg\" \/>\n<meta name=\"twitter:card\" content=\"summary_large_image\" \/>\n<meta name=\"twitter:label1\" content=\"Est. reading time\" \/>\n\t<meta name=\"twitter:data1\" content=\"3 min\u016btes\" \/>\n<script type=\"application\/ld+json\" class=\"yoast-schema-graph\">{\"@context\":\"https:\/\/schema.org\",\"@graph\":[{\"@type\":\"WebPage\",\"@id\":\"https:\/\/lottemaa.ee\/lv\/par-lotes-zemi\/piedzivojumu-parks\/\",\"url\":\"https:\/\/lottemaa.ee\/lv\/par-lotes-zemi\/piedzivojumu-parks\/\",\"name\":\"Piedz\u012bvojumu parks - Lotes zemes Tematiskais parks\",\"isPartOf\":{\"@id\":\"https:\/\/lottemaa.ee\/#website\"},\"primaryImageOfPage\":{\"@id\":\"https:\/\/lottemaa.ee\/lv\/par-lotes-zemi\/piedzivojumu-parks\/#primaryimage\"},\"image\":{\"@id\":\"https:\/\/lottemaa.ee\/lv\/par-lotes-zemi\/piedzivojumu-parks\/#primaryimage\"},\"thumbnailUrl\":\"https:\/\/lottemaa.ee\/wp-content\/uploads\/2024\/02\/Seikluspark_288x251.jpg\",\"datePublished\":\"2016-05-16T18:07:24+00:00\",\"dateModified\":\"2024-09-25T13:37:49+00:00\",\"description\":\"Lotes zemei ir savs piedz\u012bvojumu parks. Uz piedz\u012bvojumu takas var\u0113siet kop\u0101 ar saviem draugiem p\u0101rbaud\u012bt savas sp\u0113jas un prasmes.\",\"breadcrumb\":{\"@id\":\"https:\/\/lottemaa.ee\/lv\/par-lotes-zemi\/piedzivojumu-parks\/#breadcrumb\"},\"inLanguage\":\"lv-LV\",\"potentialAction\":[{\"@type\":\"ReadAction\",\"target\":[\"https:\/\/lottemaa.ee\/lv\/par-lotes-zemi\/piedzivojumu-parks\/\"]}]},{\"@type\":\"ImageObject\",\"inLanguage\":\"lv-LV\",\"@id\":\"https:\/\/lottemaa.ee\/lv\/par-lotes-zemi\/piedzivojumu-parks\/#primaryimage\",\"url\":\"https:\/\/lottemaa.ee\/wp-content\/uploads\/2024\/02\/Seikluspark_288x251.jpg\",\"contentUrl\":\"https:\/\/lottemaa.ee\/wp-content\/uploads\/2024\/02\/Seikluspark_288x251.jpg\",\"width\":288,\"height\":251},{\"@type\":\"BreadcrumbList\",\"@id\":\"https:\/\/lottemaa.ee\/lv\/par-lotes-zemi\/piedzivojumu-parks\/#breadcrumb\",\"itemListElement\":[{\"@type\":\"ListItem\",\"position\":1,\"name\":\"Home\",\"item\":\"https:\/\/lottemaa.ee\/lv\/\"},{\"@type\":\"ListItem\",\"position\":2,\"name\":\"Diena Lotes zem\u0113\",\"item\":\"https:\/\/lottemaa.ee\/lv\/par-lotes-zemi\/\"},{\"@type\":\"ListItem\",\"position\":3,\"name\":\"Piedz\u012bvojumu parks\"}]},{\"@type\":\"WebSite\",\"@id\":\"https:\/\/lottemaa.ee\/#website\",\"url\":\"https:\/\/lottemaa.ee\/\",\"name\":\"Lottemaa Teemapark\",\"description\":\"Baltimaade suurim ja k\u00f5ige \u00e4gedam kogupere teemapark Eestis P\u00e4rnumaal\",\"publisher\":{\"@id\":\"https:\/\/lottemaa.ee\/#organization\"},\"potentialAction\":[{\"@type\":\"SearchAction\",\"target\":{\"@type\":\"EntryPoint\",\"urlTemplate\":\"https:\/\/lottemaa.ee\/?s={search_term_string}\"},\"query-input\":{\"@type\":\"PropertyValueSpecification\",\"valueRequired\":true,\"valueName\":\"search_term_string\"}}],\"inLanguage\":\"lv-LV\"},{\"@type\":\"Organization\",\"@id\":\"https:\/\/lottemaa.ee\/#organization\",\"name\":\"Lottemaa Teemapark\",\"url\":\"https:\/\/lottemaa.ee\/\",\"logo\":{\"@type\":\"ImageObject\",\"inLanguage\":\"lv-LV\",\"@id\":\"https:\/\/lottemaa.ee\/#\/schema\/logo\/image\/\",\"url\":\"https:\/\/lottemaa.ee\/wp-content\/uploads\/2018\/12\/Lottemaa_LOGO.png\",\"contentUrl\":\"https:\/\/lottemaa.ee\/wp-content\/uploads\/2018\/12\/Lottemaa_LOGO.png\",\"width\":1024,\"height\":518,\"caption\":\"Lottemaa Teemapark\"},\"image\":{\"@id\":\"https:\/\/lottemaa.ee\/#\/schema\/logo\/image\/\"}}]}<\/script>\n<!-- \/ Yoast SEO plugin. -->","yoast_head_json":{"title":"Piedz\u012bvojumu parks - Lotes zemes Tematiskais parks","description":"Lotes zemei ir savs piedz\u012bvojumu parks. Uz piedz\u012bvojumu takas var\u0113siet kop\u0101 ar saviem draugiem p\u0101rbaud\u012bt savas sp\u0113jas un prasmes.","robots":{"index":"index","follow":"follow","max-snippet":"max-snippet:-1","max-image-preview":"max-image-preview:large","max-video-preview":"max-video-preview:-1"},"canonical":"https:\/\/lottemaa.ee\/lv\/par-lotes-zemi\/piedzivojumu-parks\/","og_locale":"lv_LV","og_type":"article","og_title":"Piedz\u012bvojumu parks - Lotes zemes Tematiskais parks","og_description":"Lotes zemei ir savs piedz\u012bvojumu parks. Uz piedz\u012bvojumu takas var\u0113siet kop\u0101 ar saviem draugiem p\u0101rbaud\u012bt savas sp\u0113jas un prasmes.","og_url":"https:\/\/lottemaa.ee\/lv\/par-lotes-zemi\/piedzivojumu-parks\/","og_site_name":"Lottemaa Teemapark","article_modified_time":"2024-09-25T13:37:49+00:00","og_image":[{"width":288,"height":251,"url":"https:\/\/lottemaa.ee\/wp-content\/uploads\/2024\/02\/Seikluspark_288x251.jpg","type":"image\/jpeg"}],"twitter_card":"summary_large_image","twitter_misc":{"Est. reading time":"3 min\u016btes"},"schema":{"@context":"https:\/\/schema.org","@graph":[{"@type":"WebPage","@id":"https:\/\/lottemaa.ee\/lv\/par-lotes-zemi\/piedzivojumu-parks\/","url":"https:\/\/lottemaa.ee\/lv\/par-lotes-zemi\/piedzivojumu-parks\/","name":"Piedz\u012bvojumu parks - Lotes zemes Tematiskais parks","isPartOf":{"@id":"https:\/\/lottemaa.ee\/#website"},"primaryImageOfPage":{"@id":"https:\/\/lottemaa.ee\/lv\/par-lotes-zemi\/piedzivojumu-parks\/#primaryimage"},"image":{"@id":"https:\/\/lottemaa.ee\/lv\/par-lotes-zemi\/piedzivojumu-parks\/#primaryimage"},"thumbnailUrl":"https:\/\/lottemaa.ee\/wp-content\/uploads\/2024\/02\/Seikluspark_288x251.jpg","datePublished":"2016-05-16T18:07:24+00:00","dateModified":"2024-09-25T13:37:49+00:00","description":"Lotes zemei ir savs piedz\u012bvojumu parks. Uz piedz\u012bvojumu takas var\u0113siet kop\u0101 ar saviem draugiem p\u0101rbaud\u012bt savas sp\u0113jas un prasmes.","breadcrumb":{"@id":"https:\/\/lottemaa.ee\/lv\/par-lotes-zemi\/piedzivojumu-parks\/#breadcrumb"},"inLanguage":"lv-LV","potentialAction":[{"@type":"ReadAction","target":["https:\/\/lottemaa.ee\/lv\/par-lotes-zemi\/piedzivojumu-parks\/"]}]},{"@type":"ImageObject","inLanguage":"lv-LV","@id":"https:\/\/lottemaa.ee\/lv\/par-lotes-zemi\/piedzivojumu-parks\/#primaryimage","url":"https:\/\/lottemaa.ee\/wp-content\/uploads\/2024\/02\/Seikluspark_288x251.jpg","contentUrl":"https:\/\/lottemaa.ee\/wp-content\/uploads\/2024\/02\/Seikluspark_288x251.jpg","width":288,"height":251},{"@type":"BreadcrumbList","@id":"https:\/\/lottemaa.ee\/lv\/par-lotes-zemi\/piedzivojumu-parks\/#breadcrumb","itemListElement":[{"@type":"ListItem","position":1,"name":"Home","item":"https:\/\/lottemaa.ee\/lv\/"},{"@type":"ListItem","position":2,"name":"Diena Lotes zem\u0113","item":"https:\/\/lottemaa.ee\/lv\/par-lotes-zemi\/"},{"@type":"ListItem","position":3,"name":"Piedz\u012bvojumu parks"}]},{"@type":"WebSite","@id":"https:\/\/lottemaa.ee\/#website","url":"https:\/\/lottemaa.ee\/","name":"Lottemaa Teemapark","description":"Baltimaade suurim ja k\u00f5ige \u00e4gedam kogupere teemapark Eestis P\u00e4rnumaal","publisher":{"@id":"https:\/\/lottemaa.ee\/#organization"},"potentialAction":[{"@type":"SearchAction","target":{"@type":"EntryPoint","urlTemplate":"https:\/\/lottemaa.ee\/?s={search_term_string}"},"query-input":{"@type":"PropertyValueSpecification","valueRequired":true,"valueName":"search_term_string"}}],"inLanguage":"lv-LV"},{"@type":"Organization","@id":"https:\/\/lottemaa.ee\/#organization","name":"Lottemaa Teemapark","url":"https:\/\/lottemaa.ee\/","logo":{"@type":"ImageObject","inLanguage":"lv-LV","@id":"https:\/\/lottemaa.ee\/#\/schema\/logo\/image\/","url":"https:\/\/lottemaa.ee\/wp-content\/uploads\/2018\/12\/Lottemaa_LOGO.png","contentUrl":"https:\/\/lottemaa.ee\/wp-content\/uploads\/2018\/12\/Lottemaa_LOGO.png","width":1024,"height":518,"caption":"Lottemaa Teemapark"},"image":{"@id":"https:\/\/lottemaa.ee\/#\/schema\/logo\/image\/"}}]}},"_links":{"self":[{"href":"https:\/\/lottemaa.ee\/lv\/wp-json\/wp\/v2\/pages\/1377","targetHints":{"allow":["GET"]}}],"collection":[{"href":"https:\/\/lottemaa.ee\/lv\/wp-json\/wp\/v2\/pages"}],"about":[{"href":"https:\/\/lottemaa.ee\/lv\/wp-json\/wp\/v2\/types\/page"}],"author":[{"embeddable":true,"href":"https:\/\/lottemaa.ee\/lv\/wp-json\/wp\/v2\/users\/1"}],"replies":[{"embeddable":true,"href":"https:\/\/lottemaa.ee\/lv\/wp-json\/wp\/v2\/comments?post=1377"}],"version-history":[{"count":5,"href":"https:\/\/lottemaa.ee\/lv\/wp-json\/wp\/v2\/pages\/1377\/revisions"}],"predecessor-version":[{"id":28564,"href":"https:\/\/lottemaa.ee\/lv\/wp-json\/wp\/v2\/pages\/1377\/revisions\/28564"}],"up":[{"embeddable":true,"href":"https:\/\/lottemaa.ee\/lv\/wp-json\/wp\/v2\/pages\/585"}],"wp:featuredmedia":[{"embeddable":true,"href":"https:\/\/lottemaa.ee\/lv\/wp-json\/wp\/v2\/media\/25169"}],"wp:attachment":[{"href":"https:\/\/lottemaa.ee\/lv\/wp-json\/wp\/v2\/media?parent=1377"}],"curies":[{"name":"wp","href":"https:\/\/api.w.org\/{rel}","templated":true}]}}