{"id":1375,"date":"2016-05-16T21:05:28","date_gmt":"2016-05-16T18:05:28","guid":{"rendered":"http:\/\/sharks.ee\/lottemaa\/lv\/?page_id=1375"},"modified":"2023-02-16T11:49:06","modified_gmt":"2023-02-16T09:49:06","slug":"daktere-ave","status":"publish","type":"page","link":"https:\/\/lottemaa.ee\/lv\/par-mums\/izgudrotaju-ciema-iedzivotaji\/daktere-ave\/","title":{"rendered":"Daktere Ave"},"content":{"rendered":"<p style=\"text-align: left;\"><strong>Daktere Ave<\/strong>\u00a0ir za\u0137ene, kurai pat\u012bk \u0101rst\u0113t da\u017e\u0101das slim\u012bbas. Katram punam vi\u0146as kofer\u012b atrad\u012bsies l\u0101steka, katrai skrambai \u2013 ce\u013cmallapa, katrai tulznai gl\u0101sto\u0161s bie\u0161u balz\u0101ms. Daktere Ave ar nepaciet\u012bbu gaida, kad b\u016bs nepiecie\u0161ama vi\u0146as pal\u012bdz\u012bba. Vi\u0146as polikl\u012bnika ir atv\u0113rta jebkur\u0101 laik\u0101. T\u0101d\u0113\u013c baumas par dakteres Aves prasm\u0113m ir izplat\u012bju\u0161\u0101s pat l\u012bdz kaimi\u0146u ciemiem. Nav t\u0101das slim\u012bbas, kura nenob\u012btos sadzirdot dakteres Aves v\u0101rdu.<\/p>\n","protected":false},"excerpt":{"rendered":"<p>Daktere Ave\u00a0ir za\u0137ene, kurai pat\u012bk \u0101rst\u0113t da\u017e\u0101das slim\u012bbas. Katram punam vi\u0146as kofer\u012b atrad\u012bsies l\u0101steka, katrai skrambai \u2013 ce\u013cmallapa, katrai tulznai gl\u0101sto\u0161s bie\u0161u balz\u0101ms. Daktere Ave ar nepaciet\u012bbu gaida, kad b\u016bs nepiecie\u0161ama vi\u0146as pal\u012bdz\u012bba. Vi\u0146as polikl\u012bnika ir atv\u0113rta jebkur\u0101 laik\u0101. T\u0101d\u0113\u013c baumas par dakteres Aves prasm\u0113m ir izplat\u012bju\u0161\u0101s pat l\u012bdz kaimi\u0146u ciemiem. Nav t\u0101das slim\u012bbas, kura &hellip; <a href=\"https:\/\/lottemaa.ee\/lv\/par-mums\/izgudrotaju-ciema-iedzivotaji\/daktere-ave\/\">Continued<\/a><\/p>\n","protected":false},"author":1,"featured_media":1577,"parent":1338,"menu_order":228,"comment_status":"closed","ping_status":"closed","template":"","meta":{"_acf_changed":false,"om_disable_all_campaigns":false,"_uf_show_specific_survey":0,"_uf_disable_surveys":false,"footnotes":""},"class_list":["post-1375","page","type-page","status-publish","has-post-thumbnail","hentry"],"acf":[],"yoast_head":"<!-- This site is optimized with the Yoast SEO plugin v25.5 - https:\/\/yoast.com\/wordpress\/plugins\/seo\/ -->\n<title>Daktere Ave | Lottemaa Teemapark<\/title>\n<meta name=\"description\" content=\"Daktere Ave\u00a0ir za\u0137ene, kurai pat\u012bk \u0101rst\u0113t da\u017e\u0101das slim\u012bbas. Katram punam vi\u0146as kofer\u012b atrad\u012bsies l\u0101steka, katrai skrambai \u2013 ce\u013cmallapa, katrai tulznai gl\u0101sto\u0161s bie\u0161u balz\u0101ms.\" \/>\n<meta name=\"robots\" content=\"index, follow, max-snippet:-1, max-image-preview:large, max-video-preview:-1\" \/>\n<link rel=\"canonical\" href=\"https:\/\/lottemaa.ee\/lv\/par-lotes-zemi\/izgudrotaju-ciema-iedzivotaji\/daktere-ave\/\" \/>\n<meta property=\"og:locale\" content=\"lv_LV\" \/>\n<meta property=\"og:type\" content=\"article\" \/>\n<meta property=\"og:title\" content=\"Daktere Ave | Lottemaa Teemapark\" \/>\n<meta property=\"og:description\" content=\"Daktere Ave\u00a0ir za\u0137ene, kurai pat\u012bk \u0101rst\u0113t da\u017e\u0101das slim\u012bbas. Katram punam vi\u0146as kofer\u012b atrad\u012bsies l\u0101steka, katrai skrambai \u2013 ce\u013cmallapa, katrai tulznai gl\u0101sto\u0161s bie\u0161u balz\u0101ms.\" \/>\n<meta property=\"og:url\" content=\"https:\/\/lottemaa.ee\/lv\/par-lotes-zemi\/izgudrotaju-ciema-iedzivotaji\/daktere-ave\/\" \/>\n<meta property=\"og:site_name\" content=\"Lottemaa Teemapark\" \/>\n<meta property=\"article:modified_time\" content=\"2023-02-16T09:49:06+00:00\" \/>\n<meta property=\"og:image\" content=\"https:\/\/lottemaa.ee\/wp-content\/uploads\/2016\/05\/lottemaa-ave.jpg\" \/>\n\t<meta property=\"og:image:width\" content=\"316\" \/>\n\t<meta property=\"og:image:height\" content=\"177\" \/>\n\t<meta property=\"og:image:type\" content=\"image\/jpeg\" \/>\n<meta name=\"twitter:card\" content=\"summary_large_image\" \/>\n<meta name=\"twitter:label1\" content=\"Est. reading time\" \/>\n\t<meta name=\"twitter:data1\" content=\"1 min\u016b\u0161u\" \/>\n<script type=\"application\/ld+json\" class=\"yoast-schema-graph\">{\"@context\":\"https:\/\/schema.org\",\"@graph\":[{\"@type\":\"WebPage\",\"@id\":\"https:\/\/lottemaa.ee\/lv\/par-lotes-zemi\/izgudrotaju-ciema-iedzivotaji\/daktere-ave\/\",\"url\":\"https:\/\/lottemaa.ee\/lv\/par-lotes-zemi\/izgudrotaju-ciema-iedzivotaji\/daktere-ave\/\",\"name\":\"Daktere Ave | Lottemaa Teemapark\",\"isPartOf\":{\"@id\":\"https:\/\/lottemaa.ee\/#website\"},\"primaryImageOfPage\":{\"@id\":\"https:\/\/lottemaa.ee\/lv\/par-lotes-zemi\/izgudrotaju-ciema-iedzivotaji\/daktere-ave\/#primaryimage\"},\"image\":{\"@id\":\"https:\/\/lottemaa.ee\/lv\/par-lotes-zemi\/izgudrotaju-ciema-iedzivotaji\/daktere-ave\/#primaryimage\"},\"thumbnailUrl\":\"https:\/\/lottemaa.ee\/wp-content\/uploads\/2016\/05\/lottemaa-ave.jpg\",\"datePublished\":\"2016-05-16T18:05:28+00:00\",\"dateModified\":\"2023-02-16T09:49:06+00:00\",\"description\":\"Daktere Ave\u00a0ir za\u0137ene, kurai pat\u012bk \u0101rst\u0113t da\u017e\u0101das slim\u012bbas. Katram punam vi\u0146as kofer\u012b atrad\u012bsies l\u0101steka, katrai skrambai \u2013 ce\u013cmallapa, katrai tulznai gl\u0101sto\u0161s bie\u0161u balz\u0101ms.\",\"breadcrumb\":{\"@id\":\"https:\/\/lottemaa.ee\/lv\/par-lotes-zemi\/izgudrotaju-ciema-iedzivotaji\/daktere-ave\/#breadcrumb\"},\"inLanguage\":\"lv-LV\",\"potentialAction\":[{\"@type\":\"ReadAction\",\"target\":[\"https:\/\/lottemaa.ee\/lv\/par-lotes-zemi\/izgudrotaju-ciema-iedzivotaji\/daktere-ave\/\"]}]},{\"@type\":\"ImageObject\",\"inLanguage\":\"lv-LV\",\"@id\":\"https:\/\/lottemaa.ee\/lv\/par-lotes-zemi\/izgudrotaju-ciema-iedzivotaji\/daktere-ave\/#primaryimage\",\"url\":\"https:\/\/lottemaa.ee\/wp-content\/uploads\/2016\/05\/lottemaa-ave.jpg\",\"contentUrl\":\"https:\/\/lottemaa.ee\/wp-content\/uploads\/2016\/05\/lottemaa-ave.jpg\",\"width\":316,\"height\":177},{\"@type\":\"BreadcrumbList\",\"@id\":\"https:\/\/lottemaa.ee\/lv\/par-lotes-zemi\/izgudrotaju-ciema-iedzivotaji\/daktere-ave\/#breadcrumb\",\"itemListElement\":[{\"@type\":\"ListItem\",\"position\":1,\"name\":\"Home\",\"item\":\"https:\/\/lottemaa.ee\/lv\/\"},{\"@type\":\"ListItem\",\"position\":2,\"name\":\"Diena Lotes zem\u0113\",\"item\":\"https:\/\/lottemaa.ee\/lv\/par-lotes-zemi\/\"},{\"@type\":\"ListItem\",\"position\":3,\"name\":\"Izgudrot\u0101ju ciema iedz\u012bvot\u0101ji\",\"item\":\"https:\/\/lottemaa.ee\/lv\/par-lotes-zemi\/izgudrotaju-ciema-iedzivotaji\/\"},{\"@type\":\"ListItem\",\"position\":4,\"name\":\"Daktere Ave\"}]},{\"@type\":\"WebSite\",\"@id\":\"https:\/\/lottemaa.ee\/#website\",\"url\":\"https:\/\/lottemaa.ee\/\",\"name\":\"Lottemaa Teemapark\",\"description\":\"Baltimaade suurim ja k\u00f5ige \u00e4gedam kogupere teemapark Eestis P\u00e4rnumaal\",\"publisher\":{\"@id\":\"https:\/\/lottemaa.ee\/#organization\"},\"potentialAction\":[{\"@type\":\"SearchAction\",\"target\":{\"@type\":\"EntryPoint\",\"urlTemplate\":\"https:\/\/lottemaa.ee\/?s={search_term_string}\"},\"query-input\":{\"@type\":\"PropertyValueSpecification\",\"valueRequired\":true,\"valueName\":\"search_term_string\"}}],\"inLanguage\":\"lv-LV\"},{\"@type\":\"Organization\",\"@id\":\"https:\/\/lottemaa.ee\/#organization\",\"name\":\"Lottemaa Teemapark\",\"url\":\"https:\/\/lottemaa.ee\/\",\"logo\":{\"@type\":\"ImageObject\",\"inLanguage\":\"lv-LV\",\"@id\":\"https:\/\/lottemaa.ee\/#\/schema\/logo\/image\/\",\"url\":\"https:\/\/lottemaa.ee\/wp-content\/uploads\/2018\/12\/Lottemaa_LOGO.png\",\"contentUrl\":\"https:\/\/lottemaa.ee\/wp-content\/uploads\/2018\/12\/Lottemaa_LOGO.png\",\"width\":1024,\"height\":518,\"caption\":\"Lottemaa Teemapark\"},\"image\":{\"@id\":\"https:\/\/lottemaa.ee\/#\/schema\/logo\/image\/\"}}]}<\/script>\n<!-- \/ Yoast SEO plugin. -->","yoast_head_json":{"title":"Daktere Ave | Lottemaa Teemapark","description":"Daktere Ave\u00a0ir za\u0137ene, kurai pat\u012bk \u0101rst\u0113t da\u017e\u0101das slim\u012bbas. Katram punam vi\u0146as kofer\u012b atrad\u012bsies l\u0101steka, katrai skrambai \u2013 ce\u013cmallapa, katrai tulznai gl\u0101sto\u0161s bie\u0161u balz\u0101ms.","robots":{"index":"index","follow":"follow","max-snippet":"max-snippet:-1","max-image-preview":"max-image-preview:large","max-video-preview":"max-video-preview:-1"},"canonical":"https:\/\/lottemaa.ee\/lv\/par-lotes-zemi\/izgudrotaju-ciema-iedzivotaji\/daktere-ave\/","og_locale":"lv_LV","og_type":"article","og_title":"Daktere Ave | Lottemaa Teemapark","og_description":"Daktere Ave\u00a0ir za\u0137ene, kurai pat\u012bk \u0101rst\u0113t da\u017e\u0101das slim\u012bbas. Katram punam vi\u0146as kofer\u012b atrad\u012bsies l\u0101steka, katrai skrambai \u2013 ce\u013cmallapa, katrai tulznai gl\u0101sto\u0161s bie\u0161u balz\u0101ms.","og_url":"https:\/\/lottemaa.ee\/lv\/par-lotes-zemi\/izgudrotaju-ciema-iedzivotaji\/daktere-ave\/","og_site_name":"Lottemaa Teemapark","article_modified_time":"2023-02-16T09:49:06+00:00","og_image":[{"width":316,"height":177,"url":"https:\/\/lottemaa.ee\/wp-content\/uploads\/2016\/05\/lottemaa-ave.jpg","type":"image\/jpeg"}],"twitter_card":"summary_large_image","twitter_misc":{"Est. reading time":"1 min\u016b\u0161u"},"schema":{"@context":"https:\/\/schema.org","@graph":[{"@type":"WebPage","@id":"https:\/\/lottemaa.ee\/lv\/par-lotes-zemi\/izgudrotaju-ciema-iedzivotaji\/daktere-ave\/","url":"https:\/\/lottemaa.ee\/lv\/par-lotes-zemi\/izgudrotaju-ciema-iedzivotaji\/daktere-ave\/","name":"Daktere Ave | Lottemaa Teemapark","isPartOf":{"@id":"https:\/\/lottemaa.ee\/#website"},"primaryImageOfPage":{"@id":"https:\/\/lottemaa.ee\/lv\/par-lotes-zemi\/izgudrotaju-ciema-iedzivotaji\/daktere-ave\/#primaryimage"},"image":{"@id":"https:\/\/lottemaa.ee\/lv\/par-lotes-zemi\/izgudrotaju-ciema-iedzivotaji\/daktere-ave\/#primaryimage"},"thumbnailUrl":"https:\/\/lottemaa.ee\/wp-content\/uploads\/2016\/05\/lottemaa-ave.jpg","datePublished":"2016-05-16T18:05:28+00:00","dateModified":"2023-02-16T09:49:06+00:00","description":"Daktere Ave\u00a0ir za\u0137ene, kurai pat\u012bk \u0101rst\u0113t da\u017e\u0101das slim\u012bbas. Katram punam vi\u0146as kofer\u012b atrad\u012bsies l\u0101steka, katrai skrambai \u2013 ce\u013cmallapa, katrai tulznai gl\u0101sto\u0161s bie\u0161u balz\u0101ms.","breadcrumb":{"@id":"https:\/\/lottemaa.ee\/lv\/par-lotes-zemi\/izgudrotaju-ciema-iedzivotaji\/daktere-ave\/#breadcrumb"},"inLanguage":"lv-LV","potentialAction":[{"@type":"ReadAction","target":["https:\/\/lottemaa.ee\/lv\/par-lotes-zemi\/izgudrotaju-ciema-iedzivotaji\/daktere-ave\/"]}]},{"@type":"ImageObject","inLanguage":"lv-LV","@id":"https:\/\/lottemaa.ee\/lv\/par-lotes-zemi\/izgudrotaju-ciema-iedzivotaji\/daktere-ave\/#primaryimage","url":"https:\/\/lottemaa.ee\/wp-content\/uploads\/2016\/05\/lottemaa-ave.jpg","contentUrl":"https:\/\/lottemaa.ee\/wp-content\/uploads\/2016\/05\/lottemaa-ave.jpg","width":316,"height":177},{"@type":"BreadcrumbList","@id":"https:\/\/lottemaa.ee\/lv\/par-lotes-zemi\/izgudrotaju-ciema-iedzivotaji\/daktere-ave\/#breadcrumb","itemListElement":[{"@type":"ListItem","position":1,"name":"Home","item":"https:\/\/lottemaa.ee\/lv\/"},{"@type":"ListItem","position":2,"name":"Diena Lotes zem\u0113","item":"https:\/\/lottemaa.ee\/lv\/par-lotes-zemi\/"},{"@type":"ListItem","position":3,"name":"Izgudrot\u0101ju ciema iedz\u012bvot\u0101ji","item":"https:\/\/lottemaa.ee\/lv\/par-lotes-zemi\/izgudrotaju-ciema-iedzivotaji\/"},{"@type":"ListItem","position":4,"name":"Daktere Ave"}]},{"@type":"WebSite","@id":"https:\/\/lottemaa.ee\/#website","url":"https:\/\/lottemaa.ee\/","name":"Lottemaa Teemapark","description":"Baltimaade suurim ja k\u00f5ige \u00e4gedam kogupere teemapark Eestis P\u00e4rnumaal","publisher":{"@id":"https:\/\/lottemaa.ee\/#organization"},"potentialAction":[{"@type":"SearchAction","target":{"@type":"EntryPoint","urlTemplate":"https:\/\/lottemaa.ee\/?s={search_term_string}"},"query-input":{"@type":"PropertyValueSpecification","valueRequired":true,"valueName":"search_term_string"}}],"inLanguage":"lv-LV"},{"@type":"Organization","@id":"https:\/\/lottemaa.ee\/#organization","name":"Lottemaa Teemapark","url":"https:\/\/lottemaa.ee\/","logo":{"@type":"ImageObject","inLanguage":"lv-LV","@id":"https:\/\/lottemaa.ee\/#\/schema\/logo\/image\/","url":"https:\/\/lottemaa.ee\/wp-content\/uploads\/2018\/12\/Lottemaa_LOGO.png","contentUrl":"https:\/\/lottemaa.ee\/wp-content\/uploads\/2018\/12\/Lottemaa_LOGO.png","width":1024,"height":518,"caption":"Lottemaa Teemapark"},"image":{"@id":"https:\/\/lottemaa.ee\/#\/schema\/logo\/image\/"}}]}},"_links":{"self":[{"href":"https:\/\/lottemaa.ee\/lv\/wp-json\/wp\/v2\/pages\/1375","targetHints":{"allow":["GET"]}}],"collection":[{"href":"https:\/\/lottemaa.ee\/lv\/wp-json\/wp\/v2\/pages"}],"about":[{"href":"https:\/\/lottemaa.ee\/lv\/wp-json\/wp\/v2\/types\/page"}],"author":[{"embeddable":true,"href":"https:\/\/lottemaa.ee\/lv\/wp-json\/wp\/v2\/users\/1"}],"replies":[{"embeddable":true,"href":"https:\/\/lottemaa.ee\/lv\/wp-json\/wp\/v2\/comments?post=1375"}],"version-history":[{"count":2,"href":"https:\/\/lottemaa.ee\/lv\/wp-json\/wp\/v2\/pages\/1375\/revisions"}],"predecessor-version":[{"id":20640,"href":"https:\/\/lottemaa.ee\/lv\/wp-json\/wp\/v2\/pages\/1375\/revisions\/20640"}],"up":[{"embeddable":true,"href":"https:\/\/lottemaa.ee\/lv\/wp-json\/wp\/v2\/pages\/1338"}],"wp:featuredmedia":[{"embeddable":true,"href":"https:\/\/lottemaa.ee\/lv\/wp-json\/wp\/v2\/media\/1577"}],"wp:attachment":[{"href":"https:\/\/lottemaa.ee\/lv\/wp-json\/wp\/v2\/media?parent=1375"}],"curies":[{"name":"wp","href":"https:\/\/api.w.org\/{rel}","templated":true}]}}