{"id":1367,"date":"2016-05-16T21:02:12","date_gmt":"2016-05-16T18:02:12","guid":{"rendered":"http:\/\/sharks.ee\/lottemaa\/lv\/?page_id=1367"},"modified":"2023-02-16T11:51:25","modified_gmt":"2023-02-16T09:51:25","slug":"musa-jaks","status":"publish","type":"page","link":"https:\/\/lottemaa.ee\/lv\/par-mums\/izgudrotaju-ciema-iedzivotaji\/musa-jaks\/","title":{"rendered":"Mu\u0161a J\u0101ks"},"content":{"rendered":"<p style=\"text-align: left;\"><strong>Mu\u0161a J\u0101ks<\/strong>\u00a0p\u0113c sav\u0101m dom\u0101m ir Izgudrot\u0101ju ciema vissvar\u012bg\u0101k\u0101 persona. Vi\u0146a darbs ir no r\u012btiem pamodin\u0101t ciema iedz\u012bvot\u0101jus, bet vakar\u0101 vi\u0146us ieaij\u0101t sald\u0101 mieg\u0101. J\u0101ks savu darbu uztver \u013coti nopietni. Vi\u0146\u0161 saprot, ka tie, kas nakt\u012b k\u0101rt\u012bgi neatp\u016b\u0161as, n\u0101kamaj\u0101 dien\u0101 staig\u0101 apk\u0101rt ar sa\u012bgu\u0161u seju.<\/p>\n","protected":false},"excerpt":{"rendered":"<p>Mu\u0161a J\u0101ks\u00a0p\u0113c sav\u0101m dom\u0101m ir Izgudrot\u0101ju ciema vissvar\u012bg\u0101k\u0101 persona. Vi\u0146a darbs ir no r\u012btiem pamodin\u0101t ciema iedz\u012bvot\u0101jus, bet vakar\u0101 vi\u0146us ieaij\u0101t sald\u0101 mieg\u0101. J\u0101ks savu darbu uztver \u013coti nopietni. Vi\u0146\u0161 saprot, ka tie, kas nakt\u012b k\u0101rt\u012bgi neatp\u016b\u0161as, n\u0101kamaj\u0101 dien\u0101 staig\u0101 apk\u0101rt ar sa\u012bgu\u0161u seju.<\/p>\n","protected":false},"author":1,"featured_media":1562,"parent":1338,"menu_order":249,"comment_status":"closed","ping_status":"closed","template":"","meta":{"_acf_changed":false,"om_disable_all_campaigns":false,"_uf_show_specific_survey":0,"_uf_disable_surveys":false,"footnotes":""},"class_list":["post-1367","page","type-page","status-publish","has-post-thumbnail","hentry"],"acf":[],"yoast_head":"<!-- This site is optimized with the Yoast SEO plugin v25.5 - https:\/\/yoast.com\/wordpress\/plugins\/seo\/ -->\n<title>Mu\u0161a J\u0101ks | Lottemaa Teemapark<\/title>\n<meta name=\"description\" content=\"Mu\u0161a J\u0101ks\u00a0p\u0113c sav\u0101m dom\u0101m ir Izgudrot\u0101ju ciema vissvar\u012bg\u0101k\u0101 persona. Vi\u0146a darbs ir no r\u012btiem pamodin\u0101t ciema iedz\u012bvot\u0101jus, bet vakar\u0101 vi\u0146us ieaij\u0101t sald\u0101 mieg\u0101.\" \/>\n<meta name=\"robots\" content=\"index, follow, max-snippet:-1, max-image-preview:large, max-video-preview:-1\" \/>\n<link rel=\"canonical\" href=\"https:\/\/lottemaa.ee\/lv\/par-lotes-zemi\/izgudrotaju-ciema-iedzivotaji\/musa-jaks\/\" \/>\n<meta property=\"og:locale\" content=\"lv_LV\" \/>\n<meta property=\"og:type\" content=\"article\" \/>\n<meta property=\"og:title\" content=\"Mu\u0161a J\u0101ks | Lottemaa Teemapark\" \/>\n<meta property=\"og:description\" content=\"Mu\u0161a J\u0101ks\u00a0p\u0113c sav\u0101m dom\u0101m ir Izgudrot\u0101ju ciema vissvar\u012bg\u0101k\u0101 persona. Vi\u0146a darbs ir no r\u012btiem pamodin\u0101t ciema iedz\u012bvot\u0101jus, bet vakar\u0101 vi\u0146us ieaij\u0101t sald\u0101 mieg\u0101.\" \/>\n<meta property=\"og:url\" content=\"https:\/\/lottemaa.ee\/lv\/par-lotes-zemi\/izgudrotaju-ciema-iedzivotaji\/musa-jaks\/\" \/>\n<meta property=\"og:site_name\" content=\"Lottemaa Teemapark\" \/>\n<meta property=\"article:modified_time\" content=\"2023-02-16T09:51:25+00:00\" \/>\n<meta property=\"og:image\" content=\"https:\/\/lottemaa.ee\/wp-content\/uploads\/2016\/05\/lottemaa-jaak.jpg\" \/>\n\t<meta property=\"og:image:width\" content=\"316\" \/>\n\t<meta property=\"og:image:height\" content=\"177\" \/>\n\t<meta property=\"og:image:type\" content=\"image\/jpeg\" \/>\n<meta name=\"twitter:card\" content=\"summary_large_image\" \/>\n<meta name=\"twitter:label1\" content=\"Est. reading time\" \/>\n\t<meta name=\"twitter:data1\" content=\"1 min\u016b\u0161u\" \/>\n<script type=\"application\/ld+json\" class=\"yoast-schema-graph\">{\"@context\":\"https:\/\/schema.org\",\"@graph\":[{\"@type\":\"WebPage\",\"@id\":\"https:\/\/lottemaa.ee\/lv\/par-lotes-zemi\/izgudrotaju-ciema-iedzivotaji\/musa-jaks\/\",\"url\":\"https:\/\/lottemaa.ee\/lv\/par-lotes-zemi\/izgudrotaju-ciema-iedzivotaji\/musa-jaks\/\",\"name\":\"Mu\u0161a J\u0101ks | Lottemaa Teemapark\",\"isPartOf\":{\"@id\":\"https:\/\/lottemaa.ee\/#website\"},\"primaryImageOfPage\":{\"@id\":\"https:\/\/lottemaa.ee\/lv\/par-lotes-zemi\/izgudrotaju-ciema-iedzivotaji\/musa-jaks\/#primaryimage\"},\"image\":{\"@id\":\"https:\/\/lottemaa.ee\/lv\/par-lotes-zemi\/izgudrotaju-ciema-iedzivotaji\/musa-jaks\/#primaryimage\"},\"thumbnailUrl\":\"https:\/\/lottemaa.ee\/wp-content\/uploads\/2016\/05\/lottemaa-jaak.jpg\",\"datePublished\":\"2016-05-16T18:02:12+00:00\",\"dateModified\":\"2023-02-16T09:51:25+00:00\",\"description\":\"Mu\u0161a J\u0101ks\u00a0p\u0113c sav\u0101m dom\u0101m ir Izgudrot\u0101ju ciema vissvar\u012bg\u0101k\u0101 persona. Vi\u0146a darbs ir no r\u012btiem pamodin\u0101t ciema iedz\u012bvot\u0101jus, bet vakar\u0101 vi\u0146us ieaij\u0101t sald\u0101 mieg\u0101.\",\"breadcrumb\":{\"@id\":\"https:\/\/lottemaa.ee\/lv\/par-lotes-zemi\/izgudrotaju-ciema-iedzivotaji\/musa-jaks\/#breadcrumb\"},\"inLanguage\":\"lv-LV\",\"potentialAction\":[{\"@type\":\"ReadAction\",\"target\":[\"https:\/\/lottemaa.ee\/lv\/par-lotes-zemi\/izgudrotaju-ciema-iedzivotaji\/musa-jaks\/\"]}]},{\"@type\":\"ImageObject\",\"inLanguage\":\"lv-LV\",\"@id\":\"https:\/\/lottemaa.ee\/lv\/par-lotes-zemi\/izgudrotaju-ciema-iedzivotaji\/musa-jaks\/#primaryimage\",\"url\":\"https:\/\/lottemaa.ee\/wp-content\/uploads\/2016\/05\/lottemaa-jaak.jpg\",\"contentUrl\":\"https:\/\/lottemaa.ee\/wp-content\/uploads\/2016\/05\/lottemaa-jaak.jpg\",\"width\":316,\"height\":177},{\"@type\":\"BreadcrumbList\",\"@id\":\"https:\/\/lottemaa.ee\/lv\/par-lotes-zemi\/izgudrotaju-ciema-iedzivotaji\/musa-jaks\/#breadcrumb\",\"itemListElement\":[{\"@type\":\"ListItem\",\"position\":1,\"name\":\"Home\",\"item\":\"https:\/\/lottemaa.ee\/lv\/\"},{\"@type\":\"ListItem\",\"position\":2,\"name\":\"Diena Lotes zem\u0113\",\"item\":\"https:\/\/lottemaa.ee\/lv\/par-lotes-zemi\/\"},{\"@type\":\"ListItem\",\"position\":3,\"name\":\"Izgudrot\u0101ju ciema iedz\u012bvot\u0101ji\",\"item\":\"https:\/\/lottemaa.ee\/lv\/par-lotes-zemi\/izgudrotaju-ciema-iedzivotaji\/\"},{\"@type\":\"ListItem\",\"position\":4,\"name\":\"Mu\u0161a J\u0101ks\"}]},{\"@type\":\"WebSite\",\"@id\":\"https:\/\/lottemaa.ee\/#website\",\"url\":\"https:\/\/lottemaa.ee\/\",\"name\":\"Lottemaa Teemapark\",\"description\":\"Baltimaade suurim ja k\u00f5ige \u00e4gedam kogupere teemapark Eestis P\u00e4rnumaal\",\"publisher\":{\"@id\":\"https:\/\/lottemaa.ee\/#organization\"},\"potentialAction\":[{\"@type\":\"SearchAction\",\"target\":{\"@type\":\"EntryPoint\",\"urlTemplate\":\"https:\/\/lottemaa.ee\/?s={search_term_string}\"},\"query-input\":{\"@type\":\"PropertyValueSpecification\",\"valueRequired\":true,\"valueName\":\"search_term_string\"}}],\"inLanguage\":\"lv-LV\"},{\"@type\":\"Organization\",\"@id\":\"https:\/\/lottemaa.ee\/#organization\",\"name\":\"Lottemaa Teemapark\",\"url\":\"https:\/\/lottemaa.ee\/\",\"logo\":{\"@type\":\"ImageObject\",\"inLanguage\":\"lv-LV\",\"@id\":\"https:\/\/lottemaa.ee\/#\/schema\/logo\/image\/\",\"url\":\"https:\/\/lottemaa.ee\/wp-content\/uploads\/2018\/12\/Lottemaa_LOGO.png\",\"contentUrl\":\"https:\/\/lottemaa.ee\/wp-content\/uploads\/2018\/12\/Lottemaa_LOGO.png\",\"width\":1024,\"height\":518,\"caption\":\"Lottemaa Teemapark\"},\"image\":{\"@id\":\"https:\/\/lottemaa.ee\/#\/schema\/logo\/image\/\"}}]}<\/script>\n<!-- \/ Yoast SEO plugin. -->","yoast_head_json":{"title":"Mu\u0161a J\u0101ks | Lottemaa Teemapark","description":"Mu\u0161a J\u0101ks\u00a0p\u0113c sav\u0101m dom\u0101m ir Izgudrot\u0101ju ciema vissvar\u012bg\u0101k\u0101 persona. Vi\u0146a darbs ir no r\u012btiem pamodin\u0101t ciema iedz\u012bvot\u0101jus, bet vakar\u0101 vi\u0146us ieaij\u0101t sald\u0101 mieg\u0101.","robots":{"index":"index","follow":"follow","max-snippet":"max-snippet:-1","max-image-preview":"max-image-preview:large","max-video-preview":"max-video-preview:-1"},"canonical":"https:\/\/lottemaa.ee\/lv\/par-lotes-zemi\/izgudrotaju-ciema-iedzivotaji\/musa-jaks\/","og_locale":"lv_LV","og_type":"article","og_title":"Mu\u0161a J\u0101ks | Lottemaa Teemapark","og_description":"Mu\u0161a J\u0101ks\u00a0p\u0113c sav\u0101m dom\u0101m ir Izgudrot\u0101ju ciema vissvar\u012bg\u0101k\u0101 persona. Vi\u0146a darbs ir no r\u012btiem pamodin\u0101t ciema iedz\u012bvot\u0101jus, bet vakar\u0101 vi\u0146us ieaij\u0101t sald\u0101 mieg\u0101.","og_url":"https:\/\/lottemaa.ee\/lv\/par-lotes-zemi\/izgudrotaju-ciema-iedzivotaji\/musa-jaks\/","og_site_name":"Lottemaa Teemapark","article_modified_time":"2023-02-16T09:51:25+00:00","og_image":[{"width":316,"height":177,"url":"https:\/\/lottemaa.ee\/wp-content\/uploads\/2016\/05\/lottemaa-jaak.jpg","type":"image\/jpeg"}],"twitter_card":"summary_large_image","twitter_misc":{"Est. reading time":"1 min\u016b\u0161u"},"schema":{"@context":"https:\/\/schema.org","@graph":[{"@type":"WebPage","@id":"https:\/\/lottemaa.ee\/lv\/par-lotes-zemi\/izgudrotaju-ciema-iedzivotaji\/musa-jaks\/","url":"https:\/\/lottemaa.ee\/lv\/par-lotes-zemi\/izgudrotaju-ciema-iedzivotaji\/musa-jaks\/","name":"Mu\u0161a J\u0101ks | Lottemaa Teemapark","isPartOf":{"@id":"https:\/\/lottemaa.ee\/#website"},"primaryImageOfPage":{"@id":"https:\/\/lottemaa.ee\/lv\/par-lotes-zemi\/izgudrotaju-ciema-iedzivotaji\/musa-jaks\/#primaryimage"},"image":{"@id":"https:\/\/lottemaa.ee\/lv\/par-lotes-zemi\/izgudrotaju-ciema-iedzivotaji\/musa-jaks\/#primaryimage"},"thumbnailUrl":"https:\/\/lottemaa.ee\/wp-content\/uploads\/2016\/05\/lottemaa-jaak.jpg","datePublished":"2016-05-16T18:02:12+00:00","dateModified":"2023-02-16T09:51:25+00:00","description":"Mu\u0161a J\u0101ks\u00a0p\u0113c sav\u0101m dom\u0101m ir Izgudrot\u0101ju ciema vissvar\u012bg\u0101k\u0101 persona. Vi\u0146a darbs ir no r\u012btiem pamodin\u0101t ciema iedz\u012bvot\u0101jus, bet vakar\u0101 vi\u0146us ieaij\u0101t sald\u0101 mieg\u0101.","breadcrumb":{"@id":"https:\/\/lottemaa.ee\/lv\/par-lotes-zemi\/izgudrotaju-ciema-iedzivotaji\/musa-jaks\/#breadcrumb"},"inLanguage":"lv-LV","potentialAction":[{"@type":"ReadAction","target":["https:\/\/lottemaa.ee\/lv\/par-lotes-zemi\/izgudrotaju-ciema-iedzivotaji\/musa-jaks\/"]}]},{"@type":"ImageObject","inLanguage":"lv-LV","@id":"https:\/\/lottemaa.ee\/lv\/par-lotes-zemi\/izgudrotaju-ciema-iedzivotaji\/musa-jaks\/#primaryimage","url":"https:\/\/lottemaa.ee\/wp-content\/uploads\/2016\/05\/lottemaa-jaak.jpg","contentUrl":"https:\/\/lottemaa.ee\/wp-content\/uploads\/2016\/05\/lottemaa-jaak.jpg","width":316,"height":177},{"@type":"BreadcrumbList","@id":"https:\/\/lottemaa.ee\/lv\/par-lotes-zemi\/izgudrotaju-ciema-iedzivotaji\/musa-jaks\/#breadcrumb","itemListElement":[{"@type":"ListItem","position":1,"name":"Home","item":"https:\/\/lottemaa.ee\/lv\/"},{"@type":"ListItem","position":2,"name":"Diena Lotes zem\u0113","item":"https:\/\/lottemaa.ee\/lv\/par-lotes-zemi\/"},{"@type":"ListItem","position":3,"name":"Izgudrot\u0101ju ciema iedz\u012bvot\u0101ji","item":"https:\/\/lottemaa.ee\/lv\/par-lotes-zemi\/izgudrotaju-ciema-iedzivotaji\/"},{"@type":"ListItem","position":4,"name":"Mu\u0161a J\u0101ks"}]},{"@type":"WebSite","@id":"https:\/\/lottemaa.ee\/#website","url":"https:\/\/lottemaa.ee\/","name":"Lottemaa Teemapark","description":"Baltimaade suurim ja k\u00f5ige \u00e4gedam kogupere teemapark Eestis P\u00e4rnumaal","publisher":{"@id":"https:\/\/lottemaa.ee\/#organization"},"potentialAction":[{"@type":"SearchAction","target":{"@type":"EntryPoint","urlTemplate":"https:\/\/lottemaa.ee\/?s={search_term_string}"},"query-input":{"@type":"PropertyValueSpecification","valueRequired":true,"valueName":"search_term_string"}}],"inLanguage":"lv-LV"},{"@type":"Organization","@id":"https:\/\/lottemaa.ee\/#organization","name":"Lottemaa Teemapark","url":"https:\/\/lottemaa.ee\/","logo":{"@type":"ImageObject","inLanguage":"lv-LV","@id":"https:\/\/lottemaa.ee\/#\/schema\/logo\/image\/","url":"https:\/\/lottemaa.ee\/wp-content\/uploads\/2018\/12\/Lottemaa_LOGO.png","contentUrl":"https:\/\/lottemaa.ee\/wp-content\/uploads\/2018\/12\/Lottemaa_LOGO.png","width":1024,"height":518,"caption":"Lottemaa Teemapark"},"image":{"@id":"https:\/\/lottemaa.ee\/#\/schema\/logo\/image\/"}}]}},"_links":{"self":[{"href":"https:\/\/lottemaa.ee\/lv\/wp-json\/wp\/v2\/pages\/1367","targetHints":{"allow":["GET"]}}],"collection":[{"href":"https:\/\/lottemaa.ee\/lv\/wp-json\/wp\/v2\/pages"}],"about":[{"href":"https:\/\/lottemaa.ee\/lv\/wp-json\/wp\/v2\/types\/page"}],"author":[{"embeddable":true,"href":"https:\/\/lottemaa.ee\/lv\/wp-json\/wp\/v2\/users\/1"}],"replies":[{"embeddable":true,"href":"https:\/\/lottemaa.ee\/lv\/wp-json\/wp\/v2\/comments?post=1367"}],"version-history":[{"count":4,"href":"https:\/\/lottemaa.ee\/lv\/wp-json\/wp\/v2\/pages\/1367\/revisions"}],"predecessor-version":[{"id":20642,"href":"https:\/\/lottemaa.ee\/lv\/wp-json\/wp\/v2\/pages\/1367\/revisions\/20642"}],"up":[{"embeddable":true,"href":"https:\/\/lottemaa.ee\/lv\/wp-json\/wp\/v2\/pages\/1338"}],"wp:featuredmedia":[{"embeddable":true,"href":"https:\/\/lottemaa.ee\/lv\/wp-json\/wp\/v2\/media\/1562"}],"wp:attachment":[{"href":"https:\/\/lottemaa.ee\/lv\/wp-json\/wp\/v2\/media?parent=1367"}],"curies":[{"name":"wp","href":"https:\/\/api.w.org\/{rel}","templated":true}]}}