{"id":1357,"date":"2016-05-16T20:59:17","date_gmt":"2016-05-16T17:59:17","guid":{"rendered":"http:\/\/sharks.ee\/lottemaa\/lv\/?page_id=1357"},"modified":"2023-02-16T11:47:12","modified_gmt":"2023-02-16T09:47:12","slug":"zakis-adalberts","status":"publish","type":"page","link":"https:\/\/lottemaa.ee\/lv\/par-mums\/izgudrotaju-ciema-iedzivotaji\/zakis-adalberts\/","title":{"rendered":"Za\u0137is Adalberts"},"content":{"rendered":"<p style=\"text-align: left;\"><strong>Za\u0137is Adalberts<\/strong>, Alberta t\u0113tis, v\u0113las k\u013c\u016bt par visslaven\u0101ko izgudrot\u0101ju. T\u0101 vi\u0146\u0161 uzreiz k\u013c\u016btu par vissvar\u012bg\u0101ko za\u0137i Izgudrot\u0101ju ciem\u0101. Sava nemier\u012bg\u0101 un nepaciet\u012bg\u0101 rakstura d\u0113\u013c, Adalberts savus izgudrojumus k\u0101rt\u012bgi nep\u0101rdom\u0101 un t\u0101d\u0113\u013c ar\u012b cie\u0161 neveiksmes. Tom\u0113r Adalberts ir optimisma pilns un neveiksmes vi\u0146u neapst\u0101dina. Bie\u017ei vien vi\u0146\u0161 cer sasniegt savu m\u0113r\u0137i, izmantojot da\u017e\u0101dus trikus.<\/p>\n","protected":false},"excerpt":{"rendered":"<p>Za\u0137is Adalberts, Alberta t\u0113tis, v\u0113las k\u013c\u016bt par visslaven\u0101ko izgudrot\u0101ju. T\u0101 vi\u0146\u0161 uzreiz k\u013c\u016btu par vissvar\u012bg\u0101ko za\u0137i Izgudrot\u0101ju ciem\u0101. Sava nemier\u012bg\u0101 un nepaciet\u012bg\u0101 rakstura d\u0113\u013c, Adalberts savus izgudrojumus k\u0101rt\u012bgi nep\u0101rdom\u0101 un t\u0101d\u0113\u013c ar\u012b cie\u0161 neveiksmes. Tom\u0113r Adalberts ir optimisma pilns un neveiksmes vi\u0146u neapst\u0101dina. Bie\u017ei vien vi\u0146\u0161 cer sasniegt savu m\u0113r\u0137i, izmantojot da\u017e\u0101dus trikus.<\/p>\n","protected":false},"author":1,"featured_media":1542,"parent":1338,"menu_order":199,"comment_status":"closed","ping_status":"closed","template":"","meta":{"_acf_changed":false,"om_disable_all_campaigns":false,"_uf_show_specific_survey":0,"_uf_disable_surveys":false,"footnotes":""},"class_list":["post-1357","page","type-page","status-publish","has-post-thumbnail","hentry"],"acf":[],"yoast_head":"<!-- This site is optimized with the Yoast SEO plugin v25.5 - https:\/\/yoast.com\/wordpress\/plugins\/seo\/ -->\n<title>Za\u0137is Adalberts | Lottemaa Teemapark<\/title>\n<meta name=\"description\" content=\"Za\u0137is Adalberts, Alberta t\u0113tis, v\u0113las k\u013c\u016bt par visslaven\u0101ko izgudrot\u0101ju. T\u0101 vi\u0146\u0161 uzreiz k\u013c\u016btu par vissvar\u012bg\u0101ko za\u0137i Izgudrot\u0101ju ciem\u0101.\" \/>\n<meta name=\"robots\" content=\"index, follow, max-snippet:-1, max-image-preview:large, max-video-preview:-1\" \/>\n<link rel=\"canonical\" href=\"https:\/\/lottemaa.ee\/lv\/par-lotes-zemi\/izgudrotaju-ciema-iedzivotaji\/zakis-adalberts\/\" \/>\n<meta property=\"og:locale\" content=\"lv_LV\" \/>\n<meta property=\"og:type\" content=\"article\" \/>\n<meta property=\"og:title\" content=\"Za\u0137is Adalberts | Lottemaa Teemapark\" \/>\n<meta property=\"og:description\" content=\"Za\u0137is Adalberts, Alberta t\u0113tis, v\u0113las k\u013c\u016bt par visslaven\u0101ko izgudrot\u0101ju. T\u0101 vi\u0146\u0161 uzreiz k\u013c\u016btu par vissvar\u012bg\u0101ko za\u0137i Izgudrot\u0101ju ciem\u0101.\" \/>\n<meta property=\"og:url\" content=\"https:\/\/lottemaa.ee\/lv\/par-lotes-zemi\/izgudrotaju-ciema-iedzivotaji\/zakis-adalberts\/\" \/>\n<meta property=\"og:site_name\" content=\"Lottemaa Teemapark\" \/>\n<meta property=\"article:modified_time\" content=\"2023-02-16T09:47:12+00:00\" \/>\n<meta property=\"og:image\" content=\"https:\/\/lottemaa.ee\/wp-content\/uploads\/2016\/05\/lottemaa-adalbert.jpg\" \/>\n\t<meta property=\"og:image:width\" content=\"316\" \/>\n\t<meta property=\"og:image:height\" content=\"177\" \/>\n\t<meta property=\"og:image:type\" content=\"image\/jpeg\" \/>\n<meta name=\"twitter:card\" content=\"summary_large_image\" \/>\n<meta name=\"twitter:label1\" content=\"Est. reading time\" \/>\n\t<meta name=\"twitter:data1\" content=\"1 min\u016b\u0161u\" \/>\n<script type=\"application\/ld+json\" class=\"yoast-schema-graph\">{\"@context\":\"https:\/\/schema.org\",\"@graph\":[{\"@type\":\"WebPage\",\"@id\":\"https:\/\/lottemaa.ee\/lv\/par-lotes-zemi\/izgudrotaju-ciema-iedzivotaji\/zakis-adalberts\/\",\"url\":\"https:\/\/lottemaa.ee\/lv\/par-lotes-zemi\/izgudrotaju-ciema-iedzivotaji\/zakis-adalberts\/\",\"name\":\"Za\u0137is Adalberts | Lottemaa Teemapark\",\"isPartOf\":{\"@id\":\"https:\/\/lottemaa.ee\/#website\"},\"primaryImageOfPage\":{\"@id\":\"https:\/\/lottemaa.ee\/lv\/par-lotes-zemi\/izgudrotaju-ciema-iedzivotaji\/zakis-adalberts\/#primaryimage\"},\"image\":{\"@id\":\"https:\/\/lottemaa.ee\/lv\/par-lotes-zemi\/izgudrotaju-ciema-iedzivotaji\/zakis-adalberts\/#primaryimage\"},\"thumbnailUrl\":\"https:\/\/lottemaa.ee\/wp-content\/uploads\/2016\/05\/lottemaa-adalbert.jpg\",\"datePublished\":\"2016-05-16T17:59:17+00:00\",\"dateModified\":\"2023-02-16T09:47:12+00:00\",\"description\":\"Za\u0137is Adalberts, Alberta t\u0113tis, v\u0113las k\u013c\u016bt par visslaven\u0101ko izgudrot\u0101ju. T\u0101 vi\u0146\u0161 uzreiz k\u013c\u016btu par vissvar\u012bg\u0101ko za\u0137i Izgudrot\u0101ju ciem\u0101.\",\"breadcrumb\":{\"@id\":\"https:\/\/lottemaa.ee\/lv\/par-lotes-zemi\/izgudrotaju-ciema-iedzivotaji\/zakis-adalberts\/#breadcrumb\"},\"inLanguage\":\"lv-LV\",\"potentialAction\":[{\"@type\":\"ReadAction\",\"target\":[\"https:\/\/lottemaa.ee\/lv\/par-lotes-zemi\/izgudrotaju-ciema-iedzivotaji\/zakis-adalberts\/\"]}]},{\"@type\":\"ImageObject\",\"inLanguage\":\"lv-LV\",\"@id\":\"https:\/\/lottemaa.ee\/lv\/par-lotes-zemi\/izgudrotaju-ciema-iedzivotaji\/zakis-adalberts\/#primaryimage\",\"url\":\"https:\/\/lottemaa.ee\/wp-content\/uploads\/2016\/05\/lottemaa-adalbert.jpg\",\"contentUrl\":\"https:\/\/lottemaa.ee\/wp-content\/uploads\/2016\/05\/lottemaa-adalbert.jpg\",\"width\":316,\"height\":177},{\"@type\":\"BreadcrumbList\",\"@id\":\"https:\/\/lottemaa.ee\/lv\/par-lotes-zemi\/izgudrotaju-ciema-iedzivotaji\/zakis-adalberts\/#breadcrumb\",\"itemListElement\":[{\"@type\":\"ListItem\",\"position\":1,\"name\":\"Home\",\"item\":\"https:\/\/lottemaa.ee\/lv\/\"},{\"@type\":\"ListItem\",\"position\":2,\"name\":\"Diena Lotes zem\u0113\",\"item\":\"https:\/\/lottemaa.ee\/lv\/par-lotes-zemi\/\"},{\"@type\":\"ListItem\",\"position\":3,\"name\":\"Izgudrot\u0101ju ciema iedz\u012bvot\u0101ji\",\"item\":\"https:\/\/lottemaa.ee\/lv\/par-lotes-zemi\/izgudrotaju-ciema-iedzivotaji\/\"},{\"@type\":\"ListItem\",\"position\":4,\"name\":\"Za\u0137is Adalberts\"}]},{\"@type\":\"WebSite\",\"@id\":\"https:\/\/lottemaa.ee\/#website\",\"url\":\"https:\/\/lottemaa.ee\/\",\"name\":\"Lottemaa Teemapark\",\"description\":\"Baltimaade suurim ja k\u00f5ige \u00e4gedam kogupere teemapark Eestis P\u00e4rnumaal\",\"publisher\":{\"@id\":\"https:\/\/lottemaa.ee\/#organization\"},\"potentialAction\":[{\"@type\":\"SearchAction\",\"target\":{\"@type\":\"EntryPoint\",\"urlTemplate\":\"https:\/\/lottemaa.ee\/?s={search_term_string}\"},\"query-input\":{\"@type\":\"PropertyValueSpecification\",\"valueRequired\":true,\"valueName\":\"search_term_string\"}}],\"inLanguage\":\"lv-LV\"},{\"@type\":\"Organization\",\"@id\":\"https:\/\/lottemaa.ee\/#organization\",\"name\":\"Lottemaa Teemapark\",\"url\":\"https:\/\/lottemaa.ee\/\",\"logo\":{\"@type\":\"ImageObject\",\"inLanguage\":\"lv-LV\",\"@id\":\"https:\/\/lottemaa.ee\/#\/schema\/logo\/image\/\",\"url\":\"https:\/\/lottemaa.ee\/wp-content\/uploads\/2018\/12\/Lottemaa_LOGO.png\",\"contentUrl\":\"https:\/\/lottemaa.ee\/wp-content\/uploads\/2018\/12\/Lottemaa_LOGO.png\",\"width\":1024,\"height\":518,\"caption\":\"Lottemaa Teemapark\"},\"image\":{\"@id\":\"https:\/\/lottemaa.ee\/#\/schema\/logo\/image\/\"}}]}<\/script>\n<!-- \/ Yoast SEO plugin. -->","yoast_head_json":{"title":"Za\u0137is Adalberts | Lottemaa Teemapark","description":"Za\u0137is Adalberts, Alberta t\u0113tis, v\u0113las k\u013c\u016bt par visslaven\u0101ko izgudrot\u0101ju. T\u0101 vi\u0146\u0161 uzreiz k\u013c\u016btu par vissvar\u012bg\u0101ko za\u0137i Izgudrot\u0101ju ciem\u0101.","robots":{"index":"index","follow":"follow","max-snippet":"max-snippet:-1","max-image-preview":"max-image-preview:large","max-video-preview":"max-video-preview:-1"},"canonical":"https:\/\/lottemaa.ee\/lv\/par-lotes-zemi\/izgudrotaju-ciema-iedzivotaji\/zakis-adalberts\/","og_locale":"lv_LV","og_type":"article","og_title":"Za\u0137is Adalberts | Lottemaa Teemapark","og_description":"Za\u0137is Adalberts, Alberta t\u0113tis, v\u0113las k\u013c\u016bt par visslaven\u0101ko izgudrot\u0101ju. T\u0101 vi\u0146\u0161 uzreiz k\u013c\u016btu par vissvar\u012bg\u0101ko za\u0137i Izgudrot\u0101ju ciem\u0101.","og_url":"https:\/\/lottemaa.ee\/lv\/par-lotes-zemi\/izgudrotaju-ciema-iedzivotaji\/zakis-adalberts\/","og_site_name":"Lottemaa Teemapark","article_modified_time":"2023-02-16T09:47:12+00:00","og_image":[{"width":316,"height":177,"url":"https:\/\/lottemaa.ee\/wp-content\/uploads\/2016\/05\/lottemaa-adalbert.jpg","type":"image\/jpeg"}],"twitter_card":"summary_large_image","twitter_misc":{"Est. reading time":"1 min\u016b\u0161u"},"schema":{"@context":"https:\/\/schema.org","@graph":[{"@type":"WebPage","@id":"https:\/\/lottemaa.ee\/lv\/par-lotes-zemi\/izgudrotaju-ciema-iedzivotaji\/zakis-adalberts\/","url":"https:\/\/lottemaa.ee\/lv\/par-lotes-zemi\/izgudrotaju-ciema-iedzivotaji\/zakis-adalberts\/","name":"Za\u0137is Adalberts | Lottemaa Teemapark","isPartOf":{"@id":"https:\/\/lottemaa.ee\/#website"},"primaryImageOfPage":{"@id":"https:\/\/lottemaa.ee\/lv\/par-lotes-zemi\/izgudrotaju-ciema-iedzivotaji\/zakis-adalberts\/#primaryimage"},"image":{"@id":"https:\/\/lottemaa.ee\/lv\/par-lotes-zemi\/izgudrotaju-ciema-iedzivotaji\/zakis-adalberts\/#primaryimage"},"thumbnailUrl":"https:\/\/lottemaa.ee\/wp-content\/uploads\/2016\/05\/lottemaa-adalbert.jpg","datePublished":"2016-05-16T17:59:17+00:00","dateModified":"2023-02-16T09:47:12+00:00","description":"Za\u0137is Adalberts, Alberta t\u0113tis, v\u0113las k\u013c\u016bt par visslaven\u0101ko izgudrot\u0101ju. T\u0101 vi\u0146\u0161 uzreiz k\u013c\u016btu par vissvar\u012bg\u0101ko za\u0137i Izgudrot\u0101ju ciem\u0101.","breadcrumb":{"@id":"https:\/\/lottemaa.ee\/lv\/par-lotes-zemi\/izgudrotaju-ciema-iedzivotaji\/zakis-adalberts\/#breadcrumb"},"inLanguage":"lv-LV","potentialAction":[{"@type":"ReadAction","target":["https:\/\/lottemaa.ee\/lv\/par-lotes-zemi\/izgudrotaju-ciema-iedzivotaji\/zakis-adalberts\/"]}]},{"@type":"ImageObject","inLanguage":"lv-LV","@id":"https:\/\/lottemaa.ee\/lv\/par-lotes-zemi\/izgudrotaju-ciema-iedzivotaji\/zakis-adalberts\/#primaryimage","url":"https:\/\/lottemaa.ee\/wp-content\/uploads\/2016\/05\/lottemaa-adalbert.jpg","contentUrl":"https:\/\/lottemaa.ee\/wp-content\/uploads\/2016\/05\/lottemaa-adalbert.jpg","width":316,"height":177},{"@type":"BreadcrumbList","@id":"https:\/\/lottemaa.ee\/lv\/par-lotes-zemi\/izgudrotaju-ciema-iedzivotaji\/zakis-adalberts\/#breadcrumb","itemListElement":[{"@type":"ListItem","position":1,"name":"Home","item":"https:\/\/lottemaa.ee\/lv\/"},{"@type":"ListItem","position":2,"name":"Diena Lotes zem\u0113","item":"https:\/\/lottemaa.ee\/lv\/par-lotes-zemi\/"},{"@type":"ListItem","position":3,"name":"Izgudrot\u0101ju ciema iedz\u012bvot\u0101ji","item":"https:\/\/lottemaa.ee\/lv\/par-lotes-zemi\/izgudrotaju-ciema-iedzivotaji\/"},{"@type":"ListItem","position":4,"name":"Za\u0137is Adalberts"}]},{"@type":"WebSite","@id":"https:\/\/lottemaa.ee\/#website","url":"https:\/\/lottemaa.ee\/","name":"Lottemaa Teemapark","description":"Baltimaade suurim ja k\u00f5ige \u00e4gedam kogupere teemapark Eestis P\u00e4rnumaal","publisher":{"@id":"https:\/\/lottemaa.ee\/#organization"},"potentialAction":[{"@type":"SearchAction","target":{"@type":"EntryPoint","urlTemplate":"https:\/\/lottemaa.ee\/?s={search_term_string}"},"query-input":{"@type":"PropertyValueSpecification","valueRequired":true,"valueName":"search_term_string"}}],"inLanguage":"lv-LV"},{"@type":"Organization","@id":"https:\/\/lottemaa.ee\/#organization","name":"Lottemaa Teemapark","url":"https:\/\/lottemaa.ee\/","logo":{"@type":"ImageObject","inLanguage":"lv-LV","@id":"https:\/\/lottemaa.ee\/#\/schema\/logo\/image\/","url":"https:\/\/lottemaa.ee\/wp-content\/uploads\/2018\/12\/Lottemaa_LOGO.png","contentUrl":"https:\/\/lottemaa.ee\/wp-content\/uploads\/2018\/12\/Lottemaa_LOGO.png","width":1024,"height":518,"caption":"Lottemaa Teemapark"},"image":{"@id":"https:\/\/lottemaa.ee\/#\/schema\/logo\/image\/"}}]}},"_links":{"self":[{"href":"https:\/\/lottemaa.ee\/lv\/wp-json\/wp\/v2\/pages\/1357","targetHints":{"allow":["GET"]}}],"collection":[{"href":"https:\/\/lottemaa.ee\/lv\/wp-json\/wp\/v2\/pages"}],"about":[{"href":"https:\/\/lottemaa.ee\/lv\/wp-json\/wp\/v2\/types\/page"}],"author":[{"embeddable":true,"href":"https:\/\/lottemaa.ee\/lv\/wp-json\/wp\/v2\/users\/1"}],"replies":[{"embeddable":true,"href":"https:\/\/lottemaa.ee\/lv\/wp-json\/wp\/v2\/comments?post=1357"}],"version-history":[{"count":3,"href":"https:\/\/lottemaa.ee\/lv\/wp-json\/wp\/v2\/pages\/1357\/revisions"}],"predecessor-version":[{"id":20638,"href":"https:\/\/lottemaa.ee\/lv\/wp-json\/wp\/v2\/pages\/1357\/revisions\/20638"}],"up":[{"embeddable":true,"href":"https:\/\/lottemaa.ee\/lv\/wp-json\/wp\/v2\/pages\/1338"}],"wp:featuredmedia":[{"embeddable":true,"href":"https:\/\/lottemaa.ee\/lv\/wp-json\/wp\/v2\/media\/1542"}],"wp:attachment":[{"href":"https:\/\/lottemaa.ee\/lv\/wp-json\/wp\/v2\/media?parent=1357"}],"curies":[{"name":"wp","href":"https:\/\/api.w.org\/{rel}","templated":true}]}}