{"id":1355,"date":"2016-05-16T20:58:49","date_gmt":"2016-05-16T17:58:49","guid":{"rendered":"http:\/\/sharks.ee\/lottemaa\/lv\/?page_id=1355"},"modified":"2023-02-16T11:44:43","modified_gmt":"2023-02-16T09:44:43","slug":"bruno-mamma-paula","status":"publish","type":"page","link":"https:\/\/lottemaa.ee\/lv\/par-mums\/izgudrotaju-ciema-iedzivotaji\/bruno-mamma-paula\/","title":{"rendered":"Bruno mamma Paula"},"content":{"rendered":"<p style=\"text-align: left;\"><strong>Bruno mamma Paula<\/strong>\u00a0jaun\u012bb\u0101 ir nodarbojusies ar m\u016bziku. T\u0101p\u0113c vi\u0146a sap\u0146o, ka Bruno var\u0113tu k\u013c\u016bt par slavenu m\u016bzi\u0137i. Pret sportu Paula attiecas piesardz\u012bgi, vi\u0146a nev\u0113las, lai Bruno dotos Mati p\u0113d\u0101s un s\u0101ktu ar veseri lidot apk\u0101rt pasaulei.<\/p>\n","protected":false},"excerpt":{"rendered":"<p>Bruno mamma Paula\u00a0jaun\u012bb\u0101 ir nodarbojusies ar m\u016bziku. T\u0101p\u0113c vi\u0146a sap\u0146o, ka Bruno var\u0113tu k\u013c\u016bt par slavenu m\u016bzi\u0137i. Pret sportu Paula attiecas piesardz\u012bgi, vi\u0146a nev\u0113las, lai Bruno dotos Mati p\u0113d\u0101s un s\u0101ktu ar veseri lidot apk\u0101rt pasaulei.<\/p>\n","protected":false},"author":1,"featured_media":1593,"parent":1338,"menu_order":195,"comment_status":"closed","ping_status":"closed","template":"","meta":{"_acf_changed":false,"om_disable_all_campaigns":false,"_uf_show_specific_survey":0,"_uf_disable_surveys":false,"footnotes":""},"class_list":["post-1355","page","type-page","status-publish","has-post-thumbnail","hentry"],"acf":[],"yoast_head":"<!-- This site is optimized with the Yoast SEO plugin v25.5 - https:\/\/yoast.com\/wordpress\/plugins\/seo\/ -->\n<title>Bruno mamma Paula | Lottemaa Teemapark<\/title>\n<meta name=\"description\" content=\"Bruno mamma Paula\u00a0jaun\u012bb\u0101 ir nodarbojusies ar m\u016bziku. T\u0101p\u0113c vi\u0146a sap\u0146o, ka Bruno var\u0113tu k\u013c\u016bt par slavenu m\u016bzi\u0137i.\" \/>\n<meta name=\"robots\" content=\"index, follow, max-snippet:-1, max-image-preview:large, max-video-preview:-1\" \/>\n<link rel=\"canonical\" href=\"https:\/\/lottemaa.ee\/lv\/par-lotes-zemi\/izgudrotaju-ciema-iedzivotaji\/bruno-mamma-paula\/\" \/>\n<meta property=\"og:locale\" content=\"lv_LV\" \/>\n<meta property=\"og:type\" content=\"article\" \/>\n<meta property=\"og:title\" content=\"Bruno mamma Paula | Lottemaa Teemapark\" \/>\n<meta property=\"og:description\" content=\"Bruno mamma Paula\u00a0jaun\u012bb\u0101 ir nodarbojusies ar m\u016bziku. T\u0101p\u0113c vi\u0146a sap\u0146o, ka Bruno var\u0113tu k\u013c\u016bt par slavenu m\u016bzi\u0137i.\" \/>\n<meta property=\"og:url\" content=\"https:\/\/lottemaa.ee\/lv\/par-lotes-zemi\/izgudrotaju-ciema-iedzivotaji\/bruno-mamma-paula\/\" \/>\n<meta property=\"og:site_name\" content=\"Lottemaa Teemapark\" \/>\n<meta property=\"article:modified_time\" content=\"2023-02-16T09:44:43+00:00\" \/>\n<meta property=\"og:image\" content=\"https:\/\/lottemaa.ee\/wp-content\/uploads\/2016\/05\/lottemaa-mati-paula-1.jpg\" \/>\n\t<meta property=\"og:image:width\" content=\"316\" \/>\n\t<meta property=\"og:image:height\" content=\"177\" \/>\n\t<meta property=\"og:image:type\" content=\"image\/jpeg\" \/>\n<meta name=\"twitter:card\" content=\"summary_large_image\" \/>\n<meta name=\"twitter:label1\" content=\"Est. reading time\" \/>\n\t<meta name=\"twitter:data1\" content=\"1 min\u016b\u0161u\" \/>\n<script type=\"application\/ld+json\" class=\"yoast-schema-graph\">{\"@context\":\"https:\/\/schema.org\",\"@graph\":[{\"@type\":\"WebPage\",\"@id\":\"https:\/\/lottemaa.ee\/lv\/par-lotes-zemi\/izgudrotaju-ciema-iedzivotaji\/bruno-mamma-paula\/\",\"url\":\"https:\/\/lottemaa.ee\/lv\/par-lotes-zemi\/izgudrotaju-ciema-iedzivotaji\/bruno-mamma-paula\/\",\"name\":\"Bruno mamma Paula | Lottemaa Teemapark\",\"isPartOf\":{\"@id\":\"https:\/\/lottemaa.ee\/#website\"},\"primaryImageOfPage\":{\"@id\":\"https:\/\/lottemaa.ee\/lv\/par-lotes-zemi\/izgudrotaju-ciema-iedzivotaji\/bruno-mamma-paula\/#primaryimage\"},\"image\":{\"@id\":\"https:\/\/lottemaa.ee\/lv\/par-lotes-zemi\/izgudrotaju-ciema-iedzivotaji\/bruno-mamma-paula\/#primaryimage\"},\"thumbnailUrl\":\"https:\/\/lottemaa.ee\/wp-content\/uploads\/2016\/05\/lottemaa-mati-paula-1.jpg\",\"datePublished\":\"2016-05-16T17:58:49+00:00\",\"dateModified\":\"2023-02-16T09:44:43+00:00\",\"description\":\"Bruno mamma Paula\u00a0jaun\u012bb\u0101 ir nodarbojusies ar m\u016bziku. T\u0101p\u0113c vi\u0146a sap\u0146o, ka Bruno var\u0113tu k\u013c\u016bt par slavenu m\u016bzi\u0137i.\",\"breadcrumb\":{\"@id\":\"https:\/\/lottemaa.ee\/lv\/par-lotes-zemi\/izgudrotaju-ciema-iedzivotaji\/bruno-mamma-paula\/#breadcrumb\"},\"inLanguage\":\"lv-LV\",\"potentialAction\":[{\"@type\":\"ReadAction\",\"target\":[\"https:\/\/lottemaa.ee\/lv\/par-lotes-zemi\/izgudrotaju-ciema-iedzivotaji\/bruno-mamma-paula\/\"]}]},{\"@type\":\"ImageObject\",\"inLanguage\":\"lv-LV\",\"@id\":\"https:\/\/lottemaa.ee\/lv\/par-lotes-zemi\/izgudrotaju-ciema-iedzivotaji\/bruno-mamma-paula\/#primaryimage\",\"url\":\"https:\/\/lottemaa.ee\/wp-content\/uploads\/2016\/05\/lottemaa-mati-paula-1.jpg\",\"contentUrl\":\"https:\/\/lottemaa.ee\/wp-content\/uploads\/2016\/05\/lottemaa-mati-paula-1.jpg\",\"width\":316,\"height\":177},{\"@type\":\"BreadcrumbList\",\"@id\":\"https:\/\/lottemaa.ee\/lv\/par-lotes-zemi\/izgudrotaju-ciema-iedzivotaji\/bruno-mamma-paula\/#breadcrumb\",\"itemListElement\":[{\"@type\":\"ListItem\",\"position\":1,\"name\":\"Home\",\"item\":\"https:\/\/lottemaa.ee\/lv\/\"},{\"@type\":\"ListItem\",\"position\":2,\"name\":\"Diena Lotes zem\u0113\",\"item\":\"https:\/\/lottemaa.ee\/lv\/par-lotes-zemi\/\"},{\"@type\":\"ListItem\",\"position\":3,\"name\":\"Izgudrot\u0101ju ciema iedz\u012bvot\u0101ji\",\"item\":\"https:\/\/lottemaa.ee\/lv\/par-lotes-zemi\/izgudrotaju-ciema-iedzivotaji\/\"},{\"@type\":\"ListItem\",\"position\":4,\"name\":\"Bruno mamma Paula\"}]},{\"@type\":\"WebSite\",\"@id\":\"https:\/\/lottemaa.ee\/#website\",\"url\":\"https:\/\/lottemaa.ee\/\",\"name\":\"Lottemaa Teemapark\",\"description\":\"Baltimaade suurim ja k\u00f5ige \u00e4gedam kogupere teemapark Eestis P\u00e4rnumaal\",\"publisher\":{\"@id\":\"https:\/\/lottemaa.ee\/#organization\"},\"potentialAction\":[{\"@type\":\"SearchAction\",\"target\":{\"@type\":\"EntryPoint\",\"urlTemplate\":\"https:\/\/lottemaa.ee\/?s={search_term_string}\"},\"query-input\":{\"@type\":\"PropertyValueSpecification\",\"valueRequired\":true,\"valueName\":\"search_term_string\"}}],\"inLanguage\":\"lv-LV\"},{\"@type\":\"Organization\",\"@id\":\"https:\/\/lottemaa.ee\/#organization\",\"name\":\"Lottemaa Teemapark\",\"url\":\"https:\/\/lottemaa.ee\/\",\"logo\":{\"@type\":\"ImageObject\",\"inLanguage\":\"lv-LV\",\"@id\":\"https:\/\/lottemaa.ee\/#\/schema\/logo\/image\/\",\"url\":\"https:\/\/lottemaa.ee\/wp-content\/uploads\/2018\/12\/Lottemaa_LOGO.png\",\"contentUrl\":\"https:\/\/lottemaa.ee\/wp-content\/uploads\/2018\/12\/Lottemaa_LOGO.png\",\"width\":1024,\"height\":518,\"caption\":\"Lottemaa Teemapark\"},\"image\":{\"@id\":\"https:\/\/lottemaa.ee\/#\/schema\/logo\/image\/\"}}]}<\/script>\n<!-- \/ Yoast SEO plugin. -->","yoast_head_json":{"title":"Bruno mamma Paula | Lottemaa Teemapark","description":"Bruno mamma Paula\u00a0jaun\u012bb\u0101 ir nodarbojusies ar m\u016bziku. T\u0101p\u0113c vi\u0146a sap\u0146o, ka Bruno var\u0113tu k\u013c\u016bt par slavenu m\u016bzi\u0137i.","robots":{"index":"index","follow":"follow","max-snippet":"max-snippet:-1","max-image-preview":"max-image-preview:large","max-video-preview":"max-video-preview:-1"},"canonical":"https:\/\/lottemaa.ee\/lv\/par-lotes-zemi\/izgudrotaju-ciema-iedzivotaji\/bruno-mamma-paula\/","og_locale":"lv_LV","og_type":"article","og_title":"Bruno mamma Paula | Lottemaa Teemapark","og_description":"Bruno mamma Paula\u00a0jaun\u012bb\u0101 ir nodarbojusies ar m\u016bziku. T\u0101p\u0113c vi\u0146a sap\u0146o, ka Bruno var\u0113tu k\u013c\u016bt par slavenu m\u016bzi\u0137i.","og_url":"https:\/\/lottemaa.ee\/lv\/par-lotes-zemi\/izgudrotaju-ciema-iedzivotaji\/bruno-mamma-paula\/","og_site_name":"Lottemaa Teemapark","article_modified_time":"2023-02-16T09:44:43+00:00","og_image":[{"width":316,"height":177,"url":"https:\/\/lottemaa.ee\/wp-content\/uploads\/2016\/05\/lottemaa-mati-paula-1.jpg","type":"image\/jpeg"}],"twitter_card":"summary_large_image","twitter_misc":{"Est. reading time":"1 min\u016b\u0161u"},"schema":{"@context":"https:\/\/schema.org","@graph":[{"@type":"WebPage","@id":"https:\/\/lottemaa.ee\/lv\/par-lotes-zemi\/izgudrotaju-ciema-iedzivotaji\/bruno-mamma-paula\/","url":"https:\/\/lottemaa.ee\/lv\/par-lotes-zemi\/izgudrotaju-ciema-iedzivotaji\/bruno-mamma-paula\/","name":"Bruno mamma Paula | Lottemaa Teemapark","isPartOf":{"@id":"https:\/\/lottemaa.ee\/#website"},"primaryImageOfPage":{"@id":"https:\/\/lottemaa.ee\/lv\/par-lotes-zemi\/izgudrotaju-ciema-iedzivotaji\/bruno-mamma-paula\/#primaryimage"},"image":{"@id":"https:\/\/lottemaa.ee\/lv\/par-lotes-zemi\/izgudrotaju-ciema-iedzivotaji\/bruno-mamma-paula\/#primaryimage"},"thumbnailUrl":"https:\/\/lottemaa.ee\/wp-content\/uploads\/2016\/05\/lottemaa-mati-paula-1.jpg","datePublished":"2016-05-16T17:58:49+00:00","dateModified":"2023-02-16T09:44:43+00:00","description":"Bruno mamma Paula\u00a0jaun\u012bb\u0101 ir nodarbojusies ar m\u016bziku. T\u0101p\u0113c vi\u0146a sap\u0146o, ka Bruno var\u0113tu k\u013c\u016bt par slavenu m\u016bzi\u0137i.","breadcrumb":{"@id":"https:\/\/lottemaa.ee\/lv\/par-lotes-zemi\/izgudrotaju-ciema-iedzivotaji\/bruno-mamma-paula\/#breadcrumb"},"inLanguage":"lv-LV","potentialAction":[{"@type":"ReadAction","target":["https:\/\/lottemaa.ee\/lv\/par-lotes-zemi\/izgudrotaju-ciema-iedzivotaji\/bruno-mamma-paula\/"]}]},{"@type":"ImageObject","inLanguage":"lv-LV","@id":"https:\/\/lottemaa.ee\/lv\/par-lotes-zemi\/izgudrotaju-ciema-iedzivotaji\/bruno-mamma-paula\/#primaryimage","url":"https:\/\/lottemaa.ee\/wp-content\/uploads\/2016\/05\/lottemaa-mati-paula-1.jpg","contentUrl":"https:\/\/lottemaa.ee\/wp-content\/uploads\/2016\/05\/lottemaa-mati-paula-1.jpg","width":316,"height":177},{"@type":"BreadcrumbList","@id":"https:\/\/lottemaa.ee\/lv\/par-lotes-zemi\/izgudrotaju-ciema-iedzivotaji\/bruno-mamma-paula\/#breadcrumb","itemListElement":[{"@type":"ListItem","position":1,"name":"Home","item":"https:\/\/lottemaa.ee\/lv\/"},{"@type":"ListItem","position":2,"name":"Diena Lotes zem\u0113","item":"https:\/\/lottemaa.ee\/lv\/par-lotes-zemi\/"},{"@type":"ListItem","position":3,"name":"Izgudrot\u0101ju ciema iedz\u012bvot\u0101ji","item":"https:\/\/lottemaa.ee\/lv\/par-lotes-zemi\/izgudrotaju-ciema-iedzivotaji\/"},{"@type":"ListItem","position":4,"name":"Bruno mamma Paula"}]},{"@type":"WebSite","@id":"https:\/\/lottemaa.ee\/#website","url":"https:\/\/lottemaa.ee\/","name":"Lottemaa Teemapark","description":"Baltimaade suurim ja k\u00f5ige \u00e4gedam kogupere teemapark Eestis P\u00e4rnumaal","publisher":{"@id":"https:\/\/lottemaa.ee\/#organization"},"potentialAction":[{"@type":"SearchAction","target":{"@type":"EntryPoint","urlTemplate":"https:\/\/lottemaa.ee\/?s={search_term_string}"},"query-input":{"@type":"PropertyValueSpecification","valueRequired":true,"valueName":"search_term_string"}}],"inLanguage":"lv-LV"},{"@type":"Organization","@id":"https:\/\/lottemaa.ee\/#organization","name":"Lottemaa Teemapark","url":"https:\/\/lottemaa.ee\/","logo":{"@type":"ImageObject","inLanguage":"lv-LV","@id":"https:\/\/lottemaa.ee\/#\/schema\/logo\/image\/","url":"https:\/\/lottemaa.ee\/wp-content\/uploads\/2018\/12\/Lottemaa_LOGO.png","contentUrl":"https:\/\/lottemaa.ee\/wp-content\/uploads\/2018\/12\/Lottemaa_LOGO.png","width":1024,"height":518,"caption":"Lottemaa Teemapark"},"image":{"@id":"https:\/\/lottemaa.ee\/#\/schema\/logo\/image\/"}}]}},"_links":{"self":[{"href":"https:\/\/lottemaa.ee\/lv\/wp-json\/wp\/v2\/pages\/1355","targetHints":{"allow":["GET"]}}],"collection":[{"href":"https:\/\/lottemaa.ee\/lv\/wp-json\/wp\/v2\/pages"}],"about":[{"href":"https:\/\/lottemaa.ee\/lv\/wp-json\/wp\/v2\/types\/page"}],"author":[{"embeddable":true,"href":"https:\/\/lottemaa.ee\/lv\/wp-json\/wp\/v2\/users\/1"}],"replies":[{"embeddable":true,"href":"https:\/\/lottemaa.ee\/lv\/wp-json\/wp\/v2\/comments?post=1355"}],"version-history":[{"count":3,"href":"https:\/\/lottemaa.ee\/lv\/wp-json\/wp\/v2\/pages\/1355\/revisions"}],"predecessor-version":[{"id":20635,"href":"https:\/\/lottemaa.ee\/lv\/wp-json\/wp\/v2\/pages\/1355\/revisions\/20635"}],"up":[{"embeddable":true,"href":"https:\/\/lottemaa.ee\/lv\/wp-json\/wp\/v2\/pages\/1338"}],"wp:featuredmedia":[{"embeddable":true,"href":"https:\/\/lottemaa.ee\/lv\/wp-json\/wp\/v2\/media\/1593"}],"wp:attachment":[{"href":"https:\/\/lottemaa.ee\/lv\/wp-json\/wp\/v2\/media?parent=1355"}],"curies":[{"name":"wp","href":"https:\/\/api.w.org\/{rel}","templated":true}]}}