{"id":1350,"date":"2016-05-16T20:56:59","date_gmt":"2016-05-16T17:56:59","guid":{"rendered":"http:\/\/sharks.ee\/lottemaa\/lv\/?page_id=1350"},"modified":"2024-03-05T10:45:24","modified_gmt":"2024-03-05T08:45:24","slug":"lotes-mamma-anna","status":"publish","type":"page","link":"https:\/\/lottemaa.ee\/lv\/par-mums\/izgudrotaju-ciema-iedzivotaji\/lotes-mamma-anna\/","title":{"rendered":"Lotes mamma Anna"},"content":{"rendered":"<p style=\"text-align: left;\"><strong>Lotes mamma Anna<\/strong>\u00a0cep Izgudrot\u0101ju ciema visgar\u0161\u012bg\u0101k\u0101s pank\u016bkas. Annai pat\u012bk, ka Oskars ir izgudrojis daudz apar\u0101tu, kuri atvieglo m\u0101jas pien\u0101kumu veik\u0161anu. Un v\u0113l vi\u0146ai pat\u012bk tas, ka Lote ir tie\u0161i t\u0101da pati, k\u0101da Anna bija b\u0113rn\u012bb\u0101.<\/p>\n","protected":false},"excerpt":{"rendered":"<p>Lotes mamma Anna\u00a0cep Izgudrot\u0101ju ciema visgar\u0161\u012bg\u0101k\u0101s pank\u016bkas. Annai pat\u012bk, ka Oskars ir izgudrojis daudz apar\u0101tu, kuri atvieglo m\u0101jas pien\u0101kumu veik\u0161anu. Un v\u0113l vi\u0146ai pat\u012bk tas, ka Lote ir tie\u0161i t\u0101da pati, k\u0101da Anna bija b\u0113rn\u012bb\u0101.<\/p>\n","protected":false},"author":1,"featured_media":1537,"parent":1338,"menu_order":178,"comment_status":"closed","ping_status":"closed","template":"","meta":{"_acf_changed":false,"om_disable_all_campaigns":false,"_uf_show_specific_survey":0,"_uf_disable_surveys":false,"footnotes":""},"class_list":["post-1350","page","type-page","status-publish","has-post-thumbnail","hentry"],"acf":[],"yoast_head":"<!-- This site is optimized with the Yoast SEO plugin v25.5 - https:\/\/yoast.com\/wordpress\/plugins\/seo\/ -->\n<title>Lotes mamma Anna | Lottemaa Teemapark<\/title>\n<meta name=\"description\" content=\"Lotes mamma Anna cep Izgudrot\u0101ju ciema visgar\u0161\u012bg\u0101k\u0101s pank\u016bkas. Annai pat\u012bk, ka Oskars ir izgudrojis daudz apar\u0101tu, kuri atvieglo m\u0101jas pien\u0101kumu veik\u0161anu.\" \/>\n<meta name=\"robots\" content=\"index, follow, max-snippet:-1, max-image-preview:large, max-video-preview:-1\" \/>\n<link rel=\"canonical\" href=\"https:\/\/lottemaa.ee\/lv\/par-lotes-zemi\/izgudrotaju-ciema-iedzivotaji\/lotes-mamma-anna\/\" \/>\n<meta property=\"og:locale\" content=\"lv_LV\" \/>\n<meta property=\"og:type\" content=\"article\" \/>\n<meta property=\"og:title\" content=\"Lotes mamma Anna | Lottemaa Teemapark\" \/>\n<meta property=\"og:description\" content=\"Lotes mamma Anna cep Izgudrot\u0101ju ciema visgar\u0161\u012bg\u0101k\u0101s pank\u016bkas. Annai pat\u012bk, ka Oskars ir izgudrojis daudz apar\u0101tu, kuri atvieglo m\u0101jas pien\u0101kumu veik\u0161anu.\" \/>\n<meta property=\"og:url\" content=\"https:\/\/lottemaa.ee\/lv\/par-lotes-zemi\/izgudrotaju-ciema-iedzivotaji\/lotes-mamma-anna\/\" \/>\n<meta property=\"og:site_name\" content=\"Lottemaa Teemapark\" \/>\n<meta property=\"article:modified_time\" content=\"2024-03-05T08:45:24+00:00\" \/>\n<meta property=\"og:image\" content=\"https:\/\/lottemaa.ee\/wp-content\/uploads\/2016\/05\/lottemaa-anna.jpg\" \/>\n\t<meta property=\"og:image:width\" content=\"316\" \/>\n\t<meta property=\"og:image:height\" content=\"177\" \/>\n\t<meta property=\"og:image:type\" content=\"image\/jpeg\" \/>\n<meta name=\"twitter:card\" content=\"summary_large_image\" \/>\n<meta name=\"twitter:label1\" content=\"Est. reading time\" \/>\n\t<meta name=\"twitter:data1\" content=\"1 min\u016b\u0161u\" \/>\n<script type=\"application\/ld+json\" class=\"yoast-schema-graph\">{\"@context\":\"https:\/\/schema.org\",\"@graph\":[{\"@type\":\"WebPage\",\"@id\":\"https:\/\/lottemaa.ee\/lv\/par-lotes-zemi\/izgudrotaju-ciema-iedzivotaji\/lotes-mamma-anna\/\",\"url\":\"https:\/\/lottemaa.ee\/lv\/par-lotes-zemi\/izgudrotaju-ciema-iedzivotaji\/lotes-mamma-anna\/\",\"name\":\"Lotes mamma Anna | Lottemaa Teemapark\",\"isPartOf\":{\"@id\":\"https:\/\/lottemaa.ee\/#website\"},\"primaryImageOfPage\":{\"@id\":\"https:\/\/lottemaa.ee\/lv\/par-lotes-zemi\/izgudrotaju-ciema-iedzivotaji\/lotes-mamma-anna\/#primaryimage\"},\"image\":{\"@id\":\"https:\/\/lottemaa.ee\/lv\/par-lotes-zemi\/izgudrotaju-ciema-iedzivotaji\/lotes-mamma-anna\/#primaryimage\"},\"thumbnailUrl\":\"https:\/\/lottemaa.ee\/wp-content\/uploads\/2016\/05\/lottemaa-anna.jpg\",\"datePublished\":\"2016-05-16T17:56:59+00:00\",\"dateModified\":\"2024-03-05T08:45:24+00:00\",\"description\":\"Lotes mamma Anna cep Izgudrot\u0101ju ciema visgar\u0161\u012bg\u0101k\u0101s pank\u016bkas. Annai pat\u012bk, ka Oskars ir izgudrojis daudz apar\u0101tu, kuri atvieglo m\u0101jas pien\u0101kumu veik\u0161anu.\",\"breadcrumb\":{\"@id\":\"https:\/\/lottemaa.ee\/lv\/par-lotes-zemi\/izgudrotaju-ciema-iedzivotaji\/lotes-mamma-anna\/#breadcrumb\"},\"inLanguage\":\"lv-LV\",\"potentialAction\":[{\"@type\":\"ReadAction\",\"target\":[\"https:\/\/lottemaa.ee\/lv\/par-lotes-zemi\/izgudrotaju-ciema-iedzivotaji\/lotes-mamma-anna\/\"]}]},{\"@type\":\"ImageObject\",\"inLanguage\":\"lv-LV\",\"@id\":\"https:\/\/lottemaa.ee\/lv\/par-lotes-zemi\/izgudrotaju-ciema-iedzivotaji\/lotes-mamma-anna\/#primaryimage\",\"url\":\"https:\/\/lottemaa.ee\/wp-content\/uploads\/2016\/05\/lottemaa-anna.jpg\",\"contentUrl\":\"https:\/\/lottemaa.ee\/wp-content\/uploads\/2016\/05\/lottemaa-anna.jpg\",\"width\":316,\"height\":177},{\"@type\":\"BreadcrumbList\",\"@id\":\"https:\/\/lottemaa.ee\/lv\/par-lotes-zemi\/izgudrotaju-ciema-iedzivotaji\/lotes-mamma-anna\/#breadcrumb\",\"itemListElement\":[{\"@type\":\"ListItem\",\"position\":1,\"name\":\"Home\",\"item\":\"https:\/\/lottemaa.ee\/lv\/\"},{\"@type\":\"ListItem\",\"position\":2,\"name\":\"Diena Lotes zem\u0113\",\"item\":\"https:\/\/lottemaa.ee\/lv\/par-lotes-zemi\/\"},{\"@type\":\"ListItem\",\"position\":3,\"name\":\"Izgudrot\u0101ju ciema iedz\u012bvot\u0101ji\",\"item\":\"https:\/\/lottemaa.ee\/lv\/par-lotes-zemi\/izgudrotaju-ciema-iedzivotaji\/\"},{\"@type\":\"ListItem\",\"position\":4,\"name\":\"Lotes mamma Anna\"}]},{\"@type\":\"WebSite\",\"@id\":\"https:\/\/lottemaa.ee\/#website\",\"url\":\"https:\/\/lottemaa.ee\/\",\"name\":\"Lottemaa Teemapark\",\"description\":\"Baltimaade suurim ja k\u00f5ige \u00e4gedam kogupere teemapark Eestis P\u00e4rnumaal\",\"publisher\":{\"@id\":\"https:\/\/lottemaa.ee\/#organization\"},\"potentialAction\":[{\"@type\":\"SearchAction\",\"target\":{\"@type\":\"EntryPoint\",\"urlTemplate\":\"https:\/\/lottemaa.ee\/?s={search_term_string}\"},\"query-input\":{\"@type\":\"PropertyValueSpecification\",\"valueRequired\":true,\"valueName\":\"search_term_string\"}}],\"inLanguage\":\"lv-LV\"},{\"@type\":\"Organization\",\"@id\":\"https:\/\/lottemaa.ee\/#organization\",\"name\":\"Lottemaa Teemapark\",\"url\":\"https:\/\/lottemaa.ee\/\",\"logo\":{\"@type\":\"ImageObject\",\"inLanguage\":\"lv-LV\",\"@id\":\"https:\/\/lottemaa.ee\/#\/schema\/logo\/image\/\",\"url\":\"https:\/\/lottemaa.ee\/wp-content\/uploads\/2018\/12\/Lottemaa_LOGO.png\",\"contentUrl\":\"https:\/\/lottemaa.ee\/wp-content\/uploads\/2018\/12\/Lottemaa_LOGO.png\",\"width\":1024,\"height\":518,\"caption\":\"Lottemaa Teemapark\"},\"image\":{\"@id\":\"https:\/\/lottemaa.ee\/#\/schema\/logo\/image\/\"}}]}<\/script>\n<!-- \/ Yoast SEO plugin. -->","yoast_head_json":{"title":"Lotes mamma Anna | Lottemaa Teemapark","description":"Lotes mamma Anna cep Izgudrot\u0101ju ciema visgar\u0161\u012bg\u0101k\u0101s pank\u016bkas. Annai pat\u012bk, ka Oskars ir izgudrojis daudz apar\u0101tu, kuri atvieglo m\u0101jas pien\u0101kumu veik\u0161anu.","robots":{"index":"index","follow":"follow","max-snippet":"max-snippet:-1","max-image-preview":"max-image-preview:large","max-video-preview":"max-video-preview:-1"},"canonical":"https:\/\/lottemaa.ee\/lv\/par-lotes-zemi\/izgudrotaju-ciema-iedzivotaji\/lotes-mamma-anna\/","og_locale":"lv_LV","og_type":"article","og_title":"Lotes mamma Anna | Lottemaa Teemapark","og_description":"Lotes mamma Anna cep Izgudrot\u0101ju ciema visgar\u0161\u012bg\u0101k\u0101s pank\u016bkas. Annai pat\u012bk, ka Oskars ir izgudrojis daudz apar\u0101tu, kuri atvieglo m\u0101jas pien\u0101kumu veik\u0161anu.","og_url":"https:\/\/lottemaa.ee\/lv\/par-lotes-zemi\/izgudrotaju-ciema-iedzivotaji\/lotes-mamma-anna\/","og_site_name":"Lottemaa Teemapark","article_modified_time":"2024-03-05T08:45:24+00:00","og_image":[{"width":316,"height":177,"url":"https:\/\/lottemaa.ee\/wp-content\/uploads\/2016\/05\/lottemaa-anna.jpg","type":"image\/jpeg"}],"twitter_card":"summary_large_image","twitter_misc":{"Est. reading time":"1 min\u016b\u0161u"},"schema":{"@context":"https:\/\/schema.org","@graph":[{"@type":"WebPage","@id":"https:\/\/lottemaa.ee\/lv\/par-lotes-zemi\/izgudrotaju-ciema-iedzivotaji\/lotes-mamma-anna\/","url":"https:\/\/lottemaa.ee\/lv\/par-lotes-zemi\/izgudrotaju-ciema-iedzivotaji\/lotes-mamma-anna\/","name":"Lotes mamma Anna | Lottemaa Teemapark","isPartOf":{"@id":"https:\/\/lottemaa.ee\/#website"},"primaryImageOfPage":{"@id":"https:\/\/lottemaa.ee\/lv\/par-lotes-zemi\/izgudrotaju-ciema-iedzivotaji\/lotes-mamma-anna\/#primaryimage"},"image":{"@id":"https:\/\/lottemaa.ee\/lv\/par-lotes-zemi\/izgudrotaju-ciema-iedzivotaji\/lotes-mamma-anna\/#primaryimage"},"thumbnailUrl":"https:\/\/lottemaa.ee\/wp-content\/uploads\/2016\/05\/lottemaa-anna.jpg","datePublished":"2016-05-16T17:56:59+00:00","dateModified":"2024-03-05T08:45:24+00:00","description":"Lotes mamma Anna cep Izgudrot\u0101ju ciema visgar\u0161\u012bg\u0101k\u0101s pank\u016bkas. Annai pat\u012bk, ka Oskars ir izgudrojis daudz apar\u0101tu, kuri atvieglo m\u0101jas pien\u0101kumu veik\u0161anu.","breadcrumb":{"@id":"https:\/\/lottemaa.ee\/lv\/par-lotes-zemi\/izgudrotaju-ciema-iedzivotaji\/lotes-mamma-anna\/#breadcrumb"},"inLanguage":"lv-LV","potentialAction":[{"@type":"ReadAction","target":["https:\/\/lottemaa.ee\/lv\/par-lotes-zemi\/izgudrotaju-ciema-iedzivotaji\/lotes-mamma-anna\/"]}]},{"@type":"ImageObject","inLanguage":"lv-LV","@id":"https:\/\/lottemaa.ee\/lv\/par-lotes-zemi\/izgudrotaju-ciema-iedzivotaji\/lotes-mamma-anna\/#primaryimage","url":"https:\/\/lottemaa.ee\/wp-content\/uploads\/2016\/05\/lottemaa-anna.jpg","contentUrl":"https:\/\/lottemaa.ee\/wp-content\/uploads\/2016\/05\/lottemaa-anna.jpg","width":316,"height":177},{"@type":"BreadcrumbList","@id":"https:\/\/lottemaa.ee\/lv\/par-lotes-zemi\/izgudrotaju-ciema-iedzivotaji\/lotes-mamma-anna\/#breadcrumb","itemListElement":[{"@type":"ListItem","position":1,"name":"Home","item":"https:\/\/lottemaa.ee\/lv\/"},{"@type":"ListItem","position":2,"name":"Diena Lotes zem\u0113","item":"https:\/\/lottemaa.ee\/lv\/par-lotes-zemi\/"},{"@type":"ListItem","position":3,"name":"Izgudrot\u0101ju ciema iedz\u012bvot\u0101ji","item":"https:\/\/lottemaa.ee\/lv\/par-lotes-zemi\/izgudrotaju-ciema-iedzivotaji\/"},{"@type":"ListItem","position":4,"name":"Lotes mamma Anna"}]},{"@type":"WebSite","@id":"https:\/\/lottemaa.ee\/#website","url":"https:\/\/lottemaa.ee\/","name":"Lottemaa Teemapark","description":"Baltimaade suurim ja k\u00f5ige \u00e4gedam kogupere teemapark Eestis P\u00e4rnumaal","publisher":{"@id":"https:\/\/lottemaa.ee\/#organization"},"potentialAction":[{"@type":"SearchAction","target":{"@type":"EntryPoint","urlTemplate":"https:\/\/lottemaa.ee\/?s={search_term_string}"},"query-input":{"@type":"PropertyValueSpecification","valueRequired":true,"valueName":"search_term_string"}}],"inLanguage":"lv-LV"},{"@type":"Organization","@id":"https:\/\/lottemaa.ee\/#organization","name":"Lottemaa Teemapark","url":"https:\/\/lottemaa.ee\/","logo":{"@type":"ImageObject","inLanguage":"lv-LV","@id":"https:\/\/lottemaa.ee\/#\/schema\/logo\/image\/","url":"https:\/\/lottemaa.ee\/wp-content\/uploads\/2018\/12\/Lottemaa_LOGO.png","contentUrl":"https:\/\/lottemaa.ee\/wp-content\/uploads\/2018\/12\/Lottemaa_LOGO.png","width":1024,"height":518,"caption":"Lottemaa Teemapark"},"image":{"@id":"https:\/\/lottemaa.ee\/#\/schema\/logo\/image\/"}}]}},"_links":{"self":[{"href":"https:\/\/lottemaa.ee\/lv\/wp-json\/wp\/v2\/pages\/1350","targetHints":{"allow":["GET"]}}],"collection":[{"href":"https:\/\/lottemaa.ee\/lv\/wp-json\/wp\/v2\/pages"}],"about":[{"href":"https:\/\/lottemaa.ee\/lv\/wp-json\/wp\/v2\/types\/page"}],"author":[{"embeddable":true,"href":"https:\/\/lottemaa.ee\/lv\/wp-json\/wp\/v2\/users\/1"}],"replies":[{"embeddable":true,"href":"https:\/\/lottemaa.ee\/lv\/wp-json\/wp\/v2\/comments?post=1350"}],"version-history":[{"count":5,"href":"https:\/\/lottemaa.ee\/lv\/wp-json\/wp\/v2\/pages\/1350\/revisions"}],"predecessor-version":[{"id":20632,"href":"https:\/\/lottemaa.ee\/lv\/wp-json\/wp\/v2\/pages\/1350\/revisions\/20632"}],"up":[{"embeddable":true,"href":"https:\/\/lottemaa.ee\/lv\/wp-json\/wp\/v2\/pages\/1338"}],"wp:featuredmedia":[{"embeddable":true,"href":"https:\/\/lottemaa.ee\/lv\/wp-json\/wp\/v2\/media\/1537"}],"wp:attachment":[{"href":"https:\/\/lottemaa.ee\/lv\/wp-json\/wp\/v2\/media?parent=1350"}],"curies":[{"name":"wp","href":"https:\/\/api.w.org\/{rel}","templated":true}]}}