{"id":1333,"date":"2016-05-16T20:50:57","date_gmt":"2016-05-16T17:50:57","guid":{"rendered":"http:\/\/sharks.ee\/lottemaa\/lv\/?page_id=1333"},"modified":"2024-09-25T15:02:09","modified_gmt":"2024-09-25T12:02:09","slug":"jaagu-maja","status":"publish","type":"page","link":"https:\/\/lottemaa.ee\/lv\/par-lotes-zemi\/majas-un-nodarbes\/jaagu-maja\/","title":{"rendered":"J\u0100KA M\u0100JA"},"content":{"rendered":"<p style=\"text-align: left;\">Mu\u0161a J\u0101ks joproj\u0101m ir laim\u012bgi prec\u0113jies ar latvie\u0161u mu\u0161as meiteni Rutu. Ruta ierad\u0101s no R\u012bgas pils\u0113tas uz Igauniju p\u0101rg\u0101jien\u0101. Uzreiz uzrad\u0101s m\u012blest\u012bba no pirm\u0101 acu uzmetiena, un jau n\u0101kamaj\u0101 dien\u0101 Izgudrot\u0101ju ciem\u0101 tika svin\u0113tas lepnas k\u0101zas. Tagad iem\u012bl\u0113ju\u0161\u0101s mu\u0161as laim\u012bgi dz\u012bvo kop\u0101 J\u0101ka mazaj\u0101 m\u0101ji\u0146\u0101. M\u012blest\u012bba J\u0101ka galv\u0101 izrais\u012bja nebiju\u0161as darbasp\u0113jas un rad\u012bja nebiju\u0161u ener\u0123iju. J\u0101ks, kura pien\u0101kums ir katru r\u012btu uzmodin\u0101t ciema iem\u012btniekus, tagad vienlaikus izgudroja vair\u0101kus desmitus jaunu modin\u0101t\u0101ju. J\u0101ks jaunos izgudrojumus uzkarin\u0101ja blakus m\u0101jai starp kokiem, lai ciema iem\u012btnieki var\u0113tu ar tiem iepaz\u012bties un izv\u0113l\u0113ties sev t\u012bkamu modin\u0101\u0161anas apar\u0101tu.<\/p>\n","protected":false},"excerpt":{"rendered":"<p>Mu\u0161a J\u0101ks joproj\u0101m ir laim\u012bgi prec\u0113jies ar latvie\u0161u mu\u0161as meiteni Rutu. Ruta ierad\u0101s no R\u012bgas pils\u0113tas uz Igauniju p\u0101rg\u0101jien\u0101. Uzreiz uzrad\u0101s m\u012blest\u012bba no pirm\u0101 acu uzmetiena, un jau n\u0101kamaj\u0101 dien\u0101 Izgudrot\u0101ju ciem\u0101 tika svin\u0113tas lepnas k\u0101zas. Tagad iem\u012bl\u0113ju\u0161\u0101s mu\u0161as laim\u012bgi dz\u012bvo kop\u0101 J\u0101ka mazaj\u0101 m\u0101ji\u0146\u0101. M\u012blest\u012bba J\u0101ka galv\u0101 izrais\u012bja nebiju\u0161as darbasp\u0113jas un rad\u012bja nebiju\u0161u ener\u0123iju. &hellip; <a href=\"https:\/\/lottemaa.ee\/lv\/par-lotes-zemi\/majas-un-nodarbes\/jaagu-maja\/\">Continued<\/a><\/p>\n","protected":false},"author":1,"featured_media":28485,"parent":1317,"menu_order":603,"comment_status":"closed","ping_status":"closed","template":"","meta":{"_acf_changed":false,"om_disable_all_campaigns":false,"_uf_show_specific_survey":0,"_uf_disable_surveys":false,"footnotes":""},"class_list":["post-1333","page","type-page","status-publish","has-post-thumbnail","hentry"],"acf":[],"yoast_head":"<!-- This site is optimized with the Yoast SEO plugin v25.5 - https:\/\/yoast.com\/wordpress\/plugins\/seo\/ -->\n<title>J\u0100KA M\u0100JA | Lottemaa Teemapark<\/title>\n<meta name=\"description\" content=\"Mu\u0161a J\u0101ks joproj\u0101m ir laim\u012bgi prec\u0113jies ar latvie\u0161u mu\u0161as meiteni Rutu. Ruta ierad\u0101s no R\u012bgas pils\u0113tas uz Igauniju p\u0101rg\u0101jien\u0101.\" \/>\n<meta name=\"robots\" content=\"index, follow, max-snippet:-1, max-image-preview:large, max-video-preview:-1\" \/>\n<link rel=\"canonical\" href=\"https:\/\/lottemaa.ee\/lv\/par-lotes-zemi\/majas-un-nodarbes\/jaagu-maja\/\" \/>\n<meta property=\"og:locale\" content=\"lv_LV\" \/>\n<meta property=\"og:type\" content=\"article\" \/>\n<meta property=\"og:title\" content=\"J\u0100KA M\u0100JA | Lottemaa Teemapark\" \/>\n<meta property=\"og:description\" content=\"Mu\u0161a J\u0101ks joproj\u0101m ir laim\u012bgi prec\u0113jies ar latvie\u0161u mu\u0161as meiteni Rutu. Ruta ierad\u0101s no R\u012bgas pils\u0113tas uz Igauniju p\u0101rg\u0101jien\u0101.\" \/>\n<meta property=\"og:url\" content=\"https:\/\/lottemaa.ee\/lv\/par-lotes-zemi\/majas-un-nodarbes\/jaagu-maja\/\" \/>\n<meta property=\"og:site_name\" content=\"Lottemaa Teemapark\" \/>\n<meta property=\"article:modified_time\" content=\"2024-09-25T12:02:09+00:00\" \/>\n<meta property=\"og:image\" content=\"https:\/\/lottemaa.ee\/wp-content\/uploads\/2024\/09\/DSC_6564-scaled.jpg\" \/>\n\t<meta property=\"og:image:width\" content=\"2560\" \/>\n\t<meta property=\"og:image:height\" content=\"1696\" \/>\n\t<meta property=\"og:image:type\" content=\"image\/jpeg\" \/>\n<meta name=\"twitter:card\" content=\"summary_large_image\" \/>\n<meta name=\"twitter:label1\" content=\"Est. reading time\" \/>\n\t<meta name=\"twitter:data1\" content=\"1 min\u016b\u0161u\" \/>\n<script type=\"application\/ld+json\" class=\"yoast-schema-graph\">{\"@context\":\"https:\/\/schema.org\",\"@graph\":[{\"@type\":\"WebPage\",\"@id\":\"https:\/\/lottemaa.ee\/lv\/par-lotes-zemi\/majas-un-nodarbes\/jaagu-maja\/\",\"url\":\"https:\/\/lottemaa.ee\/lv\/par-lotes-zemi\/majas-un-nodarbes\/jaagu-maja\/\",\"name\":\"J\u0100KA M\u0100JA | Lottemaa Teemapark\",\"isPartOf\":{\"@id\":\"https:\/\/lottemaa.ee\/#website\"},\"primaryImageOfPage\":{\"@id\":\"https:\/\/lottemaa.ee\/lv\/par-lotes-zemi\/majas-un-nodarbes\/jaagu-maja\/#primaryimage\"},\"image\":{\"@id\":\"https:\/\/lottemaa.ee\/lv\/par-lotes-zemi\/majas-un-nodarbes\/jaagu-maja\/#primaryimage\"},\"thumbnailUrl\":\"https:\/\/lottemaa.ee\/wp-content\/uploads\/2024\/09\/DSC_6564-scaled.jpg\",\"datePublished\":\"2016-05-16T17:50:57+00:00\",\"dateModified\":\"2024-09-25T12:02:09+00:00\",\"description\":\"Mu\u0161a J\u0101ks joproj\u0101m ir laim\u012bgi prec\u0113jies ar latvie\u0161u mu\u0161as meiteni Rutu. Ruta ierad\u0101s no R\u012bgas pils\u0113tas uz Igauniju p\u0101rg\u0101jien\u0101.\",\"breadcrumb\":{\"@id\":\"https:\/\/lottemaa.ee\/lv\/par-lotes-zemi\/majas-un-nodarbes\/jaagu-maja\/#breadcrumb\"},\"inLanguage\":\"lv-LV\",\"potentialAction\":[{\"@type\":\"ReadAction\",\"target\":[\"https:\/\/lottemaa.ee\/lv\/par-lotes-zemi\/majas-un-nodarbes\/jaagu-maja\/\"]}]},{\"@type\":\"ImageObject\",\"inLanguage\":\"lv-LV\",\"@id\":\"https:\/\/lottemaa.ee\/lv\/par-lotes-zemi\/majas-un-nodarbes\/jaagu-maja\/#primaryimage\",\"url\":\"https:\/\/lottemaa.ee\/wp-content\/uploads\/2024\/09\/DSC_6564-scaled.jpg\",\"contentUrl\":\"https:\/\/lottemaa.ee\/wp-content\/uploads\/2024\/09\/DSC_6564-scaled.jpg\",\"width\":2560,\"height\":1696},{\"@type\":\"BreadcrumbList\",\"@id\":\"https:\/\/lottemaa.ee\/lv\/par-lotes-zemi\/majas-un-nodarbes\/jaagu-maja\/#breadcrumb\",\"itemListElement\":[{\"@type\":\"ListItem\",\"position\":1,\"name\":\"Home\",\"item\":\"https:\/\/lottemaa.ee\/lv\/\"},{\"@type\":\"ListItem\",\"position\":2,\"name\":\"Diena Lotes zem\u0113\",\"item\":\"https:\/\/lottemaa.ee\/lv\/par-lotes-zemi\/\"},{\"@type\":\"ListItem\",\"position\":3,\"name\":\"M\u0101jas un nodarbes\",\"item\":\"https:\/\/lottemaa.ee\/lv\/par-lotes-zemi\/majas-un-nodarbes\/\"},{\"@type\":\"ListItem\",\"position\":4,\"name\":\"J\u0100KA M\u0100JA\"}]},{\"@type\":\"WebSite\",\"@id\":\"https:\/\/lottemaa.ee\/#website\",\"url\":\"https:\/\/lottemaa.ee\/\",\"name\":\"Lottemaa Teemapark\",\"description\":\"Baltimaade suurim ja k\u00f5ige \u00e4gedam kogupere teemapark Eestis P\u00e4rnumaal\",\"publisher\":{\"@id\":\"https:\/\/lottemaa.ee\/#organization\"},\"potentialAction\":[{\"@type\":\"SearchAction\",\"target\":{\"@type\":\"EntryPoint\",\"urlTemplate\":\"https:\/\/lottemaa.ee\/?s={search_term_string}\"},\"query-input\":{\"@type\":\"PropertyValueSpecification\",\"valueRequired\":true,\"valueName\":\"search_term_string\"}}],\"inLanguage\":\"lv-LV\"},{\"@type\":\"Organization\",\"@id\":\"https:\/\/lottemaa.ee\/#organization\",\"name\":\"Lottemaa Teemapark\",\"url\":\"https:\/\/lottemaa.ee\/\",\"logo\":{\"@type\":\"ImageObject\",\"inLanguage\":\"lv-LV\",\"@id\":\"https:\/\/lottemaa.ee\/#\/schema\/logo\/image\/\",\"url\":\"https:\/\/lottemaa.ee\/wp-content\/uploads\/2018\/12\/Lottemaa_LOGO.png\",\"contentUrl\":\"https:\/\/lottemaa.ee\/wp-content\/uploads\/2018\/12\/Lottemaa_LOGO.png\",\"width\":1024,\"height\":518,\"caption\":\"Lottemaa Teemapark\"},\"image\":{\"@id\":\"https:\/\/lottemaa.ee\/#\/schema\/logo\/image\/\"}}]}<\/script>\n<!-- \/ Yoast SEO plugin. -->","yoast_head_json":{"title":"J\u0100KA M\u0100JA | Lottemaa Teemapark","description":"Mu\u0161a J\u0101ks joproj\u0101m ir laim\u012bgi prec\u0113jies ar latvie\u0161u mu\u0161as meiteni Rutu. Ruta ierad\u0101s no R\u012bgas pils\u0113tas uz Igauniju p\u0101rg\u0101jien\u0101.","robots":{"index":"index","follow":"follow","max-snippet":"max-snippet:-1","max-image-preview":"max-image-preview:large","max-video-preview":"max-video-preview:-1"},"canonical":"https:\/\/lottemaa.ee\/lv\/par-lotes-zemi\/majas-un-nodarbes\/jaagu-maja\/","og_locale":"lv_LV","og_type":"article","og_title":"J\u0100KA M\u0100JA | Lottemaa Teemapark","og_description":"Mu\u0161a J\u0101ks joproj\u0101m ir laim\u012bgi prec\u0113jies ar latvie\u0161u mu\u0161as meiteni Rutu. Ruta ierad\u0101s no R\u012bgas pils\u0113tas uz Igauniju p\u0101rg\u0101jien\u0101.","og_url":"https:\/\/lottemaa.ee\/lv\/par-lotes-zemi\/majas-un-nodarbes\/jaagu-maja\/","og_site_name":"Lottemaa Teemapark","article_modified_time":"2024-09-25T12:02:09+00:00","og_image":[{"width":2560,"height":1696,"url":"https:\/\/lottemaa.ee\/wp-content\/uploads\/2024\/09\/DSC_6564-scaled.jpg","type":"image\/jpeg"}],"twitter_card":"summary_large_image","twitter_misc":{"Est. reading time":"1 min\u016b\u0161u"},"schema":{"@context":"https:\/\/schema.org","@graph":[{"@type":"WebPage","@id":"https:\/\/lottemaa.ee\/lv\/par-lotes-zemi\/majas-un-nodarbes\/jaagu-maja\/","url":"https:\/\/lottemaa.ee\/lv\/par-lotes-zemi\/majas-un-nodarbes\/jaagu-maja\/","name":"J\u0100KA M\u0100JA | Lottemaa Teemapark","isPartOf":{"@id":"https:\/\/lottemaa.ee\/#website"},"primaryImageOfPage":{"@id":"https:\/\/lottemaa.ee\/lv\/par-lotes-zemi\/majas-un-nodarbes\/jaagu-maja\/#primaryimage"},"image":{"@id":"https:\/\/lottemaa.ee\/lv\/par-lotes-zemi\/majas-un-nodarbes\/jaagu-maja\/#primaryimage"},"thumbnailUrl":"https:\/\/lottemaa.ee\/wp-content\/uploads\/2024\/09\/DSC_6564-scaled.jpg","datePublished":"2016-05-16T17:50:57+00:00","dateModified":"2024-09-25T12:02:09+00:00","description":"Mu\u0161a J\u0101ks joproj\u0101m ir laim\u012bgi prec\u0113jies ar latvie\u0161u mu\u0161as meiteni Rutu. Ruta ierad\u0101s no R\u012bgas pils\u0113tas uz Igauniju p\u0101rg\u0101jien\u0101.","breadcrumb":{"@id":"https:\/\/lottemaa.ee\/lv\/par-lotes-zemi\/majas-un-nodarbes\/jaagu-maja\/#breadcrumb"},"inLanguage":"lv-LV","potentialAction":[{"@type":"ReadAction","target":["https:\/\/lottemaa.ee\/lv\/par-lotes-zemi\/majas-un-nodarbes\/jaagu-maja\/"]}]},{"@type":"ImageObject","inLanguage":"lv-LV","@id":"https:\/\/lottemaa.ee\/lv\/par-lotes-zemi\/majas-un-nodarbes\/jaagu-maja\/#primaryimage","url":"https:\/\/lottemaa.ee\/wp-content\/uploads\/2024\/09\/DSC_6564-scaled.jpg","contentUrl":"https:\/\/lottemaa.ee\/wp-content\/uploads\/2024\/09\/DSC_6564-scaled.jpg","width":2560,"height":1696},{"@type":"BreadcrumbList","@id":"https:\/\/lottemaa.ee\/lv\/par-lotes-zemi\/majas-un-nodarbes\/jaagu-maja\/#breadcrumb","itemListElement":[{"@type":"ListItem","position":1,"name":"Home","item":"https:\/\/lottemaa.ee\/lv\/"},{"@type":"ListItem","position":2,"name":"Diena Lotes zem\u0113","item":"https:\/\/lottemaa.ee\/lv\/par-lotes-zemi\/"},{"@type":"ListItem","position":3,"name":"M\u0101jas un nodarbes","item":"https:\/\/lottemaa.ee\/lv\/par-lotes-zemi\/majas-un-nodarbes\/"},{"@type":"ListItem","position":4,"name":"J\u0100KA M\u0100JA"}]},{"@type":"WebSite","@id":"https:\/\/lottemaa.ee\/#website","url":"https:\/\/lottemaa.ee\/","name":"Lottemaa Teemapark","description":"Baltimaade suurim ja k\u00f5ige \u00e4gedam kogupere teemapark Eestis P\u00e4rnumaal","publisher":{"@id":"https:\/\/lottemaa.ee\/#organization"},"potentialAction":[{"@type":"SearchAction","target":{"@type":"EntryPoint","urlTemplate":"https:\/\/lottemaa.ee\/?s={search_term_string}"},"query-input":{"@type":"PropertyValueSpecification","valueRequired":true,"valueName":"search_term_string"}}],"inLanguage":"lv-LV"},{"@type":"Organization","@id":"https:\/\/lottemaa.ee\/#organization","name":"Lottemaa Teemapark","url":"https:\/\/lottemaa.ee\/","logo":{"@type":"ImageObject","inLanguage":"lv-LV","@id":"https:\/\/lottemaa.ee\/#\/schema\/logo\/image\/","url":"https:\/\/lottemaa.ee\/wp-content\/uploads\/2018\/12\/Lottemaa_LOGO.png","contentUrl":"https:\/\/lottemaa.ee\/wp-content\/uploads\/2018\/12\/Lottemaa_LOGO.png","width":1024,"height":518,"caption":"Lottemaa Teemapark"},"image":{"@id":"https:\/\/lottemaa.ee\/#\/schema\/logo\/image\/"}}]}},"_links":{"self":[{"href":"https:\/\/lottemaa.ee\/lv\/wp-json\/wp\/v2\/pages\/1333","targetHints":{"allow":["GET"]}}],"collection":[{"href":"https:\/\/lottemaa.ee\/lv\/wp-json\/wp\/v2\/pages"}],"about":[{"href":"https:\/\/lottemaa.ee\/lv\/wp-json\/wp\/v2\/types\/page"}],"author":[{"embeddable":true,"href":"https:\/\/lottemaa.ee\/lv\/wp-json\/wp\/v2\/users\/1"}],"replies":[{"embeddable":true,"href":"https:\/\/lottemaa.ee\/lv\/wp-json\/wp\/v2\/comments?post=1333"}],"version-history":[{"count":5,"href":"https:\/\/lottemaa.ee\/lv\/wp-json\/wp\/v2\/pages\/1333\/revisions"}],"predecessor-version":[{"id":28527,"href":"https:\/\/lottemaa.ee\/lv\/wp-json\/wp\/v2\/pages\/1333\/revisions\/28527"}],"up":[{"embeddable":true,"href":"https:\/\/lottemaa.ee\/lv\/wp-json\/wp\/v2\/pages\/1317"}],"wp:featuredmedia":[{"embeddable":true,"href":"https:\/\/lottemaa.ee\/lv\/wp-json\/wp\/v2\/media\/28485"}],"wp:attachment":[{"href":"https:\/\/lottemaa.ee\/lv\/wp-json\/wp\/v2\/media?parent=1333"}],"curies":[{"name":"wp","href":"https:\/\/api.w.org\/{rel}","templated":true}]}}