{"id":1330,"date":"2016-05-16T20:50:29","date_gmt":"2016-05-16T17:50:29","guid":{"rendered":"http:\/\/sharks.ee\/lottemaa\/lv\/?page_id=1330"},"modified":"2024-09-25T15:07:46","modified_gmt":"2024-09-25T12:07:46","slug":"giovanni-maja","status":"publish","type":"page","link":"https:\/\/lottemaa.ee\/lv\/par-lotes-zemi\/majas-un-nodarbes\/giovanni-maja\/","title":{"rendered":"D\u017eovanni\u00a0m\u0101jas"},"content":{"rendered":"<p style=\"text-align: left;\">Uz\u00a0<strong>lapsas D\u017eovanni<\/strong><strong>\u00a0<\/strong>m\u0101jas te\u0101tra skatuves vienm\u0113r tiek sp\u0113l\u0113ts te\u0101tris. Ta\u010du \u0161eit tiek dzied\u0101tas ar\u012b dziesmas, dejotas dejas, k\u0101 ar\u012b reiz\u0113m tiek las\u012bta dzeja, organiz\u0113tas ciema san\u0101k\u0161anas un, protams, ka \u0161eit tiek izsludin\u0101ts gada lab\u0101kais izgudrot\u0101js. Visiem liel\u0101kajiem talantiem no jums tiks pied\u0101v\u0101ta iesp\u0113ja!<\/p>\n","protected":false},"excerpt":{"rendered":"<p>Uz\u00a0lapsas D\u017eovanni\u00a0m\u0101jas te\u0101tra skatuves vienm\u0113r tiek sp\u0113l\u0113ts te\u0101tris. Ta\u010du \u0161eit tiek dzied\u0101tas ar\u012b dziesmas, dejotas dejas, k\u0101 ar\u012b reiz\u0113m tiek las\u012bta dzeja, organiz\u0113tas ciema san\u0101k\u0161anas un, protams, ka \u0161eit tiek izsludin\u0101ts gada lab\u0101kais izgudrot\u0101js. Visiem liel\u0101kajiem talantiem no jums tiks pied\u0101v\u0101ta iesp\u0113ja!<\/p>\n","protected":false},"author":1,"featured_media":13573,"parent":1317,"menu_order":635,"comment_status":"closed","ping_status":"closed","template":"","meta":{"_acf_changed":false,"om_disable_all_campaigns":false,"_uf_show_specific_survey":0,"_uf_disable_surveys":false,"footnotes":""},"class_list":["post-1330","page","type-page","status-publish","has-post-thumbnail","hentry"],"acf":[],"yoast_head":"<!-- This site is optimized with the Yoast SEO plugin v25.5 - https:\/\/yoast.com\/wordpress\/plugins\/seo\/ -->\n<title>D\u017eovanni\u00a0m\u0101jas | Lottemaa Teemapark<\/title>\n<meta name=\"description\" content=\"Uz lapsas D\u017eovanni m\u0101jas te\u0101tra skatuves vienm\u0113r tiek sp\u0113l\u0113ts te\u0101tris. Ta\u010du \u0161eit tiek dzied\u0101tas ar\u012b dziesmas ir dejotas dejas.\" \/>\n<meta name=\"robots\" content=\"index, follow, max-snippet:-1, max-image-preview:large, max-video-preview:-1\" \/>\n<link rel=\"canonical\" href=\"https:\/\/lottemaa.ee\/lv\/par-lotes-zemi\/majas-un-nodarbes\/giovanni-maja\/\" \/>\n<meta property=\"og:locale\" content=\"lv_LV\" \/>\n<meta property=\"og:type\" content=\"article\" \/>\n<meta property=\"og:title\" content=\"D\u017eovanni\u00a0m\u0101jas | Lottemaa Teemapark\" \/>\n<meta property=\"og:description\" content=\"Uz lapsas D\u017eovanni m\u0101jas te\u0101tra skatuves vienm\u0113r tiek sp\u0113l\u0113ts te\u0101tris. Ta\u010du \u0161eit tiek dzied\u0101tas ar\u012b dziesmas ir dejotas dejas.\" \/>\n<meta property=\"og:url\" content=\"https:\/\/lottemaa.ee\/lv\/par-lotes-zemi\/majas-un-nodarbes\/giovanni-maja\/\" \/>\n<meta property=\"og:site_name\" content=\"Lottemaa Teemapark\" \/>\n<meta property=\"article:modified_time\" content=\"2024-09-25T12:07:46+00:00\" \/>\n<meta property=\"og:image\" content=\"https:\/\/lottemaa.ee\/wp-content\/uploads\/2022\/04\/DSC_7188-scaled.jpg\" \/>\n\t<meta property=\"og:image:width\" content=\"2560\" \/>\n\t<meta property=\"og:image:height\" content=\"1696\" \/>\n\t<meta property=\"og:image:type\" content=\"image\/jpeg\" \/>\n<meta name=\"twitter:card\" content=\"summary_large_image\" \/>\n<meta name=\"twitter:label1\" content=\"Est. reading time\" \/>\n\t<meta name=\"twitter:data1\" content=\"1 min\u016b\u0161u\" \/>\n<script type=\"application\/ld+json\" class=\"yoast-schema-graph\">{\"@context\":\"https:\/\/schema.org\",\"@graph\":[{\"@type\":\"WebPage\",\"@id\":\"https:\/\/lottemaa.ee\/lv\/par-lotes-zemi\/majas-un-nodarbes\/giovanni-maja\/\",\"url\":\"https:\/\/lottemaa.ee\/lv\/par-lotes-zemi\/majas-un-nodarbes\/giovanni-maja\/\",\"name\":\"D\u017eovanni\u00a0m\u0101jas | Lottemaa Teemapark\",\"isPartOf\":{\"@id\":\"https:\/\/lottemaa.ee\/#website\"},\"primaryImageOfPage\":{\"@id\":\"https:\/\/lottemaa.ee\/lv\/par-lotes-zemi\/majas-un-nodarbes\/giovanni-maja\/#primaryimage\"},\"image\":{\"@id\":\"https:\/\/lottemaa.ee\/lv\/par-lotes-zemi\/majas-un-nodarbes\/giovanni-maja\/#primaryimage\"},\"thumbnailUrl\":\"https:\/\/lottemaa.ee\/wp-content\/uploads\/2022\/04\/DSC_7188-scaled.jpg\",\"datePublished\":\"2016-05-16T17:50:29+00:00\",\"dateModified\":\"2024-09-25T12:07:46+00:00\",\"description\":\"Uz lapsas D\u017eovanni m\u0101jas te\u0101tra skatuves vienm\u0113r tiek sp\u0113l\u0113ts te\u0101tris. Ta\u010du \u0161eit tiek dzied\u0101tas ar\u012b dziesmas ir dejotas dejas.\",\"breadcrumb\":{\"@id\":\"https:\/\/lottemaa.ee\/lv\/par-lotes-zemi\/majas-un-nodarbes\/giovanni-maja\/#breadcrumb\"},\"inLanguage\":\"lv-LV\",\"potentialAction\":[{\"@type\":\"ReadAction\",\"target\":[\"https:\/\/lottemaa.ee\/lv\/par-lotes-zemi\/majas-un-nodarbes\/giovanni-maja\/\"]}]},{\"@type\":\"ImageObject\",\"inLanguage\":\"lv-LV\",\"@id\":\"https:\/\/lottemaa.ee\/lv\/par-lotes-zemi\/majas-un-nodarbes\/giovanni-maja\/#primaryimage\",\"url\":\"https:\/\/lottemaa.ee\/wp-content\/uploads\/2022\/04\/DSC_7188-scaled.jpg\",\"contentUrl\":\"https:\/\/lottemaa.ee\/wp-content\/uploads\/2022\/04\/DSC_7188-scaled.jpg\",\"width\":2560,\"height\":1696},{\"@type\":\"BreadcrumbList\",\"@id\":\"https:\/\/lottemaa.ee\/lv\/par-lotes-zemi\/majas-un-nodarbes\/giovanni-maja\/#breadcrumb\",\"itemListElement\":[{\"@type\":\"ListItem\",\"position\":1,\"name\":\"Home\",\"item\":\"https:\/\/lottemaa.ee\/lv\/\"},{\"@type\":\"ListItem\",\"position\":2,\"name\":\"Diena Lotes zem\u0113\",\"item\":\"https:\/\/lottemaa.ee\/lv\/par-lotes-zemi\/\"},{\"@type\":\"ListItem\",\"position\":3,\"name\":\"M\u0101jas un nodarbes\",\"item\":\"https:\/\/lottemaa.ee\/lv\/par-lotes-zemi\/majas-un-nodarbes\/\"},{\"@type\":\"ListItem\",\"position\":4,\"name\":\"D\u017eovanni\u00a0m\u0101jas\"}]},{\"@type\":\"WebSite\",\"@id\":\"https:\/\/lottemaa.ee\/#website\",\"url\":\"https:\/\/lottemaa.ee\/\",\"name\":\"Lottemaa Teemapark\",\"description\":\"Baltimaade suurim ja k\u00f5ige \u00e4gedam kogupere teemapark Eestis P\u00e4rnumaal\",\"publisher\":{\"@id\":\"https:\/\/lottemaa.ee\/#organization\"},\"potentialAction\":[{\"@type\":\"SearchAction\",\"target\":{\"@type\":\"EntryPoint\",\"urlTemplate\":\"https:\/\/lottemaa.ee\/?s={search_term_string}\"},\"query-input\":{\"@type\":\"PropertyValueSpecification\",\"valueRequired\":true,\"valueName\":\"search_term_string\"}}],\"inLanguage\":\"lv-LV\"},{\"@type\":\"Organization\",\"@id\":\"https:\/\/lottemaa.ee\/#organization\",\"name\":\"Lottemaa Teemapark\",\"url\":\"https:\/\/lottemaa.ee\/\",\"logo\":{\"@type\":\"ImageObject\",\"inLanguage\":\"lv-LV\",\"@id\":\"https:\/\/lottemaa.ee\/#\/schema\/logo\/image\/\",\"url\":\"https:\/\/lottemaa.ee\/wp-content\/uploads\/2018\/12\/Lottemaa_LOGO.png\",\"contentUrl\":\"https:\/\/lottemaa.ee\/wp-content\/uploads\/2018\/12\/Lottemaa_LOGO.png\",\"width\":1024,\"height\":518,\"caption\":\"Lottemaa Teemapark\"},\"image\":{\"@id\":\"https:\/\/lottemaa.ee\/#\/schema\/logo\/image\/\"}}]}<\/script>\n<!-- \/ Yoast SEO plugin. -->","yoast_head_json":{"title":"D\u017eovanni\u00a0m\u0101jas | Lottemaa Teemapark","description":"Uz lapsas D\u017eovanni m\u0101jas te\u0101tra skatuves vienm\u0113r tiek sp\u0113l\u0113ts te\u0101tris. Ta\u010du \u0161eit tiek dzied\u0101tas ar\u012b dziesmas ir dejotas dejas.","robots":{"index":"index","follow":"follow","max-snippet":"max-snippet:-1","max-image-preview":"max-image-preview:large","max-video-preview":"max-video-preview:-1"},"canonical":"https:\/\/lottemaa.ee\/lv\/par-lotes-zemi\/majas-un-nodarbes\/giovanni-maja\/","og_locale":"lv_LV","og_type":"article","og_title":"D\u017eovanni\u00a0m\u0101jas | Lottemaa Teemapark","og_description":"Uz lapsas D\u017eovanni m\u0101jas te\u0101tra skatuves vienm\u0113r tiek sp\u0113l\u0113ts te\u0101tris. Ta\u010du \u0161eit tiek dzied\u0101tas ar\u012b dziesmas ir dejotas dejas.","og_url":"https:\/\/lottemaa.ee\/lv\/par-lotes-zemi\/majas-un-nodarbes\/giovanni-maja\/","og_site_name":"Lottemaa Teemapark","article_modified_time":"2024-09-25T12:07:46+00:00","og_image":[{"width":2560,"height":1696,"url":"https:\/\/lottemaa.ee\/wp-content\/uploads\/2022\/04\/DSC_7188-scaled.jpg","type":"image\/jpeg"}],"twitter_card":"summary_large_image","twitter_misc":{"Est. reading time":"1 min\u016b\u0161u"},"schema":{"@context":"https:\/\/schema.org","@graph":[{"@type":"WebPage","@id":"https:\/\/lottemaa.ee\/lv\/par-lotes-zemi\/majas-un-nodarbes\/giovanni-maja\/","url":"https:\/\/lottemaa.ee\/lv\/par-lotes-zemi\/majas-un-nodarbes\/giovanni-maja\/","name":"D\u017eovanni\u00a0m\u0101jas | Lottemaa Teemapark","isPartOf":{"@id":"https:\/\/lottemaa.ee\/#website"},"primaryImageOfPage":{"@id":"https:\/\/lottemaa.ee\/lv\/par-lotes-zemi\/majas-un-nodarbes\/giovanni-maja\/#primaryimage"},"image":{"@id":"https:\/\/lottemaa.ee\/lv\/par-lotes-zemi\/majas-un-nodarbes\/giovanni-maja\/#primaryimage"},"thumbnailUrl":"https:\/\/lottemaa.ee\/wp-content\/uploads\/2022\/04\/DSC_7188-scaled.jpg","datePublished":"2016-05-16T17:50:29+00:00","dateModified":"2024-09-25T12:07:46+00:00","description":"Uz lapsas D\u017eovanni m\u0101jas te\u0101tra skatuves vienm\u0113r tiek sp\u0113l\u0113ts te\u0101tris. Ta\u010du \u0161eit tiek dzied\u0101tas ar\u012b dziesmas ir dejotas dejas.","breadcrumb":{"@id":"https:\/\/lottemaa.ee\/lv\/par-lotes-zemi\/majas-un-nodarbes\/giovanni-maja\/#breadcrumb"},"inLanguage":"lv-LV","potentialAction":[{"@type":"ReadAction","target":["https:\/\/lottemaa.ee\/lv\/par-lotes-zemi\/majas-un-nodarbes\/giovanni-maja\/"]}]},{"@type":"ImageObject","inLanguage":"lv-LV","@id":"https:\/\/lottemaa.ee\/lv\/par-lotes-zemi\/majas-un-nodarbes\/giovanni-maja\/#primaryimage","url":"https:\/\/lottemaa.ee\/wp-content\/uploads\/2022\/04\/DSC_7188-scaled.jpg","contentUrl":"https:\/\/lottemaa.ee\/wp-content\/uploads\/2022\/04\/DSC_7188-scaled.jpg","width":2560,"height":1696},{"@type":"BreadcrumbList","@id":"https:\/\/lottemaa.ee\/lv\/par-lotes-zemi\/majas-un-nodarbes\/giovanni-maja\/#breadcrumb","itemListElement":[{"@type":"ListItem","position":1,"name":"Home","item":"https:\/\/lottemaa.ee\/lv\/"},{"@type":"ListItem","position":2,"name":"Diena Lotes zem\u0113","item":"https:\/\/lottemaa.ee\/lv\/par-lotes-zemi\/"},{"@type":"ListItem","position":3,"name":"M\u0101jas un nodarbes","item":"https:\/\/lottemaa.ee\/lv\/par-lotes-zemi\/majas-un-nodarbes\/"},{"@type":"ListItem","position":4,"name":"D\u017eovanni\u00a0m\u0101jas"}]},{"@type":"WebSite","@id":"https:\/\/lottemaa.ee\/#website","url":"https:\/\/lottemaa.ee\/","name":"Lottemaa Teemapark","description":"Baltimaade suurim ja k\u00f5ige \u00e4gedam kogupere teemapark Eestis P\u00e4rnumaal","publisher":{"@id":"https:\/\/lottemaa.ee\/#organization"},"potentialAction":[{"@type":"SearchAction","target":{"@type":"EntryPoint","urlTemplate":"https:\/\/lottemaa.ee\/?s={search_term_string}"},"query-input":{"@type":"PropertyValueSpecification","valueRequired":true,"valueName":"search_term_string"}}],"inLanguage":"lv-LV"},{"@type":"Organization","@id":"https:\/\/lottemaa.ee\/#organization","name":"Lottemaa Teemapark","url":"https:\/\/lottemaa.ee\/","logo":{"@type":"ImageObject","inLanguage":"lv-LV","@id":"https:\/\/lottemaa.ee\/#\/schema\/logo\/image\/","url":"https:\/\/lottemaa.ee\/wp-content\/uploads\/2018\/12\/Lottemaa_LOGO.png","contentUrl":"https:\/\/lottemaa.ee\/wp-content\/uploads\/2018\/12\/Lottemaa_LOGO.png","width":1024,"height":518,"caption":"Lottemaa Teemapark"},"image":{"@id":"https:\/\/lottemaa.ee\/#\/schema\/logo\/image\/"}}]}},"_links":{"self":[{"href":"https:\/\/lottemaa.ee\/lv\/wp-json\/wp\/v2\/pages\/1330","targetHints":{"allow":["GET"]}}],"collection":[{"href":"https:\/\/lottemaa.ee\/lv\/wp-json\/wp\/v2\/pages"}],"about":[{"href":"https:\/\/lottemaa.ee\/lv\/wp-json\/wp\/v2\/types\/page"}],"author":[{"embeddable":true,"href":"https:\/\/lottemaa.ee\/lv\/wp-json\/wp\/v2\/users\/1"}],"replies":[{"embeddable":true,"href":"https:\/\/lottemaa.ee\/lv\/wp-json\/wp\/v2\/comments?post=1330"}],"version-history":[{"count":5,"href":"https:\/\/lottemaa.ee\/lv\/wp-json\/wp\/v2\/pages\/1330\/revisions"}],"predecessor-version":[{"id":28530,"href":"https:\/\/lottemaa.ee\/lv\/wp-json\/wp\/v2\/pages\/1330\/revisions\/28530"}],"up":[{"embeddable":true,"href":"https:\/\/lottemaa.ee\/lv\/wp-json\/wp\/v2\/pages\/1317"}],"wp:featuredmedia":[{"embeddable":true,"href":"https:\/\/lottemaa.ee\/lv\/wp-json\/wp\/v2\/media\/13573"}],"wp:attachment":[{"href":"https:\/\/lottemaa.ee\/lv\/wp-json\/wp\/v2\/media?parent=1330"}],"curies":[{"name":"wp","href":"https:\/\/api.w.org\/{rel}","templated":true}]}}