{"id":1328,"date":"2016-05-16T20:49:22","date_gmt":"2016-05-16T17:49:22","guid":{"rendered":"http:\/\/sharks.ee\/lottemaa\/lv\/?page_id=1328"},"modified":"2024-09-25T15:14:57","modified_gmt":"2024-09-25T12:14:57","slug":"sigade-maja","status":"publish","type":"page","link":"https:\/\/lottemaa.ee\/lv\/par-lotes-zemi\/majas-un-nodarbes\/sigade-maja\/","title":{"rendered":"C\u016bku m\u0101ja"},"content":{"rendered":"<p style=\"text-align: left;\">\u0160aj\u0101 m\u0101j\u0101 dz\u012bvo c\u016bku \u0123imene: m\u0101te Helmi, t\u0113vs Helmuts un vi\u0146u 3 b\u0113rni. C\u016bku m\u0101te Helmi ir paz\u012bstama un atz\u012bta izgudrot\u0101ja, kuras izgudrojumu vid\u016b ir, piem\u0113ram, \u201cP\u0101ri pe\u013c\u0137ei l\u0113k\u0161anas lidma\u0161\u012bna\u201d. C\u016bku t\u0113vs Helmuts ir Izgudrot\u0101ju ciema skolas direktors, kam visvair\u0101k par visu pat\u012bk spilvenu kaujas. C\u016bku b\u0113rni, protams, ir pilni delver\u012bbu, un ar\u012b vi\u0146iem \u013coti pat\u012bk spilvenu kaujas. Laipnaj\u0101 c\u016bku m\u0101j\u0101 viesi ir \u013coti gaid\u012bti. T\u0101 k\u0101 c\u016bk\u0101m ir daudz spilvenu, tad tie\u0161i \u0161aj\u0101 m\u0101j\u0101 ir pat\u012bkami zviln\u0113t un nedaudz atp\u016bsties vai \u2013 pa\u0161iem maz\u0101kajiem apmekl\u0113t\u0101jiem \u2013 nomain\u012bt auti\u0146us. Mazu\u013cu m\u0101mi\u0146\u0101m \u0161aj\u0101 m\u0101j\u0101 ir tik \u0113rti, ka z\u012bdai\u0146i var ar\u012b mier\u012bgi piepild\u012bt v\u0113deri\u0146us.<\/p>\n","protected":false},"excerpt":{"rendered":"<p>\u0160aj\u0101 m\u0101j\u0101 dz\u012bvo c\u016bku \u0123imene: m\u0101te Helmi, t\u0113vs Helmuts un vi\u0146u 3 b\u0113rni. C\u016bku m\u0101te Helmi ir paz\u012bstama un atz\u012bta izgudrot\u0101ja, kuras izgudrojumu vid\u016b ir, piem\u0113ram, \u201cP\u0101ri pe\u013c\u0137ei l\u0113k\u0161anas lidma\u0161\u012bna\u201d. C\u016bku t\u0113vs Helmuts ir Izgudrot\u0101ju ciema skolas direktors, kam visvair\u0101k par visu pat\u012bk spilvenu kaujas. C\u016bku b\u0113rni, protams, ir pilni delver\u012bbu, un ar\u012b vi\u0146iem \u013coti &hellip; <a href=\"https:\/\/lottemaa.ee\/lv\/par-lotes-zemi\/majas-un-nodarbes\/sigade-maja\/\">Continued<\/a><\/p>\n","protected":false},"author":1,"featured_media":28531,"parent":1317,"menu_order":592,"comment_status":"closed","ping_status":"closed","template":"","meta":{"_acf_changed":false,"om_disable_all_campaigns":false,"_uf_show_specific_survey":0,"_uf_disable_surveys":false,"footnotes":""},"class_list":["post-1328","page","type-page","status-publish","has-post-thumbnail","hentry"],"acf":[],"yoast_head":"<!-- This site is optimized with the Yoast SEO plugin v25.5 - https:\/\/yoast.com\/wordpress\/plugins\/seo\/ -->\n<title>C\u016bku m\u0101ja | Lottemaa Teemapark<\/title>\n<meta name=\"description\" content=\"Viesu m\u0101j\u0101 mammas var\u0113s par\u016bp\u0113ties par saviem mazu\u013ciem. Tur ir ier\u012bkoti p\u0101rt\u012b\u0161anas galdi\u0146i un virtuves st\u016br\u012btis.\" \/>\n<meta name=\"robots\" content=\"index, follow, max-snippet:-1, max-image-preview:large, max-video-preview:-1\" \/>\n<link rel=\"canonical\" href=\"https:\/\/lottemaa.ee\/lv\/par-lotes-zemi\/majas-un-nodarbes\/sigade-maja\/\" \/>\n<meta property=\"og:locale\" content=\"lv_LV\" \/>\n<meta property=\"og:type\" content=\"article\" \/>\n<meta property=\"og:title\" content=\"C\u016bku m\u0101ja | Lottemaa Teemapark\" \/>\n<meta property=\"og:description\" content=\"Viesu m\u0101j\u0101 mammas var\u0113s par\u016bp\u0113ties par saviem mazu\u013ciem. Tur ir ier\u012bkoti p\u0101rt\u012b\u0161anas galdi\u0146i un virtuves st\u016br\u012btis.\" \/>\n<meta property=\"og:url\" content=\"https:\/\/lottemaa.ee\/lv\/par-lotes-zemi\/majas-un-nodarbes\/sigade-maja\/\" \/>\n<meta property=\"og:site_name\" content=\"Lottemaa Teemapark\" \/>\n<meta property=\"article:modified_time\" content=\"2024-09-25T12:14:57+00:00\" \/>\n<meta property=\"og:image\" content=\"https:\/\/lottemaa.ee\/wp-content\/uploads\/2024\/09\/lottemaa-sigade-maja-2.jpg\" \/>\n\t<meta property=\"og:image:width\" content=\"500\" \/>\n\t<meta property=\"og:image:height\" content=\"333\" \/>\n\t<meta property=\"og:image:type\" content=\"image\/jpeg\" \/>\n<meta name=\"twitter:card\" content=\"summary_large_image\" \/>\n<meta name=\"twitter:label1\" content=\"Est. reading time\" \/>\n\t<meta name=\"twitter:data1\" content=\"1 min\u016b\u0161u\" \/>\n<script type=\"application\/ld+json\" class=\"yoast-schema-graph\">{\"@context\":\"https:\/\/schema.org\",\"@graph\":[{\"@type\":\"WebPage\",\"@id\":\"https:\/\/lottemaa.ee\/lv\/par-lotes-zemi\/majas-un-nodarbes\/sigade-maja\/\",\"url\":\"https:\/\/lottemaa.ee\/lv\/par-lotes-zemi\/majas-un-nodarbes\/sigade-maja\/\",\"name\":\"C\u016bku m\u0101ja | Lottemaa Teemapark\",\"isPartOf\":{\"@id\":\"https:\/\/lottemaa.ee\/#website\"},\"primaryImageOfPage\":{\"@id\":\"https:\/\/lottemaa.ee\/lv\/par-lotes-zemi\/majas-un-nodarbes\/sigade-maja\/#primaryimage\"},\"image\":{\"@id\":\"https:\/\/lottemaa.ee\/lv\/par-lotes-zemi\/majas-un-nodarbes\/sigade-maja\/#primaryimage\"},\"thumbnailUrl\":\"https:\/\/lottemaa.ee\/wp-content\/uploads\/2024\/09\/lottemaa-sigade-maja-2.jpg\",\"datePublished\":\"2016-05-16T17:49:22+00:00\",\"dateModified\":\"2024-09-25T12:14:57+00:00\",\"description\":\"Viesu m\u0101j\u0101 mammas var\u0113s par\u016bp\u0113ties par saviem mazu\u013ciem. Tur ir ier\u012bkoti p\u0101rt\u012b\u0161anas galdi\u0146i un virtuves st\u016br\u012btis.\",\"breadcrumb\":{\"@id\":\"https:\/\/lottemaa.ee\/lv\/par-lotes-zemi\/majas-un-nodarbes\/sigade-maja\/#breadcrumb\"},\"inLanguage\":\"lv-LV\",\"potentialAction\":[{\"@type\":\"ReadAction\",\"target\":[\"https:\/\/lottemaa.ee\/lv\/par-lotes-zemi\/majas-un-nodarbes\/sigade-maja\/\"]}]},{\"@type\":\"ImageObject\",\"inLanguage\":\"lv-LV\",\"@id\":\"https:\/\/lottemaa.ee\/lv\/par-lotes-zemi\/majas-un-nodarbes\/sigade-maja\/#primaryimage\",\"url\":\"https:\/\/lottemaa.ee\/wp-content\/uploads\/2024\/09\/lottemaa-sigade-maja-2.jpg\",\"contentUrl\":\"https:\/\/lottemaa.ee\/wp-content\/uploads\/2024\/09\/lottemaa-sigade-maja-2.jpg\",\"width\":500,\"height\":333},{\"@type\":\"BreadcrumbList\",\"@id\":\"https:\/\/lottemaa.ee\/lv\/par-lotes-zemi\/majas-un-nodarbes\/sigade-maja\/#breadcrumb\",\"itemListElement\":[{\"@type\":\"ListItem\",\"position\":1,\"name\":\"Home\",\"item\":\"https:\/\/lottemaa.ee\/lv\/\"},{\"@type\":\"ListItem\",\"position\":2,\"name\":\"Diena Lotes zem\u0113\",\"item\":\"https:\/\/lottemaa.ee\/lv\/par-lotes-zemi\/\"},{\"@type\":\"ListItem\",\"position\":3,\"name\":\"M\u0101jas un nodarbes\",\"item\":\"https:\/\/lottemaa.ee\/lv\/par-lotes-zemi\/majas-un-nodarbes\/\"},{\"@type\":\"ListItem\",\"position\":4,\"name\":\"C\u016bku m\u0101ja\"}]},{\"@type\":\"WebSite\",\"@id\":\"https:\/\/lottemaa.ee\/#website\",\"url\":\"https:\/\/lottemaa.ee\/\",\"name\":\"Lottemaa Teemapark\",\"description\":\"Baltimaade suurim ja k\u00f5ige \u00e4gedam kogupere teemapark Eestis P\u00e4rnumaal\",\"publisher\":{\"@id\":\"https:\/\/lottemaa.ee\/#organization\"},\"potentialAction\":[{\"@type\":\"SearchAction\",\"target\":{\"@type\":\"EntryPoint\",\"urlTemplate\":\"https:\/\/lottemaa.ee\/?s={search_term_string}\"},\"query-input\":{\"@type\":\"PropertyValueSpecification\",\"valueRequired\":true,\"valueName\":\"search_term_string\"}}],\"inLanguage\":\"lv-LV\"},{\"@type\":\"Organization\",\"@id\":\"https:\/\/lottemaa.ee\/#organization\",\"name\":\"Lottemaa Teemapark\",\"url\":\"https:\/\/lottemaa.ee\/\",\"logo\":{\"@type\":\"ImageObject\",\"inLanguage\":\"lv-LV\",\"@id\":\"https:\/\/lottemaa.ee\/#\/schema\/logo\/image\/\",\"url\":\"https:\/\/lottemaa.ee\/wp-content\/uploads\/2018\/12\/Lottemaa_LOGO.png\",\"contentUrl\":\"https:\/\/lottemaa.ee\/wp-content\/uploads\/2018\/12\/Lottemaa_LOGO.png\",\"width\":1024,\"height\":518,\"caption\":\"Lottemaa Teemapark\"},\"image\":{\"@id\":\"https:\/\/lottemaa.ee\/#\/schema\/logo\/image\/\"}}]}<\/script>\n<!-- \/ Yoast SEO plugin. -->","yoast_head_json":{"title":"C\u016bku m\u0101ja | Lottemaa Teemapark","description":"Viesu m\u0101j\u0101 mammas var\u0113s par\u016bp\u0113ties par saviem mazu\u013ciem. Tur ir ier\u012bkoti p\u0101rt\u012b\u0161anas galdi\u0146i un virtuves st\u016br\u012btis.","robots":{"index":"index","follow":"follow","max-snippet":"max-snippet:-1","max-image-preview":"max-image-preview:large","max-video-preview":"max-video-preview:-1"},"canonical":"https:\/\/lottemaa.ee\/lv\/par-lotes-zemi\/majas-un-nodarbes\/sigade-maja\/","og_locale":"lv_LV","og_type":"article","og_title":"C\u016bku m\u0101ja | Lottemaa Teemapark","og_description":"Viesu m\u0101j\u0101 mammas var\u0113s par\u016bp\u0113ties par saviem mazu\u013ciem. Tur ir ier\u012bkoti p\u0101rt\u012b\u0161anas galdi\u0146i un virtuves st\u016br\u012btis.","og_url":"https:\/\/lottemaa.ee\/lv\/par-lotes-zemi\/majas-un-nodarbes\/sigade-maja\/","og_site_name":"Lottemaa Teemapark","article_modified_time":"2024-09-25T12:14:57+00:00","og_image":[{"width":500,"height":333,"url":"https:\/\/lottemaa.ee\/wp-content\/uploads\/2024\/09\/lottemaa-sigade-maja-2.jpg","type":"image\/jpeg"}],"twitter_card":"summary_large_image","twitter_misc":{"Est. reading time":"1 min\u016b\u0161u"},"schema":{"@context":"https:\/\/schema.org","@graph":[{"@type":"WebPage","@id":"https:\/\/lottemaa.ee\/lv\/par-lotes-zemi\/majas-un-nodarbes\/sigade-maja\/","url":"https:\/\/lottemaa.ee\/lv\/par-lotes-zemi\/majas-un-nodarbes\/sigade-maja\/","name":"C\u016bku m\u0101ja | Lottemaa Teemapark","isPartOf":{"@id":"https:\/\/lottemaa.ee\/#website"},"primaryImageOfPage":{"@id":"https:\/\/lottemaa.ee\/lv\/par-lotes-zemi\/majas-un-nodarbes\/sigade-maja\/#primaryimage"},"image":{"@id":"https:\/\/lottemaa.ee\/lv\/par-lotes-zemi\/majas-un-nodarbes\/sigade-maja\/#primaryimage"},"thumbnailUrl":"https:\/\/lottemaa.ee\/wp-content\/uploads\/2024\/09\/lottemaa-sigade-maja-2.jpg","datePublished":"2016-05-16T17:49:22+00:00","dateModified":"2024-09-25T12:14:57+00:00","description":"Viesu m\u0101j\u0101 mammas var\u0113s par\u016bp\u0113ties par saviem mazu\u013ciem. Tur ir ier\u012bkoti p\u0101rt\u012b\u0161anas galdi\u0146i un virtuves st\u016br\u012btis.","breadcrumb":{"@id":"https:\/\/lottemaa.ee\/lv\/par-lotes-zemi\/majas-un-nodarbes\/sigade-maja\/#breadcrumb"},"inLanguage":"lv-LV","potentialAction":[{"@type":"ReadAction","target":["https:\/\/lottemaa.ee\/lv\/par-lotes-zemi\/majas-un-nodarbes\/sigade-maja\/"]}]},{"@type":"ImageObject","inLanguage":"lv-LV","@id":"https:\/\/lottemaa.ee\/lv\/par-lotes-zemi\/majas-un-nodarbes\/sigade-maja\/#primaryimage","url":"https:\/\/lottemaa.ee\/wp-content\/uploads\/2024\/09\/lottemaa-sigade-maja-2.jpg","contentUrl":"https:\/\/lottemaa.ee\/wp-content\/uploads\/2024\/09\/lottemaa-sigade-maja-2.jpg","width":500,"height":333},{"@type":"BreadcrumbList","@id":"https:\/\/lottemaa.ee\/lv\/par-lotes-zemi\/majas-un-nodarbes\/sigade-maja\/#breadcrumb","itemListElement":[{"@type":"ListItem","position":1,"name":"Home","item":"https:\/\/lottemaa.ee\/lv\/"},{"@type":"ListItem","position":2,"name":"Diena Lotes zem\u0113","item":"https:\/\/lottemaa.ee\/lv\/par-lotes-zemi\/"},{"@type":"ListItem","position":3,"name":"M\u0101jas un nodarbes","item":"https:\/\/lottemaa.ee\/lv\/par-lotes-zemi\/majas-un-nodarbes\/"},{"@type":"ListItem","position":4,"name":"C\u016bku m\u0101ja"}]},{"@type":"WebSite","@id":"https:\/\/lottemaa.ee\/#website","url":"https:\/\/lottemaa.ee\/","name":"Lottemaa Teemapark","description":"Baltimaade suurim ja k\u00f5ige \u00e4gedam kogupere teemapark Eestis P\u00e4rnumaal","publisher":{"@id":"https:\/\/lottemaa.ee\/#organization"},"potentialAction":[{"@type":"SearchAction","target":{"@type":"EntryPoint","urlTemplate":"https:\/\/lottemaa.ee\/?s={search_term_string}"},"query-input":{"@type":"PropertyValueSpecification","valueRequired":true,"valueName":"search_term_string"}}],"inLanguage":"lv-LV"},{"@type":"Organization","@id":"https:\/\/lottemaa.ee\/#organization","name":"Lottemaa Teemapark","url":"https:\/\/lottemaa.ee\/","logo":{"@type":"ImageObject","inLanguage":"lv-LV","@id":"https:\/\/lottemaa.ee\/#\/schema\/logo\/image\/","url":"https:\/\/lottemaa.ee\/wp-content\/uploads\/2018\/12\/Lottemaa_LOGO.png","contentUrl":"https:\/\/lottemaa.ee\/wp-content\/uploads\/2018\/12\/Lottemaa_LOGO.png","width":1024,"height":518,"caption":"Lottemaa Teemapark"},"image":{"@id":"https:\/\/lottemaa.ee\/#\/schema\/logo\/image\/"}}]}},"_links":{"self":[{"href":"https:\/\/lottemaa.ee\/lv\/wp-json\/wp\/v2\/pages\/1328","targetHints":{"allow":["GET"]}}],"collection":[{"href":"https:\/\/lottemaa.ee\/lv\/wp-json\/wp\/v2\/pages"}],"about":[{"href":"https:\/\/lottemaa.ee\/lv\/wp-json\/wp\/v2\/types\/page"}],"author":[{"embeddable":true,"href":"https:\/\/lottemaa.ee\/lv\/wp-json\/wp\/v2\/users\/1"}],"replies":[{"embeddable":true,"href":"https:\/\/lottemaa.ee\/lv\/wp-json\/wp\/v2\/comments?post=1328"}],"version-history":[{"count":5,"href":"https:\/\/lottemaa.ee\/lv\/wp-json\/wp\/v2\/pages\/1328\/revisions"}],"predecessor-version":[{"id":28537,"href":"https:\/\/lottemaa.ee\/lv\/wp-json\/wp\/v2\/pages\/1328\/revisions\/28537"}],"up":[{"embeddable":true,"href":"https:\/\/lottemaa.ee\/lv\/wp-json\/wp\/v2\/pages\/1317"}],"wp:featuredmedia":[{"embeddable":true,"href":"https:\/\/lottemaa.ee\/lv\/wp-json\/wp\/v2\/media\/28531"}],"wp:attachment":[{"href":"https:\/\/lottemaa.ee\/lv\/wp-json\/wp\/v2\/media?parent=1328"}],"curies":[{"name":"wp","href":"https:\/\/api.w.org\/{rel}","templated":true}]}}