{"id":1319,"date":"2016-05-16T20:47:11","date_gmt":"2016-05-16T17:47:11","guid":{"rendered":"http:\/\/sharks.ee\/lottemaa\/lv\/?page_id=1319"},"modified":"2024-09-25T14:52:23","modified_gmt":"2024-09-25T11:52:23","slug":"lotte-maja","status":"publish","type":"page","link":"https:\/\/lottemaa.ee\/lv\/par-lotes-zemi\/majas-un-nodarbes\/lotte-maja\/","title":{"rendered":"Lotes m\u0101j\u0101"},"content":{"rendered":"<p style=\"text-align: left;\">Sp\u0113l\u0113\u0161an\u0101s\u00a0<strong>Lotes m\u0101j\u0101<\/strong>\u00a0ir j\u0101uz\u0146em \u013coti nopietni. T\u0101pat k\u0101 pati Lote. \u0160eit ir j\u0101sp\u0113l\u0113jas un tas ir j\u0101dara daudz. Lotes m\u0101ja ir gan rota\u013cu m\u0101ja, gan ar\u012b sp\u0113\u013cu m\u0101ja. \u0160eit b\u016bs daudz aizraujo\u0161u lietu katrai gaumei: galda sp\u0113les, kr\u0113slu sp\u0113les, griestu sp\u0113les, gr\u012bdas sp\u0113les, sienas sp\u0113les, izr\u0101des sp\u0113les, dejas sp\u0113les, skrie\u0161anas sp\u0113les\u2026.<\/p>\n","protected":false},"excerpt":{"rendered":"<p>Sp\u0113l\u0113\u0161an\u0101s\u00a0Lotes m\u0101j\u0101\u00a0ir j\u0101uz\u0146em \u013coti nopietni. T\u0101pat k\u0101 pati Lote. \u0160eit ir j\u0101sp\u0113l\u0113jas un tas ir j\u0101dara daudz. Lotes m\u0101ja ir gan rota\u013cu m\u0101ja, gan ar\u012b sp\u0113\u013cu m\u0101ja. \u0160eit b\u016bs daudz aizraujo\u0161u lietu katrai gaumei: galda sp\u0113les, kr\u0113slu sp\u0113les, griestu sp\u0113les, gr\u012bdas sp\u0113les, sienas sp\u0113les, izr\u0101des sp\u0113les, dejas sp\u0113les, skrie\u0161anas sp\u0113les\u2026.<\/p>\n","protected":false},"author":1,"featured_media":13748,"parent":1317,"menu_order":570,"comment_status":"closed","ping_status":"closed","template":"","meta":{"_acf_changed":false,"om_disable_all_campaigns":false,"_uf_show_specific_survey":0,"_uf_disable_surveys":false,"footnotes":""},"class_list":["post-1319","page","type-page","status-publish","has-post-thumbnail","hentry"],"acf":[],"yoast_head":"<!-- This site is optimized with the Yoast SEO plugin v25.5 - https:\/\/yoast.com\/wordpress\/plugins\/seo\/ -->\n<title>Lotes m\u0101j\u0101 | Lottemaa Teemapark<\/title>\n<meta name=\"description\" content=\"Sp\u0113l\u0113\u0161an\u0101s\u00a0Lotes m\u0101j\u0101\u00a0ir j\u0101uz\u0146em \u013coti nopietni. T\u0101pat k\u0101 pati Lote. \u0160eit ir j\u0101sp\u0113l\u0113jas un tas ir j\u0101dara daudz.\" \/>\n<meta name=\"robots\" content=\"index, follow, max-snippet:-1, max-image-preview:large, max-video-preview:-1\" \/>\n<link rel=\"canonical\" href=\"https:\/\/lottemaa.ee\/lv\/par-lotes-zemi\/majas-un-nodarbes\/lotte-maja\/\" \/>\n<meta property=\"og:locale\" content=\"lv_LV\" \/>\n<meta property=\"og:type\" content=\"article\" \/>\n<meta property=\"og:title\" content=\"Lotes m\u0101j\u0101 | Lottemaa Teemapark\" \/>\n<meta property=\"og:description\" content=\"Sp\u0113l\u0113\u0161an\u0101s\u00a0Lotes m\u0101j\u0101\u00a0ir j\u0101uz\u0146em \u013coti nopietni. T\u0101pat k\u0101 pati Lote. \u0160eit ir j\u0101sp\u0113l\u0113jas un tas ir j\u0101dara daudz.\" \/>\n<meta property=\"og:url\" content=\"https:\/\/lottemaa.ee\/lv\/par-lotes-zemi\/majas-un-nodarbes\/lotte-maja\/\" \/>\n<meta property=\"og:site_name\" content=\"Lottemaa Teemapark\" \/>\n<meta property=\"article:modified_time\" content=\"2024-09-25T11:52:23+00:00\" \/>\n<meta property=\"og:image\" content=\"https:\/\/lottemaa.ee\/wp-content\/uploads\/2022\/04\/DSC_7371-scaled.jpg\" \/>\n\t<meta property=\"og:image:width\" content=\"2560\" \/>\n\t<meta property=\"og:image:height\" content=\"1695\" \/>\n\t<meta property=\"og:image:type\" content=\"image\/jpeg\" \/>\n<meta name=\"twitter:card\" content=\"summary_large_image\" \/>\n<meta name=\"twitter:label1\" content=\"Est. reading time\" \/>\n\t<meta name=\"twitter:data1\" content=\"1 min\u016b\u0161u\" \/>\n<script type=\"application\/ld+json\" class=\"yoast-schema-graph\">{\"@context\":\"https:\/\/schema.org\",\"@graph\":[{\"@type\":\"WebPage\",\"@id\":\"https:\/\/lottemaa.ee\/lv\/par-lotes-zemi\/majas-un-nodarbes\/lotte-maja\/\",\"url\":\"https:\/\/lottemaa.ee\/lv\/par-lotes-zemi\/majas-un-nodarbes\/lotte-maja\/\",\"name\":\"Lotes m\u0101j\u0101 | Lottemaa Teemapark\",\"isPartOf\":{\"@id\":\"https:\/\/lottemaa.ee\/#website\"},\"primaryImageOfPage\":{\"@id\":\"https:\/\/lottemaa.ee\/lv\/par-lotes-zemi\/majas-un-nodarbes\/lotte-maja\/#primaryimage\"},\"image\":{\"@id\":\"https:\/\/lottemaa.ee\/lv\/par-lotes-zemi\/majas-un-nodarbes\/lotte-maja\/#primaryimage\"},\"thumbnailUrl\":\"https:\/\/lottemaa.ee\/wp-content\/uploads\/2022\/04\/DSC_7371-scaled.jpg\",\"datePublished\":\"2016-05-16T17:47:11+00:00\",\"dateModified\":\"2024-09-25T11:52:23+00:00\",\"description\":\"Sp\u0113l\u0113\u0161an\u0101s\u00a0Lotes m\u0101j\u0101\u00a0ir j\u0101uz\u0146em \u013coti nopietni. T\u0101pat k\u0101 pati Lote. \u0160eit ir j\u0101sp\u0113l\u0113jas un tas ir j\u0101dara daudz.\",\"breadcrumb\":{\"@id\":\"https:\/\/lottemaa.ee\/lv\/par-lotes-zemi\/majas-un-nodarbes\/lotte-maja\/#breadcrumb\"},\"inLanguage\":\"lv-LV\",\"potentialAction\":[{\"@type\":\"ReadAction\",\"target\":[\"https:\/\/lottemaa.ee\/lv\/par-lotes-zemi\/majas-un-nodarbes\/lotte-maja\/\"]}]},{\"@type\":\"ImageObject\",\"inLanguage\":\"lv-LV\",\"@id\":\"https:\/\/lottemaa.ee\/lv\/par-lotes-zemi\/majas-un-nodarbes\/lotte-maja\/#primaryimage\",\"url\":\"https:\/\/lottemaa.ee\/wp-content\/uploads\/2022\/04\/DSC_7371-scaled.jpg\",\"contentUrl\":\"https:\/\/lottemaa.ee\/wp-content\/uploads\/2022\/04\/DSC_7371-scaled.jpg\",\"width\":2560,\"height\":1695},{\"@type\":\"BreadcrumbList\",\"@id\":\"https:\/\/lottemaa.ee\/lv\/par-lotes-zemi\/majas-un-nodarbes\/lotte-maja\/#breadcrumb\",\"itemListElement\":[{\"@type\":\"ListItem\",\"position\":1,\"name\":\"Home\",\"item\":\"https:\/\/lottemaa.ee\/lv\/\"},{\"@type\":\"ListItem\",\"position\":2,\"name\":\"Diena Lotes zem\u0113\",\"item\":\"https:\/\/lottemaa.ee\/lv\/par-lotes-zemi\/\"},{\"@type\":\"ListItem\",\"position\":3,\"name\":\"M\u0101jas un nodarbes\",\"item\":\"https:\/\/lottemaa.ee\/lv\/par-lotes-zemi\/majas-un-nodarbes\/\"},{\"@type\":\"ListItem\",\"position\":4,\"name\":\"Lotes m\u0101j\u0101\"}]},{\"@type\":\"WebSite\",\"@id\":\"https:\/\/lottemaa.ee\/#website\",\"url\":\"https:\/\/lottemaa.ee\/\",\"name\":\"Lottemaa Teemapark\",\"description\":\"Baltimaade suurim ja k\u00f5ige \u00e4gedam kogupere teemapark Eestis P\u00e4rnumaal\",\"publisher\":{\"@id\":\"https:\/\/lottemaa.ee\/#organization\"},\"potentialAction\":[{\"@type\":\"SearchAction\",\"target\":{\"@type\":\"EntryPoint\",\"urlTemplate\":\"https:\/\/lottemaa.ee\/?s={search_term_string}\"},\"query-input\":{\"@type\":\"PropertyValueSpecification\",\"valueRequired\":true,\"valueName\":\"search_term_string\"}}],\"inLanguage\":\"lv-LV\"},{\"@type\":\"Organization\",\"@id\":\"https:\/\/lottemaa.ee\/#organization\",\"name\":\"Lottemaa Teemapark\",\"url\":\"https:\/\/lottemaa.ee\/\",\"logo\":{\"@type\":\"ImageObject\",\"inLanguage\":\"lv-LV\",\"@id\":\"https:\/\/lottemaa.ee\/#\/schema\/logo\/image\/\",\"url\":\"https:\/\/lottemaa.ee\/wp-content\/uploads\/2018\/12\/Lottemaa_LOGO.png\",\"contentUrl\":\"https:\/\/lottemaa.ee\/wp-content\/uploads\/2018\/12\/Lottemaa_LOGO.png\",\"width\":1024,\"height\":518,\"caption\":\"Lottemaa Teemapark\"},\"image\":{\"@id\":\"https:\/\/lottemaa.ee\/#\/schema\/logo\/image\/\"}}]}<\/script>\n<!-- \/ Yoast SEO plugin. -->","yoast_head_json":{"title":"Lotes m\u0101j\u0101 | Lottemaa Teemapark","description":"Sp\u0113l\u0113\u0161an\u0101s\u00a0Lotes m\u0101j\u0101\u00a0ir j\u0101uz\u0146em \u013coti nopietni. T\u0101pat k\u0101 pati Lote. \u0160eit ir j\u0101sp\u0113l\u0113jas un tas ir j\u0101dara daudz.","robots":{"index":"index","follow":"follow","max-snippet":"max-snippet:-1","max-image-preview":"max-image-preview:large","max-video-preview":"max-video-preview:-1"},"canonical":"https:\/\/lottemaa.ee\/lv\/par-lotes-zemi\/majas-un-nodarbes\/lotte-maja\/","og_locale":"lv_LV","og_type":"article","og_title":"Lotes m\u0101j\u0101 | Lottemaa Teemapark","og_description":"Sp\u0113l\u0113\u0161an\u0101s\u00a0Lotes m\u0101j\u0101\u00a0ir j\u0101uz\u0146em \u013coti nopietni. T\u0101pat k\u0101 pati Lote. \u0160eit ir j\u0101sp\u0113l\u0113jas un tas ir j\u0101dara daudz.","og_url":"https:\/\/lottemaa.ee\/lv\/par-lotes-zemi\/majas-un-nodarbes\/lotte-maja\/","og_site_name":"Lottemaa Teemapark","article_modified_time":"2024-09-25T11:52:23+00:00","og_image":[{"width":2560,"height":1695,"url":"https:\/\/lottemaa.ee\/wp-content\/uploads\/2022\/04\/DSC_7371-scaled.jpg","type":"image\/jpeg"}],"twitter_card":"summary_large_image","twitter_misc":{"Est. reading time":"1 min\u016b\u0161u"},"schema":{"@context":"https:\/\/schema.org","@graph":[{"@type":"WebPage","@id":"https:\/\/lottemaa.ee\/lv\/par-lotes-zemi\/majas-un-nodarbes\/lotte-maja\/","url":"https:\/\/lottemaa.ee\/lv\/par-lotes-zemi\/majas-un-nodarbes\/lotte-maja\/","name":"Lotes m\u0101j\u0101 | Lottemaa Teemapark","isPartOf":{"@id":"https:\/\/lottemaa.ee\/#website"},"primaryImageOfPage":{"@id":"https:\/\/lottemaa.ee\/lv\/par-lotes-zemi\/majas-un-nodarbes\/lotte-maja\/#primaryimage"},"image":{"@id":"https:\/\/lottemaa.ee\/lv\/par-lotes-zemi\/majas-un-nodarbes\/lotte-maja\/#primaryimage"},"thumbnailUrl":"https:\/\/lottemaa.ee\/wp-content\/uploads\/2022\/04\/DSC_7371-scaled.jpg","datePublished":"2016-05-16T17:47:11+00:00","dateModified":"2024-09-25T11:52:23+00:00","description":"Sp\u0113l\u0113\u0161an\u0101s\u00a0Lotes m\u0101j\u0101\u00a0ir j\u0101uz\u0146em \u013coti nopietni. T\u0101pat k\u0101 pati Lote. \u0160eit ir j\u0101sp\u0113l\u0113jas un tas ir j\u0101dara daudz.","breadcrumb":{"@id":"https:\/\/lottemaa.ee\/lv\/par-lotes-zemi\/majas-un-nodarbes\/lotte-maja\/#breadcrumb"},"inLanguage":"lv-LV","potentialAction":[{"@type":"ReadAction","target":["https:\/\/lottemaa.ee\/lv\/par-lotes-zemi\/majas-un-nodarbes\/lotte-maja\/"]}]},{"@type":"ImageObject","inLanguage":"lv-LV","@id":"https:\/\/lottemaa.ee\/lv\/par-lotes-zemi\/majas-un-nodarbes\/lotte-maja\/#primaryimage","url":"https:\/\/lottemaa.ee\/wp-content\/uploads\/2022\/04\/DSC_7371-scaled.jpg","contentUrl":"https:\/\/lottemaa.ee\/wp-content\/uploads\/2022\/04\/DSC_7371-scaled.jpg","width":2560,"height":1695},{"@type":"BreadcrumbList","@id":"https:\/\/lottemaa.ee\/lv\/par-lotes-zemi\/majas-un-nodarbes\/lotte-maja\/#breadcrumb","itemListElement":[{"@type":"ListItem","position":1,"name":"Home","item":"https:\/\/lottemaa.ee\/lv\/"},{"@type":"ListItem","position":2,"name":"Diena Lotes zem\u0113","item":"https:\/\/lottemaa.ee\/lv\/par-lotes-zemi\/"},{"@type":"ListItem","position":3,"name":"M\u0101jas un nodarbes","item":"https:\/\/lottemaa.ee\/lv\/par-lotes-zemi\/majas-un-nodarbes\/"},{"@type":"ListItem","position":4,"name":"Lotes m\u0101j\u0101"}]},{"@type":"WebSite","@id":"https:\/\/lottemaa.ee\/#website","url":"https:\/\/lottemaa.ee\/","name":"Lottemaa Teemapark","description":"Baltimaade suurim ja k\u00f5ige \u00e4gedam kogupere teemapark Eestis P\u00e4rnumaal","publisher":{"@id":"https:\/\/lottemaa.ee\/#organization"},"potentialAction":[{"@type":"SearchAction","target":{"@type":"EntryPoint","urlTemplate":"https:\/\/lottemaa.ee\/?s={search_term_string}"},"query-input":{"@type":"PropertyValueSpecification","valueRequired":true,"valueName":"search_term_string"}}],"inLanguage":"lv-LV"},{"@type":"Organization","@id":"https:\/\/lottemaa.ee\/#organization","name":"Lottemaa Teemapark","url":"https:\/\/lottemaa.ee\/","logo":{"@type":"ImageObject","inLanguage":"lv-LV","@id":"https:\/\/lottemaa.ee\/#\/schema\/logo\/image\/","url":"https:\/\/lottemaa.ee\/wp-content\/uploads\/2018\/12\/Lottemaa_LOGO.png","contentUrl":"https:\/\/lottemaa.ee\/wp-content\/uploads\/2018\/12\/Lottemaa_LOGO.png","width":1024,"height":518,"caption":"Lottemaa Teemapark"},"image":{"@id":"https:\/\/lottemaa.ee\/#\/schema\/logo\/image\/"}}]}},"_links":{"self":[{"href":"https:\/\/lottemaa.ee\/lv\/wp-json\/wp\/v2\/pages\/1319","targetHints":{"allow":["GET"]}}],"collection":[{"href":"https:\/\/lottemaa.ee\/lv\/wp-json\/wp\/v2\/pages"}],"about":[{"href":"https:\/\/lottemaa.ee\/lv\/wp-json\/wp\/v2\/types\/page"}],"author":[{"embeddable":true,"href":"https:\/\/lottemaa.ee\/lv\/wp-json\/wp\/v2\/users\/1"}],"replies":[{"embeddable":true,"href":"https:\/\/lottemaa.ee\/lv\/wp-json\/wp\/v2\/comments?post=1319"}],"version-history":[{"count":5,"href":"https:\/\/lottemaa.ee\/lv\/wp-json\/wp\/v2\/pages\/1319\/revisions"}],"predecessor-version":[{"id":28522,"href":"https:\/\/lottemaa.ee\/lv\/wp-json\/wp\/v2\/pages\/1319\/revisions\/28522"}],"up":[{"embeddable":true,"href":"https:\/\/lottemaa.ee\/lv\/wp-json\/wp\/v2\/pages\/1317"}],"wp:featuredmedia":[{"embeddable":true,"href":"https:\/\/lottemaa.ee\/lv\/wp-json\/wp\/v2\/media\/13748"}],"wp:attachment":[{"href":"https:\/\/lottemaa.ee\/lv\/wp-json\/wp\/v2\/media?parent=1319"}],"curies":[{"name":"wp","href":"https:\/\/api.w.org\/{rel}","templated":true}]}}