{"id":1313,"date":"2016-05-16T20:43:44","date_gmt":"2016-05-16T17:43:44","guid":{"rendered":"http:\/\/sharks.ee\/lottemaa\/lv\/?page_id=1313"},"modified":"2025-11-11T11:58:20","modified_gmt":"2025-11-11T09:58:20","slug":"lotes-pasutisana-pasakumiem","status":"publish","type":"page","link":"https:\/\/lottemaa.ee\/lv\/organize-pasakumu\/lotes-pasutisana-pasakumiem\/","title":{"rendered":"Lotes pas\u016bt\u012b\u0161ana pas\u0101kumiem"},"content":{"rendered":"<h3 style=\"text-align: left;\"><span style=\"color: #0000ff; font-family: Troika;\">Padari savas svin\u012bbas par pasakainu piedz\u012bvojumu!<\/span><\/h3>\n<h3 style=\"text-align: left;\"><span style=\"font-family: Troika; color: #ff0000;\">Lote atn\u0101ks ciemos:<\/span><\/h3>\n<p style=\"text-align: left;\">Uzaicini uz b\u0113rnu svin\u012bb\u0101m iem\u012b\u013coto Izgudrot\u0101ju ciema LOTI!<\/p>\n<p style=\"text-align: left;\">Lotes jaunkundze ir neizsak\u0101mi jautra un zin\u0101tk\u0101ra su\u0146u meitene, kurai visvair\u0101k pat\u012bk rota\u013c\u0101ties ar saviem draugiem un mest k\u016ble\u0146us. Tagad vi\u0146a jau ir tik liela, ka pati var doties ciemos pie saviem draugiem \u2013 uz dzim\u0161anas dien\u0101m, koncertiem, b\u0113rnud\u0101rziem, skol\u0101m, piknikiem\u2026 Kop\u0101 ta\u010du ir \u013coti lieliski!<\/p>\n<p style=\"text-align: left;\"><span style=\"font-family: georgia, palatino; color: #000000;\"><strong>Cena:<\/strong> <strong>no 292.8 \u20ac\/h<\/strong><\/span><\/p>\n<p style=\"text-align: left;\">Cen\u0101 IEK\u013bAUTS PVN!<\/p>\n<p style=\"text-align: left;\"><span style=\"color: #000000;\"><strong>Papildu inform\u0101cija un pas\u016bt\u012b\u0161ana:<\/strong> <\/span><strong><a href=\"mailto:tellimine@lottemaa.ee\">tellimine@lottemaa.ee<\/a><\/strong><\/p>\n","protected":false},"excerpt":{"rendered":"<p>Padari savas svin\u012bbas par pasakainu piedz\u012bvojumu! Lote atn\u0101ks ciemos: Uzaicini uz b\u0113rnu svin\u012bb\u0101m iem\u012b\u013coto Izgudrot\u0101ju ciema LOTI! Lotes jaunkundze ir neizsak\u0101mi jautra un zin\u0101tk\u0101ra su\u0146u meitene, kurai visvair\u0101k pat\u012bk rota\u013c\u0101ties ar saviem draugiem un mest k\u016ble\u0146us. Tagad vi\u0146a jau ir tik liela, ka pati var doties ciemos pie saviem draugiem \u2013 uz dzim\u0161anas dien\u0101m, koncertiem, &hellip; <a href=\"https:\/\/lottemaa.ee\/lv\/organize-pasakumu\/lotes-pasutisana-pasakumiem\/\">Continued<\/a><\/p>\n","protected":false},"author":1,"featured_media":19181,"parent":11902,"menu_order":325,"comment_status":"closed","ping_status":"closed","template":"","meta":{"_acf_changed":false,"om_disable_all_campaigns":false,"_uf_show_specific_survey":0,"_uf_disable_surveys":false,"footnotes":""},"class_list":["post-1313","page","type-page","status-publish","has-post-thumbnail","hentry"],"acf":[],"yoast_head":"<!-- This site is optimized with the Yoast SEO plugin v25.5 - https:\/\/yoast.com\/wordpress\/plugins\/seo\/ -->\n<title>Lotes Zemes - iel\u016bdziet Lotti uz savu dzim\u0161anas dienu!<\/title>\n<meta name=\"description\" content=\"Izgudrot\u0101ju ciema Lotes pas\u016bt\u012b\u0161ana uz dzim\u0161anas dienu, izlaidumiem, \u0123imenes dien\u0101m vai citiem pas\u0101kumiem visai \u0123imenei.\" \/>\n<meta name=\"robots\" content=\"index, follow, max-snippet:-1, max-image-preview:large, max-video-preview:-1\" \/>\n<link rel=\"canonical\" href=\"https:\/\/lottemaa.ee\/lv\/organize-pasakumu\/lotes-pasutisana-pasakumiem\/\" \/>\n<meta property=\"og:locale\" content=\"lv_LV\" \/>\n<meta property=\"og:type\" content=\"article\" \/>\n<meta property=\"og:title\" content=\"Lotes Zemes - iel\u016bdziet Lotti uz savu dzim\u0161anas dienu!\" \/>\n<meta property=\"og:description\" content=\"Izgudrot\u0101ju ciema Lotes pas\u016bt\u012b\u0161ana uz dzim\u0161anas dienu, izlaidumiem, \u0123imenes dien\u0101m vai citiem pas\u0101kumiem visai \u0123imenei.\" \/>\n<meta property=\"og:url\" content=\"https:\/\/lottemaa.ee\/lv\/organize-pasakumu\/lotes-pasutisana-pasakumiem\/\" \/>\n<meta property=\"og:site_name\" content=\"Lottemaa Teemapark\" \/>\n<meta property=\"article:modified_time\" content=\"2025-11-11T09:58:20+00:00\" \/>\n<meta property=\"og:image\" content=\"https:\/\/lottemaa.ee\/wp-content\/uploads\/2023\/01\/suvi2023_grupid_eripakkumine.jpg\" \/>\n\t<meta property=\"og:image:width\" content=\"295\" \/>\n\t<meta property=\"og:image:height\" content=\"257\" \/>\n\t<meta property=\"og:image:type\" content=\"image\/jpeg\" \/>\n<meta name=\"twitter:card\" content=\"summary_large_image\" \/>\n<meta name=\"twitter:label1\" content=\"Est. reading time\" \/>\n\t<meta name=\"twitter:data1\" content=\"1 min\u016b\u0161u\" \/>\n<script type=\"application\/ld+json\" class=\"yoast-schema-graph\">{\"@context\":\"https:\/\/schema.org\",\"@graph\":[{\"@type\":\"WebPage\",\"@id\":\"https:\/\/lottemaa.ee\/lv\/organize-pasakumu\/lotes-pasutisana-pasakumiem\/\",\"url\":\"https:\/\/lottemaa.ee\/lv\/organize-pasakumu\/lotes-pasutisana-pasakumiem\/\",\"name\":\"Lotes Zemes - iel\u016bdziet Lotti uz savu dzim\u0161anas dienu!\",\"isPartOf\":{\"@id\":\"https:\/\/lottemaa.ee\/#website\"},\"primaryImageOfPage\":{\"@id\":\"https:\/\/lottemaa.ee\/lv\/organize-pasakumu\/lotes-pasutisana-pasakumiem\/#primaryimage\"},\"image\":{\"@id\":\"https:\/\/lottemaa.ee\/lv\/organize-pasakumu\/lotes-pasutisana-pasakumiem\/#primaryimage\"},\"thumbnailUrl\":\"https:\/\/lottemaa.ee\/wp-content\/uploads\/2023\/01\/suvi2023_grupid_eripakkumine.jpg\",\"datePublished\":\"2016-05-16T17:43:44+00:00\",\"dateModified\":\"2025-11-11T09:58:20+00:00\",\"description\":\"Izgudrot\u0101ju ciema Lotes pas\u016bt\u012b\u0161ana uz dzim\u0161anas dienu, izlaidumiem, \u0123imenes dien\u0101m vai citiem pas\u0101kumiem visai \u0123imenei.\",\"breadcrumb\":{\"@id\":\"https:\/\/lottemaa.ee\/lv\/organize-pasakumu\/lotes-pasutisana-pasakumiem\/#breadcrumb\"},\"inLanguage\":\"lv-LV\",\"potentialAction\":[{\"@type\":\"ReadAction\",\"target\":[\"https:\/\/lottemaa.ee\/lv\/organize-pasakumu\/lotes-pasutisana-pasakumiem\/\"]}]},{\"@type\":\"ImageObject\",\"inLanguage\":\"lv-LV\",\"@id\":\"https:\/\/lottemaa.ee\/lv\/organize-pasakumu\/lotes-pasutisana-pasakumiem\/#primaryimage\",\"url\":\"https:\/\/lottemaa.ee\/wp-content\/uploads\/2023\/01\/suvi2023_grupid_eripakkumine.jpg\",\"contentUrl\":\"https:\/\/lottemaa.ee\/wp-content\/uploads\/2023\/01\/suvi2023_grupid_eripakkumine.jpg\",\"width\":295,\"height\":257},{\"@type\":\"BreadcrumbList\",\"@id\":\"https:\/\/lottemaa.ee\/lv\/organize-pasakumu\/lotes-pasutisana-pasakumiem\/#breadcrumb\",\"itemListElement\":[{\"@type\":\"ListItem\",\"position\":1,\"name\":\"Home\",\"item\":\"https:\/\/lottemaa.ee\/lv\/\"},{\"@type\":\"ListItem\",\"position\":2,\"name\":\"ORGANIZ\u0112 PAS\u0100KUMU\",\"item\":\"https:\/\/lottemaa.ee\/lv\/organize-pasakumu\/\"},{\"@type\":\"ListItem\",\"position\":3,\"name\":\"Lotes pas\u016bt\u012b\u0161ana pas\u0101kumiem\"}]},{\"@type\":\"WebSite\",\"@id\":\"https:\/\/lottemaa.ee\/#website\",\"url\":\"https:\/\/lottemaa.ee\/\",\"name\":\"Lottemaa Teemapark\",\"description\":\"Baltimaade suurim ja k\u00f5ige \u00e4gedam kogupere teemapark Eestis P\u00e4rnumaal\",\"publisher\":{\"@id\":\"https:\/\/lottemaa.ee\/#organization\"},\"potentialAction\":[{\"@type\":\"SearchAction\",\"target\":{\"@type\":\"EntryPoint\",\"urlTemplate\":\"https:\/\/lottemaa.ee\/?s={search_term_string}\"},\"query-input\":{\"@type\":\"PropertyValueSpecification\",\"valueRequired\":true,\"valueName\":\"search_term_string\"}}],\"inLanguage\":\"lv-LV\"},{\"@type\":\"Organization\",\"@id\":\"https:\/\/lottemaa.ee\/#organization\",\"name\":\"Lottemaa Teemapark\",\"url\":\"https:\/\/lottemaa.ee\/\",\"logo\":{\"@type\":\"ImageObject\",\"inLanguage\":\"lv-LV\",\"@id\":\"https:\/\/lottemaa.ee\/#\/schema\/logo\/image\/\",\"url\":\"https:\/\/lottemaa.ee\/wp-content\/uploads\/2018\/12\/Lottemaa_LOGO.png\",\"contentUrl\":\"https:\/\/lottemaa.ee\/wp-content\/uploads\/2018\/12\/Lottemaa_LOGO.png\",\"width\":1024,\"height\":518,\"caption\":\"Lottemaa Teemapark\"},\"image\":{\"@id\":\"https:\/\/lottemaa.ee\/#\/schema\/logo\/image\/\"}}]}<\/script>\n<!-- \/ Yoast SEO plugin. -->","yoast_head_json":{"title":"Lotes Zemes - iel\u016bdziet Lotti uz savu dzim\u0161anas dienu!","description":"Izgudrot\u0101ju ciema Lotes pas\u016bt\u012b\u0161ana uz dzim\u0161anas dienu, izlaidumiem, \u0123imenes dien\u0101m vai citiem pas\u0101kumiem visai \u0123imenei.","robots":{"index":"index","follow":"follow","max-snippet":"max-snippet:-1","max-image-preview":"max-image-preview:large","max-video-preview":"max-video-preview:-1"},"canonical":"https:\/\/lottemaa.ee\/lv\/organize-pasakumu\/lotes-pasutisana-pasakumiem\/","og_locale":"lv_LV","og_type":"article","og_title":"Lotes Zemes - iel\u016bdziet Lotti uz savu dzim\u0161anas dienu!","og_description":"Izgudrot\u0101ju ciema Lotes pas\u016bt\u012b\u0161ana uz dzim\u0161anas dienu, izlaidumiem, \u0123imenes dien\u0101m vai citiem pas\u0101kumiem visai \u0123imenei.","og_url":"https:\/\/lottemaa.ee\/lv\/organize-pasakumu\/lotes-pasutisana-pasakumiem\/","og_site_name":"Lottemaa Teemapark","article_modified_time":"2025-11-11T09:58:20+00:00","og_image":[{"width":295,"height":257,"url":"https:\/\/lottemaa.ee\/wp-content\/uploads\/2023\/01\/suvi2023_grupid_eripakkumine.jpg","type":"image\/jpeg"}],"twitter_card":"summary_large_image","twitter_misc":{"Est. reading time":"1 min\u016b\u0161u"},"schema":{"@context":"https:\/\/schema.org","@graph":[{"@type":"WebPage","@id":"https:\/\/lottemaa.ee\/lv\/organize-pasakumu\/lotes-pasutisana-pasakumiem\/","url":"https:\/\/lottemaa.ee\/lv\/organize-pasakumu\/lotes-pasutisana-pasakumiem\/","name":"Lotes Zemes - iel\u016bdziet Lotti uz savu dzim\u0161anas dienu!","isPartOf":{"@id":"https:\/\/lottemaa.ee\/#website"},"primaryImageOfPage":{"@id":"https:\/\/lottemaa.ee\/lv\/organize-pasakumu\/lotes-pasutisana-pasakumiem\/#primaryimage"},"image":{"@id":"https:\/\/lottemaa.ee\/lv\/organize-pasakumu\/lotes-pasutisana-pasakumiem\/#primaryimage"},"thumbnailUrl":"https:\/\/lottemaa.ee\/wp-content\/uploads\/2023\/01\/suvi2023_grupid_eripakkumine.jpg","datePublished":"2016-05-16T17:43:44+00:00","dateModified":"2025-11-11T09:58:20+00:00","description":"Izgudrot\u0101ju ciema Lotes pas\u016bt\u012b\u0161ana uz dzim\u0161anas dienu, izlaidumiem, \u0123imenes dien\u0101m vai citiem pas\u0101kumiem visai \u0123imenei.","breadcrumb":{"@id":"https:\/\/lottemaa.ee\/lv\/organize-pasakumu\/lotes-pasutisana-pasakumiem\/#breadcrumb"},"inLanguage":"lv-LV","potentialAction":[{"@type":"ReadAction","target":["https:\/\/lottemaa.ee\/lv\/organize-pasakumu\/lotes-pasutisana-pasakumiem\/"]}]},{"@type":"ImageObject","inLanguage":"lv-LV","@id":"https:\/\/lottemaa.ee\/lv\/organize-pasakumu\/lotes-pasutisana-pasakumiem\/#primaryimage","url":"https:\/\/lottemaa.ee\/wp-content\/uploads\/2023\/01\/suvi2023_grupid_eripakkumine.jpg","contentUrl":"https:\/\/lottemaa.ee\/wp-content\/uploads\/2023\/01\/suvi2023_grupid_eripakkumine.jpg","width":295,"height":257},{"@type":"BreadcrumbList","@id":"https:\/\/lottemaa.ee\/lv\/organize-pasakumu\/lotes-pasutisana-pasakumiem\/#breadcrumb","itemListElement":[{"@type":"ListItem","position":1,"name":"Home","item":"https:\/\/lottemaa.ee\/lv\/"},{"@type":"ListItem","position":2,"name":"ORGANIZ\u0112 PAS\u0100KUMU","item":"https:\/\/lottemaa.ee\/lv\/organize-pasakumu\/"},{"@type":"ListItem","position":3,"name":"Lotes pas\u016bt\u012b\u0161ana pas\u0101kumiem"}]},{"@type":"WebSite","@id":"https:\/\/lottemaa.ee\/#website","url":"https:\/\/lottemaa.ee\/","name":"Lottemaa Teemapark","description":"Baltimaade suurim ja k\u00f5ige \u00e4gedam kogupere teemapark Eestis P\u00e4rnumaal","publisher":{"@id":"https:\/\/lottemaa.ee\/#organization"},"potentialAction":[{"@type":"SearchAction","target":{"@type":"EntryPoint","urlTemplate":"https:\/\/lottemaa.ee\/?s={search_term_string}"},"query-input":{"@type":"PropertyValueSpecification","valueRequired":true,"valueName":"search_term_string"}}],"inLanguage":"lv-LV"},{"@type":"Organization","@id":"https:\/\/lottemaa.ee\/#organization","name":"Lottemaa Teemapark","url":"https:\/\/lottemaa.ee\/","logo":{"@type":"ImageObject","inLanguage":"lv-LV","@id":"https:\/\/lottemaa.ee\/#\/schema\/logo\/image\/","url":"https:\/\/lottemaa.ee\/wp-content\/uploads\/2018\/12\/Lottemaa_LOGO.png","contentUrl":"https:\/\/lottemaa.ee\/wp-content\/uploads\/2018\/12\/Lottemaa_LOGO.png","width":1024,"height":518,"caption":"Lottemaa Teemapark"},"image":{"@id":"https:\/\/lottemaa.ee\/#\/schema\/logo\/image\/"}}]}},"_links":{"self":[{"href":"https:\/\/lottemaa.ee\/lv\/wp-json\/wp\/v2\/pages\/1313","targetHints":{"allow":["GET"]}}],"collection":[{"href":"https:\/\/lottemaa.ee\/lv\/wp-json\/wp\/v2\/pages"}],"about":[{"href":"https:\/\/lottemaa.ee\/lv\/wp-json\/wp\/v2\/types\/page"}],"author":[{"embeddable":true,"href":"https:\/\/lottemaa.ee\/lv\/wp-json\/wp\/v2\/users\/1"}],"replies":[{"embeddable":true,"href":"https:\/\/lottemaa.ee\/lv\/wp-json\/wp\/v2\/comments?post=1313"}],"version-history":[{"count":5,"href":"https:\/\/lottemaa.ee\/lv\/wp-json\/wp\/v2\/pages\/1313\/revisions"}],"predecessor-version":[{"id":31896,"href":"https:\/\/lottemaa.ee\/lv\/wp-json\/wp\/v2\/pages\/1313\/revisions\/31896"}],"up":[{"embeddable":true,"href":"https:\/\/lottemaa.ee\/lv\/wp-json\/wp\/v2\/pages\/11902"}],"wp:featuredmedia":[{"embeddable":true,"href":"https:\/\/lottemaa.ee\/lv\/wp-json\/wp\/v2\/media\/19181"}],"wp:attachment":[{"href":"https:\/\/lottemaa.ee\/lv\/wp-json\/wp\/v2\/media?parent=1313"}],"curies":[{"name":"wp","href":"https:\/\/api.w.org\/{rel}","templated":true}]}}