{"id":1311,"date":"2016-05-16T20:43:08","date_gmt":"2016-05-16T17:43:08","guid":{"rendered":"http:\/\/sharks.ee\/lottemaa\/lv\/?page_id=1311"},"modified":"2026-01-25T13:55:50","modified_gmt":"2026-01-25T11:55:50","slug":"tematiska-parka-iekseja-kartiba","status":"publish","type":"page","link":"https:\/\/lottemaa.ee\/lv\/par-lotes-zemi\/tematiska-parka-iekseja-kartiba\/","title":{"rendered":"Tematisk\u0101 parka iek\u0161\u0113j\u0101 k\u0101rt\u012bba"},"content":{"rendered":"<ul>\n<li>Ieg\u0101d\u0101joties Lotes zemes tematisk\u0101 parka bi\u013ceti, apstiprini, ka esi iepazinies(-usies) un piekr\u012bti Lotes zemes tematisk\u0101 parka iek\u0161\u0113jai k\u0101rt\u012bbai.<\/li>\n<li>Ieg\u0101d\u0101joties Lotes zemes tematisk\u0101 parka <strong><span style=\"color: #ff0000;\">DIENAS<\/span>\u00a0<span style=\"color: #ff0000;\">BI\u013bETI<\/span><\/strong><span style=\"color: #ff0000;\">,<\/span> pie Lotes zemes ieejas ikvienam apmekl\u0113t\u0101jam uz rokas tiks uzspiests <span style=\"color: #ff0000;\"><strong>Z\u012aMODZI\u0145\u0160<\/strong>,<\/span> kas sniedz ties\u012bbas apmekl\u0113t tematisko parku tikai taj\u0101 datum\u0101, uz kuru bi\u013cete ieg\u0101d\u0101ta.<\/li>\n<li style=\"text-align: left;\">Uzr\u0101dot z\u012bmodzi\u0146u, visas dienas garum\u0101 iesp\u0113jams no tematisk\u0101 parka ieiet un iziet, neieg\u0101d\u0101joties bi\u013ceti no jauna.<\/li>\n<li style=\"text-align: left;\">Tematisk\u0101 parka darbiniekiem ir ties\u012bbas p\u0101rbaud\u012bt z\u012bmodzi\u0146a esam\u012bbu un t\u0101 neesam\u012bbas gad\u012bjum\u0101 apmekl\u0113t\u0101ju izraid\u012bt no parka teritorijas.<\/li>\n<li style=\"text-align: left;\">Pie tematisk\u0101 parka ieejas ir pieejamas maz\u0101kiem b\u0113rniem paredz\u0113tas pretpazu\u0161anas uzl\u012bmes, uz kur\u0101m iesak\u0101m ierakst\u012bt b\u0113rna v\u0101rdu un vec\u0101ka vai pieaugu\u0161\u0101 pavado\u0146a kontaktt\u0101lruni. Uzl\u012bmi l\u016bdzam piestiprin\u0101t pie b\u0113rna ap\u0123\u0113rba redzam\u0101 viet\u0101. T\u0101 mums b\u016bs viegl\u0101k sakontakt\u0113ties ar pazudu\u0161a b\u0113rna vec\u0101kiem.<\/li>\n<li style=\"text-align: left;\">Park\u0101 eso\u0161ie nepilngad\u012bgie b\u0113rni <span style=\"color: #ff0000;\"><strong>ATRODAS VEC\u0100KU VAI PIEAUGU\u0160A PAVADO\u0145A ATBILD\u012aB\u0100<\/strong><\/span>. Pieaugu\u0161a pavado\u0146a pien\u0101kums ir teritorij\u0101 uzraudz\u012bt ar vi\u0146u kop\u0101 eso\u0161os b\u0113rnus.\u00a0 Lotes zemes tematisk\u0101 parka komanda neuz\u0146emas atbild\u012bbu un neveic b\u0113rnu uzraudz\u012bbu tematisk\u0101 parka teritorij\u0101 vai atrakcij\u0101s.<\/li>\n<li style=\"text-align: left;\">Lotes zemes <span style=\"color: #ff0000;\"><strong>PLUDMALES ZONA<\/strong><\/span> atrodas \u0101rpus tematisk\u0101 parka teritorijas un ir paredz\u0113ta publiskai izmanto\u0161anai. Peld\u0113\u0161ana un atra\u0161an\u0101s \u016bden\u012b ir uz savu atbild\u012bbu, tematiskais parks neveic uzraudz\u012bbu. Lai no pludmales zonas atgrieztos tematiskaj\u0101 park\u0101, ir j\u0101uzr\u0101da darbiniekam z\u012bmodzi\u0146\u0161.<\/li>\n<li style=\"text-align: left;\">Lotes zemes teritorij\u0101 eso\u0161ais <span style=\"color: #ff0000;\"><strong>PIEDZ\u012aVOJUMU PARKS<\/strong><\/span> ir paredz\u0113ts publiskai lieto\u0161anai, un k\u0101pel\u0113\u0161anas piedz\u012bvojumu tak\u0101 ir at\u013cauta tikai pieaugu\u0161as personas kl\u0101tb\u016btn\u0113.<\/li>\n<li style=\"text-align: left;\">Apmekl\u0113t\u0101jiem paredz\u0113t\u0101 Lotes zemes <span style=\"color: #ff0000;\"><strong>ST\u0100VVIETA IR PAR MAKSU<\/strong><\/span>, st\u0101vviet\u0101 atst\u0101taj\u0101m automa\u0161\u012bn\u0101m netiek veikta uzraudz\u012bba. St\u0101vvieta ir atv\u0113rta vasar\u0101 <span style=\"color: #ff0000;\"><strong>9:45-18:15<\/strong><\/span> un ziem\u0101 <span style=\"color: #ff0000;\"><strong>14:45-19:15<\/strong><\/span>. Rekl\u0101mas m\u0113r\u0137iem novietotas automa\u0161\u012bnas, treileri un citi ar redzamu rekl\u0101mas m\u0113r\u0137i novietoti transportl\u012bdzek\u013ci ir at\u013cauti vien ar vald\u012bt\u0101ja rakstisku at\u013cauju.<\/li>\n<li style=\"text-align: left;\">L\u016bdzam b\u016bt <span style=\"color: #ff0000;\"><strong>DRAUDZ\u012aGAM<\/strong><\/span> un <span style=\"color: #ff0000;\"><strong>PIEKL\u0100J\u012aGAM<\/strong><\/span> pret visiem tematisk\u0101 parka apmekl\u0113t\u0101jiem un rota\u013cu biedriem, k\u0101 ar\u012b uzvesties atbilsto\u0161i <span style=\"color: #ff0000;\"><strong>VISP\u0100RPIE\u0145EMTAJ\u0100M NORM\u0100M UN IERADUMIEM<\/strong><\/span>.<\/li>\n<li style=\"text-align: left;\">Tematiskaj\u0101 park\u0101 <span style=\"color: #ff0000;\"><strong>IR AIZLIEGTS<\/strong><\/span> ievest m\u012b\u013cdz\u012bvniekus, ar\u012b mazus un paklaus\u012bgus.<\/li>\n<li style=\"text-align: left;\">Parka teritorij\u0101<span style=\"color: #ff0000;\"> <strong>IR AIZLIEGTS<\/strong> <\/span>p\u0101rvietoties ar velosip\u0113diem, skrejrite\u0146iem, skritu\u013cslid\u0101m, skritu\u013cd\u0113\u013ciem u.c. brauk\u0161anas l\u012bdzek\u013ciem.<\/li>\n<li style=\"text-align: left;\">Parka teritorij\u0101 <span style=\"color: #ff0000;\"><strong>IR AIZLIEGTS<\/strong><\/span> sm\u0113\u0137\u0113t (iz\u0146emot viet\u0101s, kas tam ir piel\u0101gotas).<\/li>\n<li style=\"text-align: left;\">Parka teritorij\u0101 alkohola lieto\u0161ana <span style=\"color: #ff0000;\"><strong>IR AIZLIEGTA<\/strong> <\/span>(atskaitot \u0113din\u0101\u0161anas viet\u0101s, kur tiek tirgoti alkoholiskie dz\u0113rieni).<\/li>\n<li style=\"text-align: left;\"><span style=\"color: #ff0000;\"><strong>AIZLIEGTS<\/strong><\/span> boj\u0101t vai post\u012bt teritorij\u0101 eso\u0161os kokus, kr\u016bmus, ziedus, s\u0113nes u.c.<\/li>\n<li style=\"text-align: left;\">Izbaudi tematisk\u0101 parka atrakcijas, rota\u013clietas un citus l\u012bdzek\u013cus <span style=\"color: #ff0000;\"><strong>UZMAN\u012aGI UN R\u016aP\u012aGI<\/strong><\/span>.<\/li>\n<li style=\"text-align: left;\">Uzturi t\u012br\u012bbu un <span style=\"color: #ff0000;\"><strong>ATKRITUMUS VIENM\u0112R IEVIETO ATKRITUMU URN\u0100S<\/strong><\/span>, iev\u0113ro atkritumu \u0161\u0137iro\u0161anas principus.<\/li>\n<li style=\"text-align: left;\"><span style=\"color: #ff0000;\"><strong>L\u016aDZAM PARKA APMEKL\u0112T\u0100JUS NEIEIET <\/strong><\/span>tematisk\u0101 park\u0101 eso\u0161aj\u0101s \u0113k\u0101s vai telp\u0101s, kas nav paredz\u0113tas visp\u0101r\u0113jai lieto\u0161anai, k\u0101 ar\u012b bez tematisk\u0101 parka darbinieka at\u013caujas.<\/li>\n<li style=\"text-align: left;\"><span style=\"color: #ff0000;\"><strong>NEKAV\u0112JOTIES INFORM\u0112 TEMATISK\u0100 PARKA DARBINIEKU<\/strong><\/span>, ja ir noticis negad\u012bjums, k\u0101ds ir ievainots, vai ja pamani ko b\u012bstamu \u2013 noteikumu p\u0101rk\u0101p\u0161anu, sl\u012bk\u0161anu, ugunsgr\u0113ku u.c.<\/li>\n<li style=\"text-align: left;\"><span style=\"color: #ff0000;\"><strong>R\u016aP\u0112JIES PAR SAV\u0100M PERSON\u012aGAJ\u0100M MANT\u0100M<\/strong><\/span> (soma, mobilais telefons, atsl\u0113gas u.c.). Lotes zemes tematiskais parks neatbild par apmekl\u0113t\u0101ja person\u012bgo mantu pazu\u0161anu, z\u0101dz\u012bbu vai kait\u0113juma rezult\u0101t\u0101 rad\u012btajiem zaud\u0113jumiem.<\/li>\n<li style=\"text-align: left;\"><span style=\"color: #ff0000;\"><strong>ATRASTOS PRIEK\u0160METUS<\/strong><\/span> nog\u0101d\u0101 pie tematisk\u0101 parka darbinieka. Nozaud\u0113t\u0101s mantas glab\u0101jam vienu kalend\u0101ro m\u0113nesi. Par nozaud\u0113t\u0101m mant\u0101m sazinies ar mums <span style=\"color: #000000;\"><strong>https:\/\/lottemaa.ee\/lv\/kontakti\/<\/strong><\/span><\/li>\n<li style=\"text-align: left;\">Tematisk\u0101 parka darbiniekam <span style=\"color: #ff0000;\"><strong>IR TIES\u012aBAS PAL\u016aGT PAMEST PARKU VIESIM<\/strong><\/span>, kas normas ignor\u0113 un neiev\u0113ro iek\u0161\u0113j\u0101s k\u0101rt\u012bbas pras\u012bbas.<\/li>\n<li style=\"text-align: left;\">Tematisk\u0101 parka darbinieki vienm\u0113r ir gatavi izskaidrot iek\u0161\u0113j\u0101s k\u0101rt\u012bbas pras\u012bbas un rekomend\u0101cijas. Ja rodas jaut\u0101jumi vai probl\u0113mas, l\u016bdzam v\u0113rsties pie tematisk\u0101 parka darbinieka.<span style=\"color: #ff0000;\"> <strong>ESAM GATAVI LAIPNI PAL\u012aDZ\u0112T! <\/strong><\/span><\/li>\n<\/ul>\n<p style=\"text-align: left;\"><span style=\"color: #ff0000;\"><strong>NB!<\/strong> <\/span>J\u016bsu dro\u0161\u012bbas interes\u0113s park\u0101 ir izvietotas nov\u0113ro\u0161anas kameras.<\/p>\n","protected":false},"excerpt":{"rendered":"<p>Ieg\u0101d\u0101joties Lotes zemes tematisk\u0101 parka bi\u013ceti, apstiprini, ka esi iepazinies(-usies) un piekr\u012bti Lotes zemes tematisk\u0101 parka iek\u0161\u0113jai k\u0101rt\u012bbai. Ieg\u0101d\u0101joties Lotes zemes tematisk\u0101 parka DIENAS\u00a0BI\u013bETI, pie Lotes zemes ieejas ikvienam apmekl\u0113t\u0101jam uz rokas tiks uzspiests Z\u012aMODZI\u0145\u0160, kas sniedz ties\u012bbas apmekl\u0113t tematisko parku tikai taj\u0101 datum\u0101, uz kuru bi\u013cete ieg\u0101d\u0101ta. Uzr\u0101dot z\u012bmodzi\u0146u, visas dienas garum\u0101 iesp\u0113jams no &hellip; <a href=\"https:\/\/lottemaa.ee\/lv\/par-lotes-zemi\/tematiska-parka-iekseja-kartiba\/\">Continued<\/a><\/p>\n","protected":false},"author":1,"featured_media":249,"parent":585,"menu_order":382,"comment_status":"closed","ping_status":"closed","template":"","meta":{"_acf_changed":false,"om_disable_all_campaigns":false,"_uf_show_specific_survey":0,"_uf_disable_surveys":false,"footnotes":""},"class_list":["post-1311","page","type-page","status-publish","has-post-thumbnail","hentry"],"acf":[],"yoast_head":"<!-- This site is optimized with the Yoast SEO plugin v25.5 - https:\/\/yoast.com\/wordpress\/plugins\/seo\/ -->\n<title>Lotes zemes noteikumi \u2013 Tematisk\u0101 parka iek\u0161\u0113j\u0101 k\u0101rt\u012bba<\/title>\n<meta name=\"description\" content=\"Lai izvair\u012btos no probl\u0113m\u0101m un nepat\u012bkamiem p\u0101rsteigumiem, noteikti pirms apmekl\u0113juma iepaz\u012bsties ar tematisk\u0101 parka noteikumiem.\" \/>\n<meta name=\"robots\" content=\"index, follow, max-snippet:-1, max-image-preview:large, max-video-preview:-1\" \/>\n<link rel=\"canonical\" href=\"https:\/\/lottemaa.ee\/lv\/par-lotes-zemi\/tematiska-parka-iekseja-kartiba\/\" \/>\n<meta property=\"og:locale\" content=\"lv_LV\" \/>\n<meta property=\"og:type\" content=\"article\" \/>\n<meta property=\"og:title\" content=\"Lotes zemes noteikumi \u2013 Tematisk\u0101 parka iek\u0161\u0113j\u0101 k\u0101rt\u012bba\" \/>\n<meta property=\"og:description\" content=\"Lai izvair\u012btos no probl\u0113m\u0101m un nepat\u012bkamiem p\u0101rsteigumiem, noteikti pirms apmekl\u0113juma iepaz\u012bsties ar tematisk\u0101 parka noteikumiem.\" \/>\n<meta property=\"og:url\" content=\"https:\/\/lottemaa.ee\/lv\/par-lotes-zemi\/tematiska-parka-iekseja-kartiba\/\" \/>\n<meta property=\"og:site_name\" content=\"Lottemaa Teemapark\" \/>\n<meta property=\"article:modified_time\" content=\"2026-01-25T11:55:50+00:00\" \/>\n<meta property=\"og:image\" content=\"https:\/\/lottemaa.ee\/wp-content\/uploads\/2016\/04\/lottemaa-teemapargi-k\u00fclastuse-reeglid.jpg\" \/>\n\t<meta property=\"og:image:width\" content=\"287\" \/>\n\t<meta property=\"og:image:height\" content=\"255\" \/>\n\t<meta property=\"og:image:type\" content=\"image\/jpeg\" \/>\n<meta name=\"twitter:card\" content=\"summary_large_image\" \/>\n<meta name=\"twitter:label1\" content=\"Est. reading time\" \/>\n\t<meta name=\"twitter:data1\" content=\"3 min\u016btes\" \/>\n<script type=\"application\/ld+json\" class=\"yoast-schema-graph\">{\"@context\":\"https:\/\/schema.org\",\"@graph\":[{\"@type\":\"WebPage\",\"@id\":\"https:\/\/lottemaa.ee\/lv\/par-lotes-zemi\/tematiska-parka-iekseja-kartiba\/\",\"url\":\"https:\/\/lottemaa.ee\/lv\/par-lotes-zemi\/tematiska-parka-iekseja-kartiba\/\",\"name\":\"Lotes zemes noteikumi \u2013 Tematisk\u0101 parka iek\u0161\u0113j\u0101 k\u0101rt\u012bba\",\"isPartOf\":{\"@id\":\"https:\/\/lottemaa.ee\/#website\"},\"primaryImageOfPage\":{\"@id\":\"https:\/\/lottemaa.ee\/lv\/par-lotes-zemi\/tematiska-parka-iekseja-kartiba\/#primaryimage\"},\"image\":{\"@id\":\"https:\/\/lottemaa.ee\/lv\/par-lotes-zemi\/tematiska-parka-iekseja-kartiba\/#primaryimage\"},\"thumbnailUrl\":\"https:\/\/lottemaa.ee\/wp-content\/uploads\/2016\/04\/lottemaa-teemapargi-k\u00fclastuse-reeglid.jpg\",\"datePublished\":\"2016-05-16T17:43:08+00:00\",\"dateModified\":\"2026-01-25T11:55:50+00:00\",\"description\":\"Lai izvair\u012btos no probl\u0113m\u0101m un nepat\u012bkamiem p\u0101rsteigumiem, noteikti pirms apmekl\u0113juma iepaz\u012bsties ar tematisk\u0101 parka noteikumiem.\",\"breadcrumb\":{\"@id\":\"https:\/\/lottemaa.ee\/lv\/par-lotes-zemi\/tematiska-parka-iekseja-kartiba\/#breadcrumb\"},\"inLanguage\":\"lv-LV\",\"potentialAction\":[{\"@type\":\"ReadAction\",\"target\":[\"https:\/\/lottemaa.ee\/lv\/par-lotes-zemi\/tematiska-parka-iekseja-kartiba\/\"]}]},{\"@type\":\"ImageObject\",\"inLanguage\":\"lv-LV\",\"@id\":\"https:\/\/lottemaa.ee\/lv\/par-lotes-zemi\/tematiska-parka-iekseja-kartiba\/#primaryimage\",\"url\":\"https:\/\/lottemaa.ee\/wp-content\/uploads\/2016\/04\/lottemaa-teemapargi-k\u00fclastuse-reeglid.jpg\",\"contentUrl\":\"https:\/\/lottemaa.ee\/wp-content\/uploads\/2016\/04\/lottemaa-teemapargi-k\u00fclastuse-reeglid.jpg\",\"width\":287,\"height\":255},{\"@type\":\"BreadcrumbList\",\"@id\":\"https:\/\/lottemaa.ee\/lv\/par-lotes-zemi\/tematiska-parka-iekseja-kartiba\/#breadcrumb\",\"itemListElement\":[{\"@type\":\"ListItem\",\"position\":1,\"name\":\"Home\",\"item\":\"https:\/\/lottemaa.ee\/lv\/\"},{\"@type\":\"ListItem\",\"position\":2,\"name\":\"Diena Lotes zem\u0113\",\"item\":\"https:\/\/lottemaa.ee\/lv\/par-lotes-zemi\/\"},{\"@type\":\"ListItem\",\"position\":3,\"name\":\"Tematisk\u0101 parka iek\u0161\u0113j\u0101 k\u0101rt\u012bba\"}]},{\"@type\":\"WebSite\",\"@id\":\"https:\/\/lottemaa.ee\/#website\",\"url\":\"https:\/\/lottemaa.ee\/\",\"name\":\"Lottemaa Teemapark\",\"description\":\"Baltimaade suurim ja k\u00f5ige \u00e4gedam kogupere teemapark Eestis P\u00e4rnumaal\",\"publisher\":{\"@id\":\"https:\/\/lottemaa.ee\/#organization\"},\"potentialAction\":[{\"@type\":\"SearchAction\",\"target\":{\"@type\":\"EntryPoint\",\"urlTemplate\":\"https:\/\/lottemaa.ee\/?s={search_term_string}\"},\"query-input\":{\"@type\":\"PropertyValueSpecification\",\"valueRequired\":true,\"valueName\":\"search_term_string\"}}],\"inLanguage\":\"lv-LV\"},{\"@type\":\"Organization\",\"@id\":\"https:\/\/lottemaa.ee\/#organization\",\"name\":\"Lottemaa Teemapark\",\"url\":\"https:\/\/lottemaa.ee\/\",\"logo\":{\"@type\":\"ImageObject\",\"inLanguage\":\"lv-LV\",\"@id\":\"https:\/\/lottemaa.ee\/#\/schema\/logo\/image\/\",\"url\":\"https:\/\/lottemaa.ee\/wp-content\/uploads\/2018\/12\/Lottemaa_LOGO.png\",\"contentUrl\":\"https:\/\/lottemaa.ee\/wp-content\/uploads\/2018\/12\/Lottemaa_LOGO.png\",\"width\":1024,\"height\":518,\"caption\":\"Lottemaa Teemapark\"},\"image\":{\"@id\":\"https:\/\/lottemaa.ee\/#\/schema\/logo\/image\/\"}}]}<\/script>\n<!-- \/ Yoast SEO plugin. -->","yoast_head_json":{"title":"Lotes zemes noteikumi \u2013 Tematisk\u0101 parka iek\u0161\u0113j\u0101 k\u0101rt\u012bba","description":"Lai izvair\u012btos no probl\u0113m\u0101m un nepat\u012bkamiem p\u0101rsteigumiem, noteikti pirms apmekl\u0113juma iepaz\u012bsties ar tematisk\u0101 parka noteikumiem.","robots":{"index":"index","follow":"follow","max-snippet":"max-snippet:-1","max-image-preview":"max-image-preview:large","max-video-preview":"max-video-preview:-1"},"canonical":"https:\/\/lottemaa.ee\/lv\/par-lotes-zemi\/tematiska-parka-iekseja-kartiba\/","og_locale":"lv_LV","og_type":"article","og_title":"Lotes zemes noteikumi \u2013 Tematisk\u0101 parka iek\u0161\u0113j\u0101 k\u0101rt\u012bba","og_description":"Lai izvair\u012btos no probl\u0113m\u0101m un nepat\u012bkamiem p\u0101rsteigumiem, noteikti pirms apmekl\u0113juma iepaz\u012bsties ar tematisk\u0101 parka noteikumiem.","og_url":"https:\/\/lottemaa.ee\/lv\/par-lotes-zemi\/tematiska-parka-iekseja-kartiba\/","og_site_name":"Lottemaa Teemapark","article_modified_time":"2026-01-25T11:55:50+00:00","og_image":[{"width":287,"height":255,"url":"https:\/\/lottemaa.ee\/wp-content\/uploads\/2016\/04\/lottemaa-teemapargi-k\u00fclastuse-reeglid.jpg","type":"image\/jpeg"}],"twitter_card":"summary_large_image","twitter_misc":{"Est. reading time":"3 min\u016btes"},"schema":{"@context":"https:\/\/schema.org","@graph":[{"@type":"WebPage","@id":"https:\/\/lottemaa.ee\/lv\/par-lotes-zemi\/tematiska-parka-iekseja-kartiba\/","url":"https:\/\/lottemaa.ee\/lv\/par-lotes-zemi\/tematiska-parka-iekseja-kartiba\/","name":"Lotes zemes noteikumi \u2013 Tematisk\u0101 parka iek\u0161\u0113j\u0101 k\u0101rt\u012bba","isPartOf":{"@id":"https:\/\/lottemaa.ee\/#website"},"primaryImageOfPage":{"@id":"https:\/\/lottemaa.ee\/lv\/par-lotes-zemi\/tematiska-parka-iekseja-kartiba\/#primaryimage"},"image":{"@id":"https:\/\/lottemaa.ee\/lv\/par-lotes-zemi\/tematiska-parka-iekseja-kartiba\/#primaryimage"},"thumbnailUrl":"https:\/\/lottemaa.ee\/wp-content\/uploads\/2016\/04\/lottemaa-teemapargi-k\u00fclastuse-reeglid.jpg","datePublished":"2016-05-16T17:43:08+00:00","dateModified":"2026-01-25T11:55:50+00:00","description":"Lai izvair\u012btos no probl\u0113m\u0101m un nepat\u012bkamiem p\u0101rsteigumiem, noteikti pirms apmekl\u0113juma iepaz\u012bsties ar tematisk\u0101 parka noteikumiem.","breadcrumb":{"@id":"https:\/\/lottemaa.ee\/lv\/par-lotes-zemi\/tematiska-parka-iekseja-kartiba\/#breadcrumb"},"inLanguage":"lv-LV","potentialAction":[{"@type":"ReadAction","target":["https:\/\/lottemaa.ee\/lv\/par-lotes-zemi\/tematiska-parka-iekseja-kartiba\/"]}]},{"@type":"ImageObject","inLanguage":"lv-LV","@id":"https:\/\/lottemaa.ee\/lv\/par-lotes-zemi\/tematiska-parka-iekseja-kartiba\/#primaryimage","url":"https:\/\/lottemaa.ee\/wp-content\/uploads\/2016\/04\/lottemaa-teemapargi-k\u00fclastuse-reeglid.jpg","contentUrl":"https:\/\/lottemaa.ee\/wp-content\/uploads\/2016\/04\/lottemaa-teemapargi-k\u00fclastuse-reeglid.jpg","width":287,"height":255},{"@type":"BreadcrumbList","@id":"https:\/\/lottemaa.ee\/lv\/par-lotes-zemi\/tematiska-parka-iekseja-kartiba\/#breadcrumb","itemListElement":[{"@type":"ListItem","position":1,"name":"Home","item":"https:\/\/lottemaa.ee\/lv\/"},{"@type":"ListItem","position":2,"name":"Diena Lotes zem\u0113","item":"https:\/\/lottemaa.ee\/lv\/par-lotes-zemi\/"},{"@type":"ListItem","position":3,"name":"Tematisk\u0101 parka iek\u0161\u0113j\u0101 k\u0101rt\u012bba"}]},{"@type":"WebSite","@id":"https:\/\/lottemaa.ee\/#website","url":"https:\/\/lottemaa.ee\/","name":"Lottemaa Teemapark","description":"Baltimaade suurim ja k\u00f5ige \u00e4gedam kogupere teemapark Eestis P\u00e4rnumaal","publisher":{"@id":"https:\/\/lottemaa.ee\/#organization"},"potentialAction":[{"@type":"SearchAction","target":{"@type":"EntryPoint","urlTemplate":"https:\/\/lottemaa.ee\/?s={search_term_string}"},"query-input":{"@type":"PropertyValueSpecification","valueRequired":true,"valueName":"search_term_string"}}],"inLanguage":"lv-LV"},{"@type":"Organization","@id":"https:\/\/lottemaa.ee\/#organization","name":"Lottemaa Teemapark","url":"https:\/\/lottemaa.ee\/","logo":{"@type":"ImageObject","inLanguage":"lv-LV","@id":"https:\/\/lottemaa.ee\/#\/schema\/logo\/image\/","url":"https:\/\/lottemaa.ee\/wp-content\/uploads\/2018\/12\/Lottemaa_LOGO.png","contentUrl":"https:\/\/lottemaa.ee\/wp-content\/uploads\/2018\/12\/Lottemaa_LOGO.png","width":1024,"height":518,"caption":"Lottemaa Teemapark"},"image":{"@id":"https:\/\/lottemaa.ee\/#\/schema\/logo\/image\/"}}]}},"_links":{"self":[{"href":"https:\/\/lottemaa.ee\/lv\/wp-json\/wp\/v2\/pages\/1311","targetHints":{"allow":["GET"]}}],"collection":[{"href":"https:\/\/lottemaa.ee\/lv\/wp-json\/wp\/v2\/pages"}],"about":[{"href":"https:\/\/lottemaa.ee\/lv\/wp-json\/wp\/v2\/types\/page"}],"author":[{"embeddable":true,"href":"https:\/\/lottemaa.ee\/lv\/wp-json\/wp\/v2\/users\/1"}],"replies":[{"embeddable":true,"href":"https:\/\/lottemaa.ee\/lv\/wp-json\/wp\/v2\/comments?post=1311"}],"version-history":[{"count":5,"href":"https:\/\/lottemaa.ee\/lv\/wp-json\/wp\/v2\/pages\/1311\/revisions"}],"predecessor-version":[{"id":32813,"href":"https:\/\/lottemaa.ee\/lv\/wp-json\/wp\/v2\/pages\/1311\/revisions\/32813"}],"up":[{"embeddable":true,"href":"https:\/\/lottemaa.ee\/lv\/wp-json\/wp\/v2\/pages\/585"}],"wp:featuredmedia":[{"embeddable":true,"href":"https:\/\/lottemaa.ee\/lv\/wp-json\/wp\/v2\/media\/249"}],"wp:attachment":[{"href":"https:\/\/lottemaa.ee\/lv\/wp-json\/wp\/v2\/media?parent=1311"}],"curies":[{"name":"wp","href":"https:\/\/api.w.org\/{rel}","templated":true}]}}