{"id":1307,"date":"2016-05-16T20:40:19","date_gmt":"2016-05-16T17:40:19","guid":{"rendered":"http:\/\/sharks.ee\/lottemaa\/lv\/?page_id=1307"},"modified":"2024-09-25T16:42:39","modified_gmt":"2024-09-25T13:42:39","slug":"naksnosana","status":"publish","type":"page","link":"https:\/\/lottemaa.ee\/lv\/par-lotes-zemi\/naksnosana\/","title":{"rendered":"Nak\u0161\u0146o\u0161ana"},"content":{"rendered":"<p>Ja apmekl\u0113jot Lotes zemi, P\u0113rnav\u0101 v\u0113lies uzkav\u0113ties vair\u0101kas dienas, tad m\u016bsu labie partneri nodro\u0161in\u0101s jums pat\u012bkamas naktsm\u0101jas. Iesak\u0101m sekojo\u0161\u0101s viesn\u012bcas, kuras, atkar\u012bb\u0101 no sezonas, Lotes zemes apmekl\u0113t\u0101jiem pied\u0101v\u0101 izmitin\u0101\u0161anu par izdev\u012bg\u0101k\u0101m cen\u0101m:<\/p>\n<p><strong>Strand Spa &amp; Confernce Hotel<br \/>\n<\/strong><a href=\"https:\/\/www.hestiahotels.com\/strand\/en\/lotte-game-studio\/\" target=\"_blank\" rel=\"noopener noreferrer\">www.strand.ee<\/a><\/p>\n<p><strong>Wasa Hotel<\/strong><br \/>\n<a href=\"https:\/\/wasahotels.ee\">www.<\/a><a href=\"https:\/\/wasahotels.ee\/en\/\">wasahotels.ee<\/a><\/p>\n<p><strong>Rannahotell Hotel &amp; Restaurant<br \/>\n<\/strong><a href=\"https:\/\/www.rannahotell.ee\/en\/\" target=\"_blank\" rel=\"noopener noreferrer\">www.rannahotell.ee<\/a><\/p>\n<p><strong>Villa Wesset<br \/>\n<\/strong><a href=\"https:\/\/wesset.ee\/lv\/\" target=\"_blank\" rel=\"noopener noreferrer\">www.wesset.ee<\/a><\/p>\n<p><strong>Kurgo Villa Hotel &amp; Restaurant<\/strong><br \/>\n<a href=\"https:\/\/kurgovilla.ee\/paketid\/lottemaa-suveseikluse-pakett\/\" target=\"_blank\" rel=\"noopener noreferrer\">www.kurgovilla.ee<\/a><\/p>\n<p><strong>Tervise Paradiis Spa Hotel &amp; Water park<br \/>\n<\/strong><a href=\"http:\/\/www.terviseparadiis.ee\/lv\" target=\"_blank\" rel=\"noopener noreferrer\">www.terviseparadiis.ee<\/a><\/p>\n<p><strong>ESTONIA Resort Hotel &amp; Spa<br \/>\n<\/strong><a href=\"https:\/\/www.spaestonia.ee\/resort\/en\/\" target=\"_blank\" rel=\"noopener noreferrer\">www.spaestonia.ee<\/a><\/p>\n<p><strong>P\u00e4rnu Hotel<\/strong><br \/>\n<a href=\"https:\/\/www.hotelparnu.com\/en\/\" target=\"_blank\" rel=\"noopener noreferrer\">www.hotelparnu.com<\/a><\/p>\n<p><strong>Ammende Villa<\/strong><br \/>\n<a href=\"https:\/\/ammende.ee\/en\/offers\/2-night-family-package\/\" target=\"_blank\" rel=\"noopener noreferrer\">www.ammende.ee<\/a><\/p>\n<p><strong>Hotel Tammsaare<\/strong><br \/>\n<a href=\"https:\/\/hotelltammsaare.ee\/?lang=en\" target=\"_blank\" rel=\"noopener noreferrer\">www.hotelltammsaare.ee<\/a><\/p>\n","protected":false},"excerpt":{"rendered":"<p>Ja apmekl\u0113jot Lotes zemi, P\u0113rnav\u0101 v\u0113lies uzkav\u0113ties vair\u0101kas dienas, tad m\u016bsu labie partneri nodro\u0161in\u0101s jums pat\u012bkamas naktsm\u0101jas. Iesak\u0101m sekojo\u0161\u0101s viesn\u012bcas, kuras, atkar\u012bb\u0101 no sezonas, Lotes zemes apmekl\u0113t\u0101jiem pied\u0101v\u0101 izmitin\u0101\u0161anu par izdev\u012bg\u0101k\u0101m cen\u0101m: Strand Spa &amp; Confernce Hotel www.strand.ee Wasa Hotel www.wasahotels.ee Rannahotell Hotel &amp; Restaurant www.rannahotell.ee Villa Wesset www.wesset.ee Kurgo Villa Hotel &amp; Restaurant www.kurgovilla.ee &hellip; <a href=\"https:\/\/lottemaa.ee\/lv\/par-lotes-zemi\/naksnosana\/\">Continued<\/a><\/p>\n","protected":false},"author":1,"featured_media":146,"parent":585,"menu_order":744,"comment_status":"closed","ping_status":"closed","template":"","meta":{"_acf_changed":false,"om_disable_all_campaigns":false,"_uf_show_specific_survey":0,"_uf_disable_surveys":false,"footnotes":""},"class_list":["post-1307","page","type-page","status-publish","has-post-thumbnail","hentry"],"acf":[],"yoast_head":"<!-- This site is optimized with the Yoast SEO plugin v25.5 - https:\/\/yoast.com\/wordpress\/plugins\/seo\/ -->\n<title>Izmitin\u0101\u0161ana P\u0113rnavas apri\u0146\u0137\u012b \u2013 Lotes zeme<\/title>\n<meta name=\"description\" content=\"Lotes zem\u0113 da\u017e\u0101das aktivit\u0101tes ir nodro\u0161in\u0101tas vair\u0101k\u0101m dien\u0101m. Atrodiet pat\u012bkamu nak\u0161\u0146o\u0161anu P\u0113rnav\u0101 pie m\u016bsu sadarb\u012bbas partneriem.\" \/>\n<meta name=\"robots\" content=\"index, follow, max-snippet:-1, max-image-preview:large, max-video-preview:-1\" \/>\n<link rel=\"canonical\" href=\"https:\/\/lottemaa.ee\/lv\/par-lotes-zemi\/naksnosana\/\" \/>\n<meta property=\"og:locale\" content=\"lv_LV\" \/>\n<meta property=\"og:type\" content=\"article\" \/>\n<meta property=\"og:title\" content=\"Izmitin\u0101\u0161ana P\u0113rnavas apri\u0146\u0137\u012b \u2013 Lotes zeme\" \/>\n<meta property=\"og:description\" content=\"Lotes zem\u0113 da\u017e\u0101das aktivit\u0101tes ir nodro\u0161in\u0101tas vair\u0101k\u0101m dien\u0101m. Atrodiet pat\u012bkamu nak\u0161\u0146o\u0161anu P\u0113rnav\u0101 pie m\u016bsu sadarb\u012bbas partneriem.\" \/>\n<meta property=\"og:url\" content=\"https:\/\/lottemaa.ee\/lv\/par-lotes-zemi\/naksnosana\/\" \/>\n<meta property=\"og:site_name\" content=\"Lottemaa Teemapark\" \/>\n<meta property=\"article:modified_time\" content=\"2024-09-25T13:42:39+00:00\" \/>\n<meta property=\"og:image\" content=\"https:\/\/lottemaa.ee\/wp-content\/uploads\/2016\/04\/lottemaa-majutus.jpg\" \/>\n\t<meta property=\"og:image:width\" content=\"288\" \/>\n\t<meta property=\"og:image:height\" content=\"251\" \/>\n\t<meta property=\"og:image:type\" content=\"image\/jpeg\" \/>\n<meta name=\"twitter:card\" content=\"summary_large_image\" \/>\n<meta name=\"twitter:label1\" content=\"Est. reading time\" \/>\n\t<meta name=\"twitter:data1\" content=\"1 min\u016b\u0161u\" \/>\n<script type=\"application\/ld+json\" class=\"yoast-schema-graph\">{\"@context\":\"https:\/\/schema.org\",\"@graph\":[{\"@type\":\"WebPage\",\"@id\":\"https:\/\/lottemaa.ee\/lv\/par-lotes-zemi\/naksnosana\/\",\"url\":\"https:\/\/lottemaa.ee\/lv\/par-lotes-zemi\/naksnosana\/\",\"name\":\"Izmitin\u0101\u0161ana P\u0113rnavas apri\u0146\u0137\u012b \u2013 Lotes zeme\",\"isPartOf\":{\"@id\":\"https:\/\/lottemaa.ee\/#website\"},\"primaryImageOfPage\":{\"@id\":\"https:\/\/lottemaa.ee\/lv\/par-lotes-zemi\/naksnosana\/#primaryimage\"},\"image\":{\"@id\":\"https:\/\/lottemaa.ee\/lv\/par-lotes-zemi\/naksnosana\/#primaryimage\"},\"thumbnailUrl\":\"https:\/\/lottemaa.ee\/wp-content\/uploads\/2016\/04\/lottemaa-majutus.jpg\",\"datePublished\":\"2016-05-16T17:40:19+00:00\",\"dateModified\":\"2024-09-25T13:42:39+00:00\",\"description\":\"Lotes zem\u0113 da\u017e\u0101das aktivit\u0101tes ir nodro\u0161in\u0101tas vair\u0101k\u0101m dien\u0101m. Atrodiet pat\u012bkamu nak\u0161\u0146o\u0161anu P\u0113rnav\u0101 pie m\u016bsu sadarb\u012bbas partneriem.\",\"breadcrumb\":{\"@id\":\"https:\/\/lottemaa.ee\/lv\/par-lotes-zemi\/naksnosana\/#breadcrumb\"},\"inLanguage\":\"lv-LV\",\"potentialAction\":[{\"@type\":\"ReadAction\",\"target\":[\"https:\/\/lottemaa.ee\/lv\/par-lotes-zemi\/naksnosana\/\"]}]},{\"@type\":\"ImageObject\",\"inLanguage\":\"lv-LV\",\"@id\":\"https:\/\/lottemaa.ee\/lv\/par-lotes-zemi\/naksnosana\/#primaryimage\",\"url\":\"https:\/\/lottemaa.ee\/wp-content\/uploads\/2016\/04\/lottemaa-majutus.jpg\",\"contentUrl\":\"https:\/\/lottemaa.ee\/wp-content\/uploads\/2016\/04\/lottemaa-majutus.jpg\",\"width\":288,\"height\":251},{\"@type\":\"BreadcrumbList\",\"@id\":\"https:\/\/lottemaa.ee\/lv\/par-lotes-zemi\/naksnosana\/#breadcrumb\",\"itemListElement\":[{\"@type\":\"ListItem\",\"position\":1,\"name\":\"Home\",\"item\":\"https:\/\/lottemaa.ee\/lv\/\"},{\"@type\":\"ListItem\",\"position\":2,\"name\":\"Diena Lotes zem\u0113\",\"item\":\"https:\/\/lottemaa.ee\/lv\/par-lotes-zemi\/\"},{\"@type\":\"ListItem\",\"position\":3,\"name\":\"Nak\u0161\u0146o\u0161ana\"}]},{\"@type\":\"WebSite\",\"@id\":\"https:\/\/lottemaa.ee\/#website\",\"url\":\"https:\/\/lottemaa.ee\/\",\"name\":\"Lottemaa Teemapark\",\"description\":\"Baltimaade suurim ja k\u00f5ige \u00e4gedam kogupere teemapark Eestis P\u00e4rnumaal\",\"publisher\":{\"@id\":\"https:\/\/lottemaa.ee\/#organization\"},\"potentialAction\":[{\"@type\":\"SearchAction\",\"target\":{\"@type\":\"EntryPoint\",\"urlTemplate\":\"https:\/\/lottemaa.ee\/?s={search_term_string}\"},\"query-input\":{\"@type\":\"PropertyValueSpecification\",\"valueRequired\":true,\"valueName\":\"search_term_string\"}}],\"inLanguage\":\"lv-LV\"},{\"@type\":\"Organization\",\"@id\":\"https:\/\/lottemaa.ee\/#organization\",\"name\":\"Lottemaa Teemapark\",\"url\":\"https:\/\/lottemaa.ee\/\",\"logo\":{\"@type\":\"ImageObject\",\"inLanguage\":\"lv-LV\",\"@id\":\"https:\/\/lottemaa.ee\/#\/schema\/logo\/image\/\",\"url\":\"https:\/\/lottemaa.ee\/wp-content\/uploads\/2018\/12\/Lottemaa_LOGO.png\",\"contentUrl\":\"https:\/\/lottemaa.ee\/wp-content\/uploads\/2018\/12\/Lottemaa_LOGO.png\",\"width\":1024,\"height\":518,\"caption\":\"Lottemaa Teemapark\"},\"image\":{\"@id\":\"https:\/\/lottemaa.ee\/#\/schema\/logo\/image\/\"}}]}<\/script>\n<!-- \/ Yoast SEO plugin. -->","yoast_head_json":{"title":"Izmitin\u0101\u0161ana P\u0113rnavas apri\u0146\u0137\u012b \u2013 Lotes zeme","description":"Lotes zem\u0113 da\u017e\u0101das aktivit\u0101tes ir nodro\u0161in\u0101tas vair\u0101k\u0101m dien\u0101m. Atrodiet pat\u012bkamu nak\u0161\u0146o\u0161anu P\u0113rnav\u0101 pie m\u016bsu sadarb\u012bbas partneriem.","robots":{"index":"index","follow":"follow","max-snippet":"max-snippet:-1","max-image-preview":"max-image-preview:large","max-video-preview":"max-video-preview:-1"},"canonical":"https:\/\/lottemaa.ee\/lv\/par-lotes-zemi\/naksnosana\/","og_locale":"lv_LV","og_type":"article","og_title":"Izmitin\u0101\u0161ana P\u0113rnavas apri\u0146\u0137\u012b \u2013 Lotes zeme","og_description":"Lotes zem\u0113 da\u017e\u0101das aktivit\u0101tes ir nodro\u0161in\u0101tas vair\u0101k\u0101m dien\u0101m. Atrodiet pat\u012bkamu nak\u0161\u0146o\u0161anu P\u0113rnav\u0101 pie m\u016bsu sadarb\u012bbas partneriem.","og_url":"https:\/\/lottemaa.ee\/lv\/par-lotes-zemi\/naksnosana\/","og_site_name":"Lottemaa Teemapark","article_modified_time":"2024-09-25T13:42:39+00:00","og_image":[{"width":288,"height":251,"url":"https:\/\/lottemaa.ee\/wp-content\/uploads\/2016\/04\/lottemaa-majutus.jpg","type":"image\/jpeg"}],"twitter_card":"summary_large_image","twitter_misc":{"Est. reading time":"1 min\u016b\u0161u"},"schema":{"@context":"https:\/\/schema.org","@graph":[{"@type":"WebPage","@id":"https:\/\/lottemaa.ee\/lv\/par-lotes-zemi\/naksnosana\/","url":"https:\/\/lottemaa.ee\/lv\/par-lotes-zemi\/naksnosana\/","name":"Izmitin\u0101\u0161ana P\u0113rnavas apri\u0146\u0137\u012b \u2013 Lotes zeme","isPartOf":{"@id":"https:\/\/lottemaa.ee\/#website"},"primaryImageOfPage":{"@id":"https:\/\/lottemaa.ee\/lv\/par-lotes-zemi\/naksnosana\/#primaryimage"},"image":{"@id":"https:\/\/lottemaa.ee\/lv\/par-lotes-zemi\/naksnosana\/#primaryimage"},"thumbnailUrl":"https:\/\/lottemaa.ee\/wp-content\/uploads\/2016\/04\/lottemaa-majutus.jpg","datePublished":"2016-05-16T17:40:19+00:00","dateModified":"2024-09-25T13:42:39+00:00","description":"Lotes zem\u0113 da\u017e\u0101das aktivit\u0101tes ir nodro\u0161in\u0101tas vair\u0101k\u0101m dien\u0101m. Atrodiet pat\u012bkamu nak\u0161\u0146o\u0161anu P\u0113rnav\u0101 pie m\u016bsu sadarb\u012bbas partneriem.","breadcrumb":{"@id":"https:\/\/lottemaa.ee\/lv\/par-lotes-zemi\/naksnosana\/#breadcrumb"},"inLanguage":"lv-LV","potentialAction":[{"@type":"ReadAction","target":["https:\/\/lottemaa.ee\/lv\/par-lotes-zemi\/naksnosana\/"]}]},{"@type":"ImageObject","inLanguage":"lv-LV","@id":"https:\/\/lottemaa.ee\/lv\/par-lotes-zemi\/naksnosana\/#primaryimage","url":"https:\/\/lottemaa.ee\/wp-content\/uploads\/2016\/04\/lottemaa-majutus.jpg","contentUrl":"https:\/\/lottemaa.ee\/wp-content\/uploads\/2016\/04\/lottemaa-majutus.jpg","width":288,"height":251},{"@type":"BreadcrumbList","@id":"https:\/\/lottemaa.ee\/lv\/par-lotes-zemi\/naksnosana\/#breadcrumb","itemListElement":[{"@type":"ListItem","position":1,"name":"Home","item":"https:\/\/lottemaa.ee\/lv\/"},{"@type":"ListItem","position":2,"name":"Diena Lotes zem\u0113","item":"https:\/\/lottemaa.ee\/lv\/par-lotes-zemi\/"},{"@type":"ListItem","position":3,"name":"Nak\u0161\u0146o\u0161ana"}]},{"@type":"WebSite","@id":"https:\/\/lottemaa.ee\/#website","url":"https:\/\/lottemaa.ee\/","name":"Lottemaa Teemapark","description":"Baltimaade suurim ja k\u00f5ige \u00e4gedam kogupere teemapark Eestis P\u00e4rnumaal","publisher":{"@id":"https:\/\/lottemaa.ee\/#organization"},"potentialAction":[{"@type":"SearchAction","target":{"@type":"EntryPoint","urlTemplate":"https:\/\/lottemaa.ee\/?s={search_term_string}"},"query-input":{"@type":"PropertyValueSpecification","valueRequired":true,"valueName":"search_term_string"}}],"inLanguage":"lv-LV"},{"@type":"Organization","@id":"https:\/\/lottemaa.ee\/#organization","name":"Lottemaa Teemapark","url":"https:\/\/lottemaa.ee\/","logo":{"@type":"ImageObject","inLanguage":"lv-LV","@id":"https:\/\/lottemaa.ee\/#\/schema\/logo\/image\/","url":"https:\/\/lottemaa.ee\/wp-content\/uploads\/2018\/12\/Lottemaa_LOGO.png","contentUrl":"https:\/\/lottemaa.ee\/wp-content\/uploads\/2018\/12\/Lottemaa_LOGO.png","width":1024,"height":518,"caption":"Lottemaa Teemapark"},"image":{"@id":"https:\/\/lottemaa.ee\/#\/schema\/logo\/image\/"}}]}},"_links":{"self":[{"href":"https:\/\/lottemaa.ee\/lv\/wp-json\/wp\/v2\/pages\/1307","targetHints":{"allow":["GET"]}}],"collection":[{"href":"https:\/\/lottemaa.ee\/lv\/wp-json\/wp\/v2\/pages"}],"about":[{"href":"https:\/\/lottemaa.ee\/lv\/wp-json\/wp\/v2\/types\/page"}],"author":[{"embeddable":true,"href":"https:\/\/lottemaa.ee\/lv\/wp-json\/wp\/v2\/users\/1"}],"replies":[{"embeddable":true,"href":"https:\/\/lottemaa.ee\/lv\/wp-json\/wp\/v2\/comments?post=1307"}],"version-history":[{"count":5,"href":"https:\/\/lottemaa.ee\/lv\/wp-json\/wp\/v2\/pages\/1307\/revisions"}],"predecessor-version":[{"id":21530,"href":"https:\/\/lottemaa.ee\/lv\/wp-json\/wp\/v2\/pages\/1307\/revisions\/21530"}],"up":[{"embeddable":true,"href":"https:\/\/lottemaa.ee\/lv\/wp-json\/wp\/v2\/pages\/585"}],"wp:featuredmedia":[{"embeddable":true,"href":"https:\/\/lottemaa.ee\/lv\/wp-json\/wp\/v2\/media\/146"}],"wp:attachment":[{"href":"https:\/\/lottemaa.ee\/lv\/wp-json\/wp\/v2\/media?parent=1307"}],"curies":[{"name":"wp","href":"https:\/\/api.w.org\/{rel}","templated":true}]}}