{"id":1305,"date":"2016-05-16T20:37:57","date_gmt":"2016-05-16T17:37:57","guid":{"rendered":"http:\/\/sharks.ee\/lottemaa\/lv\/?page_id=1305"},"modified":"2026-01-25T13:52:16","modified_gmt":"2026-01-25T11:52:16","slug":"noderiga-informacija","status":"publish","type":"page","link":"https:\/\/lottemaa.ee\/lv\/par-lotes-zemi\/noderiga-informacija\/","title":{"rendered":"Noder\u012bga inform\u0101cija"},"content":{"rendered":"<h3 style=\"text-align: left;\"><span style=\"font-family: Troika;\">APMEKL\u0112JUMA PL\u0100NO\u0160ANA<\/span><\/h3>\n<p style=\"text-align: left;\">Lotes zemes apmekl\u0113jumam iesak\u0101m iepl\u0101not visu dienu, jo t\u0101 var\u0113siet piedal\u012bties vis\u0101 ciema dz\u012bv\u0113, k\u0146ad\u0101, uzvedumos, koncert\u0101, darbn\u012bc\u0101s un piedz\u012bvojumos. Pirms iera\u0161an\u0101s noteikti ir v\u0113rts iepaz\u012bties ar m\u016bsu programmu, lai laikus ierastos un no apmekl\u0113jumu izbaud\u012btu maksim\u0101li.<\/p>\n<h3 style=\"text-align: left;\"><span style=\"font-family: Troika;\">INFORM\u0100CIJA PAR BI\u013bET\u0112M<\/span><\/h3>\n<p style=\"text-align: left;\">Lai apmekl\u0113tu Tematisko parku, iepriek\u0161\u0113ja rezerv\u0101cija nav nepiecie\u0161ama. Bi\u013cetes ir pieejamas Lotes zemes st\u0101vviet\u0101 un pie ieejas eso\u0161aj\u0101s kas\u0113s, k\u0101 ar\u012b iepriek\u0161p\u0101rdo\u0161an\u0101.<\/p>\n<p style=\"text-align: left;\">Visu sezonas laiku gan uz vietas, gan iepriek\u0161\u0113j\u0101 p\u0101rdo\u0161an\u0101 ieg\u0101d\u0101t\u0101s bi\u013cetes ir der\u012bgas k\u0101 dienas bi\u013cetes.<\/p>\n<p style=\"text-align: left;\">Iepriek\u0161p\u0101rdo\u0161an\u0101 ieg\u0101d\u0101t\u0101s bi\u013cetes nav nepiecie\u0161ams izdruk\u0101t. Pietiks, ja t\u0101s uzr\u0101d\u012bsiet savas viedier\u012bces ekr\u0101n\u0101.<\/p>\n<p style=\"text-align: left;\">\u0145emiet v\u0113r\u0101! Sezonas laik\u0101 neizmantot\u0101s bi\u013cetes netiek atpirktas un apmain\u012btas. Boj\u0101ta bi\u013cete nav uzskat\u0101ma par der\u012bgu.<\/p>\n<h3 style=\"text-align: left;\"><span style=\"font-family: Troika;\">APMAKSA<\/span><\/h3>\n<p style=\"text-align: left;\">Lotes zem\u0113 visos p\u0101rdo\u0161anas punktos var maks\u0101t gan skaidr\u0101 naud\u0101, gan ar bankas karti.<\/p>\n<h3 style=\"text-align: left;\"><span style=\"font-family: Troika;\">ST\u0100VVIETA<\/span><\/h3>\n<p style=\"text-align: left;\">Apmekl\u0113t\u0101jiem paredz\u0113t\u0101 Lotes zemes st\u0101vvieta ir atv\u0113rta vasar\u0101 <strong>9:45-18:15<\/strong> un ziem\u0101 <strong>14:45-19:15<\/strong>. St\u0101vvieta ir par maksu.<\/p>\n<p style=\"text-align: left;\"><strong>Samaksa:<\/strong><br \/>\n\u2013\u00a0<a href=\"https:\/\/snabb.xyz\/autojuhile\/teenuste-tutvustus\/parkimine\"><em>Snabb<\/em><\/a>\u00a0mobilaj\u0101 lietotn\u0113<br \/>\n\u2013\u00a0<a href=\"https:\/\/barking-api.com\/ticket\/?uuid=bed1eb24-b95f-4676-a411-f587448a29c1\"><em>Snabb<\/em>\u00a0<\/a>m\u0101jaslap\u0101<br \/>\n\u2013 Skaidr\u0101 naud\u0101 vai ar maks\u0101jumu karti Lotes zemes kas\u0113s<\/p>\n<p style=\"text-align: left;\">St\u0101vviet\u0101 netiek veikta auto apsardze.<\/p>\n<p style=\"text-align: left;\">Ir aizliegts atst\u0101t automa\u0161\u012bnu Lotes zemes Tematisk\u0101 parka kontrolpunkta tuvum\u0101 eso\u0161aj\u0101s st\u0101vviet\u0101s (iz\u0146emot inval\u012bdu kartes \u012bpa\u0161niekus). Viet\u0113jai pa\u0161vald\u012bbai ir ties\u012bbas p\u0101rvietot nepareizi novietotus transportl\u012bdzek\u013cus.<\/p>\n<h3 style=\"text-align: left;\"><span style=\"font-family: Troika;\">BRAUCIENS AR VILCIENU<\/span><\/h3>\n<p style=\"text-align: left;\">Tematisk\u0101 parka ieeja atrodas 800 metru att\u0101lum\u0101 no Lotes zemes st\u0101vvietas<\/p>\n<p style=\"text-align: left;\">No st\u0101vvietas l\u012bdz ieejai un atpaka\u013c l\u012bdz st\u0101vvietai iesp\u0113jams aizbraukt ar minivilcienu, kas atiet p\u0113c br\u012bva grafika ar interv\u0101lu l\u012bdz <strong>15 min\u016bt\u0113m<\/strong>. Vasar\u0101 pirmais vilciens no st\u0101vvietas uz Lotes zemi atiet, kad vilciens ir pilns un ne v\u0113l\u0101k par pulksten <strong>10.00<\/strong>, p\u0113d\u0113jais vilciens no Lotes zemes uz st\u0101vvietu atiet <strong>18.15<\/strong>. Ziem\u0101 pirmais vilciens no st\u0101vvietas uz Lotes zemi (vilcienam aizpildoties) start\u0113 v\u0113l\u0101kais <strong>15:00<\/strong>, p\u0113d\u0113jais vilciens no Lotes zemes atpaka\u013c uz st\u0101vvietu atiet <strong>19.15<\/strong>.<\/p>\n<p style=\"text-align: left;\">Brauciens ar vilcienu ir par maksu, un bi\u013cetes ir pieejamas Lotes zemes st\u0101vviet\u0101 un ieejas kas\u0113s, k\u0101 ar\u012b iepriek\u0161p\u0101rdo\u0161an\u0101.<\/p>\n<h3 style=\"text-align: left;\"><span style=\"font-family: Troika;\">DRO\u0160\u012aBA<\/span><\/h3>\n<p style=\"text-align: left;\">Mums ir \u013coti svar\u012bgi, lai j\u016bsu \u0123imenes apmekl\u0113jums Lotes zem\u0113 norit\u0113tu \u0113rti un diena paietu priec\u012bg\u0101 gaisotn\u0113. \u013boti lielu uzsvaru esam liku\u0161i uz dro\u0161\u012bbu. Visu Tematisk\u0101 parka atrakciju ra\u017eo\u0161an\u0101 ir \u0146emti v\u0113r\u0101 visi sp\u0113k\u0101 eso\u0161ie standarti un dro\u0161\u012bbas normas. Tematisk\u0101 parka darbinieki ik dienu seko l\u012bdzi atrakciju atbilst\u012bbai un dro\u0161\u012bbai. Katr\u0101 Tematiska parka \u0113k\u0101 ir pirm\u0101s pal\u012bdz\u012bbas l\u012bdzek\u013ci, nelaimes gad\u012bjum\u0101 v\u0113rsieties pie m\u016bsu darbiniekiem. Visi Lotes zemes darbinieki ir izg\u0101ju\u0161i pirm\u0101s pal\u012bdz\u012bbas apm\u0101c\u012bbu.<\/p>\n<p style=\"text-align: left;\">Park\u0101 eso\u0161ie b\u0113rni ir b\u0113rna vec\u0101ku vai pieaugu\u0161a pavado\u0146a atbild\u012bb\u0101.<\/p>\n<p style=\"text-align: left;\">Tematisk\u0101 parka ieej\u0101 ir pieejamas maz\u0101kiem b\u0113rniem paredz\u0113tas pretpazu\u0161anas uzl\u012bmes, uz kur\u0101m iesak\u0101m uzrakst\u012bt b\u0113rna v\u0101rdu un b\u0113rna vec\u0101ka vai pieaugu\u0161\u0101 pavado\u0146a kontaktt\u0101lruni. Uzl\u012bmes l\u016bdzam piestiprin\u0101t pie b\u0113rna ap\u0123\u0113rba redzam\u0101 viet\u0101. T\u0101 mums b\u016bs viegl\u0101k sakontakt\u0113ties ar pazudu\u0161a b\u0113rna vec\u0101kiem.<\/p>\n<p style=\"text-align: left;\">Pludmales zona ir paredz\u0113ta publiskai izmanto\u0161anai, peld\u0113\u0161ana un atra\u0161an\u0101s \u016bden\u012b ir uz savu atbild\u012bbu, pludmal\u0113 nav apsardzes un gl\u0101b\u0113ju.<\/p>\n<p style=\"text-align: left;\">Piedz\u012bvojumu parks ir paredz\u0113ts publiskai lieto\u0161anai, k\u0101pel\u0113\u0161ana piedz\u012bvojumu tak\u0101 ir at\u013cauta tikai pieaugu\u0161as personas uzraudz\u012bb\u0101.<\/p>\n<h3 style=\"text-align: left;\"><span style=\"font-family: Troika;\">\u0112DIENI\/DZ\u0112RIENI<\/span><\/h3>\n<p style=\"text-align: left;\">Lotes zemes Tematiskaj\u0101 park\u0101 ir septi\u0146as da\u017e\u0101das \u0113din\u0101\u0161anas vietas, kur var ieg\u0101d\u0101ties gan s\u0101t\u012bg\u0101kus, gan ar\u012b viegl\u0101kus \u0113dienus.<\/p>\n<p style=\"text-align: left;\">Ja v\u0113laties, no m\u0101j\u0101m pa\u0146emiet l\u012bdzi piknika grozu un sar\u012bkojiet Lotes zem\u0113 pat\u012bkamas pusdienas.<\/p>\n<p style=\"text-align: left;\">Lotes zemes Tematisk\u0101 parka kr\u0101na \u016bdens ir dzerams, un laukum\u0101 ir izvietotas \u016bdens pa\u0146em\u0161anas vietas, kuru atra\u0161an\u0101s vietas ir atz\u012bm\u0113tas Tematisk\u0101 parka kart\u0113.<\/p>\n<h3 style=\"text-align: left;\"><span style=\"font-family: Troika;\">PIRM\u0100 PAL\u012aDZ\u012aBA<\/span><\/h3>\n<p style=\"text-align: left;\">Ja rodas nepiecie\u0161am\u012bba p\u0113c medic\u012bniskas pal\u012bdz\u012bbas, dro\u0161i v\u0113rsieties pie Tematisk\u0101 parka darbiniekiem \u2013 ar\u012b t\u0113li ir apm\u0101c\u012bti r\u012bkoties attiec\u012bg\u0101s situ\u0101cij\u0101s.<\/p>\n<p style=\"text-align: left;\">Katr\u0101 Lotes zemes m\u0101j\u0101 ir pieejami pirm\u0101s pal\u012bdz\u012bbas l\u012bdzek\u013ci, t\u0101pat C\u016bku m\u0101j\u0101 ir atsevi\u0161\u0137a telpa pirm\u0101s pal\u012bdz\u012bbas snieg\u0161anai.<\/p>\n<h3 style=\"text-align: left;\"><span style=\"font-family: Troika;\">M\u012a\u013bDZ\u012aVNIEKI<\/span><\/h3>\n<p style=\"text-align: left;\">Lotes zemi ik dienu apmekl\u0113 daudz cilv\u0113ku, un vi\u0146u attieksme pret m\u0101jdz\u012bvniekiem ir da\u017e\u0101da. T\u0101p\u0113c l\u016bdzam j\u016bsu sapratni, un uz Lotes zemi ne\u0146emiet l\u012bdzi m\u012b\u013cdz\u012bvniekus, ar\u012b mazi un labas uzved\u012bbas m\u012b\u013cdz\u012bvnieki Lotes zem\u0113 ir aizliegti.<\/p>\n<h3 style=\"text-align: left;\"><span style=\"font-family: Troika;\">TUALETES<\/span><\/h3>\n<p style=\"text-align: left;\">Tematiskaj\u0101 park\u0101 vis\u0101s liel\u0101kaj\u0101s \u0113k\u0101s ir tualetes.<\/p>\n<p style=\"text-align: left;\">Vis\u0101s inval\u012bdu tualet\u0113s \u2013 stacijas \u0113k\u0101, Lotes m\u0101j\u0101, Za\u0137u m\u0101j\u0101 un zem D\u017eovanni te\u0101tra trib\u012bn\u0113m \u2013 ir ier\u012bkoti p\u0101rtinamie galdi\u0146i un liel\u0101kas izlietnes.<\/p>\n<h3 style=\"text-align: left;\"><span style=\"font-family: Troika;\">LAIKAPST\u0100K\u013bI<\/span><\/h3>\n<p style=\"text-align: left;\">Lotes zeme ir atv\u0113rta jebkuros laikapst\u0101k\u013cos. Ta\u010du, ja saskaramies ar ekstr\u0113miem laikapst\u0101k\u013ciem, m\u0113s paturam sev ties\u012bbas parku sl\u0113gt. Par to pazi\u0146ojam Lotes zemes soci\u0101lo mediju kan\u0101los un m\u0101jaslap\u0101.<\/p>\n<p style=\"text-align: left;\">Sp\u0113c\u012bga lietus vai sniegpute\u0146a laik\u0101 Lotes zemes Tematisk\u0101 parka uzvedumi norit m\u0101ji\u0146\u0101s. Ziemas period\u0101 pludmale, da\u017eas atrakcijas, da\u013ca veikalu, k\u0101 ar\u012b \u0113din\u0101\u0161anas kioski ir sl\u0113gti.<\/p>\n<p style=\"text-align: left;\">Lietus laik\u0101 Lotes zemes st\u0101vvietas kas\u0113 un Art\u016bra veikal\u0101 var ieg\u0101d\u0101ties lietusm\u0113te\u013cus.<\/p>\n<h3 style=\"text-align: left;\"><span style=\"font-family: Troika;\">MAZU\u013bU VEC\u0100KIEM<\/span><\/h3>\n<p style=\"text-align: left;\">Lotes zem\u0113 ir gaid\u012bti visi \u0123imenes locek\u013ci, ar\u012b pa\u0161i maz\u0101kie. Lotes zem\u0113 var \u0113rti p\u0101rvietoties ar b\u0113rnu rati\u0146iem. Lietain\u0101 laik\u0101 iesp\u0113jams rati\u0146us novietot atsevi\u0161\u0137i nojum\u0113.<\/p>\n<p style=\"text-align: left;\">PS! L\u016bdzam \u0113k\u0101s neien\u0101kt ar b\u0113rnu rati\u0146iem.<\/p>\n<p style=\"text-align: left;\">Lotes zem\u0113 mazu\u013cu apr\u016bpei blakus gadatirgus laukumam ir pieejama C\u016bku m\u0101ja. Tur ir iesp\u0113jams uzsild\u012bt mazu\u013cu p\u0101rtiku, z\u012bd\u012bt b\u0113rnu, nomain\u012bt pamperus, maz\u0101kie b\u0113rni var atp\u016bsties spilvenos vai rota\u013c\u0101ties sp\u0113\u013cu istab\u0101.<\/p>\n<p style=\"text-align: left;\">Vis\u0101s inval\u012bdu tualet\u0113s \u2013 stacijas \u0113k\u0101, Lotes m\u0101j\u0101, Za\u0137u m\u0101j\u0101 un zem D\u017eovanni te\u0101tra trib\u012bn\u0113m \u2013 ir ier\u012bkoti p\u0101rtinamie galdi\u0146i un liel\u0101kas izlietnes, lai b\u0113rnu var\u0113tu \u0113rti nomazg\u0101t.<\/p>\n<h3 style=\"text-align: left;\"><span style=\"font-family: Troika;\">NOZAUD\u0112TAS MANTAS<\/span><\/h3>\n<p style=\"text-align: left;\">Inform\u0101ciju par atrastaj\u0101m mant\u0101m var sa\u0146emt no Lotes zemes darbiniekiem vai rakstot uz e-pasta adresi:<strong> info@lottemaa.ee<\/strong>.<\/p>\n<p style=\"text-align: left;\">Atrast\u0101s mantas uzglab\u0101jam vienu m\u0113nesi. Ja Lotes zem\u0113 atrodat k\u0101du nozaud\u0113tu priek\u0161metu, l\u016bdzam to nodot Tematisk\u0101 parka darbiniekiem.<\/p>\n<h3 style=\"text-align: left;\"><span style=\"font-family: Troika;\">CILV\u0112KIEM AR \u012aPA\u0160\u0100M VAJADZ\u012aB\u0100M<\/span><\/h3>\n<p style=\"text-align: left;\">Lotes zem\u0113 ir pla\u0161s aktivit\u0101\u0161u kl\u0101sts, kas ir pa sp\u0113kam un viegli pieejams ar\u012b apmekl\u0113t\u0101jiem ar \u012bpa\u0161\u0101m vajadz\u012bb\u0101m. Liel\u0101k\u0101 da\u013ca aktivit\u0101\u0161u norit \u0101r\u0101, vairumam \u0113ku ir iesp\u0113jams piek\u013c\u016bt ar rati\u0146kr\u0113slu vai citu p\u0101rvieto\u0161an\u0101s pal\u012bgier\u012bci. Nemit\u012bgi tiecamies uz to, lai j\u016bsu apmekl\u0113jumu padar\u012btu v\u0113l \u0113rt\u0101ku.<\/p>\n<p style=\"text-align: left;\">Apmekl\u0113t\u0101js ar smagiem un nopietniem trauc\u0113jumiem bez maksas var l\u012bdzi \u0146emt pavadoni.<\/p>\n<p style=\"text-align: left;\">Lotes zemes st\u0101vviet\u0101, vilciena stacijas tuvum\u0101, atrodas inval\u012bdu st\u0101vvietas. Vilciena vad\u012bt\u0101js b\u016bs gatavs jums pal\u012bdz\u0113t iek\u0101pt vilcien\u0101, t\u0101pat vilcien\u0101 ir vieta rati\u0146kr\u0113slam un cit\u0101m p\u0101rvieto\u0161an\u0101s pal\u012bgier\u012bc\u0113m.<\/p>\n<p style=\"text-align: left;\">Lotes zemes kontrolpunkta tuvum\u0101 ir 5 inval\u012bdu st\u0101vvietas. Ja t\u0101s ir aiz\u0146emtas, automa\u0161\u012bna j\u0101atst\u0101j lielaj\u0101 st\u0101vviet\u0101.<\/p>\n<p style=\"text-align: left;\">Lotes zemes celi\u0146i \u013cauj \u0113rti p\u0101rvietoties ar rati\u0146kr\u0113slu, un vairum\u0101 \u0113ku ir iesp\u0113jams patst\u0101v\u012bgi iek\u013c\u016bt ar rati\u0146kr\u0113slu. Viet\u0101s, kur tas nav iesp\u0113jams, jums pal\u012bdz\u0113s Lotes zemes darbinieki.<\/p>\n<p style=\"text-align: left;\">Lotes m\u0101j\u0101 atrodas inval\u012bdu lifts, kas \u013caus uzbraukt uz Lotes zemes aug\u0161\u0113jiem st\u0101viem un torn\u012b.<\/p>\n<p style=\"text-align: left;\">D\u017eovanni te\u0101tr\u012b, pirms pirm\u0101s s\u0113dvietas soliem, ir paredz\u0113tas vietas rati\u0146kr\u0113sliem.<\/p>\n<p style=\"text-align: left;\">Tematiskaj\u0101 park\u0101 kop\u0101 ir 4 inval\u012bdu WC: Stacijas \u0113k\u0101, Za\u0137u m\u0101j\u0101, Lotes m\u0101j\u0101 un zem D\u017eovanni te\u0101tra trib\u012bn\u0113m.<\/p>\n","protected":false},"excerpt":{"rendered":"<p>APMEKL\u0112JUMA PL\u0100NO\u0160ANA Lotes zemes apmekl\u0113jumam iesak\u0101m iepl\u0101not visu dienu, jo t\u0101 var\u0113siet piedal\u012bties vis\u0101 ciema dz\u012bv\u0113, k\u0146ad\u0101, uzvedumos, koncert\u0101, darbn\u012bc\u0101s un piedz\u012bvojumos. Pirms iera\u0161an\u0101s noteikti ir v\u0113rts iepaz\u012bties ar m\u016bsu programmu, lai laikus ierastos un no apmekl\u0113jumu izbaud\u012btu maksim\u0101li. INFORM\u0100CIJA PAR BI\u013bET\u0112M Lai apmekl\u0113tu Tematisko parku, iepriek\u0161\u0113ja rezerv\u0101cija nav nepiecie\u0161ama. Bi\u013cetes ir pieejamas Lotes zemes &hellip; <a href=\"https:\/\/lottemaa.ee\/lv\/par-lotes-zemi\/noderiga-informacija\/\">Continued<\/a><\/p>\n","protected":false},"author":1,"featured_media":140,"parent":585,"menu_order":375,"comment_status":"closed","ping_status":"closed","template":"","meta":{"_acf_changed":false,"om_disable_all_campaigns":false,"_uf_show_specific_survey":0,"_uf_disable_surveys":false,"footnotes":""},"class_list":["post-1305","page","type-page","status-publish","has-post-thumbnail","hentry"],"acf":[],"yoast_head":"<!-- This site is optimized with the Yoast SEO plugin v25.5 - https:\/\/yoast.com\/wordpress\/plugins\/seo\/ -->\n<title>Noder\u012bga inform\u0101cija | Lottemaa Teemapark<\/title>\n<meta name=\"description\" content=\"Pl\u0101nojiet savu viz\u012bti Lottemaa! \u0160eit atrad\u012bsiet visu nepiecie\u0161amo inform\u0101ciju - k\u0101 nok\u013c\u016bt, ko \u0146emt l\u012bdzi un k\u0101 p\u0101rvietoties. Uz tik\u0161anos P\u0113rnav\u0101!\" \/>\n<meta name=\"robots\" content=\"index, follow, max-snippet:-1, max-image-preview:large, max-video-preview:-1\" \/>\n<link rel=\"canonical\" href=\"https:\/\/lottemaa.ee\/lv\/par-lotes-zemi\/noderiga-informacija\/\" \/>\n<meta property=\"og:locale\" content=\"lv_LV\" \/>\n<meta property=\"og:type\" content=\"article\" \/>\n<meta property=\"og:title\" content=\"Noder\u012bga inform\u0101cija | Lottemaa Teemapark\" \/>\n<meta property=\"og:description\" content=\"Pl\u0101nojiet savu viz\u012bti Lottemaa! \u0160eit atrad\u012bsiet visu nepiecie\u0161amo inform\u0101ciju - k\u0101 nok\u013c\u016bt, ko \u0146emt l\u012bdzi un k\u0101 p\u0101rvietoties. Uz tik\u0161anos P\u0113rnav\u0101!\" \/>\n<meta property=\"og:url\" content=\"https:\/\/lottemaa.ee\/lv\/par-lotes-zemi\/noderiga-informacija\/\" \/>\n<meta property=\"og:site_name\" content=\"Lottemaa Teemapark\" \/>\n<meta property=\"article:modified_time\" content=\"2026-01-25T11:52:16+00:00\" \/>\n<meta property=\"og:image\" content=\"https:\/\/lottemaa.ee\/wp-content\/uploads\/2016\/04\/lottemaa-hea-teada.jpg\" \/>\n\t<meta property=\"og:image:width\" content=\"285\" \/>\n\t<meta property=\"og:image:height\" content=\"249\" \/>\n\t<meta property=\"og:image:type\" content=\"image\/jpeg\" \/>\n<meta name=\"twitter:card\" content=\"summary_large_image\" \/>\n<meta name=\"twitter:label1\" content=\"Est. reading time\" \/>\n\t<meta name=\"twitter:data1\" content=\"6 min\u016btes\" \/>\n<script type=\"application\/ld+json\" class=\"yoast-schema-graph\">{\"@context\":\"https:\/\/schema.org\",\"@graph\":[{\"@type\":\"WebPage\",\"@id\":\"https:\/\/lottemaa.ee\/lv\/par-lotes-zemi\/noderiga-informacija\/\",\"url\":\"https:\/\/lottemaa.ee\/lv\/par-lotes-zemi\/noderiga-informacija\/\",\"name\":\"Noder\u012bga inform\u0101cija | Lottemaa Teemapark\",\"isPartOf\":{\"@id\":\"https:\/\/lottemaa.ee\/#website\"},\"primaryImageOfPage\":{\"@id\":\"https:\/\/lottemaa.ee\/lv\/par-lotes-zemi\/noderiga-informacija\/#primaryimage\"},\"image\":{\"@id\":\"https:\/\/lottemaa.ee\/lv\/par-lotes-zemi\/noderiga-informacija\/#primaryimage\"},\"thumbnailUrl\":\"https:\/\/lottemaa.ee\/wp-content\/uploads\/2016\/04\/lottemaa-hea-teada.jpg\",\"datePublished\":\"2016-05-16T17:37:57+00:00\",\"dateModified\":\"2026-01-25T11:52:16+00:00\",\"description\":\"Pl\u0101nojiet savu viz\u012bti Lottemaa! \u0160eit atrad\u012bsiet visu nepiecie\u0161amo inform\u0101ciju - k\u0101 nok\u013c\u016bt, ko \u0146emt l\u012bdzi un k\u0101 p\u0101rvietoties. Uz tik\u0161anos P\u0113rnav\u0101!\",\"breadcrumb\":{\"@id\":\"https:\/\/lottemaa.ee\/lv\/par-lotes-zemi\/noderiga-informacija\/#breadcrumb\"},\"inLanguage\":\"lv-LV\",\"potentialAction\":[{\"@type\":\"ReadAction\",\"target\":[\"https:\/\/lottemaa.ee\/lv\/par-lotes-zemi\/noderiga-informacija\/\"]}]},{\"@type\":\"ImageObject\",\"inLanguage\":\"lv-LV\",\"@id\":\"https:\/\/lottemaa.ee\/lv\/par-lotes-zemi\/noderiga-informacija\/#primaryimage\",\"url\":\"https:\/\/lottemaa.ee\/wp-content\/uploads\/2016\/04\/lottemaa-hea-teada.jpg\",\"contentUrl\":\"https:\/\/lottemaa.ee\/wp-content\/uploads\/2016\/04\/lottemaa-hea-teada.jpg\",\"width\":285,\"height\":249},{\"@type\":\"BreadcrumbList\",\"@id\":\"https:\/\/lottemaa.ee\/lv\/par-lotes-zemi\/noderiga-informacija\/#breadcrumb\",\"itemListElement\":[{\"@type\":\"ListItem\",\"position\":1,\"name\":\"Home\",\"item\":\"https:\/\/lottemaa.ee\/lv\/\"},{\"@type\":\"ListItem\",\"position\":2,\"name\":\"Diena Lotes zem\u0113\",\"item\":\"https:\/\/lottemaa.ee\/lv\/par-lotes-zemi\/\"},{\"@type\":\"ListItem\",\"position\":3,\"name\":\"Noder\u012bga inform\u0101cija\"}]},{\"@type\":\"WebSite\",\"@id\":\"https:\/\/lottemaa.ee\/#website\",\"url\":\"https:\/\/lottemaa.ee\/\",\"name\":\"Lottemaa Teemapark\",\"description\":\"Baltimaade suurim ja k\u00f5ige \u00e4gedam kogupere teemapark Eestis P\u00e4rnumaal\",\"publisher\":{\"@id\":\"https:\/\/lottemaa.ee\/#organization\"},\"potentialAction\":[{\"@type\":\"SearchAction\",\"target\":{\"@type\":\"EntryPoint\",\"urlTemplate\":\"https:\/\/lottemaa.ee\/?s={search_term_string}\"},\"query-input\":{\"@type\":\"PropertyValueSpecification\",\"valueRequired\":true,\"valueName\":\"search_term_string\"}}],\"inLanguage\":\"lv-LV\"},{\"@type\":\"Organization\",\"@id\":\"https:\/\/lottemaa.ee\/#organization\",\"name\":\"Lottemaa Teemapark\",\"url\":\"https:\/\/lottemaa.ee\/\",\"logo\":{\"@type\":\"ImageObject\",\"inLanguage\":\"lv-LV\",\"@id\":\"https:\/\/lottemaa.ee\/#\/schema\/logo\/image\/\",\"url\":\"https:\/\/lottemaa.ee\/wp-content\/uploads\/2018\/12\/Lottemaa_LOGO.png\",\"contentUrl\":\"https:\/\/lottemaa.ee\/wp-content\/uploads\/2018\/12\/Lottemaa_LOGO.png\",\"width\":1024,\"height\":518,\"caption\":\"Lottemaa Teemapark\"},\"image\":{\"@id\":\"https:\/\/lottemaa.ee\/#\/schema\/logo\/image\/\"}}]}<\/script>\n<!-- \/ Yoast SEO plugin. -->","yoast_head_json":{"title":"Noder\u012bga inform\u0101cija | Lottemaa Teemapark","description":"Pl\u0101nojiet savu viz\u012bti Lottemaa! \u0160eit atrad\u012bsiet visu nepiecie\u0161amo inform\u0101ciju - k\u0101 nok\u013c\u016bt, ko \u0146emt l\u012bdzi un k\u0101 p\u0101rvietoties. Uz tik\u0161anos P\u0113rnav\u0101!","robots":{"index":"index","follow":"follow","max-snippet":"max-snippet:-1","max-image-preview":"max-image-preview:large","max-video-preview":"max-video-preview:-1"},"canonical":"https:\/\/lottemaa.ee\/lv\/par-lotes-zemi\/noderiga-informacija\/","og_locale":"lv_LV","og_type":"article","og_title":"Noder\u012bga inform\u0101cija | Lottemaa Teemapark","og_description":"Pl\u0101nojiet savu viz\u012bti Lottemaa! \u0160eit atrad\u012bsiet visu nepiecie\u0161amo inform\u0101ciju - k\u0101 nok\u013c\u016bt, ko \u0146emt l\u012bdzi un k\u0101 p\u0101rvietoties. Uz tik\u0161anos P\u0113rnav\u0101!","og_url":"https:\/\/lottemaa.ee\/lv\/par-lotes-zemi\/noderiga-informacija\/","og_site_name":"Lottemaa Teemapark","article_modified_time":"2026-01-25T11:52:16+00:00","og_image":[{"width":285,"height":249,"url":"https:\/\/lottemaa.ee\/wp-content\/uploads\/2016\/04\/lottemaa-hea-teada.jpg","type":"image\/jpeg"}],"twitter_card":"summary_large_image","twitter_misc":{"Est. reading time":"6 min\u016btes"},"schema":{"@context":"https:\/\/schema.org","@graph":[{"@type":"WebPage","@id":"https:\/\/lottemaa.ee\/lv\/par-lotes-zemi\/noderiga-informacija\/","url":"https:\/\/lottemaa.ee\/lv\/par-lotes-zemi\/noderiga-informacija\/","name":"Noder\u012bga inform\u0101cija | Lottemaa Teemapark","isPartOf":{"@id":"https:\/\/lottemaa.ee\/#website"},"primaryImageOfPage":{"@id":"https:\/\/lottemaa.ee\/lv\/par-lotes-zemi\/noderiga-informacija\/#primaryimage"},"image":{"@id":"https:\/\/lottemaa.ee\/lv\/par-lotes-zemi\/noderiga-informacija\/#primaryimage"},"thumbnailUrl":"https:\/\/lottemaa.ee\/wp-content\/uploads\/2016\/04\/lottemaa-hea-teada.jpg","datePublished":"2016-05-16T17:37:57+00:00","dateModified":"2026-01-25T11:52:16+00:00","description":"Pl\u0101nojiet savu viz\u012bti Lottemaa! \u0160eit atrad\u012bsiet visu nepiecie\u0161amo inform\u0101ciju - k\u0101 nok\u013c\u016bt, ko \u0146emt l\u012bdzi un k\u0101 p\u0101rvietoties. Uz tik\u0161anos P\u0113rnav\u0101!","breadcrumb":{"@id":"https:\/\/lottemaa.ee\/lv\/par-lotes-zemi\/noderiga-informacija\/#breadcrumb"},"inLanguage":"lv-LV","potentialAction":[{"@type":"ReadAction","target":["https:\/\/lottemaa.ee\/lv\/par-lotes-zemi\/noderiga-informacija\/"]}]},{"@type":"ImageObject","inLanguage":"lv-LV","@id":"https:\/\/lottemaa.ee\/lv\/par-lotes-zemi\/noderiga-informacija\/#primaryimage","url":"https:\/\/lottemaa.ee\/wp-content\/uploads\/2016\/04\/lottemaa-hea-teada.jpg","contentUrl":"https:\/\/lottemaa.ee\/wp-content\/uploads\/2016\/04\/lottemaa-hea-teada.jpg","width":285,"height":249},{"@type":"BreadcrumbList","@id":"https:\/\/lottemaa.ee\/lv\/par-lotes-zemi\/noderiga-informacija\/#breadcrumb","itemListElement":[{"@type":"ListItem","position":1,"name":"Home","item":"https:\/\/lottemaa.ee\/lv\/"},{"@type":"ListItem","position":2,"name":"Diena Lotes zem\u0113","item":"https:\/\/lottemaa.ee\/lv\/par-lotes-zemi\/"},{"@type":"ListItem","position":3,"name":"Noder\u012bga inform\u0101cija"}]},{"@type":"WebSite","@id":"https:\/\/lottemaa.ee\/#website","url":"https:\/\/lottemaa.ee\/","name":"Lottemaa Teemapark","description":"Baltimaade suurim ja k\u00f5ige \u00e4gedam kogupere teemapark Eestis P\u00e4rnumaal","publisher":{"@id":"https:\/\/lottemaa.ee\/#organization"},"potentialAction":[{"@type":"SearchAction","target":{"@type":"EntryPoint","urlTemplate":"https:\/\/lottemaa.ee\/?s={search_term_string}"},"query-input":{"@type":"PropertyValueSpecification","valueRequired":true,"valueName":"search_term_string"}}],"inLanguage":"lv-LV"},{"@type":"Organization","@id":"https:\/\/lottemaa.ee\/#organization","name":"Lottemaa Teemapark","url":"https:\/\/lottemaa.ee\/","logo":{"@type":"ImageObject","inLanguage":"lv-LV","@id":"https:\/\/lottemaa.ee\/#\/schema\/logo\/image\/","url":"https:\/\/lottemaa.ee\/wp-content\/uploads\/2018\/12\/Lottemaa_LOGO.png","contentUrl":"https:\/\/lottemaa.ee\/wp-content\/uploads\/2018\/12\/Lottemaa_LOGO.png","width":1024,"height":518,"caption":"Lottemaa Teemapark"},"image":{"@id":"https:\/\/lottemaa.ee\/#\/schema\/logo\/image\/"}}]}},"_links":{"self":[{"href":"https:\/\/lottemaa.ee\/lv\/wp-json\/wp\/v2\/pages\/1305","targetHints":{"allow":["GET"]}}],"collection":[{"href":"https:\/\/lottemaa.ee\/lv\/wp-json\/wp\/v2\/pages"}],"about":[{"href":"https:\/\/lottemaa.ee\/lv\/wp-json\/wp\/v2\/types\/page"}],"author":[{"embeddable":true,"href":"https:\/\/lottemaa.ee\/lv\/wp-json\/wp\/v2\/users\/1"}],"replies":[{"embeddable":true,"href":"https:\/\/lottemaa.ee\/lv\/wp-json\/wp\/v2\/comments?post=1305"}],"version-history":[{"count":5,"href":"https:\/\/lottemaa.ee\/lv\/wp-json\/wp\/v2\/pages\/1305\/revisions"}],"predecessor-version":[{"id":32809,"href":"https:\/\/lottemaa.ee\/lv\/wp-json\/wp\/v2\/pages\/1305\/revisions\/32809"}],"up":[{"embeddable":true,"href":"https:\/\/lottemaa.ee\/lv\/wp-json\/wp\/v2\/pages\/585"}],"wp:featuredmedia":[{"embeddable":true,"href":"https:\/\/lottemaa.ee\/lv\/wp-json\/wp\/v2\/media\/140"}],"wp:attachment":[{"href":"https:\/\/lottemaa.ee\/lv\/wp-json\/wp\/v2\/media?parent=1305"}],"curies":[{"name":"wp","href":"https:\/\/api.w.org\/{rel}","templated":true}]}}