{"id":1301,"date":"2016-05-16T20:34:42","date_gmt":"2016-05-16T17:34:42","guid":{"rendered":"http:\/\/sharks.ee\/lottemaa\/lv\/?page_id=1301"},"modified":"2025-12-29T15:39:50","modified_gmt":"2025-12-29T13:39:50","slug":"ka-noklut-pie-mums","status":"publish","type":"page","link":"https:\/\/lottemaa.ee\/lv\/par-lotes-zemi\/ka-noklut-pie-mums\/","title":{"rendered":"K\u0101 nok\u013c\u016bt pie mums"},"content":{"rendered":"<p style=\"text-align: left;\">Lotes zeme atrodas <em>Via-Baltica<\/em> \u0161osejas mal\u0101, 6 km pirms iebrauk\u0161anas P\u0113rnav\u0101.<br \/>\nSkatiet atra\u0161an\u0101s vietu <a href=\"https:\/\/ul.waze.com\/ul?ll=58.30748230,24.60335612&amp;navigate=yes&amp;zoom=17&amp;utm_campaign=default&amp;utm_source=waze_website&amp;utm_medium=lm_share_location\"><strong>\u0160EIT \u00bb<\/strong><\/a><\/p>\n<h3 style=\"text-align: left;\"><span style=\"font-family: Troika; color: #0000ff;\">TIEM, KAS IERODAS AR AUTOMA\u0160\u012aNU:<\/span><\/h3>\n<p style=\"text-align: left;\"><strong>\u00a0<\/strong>Lai nok\u013c\u016btu galapunkt\u0101 bez raiz\u0113m, izmantojiet <a href=\"https:\/\/www.waze.com\/et\/live-map\/\"><em>Waze<\/em><\/a> lietotni. K\u0101 galam\u0113r\u0137i ierakstiet <a href=\"https:\/\/www.waze.com\/et\/live-map\/directions\/lottemaa-parkla-reiu?to=place.w.16122439.161224391.2855278\"><strong>LOTES ZEMES AUTOST\u0100VVIETA<\/strong><\/a><\/p>\n<h3 style=\"text-align: left;\"><span style=\"font-family: Troika; color: #ff0000;\">Autost\u0101vvieta<\/span><\/h3>\n<p style=\"text-align: left;\">Automa\u0161\u012bnu var novietot Lotes zemes autost\u0101vviet\u0101. Atra\u0161an\u0101s vietu skatiet <a href=\"https:\/\/www.waze.com\/et\/live-map\/directions?navigate=yes&amp;utm_campaign=default&amp;utm_source=waze_website&amp;utm_medium=lm_share_location&amp;to=ll.58.3074823%2C24.60335612\">\u0160EIT \u00bb<\/a><br \/>\nST\u0100VVIETAS BI\u013bETE 4\u20ac<br \/>\nMaks\u0101jot ar lietotnes \u201cSnabb\u201d starpniec\u012bbu 3 \u20ac<\/p>\n<p style=\"text-align: left;\">Samaksa:<br \/>\n&#8211; <a href=\"https:\/\/snabb.xyz\/autojuhile\/teenuste-tutvustus\/parkimine\"><em>Snabb<\/em><\/a> mobilaj\u0101 lietotn\u0113 (tiek pieskait\u012bta maks\u0101jumu komisijas maksa 0,20 \u20ac)<br \/>\n&#8211; <a href=\"https:\/\/barking-api.com\/ticket\/?uuid=bed1eb24-b95f-4676-a411-f587448a29c1\"><em>Snabb<\/em> <\/a>m\u0101jaslap\u0101 (tiek pieskait\u012bta maks\u0101jumu komisijas maksa 0,20 \u20ac)<br \/>\n&#8211; Skaidr\u0101 naud\u0101 vai ar maks\u0101jumu karti Lotes zemes kas\u0113s<\/p>\n<p style=\"text-align: left;\">Automa\u0161\u012bnas, piekabes un citi transportl\u012bdzek\u013ci, kas novietoti rekl\u0101mas nol\u016bkos, at\u013cauti tikai ar tematisk\u0101 parka rakstisku at\u013cauju.<\/p>\n<p style=\"text-align: left;\">Autost\u0101vvieta nav apsarg\u0101ta.<\/p>\n<p style=\"text-align: left;\">Inval\u012bdu st\u0101vvieta atrodas Lotes zemes ieejas tuvum\u0101, un inval\u012bdu automa\u0161\u012bnas tur var novietot bez maksas.<br \/>\nPrec\u012bzu atra\u0161an\u0101s vietu skatiet <a href=\"https:\/\/www.google.com\/maps\/search\/58.304951,+24.591284?entry=tts&amp;g_ep=EgoyMDI0MDYxMC4wKgBIAVAD\">\u0160EIT \u00bb<\/a><\/p>\n<h3 style=\"text-align: left;\"><span style=\"font-family: Troika; color: #0000ff;\">K\u0100 PIE MUMS NOK\u013b\u016aT?<\/span><\/h3>\n<p style=\"text-align: left;\">Lotes zemes autost\u0101vviet\u0101 atrodas <a href=\"https:\/\/www.alexela.ee\/\"><em>Alexela<\/em><\/a> uzl\u0101des punkts ar div\u0101m uzl\u0101des viet\u0101m ar 22 kW AC integr\u0113tiem spir\u0101lveida uzl\u0101des kabe\u013ciem.<br \/>\nPrec\u012bzu atra\u0161an\u0101s vietu var atrast <a href=\"https:\/\/maps.app.goo.gl\/xmVnuwLeBqdMS8j38\">\u0160EIT\u00a0<strong>\u00bb<\/strong><\/a><\/p>\n<h3 style=\"text-align: left;\"><span style=\"font-family: Troika; color: #ff0000;\">Ar vilcienu l\u012bdz ieejas v\u0101rtiem un atpaka\u013c\u00a0<\/span><\/h3>\n<p style=\"text-align: left;\">Ieeja tematiskaj\u0101 park\u0101 atrodas jaukas pastaigas att\u0101lum\u0101 no autost\u0101vvietas, <strong>~800 m<\/strong> att\u0101lum\u0101.<\/p>\n<p style=\"text-align: left;\">No autost\u0101vvietas l\u012bdz Lotes zemei un vakar\u0101 atpaka\u013c no Lotes zemes uz autost\u0101vvietu iesp\u0113jams aizbraukt ar mini vilcieni\u0146u, kas atiet ar <strong>~15 min\u016b\u0161u<\/strong> interv\u0101lu. Vasar\u0101 pirmais vilciens no autost\u0101vvietas uz Lotes zemi (ja vietas ir aizpild\u012btas) atiet v\u0113l\u0101kais pulksten <strong>10:00<\/strong>, bet p\u0113d\u0113jais vilciens no Lotes zemes atpaka\u013c uz autost\u0101vvietu atiet pulksten <strong>18:15<\/strong>. Ziem\u0101 pirmais vilciens no autost\u0101vvietas uz Lotes zemi (ja vietas ir aizpild\u012btas) atiet v\u0113l\u0101kais pulksten <strong>15:00<\/strong>, bet p\u0113d\u0113jais vilciens no Lotes zemes atpaka\u013c uz autost\u0101vvietu atiet pulksten <strong>19:15<\/strong>.<\/p>\n<p style=\"text-align: left;\">Vilciena bi\u013cete vien\u0101 virzien\u0101 maks\u0101 <strong>2 \u20ac\/persona.<\/strong><\/p>\n<h3 style=\"text-align: left;\"><span style=\"font-family: Troika; color: #0000ff;\">TIEM, KAS IERODAS AR AUTOBUSU:<\/span><\/h3>\n<p style=\"text-align: left;\">Uz Lotes zemi var atbraukt ar <a href=\"https:\/\/www.tpilet.ee\/\"><strong>LAUKU MAR\u0160RUTA AUTOBUSIEM<\/strong>.<\/a><br \/>\nAutobusu grafikus var atrast <a href=\"https:\/\/www.tpilet.ee\/?departureStop=8723&amp;destinationStop=8338\"><strong>\u0160EIT \u00bb<\/strong><\/a><br \/>\nGalam\u0113r\u0137a pietura <strong>\u201cLo<\/strong><strong>ttemaa\u201d<\/strong>.<\/p>\n<p style=\"text-align: left;\">Lotes zemes pietura atrodas tie\u0161i blakus jaunajai \u010detru brauk\u0161anas joslu \u0161osejai, no kuras ab\u0101s pus\u0113s tie\u0161i uz Lotes zemes v\u0101rtiem ved jauns g\u0101j\u0113ju un velosip\u0113distu celi\u0146\u0161. \u0160osejas \u0161\u0137\u0113rso\u0161ana notiek caur jaunu g\u0101j\u0113jiem paredz\u0113tu tuneli. Lai mazliet atp\u016btin\u0101tu k\u0101jas, no Lotes zemes st\u0101vlaukuma l\u012bdz ieejas v\u0101rtiem var nok\u013c\u016bt ar vilcienu. Vilciena bi\u013cete vien\u0101 virzien\u0101 maks\u0101 <strong>2 \u20ac\/persona.<\/strong><\/p>\n<h3 style=\"text-align: left;\"><span style=\"font-family: Troika; color: #ff0000;\">TIEM, KAS IERODAS AR TAKSOMETRU:<\/span><\/h3>\n<p style=\"text-align: left;\">No P\u0113rnavas uz Lotes zemi var atbraukt ar <a href=\"https:\/\/parnutakso.ee\/\"><strong>\u201cP\u00c4RNU TAKSO\u201d<\/strong><\/a> taksometru. Brauciens ar taksometru maks\u0101 <strong>15 \u20ac\/1 virziens<\/strong>\u00a0(taksometrs-autobuss\u00a0<strong>17 \u20ac<\/strong>).<br \/>\nPas\u016bt\u012b\u0161ana pa t\u0101lruni: 1222 vai +372 5539 222<\/p>\n<h3 style=\"text-align: left;\"><span style=\"font-family: Troika; color: #0000ff;\">TIEM, KAS IERODAS AR VELOSIP\u0112DU:<\/span><\/h3>\n<p style=\"text-align: left;\">G\u0101j\u0113ju un velosip\u0113distu celi\u0146i no P\u0113rnavas pils\u0113tas robe\u017eas l\u012bdz Lotes zemes.<br \/>\nVelosip\u0113du novietnes atrodas pie Lotes zemes ieejas. Tematiskaj\u0101 park\u0101 ar velosip\u0113diem iebraukt ir aizliegts.<\/p>\n","protected":false},"excerpt":{"rendered":"<p>Lotes zeme atrodas Via-Baltica \u0161osejas mal\u0101, 6 km pirms iebrauk\u0161anas P\u0113rnav\u0101. Skatiet atra\u0161an\u0101s vietu \u0160EIT \u00bb TIEM, KAS IERODAS AR AUTOMA\u0160\u012aNU: \u00a0Lai nok\u013c\u016btu galapunkt\u0101 bez raiz\u0113m, izmantojiet Waze lietotni. K\u0101 galam\u0113r\u0137i ierakstiet LOTES ZEMES AUTOST\u0100VVIETA Autost\u0101vvieta Automa\u0161\u012bnu var novietot Lotes zemes autost\u0101vviet\u0101. Atra\u0161an\u0101s vietu skatiet \u0160EIT \u00bb ST\u0100VVIETAS BI\u013bETE 4\u20ac Maks\u0101jot ar lietotnes \u201cSnabb\u201d starpniec\u012bbu &hellip; <a href=\"https:\/\/lottemaa.ee\/lv\/par-lotes-zemi\/ka-noklut-pie-mums\/\">Continued<\/a><\/p>\n","protected":false},"author":1,"featured_media":128,"parent":585,"menu_order":367,"comment_status":"closed","ping_status":"closed","template":"","meta":{"_acf_changed":false,"om_disable_all_campaigns":false,"_uf_show_specific_survey":0,"_uf_disable_surveys":false,"footnotes":""},"class_list":["post-1301","page","type-page","status-publish","has-post-thumbnail","hentry"],"acf":[],"yoast_head":"<!-- This site is optimized with the Yoast SEO plugin v25.5 - https:\/\/yoast.com\/wordpress\/plugins\/seo\/ -->\n<title>K\u0101 nok\u013c\u016bt pie mums | Lottemaa Teemapark<\/title>\n<meta name=\"description\" content=\"Lai ce\u013co\u0161ana ar automa\u0161\u012bnu b\u016btu bez probl\u0113m\u0101m, izmantojiet lietotni Waze. K\u0101 galam\u0113r\u0137i ievadiet LOTTEMAA PARKLA. Las\u012bt vair\u0101k!\" \/>\n<meta name=\"robots\" content=\"index, follow, max-snippet:-1, max-image-preview:large, max-video-preview:-1\" \/>\n<link rel=\"canonical\" href=\"https:\/\/lottemaa.ee\/lv\/par-lotes-zemi\/ka-noklut-pie-mums\/\" \/>\n<meta property=\"og:locale\" content=\"lv_LV\" \/>\n<meta property=\"og:type\" content=\"article\" \/>\n<meta property=\"og:title\" content=\"K\u0101 nok\u013c\u016bt pie mums | Lottemaa Teemapark\" \/>\n<meta property=\"og:description\" content=\"Lai ce\u013co\u0161ana ar automa\u0161\u012bnu b\u016btu bez probl\u0113m\u0101m, izmantojiet lietotni Waze. K\u0101 galam\u0113r\u0137i ievadiet LOTTEMAA PARKLA. Las\u012bt vair\u0101k!\" \/>\n<meta property=\"og:url\" content=\"https:\/\/lottemaa.ee\/lv\/par-lotes-zemi\/ka-noklut-pie-mums\/\" \/>\n<meta property=\"og:site_name\" content=\"Lottemaa Teemapark\" \/>\n<meta property=\"article:modified_time\" content=\"2025-12-29T13:39:50+00:00\" \/>\n<meta property=\"og:image\" content=\"https:\/\/lottemaa.ee\/wp-content\/uploads\/2016\/04\/lottemaa-kuidas-tulla.jpg\" \/>\n\t<meta property=\"og:image:width\" content=\"291\" \/>\n\t<meta property=\"og:image:height\" content=\"255\" \/>\n\t<meta property=\"og:image:type\" content=\"image\/jpeg\" \/>\n<meta name=\"twitter:card\" content=\"summary_large_image\" \/>\n<meta name=\"twitter:label1\" content=\"Est. reading time\" \/>\n\t<meta name=\"twitter:data1\" content=\"3 min\u016btes\" \/>\n<script type=\"application\/ld+json\" class=\"yoast-schema-graph\">{\"@context\":\"https:\/\/schema.org\",\"@graph\":[{\"@type\":\"WebPage\",\"@id\":\"https:\/\/lottemaa.ee\/lv\/par-lotes-zemi\/ka-noklut-pie-mums\/\",\"url\":\"https:\/\/lottemaa.ee\/lv\/par-lotes-zemi\/ka-noklut-pie-mums\/\",\"name\":\"K\u0101 nok\u013c\u016bt pie mums | Lottemaa Teemapark\",\"isPartOf\":{\"@id\":\"https:\/\/lottemaa.ee\/#website\"},\"primaryImageOfPage\":{\"@id\":\"https:\/\/lottemaa.ee\/lv\/par-lotes-zemi\/ka-noklut-pie-mums\/#primaryimage\"},\"image\":{\"@id\":\"https:\/\/lottemaa.ee\/lv\/par-lotes-zemi\/ka-noklut-pie-mums\/#primaryimage\"},\"thumbnailUrl\":\"https:\/\/lottemaa.ee\/wp-content\/uploads\/2016\/04\/lottemaa-kuidas-tulla.jpg\",\"datePublished\":\"2016-05-16T17:34:42+00:00\",\"dateModified\":\"2025-12-29T13:39:50+00:00\",\"description\":\"Lai ce\u013co\u0161ana ar automa\u0161\u012bnu b\u016btu bez probl\u0113m\u0101m, izmantojiet lietotni Waze. K\u0101 galam\u0113r\u0137i ievadiet LOTTEMAA PARKLA. Las\u012bt vair\u0101k!\",\"breadcrumb\":{\"@id\":\"https:\/\/lottemaa.ee\/lv\/par-lotes-zemi\/ka-noklut-pie-mums\/#breadcrumb\"},\"inLanguage\":\"lv-LV\",\"potentialAction\":[{\"@type\":\"ReadAction\",\"target\":[\"https:\/\/lottemaa.ee\/lv\/par-lotes-zemi\/ka-noklut-pie-mums\/\"]}]},{\"@type\":\"ImageObject\",\"inLanguage\":\"lv-LV\",\"@id\":\"https:\/\/lottemaa.ee\/lv\/par-lotes-zemi\/ka-noklut-pie-mums\/#primaryimage\",\"url\":\"https:\/\/lottemaa.ee\/wp-content\/uploads\/2016\/04\/lottemaa-kuidas-tulla.jpg\",\"contentUrl\":\"https:\/\/lottemaa.ee\/wp-content\/uploads\/2016\/04\/lottemaa-kuidas-tulla.jpg\",\"width\":291,\"height\":255},{\"@type\":\"BreadcrumbList\",\"@id\":\"https:\/\/lottemaa.ee\/lv\/par-lotes-zemi\/ka-noklut-pie-mums\/#breadcrumb\",\"itemListElement\":[{\"@type\":\"ListItem\",\"position\":1,\"name\":\"Home\",\"item\":\"https:\/\/lottemaa.ee\/lv\/\"},{\"@type\":\"ListItem\",\"position\":2,\"name\":\"Diena Lotes zem\u0113\",\"item\":\"https:\/\/lottemaa.ee\/lv\/par-lotes-zemi\/\"},{\"@type\":\"ListItem\",\"position\":3,\"name\":\"K\u0101 nok\u013c\u016bt pie mums\"}]},{\"@type\":\"WebSite\",\"@id\":\"https:\/\/lottemaa.ee\/#website\",\"url\":\"https:\/\/lottemaa.ee\/\",\"name\":\"Lottemaa Teemapark\",\"description\":\"Baltimaade suurim ja k\u00f5ige \u00e4gedam kogupere teemapark Eestis P\u00e4rnumaal\",\"publisher\":{\"@id\":\"https:\/\/lottemaa.ee\/#organization\"},\"potentialAction\":[{\"@type\":\"SearchAction\",\"target\":{\"@type\":\"EntryPoint\",\"urlTemplate\":\"https:\/\/lottemaa.ee\/?s={search_term_string}\"},\"query-input\":{\"@type\":\"PropertyValueSpecification\",\"valueRequired\":true,\"valueName\":\"search_term_string\"}}],\"inLanguage\":\"lv-LV\"},{\"@type\":\"Organization\",\"@id\":\"https:\/\/lottemaa.ee\/#organization\",\"name\":\"Lottemaa Teemapark\",\"url\":\"https:\/\/lottemaa.ee\/\",\"logo\":{\"@type\":\"ImageObject\",\"inLanguage\":\"lv-LV\",\"@id\":\"https:\/\/lottemaa.ee\/#\/schema\/logo\/image\/\",\"url\":\"https:\/\/lottemaa.ee\/wp-content\/uploads\/2018\/12\/Lottemaa_LOGO.png\",\"contentUrl\":\"https:\/\/lottemaa.ee\/wp-content\/uploads\/2018\/12\/Lottemaa_LOGO.png\",\"width\":1024,\"height\":518,\"caption\":\"Lottemaa Teemapark\"},\"image\":{\"@id\":\"https:\/\/lottemaa.ee\/#\/schema\/logo\/image\/\"}}]}<\/script>\n<!-- \/ Yoast SEO plugin. -->","yoast_head_json":{"title":"K\u0101 nok\u013c\u016bt pie mums | Lottemaa Teemapark","description":"Lai ce\u013co\u0161ana ar automa\u0161\u012bnu b\u016btu bez probl\u0113m\u0101m, izmantojiet lietotni Waze. K\u0101 galam\u0113r\u0137i ievadiet LOTTEMAA PARKLA. Las\u012bt vair\u0101k!","robots":{"index":"index","follow":"follow","max-snippet":"max-snippet:-1","max-image-preview":"max-image-preview:large","max-video-preview":"max-video-preview:-1"},"canonical":"https:\/\/lottemaa.ee\/lv\/par-lotes-zemi\/ka-noklut-pie-mums\/","og_locale":"lv_LV","og_type":"article","og_title":"K\u0101 nok\u013c\u016bt pie mums | Lottemaa Teemapark","og_description":"Lai ce\u013co\u0161ana ar automa\u0161\u012bnu b\u016btu bez probl\u0113m\u0101m, izmantojiet lietotni Waze. K\u0101 galam\u0113r\u0137i ievadiet LOTTEMAA PARKLA. Las\u012bt vair\u0101k!","og_url":"https:\/\/lottemaa.ee\/lv\/par-lotes-zemi\/ka-noklut-pie-mums\/","og_site_name":"Lottemaa Teemapark","article_modified_time":"2025-12-29T13:39:50+00:00","og_image":[{"width":291,"height":255,"url":"https:\/\/lottemaa.ee\/wp-content\/uploads\/2016\/04\/lottemaa-kuidas-tulla.jpg","type":"image\/jpeg"}],"twitter_card":"summary_large_image","twitter_misc":{"Est. reading time":"3 min\u016btes"},"schema":{"@context":"https:\/\/schema.org","@graph":[{"@type":"WebPage","@id":"https:\/\/lottemaa.ee\/lv\/par-lotes-zemi\/ka-noklut-pie-mums\/","url":"https:\/\/lottemaa.ee\/lv\/par-lotes-zemi\/ka-noklut-pie-mums\/","name":"K\u0101 nok\u013c\u016bt pie mums | Lottemaa Teemapark","isPartOf":{"@id":"https:\/\/lottemaa.ee\/#website"},"primaryImageOfPage":{"@id":"https:\/\/lottemaa.ee\/lv\/par-lotes-zemi\/ka-noklut-pie-mums\/#primaryimage"},"image":{"@id":"https:\/\/lottemaa.ee\/lv\/par-lotes-zemi\/ka-noklut-pie-mums\/#primaryimage"},"thumbnailUrl":"https:\/\/lottemaa.ee\/wp-content\/uploads\/2016\/04\/lottemaa-kuidas-tulla.jpg","datePublished":"2016-05-16T17:34:42+00:00","dateModified":"2025-12-29T13:39:50+00:00","description":"Lai ce\u013co\u0161ana ar automa\u0161\u012bnu b\u016btu bez probl\u0113m\u0101m, izmantojiet lietotni Waze. K\u0101 galam\u0113r\u0137i ievadiet LOTTEMAA PARKLA. Las\u012bt vair\u0101k!","breadcrumb":{"@id":"https:\/\/lottemaa.ee\/lv\/par-lotes-zemi\/ka-noklut-pie-mums\/#breadcrumb"},"inLanguage":"lv-LV","potentialAction":[{"@type":"ReadAction","target":["https:\/\/lottemaa.ee\/lv\/par-lotes-zemi\/ka-noklut-pie-mums\/"]}]},{"@type":"ImageObject","inLanguage":"lv-LV","@id":"https:\/\/lottemaa.ee\/lv\/par-lotes-zemi\/ka-noklut-pie-mums\/#primaryimage","url":"https:\/\/lottemaa.ee\/wp-content\/uploads\/2016\/04\/lottemaa-kuidas-tulla.jpg","contentUrl":"https:\/\/lottemaa.ee\/wp-content\/uploads\/2016\/04\/lottemaa-kuidas-tulla.jpg","width":291,"height":255},{"@type":"BreadcrumbList","@id":"https:\/\/lottemaa.ee\/lv\/par-lotes-zemi\/ka-noklut-pie-mums\/#breadcrumb","itemListElement":[{"@type":"ListItem","position":1,"name":"Home","item":"https:\/\/lottemaa.ee\/lv\/"},{"@type":"ListItem","position":2,"name":"Diena Lotes zem\u0113","item":"https:\/\/lottemaa.ee\/lv\/par-lotes-zemi\/"},{"@type":"ListItem","position":3,"name":"K\u0101 nok\u013c\u016bt pie mums"}]},{"@type":"WebSite","@id":"https:\/\/lottemaa.ee\/#website","url":"https:\/\/lottemaa.ee\/","name":"Lottemaa Teemapark","description":"Baltimaade suurim ja k\u00f5ige \u00e4gedam kogupere teemapark Eestis P\u00e4rnumaal","publisher":{"@id":"https:\/\/lottemaa.ee\/#organization"},"potentialAction":[{"@type":"SearchAction","target":{"@type":"EntryPoint","urlTemplate":"https:\/\/lottemaa.ee\/?s={search_term_string}"},"query-input":{"@type":"PropertyValueSpecification","valueRequired":true,"valueName":"search_term_string"}}],"inLanguage":"lv-LV"},{"@type":"Organization","@id":"https:\/\/lottemaa.ee\/#organization","name":"Lottemaa Teemapark","url":"https:\/\/lottemaa.ee\/","logo":{"@type":"ImageObject","inLanguage":"lv-LV","@id":"https:\/\/lottemaa.ee\/#\/schema\/logo\/image\/","url":"https:\/\/lottemaa.ee\/wp-content\/uploads\/2018\/12\/Lottemaa_LOGO.png","contentUrl":"https:\/\/lottemaa.ee\/wp-content\/uploads\/2018\/12\/Lottemaa_LOGO.png","width":1024,"height":518,"caption":"Lottemaa Teemapark"},"image":{"@id":"https:\/\/lottemaa.ee\/#\/schema\/logo\/image\/"}}]}},"_links":{"self":[{"href":"https:\/\/lottemaa.ee\/lv\/wp-json\/wp\/v2\/pages\/1301","targetHints":{"allow":["GET"]}}],"collection":[{"href":"https:\/\/lottemaa.ee\/lv\/wp-json\/wp\/v2\/pages"}],"about":[{"href":"https:\/\/lottemaa.ee\/lv\/wp-json\/wp\/v2\/types\/page"}],"author":[{"embeddable":true,"href":"https:\/\/lottemaa.ee\/lv\/wp-json\/wp\/v2\/users\/1"}],"replies":[{"embeddable":true,"href":"https:\/\/lottemaa.ee\/lv\/wp-json\/wp\/v2\/comments?post=1301"}],"version-history":[{"count":5,"href":"https:\/\/lottemaa.ee\/lv\/wp-json\/wp\/v2\/pages\/1301\/revisions"}],"predecessor-version":[{"id":32505,"href":"https:\/\/lottemaa.ee\/lv\/wp-json\/wp\/v2\/pages\/1301\/revisions\/32505"}],"up":[{"embeddable":true,"href":"https:\/\/lottemaa.ee\/lv\/wp-json\/wp\/v2\/pages\/585"}],"wp:featuredmedia":[{"embeddable":true,"href":"https:\/\/lottemaa.ee\/lv\/wp-json\/wp\/v2\/media\/128"}],"wp:attachment":[{"href":"https:\/\/lottemaa.ee\/lv\/wp-json\/wp\/v2\/media?parent=1301"}],"curies":[{"name":"wp","href":"https:\/\/api.w.org\/{rel}","templated":true}]}}