{"id":11055,"date":"2021-05-20T11:33:13","date_gmt":"2021-05-20T08:33:13","guid":{"rendered":"https:\/\/test.lottemaa.ee\/?page_id=11055"},"modified":"2023-02-16T11:54:44","modified_gmt":"2023-02-16T09:54:44","slug":"leo","status":"publish","type":"page","link":"https:\/\/lottemaa.ee\/lv\/par-mums\/izgudrotaju-ciema-iedzivotaji\/leo\/","title":{"rendered":"LEO"},"content":{"rendered":"<p style=\"text-align: left;\"><strong>Leo<\/strong> ir vecs j\u016brnieks, \u0161obr\u012bd \u2013 ostas kapteinis. Jau mazs b\u016bdams, Leo saprata, ka vi\u0146\u0161 k\u013c\u016bs par j\u016brnieku. Leo vec\u0101m\u0101te bie\u017ei \u0146\u0113ma Leo rok\u0101s un ieaij\u0101ja mieg\u0101. \u0160\u016bpojoties vec\u0101sm\u0101tes rok\u0101s, vi\u0146am nez k\u0101d\u0113\u013c vienm\u0113r lik\u0101s, ka ir laiv\u0101 un ka vi\u0146\u0161 \u0161\u016bpojas j\u016bras vid\u016b. Kad Leo paaug\u0101s, vi\u0146\u0161 nol\u0113ma bur\u0101t cauri vis\u0101m pasaules j\u016br\u0101m. P\u0113c t\u0101das j\u016br\u0101 brauk\u0161anas ir labi doties pensij\u0101. Leo dzird\u0113ja, k\u0101 putni, kas lido uz dienvidu zem\u0113m, dikti slav\u0113ja dz\u012bves apst\u0101k\u013cus Izgudrot\u0101ju ciem\u0101. Leo ar savu laivu aizbrauca to apskat\u012bties, un putnu st\u0101st\u012btais izr\u0101d\u012bj\u0101s pareizs \u2013 Izgudrot\u0101ju ciems bija \u013coti laba vieta dz\u012bvo\u0161anai!<\/p>\n","protected":false},"excerpt":{"rendered":"<p>Leo ir vecs j\u016brnieks, \u0161obr\u012bd \u2013 ostas kapteinis. Jau mazs b\u016bdams, Leo saprata, ka vi\u0146\u0161 k\u013c\u016bs par j\u016brnieku. Leo vec\u0101m\u0101te bie\u017ei \u0146\u0113ma Leo rok\u0101s un ieaij\u0101ja mieg\u0101. \u0160\u016bpojoties vec\u0101sm\u0101tes rok\u0101s, vi\u0146am nez k\u0101d\u0113\u013c vienm\u0113r lik\u0101s, ka ir laiv\u0101 un ka vi\u0146\u0161 \u0161\u016bpojas j\u016bras vid\u016b. Kad Leo paaug\u0101s, vi\u0146\u0161 nol\u0113ma bur\u0101t cauri vis\u0101m pasaules j\u016br\u0101m. P\u0113c &hellip; <a href=\"https:\/\/lottemaa.ee\/lv\/par-mums\/izgudrotaju-ciema-iedzivotaji\/leo\/\">Continued<\/a><\/p>\n","protected":false},"author":7,"featured_media":20543,"parent":1338,"menu_order":299,"comment_status":"closed","ping_status":"closed","template":"","meta":{"_acf_changed":false,"om_disable_all_campaigns":false,"_uf_show_specific_survey":0,"_uf_disable_surveys":false,"footnotes":""},"class_list":["post-11055","page","type-page","status-publish","has-post-thumbnail","hentry"],"acf":[],"yoast_head":"<!-- This site is optimized with the Yoast SEO plugin v25.5 - https:\/\/yoast.com\/wordpress\/plugins\/seo\/ -->\n<title>LEO | Lottemaa Teemapark<\/title>\n<meta name=\"description\" content=\"Leo ir vecs j\u016brnieks, \u0161obr\u012bd \u2013 ostas kapteinis. Jau mazs b\u016bdams, Leo saprata, ka vi\u0146\u0161 k\u013c\u016bs par j\u016brnieku. Leo vec\u0101m\u0101te bie\u017ei \u0146\u0113ma Leo rok\u0101s un ieaij\u0101ja mieg\u0101.\" \/>\n<meta name=\"robots\" content=\"index, follow, max-snippet:-1, max-image-preview:large, max-video-preview:-1\" \/>\n<link rel=\"canonical\" href=\"https:\/\/lottemaa.ee\/lv\/par-lotes-zemi\/izgudrotaju-ciema-iedzivotaji\/leo\/\" \/>\n<meta property=\"og:locale\" content=\"lv_LV\" \/>\n<meta property=\"og:type\" content=\"article\" \/>\n<meta property=\"og:title\" content=\"LEO | Lottemaa Teemapark\" \/>\n<meta property=\"og:description\" content=\"Leo ir vecs j\u016brnieks, \u0161obr\u012bd \u2013 ostas kapteinis. Jau mazs b\u016bdams, Leo saprata, ka vi\u0146\u0161 k\u013c\u016bs par j\u016brnieku. Leo vec\u0101m\u0101te bie\u017ei \u0146\u0113ma Leo rok\u0101s un ieaij\u0101ja mieg\u0101.\" \/>\n<meta property=\"og:url\" content=\"https:\/\/lottemaa.ee\/lv\/par-lotes-zemi\/izgudrotaju-ciema-iedzivotaji\/leo\/\" \/>\n<meta property=\"og:site_name\" content=\"Lottemaa Teemapark\" \/>\n<meta property=\"article:modified_time\" content=\"2023-02-16T09:54:44+00:00\" \/>\n<meta property=\"og:image\" content=\"https:\/\/lottemaa.ee\/wp-content\/uploads\/2023\/02\/Leo_316X177.jpg\" \/>\n\t<meta property=\"og:image:width\" content=\"316\" \/>\n\t<meta property=\"og:image:height\" content=\"177\" \/>\n\t<meta property=\"og:image:type\" content=\"image\/jpeg\" \/>\n<meta name=\"twitter:card\" content=\"summary_large_image\" \/>\n<meta name=\"twitter:label1\" content=\"Est. reading time\" \/>\n\t<meta name=\"twitter:data1\" content=\"1 min\u016b\u0161u\" \/>\n<script type=\"application\/ld+json\" class=\"yoast-schema-graph\">{\"@context\":\"https:\/\/schema.org\",\"@graph\":[{\"@type\":\"WebPage\",\"@id\":\"https:\/\/lottemaa.ee\/lv\/par-lotes-zemi\/izgudrotaju-ciema-iedzivotaji\/leo\/\",\"url\":\"https:\/\/lottemaa.ee\/lv\/par-lotes-zemi\/izgudrotaju-ciema-iedzivotaji\/leo\/\",\"name\":\"LEO | Lottemaa Teemapark\",\"isPartOf\":{\"@id\":\"https:\/\/lottemaa.ee\/#website\"},\"primaryImageOfPage\":{\"@id\":\"https:\/\/lottemaa.ee\/lv\/par-lotes-zemi\/izgudrotaju-ciema-iedzivotaji\/leo\/#primaryimage\"},\"image\":{\"@id\":\"https:\/\/lottemaa.ee\/lv\/par-lotes-zemi\/izgudrotaju-ciema-iedzivotaji\/leo\/#primaryimage\"},\"thumbnailUrl\":\"https:\/\/lottemaa.ee\/wp-content\/uploads\/2023\/02\/Leo_316X177.jpg\",\"datePublished\":\"2021-05-20T08:33:13+00:00\",\"dateModified\":\"2023-02-16T09:54:44+00:00\",\"description\":\"Leo ir vecs j\u016brnieks, \u0161obr\u012bd \u2013 ostas kapteinis. Jau mazs b\u016bdams, Leo saprata, ka vi\u0146\u0161 k\u013c\u016bs par j\u016brnieku. Leo vec\u0101m\u0101te bie\u017ei \u0146\u0113ma Leo rok\u0101s un ieaij\u0101ja mieg\u0101.\",\"breadcrumb\":{\"@id\":\"https:\/\/lottemaa.ee\/lv\/par-lotes-zemi\/izgudrotaju-ciema-iedzivotaji\/leo\/#breadcrumb\"},\"inLanguage\":\"lv-LV\",\"potentialAction\":[{\"@type\":\"ReadAction\",\"target\":[\"https:\/\/lottemaa.ee\/lv\/par-lotes-zemi\/izgudrotaju-ciema-iedzivotaji\/leo\/\"]}]},{\"@type\":\"ImageObject\",\"inLanguage\":\"lv-LV\",\"@id\":\"https:\/\/lottemaa.ee\/lv\/par-lotes-zemi\/izgudrotaju-ciema-iedzivotaji\/leo\/#primaryimage\",\"url\":\"https:\/\/lottemaa.ee\/wp-content\/uploads\/2023\/02\/Leo_316X177.jpg\",\"contentUrl\":\"https:\/\/lottemaa.ee\/wp-content\/uploads\/2023\/02\/Leo_316X177.jpg\",\"width\":316,\"height\":177},{\"@type\":\"BreadcrumbList\",\"@id\":\"https:\/\/lottemaa.ee\/lv\/par-lotes-zemi\/izgudrotaju-ciema-iedzivotaji\/leo\/#breadcrumb\",\"itemListElement\":[{\"@type\":\"ListItem\",\"position\":1,\"name\":\"Home\",\"item\":\"https:\/\/lottemaa.ee\/lv\/\"},{\"@type\":\"ListItem\",\"position\":2,\"name\":\"Diena Lotes zem\u0113\",\"item\":\"https:\/\/lottemaa.ee\/lv\/par-lotes-zemi\/\"},{\"@type\":\"ListItem\",\"position\":3,\"name\":\"Izgudrot\u0101ju ciema iedz\u012bvot\u0101ji\",\"item\":\"https:\/\/lottemaa.ee\/lv\/par-lotes-zemi\/izgudrotaju-ciema-iedzivotaji\/\"},{\"@type\":\"ListItem\",\"position\":4,\"name\":\"LEO\"}]},{\"@type\":\"WebSite\",\"@id\":\"https:\/\/lottemaa.ee\/#website\",\"url\":\"https:\/\/lottemaa.ee\/\",\"name\":\"Lottemaa Teemapark\",\"description\":\"Baltimaade suurim ja k\u00f5ige \u00e4gedam kogupere teemapark Eestis P\u00e4rnumaal\",\"publisher\":{\"@id\":\"https:\/\/lottemaa.ee\/#organization\"},\"potentialAction\":[{\"@type\":\"SearchAction\",\"target\":{\"@type\":\"EntryPoint\",\"urlTemplate\":\"https:\/\/lottemaa.ee\/?s={search_term_string}\"},\"query-input\":{\"@type\":\"PropertyValueSpecification\",\"valueRequired\":true,\"valueName\":\"search_term_string\"}}],\"inLanguage\":\"lv-LV\"},{\"@type\":\"Organization\",\"@id\":\"https:\/\/lottemaa.ee\/#organization\",\"name\":\"Lottemaa Teemapark\",\"url\":\"https:\/\/lottemaa.ee\/\",\"logo\":{\"@type\":\"ImageObject\",\"inLanguage\":\"lv-LV\",\"@id\":\"https:\/\/lottemaa.ee\/#\/schema\/logo\/image\/\",\"url\":\"https:\/\/lottemaa.ee\/wp-content\/uploads\/2018\/12\/Lottemaa_LOGO.png\",\"contentUrl\":\"https:\/\/lottemaa.ee\/wp-content\/uploads\/2018\/12\/Lottemaa_LOGO.png\",\"width\":1024,\"height\":518,\"caption\":\"Lottemaa Teemapark\"},\"image\":{\"@id\":\"https:\/\/lottemaa.ee\/#\/schema\/logo\/image\/\"}}]}<\/script>\n<!-- \/ Yoast SEO plugin. -->","yoast_head_json":{"title":"LEO | Lottemaa Teemapark","description":"Leo ir vecs j\u016brnieks, \u0161obr\u012bd \u2013 ostas kapteinis. Jau mazs b\u016bdams, Leo saprata, ka vi\u0146\u0161 k\u013c\u016bs par j\u016brnieku. Leo vec\u0101m\u0101te bie\u017ei \u0146\u0113ma Leo rok\u0101s un ieaij\u0101ja mieg\u0101.","robots":{"index":"index","follow":"follow","max-snippet":"max-snippet:-1","max-image-preview":"max-image-preview:large","max-video-preview":"max-video-preview:-1"},"canonical":"https:\/\/lottemaa.ee\/lv\/par-lotes-zemi\/izgudrotaju-ciema-iedzivotaji\/leo\/","og_locale":"lv_LV","og_type":"article","og_title":"LEO | Lottemaa Teemapark","og_description":"Leo ir vecs j\u016brnieks, \u0161obr\u012bd \u2013 ostas kapteinis. Jau mazs b\u016bdams, Leo saprata, ka vi\u0146\u0161 k\u013c\u016bs par j\u016brnieku. Leo vec\u0101m\u0101te bie\u017ei \u0146\u0113ma Leo rok\u0101s un ieaij\u0101ja mieg\u0101.","og_url":"https:\/\/lottemaa.ee\/lv\/par-lotes-zemi\/izgudrotaju-ciema-iedzivotaji\/leo\/","og_site_name":"Lottemaa Teemapark","article_modified_time":"2023-02-16T09:54:44+00:00","og_image":[{"width":316,"height":177,"url":"https:\/\/lottemaa.ee\/wp-content\/uploads\/2023\/02\/Leo_316X177.jpg","type":"image\/jpeg"}],"twitter_card":"summary_large_image","twitter_misc":{"Est. reading time":"1 min\u016b\u0161u"},"schema":{"@context":"https:\/\/schema.org","@graph":[{"@type":"WebPage","@id":"https:\/\/lottemaa.ee\/lv\/par-lotes-zemi\/izgudrotaju-ciema-iedzivotaji\/leo\/","url":"https:\/\/lottemaa.ee\/lv\/par-lotes-zemi\/izgudrotaju-ciema-iedzivotaji\/leo\/","name":"LEO | Lottemaa Teemapark","isPartOf":{"@id":"https:\/\/lottemaa.ee\/#website"},"primaryImageOfPage":{"@id":"https:\/\/lottemaa.ee\/lv\/par-lotes-zemi\/izgudrotaju-ciema-iedzivotaji\/leo\/#primaryimage"},"image":{"@id":"https:\/\/lottemaa.ee\/lv\/par-lotes-zemi\/izgudrotaju-ciema-iedzivotaji\/leo\/#primaryimage"},"thumbnailUrl":"https:\/\/lottemaa.ee\/wp-content\/uploads\/2023\/02\/Leo_316X177.jpg","datePublished":"2021-05-20T08:33:13+00:00","dateModified":"2023-02-16T09:54:44+00:00","description":"Leo ir vecs j\u016brnieks, \u0161obr\u012bd \u2013 ostas kapteinis. Jau mazs b\u016bdams, Leo saprata, ka vi\u0146\u0161 k\u013c\u016bs par j\u016brnieku. Leo vec\u0101m\u0101te bie\u017ei \u0146\u0113ma Leo rok\u0101s un ieaij\u0101ja mieg\u0101.","breadcrumb":{"@id":"https:\/\/lottemaa.ee\/lv\/par-lotes-zemi\/izgudrotaju-ciema-iedzivotaji\/leo\/#breadcrumb"},"inLanguage":"lv-LV","potentialAction":[{"@type":"ReadAction","target":["https:\/\/lottemaa.ee\/lv\/par-lotes-zemi\/izgudrotaju-ciema-iedzivotaji\/leo\/"]}]},{"@type":"ImageObject","inLanguage":"lv-LV","@id":"https:\/\/lottemaa.ee\/lv\/par-lotes-zemi\/izgudrotaju-ciema-iedzivotaji\/leo\/#primaryimage","url":"https:\/\/lottemaa.ee\/wp-content\/uploads\/2023\/02\/Leo_316X177.jpg","contentUrl":"https:\/\/lottemaa.ee\/wp-content\/uploads\/2023\/02\/Leo_316X177.jpg","width":316,"height":177},{"@type":"BreadcrumbList","@id":"https:\/\/lottemaa.ee\/lv\/par-lotes-zemi\/izgudrotaju-ciema-iedzivotaji\/leo\/#breadcrumb","itemListElement":[{"@type":"ListItem","position":1,"name":"Home","item":"https:\/\/lottemaa.ee\/lv\/"},{"@type":"ListItem","position":2,"name":"Diena Lotes zem\u0113","item":"https:\/\/lottemaa.ee\/lv\/par-lotes-zemi\/"},{"@type":"ListItem","position":3,"name":"Izgudrot\u0101ju ciema iedz\u012bvot\u0101ji","item":"https:\/\/lottemaa.ee\/lv\/par-lotes-zemi\/izgudrotaju-ciema-iedzivotaji\/"},{"@type":"ListItem","position":4,"name":"LEO"}]},{"@type":"WebSite","@id":"https:\/\/lottemaa.ee\/#website","url":"https:\/\/lottemaa.ee\/","name":"Lottemaa Teemapark","description":"Baltimaade suurim ja k\u00f5ige \u00e4gedam kogupere teemapark Eestis P\u00e4rnumaal","publisher":{"@id":"https:\/\/lottemaa.ee\/#organization"},"potentialAction":[{"@type":"SearchAction","target":{"@type":"EntryPoint","urlTemplate":"https:\/\/lottemaa.ee\/?s={search_term_string}"},"query-input":{"@type":"PropertyValueSpecification","valueRequired":true,"valueName":"search_term_string"}}],"inLanguage":"lv-LV"},{"@type":"Organization","@id":"https:\/\/lottemaa.ee\/#organization","name":"Lottemaa Teemapark","url":"https:\/\/lottemaa.ee\/","logo":{"@type":"ImageObject","inLanguage":"lv-LV","@id":"https:\/\/lottemaa.ee\/#\/schema\/logo\/image\/","url":"https:\/\/lottemaa.ee\/wp-content\/uploads\/2018\/12\/Lottemaa_LOGO.png","contentUrl":"https:\/\/lottemaa.ee\/wp-content\/uploads\/2018\/12\/Lottemaa_LOGO.png","width":1024,"height":518,"caption":"Lottemaa Teemapark"},"image":{"@id":"https:\/\/lottemaa.ee\/#\/schema\/logo\/image\/"}}]}},"_links":{"self":[{"href":"https:\/\/lottemaa.ee\/lv\/wp-json\/wp\/v2\/pages\/11055","targetHints":{"allow":["GET"]}}],"collection":[{"href":"https:\/\/lottemaa.ee\/lv\/wp-json\/wp\/v2\/pages"}],"about":[{"href":"https:\/\/lottemaa.ee\/lv\/wp-json\/wp\/v2\/types\/page"}],"author":[{"embeddable":true,"href":"https:\/\/lottemaa.ee\/lv\/wp-json\/wp\/v2\/users\/7"}],"replies":[{"embeddable":true,"href":"https:\/\/lottemaa.ee\/lv\/wp-json\/wp\/v2\/comments?post=11055"}],"version-history":[{"count":3,"href":"https:\/\/lottemaa.ee\/lv\/wp-json\/wp\/v2\/pages\/11055\/revisions"}],"predecessor-version":[{"id":20646,"href":"https:\/\/lottemaa.ee\/lv\/wp-json\/wp\/v2\/pages\/11055\/revisions\/20646"}],"up":[{"embeddable":true,"href":"https:\/\/lottemaa.ee\/lv\/wp-json\/wp\/v2\/pages\/1338"}],"wp:featuredmedia":[{"embeddable":true,"href":"https:\/\/lottemaa.ee\/lv\/wp-json\/wp\/v2\/media\/20543"}],"wp:attachment":[{"href":"https:\/\/lottemaa.ee\/lv\/wp-json\/wp\/v2\/media?parent=11055"}],"curies":[{"name":"wp","href":"https:\/\/api.w.org\/{rel}","templated":true}]}}