{"id":11005,"date":"2021-05-20T11:23:14","date_gmt":"2021-05-20T08:23:14","guid":{"rendered":"https:\/\/test.lottemaa.ee\/?page_id=11005"},"modified":"2024-03-05T10:49:13","modified_gmt":"2024-03-05T08:49:13","slug":"dzelzs-pile","status":"publish","type":"page","link":"https:\/\/lottemaa.ee\/lv\/par-mums\/izgudrotaju-ciema-iedzivotaji\/dzelzs-pile\/","title":{"rendered":"DZELZS P\u012aLE"},"content":{"rendered":"<p style=\"text-align: left;\"><strong>Paul\u012bne<\/strong> ir \u012bsta Austr\u0101lijas kr\u0101sain\u0101 dzelzs p\u012ble, liels Klausa draugs, un vi\u0146a ierad\u0101s taisni no Austr\u0101lijas.<\/p>\n<p style=\"text-align: left;\">Kad Klauss atrad\u0101s sav\u0101 pirmaj\u0101 pasaules apce\u013cojum\u0101, vi\u0146\u0161 Austr\u0101lij\u0101 non\u0101ca t\u0101d\u0101 viet\u0101, kur visas lietas bija no dzelzs. Smiltis bija no dzelzs, koki bija no dzelzs, pat b\u0113rnu rota\u013clietas bija no dzelzs. Klausam ce\u013cojuma laik\u0101 v\u0113ders bija k\u013cuvis gal\u012bgi tuk\u0161s, un vi\u0146\u0161 ieg\u0101ja k\u0101d\u0101 kafejn\u012bc\u0101, ta\u010du tur, kur ir daudz dzelzs, uz vietas ir ar\u012b magn\u0113ts. \u0160aj\u0101 kafejn\u012bc\u0101 na\u017ei, dak\u0161i\u0146as un karotes bija nevis kaut kur kast\u012bt\u0113s, bet gan pie viesm\u012b\u013cu spalv\u0101m. Paul\u012bne vien\u0101 t\u0101d\u0101 kafejn\u012bc\u0101 bija viesm\u012ble. Paul\u012bne un Klauss sav\u0101 starp\u0101 cie\u0161i sadraudz\u0113j\u0101s, un Klauss uzaicin\u0101ja Paul\u012bni sev l\u012bdzi uz Izgudrot\u0101ju ciemu.<\/p>\n","protected":false},"excerpt":{"rendered":"<p>Paul\u012bne ir \u012bsta Austr\u0101lijas kr\u0101sain\u0101 dzelzs p\u012ble, liels Klausa draugs, un vi\u0146a ierad\u0101s taisni no Austr\u0101lijas. Kad Klauss atrad\u0101s sav\u0101 pirmaj\u0101 pasaules apce\u013cojum\u0101, vi\u0146\u0161 Austr\u0101lij\u0101 non\u0101ca t\u0101d\u0101 viet\u0101, kur visas lietas bija no dzelzs. Smiltis bija no dzelzs, koki bija no dzelzs, pat b\u0113rnu rota\u013clietas bija no dzelzs. Klausam ce\u013cojuma laik\u0101 v\u0113ders bija k\u013cuvis gal\u012bgi &hellip; <a href=\"https:\/\/lottemaa.ee\/lv\/par-mums\/izgudrotaju-ciema-iedzivotaji\/dzelzs-pile\/\">Continued<\/a><\/p>\n","protected":false},"author":7,"featured_media":11002,"parent":1338,"menu_order":235,"comment_status":"closed","ping_status":"closed","template":"","meta":{"_acf_changed":false,"om_disable_all_campaigns":false,"_uf_show_specific_survey":0,"_uf_disable_surveys":false,"footnotes":""},"class_list":["post-11005","page","type-page","status-publish","has-post-thumbnail","hentry"],"acf":[],"yoast_head":"<!-- This site is optimized with the Yoast SEO plugin v25.5 - https:\/\/yoast.com\/wordpress\/plugins\/seo\/ -->\n<title>DZELZS P\u012aLE | Lottemaa Teemapark<\/title>\n<meta name=\"description\" content=\"Paul\u012bne ir \u012bsta Austr\u0101lijas kr\u0101sain\u0101 dzelzs p\u012ble un vi\u0146a ierad\u0101s taisni no Austr\u0101lijas. Klauss uzaicin\u0101ja Paul\u012bni sev l\u012bdzi uz Izgudrot\u0101ju ciemu.\" \/>\n<meta name=\"robots\" content=\"index, follow, max-snippet:-1, max-image-preview:large, max-video-preview:-1\" \/>\n<link rel=\"canonical\" href=\"https:\/\/lottemaa.ee\/lv\/par-lotes-zemi\/izgudrotaju-ciema-iedzivotaji\/dzelzs-pile\/\" \/>\n<meta property=\"og:locale\" content=\"lv_LV\" \/>\n<meta property=\"og:type\" content=\"article\" \/>\n<meta property=\"og:title\" content=\"DZELZS P\u012aLE | Lottemaa Teemapark\" \/>\n<meta property=\"og:description\" content=\"Paul\u012bne ir \u012bsta Austr\u0101lijas kr\u0101sain\u0101 dzelzs p\u012ble un vi\u0146a ierad\u0101s taisni no Austr\u0101lijas. Klauss uzaicin\u0101ja Paul\u012bni sev l\u012bdzi uz Izgudrot\u0101ju ciemu.\" \/>\n<meta property=\"og:url\" content=\"https:\/\/lottemaa.ee\/lv\/par-lotes-zemi\/izgudrotaju-ciema-iedzivotaji\/dzelzs-pile\/\" \/>\n<meta property=\"og:site_name\" content=\"Lottemaa Teemapark\" \/>\n<meta property=\"article:modified_time\" content=\"2024-03-05T08:49:13+00:00\" \/>\n<meta property=\"og:image\" content=\"https:\/\/lottemaa.ee\/wp-content\/uploads\/2021\/05\/Raudpart_316x177.jpg\" \/>\n\t<meta property=\"og:image:width\" content=\"316\" \/>\n\t<meta property=\"og:image:height\" content=\"177\" \/>\n\t<meta property=\"og:image:type\" content=\"image\/jpeg\" \/>\n<meta name=\"twitter:card\" content=\"summary_large_image\" \/>\n<meta name=\"twitter:label1\" content=\"Est. reading time\" \/>\n\t<meta name=\"twitter:data1\" content=\"1 min\u016b\u0161u\" \/>\n<script type=\"application\/ld+json\" class=\"yoast-schema-graph\">{\"@context\":\"https:\/\/schema.org\",\"@graph\":[{\"@type\":\"WebPage\",\"@id\":\"https:\/\/lottemaa.ee\/lv\/par-lotes-zemi\/izgudrotaju-ciema-iedzivotaji\/dzelzs-pile\/\",\"url\":\"https:\/\/lottemaa.ee\/lv\/par-lotes-zemi\/izgudrotaju-ciema-iedzivotaji\/dzelzs-pile\/\",\"name\":\"DZELZS P\u012aLE | Lottemaa Teemapark\",\"isPartOf\":{\"@id\":\"https:\/\/lottemaa.ee\/#website\"},\"primaryImageOfPage\":{\"@id\":\"https:\/\/lottemaa.ee\/lv\/par-lotes-zemi\/izgudrotaju-ciema-iedzivotaji\/dzelzs-pile\/#primaryimage\"},\"image\":{\"@id\":\"https:\/\/lottemaa.ee\/lv\/par-lotes-zemi\/izgudrotaju-ciema-iedzivotaji\/dzelzs-pile\/#primaryimage\"},\"thumbnailUrl\":\"https:\/\/lottemaa.ee\/wp-content\/uploads\/2021\/05\/Raudpart_316x177.jpg\",\"datePublished\":\"2021-05-20T08:23:14+00:00\",\"dateModified\":\"2024-03-05T08:49:13+00:00\",\"description\":\"Paul\u012bne ir \u012bsta Austr\u0101lijas kr\u0101sain\u0101 dzelzs p\u012ble un vi\u0146a ierad\u0101s taisni no Austr\u0101lijas. Klauss uzaicin\u0101ja Paul\u012bni sev l\u012bdzi uz Izgudrot\u0101ju ciemu.\",\"breadcrumb\":{\"@id\":\"https:\/\/lottemaa.ee\/lv\/par-lotes-zemi\/izgudrotaju-ciema-iedzivotaji\/dzelzs-pile\/#breadcrumb\"},\"inLanguage\":\"lv-LV\",\"potentialAction\":[{\"@type\":\"ReadAction\",\"target\":[\"https:\/\/lottemaa.ee\/lv\/par-lotes-zemi\/izgudrotaju-ciema-iedzivotaji\/dzelzs-pile\/\"]}]},{\"@type\":\"ImageObject\",\"inLanguage\":\"lv-LV\",\"@id\":\"https:\/\/lottemaa.ee\/lv\/par-lotes-zemi\/izgudrotaju-ciema-iedzivotaji\/dzelzs-pile\/#primaryimage\",\"url\":\"https:\/\/lottemaa.ee\/wp-content\/uploads\/2021\/05\/Raudpart_316x177.jpg\",\"contentUrl\":\"https:\/\/lottemaa.ee\/wp-content\/uploads\/2021\/05\/Raudpart_316x177.jpg\",\"width\":316,\"height\":177},{\"@type\":\"BreadcrumbList\",\"@id\":\"https:\/\/lottemaa.ee\/lv\/par-lotes-zemi\/izgudrotaju-ciema-iedzivotaji\/dzelzs-pile\/#breadcrumb\",\"itemListElement\":[{\"@type\":\"ListItem\",\"position\":1,\"name\":\"Home\",\"item\":\"https:\/\/lottemaa.ee\/lv\/\"},{\"@type\":\"ListItem\",\"position\":2,\"name\":\"Diena Lotes zem\u0113\",\"item\":\"https:\/\/lottemaa.ee\/lv\/par-lotes-zemi\/\"},{\"@type\":\"ListItem\",\"position\":3,\"name\":\"Izgudrot\u0101ju ciema iedz\u012bvot\u0101ji\",\"item\":\"https:\/\/lottemaa.ee\/lv\/par-lotes-zemi\/izgudrotaju-ciema-iedzivotaji\/\"},{\"@type\":\"ListItem\",\"position\":4,\"name\":\"DZELZS P\u012aLE\"}]},{\"@type\":\"WebSite\",\"@id\":\"https:\/\/lottemaa.ee\/#website\",\"url\":\"https:\/\/lottemaa.ee\/\",\"name\":\"Lottemaa Teemapark\",\"description\":\"Baltimaade suurim ja k\u00f5ige \u00e4gedam kogupere teemapark Eestis P\u00e4rnumaal\",\"publisher\":{\"@id\":\"https:\/\/lottemaa.ee\/#organization\"},\"potentialAction\":[{\"@type\":\"SearchAction\",\"target\":{\"@type\":\"EntryPoint\",\"urlTemplate\":\"https:\/\/lottemaa.ee\/?s={search_term_string}\"},\"query-input\":{\"@type\":\"PropertyValueSpecification\",\"valueRequired\":true,\"valueName\":\"search_term_string\"}}],\"inLanguage\":\"lv-LV\"},{\"@type\":\"Organization\",\"@id\":\"https:\/\/lottemaa.ee\/#organization\",\"name\":\"Lottemaa Teemapark\",\"url\":\"https:\/\/lottemaa.ee\/\",\"logo\":{\"@type\":\"ImageObject\",\"inLanguage\":\"lv-LV\",\"@id\":\"https:\/\/lottemaa.ee\/#\/schema\/logo\/image\/\",\"url\":\"https:\/\/lottemaa.ee\/wp-content\/uploads\/2018\/12\/Lottemaa_LOGO.png\",\"contentUrl\":\"https:\/\/lottemaa.ee\/wp-content\/uploads\/2018\/12\/Lottemaa_LOGO.png\",\"width\":1024,\"height\":518,\"caption\":\"Lottemaa Teemapark\"},\"image\":{\"@id\":\"https:\/\/lottemaa.ee\/#\/schema\/logo\/image\/\"}}]}<\/script>\n<!-- \/ Yoast SEO plugin. -->","yoast_head_json":{"title":"DZELZS P\u012aLE | Lottemaa Teemapark","description":"Paul\u012bne ir \u012bsta Austr\u0101lijas kr\u0101sain\u0101 dzelzs p\u012ble un vi\u0146a ierad\u0101s taisni no Austr\u0101lijas. Klauss uzaicin\u0101ja Paul\u012bni sev l\u012bdzi uz Izgudrot\u0101ju ciemu.","robots":{"index":"index","follow":"follow","max-snippet":"max-snippet:-1","max-image-preview":"max-image-preview:large","max-video-preview":"max-video-preview:-1"},"canonical":"https:\/\/lottemaa.ee\/lv\/par-lotes-zemi\/izgudrotaju-ciema-iedzivotaji\/dzelzs-pile\/","og_locale":"lv_LV","og_type":"article","og_title":"DZELZS P\u012aLE | Lottemaa Teemapark","og_description":"Paul\u012bne ir \u012bsta Austr\u0101lijas kr\u0101sain\u0101 dzelzs p\u012ble un vi\u0146a ierad\u0101s taisni no Austr\u0101lijas. Klauss uzaicin\u0101ja Paul\u012bni sev l\u012bdzi uz Izgudrot\u0101ju ciemu.","og_url":"https:\/\/lottemaa.ee\/lv\/par-lotes-zemi\/izgudrotaju-ciema-iedzivotaji\/dzelzs-pile\/","og_site_name":"Lottemaa Teemapark","article_modified_time":"2024-03-05T08:49:13+00:00","og_image":[{"width":316,"height":177,"url":"https:\/\/lottemaa.ee\/wp-content\/uploads\/2021\/05\/Raudpart_316x177.jpg","type":"image\/jpeg"}],"twitter_card":"summary_large_image","twitter_misc":{"Est. reading time":"1 min\u016b\u0161u"},"schema":{"@context":"https:\/\/schema.org","@graph":[{"@type":"WebPage","@id":"https:\/\/lottemaa.ee\/lv\/par-lotes-zemi\/izgudrotaju-ciema-iedzivotaji\/dzelzs-pile\/","url":"https:\/\/lottemaa.ee\/lv\/par-lotes-zemi\/izgudrotaju-ciema-iedzivotaji\/dzelzs-pile\/","name":"DZELZS P\u012aLE | Lottemaa Teemapark","isPartOf":{"@id":"https:\/\/lottemaa.ee\/#website"},"primaryImageOfPage":{"@id":"https:\/\/lottemaa.ee\/lv\/par-lotes-zemi\/izgudrotaju-ciema-iedzivotaji\/dzelzs-pile\/#primaryimage"},"image":{"@id":"https:\/\/lottemaa.ee\/lv\/par-lotes-zemi\/izgudrotaju-ciema-iedzivotaji\/dzelzs-pile\/#primaryimage"},"thumbnailUrl":"https:\/\/lottemaa.ee\/wp-content\/uploads\/2021\/05\/Raudpart_316x177.jpg","datePublished":"2021-05-20T08:23:14+00:00","dateModified":"2024-03-05T08:49:13+00:00","description":"Paul\u012bne ir \u012bsta Austr\u0101lijas kr\u0101sain\u0101 dzelzs p\u012ble un vi\u0146a ierad\u0101s taisni no Austr\u0101lijas. Klauss uzaicin\u0101ja Paul\u012bni sev l\u012bdzi uz Izgudrot\u0101ju ciemu.","breadcrumb":{"@id":"https:\/\/lottemaa.ee\/lv\/par-lotes-zemi\/izgudrotaju-ciema-iedzivotaji\/dzelzs-pile\/#breadcrumb"},"inLanguage":"lv-LV","potentialAction":[{"@type":"ReadAction","target":["https:\/\/lottemaa.ee\/lv\/par-lotes-zemi\/izgudrotaju-ciema-iedzivotaji\/dzelzs-pile\/"]}]},{"@type":"ImageObject","inLanguage":"lv-LV","@id":"https:\/\/lottemaa.ee\/lv\/par-lotes-zemi\/izgudrotaju-ciema-iedzivotaji\/dzelzs-pile\/#primaryimage","url":"https:\/\/lottemaa.ee\/wp-content\/uploads\/2021\/05\/Raudpart_316x177.jpg","contentUrl":"https:\/\/lottemaa.ee\/wp-content\/uploads\/2021\/05\/Raudpart_316x177.jpg","width":316,"height":177},{"@type":"BreadcrumbList","@id":"https:\/\/lottemaa.ee\/lv\/par-lotes-zemi\/izgudrotaju-ciema-iedzivotaji\/dzelzs-pile\/#breadcrumb","itemListElement":[{"@type":"ListItem","position":1,"name":"Home","item":"https:\/\/lottemaa.ee\/lv\/"},{"@type":"ListItem","position":2,"name":"Diena Lotes zem\u0113","item":"https:\/\/lottemaa.ee\/lv\/par-lotes-zemi\/"},{"@type":"ListItem","position":3,"name":"Izgudrot\u0101ju ciema iedz\u012bvot\u0101ji","item":"https:\/\/lottemaa.ee\/lv\/par-lotes-zemi\/izgudrotaju-ciema-iedzivotaji\/"},{"@type":"ListItem","position":4,"name":"DZELZS P\u012aLE"}]},{"@type":"WebSite","@id":"https:\/\/lottemaa.ee\/#website","url":"https:\/\/lottemaa.ee\/","name":"Lottemaa Teemapark","description":"Baltimaade suurim ja k\u00f5ige \u00e4gedam kogupere teemapark Eestis P\u00e4rnumaal","publisher":{"@id":"https:\/\/lottemaa.ee\/#organization"},"potentialAction":[{"@type":"SearchAction","target":{"@type":"EntryPoint","urlTemplate":"https:\/\/lottemaa.ee\/?s={search_term_string}"},"query-input":{"@type":"PropertyValueSpecification","valueRequired":true,"valueName":"search_term_string"}}],"inLanguage":"lv-LV"},{"@type":"Organization","@id":"https:\/\/lottemaa.ee\/#organization","name":"Lottemaa Teemapark","url":"https:\/\/lottemaa.ee\/","logo":{"@type":"ImageObject","inLanguage":"lv-LV","@id":"https:\/\/lottemaa.ee\/#\/schema\/logo\/image\/","url":"https:\/\/lottemaa.ee\/wp-content\/uploads\/2018\/12\/Lottemaa_LOGO.png","contentUrl":"https:\/\/lottemaa.ee\/wp-content\/uploads\/2018\/12\/Lottemaa_LOGO.png","width":1024,"height":518,"caption":"Lottemaa Teemapark"},"image":{"@id":"https:\/\/lottemaa.ee\/#\/schema\/logo\/image\/"}}]}},"_links":{"self":[{"href":"https:\/\/lottemaa.ee\/lv\/wp-json\/wp\/v2\/pages\/11005","targetHints":{"allow":["GET"]}}],"collection":[{"href":"https:\/\/lottemaa.ee\/lv\/wp-json\/wp\/v2\/pages"}],"about":[{"href":"https:\/\/lottemaa.ee\/lv\/wp-json\/wp\/v2\/types\/page"}],"author":[{"embeddable":true,"href":"https:\/\/lottemaa.ee\/lv\/wp-json\/wp\/v2\/users\/7"}],"replies":[{"embeddable":true,"href":"https:\/\/lottemaa.ee\/lv\/wp-json\/wp\/v2\/comments?post=11005"}],"version-history":[{"count":2,"href":"https:\/\/lottemaa.ee\/lv\/wp-json\/wp\/v2\/pages\/11005\/revisions"}],"predecessor-version":[{"id":20649,"href":"https:\/\/lottemaa.ee\/lv\/wp-json\/wp\/v2\/pages\/11005\/revisions\/20649"}],"up":[{"embeddable":true,"href":"https:\/\/lottemaa.ee\/lv\/wp-json\/wp\/v2\/pages\/1338"}],"wp:featuredmedia":[{"embeddable":true,"href":"https:\/\/lottemaa.ee\/lv\/wp-json\/wp\/v2\/media\/11002"}],"wp:attachment":[{"href":"https:\/\/lottemaa.ee\/lv\/wp-json\/wp\/v2\/media?parent=11005"}],"curies":[{"name":"wp","href":"https:\/\/api.w.org\/{rel}","templated":true}]}}