{"id":10837,"date":"2021-04-30T13:45:12","date_gmt":"2021-04-30T10:45:12","guid":{"rendered":"https:\/\/test.lottemaa.ee\/?page_id=10837"},"modified":"2023-02-16T11:38:17","modified_gmt":"2023-02-16T09:38:17","slug":"roze","status":"publish","type":"page","link":"https:\/\/lottemaa.ee\/lv\/par-mums\/izgudrotaju-ciema-iedzivotaji\/roze\/","title":{"rendered":"ROZE"},"content":{"rendered":"<p style=\"text-align: left;\"><strong>Roze<\/strong> ir su\u0146u meiten\u012bte, Lotes maz\u0101 m\u0101sa. Glu\u017ei k\u0101 vi\u0146as liel\u0101 m\u0101sa Lote, ar\u012b maz\u0101 Roze ir drosm\u012bga un priec\u012bga su\u0146u meitene. Roze ir \u013coti zi\u0146k\u0101r\u012bgs su\u0146u b\u0113rns, un vi\u0146ai ar\u012b \u013coti pat\u012bk m\u0101c\u012bties. Rozei, t\u0101pat k\u0101 Lotei, l\u012bdz ar katru jaunu piedz\u012bvojumu s\u0101k mirdz\u0113t acis. Rozes lab\u0101kais draugs un liel\u0101kais piem\u0113rs ir vi\u0146as liel\u0101 m\u0101sa Lote, ta\u010du vism\u012b\u013c\u0101k\u0101 Rozei ir tie\u0161i vi\u0146as mamma Anna. Lai nu b\u016btu, k\u0101 b\u016btu ar tiem aizraujo\u0161ajiem piedz\u012bvojumiem, ta\u010du vakaros vislab\u0101k nozust ir tie\u0161i mammas skav\u0101s.<\/p>\n","protected":false},"excerpt":{"rendered":"<p>Roze ir su\u0146u meiten\u012bte, Lotes maz\u0101 m\u0101sa. Glu\u017ei k\u0101 vi\u0146as liel\u0101 m\u0101sa Lote, ar\u012b maz\u0101 Roze ir drosm\u012bga un priec\u012bga su\u0146u meitene. Roze ir \u013coti zi\u0146k\u0101r\u012bgs su\u0146u b\u0113rns, un vi\u0146ai ar\u012b \u013coti pat\u012bk m\u0101c\u012bties. Rozei, t\u0101pat k\u0101 Lotei, l\u012bdz ar katru jaunu piedz\u012bvojumu s\u0101k mirdz\u0113t acis. Rozes lab\u0101kais draugs un liel\u0101kais piem\u0113rs ir vi\u0146as liel\u0101 &hellip; <a href=\"https:\/\/lottemaa.ee\/lv\/par-mums\/izgudrotaju-ciema-iedzivotaji\/roze\/\">Continued<\/a><\/p>\n","protected":false},"author":7,"featured_media":10821,"parent":1338,"menu_order":110,"comment_status":"closed","ping_status":"closed","template":"","meta":{"_acf_changed":false,"om_disable_all_campaigns":false,"_uf_show_specific_survey":0,"_uf_disable_surveys":false,"footnotes":""},"class_list":["post-10837","page","type-page","status-publish","has-post-thumbnail","hentry"],"acf":[],"yoast_head":"<!-- This site is optimized with the Yoast SEO plugin v25.5 - https:\/\/yoast.com\/wordpress\/plugins\/seo\/ -->\n<title>ROZE | Lottemaa Teemapark<\/title>\n<meta name=\"description\" content=\"Roze ir su\u0146u meiten\u012bte, Lotes maz\u0101 m\u0101sa. Glu\u017ei k\u0101 vi\u0146as liel\u0101 m\u0101sa Lote, ar\u012b maz\u0101 Roze ir drosm\u012bga un priec\u012bga su\u0146u meitene.\" \/>\n<meta name=\"robots\" content=\"index, follow, max-snippet:-1, max-image-preview:large, max-video-preview:-1\" \/>\n<link rel=\"canonical\" href=\"https:\/\/lottemaa.ee\/lv\/par-lotes-zemi\/izgudrotaju-ciema-iedzivotaji\/roze\/\" \/>\n<meta property=\"og:locale\" content=\"lv_LV\" \/>\n<meta property=\"og:type\" content=\"article\" \/>\n<meta property=\"og:title\" content=\"ROZE | Lottemaa Teemapark\" \/>\n<meta property=\"og:description\" content=\"Roze ir su\u0146u meiten\u012bte, Lotes maz\u0101 m\u0101sa. Glu\u017ei k\u0101 vi\u0146as liel\u0101 m\u0101sa Lote, ar\u012b maz\u0101 Roze ir drosm\u012bga un priec\u012bga su\u0146u meitene.\" \/>\n<meta property=\"og:url\" content=\"https:\/\/lottemaa.ee\/lv\/par-lotes-zemi\/izgudrotaju-ciema-iedzivotaji\/roze\/\" \/>\n<meta property=\"og:site_name\" content=\"Lottemaa Teemapark\" \/>\n<meta property=\"article:modified_time\" content=\"2023-02-16T09:38:17+00:00\" \/>\n<meta property=\"og:image\" content=\"https:\/\/lottemaa.ee\/wp-content\/uploads\/2021\/04\/roosi_316x177.jpg\" \/>\n\t<meta property=\"og:image:width\" content=\"316\" \/>\n\t<meta property=\"og:image:height\" content=\"177\" \/>\n\t<meta property=\"og:image:type\" content=\"image\/jpeg\" \/>\n<meta name=\"twitter:card\" content=\"summary_large_image\" \/>\n<meta name=\"twitter:label1\" content=\"Est. reading time\" \/>\n\t<meta name=\"twitter:data1\" content=\"1 min\u016b\u0161u\" \/>\n<script type=\"application\/ld+json\" class=\"yoast-schema-graph\">{\"@context\":\"https:\/\/schema.org\",\"@graph\":[{\"@type\":\"WebPage\",\"@id\":\"https:\/\/lottemaa.ee\/lv\/par-lotes-zemi\/izgudrotaju-ciema-iedzivotaji\/roze\/\",\"url\":\"https:\/\/lottemaa.ee\/lv\/par-lotes-zemi\/izgudrotaju-ciema-iedzivotaji\/roze\/\",\"name\":\"ROZE | Lottemaa Teemapark\",\"isPartOf\":{\"@id\":\"https:\/\/lottemaa.ee\/#website\"},\"primaryImageOfPage\":{\"@id\":\"https:\/\/lottemaa.ee\/lv\/par-lotes-zemi\/izgudrotaju-ciema-iedzivotaji\/roze\/#primaryimage\"},\"image\":{\"@id\":\"https:\/\/lottemaa.ee\/lv\/par-lotes-zemi\/izgudrotaju-ciema-iedzivotaji\/roze\/#primaryimage\"},\"thumbnailUrl\":\"https:\/\/lottemaa.ee\/wp-content\/uploads\/2021\/04\/roosi_316x177.jpg\",\"datePublished\":\"2021-04-30T10:45:12+00:00\",\"dateModified\":\"2023-02-16T09:38:17+00:00\",\"description\":\"Roze ir su\u0146u meiten\u012bte, Lotes maz\u0101 m\u0101sa. Glu\u017ei k\u0101 vi\u0146as liel\u0101 m\u0101sa Lote, ar\u012b maz\u0101 Roze ir drosm\u012bga un priec\u012bga su\u0146u meitene.\",\"breadcrumb\":{\"@id\":\"https:\/\/lottemaa.ee\/lv\/par-lotes-zemi\/izgudrotaju-ciema-iedzivotaji\/roze\/#breadcrumb\"},\"inLanguage\":\"lv-LV\",\"potentialAction\":[{\"@type\":\"ReadAction\",\"target\":[\"https:\/\/lottemaa.ee\/lv\/par-lotes-zemi\/izgudrotaju-ciema-iedzivotaji\/roze\/\"]}]},{\"@type\":\"ImageObject\",\"inLanguage\":\"lv-LV\",\"@id\":\"https:\/\/lottemaa.ee\/lv\/par-lotes-zemi\/izgudrotaju-ciema-iedzivotaji\/roze\/#primaryimage\",\"url\":\"https:\/\/lottemaa.ee\/wp-content\/uploads\/2021\/04\/roosi_316x177.jpg\",\"contentUrl\":\"https:\/\/lottemaa.ee\/wp-content\/uploads\/2021\/04\/roosi_316x177.jpg\",\"width\":316,\"height\":177},{\"@type\":\"BreadcrumbList\",\"@id\":\"https:\/\/lottemaa.ee\/lv\/par-lotes-zemi\/izgudrotaju-ciema-iedzivotaji\/roze\/#breadcrumb\",\"itemListElement\":[{\"@type\":\"ListItem\",\"position\":1,\"name\":\"Home\",\"item\":\"https:\/\/lottemaa.ee\/lv\/\"},{\"@type\":\"ListItem\",\"position\":2,\"name\":\"Diena Lotes zem\u0113\",\"item\":\"https:\/\/lottemaa.ee\/lv\/par-lotes-zemi\/\"},{\"@type\":\"ListItem\",\"position\":3,\"name\":\"Izgudrot\u0101ju ciema iedz\u012bvot\u0101ji\",\"item\":\"https:\/\/lottemaa.ee\/lv\/par-lotes-zemi\/izgudrotaju-ciema-iedzivotaji\/\"},{\"@type\":\"ListItem\",\"position\":4,\"name\":\"ROZE\"}]},{\"@type\":\"WebSite\",\"@id\":\"https:\/\/lottemaa.ee\/#website\",\"url\":\"https:\/\/lottemaa.ee\/\",\"name\":\"Lottemaa Teemapark\",\"description\":\"Baltimaade suurim ja k\u00f5ige \u00e4gedam kogupere teemapark Eestis P\u00e4rnumaal\",\"publisher\":{\"@id\":\"https:\/\/lottemaa.ee\/#organization\"},\"potentialAction\":[{\"@type\":\"SearchAction\",\"target\":{\"@type\":\"EntryPoint\",\"urlTemplate\":\"https:\/\/lottemaa.ee\/?s={search_term_string}\"},\"query-input\":{\"@type\":\"PropertyValueSpecification\",\"valueRequired\":true,\"valueName\":\"search_term_string\"}}],\"inLanguage\":\"lv-LV\"},{\"@type\":\"Organization\",\"@id\":\"https:\/\/lottemaa.ee\/#organization\",\"name\":\"Lottemaa Teemapark\",\"url\":\"https:\/\/lottemaa.ee\/\",\"logo\":{\"@type\":\"ImageObject\",\"inLanguage\":\"lv-LV\",\"@id\":\"https:\/\/lottemaa.ee\/#\/schema\/logo\/image\/\",\"url\":\"https:\/\/lottemaa.ee\/wp-content\/uploads\/2018\/12\/Lottemaa_LOGO.png\",\"contentUrl\":\"https:\/\/lottemaa.ee\/wp-content\/uploads\/2018\/12\/Lottemaa_LOGO.png\",\"width\":1024,\"height\":518,\"caption\":\"Lottemaa Teemapark\"},\"image\":{\"@id\":\"https:\/\/lottemaa.ee\/#\/schema\/logo\/image\/\"}}]}<\/script>\n<!-- \/ Yoast SEO plugin. -->","yoast_head_json":{"title":"ROZE | Lottemaa Teemapark","description":"Roze ir su\u0146u meiten\u012bte, Lotes maz\u0101 m\u0101sa. Glu\u017ei k\u0101 vi\u0146as liel\u0101 m\u0101sa Lote, ar\u012b maz\u0101 Roze ir drosm\u012bga un priec\u012bga su\u0146u meitene.","robots":{"index":"index","follow":"follow","max-snippet":"max-snippet:-1","max-image-preview":"max-image-preview:large","max-video-preview":"max-video-preview:-1"},"canonical":"https:\/\/lottemaa.ee\/lv\/par-lotes-zemi\/izgudrotaju-ciema-iedzivotaji\/roze\/","og_locale":"lv_LV","og_type":"article","og_title":"ROZE | Lottemaa Teemapark","og_description":"Roze ir su\u0146u meiten\u012bte, Lotes maz\u0101 m\u0101sa. Glu\u017ei k\u0101 vi\u0146as liel\u0101 m\u0101sa Lote, ar\u012b maz\u0101 Roze ir drosm\u012bga un priec\u012bga su\u0146u meitene.","og_url":"https:\/\/lottemaa.ee\/lv\/par-lotes-zemi\/izgudrotaju-ciema-iedzivotaji\/roze\/","og_site_name":"Lottemaa Teemapark","article_modified_time":"2023-02-16T09:38:17+00:00","og_image":[{"width":316,"height":177,"url":"https:\/\/lottemaa.ee\/wp-content\/uploads\/2021\/04\/roosi_316x177.jpg","type":"image\/jpeg"}],"twitter_card":"summary_large_image","twitter_misc":{"Est. reading time":"1 min\u016b\u0161u"},"schema":{"@context":"https:\/\/schema.org","@graph":[{"@type":"WebPage","@id":"https:\/\/lottemaa.ee\/lv\/par-lotes-zemi\/izgudrotaju-ciema-iedzivotaji\/roze\/","url":"https:\/\/lottemaa.ee\/lv\/par-lotes-zemi\/izgudrotaju-ciema-iedzivotaji\/roze\/","name":"ROZE | Lottemaa Teemapark","isPartOf":{"@id":"https:\/\/lottemaa.ee\/#website"},"primaryImageOfPage":{"@id":"https:\/\/lottemaa.ee\/lv\/par-lotes-zemi\/izgudrotaju-ciema-iedzivotaji\/roze\/#primaryimage"},"image":{"@id":"https:\/\/lottemaa.ee\/lv\/par-lotes-zemi\/izgudrotaju-ciema-iedzivotaji\/roze\/#primaryimage"},"thumbnailUrl":"https:\/\/lottemaa.ee\/wp-content\/uploads\/2021\/04\/roosi_316x177.jpg","datePublished":"2021-04-30T10:45:12+00:00","dateModified":"2023-02-16T09:38:17+00:00","description":"Roze ir su\u0146u meiten\u012bte, Lotes maz\u0101 m\u0101sa. Glu\u017ei k\u0101 vi\u0146as liel\u0101 m\u0101sa Lote, ar\u012b maz\u0101 Roze ir drosm\u012bga un priec\u012bga su\u0146u meitene.","breadcrumb":{"@id":"https:\/\/lottemaa.ee\/lv\/par-lotes-zemi\/izgudrotaju-ciema-iedzivotaji\/roze\/#breadcrumb"},"inLanguage":"lv-LV","potentialAction":[{"@type":"ReadAction","target":["https:\/\/lottemaa.ee\/lv\/par-lotes-zemi\/izgudrotaju-ciema-iedzivotaji\/roze\/"]}]},{"@type":"ImageObject","inLanguage":"lv-LV","@id":"https:\/\/lottemaa.ee\/lv\/par-lotes-zemi\/izgudrotaju-ciema-iedzivotaji\/roze\/#primaryimage","url":"https:\/\/lottemaa.ee\/wp-content\/uploads\/2021\/04\/roosi_316x177.jpg","contentUrl":"https:\/\/lottemaa.ee\/wp-content\/uploads\/2021\/04\/roosi_316x177.jpg","width":316,"height":177},{"@type":"BreadcrumbList","@id":"https:\/\/lottemaa.ee\/lv\/par-lotes-zemi\/izgudrotaju-ciema-iedzivotaji\/roze\/#breadcrumb","itemListElement":[{"@type":"ListItem","position":1,"name":"Home","item":"https:\/\/lottemaa.ee\/lv\/"},{"@type":"ListItem","position":2,"name":"Diena Lotes zem\u0113","item":"https:\/\/lottemaa.ee\/lv\/par-lotes-zemi\/"},{"@type":"ListItem","position":3,"name":"Izgudrot\u0101ju ciema iedz\u012bvot\u0101ji","item":"https:\/\/lottemaa.ee\/lv\/par-lotes-zemi\/izgudrotaju-ciema-iedzivotaji\/"},{"@type":"ListItem","position":4,"name":"ROZE"}]},{"@type":"WebSite","@id":"https:\/\/lottemaa.ee\/#website","url":"https:\/\/lottemaa.ee\/","name":"Lottemaa Teemapark","description":"Baltimaade suurim ja k\u00f5ige \u00e4gedam kogupere teemapark Eestis P\u00e4rnumaal","publisher":{"@id":"https:\/\/lottemaa.ee\/#organization"},"potentialAction":[{"@type":"SearchAction","target":{"@type":"EntryPoint","urlTemplate":"https:\/\/lottemaa.ee\/?s={search_term_string}"},"query-input":{"@type":"PropertyValueSpecification","valueRequired":true,"valueName":"search_term_string"}}],"inLanguage":"lv-LV"},{"@type":"Organization","@id":"https:\/\/lottemaa.ee\/#organization","name":"Lottemaa Teemapark","url":"https:\/\/lottemaa.ee\/","logo":{"@type":"ImageObject","inLanguage":"lv-LV","@id":"https:\/\/lottemaa.ee\/#\/schema\/logo\/image\/","url":"https:\/\/lottemaa.ee\/wp-content\/uploads\/2018\/12\/Lottemaa_LOGO.png","contentUrl":"https:\/\/lottemaa.ee\/wp-content\/uploads\/2018\/12\/Lottemaa_LOGO.png","width":1024,"height":518,"caption":"Lottemaa Teemapark"},"image":{"@id":"https:\/\/lottemaa.ee\/#\/schema\/logo\/image\/"}}]}},"_links":{"self":[{"href":"https:\/\/lottemaa.ee\/lv\/wp-json\/wp\/v2\/pages\/10837","targetHints":{"allow":["GET"]}}],"collection":[{"href":"https:\/\/lottemaa.ee\/lv\/wp-json\/wp\/v2\/pages"}],"about":[{"href":"https:\/\/lottemaa.ee\/lv\/wp-json\/wp\/v2\/types\/page"}],"author":[{"embeddable":true,"href":"https:\/\/lottemaa.ee\/lv\/wp-json\/wp\/v2\/users\/7"}],"replies":[{"embeddable":true,"href":"https:\/\/lottemaa.ee\/lv\/wp-json\/wp\/v2\/comments?post=10837"}],"version-history":[{"count":2,"href":"https:\/\/lottemaa.ee\/lv\/wp-json\/wp\/v2\/pages\/10837\/revisions"}],"predecessor-version":[{"id":20629,"href":"https:\/\/lottemaa.ee\/lv\/wp-json\/wp\/v2\/pages\/10837\/revisions\/20629"}],"up":[{"embeddable":true,"href":"https:\/\/lottemaa.ee\/lv\/wp-json\/wp\/v2\/pages\/1338"}],"wp:featuredmedia":[{"embeddable":true,"href":"https:\/\/lottemaa.ee\/lv\/wp-json\/wp\/v2\/media\/10821"}],"wp:attachment":[{"href":"https:\/\/lottemaa.ee\/lv\/wp-json\/wp\/v2\/media?parent=10837"}],"curies":[{"name":"wp","href":"https:\/\/api.w.org\/{rel}","templated":true}]}}