{"id":10728,"date":"2021-04-22T12:12:25","date_gmt":"2021-04-22T09:12:25","guid":{"rendered":"https:\/\/test.lottemaa.ee\/?page_id=10728"},"modified":"2024-09-25T14:58:02","modified_gmt":"2024-09-25T11:58:02","slug":"leo-paadikuur","status":"publish","type":"page","link":"https:\/\/lottemaa.ee\/lv\/par-lotes-zemi\/majas-un-nodarbes\/leo-paadikuur\/","title":{"rendered":"LEO LAIVU \u0160\u0136\u016aNIS"},"content":{"rendered":"<p style=\"text-align: left;\">Jaun\u012bb\u0101 Leo uzb\u016bv\u0113ja sev laivu. T\u0101du, ar ko gan var bur\u0101t, gan air\u0113t. Laivai Leo deva savas m\u012b\u013c\u0101s vec\u0101sm\u0101tes v\u0101rdu \u2013 Loreida! Laivai vienm\u0113r j\u0101b\u016bt ar sievie\u0161u v\u0101rdu, jo j\u016br\u0101 valda t\u0101da para\u017ea. Sievietes v\u0101rds nes laimi, un laime j\u016brniekam ir vajadz\u012bga.<\/p>\n<p style=\"text-align: left;\">T\u0101 k\u0101 Loreida kop\u0101 ar Leo ir novecojusi un j\u016br\u0101 vairs nebrauc, vi\u0146ai bija vajadz\u012bga vieta, kur b\u016bt, lai mier\u012bgi aizvad\u012btu vecumdienas. T\u0101 nu Leo uzb\u016bv\u0113ja Loreidai lepnu laivu \u0161\u0137\u016bni.<\/p>\n","protected":false},"excerpt":{"rendered":"<p>Jaun\u012bb\u0101 Leo uzb\u016bv\u0113ja sev laivu. T\u0101du, ar ko gan var bur\u0101t, gan air\u0113t. Laivai Leo deva savas m\u012b\u013c\u0101s vec\u0101sm\u0101tes v\u0101rdu \u2013 Loreida! Laivai vienm\u0113r j\u0101b\u016bt ar sievie\u0161u v\u0101rdu, jo j\u016br\u0101 valda t\u0101da para\u017ea. Sievietes v\u0101rds nes laimi, un laime j\u016brniekam ir vajadz\u012bga. T\u0101 k\u0101 Loreida kop\u0101 ar Leo ir novecojusi un j\u016br\u0101 vairs nebrauc, vi\u0146ai &hellip; <a href=\"https:\/\/lottemaa.ee\/lv\/par-lotes-zemi\/majas-un-nodarbes\/leo-paadikuur\/\">Continued<\/a><\/p>\n","protected":false},"author":7,"featured_media":13808,"parent":1317,"menu_order":595,"comment_status":"closed","ping_status":"closed","template":"","meta":{"_acf_changed":false,"om_disable_all_campaigns":false,"_uf_show_specific_survey":0,"_uf_disable_surveys":false,"footnotes":""},"class_list":["post-10728","page","type-page","status-publish","has-post-thumbnail","hentry"],"acf":[],"yoast_head":"<!-- This site is optimized with the Yoast SEO plugin v25.5 - https:\/\/yoast.com\/wordpress\/plugins\/seo\/ -->\n<title>LEO LAIVU \u0160\u0136\u016aNIS | Lottemaa Teemapark<\/title>\n<meta name=\"description\" content=\"Jaun\u012bb\u0101 Leo uzb\u016bv\u0113ja sev laivu. T\u0101du, ar ko gan var bur\u0101t, gan air\u0113t. Laivai Leo deva savas m\u012b\u013c\u0101s vec\u0101sm\u0101tes v\u0101rdu \u2013 Loreida!\" \/>\n<meta name=\"robots\" content=\"index, follow, max-snippet:-1, max-image-preview:large, max-video-preview:-1\" \/>\n<link rel=\"canonical\" href=\"https:\/\/lottemaa.ee\/lv\/par-lotes-zemi\/majas-un-nodarbes\/leo-paadikuur\/\" \/>\n<meta property=\"og:locale\" content=\"lv_LV\" \/>\n<meta property=\"og:type\" content=\"article\" \/>\n<meta property=\"og:title\" content=\"LEO LAIVU \u0160\u0136\u016aNIS | Lottemaa Teemapark\" \/>\n<meta property=\"og:description\" content=\"Jaun\u012bb\u0101 Leo uzb\u016bv\u0113ja sev laivu. T\u0101du, ar ko gan var bur\u0101t, gan air\u0113t. Laivai Leo deva savas m\u012b\u013c\u0101s vec\u0101sm\u0101tes v\u0101rdu \u2013 Loreida!\" \/>\n<meta property=\"og:url\" content=\"https:\/\/lottemaa.ee\/lv\/par-lotes-zemi\/majas-un-nodarbes\/leo-paadikuur\/\" \/>\n<meta property=\"og:site_name\" content=\"Lottemaa Teemapark\" \/>\n<meta property=\"article:modified_time\" content=\"2024-09-25T11:58:02+00:00\" \/>\n<meta property=\"og:image\" content=\"https:\/\/lottemaa.ee\/wp-content\/uploads\/2022\/04\/DSC_2794-scaled.jpg\" \/>\n\t<meta property=\"og:image:width\" content=\"2560\" \/>\n\t<meta property=\"og:image:height\" content=\"1695\" \/>\n\t<meta property=\"og:image:type\" content=\"image\/jpeg\" \/>\n<meta name=\"twitter:card\" content=\"summary_large_image\" \/>\n<meta name=\"twitter:label1\" content=\"Est. reading time\" \/>\n\t<meta name=\"twitter:data1\" content=\"1 min\u016b\u0161u\" \/>\n<script type=\"application\/ld+json\" class=\"yoast-schema-graph\">{\"@context\":\"https:\/\/schema.org\",\"@graph\":[{\"@type\":\"WebPage\",\"@id\":\"https:\/\/lottemaa.ee\/lv\/par-lotes-zemi\/majas-un-nodarbes\/leo-paadikuur\/\",\"url\":\"https:\/\/lottemaa.ee\/lv\/par-lotes-zemi\/majas-un-nodarbes\/leo-paadikuur\/\",\"name\":\"LEO LAIVU \u0160\u0136\u016aNIS | Lottemaa Teemapark\",\"isPartOf\":{\"@id\":\"https:\/\/lottemaa.ee\/#website\"},\"primaryImageOfPage\":{\"@id\":\"https:\/\/lottemaa.ee\/lv\/par-lotes-zemi\/majas-un-nodarbes\/leo-paadikuur\/#primaryimage\"},\"image\":{\"@id\":\"https:\/\/lottemaa.ee\/lv\/par-lotes-zemi\/majas-un-nodarbes\/leo-paadikuur\/#primaryimage\"},\"thumbnailUrl\":\"https:\/\/lottemaa.ee\/wp-content\/uploads\/2022\/04\/DSC_2794-scaled.jpg\",\"datePublished\":\"2021-04-22T09:12:25+00:00\",\"dateModified\":\"2024-09-25T11:58:02+00:00\",\"description\":\"Jaun\u012bb\u0101 Leo uzb\u016bv\u0113ja sev laivu. T\u0101du, ar ko gan var bur\u0101t, gan air\u0113t. Laivai Leo deva savas m\u012b\u013c\u0101s vec\u0101sm\u0101tes v\u0101rdu \u2013 Loreida!\",\"breadcrumb\":{\"@id\":\"https:\/\/lottemaa.ee\/lv\/par-lotes-zemi\/majas-un-nodarbes\/leo-paadikuur\/#breadcrumb\"},\"inLanguage\":\"lv-LV\",\"potentialAction\":[{\"@type\":\"ReadAction\",\"target\":[\"https:\/\/lottemaa.ee\/lv\/par-lotes-zemi\/majas-un-nodarbes\/leo-paadikuur\/\"]}]},{\"@type\":\"ImageObject\",\"inLanguage\":\"lv-LV\",\"@id\":\"https:\/\/lottemaa.ee\/lv\/par-lotes-zemi\/majas-un-nodarbes\/leo-paadikuur\/#primaryimage\",\"url\":\"https:\/\/lottemaa.ee\/wp-content\/uploads\/2022\/04\/DSC_2794-scaled.jpg\",\"contentUrl\":\"https:\/\/lottemaa.ee\/wp-content\/uploads\/2022\/04\/DSC_2794-scaled.jpg\",\"width\":2560,\"height\":1695},{\"@type\":\"BreadcrumbList\",\"@id\":\"https:\/\/lottemaa.ee\/lv\/par-lotes-zemi\/majas-un-nodarbes\/leo-paadikuur\/#breadcrumb\",\"itemListElement\":[{\"@type\":\"ListItem\",\"position\":1,\"name\":\"Home\",\"item\":\"https:\/\/lottemaa.ee\/lv\/\"},{\"@type\":\"ListItem\",\"position\":2,\"name\":\"Diena Lotes zem\u0113\",\"item\":\"https:\/\/lottemaa.ee\/lv\/par-lotes-zemi\/\"},{\"@type\":\"ListItem\",\"position\":3,\"name\":\"M\u0101jas un nodarbes\",\"item\":\"https:\/\/lottemaa.ee\/lv\/par-lotes-zemi\/majas-un-nodarbes\/\"},{\"@type\":\"ListItem\",\"position\":4,\"name\":\"LEO LAIVU \u0160\u0136\u016aNIS\"}]},{\"@type\":\"WebSite\",\"@id\":\"https:\/\/lottemaa.ee\/#website\",\"url\":\"https:\/\/lottemaa.ee\/\",\"name\":\"Lottemaa Teemapark\",\"description\":\"Baltimaade suurim ja k\u00f5ige \u00e4gedam kogupere teemapark Eestis P\u00e4rnumaal\",\"publisher\":{\"@id\":\"https:\/\/lottemaa.ee\/#organization\"},\"potentialAction\":[{\"@type\":\"SearchAction\",\"target\":{\"@type\":\"EntryPoint\",\"urlTemplate\":\"https:\/\/lottemaa.ee\/?s={search_term_string}\"},\"query-input\":{\"@type\":\"PropertyValueSpecification\",\"valueRequired\":true,\"valueName\":\"search_term_string\"}}],\"inLanguage\":\"lv-LV\"},{\"@type\":\"Organization\",\"@id\":\"https:\/\/lottemaa.ee\/#organization\",\"name\":\"Lottemaa Teemapark\",\"url\":\"https:\/\/lottemaa.ee\/\",\"logo\":{\"@type\":\"ImageObject\",\"inLanguage\":\"lv-LV\",\"@id\":\"https:\/\/lottemaa.ee\/#\/schema\/logo\/image\/\",\"url\":\"https:\/\/lottemaa.ee\/wp-content\/uploads\/2018\/12\/Lottemaa_LOGO.png\",\"contentUrl\":\"https:\/\/lottemaa.ee\/wp-content\/uploads\/2018\/12\/Lottemaa_LOGO.png\",\"width\":1024,\"height\":518,\"caption\":\"Lottemaa Teemapark\"},\"image\":{\"@id\":\"https:\/\/lottemaa.ee\/#\/schema\/logo\/image\/\"}}]}<\/script>\n<!-- \/ Yoast SEO plugin. -->","yoast_head_json":{"title":"LEO LAIVU \u0160\u0136\u016aNIS | Lottemaa Teemapark","description":"Jaun\u012bb\u0101 Leo uzb\u016bv\u0113ja sev laivu. T\u0101du, ar ko gan var bur\u0101t, gan air\u0113t. Laivai Leo deva savas m\u012b\u013c\u0101s vec\u0101sm\u0101tes v\u0101rdu \u2013 Loreida!","robots":{"index":"index","follow":"follow","max-snippet":"max-snippet:-1","max-image-preview":"max-image-preview:large","max-video-preview":"max-video-preview:-1"},"canonical":"https:\/\/lottemaa.ee\/lv\/par-lotes-zemi\/majas-un-nodarbes\/leo-paadikuur\/","og_locale":"lv_LV","og_type":"article","og_title":"LEO LAIVU \u0160\u0136\u016aNIS | Lottemaa Teemapark","og_description":"Jaun\u012bb\u0101 Leo uzb\u016bv\u0113ja sev laivu. T\u0101du, ar ko gan var bur\u0101t, gan air\u0113t. Laivai Leo deva savas m\u012b\u013c\u0101s vec\u0101sm\u0101tes v\u0101rdu \u2013 Loreida!","og_url":"https:\/\/lottemaa.ee\/lv\/par-lotes-zemi\/majas-un-nodarbes\/leo-paadikuur\/","og_site_name":"Lottemaa Teemapark","article_modified_time":"2024-09-25T11:58:02+00:00","og_image":[{"width":2560,"height":1695,"url":"https:\/\/lottemaa.ee\/wp-content\/uploads\/2022\/04\/DSC_2794-scaled.jpg","type":"image\/jpeg"}],"twitter_card":"summary_large_image","twitter_misc":{"Est. reading time":"1 min\u016b\u0161u"},"schema":{"@context":"https:\/\/schema.org","@graph":[{"@type":"WebPage","@id":"https:\/\/lottemaa.ee\/lv\/par-lotes-zemi\/majas-un-nodarbes\/leo-paadikuur\/","url":"https:\/\/lottemaa.ee\/lv\/par-lotes-zemi\/majas-un-nodarbes\/leo-paadikuur\/","name":"LEO LAIVU \u0160\u0136\u016aNIS | Lottemaa Teemapark","isPartOf":{"@id":"https:\/\/lottemaa.ee\/#website"},"primaryImageOfPage":{"@id":"https:\/\/lottemaa.ee\/lv\/par-lotes-zemi\/majas-un-nodarbes\/leo-paadikuur\/#primaryimage"},"image":{"@id":"https:\/\/lottemaa.ee\/lv\/par-lotes-zemi\/majas-un-nodarbes\/leo-paadikuur\/#primaryimage"},"thumbnailUrl":"https:\/\/lottemaa.ee\/wp-content\/uploads\/2022\/04\/DSC_2794-scaled.jpg","datePublished":"2021-04-22T09:12:25+00:00","dateModified":"2024-09-25T11:58:02+00:00","description":"Jaun\u012bb\u0101 Leo uzb\u016bv\u0113ja sev laivu. T\u0101du, ar ko gan var bur\u0101t, gan air\u0113t. Laivai Leo deva savas m\u012b\u013c\u0101s vec\u0101sm\u0101tes v\u0101rdu \u2013 Loreida!","breadcrumb":{"@id":"https:\/\/lottemaa.ee\/lv\/par-lotes-zemi\/majas-un-nodarbes\/leo-paadikuur\/#breadcrumb"},"inLanguage":"lv-LV","potentialAction":[{"@type":"ReadAction","target":["https:\/\/lottemaa.ee\/lv\/par-lotes-zemi\/majas-un-nodarbes\/leo-paadikuur\/"]}]},{"@type":"ImageObject","inLanguage":"lv-LV","@id":"https:\/\/lottemaa.ee\/lv\/par-lotes-zemi\/majas-un-nodarbes\/leo-paadikuur\/#primaryimage","url":"https:\/\/lottemaa.ee\/wp-content\/uploads\/2022\/04\/DSC_2794-scaled.jpg","contentUrl":"https:\/\/lottemaa.ee\/wp-content\/uploads\/2022\/04\/DSC_2794-scaled.jpg","width":2560,"height":1695},{"@type":"BreadcrumbList","@id":"https:\/\/lottemaa.ee\/lv\/par-lotes-zemi\/majas-un-nodarbes\/leo-paadikuur\/#breadcrumb","itemListElement":[{"@type":"ListItem","position":1,"name":"Home","item":"https:\/\/lottemaa.ee\/lv\/"},{"@type":"ListItem","position":2,"name":"Diena Lotes zem\u0113","item":"https:\/\/lottemaa.ee\/lv\/par-lotes-zemi\/"},{"@type":"ListItem","position":3,"name":"M\u0101jas un nodarbes","item":"https:\/\/lottemaa.ee\/lv\/par-lotes-zemi\/majas-un-nodarbes\/"},{"@type":"ListItem","position":4,"name":"LEO LAIVU \u0160\u0136\u016aNIS"}]},{"@type":"WebSite","@id":"https:\/\/lottemaa.ee\/#website","url":"https:\/\/lottemaa.ee\/","name":"Lottemaa Teemapark","description":"Baltimaade suurim ja k\u00f5ige \u00e4gedam kogupere teemapark Eestis P\u00e4rnumaal","publisher":{"@id":"https:\/\/lottemaa.ee\/#organization"},"potentialAction":[{"@type":"SearchAction","target":{"@type":"EntryPoint","urlTemplate":"https:\/\/lottemaa.ee\/?s={search_term_string}"},"query-input":{"@type":"PropertyValueSpecification","valueRequired":true,"valueName":"search_term_string"}}],"inLanguage":"lv-LV"},{"@type":"Organization","@id":"https:\/\/lottemaa.ee\/#organization","name":"Lottemaa Teemapark","url":"https:\/\/lottemaa.ee\/","logo":{"@type":"ImageObject","inLanguage":"lv-LV","@id":"https:\/\/lottemaa.ee\/#\/schema\/logo\/image\/","url":"https:\/\/lottemaa.ee\/wp-content\/uploads\/2018\/12\/Lottemaa_LOGO.png","contentUrl":"https:\/\/lottemaa.ee\/wp-content\/uploads\/2018\/12\/Lottemaa_LOGO.png","width":1024,"height":518,"caption":"Lottemaa Teemapark"},"image":{"@id":"https:\/\/lottemaa.ee\/#\/schema\/logo\/image\/"}}]}},"_links":{"self":[{"href":"https:\/\/lottemaa.ee\/lv\/wp-json\/wp\/v2\/pages\/10728","targetHints":{"allow":["GET"]}}],"collection":[{"href":"https:\/\/lottemaa.ee\/lv\/wp-json\/wp\/v2\/pages"}],"about":[{"href":"https:\/\/lottemaa.ee\/lv\/wp-json\/wp\/v2\/types\/page"}],"author":[{"embeddable":true,"href":"https:\/\/lottemaa.ee\/lv\/wp-json\/wp\/v2\/users\/7"}],"replies":[{"embeddable":true,"href":"https:\/\/lottemaa.ee\/lv\/wp-json\/wp\/v2\/comments?post=10728"}],"version-history":[{"count":3,"href":"https:\/\/lottemaa.ee\/lv\/wp-json\/wp\/v2\/pages\/10728\/revisions"}],"predecessor-version":[{"id":28524,"href":"https:\/\/lottemaa.ee\/lv\/wp-json\/wp\/v2\/pages\/10728\/revisions\/28524"}],"up":[{"embeddable":true,"href":"https:\/\/lottemaa.ee\/lv\/wp-json\/wp\/v2\/pages\/1317"}],"wp:featuredmedia":[{"embeddable":true,"href":"https:\/\/lottemaa.ee\/lv\/wp-json\/wp\/v2\/media\/13808"}],"wp:attachment":[{"href":"https:\/\/lottemaa.ee\/lv\/wp-json\/wp\/v2\/media?parent=10728"}],"curies":[{"name":"wp","href":"https:\/\/api.w.org\/{rel}","templated":true}]}}