{"id":10206,"date":"2021-01-05T14:19:07","date_gmt":"2021-01-05T12:19:07","guid":{"rendered":"https:\/\/test.lottemaa.ee\/?page_id=10206"},"modified":"2026-03-25T16:42:57","modified_gmt":"2026-03-25T14:42:57","slug":"vasaras-sezona-2026","status":"publish","type":"page","link":"https:\/\/lottemaa.ee\/lv\/par-mums\/vasaras-sezona-2026\/","title":{"rendered":"Lotes Zeme vasara 2026"},"content":{"rendered":"<h2 style=\"text-align: left;\"><span style=\"font-family: Troika;\"><span style=\"font-size: 28px; color: #000080;\"><span style=\"color: #0000ff;\">Esam atv\u0113rta 13.06.-30.08.2026<\/span><br \/>\n<\/span><span style=\"font-size: 28px; color: #ff0000;\">katru dienu 10:00-18:00!<\/span><\/span><\/h2>\n<p style=\"text-align: left;\">P\u0113rnavas apri\u0146\u0137\u012b, Reiu ciemat\u0101 atrodas viena mistiska vieta, kur satiekas pasakaina vide un realit\u0101te \u2013 \u0161eit zaud\u0113jam laika saj\u016btu, un sej\u0101 k\u0101 ar burvja m\u0101jienu par\u0101d\u0101s smaids. \u0160\u012b ir vieta, kas piesaista k\u0101 magn\u0113ts gan lielus, gan mazus, gan z\u0113nus, gan meitenes.<\/p>\n<p style=\"text-align: left;\">Protams, ka \u0161\u012b vieta ir<strong> LOTES ZEME<\/strong>!<\/p>\n<p style=\"text-align: left;\">L\u012bdz <strong>2026.<\/strong> gada <strong>30. augustam<\/strong> ir sp\u0113k\u0101 dienas bi\u013cete, kas pied\u0101v\u0101 iesp\u0113ju jautri pavad\u012bt laiku Izgudrot\u0101ju ciem\u0101, kur\u0101 ir \u012bpa\u0161a atmosf\u0113ra. Vair\u0101k nek\u0101 100 izgudrojumi, k\u0101 ar\u012b da\u017e\u0101di sp\u0113\u013cu piederumi un b\u016bves gaida atkl\u0101\u0161anu un izp\u0113ti! Piedz\u012bvojumu taka, planet\u0101rijs, augstais skatu tornis, labirints un rota\u013cu m\u0101ja it tikai da\u017eas iesp\u0113jas no t\u0101m.<\/p>\n<p style=\"text-align: left;\">Dienas laik\u0101 var\u0113siet redz\u0113t vair\u0101kus jaukus \u012bsus uzvedumus, tikties ar Loti, Bruno, Albertu un citiem aizraujo\u0161iem Izgudrot\u0101ju ciema iedz\u012bvot\u0101jiem. Karst\u0101 dien\u0101 variet izpeld\u0113ties j\u016br\u0101. Visas atrakcijas, kas atrodas tematisk\u0101 parka teritorij\u0101, ir iek\u013cautas bi\u013cetes cen\u0101.<\/p>\n<p style=\"text-align: left;\">Lai izvair\u012btos no st\u0101v\u0113\u0161anas rind\u0101, iesak\u0101m ieg\u0101d\u0101ties ar\u012b autost\u0101vvietas un vilciena bi\u013cetes.<\/p>\n<p><a href=\"https:\/\/fienta.com\/lv\/lottemaa-suvi-2026\"><img loading=\"lazy\" decoding=\"async\" class=\"alignleft wp-image-19201 size-medium\" src=\"https:\/\/lottemaa.ee\/wp-content\/uploads\/2023\/01\/osta_pilet_siit_lv-300x84.png\" alt=\"\" width=\"300\" height=\"84\" srcset=\"https:\/\/lottemaa.ee\/wp-content\/uploads\/2023\/01\/osta_pilet_siit_lv-300x84.png 300w, https:\/\/lottemaa.ee\/wp-content\/uploads\/2023\/01\/osta_pilet_siit_lv-114x32.png 114w, https:\/\/lottemaa.ee\/wp-content\/uploads\/2023\/01\/osta_pilet_siit_lv.png 376w\" sizes=\"auto, (max-width: 300px) 100vw, 300px\" \/><\/a><\/p>\n<p><iframe loading=\"lazy\" title=\"LOTES ZEME | 8h piedz\u012bvojumi visai \u0123imenei! | Liel\u0101kais tematiskais parks Baltij\u0101!\" width=\"500\" height=\"281\" src=\"https:\/\/www.youtube.com\/embed\/xtGaLUllwx0?feature=oembed\" frameborder=\"0\" allow=\"accelerometer; autoplay; clipboard-write; encrypted-media; gyroscope; picture-in-picture; web-share\" referrerpolicy=\"strict-origin-when-cross-origin\" allowfullscreen><\/iframe><\/p>\n","protected":false},"excerpt":{"rendered":"<p>Esam atv\u0113rta 13.06.-30.08.2026 katru dienu 10:00-18:00! P\u0113rnavas apri\u0146\u0137\u012b, Reiu ciemat\u0101 atrodas viena mistiska vieta, kur satiekas pasakaina vide un realit\u0101te \u2013 \u0161eit zaud\u0113jam laika saj\u016btu, un sej\u0101 k\u0101 ar burvja m\u0101jienu par\u0101d\u0101s smaids. \u0160\u012b ir vieta, kas piesaista k\u0101 magn\u0113ts gan lielus, gan mazus, gan z\u0113nus, gan meitenes. Protams, ka \u0161\u012b vieta ir LOTES ZEME! &hellip; <a href=\"https:\/\/lottemaa.ee\/lv\/par-mums\/vasaras-sezona-2026\/\">Continued<\/a><\/p>\n","protected":false},"author":7,"featured_media":32996,"parent":593,"menu_order":271,"comment_status":"closed","ping_status":"closed","template":"","meta":{"_acf_changed":false,"om_disable_all_campaigns":false,"_uf_show_specific_survey":0,"_uf_disable_surveys":false,"footnotes":""},"class_list":["post-10206","page","type-page","status-publish","has-post-thumbnail","hentry"],"acf":[],"yoast_head":"<!-- This site is optimized with the Yoast SEO plugin v25.5 - https:\/\/yoast.com\/wordpress\/plugins\/seo\/ -->\n<title>Lotes Zeme vasara 2026 | Lottemaa Teemapark<\/title>\n<meta name=\"description\" content=\"V\u0113laties, ko dar\u012bt ar b\u0113rniem P\u0113rnav\u0101? M\u0113s esam sar\u016bp\u0113ju\u0161i aktivit\u0101tes un atkl\u0101jumus visai \u0123imenei visai dienai. Izr\u0101des, koncerti un daudz kas cits.\" \/>\n<meta name=\"robots\" content=\"index, follow, max-snippet:-1, max-image-preview:large, max-video-preview:-1\" \/>\n<link rel=\"canonical\" href=\"https:\/\/lottemaa.ee\/lv\/par-mums\/vasaras-sezona-2026\/\" \/>\n<meta property=\"og:locale\" content=\"lv_LV\" \/>\n<meta property=\"og:type\" content=\"article\" \/>\n<meta property=\"og:title\" content=\"Lotes Zeme vasara 2026 | Lottemaa Teemapark\" \/>\n<meta property=\"og:description\" content=\"V\u0113laties, ko dar\u012bt ar b\u0113rniem P\u0113rnav\u0101? M\u0113s esam sar\u016bp\u0113ju\u0161i aktivit\u0101tes un atkl\u0101jumus visai \u0123imenei visai dienai. Izr\u0101des, koncerti un daudz kas cits.\" \/>\n<meta property=\"og:url\" content=\"https:\/\/lottemaa.ee\/lv\/par-mums\/vasaras-sezona-2026\/\" \/>\n<meta property=\"og:site_name\" content=\"Lottemaa Teemapark\" \/>\n<meta property=\"article:modified_time\" content=\"2026-03-25T14:42:57+00:00\" \/>\n<meta property=\"og:image\" content=\"https:\/\/lottemaa.ee\/wp-content\/uploads\/2026\/03\/DSC_5419-scaled.jpg\" \/>\n\t<meta property=\"og:image:width\" content=\"2560\" \/>\n\t<meta property=\"og:image:height\" content=\"1696\" \/>\n\t<meta property=\"og:image:type\" content=\"image\/jpeg\" \/>\n<meta name=\"twitter:card\" content=\"summary_large_image\" \/>\n<meta name=\"twitter:label1\" content=\"Est. reading time\" \/>\n\t<meta name=\"twitter:data1\" content=\"2 min\u016btes\" \/>\n<script type=\"application\/ld+json\" class=\"yoast-schema-graph\">{\"@context\":\"https:\/\/schema.org\",\"@graph\":[{\"@type\":\"WebPage\",\"@id\":\"https:\/\/lottemaa.ee\/lv\/par-mums\/vasaras-sezona-2026\/\",\"url\":\"https:\/\/lottemaa.ee\/lv\/par-mums\/vasaras-sezona-2026\/\",\"name\":\"Lotes Zeme vasara 2026 | Lottemaa Teemapark\",\"isPartOf\":{\"@id\":\"https:\/\/lottemaa.ee\/#website\"},\"primaryImageOfPage\":{\"@id\":\"https:\/\/lottemaa.ee\/lv\/par-mums\/vasaras-sezona-2026\/#primaryimage\"},\"image\":{\"@id\":\"https:\/\/lottemaa.ee\/lv\/par-mums\/vasaras-sezona-2026\/#primaryimage\"},\"thumbnailUrl\":\"https:\/\/lottemaa.ee\/wp-content\/uploads\/2026\/03\/DSC_5419-scaled.jpg\",\"datePublished\":\"2021-01-05T12:19:07+00:00\",\"dateModified\":\"2026-03-25T14:42:57+00:00\",\"description\":\"V\u0113laties, ko dar\u012bt ar b\u0113rniem P\u0113rnav\u0101? M\u0113s esam sar\u016bp\u0113ju\u0161i aktivit\u0101tes un atkl\u0101jumus visai \u0123imenei visai dienai. Izr\u0101des, koncerti un daudz kas cits.\",\"breadcrumb\":{\"@id\":\"https:\/\/lottemaa.ee\/lv\/par-mums\/vasaras-sezona-2026\/#breadcrumb\"},\"inLanguage\":\"lv-LV\",\"potentialAction\":[{\"@type\":\"ReadAction\",\"target\":[\"https:\/\/lottemaa.ee\/lv\/par-mums\/vasaras-sezona-2026\/\"]}]},{\"@type\":\"ImageObject\",\"inLanguage\":\"lv-LV\",\"@id\":\"https:\/\/lottemaa.ee\/lv\/par-mums\/vasaras-sezona-2026\/#primaryimage\",\"url\":\"https:\/\/lottemaa.ee\/wp-content\/uploads\/2026\/03\/DSC_5419-scaled.jpg\",\"contentUrl\":\"https:\/\/lottemaa.ee\/wp-content\/uploads\/2026\/03\/DSC_5419-scaled.jpg\",\"width\":2560,\"height\":1696},{\"@type\":\"BreadcrumbList\",\"@id\":\"https:\/\/lottemaa.ee\/lv\/par-mums\/vasaras-sezona-2026\/#breadcrumb\",\"itemListElement\":[{\"@type\":\"ListItem\",\"position\":1,\"name\":\"Home\",\"item\":\"https:\/\/lottemaa.ee\/lv\/\"},{\"@type\":\"ListItem\",\"position\":2,\"name\":\"Par mums\",\"item\":\"https:\/\/lottemaa.ee\/lv\/par-mums\/\"},{\"@type\":\"ListItem\",\"position\":3,\"name\":\"Lotes Zeme vasara 2026\"}]},{\"@type\":\"WebSite\",\"@id\":\"https:\/\/lottemaa.ee\/#website\",\"url\":\"https:\/\/lottemaa.ee\/\",\"name\":\"Lottemaa Teemapark\",\"description\":\"Baltimaade suurim ja k\u00f5ige \u00e4gedam kogupere teemapark Eestis P\u00e4rnumaal\",\"publisher\":{\"@id\":\"https:\/\/lottemaa.ee\/#organization\"},\"potentialAction\":[{\"@type\":\"SearchAction\",\"target\":{\"@type\":\"EntryPoint\",\"urlTemplate\":\"https:\/\/lottemaa.ee\/?s={search_term_string}\"},\"query-input\":{\"@type\":\"PropertyValueSpecification\",\"valueRequired\":true,\"valueName\":\"search_term_string\"}}],\"inLanguage\":\"lv-LV\"},{\"@type\":\"Organization\",\"@id\":\"https:\/\/lottemaa.ee\/#organization\",\"name\":\"Lottemaa Teemapark\",\"url\":\"https:\/\/lottemaa.ee\/\",\"logo\":{\"@type\":\"ImageObject\",\"inLanguage\":\"lv-LV\",\"@id\":\"https:\/\/lottemaa.ee\/#\/schema\/logo\/image\/\",\"url\":\"https:\/\/lottemaa.ee\/wp-content\/uploads\/2018\/12\/Lottemaa_LOGO.png\",\"contentUrl\":\"https:\/\/lottemaa.ee\/wp-content\/uploads\/2018\/12\/Lottemaa_LOGO.png\",\"width\":1024,\"height\":518,\"caption\":\"Lottemaa Teemapark\"},\"image\":{\"@id\":\"https:\/\/lottemaa.ee\/#\/schema\/logo\/image\/\"}}]}<\/script>\n<!-- \/ Yoast SEO plugin. -->","yoast_head_json":{"title":"Lotes Zeme vasara 2026 | Lottemaa Teemapark","description":"V\u0113laties, ko dar\u012bt ar b\u0113rniem P\u0113rnav\u0101? M\u0113s esam sar\u016bp\u0113ju\u0161i aktivit\u0101tes un atkl\u0101jumus visai \u0123imenei visai dienai. Izr\u0101des, koncerti un daudz kas cits.","robots":{"index":"index","follow":"follow","max-snippet":"max-snippet:-1","max-image-preview":"max-image-preview:large","max-video-preview":"max-video-preview:-1"},"canonical":"https:\/\/lottemaa.ee\/lv\/par-mums\/vasaras-sezona-2026\/","og_locale":"lv_LV","og_type":"article","og_title":"Lotes Zeme vasara 2026 | Lottemaa Teemapark","og_description":"V\u0113laties, ko dar\u012bt ar b\u0113rniem P\u0113rnav\u0101? M\u0113s esam sar\u016bp\u0113ju\u0161i aktivit\u0101tes un atkl\u0101jumus visai \u0123imenei visai dienai. Izr\u0101des, koncerti un daudz kas cits.","og_url":"https:\/\/lottemaa.ee\/lv\/par-mums\/vasaras-sezona-2026\/","og_site_name":"Lottemaa Teemapark","article_modified_time":"2026-03-25T14:42:57+00:00","og_image":[{"width":2560,"height":1696,"url":"https:\/\/lottemaa.ee\/wp-content\/uploads\/2026\/03\/DSC_5419-scaled.jpg","type":"image\/jpeg"}],"twitter_card":"summary_large_image","twitter_misc":{"Est. reading time":"2 min\u016btes"},"schema":{"@context":"https:\/\/schema.org","@graph":[{"@type":"WebPage","@id":"https:\/\/lottemaa.ee\/lv\/par-mums\/vasaras-sezona-2026\/","url":"https:\/\/lottemaa.ee\/lv\/par-mums\/vasaras-sezona-2026\/","name":"Lotes Zeme vasara 2026 | Lottemaa Teemapark","isPartOf":{"@id":"https:\/\/lottemaa.ee\/#website"},"primaryImageOfPage":{"@id":"https:\/\/lottemaa.ee\/lv\/par-mums\/vasaras-sezona-2026\/#primaryimage"},"image":{"@id":"https:\/\/lottemaa.ee\/lv\/par-mums\/vasaras-sezona-2026\/#primaryimage"},"thumbnailUrl":"https:\/\/lottemaa.ee\/wp-content\/uploads\/2026\/03\/DSC_5419-scaled.jpg","datePublished":"2021-01-05T12:19:07+00:00","dateModified":"2026-03-25T14:42:57+00:00","description":"V\u0113laties, ko dar\u012bt ar b\u0113rniem P\u0113rnav\u0101? M\u0113s esam sar\u016bp\u0113ju\u0161i aktivit\u0101tes un atkl\u0101jumus visai \u0123imenei visai dienai. Izr\u0101des, koncerti un daudz kas cits.","breadcrumb":{"@id":"https:\/\/lottemaa.ee\/lv\/par-mums\/vasaras-sezona-2026\/#breadcrumb"},"inLanguage":"lv-LV","potentialAction":[{"@type":"ReadAction","target":["https:\/\/lottemaa.ee\/lv\/par-mums\/vasaras-sezona-2026\/"]}]},{"@type":"ImageObject","inLanguage":"lv-LV","@id":"https:\/\/lottemaa.ee\/lv\/par-mums\/vasaras-sezona-2026\/#primaryimage","url":"https:\/\/lottemaa.ee\/wp-content\/uploads\/2026\/03\/DSC_5419-scaled.jpg","contentUrl":"https:\/\/lottemaa.ee\/wp-content\/uploads\/2026\/03\/DSC_5419-scaled.jpg","width":2560,"height":1696},{"@type":"BreadcrumbList","@id":"https:\/\/lottemaa.ee\/lv\/par-mums\/vasaras-sezona-2026\/#breadcrumb","itemListElement":[{"@type":"ListItem","position":1,"name":"Home","item":"https:\/\/lottemaa.ee\/lv\/"},{"@type":"ListItem","position":2,"name":"Par mums","item":"https:\/\/lottemaa.ee\/lv\/par-mums\/"},{"@type":"ListItem","position":3,"name":"Lotes Zeme vasara 2026"}]},{"@type":"WebSite","@id":"https:\/\/lottemaa.ee\/#website","url":"https:\/\/lottemaa.ee\/","name":"Lottemaa Teemapark","description":"Baltimaade suurim ja k\u00f5ige \u00e4gedam kogupere teemapark Eestis P\u00e4rnumaal","publisher":{"@id":"https:\/\/lottemaa.ee\/#organization"},"potentialAction":[{"@type":"SearchAction","target":{"@type":"EntryPoint","urlTemplate":"https:\/\/lottemaa.ee\/?s={search_term_string}"},"query-input":{"@type":"PropertyValueSpecification","valueRequired":true,"valueName":"search_term_string"}}],"inLanguage":"lv-LV"},{"@type":"Organization","@id":"https:\/\/lottemaa.ee\/#organization","name":"Lottemaa Teemapark","url":"https:\/\/lottemaa.ee\/","logo":{"@type":"ImageObject","inLanguage":"lv-LV","@id":"https:\/\/lottemaa.ee\/#\/schema\/logo\/image\/","url":"https:\/\/lottemaa.ee\/wp-content\/uploads\/2018\/12\/Lottemaa_LOGO.png","contentUrl":"https:\/\/lottemaa.ee\/wp-content\/uploads\/2018\/12\/Lottemaa_LOGO.png","width":1024,"height":518,"caption":"Lottemaa Teemapark"},"image":{"@id":"https:\/\/lottemaa.ee\/#\/schema\/logo\/image\/"}}]}},"_links":{"self":[{"href":"https:\/\/lottemaa.ee\/lv\/wp-json\/wp\/v2\/pages\/10206","targetHints":{"allow":["GET"]}}],"collection":[{"href":"https:\/\/lottemaa.ee\/lv\/wp-json\/wp\/v2\/pages"}],"about":[{"href":"https:\/\/lottemaa.ee\/lv\/wp-json\/wp\/v2\/types\/page"}],"author":[{"embeddable":true,"href":"https:\/\/lottemaa.ee\/lv\/wp-json\/wp\/v2\/users\/7"}],"replies":[{"embeddable":true,"href":"https:\/\/lottemaa.ee\/lv\/wp-json\/wp\/v2\/comments?post=10206"}],"version-history":[{"count":5,"href":"https:\/\/lottemaa.ee\/lv\/wp-json\/wp\/v2\/pages\/10206\/revisions"}],"predecessor-version":[{"id":33008,"href":"https:\/\/lottemaa.ee\/lv\/wp-json\/wp\/v2\/pages\/10206\/revisions\/33008"}],"up":[{"embeddable":true,"href":"https:\/\/lottemaa.ee\/lv\/wp-json\/wp\/v2\/pages\/593"}],"wp:featuredmedia":[{"embeddable":true,"href":"https:\/\/lottemaa.ee\/lv\/wp-json\/wp\/v2\/media\/32996"}],"wp:attachment":[{"href":"https:\/\/lottemaa.ee\/lv\/wp-json\/wp\/v2\/media?parent=10206"}],"curies":[{"name":"wp","href":"https:\/\/api.w.org\/{rel}","templated":true}]}}