{"id":9601,"date":"2020-08-16T16:37:11","date_gmt":"2020-08-16T13:37:11","guid":{"rendered":"https:\/\/test.lottemaa.ee\/?page_id=9601"},"modified":"2024-03-26T13:34:24","modified_gmt":"2024-03-26T11:34:24","slug":"pelasta-planeettamme","status":"publish","type":"page","link":"https:\/\/lottemaa.ee\/fi\/paiva-lottemaassa\/keksinnot\/pelasta-planeettamme\/","title":{"rendered":"PELASTA PLANEETTAMME"},"content":{"rendered":"<p class=\"western\" style=\"text-align: left;\">SEB, airBaltic ja Lottemaan <strong>SUUREN KEKSIMISKILPAILUN 2020<\/strong> voittajaty\u00f6n <strong>PELASTA PLANEETTAMME<\/strong> -keksinn\u00f6n on tehnyt <strong>Emili Matju\u0161enko<\/strong> (11 v.).<\/p>\n<p class=\"western\" style=\"text-align: left;\">Puut ja pensaat ovat Keksij\u00e4kyl\u00e4ss\u00e4 suuressa arvossa, ja siksi Keksij\u00e4kyl\u00e4n asukkaat olivat kovasti innoissaan Emilin keksinn\u00f6st\u00e4. Jos jokin keksint\u00f6 tuottaa puiden siemeni\u00e4, se on todellakin ollut keksimisen arvoinen. Tohtori Ave tiet\u00e4\u00e4, ett\u00e4 koivusta saa niin koivunmahlaa kuin my\u00f6s koivunurpulaastareita. Eduard-karhusta taas on kiva ottaa torkut suuren pihlajan alla ja katsella kauniita unia, ja j\u00e4nikset pit\u00e4v\u00e4t omia t\u00e4rkeit\u00e4 kokouksiaan vanhan kastanjapuun latvassa. Puut ovat mahtavia.<\/p>\n","protected":false},"excerpt":{"rendered":"<p>SEB, airBaltic ja Lottemaan SUUREN KEKSIMISKILPAILUN 2020 voittajaty\u00f6n PELASTA PLANEETTAMME -keksinn\u00f6n on tehnyt Emili Matju\u0161enko (11 v.). Puut ja pensaat ovat Keksij\u00e4kyl\u00e4ss\u00e4 suuressa arvossa, ja siksi Keksij\u00e4kyl\u00e4n asukkaat olivat kovasti innoissaan Emilin keksinn\u00f6st\u00e4. Jos jokin keksint\u00f6 tuottaa puiden siemeni\u00e4, se on todellakin ollut keksimisen arvoinen. Tohtori Ave tiet\u00e4\u00e4, ett\u00e4 koivusta saa niin koivunmahlaa kuin my\u00f6s &hellip; <a href=\"https:\/\/lottemaa.ee\/fi\/paiva-lottemaassa\/keksinnot\/pelasta-planeettamme\/\">Continued<\/a><\/p>\n","protected":false},"author":7,"featured_media":25776,"parent":1250,"menu_order":483,"comment_status":"closed","ping_status":"closed","template":"","meta":{"_acf_changed":false,"om_disable_all_campaigns":false,"_uf_show_specific_survey":0,"_uf_disable_surveys":false,"footnotes":""},"class_list":["post-9601","page","type-page","status-publish","has-post-thumbnail","hentry"],"acf":[],"yoast_head":"<!-- This site is optimized with the Yoast SEO plugin v25.5 - https:\/\/yoast.com\/wordpress\/plugins\/seo\/ -->\n<title>PELASTA PLANEETTAMME | Lottemaa Teemapark<\/title>\n<meta name=\"description\" content=\"SEB, airBaltic ja Lottemaan SUUREN KEKSIMISKILPAILUN 2020 voittajaty\u00f6n PELASTA PLANEETTAMME -keksinn\u00f6n on tehnyt Emili Matju\u0161enko (11 v.).\" \/>\n<meta name=\"robots\" content=\"index, follow, max-snippet:-1, max-image-preview:large, max-video-preview:-1\" \/>\n<link rel=\"canonical\" href=\"https:\/\/lottemaa.ee\/fi\/paiva-lottemaassa\/keksinnot\/pelasta-planeettamme\/\" \/>\n<meta property=\"og:locale\" content=\"fi_FI\" \/>\n<meta property=\"og:type\" content=\"article\" \/>\n<meta property=\"og:title\" content=\"PELASTA PLANEETTAMME | Lottemaa Teemapark\" \/>\n<meta property=\"og:description\" content=\"SEB, airBaltic ja Lottemaan SUUREN KEKSIMISKILPAILUN 2020 voittajaty\u00f6n PELASTA PLANEETTAMME -keksinn\u00f6n on tehnyt Emili Matju\u0161enko (11 v.).\" \/>\n<meta property=\"og:url\" content=\"https:\/\/lottemaa.ee\/fi\/paiva-lottemaassa\/keksinnot\/pelasta-planeettamme\/\" \/>\n<meta property=\"og:site_name\" content=\"Lottemaa Teemapark\" \/>\n<meta property=\"article:modified_time\" content=\"2024-03-26T11:34:24+00:00\" \/>\n<meta property=\"og:image\" content=\"https:\/\/lottemaa.ee\/wp-content\/uploads\/2020\/08\/DSCN3500-1024x768.jpg\" \/>\n\t<meta property=\"og:image:width\" content=\"1024\" \/>\n\t<meta property=\"og:image:height\" content=\"768\" \/>\n\t<meta property=\"og:image:type\" content=\"image\/jpeg\" \/>\n<meta name=\"twitter:card\" content=\"summary_large_image\" \/>\n<meta name=\"twitter:label1\" content=\"Arvioitu lukuaika\" \/>\n\t<meta name=\"twitter:data1\" content=\"1 minuutti\" \/>\n<script type=\"application\/ld+json\" class=\"yoast-schema-graph\">{\"@context\":\"https:\/\/schema.org\",\"@graph\":[{\"@type\":\"WebPage\",\"@id\":\"https:\/\/lottemaa.ee\/fi\/paiva-lottemaassa\/keksinnot\/pelasta-planeettamme\/\",\"url\":\"https:\/\/lottemaa.ee\/fi\/paiva-lottemaassa\/keksinnot\/pelasta-planeettamme\/\",\"name\":\"PELASTA PLANEETTAMME | Lottemaa Teemapark\",\"isPartOf\":{\"@id\":\"https:\/\/lottemaa.ee\/#website\"},\"primaryImageOfPage\":{\"@id\":\"https:\/\/lottemaa.ee\/fi\/paiva-lottemaassa\/keksinnot\/pelasta-planeettamme\/#primaryimage\"},\"image\":{\"@id\":\"https:\/\/lottemaa.ee\/fi\/paiva-lottemaassa\/keksinnot\/pelasta-planeettamme\/#primaryimage\"},\"thumbnailUrl\":\"https:\/\/lottemaa.ee\/wp-content\/uploads\/2020\/08\/DSCN3500.jpg\",\"datePublished\":\"2020-08-16T13:37:11+00:00\",\"dateModified\":\"2024-03-26T11:34:24+00:00\",\"description\":\"SEB, airBaltic ja Lottemaan SUUREN KEKSIMISKILPAILUN 2020 voittajaty\u00f6n PELASTA PLANEETTAMME -keksinn\u00f6n on tehnyt Emili Matju\u0161enko (11 v.).\",\"breadcrumb\":{\"@id\":\"https:\/\/lottemaa.ee\/fi\/paiva-lottemaassa\/keksinnot\/pelasta-planeettamme\/#breadcrumb\"},\"inLanguage\":\"fi\",\"potentialAction\":[{\"@type\":\"ReadAction\",\"target\":[\"https:\/\/lottemaa.ee\/fi\/paiva-lottemaassa\/keksinnot\/pelasta-planeettamme\/\"]}]},{\"@type\":\"ImageObject\",\"inLanguage\":\"fi\",\"@id\":\"https:\/\/lottemaa.ee\/fi\/paiva-lottemaassa\/keksinnot\/pelasta-planeettamme\/#primaryimage\",\"url\":\"https:\/\/lottemaa.ee\/wp-content\/uploads\/2020\/08\/DSCN3500.jpg\",\"contentUrl\":\"https:\/\/lottemaa.ee\/wp-content\/uploads\/2020\/08\/DSCN3500.jpg\",\"width\":4608,\"height\":3456},{\"@type\":\"BreadcrumbList\",\"@id\":\"https:\/\/lottemaa.ee\/fi\/paiva-lottemaassa\/keksinnot\/pelasta-planeettamme\/#breadcrumb\",\"itemListElement\":[{\"@type\":\"ListItem\",\"position\":1,\"name\":\"Home\",\"item\":\"https:\/\/lottemaa.ee\/fi\/\"},{\"@type\":\"ListItem\",\"position\":2,\"name\":\"P\u00e4iv\u00e4 Lottemaassa\",\"item\":\"https:\/\/lottemaa.ee\/fi\/paiva-lottemaassa\/\"},{\"@type\":\"ListItem\",\"position\":3,\"name\":\"Keksinn\u00f6t\",\"item\":\"https:\/\/lottemaa.ee\/fi\/paiva-lottemaassa\/keksinnot\/\"},{\"@type\":\"ListItem\",\"position\":4,\"name\":\"PELASTA PLANEETTAMME\"}]},{\"@type\":\"WebSite\",\"@id\":\"https:\/\/lottemaa.ee\/#website\",\"url\":\"https:\/\/lottemaa.ee\/\",\"name\":\"Lottemaa Teemapark\",\"description\":\"Baltimaade suurim ja k\u00f5ige \u00e4gedam kogupere teemapark Eestis P\u00e4rnumaal\",\"publisher\":{\"@id\":\"https:\/\/lottemaa.ee\/#organization\"},\"potentialAction\":[{\"@type\":\"SearchAction\",\"target\":{\"@type\":\"EntryPoint\",\"urlTemplate\":\"https:\/\/lottemaa.ee\/?s={search_term_string}\"},\"query-input\":{\"@type\":\"PropertyValueSpecification\",\"valueRequired\":true,\"valueName\":\"search_term_string\"}}],\"inLanguage\":\"fi\"},{\"@type\":\"Organization\",\"@id\":\"https:\/\/lottemaa.ee\/#organization\",\"name\":\"Lottemaa Teemapark\",\"url\":\"https:\/\/lottemaa.ee\/\",\"logo\":{\"@type\":\"ImageObject\",\"inLanguage\":\"fi\",\"@id\":\"https:\/\/lottemaa.ee\/#\/schema\/logo\/image\/\",\"url\":\"https:\/\/lottemaa.ee\/wp-content\/uploads\/2018\/12\/Lottemaa_LOGO.png\",\"contentUrl\":\"https:\/\/lottemaa.ee\/wp-content\/uploads\/2018\/12\/Lottemaa_LOGO.png\",\"width\":1024,\"height\":518,\"caption\":\"Lottemaa Teemapark\"},\"image\":{\"@id\":\"https:\/\/lottemaa.ee\/#\/schema\/logo\/image\/\"}}]}<\/script>\n<!-- \/ Yoast SEO plugin. -->","yoast_head_json":{"title":"PELASTA PLANEETTAMME | Lottemaa Teemapark","description":"SEB, airBaltic ja Lottemaan SUUREN KEKSIMISKILPAILUN 2020 voittajaty\u00f6n PELASTA PLANEETTAMME -keksinn\u00f6n on tehnyt Emili Matju\u0161enko (11 v.).","robots":{"index":"index","follow":"follow","max-snippet":"max-snippet:-1","max-image-preview":"max-image-preview:large","max-video-preview":"max-video-preview:-1"},"canonical":"https:\/\/lottemaa.ee\/fi\/paiva-lottemaassa\/keksinnot\/pelasta-planeettamme\/","og_locale":"fi_FI","og_type":"article","og_title":"PELASTA PLANEETTAMME | Lottemaa Teemapark","og_description":"SEB, airBaltic ja Lottemaan SUUREN KEKSIMISKILPAILUN 2020 voittajaty\u00f6n PELASTA PLANEETTAMME -keksinn\u00f6n on tehnyt Emili Matju\u0161enko (11 v.).","og_url":"https:\/\/lottemaa.ee\/fi\/paiva-lottemaassa\/keksinnot\/pelasta-planeettamme\/","og_site_name":"Lottemaa Teemapark","article_modified_time":"2024-03-26T11:34:24+00:00","og_image":[{"width":1024,"height":768,"url":"https:\/\/lottemaa.ee\/wp-content\/uploads\/2020\/08\/DSCN3500-1024x768.jpg","type":"image\/jpeg"}],"twitter_card":"summary_large_image","twitter_misc":{"Arvioitu lukuaika":"1 minuutti"},"schema":{"@context":"https:\/\/schema.org","@graph":[{"@type":"WebPage","@id":"https:\/\/lottemaa.ee\/fi\/paiva-lottemaassa\/keksinnot\/pelasta-planeettamme\/","url":"https:\/\/lottemaa.ee\/fi\/paiva-lottemaassa\/keksinnot\/pelasta-planeettamme\/","name":"PELASTA PLANEETTAMME | Lottemaa Teemapark","isPartOf":{"@id":"https:\/\/lottemaa.ee\/#website"},"primaryImageOfPage":{"@id":"https:\/\/lottemaa.ee\/fi\/paiva-lottemaassa\/keksinnot\/pelasta-planeettamme\/#primaryimage"},"image":{"@id":"https:\/\/lottemaa.ee\/fi\/paiva-lottemaassa\/keksinnot\/pelasta-planeettamme\/#primaryimage"},"thumbnailUrl":"https:\/\/lottemaa.ee\/wp-content\/uploads\/2020\/08\/DSCN3500.jpg","datePublished":"2020-08-16T13:37:11+00:00","dateModified":"2024-03-26T11:34:24+00:00","description":"SEB, airBaltic ja Lottemaan SUUREN KEKSIMISKILPAILUN 2020 voittajaty\u00f6n PELASTA PLANEETTAMME -keksinn\u00f6n on tehnyt Emili Matju\u0161enko (11 v.).","breadcrumb":{"@id":"https:\/\/lottemaa.ee\/fi\/paiva-lottemaassa\/keksinnot\/pelasta-planeettamme\/#breadcrumb"},"inLanguage":"fi","potentialAction":[{"@type":"ReadAction","target":["https:\/\/lottemaa.ee\/fi\/paiva-lottemaassa\/keksinnot\/pelasta-planeettamme\/"]}]},{"@type":"ImageObject","inLanguage":"fi","@id":"https:\/\/lottemaa.ee\/fi\/paiva-lottemaassa\/keksinnot\/pelasta-planeettamme\/#primaryimage","url":"https:\/\/lottemaa.ee\/wp-content\/uploads\/2020\/08\/DSCN3500.jpg","contentUrl":"https:\/\/lottemaa.ee\/wp-content\/uploads\/2020\/08\/DSCN3500.jpg","width":4608,"height":3456},{"@type":"BreadcrumbList","@id":"https:\/\/lottemaa.ee\/fi\/paiva-lottemaassa\/keksinnot\/pelasta-planeettamme\/#breadcrumb","itemListElement":[{"@type":"ListItem","position":1,"name":"Home","item":"https:\/\/lottemaa.ee\/fi\/"},{"@type":"ListItem","position":2,"name":"P\u00e4iv\u00e4 Lottemaassa","item":"https:\/\/lottemaa.ee\/fi\/paiva-lottemaassa\/"},{"@type":"ListItem","position":3,"name":"Keksinn\u00f6t","item":"https:\/\/lottemaa.ee\/fi\/paiva-lottemaassa\/keksinnot\/"},{"@type":"ListItem","position":4,"name":"PELASTA PLANEETTAMME"}]},{"@type":"WebSite","@id":"https:\/\/lottemaa.ee\/#website","url":"https:\/\/lottemaa.ee\/","name":"Lottemaa Teemapark","description":"Baltimaade suurim ja k\u00f5ige \u00e4gedam kogupere teemapark Eestis P\u00e4rnumaal","publisher":{"@id":"https:\/\/lottemaa.ee\/#organization"},"potentialAction":[{"@type":"SearchAction","target":{"@type":"EntryPoint","urlTemplate":"https:\/\/lottemaa.ee\/?s={search_term_string}"},"query-input":{"@type":"PropertyValueSpecification","valueRequired":true,"valueName":"search_term_string"}}],"inLanguage":"fi"},{"@type":"Organization","@id":"https:\/\/lottemaa.ee\/#organization","name":"Lottemaa Teemapark","url":"https:\/\/lottemaa.ee\/","logo":{"@type":"ImageObject","inLanguage":"fi","@id":"https:\/\/lottemaa.ee\/#\/schema\/logo\/image\/","url":"https:\/\/lottemaa.ee\/wp-content\/uploads\/2018\/12\/Lottemaa_LOGO.png","contentUrl":"https:\/\/lottemaa.ee\/wp-content\/uploads\/2018\/12\/Lottemaa_LOGO.png","width":1024,"height":518,"caption":"Lottemaa Teemapark"},"image":{"@id":"https:\/\/lottemaa.ee\/#\/schema\/logo\/image\/"}}]}},"_links":{"self":[{"href":"https:\/\/lottemaa.ee\/fi\/wp-json\/wp\/v2\/pages\/9601","targetHints":{"allow":["GET"]}}],"collection":[{"href":"https:\/\/lottemaa.ee\/fi\/wp-json\/wp\/v2\/pages"}],"about":[{"href":"https:\/\/lottemaa.ee\/fi\/wp-json\/wp\/v2\/types\/page"}],"author":[{"embeddable":true,"href":"https:\/\/lottemaa.ee\/fi\/wp-json\/wp\/v2\/users\/7"}],"replies":[{"embeddable":true,"href":"https:\/\/lottemaa.ee\/fi\/wp-json\/wp\/v2\/comments?post=9601"}],"version-history":[{"count":4,"href":"https:\/\/lottemaa.ee\/fi\/wp-json\/wp\/v2\/pages\/9601\/revisions"}],"predecessor-version":[{"id":25809,"href":"https:\/\/lottemaa.ee\/fi\/wp-json\/wp\/v2\/pages\/9601\/revisions\/25809"}],"up":[{"embeddable":true,"href":"https:\/\/lottemaa.ee\/fi\/wp-json\/wp\/v2\/pages\/1250"}],"wp:featuredmedia":[{"embeddable":true,"href":"https:\/\/lottemaa.ee\/fi\/wp-json\/wp\/v2\/media\/25776"}],"wp:attachment":[{"href":"https:\/\/lottemaa.ee\/fi\/wp-json\/wp\/v2\/media?parent=9601"}],"curies":[{"name":"wp","href":"https:\/\/api.w.org\/{rel}","templated":true}]}}