{"id":9595,"date":"2020-08-16T16:30:09","date_gmt":"2020-08-16T13:30:09","guid":{"rendered":"https:\/\/test.lottemaa.ee\/?page_id=9595"},"modified":"2024-09-27T11:52:19","modified_gmt":"2024-09-27T08:52:19","slug":"riemumittari","status":"publish","type":"page","link":"https:\/\/lottemaa.ee\/fi\/paiva-lottemaassa\/keksinnot\/riemumittari\/","title":{"rendered":"RIEMUMITTARI"},"content":{"rendered":"<p style=\"text-align: left;\">SEB ja Lottemaan <strong>SUUREN KEKSIMISKILPAILUN 2019<\/strong> voittajaty\u00f6 <strong>RIEMUMITTARI<\/strong> on <strong>Eleonora<\/strong> (5 v.) ja <strong>Gustav Juhkamin<\/strong> (3 v.) keksint\u00f6.<\/p>\n<p style=\"text-align: left;\">No kukapa ei tahtoisi tiet\u00e4\u00e4, mill\u00e4 korkeudella oma riemutaso kulloinkin on. Keksij\u00e4kyl\u00e4ss\u00e4 ei tietenk\u00e4\u00e4n n\u00e4y nyrpeit\u00e4 naamoja, ja siksi keksint\u00f6 mittaa vain iloista, eritt\u00e4in iloista ja hyper-superiloista riemutasoa. Jos huomaat aamulla, ett\u00e4 sinun riemutasosi on vain iloisen ja eritt\u00e4in iloisen v\u00e4lill\u00e4, kannattaa pikaisesti vaihtaa pari hauskaa vitsi\u00e4 Loten kanssa tai k\u00e4yd\u00e4 katsomassa jotakin Adalbertin keksint\u00f6\u00e4. T\u00e4m\u00e4n j\u00e4lkeen on riemumittarin lukema varmasti tapissa.<\/p>\n","protected":false},"excerpt":{"rendered":"<p>SEB ja Lottemaan SUUREN KEKSIMISKILPAILUN 2019 voittajaty\u00f6 RIEMUMITTARI on Eleonora (5 v.) ja Gustav Juhkamin (3 v.) keksint\u00f6. No kukapa ei tahtoisi tiet\u00e4\u00e4, mill\u00e4 korkeudella oma riemutaso kulloinkin on. Keksij\u00e4kyl\u00e4ss\u00e4 ei tietenk\u00e4\u00e4n n\u00e4y nyrpeit\u00e4 naamoja, ja siksi keksint\u00f6 mittaa vain iloista, eritt\u00e4in iloista ja hyper-superiloista riemutasoa. Jos huomaat aamulla, ett\u00e4 sinun riemutasosi on vain iloisen &hellip; <a href=\"https:\/\/lottemaa.ee\/fi\/paiva-lottemaassa\/keksinnot\/riemumittari\/\">Continued<\/a><\/p>\n","protected":false},"author":7,"featured_media":13320,"parent":1250,"menu_order":459,"comment_status":"closed","ping_status":"closed","template":"","meta":{"_acf_changed":false,"om_disable_all_campaigns":false,"_uf_show_specific_survey":0,"_uf_disable_surveys":false,"footnotes":""},"class_list":["post-9595","page","type-page","status-publish","has-post-thumbnail","hentry"],"acf":[],"yoast_head":"<!-- This site is optimized with the Yoast SEO plugin v25.5 - https:\/\/yoast.com\/wordpress\/plugins\/seo\/ -->\n<title>RIEMUMITTARI | Lottemaa Teemapark<\/title>\n<meta name=\"description\" content=\"SEB ja Lottemaan SUUREN KEKSIMISKILPAILUN 2019 voittajaty\u00f6 RIEMUMITTARI on Eleonora (5 v.) ja Gustav Juhkamin (3 v.) keksint\u00f6.\" \/>\n<meta name=\"robots\" content=\"index, follow, max-snippet:-1, max-image-preview:large, max-video-preview:-1\" \/>\n<link rel=\"canonical\" href=\"https:\/\/lottemaa.ee\/fi\/paiva-lottemaassa\/keksinnot\/riemumittari\/\" \/>\n<meta property=\"og:locale\" content=\"fi_FI\" \/>\n<meta property=\"og:type\" content=\"article\" \/>\n<meta property=\"og:title\" content=\"RIEMUMITTARI | Lottemaa Teemapark\" \/>\n<meta property=\"og:description\" content=\"SEB ja Lottemaan SUUREN KEKSIMISKILPAILUN 2019 voittajaty\u00f6 RIEMUMITTARI on Eleonora (5 v.) ja Gustav Juhkamin (3 v.) keksint\u00f6.\" \/>\n<meta property=\"og:url\" content=\"https:\/\/lottemaa.ee\/fi\/paiva-lottemaassa\/keksinnot\/riemumittari\/\" \/>\n<meta property=\"og:site_name\" content=\"Lottemaa Teemapark\" \/>\n<meta property=\"article:modified_time\" content=\"2024-09-27T08:52:19+00:00\" \/>\n<meta property=\"og:image\" content=\"https:\/\/lottemaa.ee\/wp-content\/uploads\/2022\/04\/DSC_7049-scaled.jpg\" \/>\n\t<meta property=\"og:image:width\" content=\"2560\" \/>\n\t<meta property=\"og:image:height\" content=\"1696\" \/>\n\t<meta property=\"og:image:type\" content=\"image\/jpeg\" \/>\n<meta name=\"twitter:card\" content=\"summary_large_image\" \/>\n<meta name=\"twitter:label1\" content=\"Arvioitu lukuaika\" \/>\n\t<meta name=\"twitter:data1\" content=\"1 minuutti\" \/>\n<script type=\"application\/ld+json\" class=\"yoast-schema-graph\">{\"@context\":\"https:\/\/schema.org\",\"@graph\":[{\"@type\":\"WebPage\",\"@id\":\"https:\/\/lottemaa.ee\/fi\/paiva-lottemaassa\/keksinnot\/riemumittari\/\",\"url\":\"https:\/\/lottemaa.ee\/fi\/paiva-lottemaassa\/keksinnot\/riemumittari\/\",\"name\":\"RIEMUMITTARI | Lottemaa Teemapark\",\"isPartOf\":{\"@id\":\"https:\/\/lottemaa.ee\/#website\"},\"primaryImageOfPage\":{\"@id\":\"https:\/\/lottemaa.ee\/fi\/paiva-lottemaassa\/keksinnot\/riemumittari\/#primaryimage\"},\"image\":{\"@id\":\"https:\/\/lottemaa.ee\/fi\/paiva-lottemaassa\/keksinnot\/riemumittari\/#primaryimage\"},\"thumbnailUrl\":\"https:\/\/lottemaa.ee\/wp-content\/uploads\/2022\/04\/DSC_7049-scaled.jpg\",\"datePublished\":\"2020-08-16T13:30:09+00:00\",\"dateModified\":\"2024-09-27T08:52:19+00:00\",\"description\":\"SEB ja Lottemaan SUUREN KEKSIMISKILPAILUN 2019 voittajaty\u00f6 RIEMUMITTARI on Eleonora (5 v.) ja Gustav Juhkamin (3 v.) keksint\u00f6.\",\"breadcrumb\":{\"@id\":\"https:\/\/lottemaa.ee\/fi\/paiva-lottemaassa\/keksinnot\/riemumittari\/#breadcrumb\"},\"inLanguage\":\"fi\",\"potentialAction\":[{\"@type\":\"ReadAction\",\"target\":[\"https:\/\/lottemaa.ee\/fi\/paiva-lottemaassa\/keksinnot\/riemumittari\/\"]}]},{\"@type\":\"ImageObject\",\"inLanguage\":\"fi\",\"@id\":\"https:\/\/lottemaa.ee\/fi\/paiva-lottemaassa\/keksinnot\/riemumittari\/#primaryimage\",\"url\":\"https:\/\/lottemaa.ee\/wp-content\/uploads\/2022\/04\/DSC_7049-scaled.jpg\",\"contentUrl\":\"https:\/\/lottemaa.ee\/wp-content\/uploads\/2022\/04\/DSC_7049-scaled.jpg\",\"width\":2560,\"height\":1696},{\"@type\":\"BreadcrumbList\",\"@id\":\"https:\/\/lottemaa.ee\/fi\/paiva-lottemaassa\/keksinnot\/riemumittari\/#breadcrumb\",\"itemListElement\":[{\"@type\":\"ListItem\",\"position\":1,\"name\":\"Home\",\"item\":\"https:\/\/lottemaa.ee\/fi\/\"},{\"@type\":\"ListItem\",\"position\":2,\"name\":\"P\u00e4iv\u00e4 Lottemaassa\",\"item\":\"https:\/\/lottemaa.ee\/fi\/paiva-lottemaassa\/\"},{\"@type\":\"ListItem\",\"position\":3,\"name\":\"Keksinn\u00f6t\",\"item\":\"https:\/\/lottemaa.ee\/fi\/paiva-lottemaassa\/keksinnot\/\"},{\"@type\":\"ListItem\",\"position\":4,\"name\":\"RIEMUMITTARI\"}]},{\"@type\":\"WebSite\",\"@id\":\"https:\/\/lottemaa.ee\/#website\",\"url\":\"https:\/\/lottemaa.ee\/\",\"name\":\"Lottemaa Teemapark\",\"description\":\"Baltimaade suurim ja k\u00f5ige \u00e4gedam kogupere teemapark Eestis P\u00e4rnumaal\",\"publisher\":{\"@id\":\"https:\/\/lottemaa.ee\/#organization\"},\"potentialAction\":[{\"@type\":\"SearchAction\",\"target\":{\"@type\":\"EntryPoint\",\"urlTemplate\":\"https:\/\/lottemaa.ee\/?s={search_term_string}\"},\"query-input\":{\"@type\":\"PropertyValueSpecification\",\"valueRequired\":true,\"valueName\":\"search_term_string\"}}],\"inLanguage\":\"fi\"},{\"@type\":\"Organization\",\"@id\":\"https:\/\/lottemaa.ee\/#organization\",\"name\":\"Lottemaa Teemapark\",\"url\":\"https:\/\/lottemaa.ee\/\",\"logo\":{\"@type\":\"ImageObject\",\"inLanguage\":\"fi\",\"@id\":\"https:\/\/lottemaa.ee\/#\/schema\/logo\/image\/\",\"url\":\"https:\/\/lottemaa.ee\/wp-content\/uploads\/2018\/12\/Lottemaa_LOGO.png\",\"contentUrl\":\"https:\/\/lottemaa.ee\/wp-content\/uploads\/2018\/12\/Lottemaa_LOGO.png\",\"width\":1024,\"height\":518,\"caption\":\"Lottemaa Teemapark\"},\"image\":{\"@id\":\"https:\/\/lottemaa.ee\/#\/schema\/logo\/image\/\"}}]}<\/script>\n<!-- \/ Yoast SEO plugin. -->","yoast_head_json":{"title":"RIEMUMITTARI | Lottemaa Teemapark","description":"SEB ja Lottemaan SUUREN KEKSIMISKILPAILUN 2019 voittajaty\u00f6 RIEMUMITTARI on Eleonora (5 v.) ja Gustav Juhkamin (3 v.) keksint\u00f6.","robots":{"index":"index","follow":"follow","max-snippet":"max-snippet:-1","max-image-preview":"max-image-preview:large","max-video-preview":"max-video-preview:-1"},"canonical":"https:\/\/lottemaa.ee\/fi\/paiva-lottemaassa\/keksinnot\/riemumittari\/","og_locale":"fi_FI","og_type":"article","og_title":"RIEMUMITTARI | Lottemaa Teemapark","og_description":"SEB ja Lottemaan SUUREN KEKSIMISKILPAILUN 2019 voittajaty\u00f6 RIEMUMITTARI on Eleonora (5 v.) ja Gustav Juhkamin (3 v.) keksint\u00f6.","og_url":"https:\/\/lottemaa.ee\/fi\/paiva-lottemaassa\/keksinnot\/riemumittari\/","og_site_name":"Lottemaa Teemapark","article_modified_time":"2024-09-27T08:52:19+00:00","og_image":[{"width":2560,"height":1696,"url":"https:\/\/lottemaa.ee\/wp-content\/uploads\/2022\/04\/DSC_7049-scaled.jpg","type":"image\/jpeg"}],"twitter_card":"summary_large_image","twitter_misc":{"Arvioitu lukuaika":"1 minuutti"},"schema":{"@context":"https:\/\/schema.org","@graph":[{"@type":"WebPage","@id":"https:\/\/lottemaa.ee\/fi\/paiva-lottemaassa\/keksinnot\/riemumittari\/","url":"https:\/\/lottemaa.ee\/fi\/paiva-lottemaassa\/keksinnot\/riemumittari\/","name":"RIEMUMITTARI | Lottemaa Teemapark","isPartOf":{"@id":"https:\/\/lottemaa.ee\/#website"},"primaryImageOfPage":{"@id":"https:\/\/lottemaa.ee\/fi\/paiva-lottemaassa\/keksinnot\/riemumittari\/#primaryimage"},"image":{"@id":"https:\/\/lottemaa.ee\/fi\/paiva-lottemaassa\/keksinnot\/riemumittari\/#primaryimage"},"thumbnailUrl":"https:\/\/lottemaa.ee\/wp-content\/uploads\/2022\/04\/DSC_7049-scaled.jpg","datePublished":"2020-08-16T13:30:09+00:00","dateModified":"2024-09-27T08:52:19+00:00","description":"SEB ja Lottemaan SUUREN KEKSIMISKILPAILUN 2019 voittajaty\u00f6 RIEMUMITTARI on Eleonora (5 v.) ja Gustav Juhkamin (3 v.) keksint\u00f6.","breadcrumb":{"@id":"https:\/\/lottemaa.ee\/fi\/paiva-lottemaassa\/keksinnot\/riemumittari\/#breadcrumb"},"inLanguage":"fi","potentialAction":[{"@type":"ReadAction","target":["https:\/\/lottemaa.ee\/fi\/paiva-lottemaassa\/keksinnot\/riemumittari\/"]}]},{"@type":"ImageObject","inLanguage":"fi","@id":"https:\/\/lottemaa.ee\/fi\/paiva-lottemaassa\/keksinnot\/riemumittari\/#primaryimage","url":"https:\/\/lottemaa.ee\/wp-content\/uploads\/2022\/04\/DSC_7049-scaled.jpg","contentUrl":"https:\/\/lottemaa.ee\/wp-content\/uploads\/2022\/04\/DSC_7049-scaled.jpg","width":2560,"height":1696},{"@type":"BreadcrumbList","@id":"https:\/\/lottemaa.ee\/fi\/paiva-lottemaassa\/keksinnot\/riemumittari\/#breadcrumb","itemListElement":[{"@type":"ListItem","position":1,"name":"Home","item":"https:\/\/lottemaa.ee\/fi\/"},{"@type":"ListItem","position":2,"name":"P\u00e4iv\u00e4 Lottemaassa","item":"https:\/\/lottemaa.ee\/fi\/paiva-lottemaassa\/"},{"@type":"ListItem","position":3,"name":"Keksinn\u00f6t","item":"https:\/\/lottemaa.ee\/fi\/paiva-lottemaassa\/keksinnot\/"},{"@type":"ListItem","position":4,"name":"RIEMUMITTARI"}]},{"@type":"WebSite","@id":"https:\/\/lottemaa.ee\/#website","url":"https:\/\/lottemaa.ee\/","name":"Lottemaa Teemapark","description":"Baltimaade suurim ja k\u00f5ige \u00e4gedam kogupere teemapark Eestis P\u00e4rnumaal","publisher":{"@id":"https:\/\/lottemaa.ee\/#organization"},"potentialAction":[{"@type":"SearchAction","target":{"@type":"EntryPoint","urlTemplate":"https:\/\/lottemaa.ee\/?s={search_term_string}"},"query-input":{"@type":"PropertyValueSpecification","valueRequired":true,"valueName":"search_term_string"}}],"inLanguage":"fi"},{"@type":"Organization","@id":"https:\/\/lottemaa.ee\/#organization","name":"Lottemaa Teemapark","url":"https:\/\/lottemaa.ee\/","logo":{"@type":"ImageObject","inLanguage":"fi","@id":"https:\/\/lottemaa.ee\/#\/schema\/logo\/image\/","url":"https:\/\/lottemaa.ee\/wp-content\/uploads\/2018\/12\/Lottemaa_LOGO.png","contentUrl":"https:\/\/lottemaa.ee\/wp-content\/uploads\/2018\/12\/Lottemaa_LOGO.png","width":1024,"height":518,"caption":"Lottemaa Teemapark"},"image":{"@id":"https:\/\/lottemaa.ee\/#\/schema\/logo\/image\/"}}]}},"_links":{"self":[{"href":"https:\/\/lottemaa.ee\/fi\/wp-json\/wp\/v2\/pages\/9595","targetHints":{"allow":["GET"]}}],"collection":[{"href":"https:\/\/lottemaa.ee\/fi\/wp-json\/wp\/v2\/pages"}],"about":[{"href":"https:\/\/lottemaa.ee\/fi\/wp-json\/wp\/v2\/types\/page"}],"author":[{"embeddable":true,"href":"https:\/\/lottemaa.ee\/fi\/wp-json\/wp\/v2\/users\/7"}],"replies":[{"embeddable":true,"href":"https:\/\/lottemaa.ee\/fi\/wp-json\/wp\/v2\/comments?post=9595"}],"version-history":[{"count":4,"href":"https:\/\/lottemaa.ee\/fi\/wp-json\/wp\/v2\/pages\/9595\/revisions"}],"predecessor-version":[{"id":28636,"href":"https:\/\/lottemaa.ee\/fi\/wp-json\/wp\/v2\/pages\/9595\/revisions\/28636"}],"up":[{"embeddable":true,"href":"https:\/\/lottemaa.ee\/fi\/wp-json\/wp\/v2\/pages\/1250"}],"wp:featuredmedia":[{"embeddable":true,"href":"https:\/\/lottemaa.ee\/fi\/wp-json\/wp\/v2\/media\/13320"}],"wp:attachment":[{"href":"https:\/\/lottemaa.ee\/fi\/wp-json\/wp\/v2\/media?parent=9595"}],"curies":[{"name":"wp","href":"https:\/\/api.w.org\/{rel}","templated":true}]}}