{"id":9589,"date":"2020-08-16T16:12:07","date_gmt":"2020-08-16T13:12:07","guid":{"rendered":"https:\/\/test.lottemaa.ee\/?page_id=9589"},"modified":"2023-02-10T12:02:49","modified_gmt":"2023-02-10T10:02:49","slug":"karkkipaperin-avaaja","status":"publish","type":"page","link":"https:\/\/lottemaa.ee\/fi\/paiva-lottemaassa\/keksinnot\/karkkipaperin-avaaja\/","title":{"rendered":"KARKKIPAPERIN AVAAJA"},"content":{"rendered":"<p style=\"text-align: left;\">SEB ja Lottemaan <strong>SUUREN KEKSIMISKILPAILUN 2018<\/strong> voittajaty\u00f6 <strong>Emili<\/strong> ja <strong>Mattias K\u00f5onurmen<\/strong> <strong>KARKKIPAPERIN AVAAJA<\/strong>.<\/p>\n<p style=\"text-align: left;\">Koko Keksij\u00e4kyl\u00e4 oli riemuissaan siit\u00e4, ett\u00e4 Emili ja Mattias keksiv\u00e4t niin elint\u00e4rke\u00e4n keksinn\u00f6n. Ajattelepa, vain parilla liikkeell\u00e4 edess\u00e4si avautuu ihanan makea suupala, ja sinun teht\u00e4v\u00e4ksesi j\u00e4\u00e4 vain napata se ja pist\u00e4\u00e4 se suuhusi.<\/p>\n","protected":false},"excerpt":{"rendered":"<p>SEB ja Lottemaan SUUREN KEKSIMISKILPAILUN 2018 voittajaty\u00f6 Emili ja Mattias K\u00f5onurmen KARKKIPAPERIN AVAAJA. Koko Keksij\u00e4kyl\u00e4 oli riemuissaan siit\u00e4, ett\u00e4 Emili ja Mattias keksiv\u00e4t niin elint\u00e4rke\u00e4n keksinn\u00f6n. Ajattelepa, vain parilla liikkeell\u00e4 edess\u00e4si avautuu ihanan makea suupala, ja sinun teht\u00e4v\u00e4ksesi j\u00e4\u00e4 vain napata se ja pist\u00e4\u00e4 se suuhusi.<\/p>\n","protected":false},"author":7,"featured_media":9431,"parent":1250,"menu_order":462,"comment_status":"closed","ping_status":"closed","template":"","meta":{"_acf_changed":false,"om_disable_all_campaigns":false,"_uf_show_specific_survey":0,"_uf_disable_surveys":false,"footnotes":""},"class_list":["post-9589","page","type-page","status-publish","has-post-thumbnail","hentry"],"acf":[],"yoast_head":"<!-- This site is optimized with the Yoast SEO plugin v25.5 - https:\/\/yoast.com\/wordpress\/plugins\/seo\/ -->\n<title>KARKKIPAPERIN AVAAJA | Lottemaa Teemapark<\/title>\n<meta name=\"description\" content=\"SEB ja Lottemaan SUUREN KEKSIMISKILPAILUN 2018 voittajaty\u00f6 Emili ja Mattias K\u00f5onurmen KARKKIPAPERIN AVAAJA.\" \/>\n<meta name=\"robots\" content=\"index, follow, max-snippet:-1, max-image-preview:large, max-video-preview:-1\" \/>\n<link rel=\"canonical\" href=\"https:\/\/lottemaa.ee\/fi\/paiva-lottemaassa\/keksinnot\/karkkipaperin-avaaja\/\" \/>\n<meta property=\"og:locale\" content=\"fi_FI\" \/>\n<meta property=\"og:type\" content=\"article\" \/>\n<meta property=\"og:title\" content=\"KARKKIPAPERIN AVAAJA | Lottemaa Teemapark\" \/>\n<meta property=\"og:description\" content=\"SEB ja Lottemaan SUUREN KEKSIMISKILPAILUN 2018 voittajaty\u00f6 Emili ja Mattias K\u00f5onurmen KARKKIPAPERIN AVAAJA.\" \/>\n<meta property=\"og:url\" content=\"https:\/\/lottemaa.ee\/fi\/paiva-lottemaassa\/keksinnot\/karkkipaperin-avaaja\/\" \/>\n<meta property=\"og:site_name\" content=\"Lottemaa Teemapark\" \/>\n<meta property=\"article:modified_time\" content=\"2023-02-10T10:02:49+00:00\" \/>\n<meta property=\"og:image\" content=\"https:\/\/lottemaa.ee\/wp-content\/uploads\/2020\/08\/DSC_7636.jpg\" \/>\n\t<meta property=\"og:image:width\" content=\"4928\" \/>\n\t<meta property=\"og:image:height\" content=\"3264\" \/>\n\t<meta property=\"og:image:type\" content=\"image\/jpeg\" \/>\n<meta name=\"twitter:card\" content=\"summary_large_image\" \/>\n<meta name=\"twitter:label1\" content=\"Arvioitu lukuaika\" \/>\n\t<meta name=\"twitter:data1\" content=\"1 minuutti\" \/>\n<script type=\"application\/ld+json\" class=\"yoast-schema-graph\">{\"@context\":\"https:\/\/schema.org\",\"@graph\":[{\"@type\":\"WebPage\",\"@id\":\"https:\/\/lottemaa.ee\/fi\/paiva-lottemaassa\/keksinnot\/karkkipaperin-avaaja\/\",\"url\":\"https:\/\/lottemaa.ee\/fi\/paiva-lottemaassa\/keksinnot\/karkkipaperin-avaaja\/\",\"name\":\"KARKKIPAPERIN AVAAJA | Lottemaa Teemapark\",\"isPartOf\":{\"@id\":\"https:\/\/lottemaa.ee\/#website\"},\"primaryImageOfPage\":{\"@id\":\"https:\/\/lottemaa.ee\/fi\/paiva-lottemaassa\/keksinnot\/karkkipaperin-avaaja\/#primaryimage\"},\"image\":{\"@id\":\"https:\/\/lottemaa.ee\/fi\/paiva-lottemaassa\/keksinnot\/karkkipaperin-avaaja\/#primaryimage\"},\"thumbnailUrl\":\"https:\/\/lottemaa.ee\/wp-content\/uploads\/2020\/08\/DSC_7636.jpg\",\"datePublished\":\"2020-08-16T13:12:07+00:00\",\"dateModified\":\"2023-02-10T10:02:49+00:00\",\"description\":\"SEB ja Lottemaan SUUREN KEKSIMISKILPAILUN 2018 voittajaty\u00f6 Emili ja Mattias K\u00f5onurmen KARKKIPAPERIN AVAAJA.\",\"breadcrumb\":{\"@id\":\"https:\/\/lottemaa.ee\/fi\/paiva-lottemaassa\/keksinnot\/karkkipaperin-avaaja\/#breadcrumb\"},\"inLanguage\":\"fi\",\"potentialAction\":[{\"@type\":\"ReadAction\",\"target\":[\"https:\/\/lottemaa.ee\/fi\/paiva-lottemaassa\/keksinnot\/karkkipaperin-avaaja\/\"]}]},{\"@type\":\"ImageObject\",\"inLanguage\":\"fi\",\"@id\":\"https:\/\/lottemaa.ee\/fi\/paiva-lottemaassa\/keksinnot\/karkkipaperin-avaaja\/#primaryimage\",\"url\":\"https:\/\/lottemaa.ee\/wp-content\/uploads\/2020\/08\/DSC_7636.jpg\",\"contentUrl\":\"https:\/\/lottemaa.ee\/wp-content\/uploads\/2020\/08\/DSC_7636.jpg\",\"width\":4928,\"height\":3264},{\"@type\":\"BreadcrumbList\",\"@id\":\"https:\/\/lottemaa.ee\/fi\/paiva-lottemaassa\/keksinnot\/karkkipaperin-avaaja\/#breadcrumb\",\"itemListElement\":[{\"@type\":\"ListItem\",\"position\":1,\"name\":\"Home\",\"item\":\"https:\/\/lottemaa.ee\/fi\/\"},{\"@type\":\"ListItem\",\"position\":2,\"name\":\"P\u00e4iv\u00e4 Lottemaassa\",\"item\":\"https:\/\/lottemaa.ee\/fi\/paiva-lottemaassa\/\"},{\"@type\":\"ListItem\",\"position\":3,\"name\":\"Keksinn\u00f6t\",\"item\":\"https:\/\/lottemaa.ee\/fi\/paiva-lottemaassa\/keksinnot\/\"},{\"@type\":\"ListItem\",\"position\":4,\"name\":\"KARKKIPAPERIN AVAAJA\"}]},{\"@type\":\"WebSite\",\"@id\":\"https:\/\/lottemaa.ee\/#website\",\"url\":\"https:\/\/lottemaa.ee\/\",\"name\":\"Lottemaa Teemapark\",\"description\":\"Baltimaade suurim ja k\u00f5ige \u00e4gedam kogupere teemapark Eestis P\u00e4rnumaal\",\"publisher\":{\"@id\":\"https:\/\/lottemaa.ee\/#organization\"},\"potentialAction\":[{\"@type\":\"SearchAction\",\"target\":{\"@type\":\"EntryPoint\",\"urlTemplate\":\"https:\/\/lottemaa.ee\/?s={search_term_string}\"},\"query-input\":{\"@type\":\"PropertyValueSpecification\",\"valueRequired\":true,\"valueName\":\"search_term_string\"}}],\"inLanguage\":\"fi\"},{\"@type\":\"Organization\",\"@id\":\"https:\/\/lottemaa.ee\/#organization\",\"name\":\"Lottemaa Teemapark\",\"url\":\"https:\/\/lottemaa.ee\/\",\"logo\":{\"@type\":\"ImageObject\",\"inLanguage\":\"fi\",\"@id\":\"https:\/\/lottemaa.ee\/#\/schema\/logo\/image\/\",\"url\":\"https:\/\/lottemaa.ee\/wp-content\/uploads\/2018\/12\/Lottemaa_LOGO.png\",\"contentUrl\":\"https:\/\/lottemaa.ee\/wp-content\/uploads\/2018\/12\/Lottemaa_LOGO.png\",\"width\":1024,\"height\":518,\"caption\":\"Lottemaa Teemapark\"},\"image\":{\"@id\":\"https:\/\/lottemaa.ee\/#\/schema\/logo\/image\/\"}}]}<\/script>\n<!-- \/ Yoast SEO plugin. -->","yoast_head_json":{"title":"KARKKIPAPERIN AVAAJA | Lottemaa Teemapark","description":"SEB ja Lottemaan SUUREN KEKSIMISKILPAILUN 2018 voittajaty\u00f6 Emili ja Mattias K\u00f5onurmen KARKKIPAPERIN AVAAJA.","robots":{"index":"index","follow":"follow","max-snippet":"max-snippet:-1","max-image-preview":"max-image-preview:large","max-video-preview":"max-video-preview:-1"},"canonical":"https:\/\/lottemaa.ee\/fi\/paiva-lottemaassa\/keksinnot\/karkkipaperin-avaaja\/","og_locale":"fi_FI","og_type":"article","og_title":"KARKKIPAPERIN AVAAJA | Lottemaa Teemapark","og_description":"SEB ja Lottemaan SUUREN KEKSIMISKILPAILUN 2018 voittajaty\u00f6 Emili ja Mattias K\u00f5onurmen KARKKIPAPERIN AVAAJA.","og_url":"https:\/\/lottemaa.ee\/fi\/paiva-lottemaassa\/keksinnot\/karkkipaperin-avaaja\/","og_site_name":"Lottemaa Teemapark","article_modified_time":"2023-02-10T10:02:49+00:00","og_image":[{"width":4928,"height":3264,"url":"https:\/\/lottemaa.ee\/wp-content\/uploads\/2020\/08\/DSC_7636.jpg","type":"image\/jpeg"}],"twitter_card":"summary_large_image","twitter_misc":{"Arvioitu lukuaika":"1 minuutti"},"schema":{"@context":"https:\/\/schema.org","@graph":[{"@type":"WebPage","@id":"https:\/\/lottemaa.ee\/fi\/paiva-lottemaassa\/keksinnot\/karkkipaperin-avaaja\/","url":"https:\/\/lottemaa.ee\/fi\/paiva-lottemaassa\/keksinnot\/karkkipaperin-avaaja\/","name":"KARKKIPAPERIN AVAAJA | Lottemaa Teemapark","isPartOf":{"@id":"https:\/\/lottemaa.ee\/#website"},"primaryImageOfPage":{"@id":"https:\/\/lottemaa.ee\/fi\/paiva-lottemaassa\/keksinnot\/karkkipaperin-avaaja\/#primaryimage"},"image":{"@id":"https:\/\/lottemaa.ee\/fi\/paiva-lottemaassa\/keksinnot\/karkkipaperin-avaaja\/#primaryimage"},"thumbnailUrl":"https:\/\/lottemaa.ee\/wp-content\/uploads\/2020\/08\/DSC_7636.jpg","datePublished":"2020-08-16T13:12:07+00:00","dateModified":"2023-02-10T10:02:49+00:00","description":"SEB ja Lottemaan SUUREN KEKSIMISKILPAILUN 2018 voittajaty\u00f6 Emili ja Mattias K\u00f5onurmen KARKKIPAPERIN AVAAJA.","breadcrumb":{"@id":"https:\/\/lottemaa.ee\/fi\/paiva-lottemaassa\/keksinnot\/karkkipaperin-avaaja\/#breadcrumb"},"inLanguage":"fi","potentialAction":[{"@type":"ReadAction","target":["https:\/\/lottemaa.ee\/fi\/paiva-lottemaassa\/keksinnot\/karkkipaperin-avaaja\/"]}]},{"@type":"ImageObject","inLanguage":"fi","@id":"https:\/\/lottemaa.ee\/fi\/paiva-lottemaassa\/keksinnot\/karkkipaperin-avaaja\/#primaryimage","url":"https:\/\/lottemaa.ee\/wp-content\/uploads\/2020\/08\/DSC_7636.jpg","contentUrl":"https:\/\/lottemaa.ee\/wp-content\/uploads\/2020\/08\/DSC_7636.jpg","width":4928,"height":3264},{"@type":"BreadcrumbList","@id":"https:\/\/lottemaa.ee\/fi\/paiva-lottemaassa\/keksinnot\/karkkipaperin-avaaja\/#breadcrumb","itemListElement":[{"@type":"ListItem","position":1,"name":"Home","item":"https:\/\/lottemaa.ee\/fi\/"},{"@type":"ListItem","position":2,"name":"P\u00e4iv\u00e4 Lottemaassa","item":"https:\/\/lottemaa.ee\/fi\/paiva-lottemaassa\/"},{"@type":"ListItem","position":3,"name":"Keksinn\u00f6t","item":"https:\/\/lottemaa.ee\/fi\/paiva-lottemaassa\/keksinnot\/"},{"@type":"ListItem","position":4,"name":"KARKKIPAPERIN AVAAJA"}]},{"@type":"WebSite","@id":"https:\/\/lottemaa.ee\/#website","url":"https:\/\/lottemaa.ee\/","name":"Lottemaa Teemapark","description":"Baltimaade suurim ja k\u00f5ige \u00e4gedam kogupere teemapark Eestis P\u00e4rnumaal","publisher":{"@id":"https:\/\/lottemaa.ee\/#organization"},"potentialAction":[{"@type":"SearchAction","target":{"@type":"EntryPoint","urlTemplate":"https:\/\/lottemaa.ee\/?s={search_term_string}"},"query-input":{"@type":"PropertyValueSpecification","valueRequired":true,"valueName":"search_term_string"}}],"inLanguage":"fi"},{"@type":"Organization","@id":"https:\/\/lottemaa.ee\/#organization","name":"Lottemaa Teemapark","url":"https:\/\/lottemaa.ee\/","logo":{"@type":"ImageObject","inLanguage":"fi","@id":"https:\/\/lottemaa.ee\/#\/schema\/logo\/image\/","url":"https:\/\/lottemaa.ee\/wp-content\/uploads\/2018\/12\/Lottemaa_LOGO.png","contentUrl":"https:\/\/lottemaa.ee\/wp-content\/uploads\/2018\/12\/Lottemaa_LOGO.png","width":1024,"height":518,"caption":"Lottemaa Teemapark"},"image":{"@id":"https:\/\/lottemaa.ee\/#\/schema\/logo\/image\/"}}]}},"_links":{"self":[{"href":"https:\/\/lottemaa.ee\/fi\/wp-json\/wp\/v2\/pages\/9589","targetHints":{"allow":["GET"]}}],"collection":[{"href":"https:\/\/lottemaa.ee\/fi\/wp-json\/wp\/v2\/pages"}],"about":[{"href":"https:\/\/lottemaa.ee\/fi\/wp-json\/wp\/v2\/types\/page"}],"author":[{"embeddable":true,"href":"https:\/\/lottemaa.ee\/fi\/wp-json\/wp\/v2\/users\/7"}],"replies":[{"embeddable":true,"href":"https:\/\/lottemaa.ee\/fi\/wp-json\/wp\/v2\/comments?post=9589"}],"version-history":[{"count":2,"href":"https:\/\/lottemaa.ee\/fi\/wp-json\/wp\/v2\/pages\/9589\/revisions"}],"predecessor-version":[{"id":20442,"href":"https:\/\/lottemaa.ee\/fi\/wp-json\/wp\/v2\/pages\/9589\/revisions\/20442"}],"up":[{"embeddable":true,"href":"https:\/\/lottemaa.ee\/fi\/wp-json\/wp\/v2\/pages\/1250"}],"wp:featuredmedia":[{"embeddable":true,"href":"https:\/\/lottemaa.ee\/fi\/wp-json\/wp\/v2\/media\/9431"}],"wp:attachment":[{"href":"https:\/\/lottemaa.ee\/fi\/wp-json\/wp\/v2\/media?parent=9589"}],"curies":[{"name":"wp","href":"https:\/\/api.w.org\/{rel}","templated":true}]}}