{"id":9573,"date":"2020-08-16T12:30:48","date_gmt":"2020-08-16T09:30:48","guid":{"rendered":"https:\/\/test.lottemaa.ee\/?page_id=9573"},"modified":"2024-09-26T16:37:48","modified_gmt":"2024-09-26T13:37:48","slug":"myyrien-koti","status":"publish","type":"page","link":"https:\/\/lottemaa.ee\/fi\/paiva-lottemaassa\/talot-ja-toiminnot\/myyrien-koti\/","title":{"rendered":"MYYRIEN KOTI"},"content":{"rendered":"<p style=\"text-align: left;\">Keksij\u00e4kyl\u00e4ss\u00e4 asustavat totta kai my\u00f6s myyr\u00e4t John ja James. Koska myyr\u00e4t eiv\u00e4t kest\u00e4 p\u00e4iv\u00e4nvaloa, ne el\u00e4v\u00e4t h\u00e4m\u00e4r\u00e4ss\u00e4 maan alla. Kun taas toiset el\u00e4imet eiv\u00e4t tahdo touhuta maan alla, Oskar keksi sellaiset mainiot putket, joiden kautta voi katsella, miten myyrill\u00e4 menee. Adalbert k\u00e4y aina joka aamu rupattelemassa myyrien kanssa, ja myyr\u00e4t lukevat h\u00e4nelle sanomalehdest\u00e4 \u00e4\u00e4neen j\u00e4nnitt\u00e4vi\u00e4 juttuja.<\/p>\n","protected":false},"excerpt":{"rendered":"<p>Keksij\u00e4kyl\u00e4ss\u00e4 asustavat totta kai my\u00f6s myyr\u00e4t John ja James. Koska myyr\u00e4t eiv\u00e4t kest\u00e4 p\u00e4iv\u00e4nvaloa, ne el\u00e4v\u00e4t h\u00e4m\u00e4r\u00e4ss\u00e4 maan alla. Kun taas toiset el\u00e4imet eiv\u00e4t tahdo touhuta maan alla, Oskar keksi sellaiset mainiot putket, joiden kautta voi katsella, miten myyrill\u00e4 menee. Adalbert k\u00e4y aina joka aamu rupattelemassa myyrien kanssa, ja myyr\u00e4t lukevat h\u00e4nelle sanomalehdest\u00e4 \u00e4\u00e4neen j\u00e4nnitt\u00e4vi\u00e4 &hellip; <a href=\"https:\/\/lottemaa.ee\/fi\/paiva-lottemaassa\/talot-ja-toiminnot\/myyrien-koti\/\">Continued<\/a><\/p>\n","protected":false},"author":7,"featured_media":13140,"parent":1189,"menu_order":622,"comment_status":"closed","ping_status":"closed","template":"","meta":{"_acf_changed":false,"om_disable_all_campaigns":false,"_uf_show_specific_survey":0,"_uf_disable_surveys":false,"footnotes":""},"class_list":["post-9573","page","type-page","status-publish","has-post-thumbnail","hentry"],"acf":[],"yoast_head":"<!-- This site is optimized with the Yoast SEO plugin v25.5 - https:\/\/yoast.com\/wordpress\/plugins\/seo\/ -->\n<title>MYYRIEN KOTI | Lottemaa Teemapark<\/title>\n<meta name=\"description\" content=\"Keksij\u00e4kyl\u00e4ss\u00e4 asustavat totta kai my\u00f6s myyr\u00e4t John ja James. Koska myyr\u00e4t eiv\u00e4t kest\u00e4 p\u00e4iv\u00e4nvaloa, ne el\u00e4v\u00e4t h\u00e4m\u00e4r\u00e4ss\u00e4 maan alla.\" \/>\n<meta name=\"robots\" content=\"index, follow, max-snippet:-1, max-image-preview:large, max-video-preview:-1\" \/>\n<link rel=\"canonical\" href=\"https:\/\/lottemaa.ee\/fi\/paiva-lottemaassa\/talot-ja-toiminnot\/myyrien-koti\/\" \/>\n<meta property=\"og:locale\" content=\"fi_FI\" \/>\n<meta property=\"og:type\" content=\"article\" \/>\n<meta property=\"og:title\" content=\"MYYRIEN KOTI | Lottemaa Teemapark\" \/>\n<meta property=\"og:description\" content=\"Keksij\u00e4kyl\u00e4ss\u00e4 asustavat totta kai my\u00f6s myyr\u00e4t John ja James. Koska myyr\u00e4t eiv\u00e4t kest\u00e4 p\u00e4iv\u00e4nvaloa, ne el\u00e4v\u00e4t h\u00e4m\u00e4r\u00e4ss\u00e4 maan alla.\" \/>\n<meta property=\"og:url\" content=\"https:\/\/lottemaa.ee\/fi\/paiva-lottemaassa\/talot-ja-toiminnot\/myyrien-koti\/\" \/>\n<meta property=\"og:site_name\" content=\"Lottemaa Teemapark\" \/>\n<meta property=\"article:modified_time\" content=\"2024-09-26T13:37:48+00:00\" \/>\n<meta property=\"og:image\" content=\"https:\/\/lottemaa.ee\/wp-content\/uploads\/2022\/04\/DSC_6875-scaled.jpg\" \/>\n\t<meta property=\"og:image:width\" content=\"2560\" \/>\n\t<meta property=\"og:image:height\" content=\"1696\" \/>\n\t<meta property=\"og:image:type\" content=\"image\/jpeg\" \/>\n<meta name=\"twitter:card\" content=\"summary_large_image\" \/>\n<meta name=\"twitter:label1\" content=\"Arvioitu lukuaika\" \/>\n\t<meta name=\"twitter:data1\" content=\"1 minuutti\" \/>\n<script type=\"application\/ld+json\" class=\"yoast-schema-graph\">{\"@context\":\"https:\/\/schema.org\",\"@graph\":[{\"@type\":\"WebPage\",\"@id\":\"https:\/\/lottemaa.ee\/fi\/paiva-lottemaassa\/talot-ja-toiminnot\/myyrien-koti\/\",\"url\":\"https:\/\/lottemaa.ee\/fi\/paiva-lottemaassa\/talot-ja-toiminnot\/myyrien-koti\/\",\"name\":\"MYYRIEN KOTI | Lottemaa Teemapark\",\"isPartOf\":{\"@id\":\"https:\/\/lottemaa.ee\/#website\"},\"primaryImageOfPage\":{\"@id\":\"https:\/\/lottemaa.ee\/fi\/paiva-lottemaassa\/talot-ja-toiminnot\/myyrien-koti\/#primaryimage\"},\"image\":{\"@id\":\"https:\/\/lottemaa.ee\/fi\/paiva-lottemaassa\/talot-ja-toiminnot\/myyrien-koti\/#primaryimage\"},\"thumbnailUrl\":\"https:\/\/lottemaa.ee\/wp-content\/uploads\/2022\/04\/DSC_6875-scaled.jpg\",\"datePublished\":\"2020-08-16T09:30:48+00:00\",\"dateModified\":\"2024-09-26T13:37:48+00:00\",\"description\":\"Keksij\u00e4kyl\u00e4ss\u00e4 asustavat totta kai my\u00f6s myyr\u00e4t John ja James. Koska myyr\u00e4t eiv\u00e4t kest\u00e4 p\u00e4iv\u00e4nvaloa, ne el\u00e4v\u00e4t h\u00e4m\u00e4r\u00e4ss\u00e4 maan alla.\",\"breadcrumb\":{\"@id\":\"https:\/\/lottemaa.ee\/fi\/paiva-lottemaassa\/talot-ja-toiminnot\/myyrien-koti\/#breadcrumb\"},\"inLanguage\":\"fi\",\"potentialAction\":[{\"@type\":\"ReadAction\",\"target\":[\"https:\/\/lottemaa.ee\/fi\/paiva-lottemaassa\/talot-ja-toiminnot\/myyrien-koti\/\"]}]},{\"@type\":\"ImageObject\",\"inLanguage\":\"fi\",\"@id\":\"https:\/\/lottemaa.ee\/fi\/paiva-lottemaassa\/talot-ja-toiminnot\/myyrien-koti\/#primaryimage\",\"url\":\"https:\/\/lottemaa.ee\/wp-content\/uploads\/2022\/04\/DSC_6875-scaled.jpg\",\"contentUrl\":\"https:\/\/lottemaa.ee\/wp-content\/uploads\/2022\/04\/DSC_6875-scaled.jpg\",\"width\":2560,\"height\":1696},{\"@type\":\"BreadcrumbList\",\"@id\":\"https:\/\/lottemaa.ee\/fi\/paiva-lottemaassa\/talot-ja-toiminnot\/myyrien-koti\/#breadcrumb\",\"itemListElement\":[{\"@type\":\"ListItem\",\"position\":1,\"name\":\"Home\",\"item\":\"https:\/\/lottemaa.ee\/fi\/\"},{\"@type\":\"ListItem\",\"position\":2,\"name\":\"P\u00e4iv\u00e4 Lottemaassa\",\"item\":\"https:\/\/lottemaa.ee\/fi\/paiva-lottemaassa\/\"},{\"@type\":\"ListItem\",\"position\":3,\"name\":\"Talot ja toiminnot\",\"item\":\"https:\/\/lottemaa.ee\/fi\/paiva-lottemaassa\/talot-ja-toiminnot\/\"},{\"@type\":\"ListItem\",\"position\":4,\"name\":\"MYYRIEN KOTI\"}]},{\"@type\":\"WebSite\",\"@id\":\"https:\/\/lottemaa.ee\/#website\",\"url\":\"https:\/\/lottemaa.ee\/\",\"name\":\"Lottemaa Teemapark\",\"description\":\"Baltimaade suurim ja k\u00f5ige \u00e4gedam kogupere teemapark Eestis P\u00e4rnumaal\",\"publisher\":{\"@id\":\"https:\/\/lottemaa.ee\/#organization\"},\"potentialAction\":[{\"@type\":\"SearchAction\",\"target\":{\"@type\":\"EntryPoint\",\"urlTemplate\":\"https:\/\/lottemaa.ee\/?s={search_term_string}\"},\"query-input\":{\"@type\":\"PropertyValueSpecification\",\"valueRequired\":true,\"valueName\":\"search_term_string\"}}],\"inLanguage\":\"fi\"},{\"@type\":\"Organization\",\"@id\":\"https:\/\/lottemaa.ee\/#organization\",\"name\":\"Lottemaa Teemapark\",\"url\":\"https:\/\/lottemaa.ee\/\",\"logo\":{\"@type\":\"ImageObject\",\"inLanguage\":\"fi\",\"@id\":\"https:\/\/lottemaa.ee\/#\/schema\/logo\/image\/\",\"url\":\"https:\/\/lottemaa.ee\/wp-content\/uploads\/2018\/12\/Lottemaa_LOGO.png\",\"contentUrl\":\"https:\/\/lottemaa.ee\/wp-content\/uploads\/2018\/12\/Lottemaa_LOGO.png\",\"width\":1024,\"height\":518,\"caption\":\"Lottemaa Teemapark\"},\"image\":{\"@id\":\"https:\/\/lottemaa.ee\/#\/schema\/logo\/image\/\"}}]}<\/script>\n<!-- \/ Yoast SEO plugin. -->","yoast_head_json":{"title":"MYYRIEN KOTI | Lottemaa Teemapark","description":"Keksij\u00e4kyl\u00e4ss\u00e4 asustavat totta kai my\u00f6s myyr\u00e4t John ja James. Koska myyr\u00e4t eiv\u00e4t kest\u00e4 p\u00e4iv\u00e4nvaloa, ne el\u00e4v\u00e4t h\u00e4m\u00e4r\u00e4ss\u00e4 maan alla.","robots":{"index":"index","follow":"follow","max-snippet":"max-snippet:-1","max-image-preview":"max-image-preview:large","max-video-preview":"max-video-preview:-1"},"canonical":"https:\/\/lottemaa.ee\/fi\/paiva-lottemaassa\/talot-ja-toiminnot\/myyrien-koti\/","og_locale":"fi_FI","og_type":"article","og_title":"MYYRIEN KOTI | Lottemaa Teemapark","og_description":"Keksij\u00e4kyl\u00e4ss\u00e4 asustavat totta kai my\u00f6s myyr\u00e4t John ja James. Koska myyr\u00e4t eiv\u00e4t kest\u00e4 p\u00e4iv\u00e4nvaloa, ne el\u00e4v\u00e4t h\u00e4m\u00e4r\u00e4ss\u00e4 maan alla.","og_url":"https:\/\/lottemaa.ee\/fi\/paiva-lottemaassa\/talot-ja-toiminnot\/myyrien-koti\/","og_site_name":"Lottemaa Teemapark","article_modified_time":"2024-09-26T13:37:48+00:00","og_image":[{"width":2560,"height":1696,"url":"https:\/\/lottemaa.ee\/wp-content\/uploads\/2022\/04\/DSC_6875-scaled.jpg","type":"image\/jpeg"}],"twitter_card":"summary_large_image","twitter_misc":{"Arvioitu lukuaika":"1 minuutti"},"schema":{"@context":"https:\/\/schema.org","@graph":[{"@type":"WebPage","@id":"https:\/\/lottemaa.ee\/fi\/paiva-lottemaassa\/talot-ja-toiminnot\/myyrien-koti\/","url":"https:\/\/lottemaa.ee\/fi\/paiva-lottemaassa\/talot-ja-toiminnot\/myyrien-koti\/","name":"MYYRIEN KOTI | Lottemaa Teemapark","isPartOf":{"@id":"https:\/\/lottemaa.ee\/#website"},"primaryImageOfPage":{"@id":"https:\/\/lottemaa.ee\/fi\/paiva-lottemaassa\/talot-ja-toiminnot\/myyrien-koti\/#primaryimage"},"image":{"@id":"https:\/\/lottemaa.ee\/fi\/paiva-lottemaassa\/talot-ja-toiminnot\/myyrien-koti\/#primaryimage"},"thumbnailUrl":"https:\/\/lottemaa.ee\/wp-content\/uploads\/2022\/04\/DSC_6875-scaled.jpg","datePublished":"2020-08-16T09:30:48+00:00","dateModified":"2024-09-26T13:37:48+00:00","description":"Keksij\u00e4kyl\u00e4ss\u00e4 asustavat totta kai my\u00f6s myyr\u00e4t John ja James. Koska myyr\u00e4t eiv\u00e4t kest\u00e4 p\u00e4iv\u00e4nvaloa, ne el\u00e4v\u00e4t h\u00e4m\u00e4r\u00e4ss\u00e4 maan alla.","breadcrumb":{"@id":"https:\/\/lottemaa.ee\/fi\/paiva-lottemaassa\/talot-ja-toiminnot\/myyrien-koti\/#breadcrumb"},"inLanguage":"fi","potentialAction":[{"@type":"ReadAction","target":["https:\/\/lottemaa.ee\/fi\/paiva-lottemaassa\/talot-ja-toiminnot\/myyrien-koti\/"]}]},{"@type":"ImageObject","inLanguage":"fi","@id":"https:\/\/lottemaa.ee\/fi\/paiva-lottemaassa\/talot-ja-toiminnot\/myyrien-koti\/#primaryimage","url":"https:\/\/lottemaa.ee\/wp-content\/uploads\/2022\/04\/DSC_6875-scaled.jpg","contentUrl":"https:\/\/lottemaa.ee\/wp-content\/uploads\/2022\/04\/DSC_6875-scaled.jpg","width":2560,"height":1696},{"@type":"BreadcrumbList","@id":"https:\/\/lottemaa.ee\/fi\/paiva-lottemaassa\/talot-ja-toiminnot\/myyrien-koti\/#breadcrumb","itemListElement":[{"@type":"ListItem","position":1,"name":"Home","item":"https:\/\/lottemaa.ee\/fi\/"},{"@type":"ListItem","position":2,"name":"P\u00e4iv\u00e4 Lottemaassa","item":"https:\/\/lottemaa.ee\/fi\/paiva-lottemaassa\/"},{"@type":"ListItem","position":3,"name":"Talot ja toiminnot","item":"https:\/\/lottemaa.ee\/fi\/paiva-lottemaassa\/talot-ja-toiminnot\/"},{"@type":"ListItem","position":4,"name":"MYYRIEN KOTI"}]},{"@type":"WebSite","@id":"https:\/\/lottemaa.ee\/#website","url":"https:\/\/lottemaa.ee\/","name":"Lottemaa Teemapark","description":"Baltimaade suurim ja k\u00f5ige \u00e4gedam kogupere teemapark Eestis P\u00e4rnumaal","publisher":{"@id":"https:\/\/lottemaa.ee\/#organization"},"potentialAction":[{"@type":"SearchAction","target":{"@type":"EntryPoint","urlTemplate":"https:\/\/lottemaa.ee\/?s={search_term_string}"},"query-input":{"@type":"PropertyValueSpecification","valueRequired":true,"valueName":"search_term_string"}}],"inLanguage":"fi"},{"@type":"Organization","@id":"https:\/\/lottemaa.ee\/#organization","name":"Lottemaa Teemapark","url":"https:\/\/lottemaa.ee\/","logo":{"@type":"ImageObject","inLanguage":"fi","@id":"https:\/\/lottemaa.ee\/#\/schema\/logo\/image\/","url":"https:\/\/lottemaa.ee\/wp-content\/uploads\/2018\/12\/Lottemaa_LOGO.png","contentUrl":"https:\/\/lottemaa.ee\/wp-content\/uploads\/2018\/12\/Lottemaa_LOGO.png","width":1024,"height":518,"caption":"Lottemaa Teemapark"},"image":{"@id":"https:\/\/lottemaa.ee\/#\/schema\/logo\/image\/"}}]}},"_links":{"self":[{"href":"https:\/\/lottemaa.ee\/fi\/wp-json\/wp\/v2\/pages\/9573","targetHints":{"allow":["GET"]}}],"collection":[{"href":"https:\/\/lottemaa.ee\/fi\/wp-json\/wp\/v2\/pages"}],"about":[{"href":"https:\/\/lottemaa.ee\/fi\/wp-json\/wp\/v2\/types\/page"}],"author":[{"embeddable":true,"href":"https:\/\/lottemaa.ee\/fi\/wp-json\/wp\/v2\/users\/7"}],"replies":[{"embeddable":true,"href":"https:\/\/lottemaa.ee\/fi\/wp-json\/wp\/v2\/comments?post=9573"}],"version-history":[{"count":4,"href":"https:\/\/lottemaa.ee\/fi\/wp-json\/wp\/v2\/pages\/9573\/revisions"}],"predecessor-version":[{"id":28626,"href":"https:\/\/lottemaa.ee\/fi\/wp-json\/wp\/v2\/pages\/9573\/revisions\/28626"}],"up":[{"embeddable":true,"href":"https:\/\/lottemaa.ee\/fi\/wp-json\/wp\/v2\/pages\/1189"}],"wp:featuredmedia":[{"embeddable":true,"href":"https:\/\/lottemaa.ee\/fi\/wp-json\/wp\/v2\/media\/13140"}],"wp:attachment":[{"href":"https:\/\/lottemaa.ee\/fi\/wp-json\/wp\/v2\/media?parent=9573"}],"curies":[{"name":"wp","href":"https:\/\/api.w.org\/{rel}","templated":true}]}}