{"id":9567,"date":"2020-08-16T12:27:22","date_gmt":"2020-08-16T09:27:22","guid":{"rendered":"https:\/\/test.lottemaa.ee\/?page_id=9567"},"modified":"2024-09-26T16:34:59","modified_gmt":"2024-09-26T13:34:59","slug":"tohtori-aven-poliklinikka","status":"publish","type":"page","link":"https:\/\/lottemaa.ee\/fi\/paiva-lottemaassa\/talot-ja-toiminnot\/tohtori-aven-poliklinikka\/","title":{"rendered":"TOHTORI AVEN POLIKLINIKKA"},"content":{"rendered":"<p style=\"text-align: left;\">Tohtori Ave asuu poliklinikallaan, jotta voisi auttaa heti, kun potilas tulee. Poliklinikalla on kaikki tarpeellinen ja poliklinikan vieress\u00e4 on my\u00f6s j\u00e4\u00e4puikkokylmi\u00f6. Toisinaan kyl\u00e4n asukkaat pist\u00e4ytyv\u00e4t tohtori Aven poliklinikalle vain rupattelemaan Aven kanssa. Onhan tohtori Ave eritt\u00e4in viisas, ja viisaan j\u00e4niksen kanssa on kiintoisaa jutella. Tohtori Ave tiet\u00e4\u00e4 esimerkiksi, ett\u00e4 kiukkupussi on kuin kuhmu, josta on joskus kauheasti riesaa. Ave tiet\u00e4\u00e4, ett\u00e4 kiukkupussin p\u00e4\u00e4lle tulee vain panna koivunurpulaastari \u2013 ja kaikki on taas kunnossa.<\/p>\n","protected":false},"excerpt":{"rendered":"<p>Tohtori Ave asuu poliklinikallaan, jotta voisi auttaa heti, kun potilas tulee. Poliklinikalla on kaikki tarpeellinen ja poliklinikan vieress\u00e4 on my\u00f6s j\u00e4\u00e4puikkokylmi\u00f6. Toisinaan kyl\u00e4n asukkaat pist\u00e4ytyv\u00e4t tohtori Aven poliklinikalle vain rupattelemaan Aven kanssa. Onhan tohtori Ave eritt\u00e4in viisas, ja viisaan j\u00e4niksen kanssa on kiintoisaa jutella. Tohtori Ave tiet\u00e4\u00e4 esimerkiksi, ett\u00e4 kiukkupussi on kuin kuhmu, josta on &hellip; <a href=\"https:\/\/lottemaa.ee\/fi\/paiva-lottemaassa\/talot-ja-toiminnot\/tohtori-aven-poliklinikka\/\">Continued<\/a><\/p>\n","protected":false},"author":7,"featured_media":28437,"parent":1189,"menu_order":607,"comment_status":"closed","ping_status":"closed","template":"","meta":{"_acf_changed":false,"om_disable_all_campaigns":false,"_uf_show_specific_survey":0,"_uf_disable_surveys":false,"footnotes":""},"class_list":["post-9567","page","type-page","status-publish","has-post-thumbnail","hentry"],"acf":[],"yoast_head":"<!-- This site is optimized with the Yoast SEO plugin v25.5 - https:\/\/yoast.com\/wordpress\/plugins\/seo\/ -->\n<title>TOHTORI AVEN POLIKLINIKKA | Lottemaa Teemapark<\/title>\n<meta name=\"description\" content=\"Tohtori Ave asuu poliklinikallaan, jotta voisi auttaa heti, kun potilas tulee. Poliklinikalla on kaikki tarpeellinen ja poliklinikan vieress\u00e4 on my\u00f6s j\u00e4\u00e4puikkokylmi\u00f6.\" \/>\n<meta name=\"robots\" content=\"index, follow, max-snippet:-1, max-image-preview:large, max-video-preview:-1\" \/>\n<link rel=\"canonical\" href=\"https:\/\/lottemaa.ee\/fi\/paiva-lottemaassa\/talot-ja-toiminnot\/tohtori-aven-poliklinikka\/\" \/>\n<meta property=\"og:locale\" content=\"fi_FI\" \/>\n<meta property=\"og:type\" content=\"article\" \/>\n<meta property=\"og:title\" content=\"TOHTORI AVEN POLIKLINIKKA | Lottemaa Teemapark\" \/>\n<meta property=\"og:description\" content=\"Tohtori Ave asuu poliklinikallaan, jotta voisi auttaa heti, kun potilas tulee. Poliklinikalla on kaikki tarpeellinen ja poliklinikan vieress\u00e4 on my\u00f6s j\u00e4\u00e4puikkokylmi\u00f6.\" \/>\n<meta property=\"og:url\" content=\"https:\/\/lottemaa.ee\/fi\/paiva-lottemaassa\/talot-ja-toiminnot\/tohtori-aven-poliklinikka\/\" \/>\n<meta property=\"og:site_name\" content=\"Lottemaa Teemapark\" \/>\n<meta property=\"article:modified_time\" content=\"2024-09-26T13:34:59+00:00\" \/>\n<meta property=\"og:image\" content=\"https:\/\/lottemaa.ee\/wp-content\/uploads\/2024\/09\/DSC_6668-scaled.jpg\" \/>\n\t<meta property=\"og:image:width\" content=\"2560\" \/>\n\t<meta property=\"og:image:height\" content=\"1696\" \/>\n\t<meta property=\"og:image:type\" content=\"image\/jpeg\" \/>\n<meta name=\"twitter:card\" content=\"summary_large_image\" \/>\n<meta name=\"twitter:label1\" content=\"Arvioitu lukuaika\" \/>\n\t<meta name=\"twitter:data1\" content=\"1 minuutti\" \/>\n<script type=\"application\/ld+json\" class=\"yoast-schema-graph\">{\"@context\":\"https:\/\/schema.org\",\"@graph\":[{\"@type\":\"WebPage\",\"@id\":\"https:\/\/lottemaa.ee\/fi\/paiva-lottemaassa\/talot-ja-toiminnot\/tohtori-aven-poliklinikka\/\",\"url\":\"https:\/\/lottemaa.ee\/fi\/paiva-lottemaassa\/talot-ja-toiminnot\/tohtori-aven-poliklinikka\/\",\"name\":\"TOHTORI AVEN POLIKLINIKKA | Lottemaa Teemapark\",\"isPartOf\":{\"@id\":\"https:\/\/lottemaa.ee\/#website\"},\"primaryImageOfPage\":{\"@id\":\"https:\/\/lottemaa.ee\/fi\/paiva-lottemaassa\/talot-ja-toiminnot\/tohtori-aven-poliklinikka\/#primaryimage\"},\"image\":{\"@id\":\"https:\/\/lottemaa.ee\/fi\/paiva-lottemaassa\/talot-ja-toiminnot\/tohtori-aven-poliklinikka\/#primaryimage\"},\"thumbnailUrl\":\"https:\/\/lottemaa.ee\/wp-content\/uploads\/2024\/09\/DSC_6668-scaled.jpg\",\"datePublished\":\"2020-08-16T09:27:22+00:00\",\"dateModified\":\"2024-09-26T13:34:59+00:00\",\"description\":\"Tohtori Ave asuu poliklinikallaan, jotta voisi auttaa heti, kun potilas tulee. Poliklinikalla on kaikki tarpeellinen ja poliklinikan vieress\u00e4 on my\u00f6s j\u00e4\u00e4puikkokylmi\u00f6.\",\"breadcrumb\":{\"@id\":\"https:\/\/lottemaa.ee\/fi\/paiva-lottemaassa\/talot-ja-toiminnot\/tohtori-aven-poliklinikka\/#breadcrumb\"},\"inLanguage\":\"fi\",\"potentialAction\":[{\"@type\":\"ReadAction\",\"target\":[\"https:\/\/lottemaa.ee\/fi\/paiva-lottemaassa\/talot-ja-toiminnot\/tohtori-aven-poliklinikka\/\"]}]},{\"@type\":\"ImageObject\",\"inLanguage\":\"fi\",\"@id\":\"https:\/\/lottemaa.ee\/fi\/paiva-lottemaassa\/talot-ja-toiminnot\/tohtori-aven-poliklinikka\/#primaryimage\",\"url\":\"https:\/\/lottemaa.ee\/wp-content\/uploads\/2024\/09\/DSC_6668-scaled.jpg\",\"contentUrl\":\"https:\/\/lottemaa.ee\/wp-content\/uploads\/2024\/09\/DSC_6668-scaled.jpg\",\"width\":2560,\"height\":1696},{\"@type\":\"BreadcrumbList\",\"@id\":\"https:\/\/lottemaa.ee\/fi\/paiva-lottemaassa\/talot-ja-toiminnot\/tohtori-aven-poliklinikka\/#breadcrumb\",\"itemListElement\":[{\"@type\":\"ListItem\",\"position\":1,\"name\":\"Home\",\"item\":\"https:\/\/lottemaa.ee\/fi\/\"},{\"@type\":\"ListItem\",\"position\":2,\"name\":\"P\u00e4iv\u00e4 Lottemaassa\",\"item\":\"https:\/\/lottemaa.ee\/fi\/paiva-lottemaassa\/\"},{\"@type\":\"ListItem\",\"position\":3,\"name\":\"Talot ja toiminnot\",\"item\":\"https:\/\/lottemaa.ee\/fi\/paiva-lottemaassa\/talot-ja-toiminnot\/\"},{\"@type\":\"ListItem\",\"position\":4,\"name\":\"TOHTORI AVEN POLIKLINIKKA\"}]},{\"@type\":\"WebSite\",\"@id\":\"https:\/\/lottemaa.ee\/#website\",\"url\":\"https:\/\/lottemaa.ee\/\",\"name\":\"Lottemaa Teemapark\",\"description\":\"Baltimaade suurim ja k\u00f5ige \u00e4gedam kogupere teemapark Eestis P\u00e4rnumaal\",\"publisher\":{\"@id\":\"https:\/\/lottemaa.ee\/#organization\"},\"potentialAction\":[{\"@type\":\"SearchAction\",\"target\":{\"@type\":\"EntryPoint\",\"urlTemplate\":\"https:\/\/lottemaa.ee\/?s={search_term_string}\"},\"query-input\":{\"@type\":\"PropertyValueSpecification\",\"valueRequired\":true,\"valueName\":\"search_term_string\"}}],\"inLanguage\":\"fi\"},{\"@type\":\"Organization\",\"@id\":\"https:\/\/lottemaa.ee\/#organization\",\"name\":\"Lottemaa Teemapark\",\"url\":\"https:\/\/lottemaa.ee\/\",\"logo\":{\"@type\":\"ImageObject\",\"inLanguage\":\"fi\",\"@id\":\"https:\/\/lottemaa.ee\/#\/schema\/logo\/image\/\",\"url\":\"https:\/\/lottemaa.ee\/wp-content\/uploads\/2018\/12\/Lottemaa_LOGO.png\",\"contentUrl\":\"https:\/\/lottemaa.ee\/wp-content\/uploads\/2018\/12\/Lottemaa_LOGO.png\",\"width\":1024,\"height\":518,\"caption\":\"Lottemaa Teemapark\"},\"image\":{\"@id\":\"https:\/\/lottemaa.ee\/#\/schema\/logo\/image\/\"}}]}<\/script>\n<!-- \/ Yoast SEO plugin. -->","yoast_head_json":{"title":"TOHTORI AVEN POLIKLINIKKA | Lottemaa Teemapark","description":"Tohtori Ave asuu poliklinikallaan, jotta voisi auttaa heti, kun potilas tulee. Poliklinikalla on kaikki tarpeellinen ja poliklinikan vieress\u00e4 on my\u00f6s j\u00e4\u00e4puikkokylmi\u00f6.","robots":{"index":"index","follow":"follow","max-snippet":"max-snippet:-1","max-image-preview":"max-image-preview:large","max-video-preview":"max-video-preview:-1"},"canonical":"https:\/\/lottemaa.ee\/fi\/paiva-lottemaassa\/talot-ja-toiminnot\/tohtori-aven-poliklinikka\/","og_locale":"fi_FI","og_type":"article","og_title":"TOHTORI AVEN POLIKLINIKKA | Lottemaa Teemapark","og_description":"Tohtori Ave asuu poliklinikallaan, jotta voisi auttaa heti, kun potilas tulee. Poliklinikalla on kaikki tarpeellinen ja poliklinikan vieress\u00e4 on my\u00f6s j\u00e4\u00e4puikkokylmi\u00f6.","og_url":"https:\/\/lottemaa.ee\/fi\/paiva-lottemaassa\/talot-ja-toiminnot\/tohtori-aven-poliklinikka\/","og_site_name":"Lottemaa Teemapark","article_modified_time":"2024-09-26T13:34:59+00:00","og_image":[{"width":2560,"height":1696,"url":"https:\/\/lottemaa.ee\/wp-content\/uploads\/2024\/09\/DSC_6668-scaled.jpg","type":"image\/jpeg"}],"twitter_card":"summary_large_image","twitter_misc":{"Arvioitu lukuaika":"1 minuutti"},"schema":{"@context":"https:\/\/schema.org","@graph":[{"@type":"WebPage","@id":"https:\/\/lottemaa.ee\/fi\/paiva-lottemaassa\/talot-ja-toiminnot\/tohtori-aven-poliklinikka\/","url":"https:\/\/lottemaa.ee\/fi\/paiva-lottemaassa\/talot-ja-toiminnot\/tohtori-aven-poliklinikka\/","name":"TOHTORI AVEN POLIKLINIKKA | Lottemaa Teemapark","isPartOf":{"@id":"https:\/\/lottemaa.ee\/#website"},"primaryImageOfPage":{"@id":"https:\/\/lottemaa.ee\/fi\/paiva-lottemaassa\/talot-ja-toiminnot\/tohtori-aven-poliklinikka\/#primaryimage"},"image":{"@id":"https:\/\/lottemaa.ee\/fi\/paiva-lottemaassa\/talot-ja-toiminnot\/tohtori-aven-poliklinikka\/#primaryimage"},"thumbnailUrl":"https:\/\/lottemaa.ee\/wp-content\/uploads\/2024\/09\/DSC_6668-scaled.jpg","datePublished":"2020-08-16T09:27:22+00:00","dateModified":"2024-09-26T13:34:59+00:00","description":"Tohtori Ave asuu poliklinikallaan, jotta voisi auttaa heti, kun potilas tulee. Poliklinikalla on kaikki tarpeellinen ja poliklinikan vieress\u00e4 on my\u00f6s j\u00e4\u00e4puikkokylmi\u00f6.","breadcrumb":{"@id":"https:\/\/lottemaa.ee\/fi\/paiva-lottemaassa\/talot-ja-toiminnot\/tohtori-aven-poliklinikka\/#breadcrumb"},"inLanguage":"fi","potentialAction":[{"@type":"ReadAction","target":["https:\/\/lottemaa.ee\/fi\/paiva-lottemaassa\/talot-ja-toiminnot\/tohtori-aven-poliklinikka\/"]}]},{"@type":"ImageObject","inLanguage":"fi","@id":"https:\/\/lottemaa.ee\/fi\/paiva-lottemaassa\/talot-ja-toiminnot\/tohtori-aven-poliklinikka\/#primaryimage","url":"https:\/\/lottemaa.ee\/wp-content\/uploads\/2024\/09\/DSC_6668-scaled.jpg","contentUrl":"https:\/\/lottemaa.ee\/wp-content\/uploads\/2024\/09\/DSC_6668-scaled.jpg","width":2560,"height":1696},{"@type":"BreadcrumbList","@id":"https:\/\/lottemaa.ee\/fi\/paiva-lottemaassa\/talot-ja-toiminnot\/tohtori-aven-poliklinikka\/#breadcrumb","itemListElement":[{"@type":"ListItem","position":1,"name":"Home","item":"https:\/\/lottemaa.ee\/fi\/"},{"@type":"ListItem","position":2,"name":"P\u00e4iv\u00e4 Lottemaassa","item":"https:\/\/lottemaa.ee\/fi\/paiva-lottemaassa\/"},{"@type":"ListItem","position":3,"name":"Talot ja toiminnot","item":"https:\/\/lottemaa.ee\/fi\/paiva-lottemaassa\/talot-ja-toiminnot\/"},{"@type":"ListItem","position":4,"name":"TOHTORI AVEN POLIKLINIKKA"}]},{"@type":"WebSite","@id":"https:\/\/lottemaa.ee\/#website","url":"https:\/\/lottemaa.ee\/","name":"Lottemaa Teemapark","description":"Baltimaade suurim ja k\u00f5ige \u00e4gedam kogupere teemapark Eestis P\u00e4rnumaal","publisher":{"@id":"https:\/\/lottemaa.ee\/#organization"},"potentialAction":[{"@type":"SearchAction","target":{"@type":"EntryPoint","urlTemplate":"https:\/\/lottemaa.ee\/?s={search_term_string}"},"query-input":{"@type":"PropertyValueSpecification","valueRequired":true,"valueName":"search_term_string"}}],"inLanguage":"fi"},{"@type":"Organization","@id":"https:\/\/lottemaa.ee\/#organization","name":"Lottemaa Teemapark","url":"https:\/\/lottemaa.ee\/","logo":{"@type":"ImageObject","inLanguage":"fi","@id":"https:\/\/lottemaa.ee\/#\/schema\/logo\/image\/","url":"https:\/\/lottemaa.ee\/wp-content\/uploads\/2018\/12\/Lottemaa_LOGO.png","contentUrl":"https:\/\/lottemaa.ee\/wp-content\/uploads\/2018\/12\/Lottemaa_LOGO.png","width":1024,"height":518,"caption":"Lottemaa Teemapark"},"image":{"@id":"https:\/\/lottemaa.ee\/#\/schema\/logo\/image\/"}}]}},"_links":{"self":[{"href":"https:\/\/lottemaa.ee\/fi\/wp-json\/wp\/v2\/pages\/9567","targetHints":{"allow":["GET"]}}],"collection":[{"href":"https:\/\/lottemaa.ee\/fi\/wp-json\/wp\/v2\/pages"}],"about":[{"href":"https:\/\/lottemaa.ee\/fi\/wp-json\/wp\/v2\/types\/page"}],"author":[{"embeddable":true,"href":"https:\/\/lottemaa.ee\/fi\/wp-json\/wp\/v2\/users\/7"}],"replies":[{"embeddable":true,"href":"https:\/\/lottemaa.ee\/fi\/wp-json\/wp\/v2\/comments?post=9567"}],"version-history":[{"count":4,"href":"https:\/\/lottemaa.ee\/fi\/wp-json\/wp\/v2\/pages\/9567\/revisions"}],"predecessor-version":[{"id":28620,"href":"https:\/\/lottemaa.ee\/fi\/wp-json\/wp\/v2\/pages\/9567\/revisions\/28620"}],"up":[{"embeddable":true,"href":"https:\/\/lottemaa.ee\/fi\/wp-json\/wp\/v2\/pages\/1189"}],"wp:featuredmedia":[{"embeddable":true,"href":"https:\/\/lottemaa.ee\/fi\/wp-json\/wp\/v2\/media\/28437"}],"wp:attachment":[{"href":"https:\/\/lottemaa.ee\/fi\/wp-json\/wp\/v2\/media?parent=9567"}],"curies":[{"name":"wp","href":"https:\/\/api.w.org\/{rel}","templated":true}]}}