{"id":9561,"date":"2020-08-16T11:00:32","date_gmt":"2020-08-16T08:00:32","guid":{"rendered":"https:\/\/test.lottemaa.ee\/?page_id=9561"},"modified":"2024-09-27T11:53:06","modified_gmt":"2024-09-27T08:53:06","slug":"klausin-matkalaukku","status":"publish","type":"page","link":"https:\/\/lottemaa.ee\/fi\/paiva-lottemaassa\/keksinnot\/klausin-matkalaukku\/","title":{"rendered":"KLAUSIN MATKALAUKKU"},"content":{"rendered":"<p style=\"text-align: left;\">Vanha kulkukoira Klaus oli aikoinaan nuori ja vahva matkaaja, joka l\u00e4hti ensimm\u00e4iselle maailmanmatkalleen jo hyvin nuorena koirana. Klausin \u00e4idin silm\u00e4kulma kyll\u00e4 kostui pikkuisen, mutta Klausin is\u00e4 sanoi \u00e4idille, ett\u00e4 ei sit\u00e4 pelk\u00e4st\u00e4\u00e4n koulussa viisastuta, vaan my\u00f6s matkustellessa. Ja niin l\u00e4hti Klaus ensimm\u00e4iselle maailmanmatkalleen sinne, minne nen\u00e4 n\u00e4ytti, teki kierroksen ja palasi Keksij\u00e4kyl\u00e4\u00e4n. Klaus ymm\u00e4rsi, ett\u00e4 maailma ei ole litte\u00e4 kuin pannukakku vaan py\u00f6re\u00e4 kuin pallo. Kun Klaus kasvoi vanhemmaksi, h\u00e4n keksi itselleen oivan apuv\u00e4lineen \u2013 potkulaudan. Nyt Klaus-set\u00e4 kiertelee omalla potkulaudallaan, joka on h\u00e4nelle sek\u00e4 hyv\u00e4 yst\u00e4v\u00e4 ett\u00e4 liikkuva koti. Kun tulee y\u00f6 ja Klaus on reissuillaan, h\u00e4n vain pujahtaa matkalaukkuun nukkumaan. Kun autiomaassa on hiekkamyrsky, matkalaukku tarjoaa mukavan suojapaikan, ja kun taivas vihmoo vett\u00e4, my\u00f6s silloin on hyv\u00e4 loikoilla matkalaukussa.<\/p>\n","protected":false},"excerpt":{"rendered":"<p>Vanha kulkukoira Klaus oli aikoinaan nuori ja vahva matkaaja, joka l\u00e4hti ensimm\u00e4iselle maailmanmatkalleen jo hyvin nuorena koirana. Klausin \u00e4idin silm\u00e4kulma kyll\u00e4 kostui pikkuisen, mutta Klausin is\u00e4 sanoi \u00e4idille, ett\u00e4 ei sit\u00e4 pelk\u00e4st\u00e4\u00e4n koulussa viisastuta, vaan my\u00f6s matkustellessa. Ja niin l\u00e4hti Klaus ensimm\u00e4iselle maailmanmatkalleen sinne, minne nen\u00e4 n\u00e4ytti, teki kierroksen ja palasi Keksij\u00e4kyl\u00e4\u00e4n. Klaus ymm\u00e4rsi, ett\u00e4 &hellip; <a href=\"https:\/\/lottemaa.ee\/fi\/paiva-lottemaassa\/keksinnot\/klausin-matkalaukku\/\">Continued<\/a><\/p>\n","protected":false},"author":7,"featured_media":13290,"parent":1250,"menu_order":553,"comment_status":"closed","ping_status":"closed","template":"","meta":{"_acf_changed":false,"om_disable_all_campaigns":false,"_uf_show_specific_survey":0,"_uf_disable_surveys":false,"footnotes":""},"class_list":["post-9561","page","type-page","status-publish","has-post-thumbnail","hentry"],"acf":[],"yoast_head":"<!-- This site is optimized with the Yoast SEO plugin v25.5 - https:\/\/yoast.com\/wordpress\/plugins\/seo\/ -->\n<title>KLAUSIN MATKALAUKKU | Lottemaa Teemapark<\/title>\n<meta name=\"description\" content=\"Vanha kulkukoira Klaus oli aikoinaan nuori ja vahva matkaaja, joka l\u00e4hti ensimm\u00e4iselle maailmanmatkalleen jo hyvin nuorena koirana.\" \/>\n<meta name=\"robots\" content=\"index, follow, max-snippet:-1, max-image-preview:large, max-video-preview:-1\" \/>\n<link rel=\"canonical\" href=\"https:\/\/lottemaa.ee\/fi\/paiva-lottemaassa\/keksinnot\/klausin-matkalaukku\/\" \/>\n<meta property=\"og:locale\" content=\"fi_FI\" \/>\n<meta property=\"og:type\" content=\"article\" \/>\n<meta property=\"og:title\" content=\"KLAUSIN MATKALAUKKU | Lottemaa Teemapark\" \/>\n<meta property=\"og:description\" content=\"Vanha kulkukoira Klaus oli aikoinaan nuori ja vahva matkaaja, joka l\u00e4hti ensimm\u00e4iselle maailmanmatkalleen jo hyvin nuorena koirana.\" \/>\n<meta property=\"og:url\" content=\"https:\/\/lottemaa.ee\/fi\/paiva-lottemaassa\/keksinnot\/klausin-matkalaukku\/\" \/>\n<meta property=\"og:site_name\" content=\"Lottemaa Teemapark\" \/>\n<meta property=\"article:modified_time\" content=\"2024-09-27T08:53:06+00:00\" \/>\n<meta property=\"og:image\" content=\"https:\/\/lottemaa.ee\/wp-content\/uploads\/2022\/04\/DSC_7032-scaled.jpg\" \/>\n\t<meta property=\"og:image:width\" content=\"2560\" \/>\n\t<meta property=\"og:image:height\" content=\"1696\" \/>\n\t<meta property=\"og:image:type\" content=\"image\/jpeg\" \/>\n<meta name=\"twitter:card\" content=\"summary_large_image\" \/>\n<meta name=\"twitter:label1\" content=\"Arvioitu lukuaika\" \/>\n\t<meta name=\"twitter:data1\" content=\"1 minuutti\" \/>\n<script type=\"application\/ld+json\" class=\"yoast-schema-graph\">{\"@context\":\"https:\/\/schema.org\",\"@graph\":[{\"@type\":\"WebPage\",\"@id\":\"https:\/\/lottemaa.ee\/fi\/paiva-lottemaassa\/keksinnot\/klausin-matkalaukku\/\",\"url\":\"https:\/\/lottemaa.ee\/fi\/paiva-lottemaassa\/keksinnot\/klausin-matkalaukku\/\",\"name\":\"KLAUSIN MATKALAUKKU | Lottemaa Teemapark\",\"isPartOf\":{\"@id\":\"https:\/\/lottemaa.ee\/#website\"},\"primaryImageOfPage\":{\"@id\":\"https:\/\/lottemaa.ee\/fi\/paiva-lottemaassa\/keksinnot\/klausin-matkalaukku\/#primaryimage\"},\"image\":{\"@id\":\"https:\/\/lottemaa.ee\/fi\/paiva-lottemaassa\/keksinnot\/klausin-matkalaukku\/#primaryimage\"},\"thumbnailUrl\":\"https:\/\/lottemaa.ee\/wp-content\/uploads\/2022\/04\/DSC_7032-scaled.jpg\",\"datePublished\":\"2020-08-16T08:00:32+00:00\",\"dateModified\":\"2024-09-27T08:53:06+00:00\",\"description\":\"Vanha kulkukoira Klaus oli aikoinaan nuori ja vahva matkaaja, joka l\u00e4hti ensimm\u00e4iselle maailmanmatkalleen jo hyvin nuorena koirana.\",\"breadcrumb\":{\"@id\":\"https:\/\/lottemaa.ee\/fi\/paiva-lottemaassa\/keksinnot\/klausin-matkalaukku\/#breadcrumb\"},\"inLanguage\":\"fi\",\"potentialAction\":[{\"@type\":\"ReadAction\",\"target\":[\"https:\/\/lottemaa.ee\/fi\/paiva-lottemaassa\/keksinnot\/klausin-matkalaukku\/\"]}]},{\"@type\":\"ImageObject\",\"inLanguage\":\"fi\",\"@id\":\"https:\/\/lottemaa.ee\/fi\/paiva-lottemaassa\/keksinnot\/klausin-matkalaukku\/#primaryimage\",\"url\":\"https:\/\/lottemaa.ee\/wp-content\/uploads\/2022\/04\/DSC_7032-scaled.jpg\",\"contentUrl\":\"https:\/\/lottemaa.ee\/wp-content\/uploads\/2022\/04\/DSC_7032-scaled.jpg\",\"width\":2560,\"height\":1696},{\"@type\":\"BreadcrumbList\",\"@id\":\"https:\/\/lottemaa.ee\/fi\/paiva-lottemaassa\/keksinnot\/klausin-matkalaukku\/#breadcrumb\",\"itemListElement\":[{\"@type\":\"ListItem\",\"position\":1,\"name\":\"Home\",\"item\":\"https:\/\/lottemaa.ee\/fi\/\"},{\"@type\":\"ListItem\",\"position\":2,\"name\":\"P\u00e4iv\u00e4 Lottemaassa\",\"item\":\"https:\/\/lottemaa.ee\/fi\/paiva-lottemaassa\/\"},{\"@type\":\"ListItem\",\"position\":3,\"name\":\"Keksinn\u00f6t\",\"item\":\"https:\/\/lottemaa.ee\/fi\/paiva-lottemaassa\/keksinnot\/\"},{\"@type\":\"ListItem\",\"position\":4,\"name\":\"KLAUSIN MATKALAUKKU\"}]},{\"@type\":\"WebSite\",\"@id\":\"https:\/\/lottemaa.ee\/#website\",\"url\":\"https:\/\/lottemaa.ee\/\",\"name\":\"Lottemaa Teemapark\",\"description\":\"Baltimaade suurim ja k\u00f5ige \u00e4gedam kogupere teemapark Eestis P\u00e4rnumaal\",\"publisher\":{\"@id\":\"https:\/\/lottemaa.ee\/#organization\"},\"potentialAction\":[{\"@type\":\"SearchAction\",\"target\":{\"@type\":\"EntryPoint\",\"urlTemplate\":\"https:\/\/lottemaa.ee\/?s={search_term_string}\"},\"query-input\":{\"@type\":\"PropertyValueSpecification\",\"valueRequired\":true,\"valueName\":\"search_term_string\"}}],\"inLanguage\":\"fi\"},{\"@type\":\"Organization\",\"@id\":\"https:\/\/lottemaa.ee\/#organization\",\"name\":\"Lottemaa Teemapark\",\"url\":\"https:\/\/lottemaa.ee\/\",\"logo\":{\"@type\":\"ImageObject\",\"inLanguage\":\"fi\",\"@id\":\"https:\/\/lottemaa.ee\/#\/schema\/logo\/image\/\",\"url\":\"https:\/\/lottemaa.ee\/wp-content\/uploads\/2018\/12\/Lottemaa_LOGO.png\",\"contentUrl\":\"https:\/\/lottemaa.ee\/wp-content\/uploads\/2018\/12\/Lottemaa_LOGO.png\",\"width\":1024,\"height\":518,\"caption\":\"Lottemaa Teemapark\"},\"image\":{\"@id\":\"https:\/\/lottemaa.ee\/#\/schema\/logo\/image\/\"}}]}<\/script>\n<!-- \/ Yoast SEO plugin. -->","yoast_head_json":{"title":"KLAUSIN MATKALAUKKU | Lottemaa Teemapark","description":"Vanha kulkukoira Klaus oli aikoinaan nuori ja vahva matkaaja, joka l\u00e4hti ensimm\u00e4iselle maailmanmatkalleen jo hyvin nuorena koirana.","robots":{"index":"index","follow":"follow","max-snippet":"max-snippet:-1","max-image-preview":"max-image-preview:large","max-video-preview":"max-video-preview:-1"},"canonical":"https:\/\/lottemaa.ee\/fi\/paiva-lottemaassa\/keksinnot\/klausin-matkalaukku\/","og_locale":"fi_FI","og_type":"article","og_title":"KLAUSIN MATKALAUKKU | Lottemaa Teemapark","og_description":"Vanha kulkukoira Klaus oli aikoinaan nuori ja vahva matkaaja, joka l\u00e4hti ensimm\u00e4iselle maailmanmatkalleen jo hyvin nuorena koirana.","og_url":"https:\/\/lottemaa.ee\/fi\/paiva-lottemaassa\/keksinnot\/klausin-matkalaukku\/","og_site_name":"Lottemaa Teemapark","article_modified_time":"2024-09-27T08:53:06+00:00","og_image":[{"width":2560,"height":1696,"url":"https:\/\/lottemaa.ee\/wp-content\/uploads\/2022\/04\/DSC_7032-scaled.jpg","type":"image\/jpeg"}],"twitter_card":"summary_large_image","twitter_misc":{"Arvioitu lukuaika":"1 minuutti"},"schema":{"@context":"https:\/\/schema.org","@graph":[{"@type":"WebPage","@id":"https:\/\/lottemaa.ee\/fi\/paiva-lottemaassa\/keksinnot\/klausin-matkalaukku\/","url":"https:\/\/lottemaa.ee\/fi\/paiva-lottemaassa\/keksinnot\/klausin-matkalaukku\/","name":"KLAUSIN MATKALAUKKU | Lottemaa Teemapark","isPartOf":{"@id":"https:\/\/lottemaa.ee\/#website"},"primaryImageOfPage":{"@id":"https:\/\/lottemaa.ee\/fi\/paiva-lottemaassa\/keksinnot\/klausin-matkalaukku\/#primaryimage"},"image":{"@id":"https:\/\/lottemaa.ee\/fi\/paiva-lottemaassa\/keksinnot\/klausin-matkalaukku\/#primaryimage"},"thumbnailUrl":"https:\/\/lottemaa.ee\/wp-content\/uploads\/2022\/04\/DSC_7032-scaled.jpg","datePublished":"2020-08-16T08:00:32+00:00","dateModified":"2024-09-27T08:53:06+00:00","description":"Vanha kulkukoira Klaus oli aikoinaan nuori ja vahva matkaaja, joka l\u00e4hti ensimm\u00e4iselle maailmanmatkalleen jo hyvin nuorena koirana.","breadcrumb":{"@id":"https:\/\/lottemaa.ee\/fi\/paiva-lottemaassa\/keksinnot\/klausin-matkalaukku\/#breadcrumb"},"inLanguage":"fi","potentialAction":[{"@type":"ReadAction","target":["https:\/\/lottemaa.ee\/fi\/paiva-lottemaassa\/keksinnot\/klausin-matkalaukku\/"]}]},{"@type":"ImageObject","inLanguage":"fi","@id":"https:\/\/lottemaa.ee\/fi\/paiva-lottemaassa\/keksinnot\/klausin-matkalaukku\/#primaryimage","url":"https:\/\/lottemaa.ee\/wp-content\/uploads\/2022\/04\/DSC_7032-scaled.jpg","contentUrl":"https:\/\/lottemaa.ee\/wp-content\/uploads\/2022\/04\/DSC_7032-scaled.jpg","width":2560,"height":1696},{"@type":"BreadcrumbList","@id":"https:\/\/lottemaa.ee\/fi\/paiva-lottemaassa\/keksinnot\/klausin-matkalaukku\/#breadcrumb","itemListElement":[{"@type":"ListItem","position":1,"name":"Home","item":"https:\/\/lottemaa.ee\/fi\/"},{"@type":"ListItem","position":2,"name":"P\u00e4iv\u00e4 Lottemaassa","item":"https:\/\/lottemaa.ee\/fi\/paiva-lottemaassa\/"},{"@type":"ListItem","position":3,"name":"Keksinn\u00f6t","item":"https:\/\/lottemaa.ee\/fi\/paiva-lottemaassa\/keksinnot\/"},{"@type":"ListItem","position":4,"name":"KLAUSIN MATKALAUKKU"}]},{"@type":"WebSite","@id":"https:\/\/lottemaa.ee\/#website","url":"https:\/\/lottemaa.ee\/","name":"Lottemaa Teemapark","description":"Baltimaade suurim ja k\u00f5ige \u00e4gedam kogupere teemapark Eestis P\u00e4rnumaal","publisher":{"@id":"https:\/\/lottemaa.ee\/#organization"},"potentialAction":[{"@type":"SearchAction","target":{"@type":"EntryPoint","urlTemplate":"https:\/\/lottemaa.ee\/?s={search_term_string}"},"query-input":{"@type":"PropertyValueSpecification","valueRequired":true,"valueName":"search_term_string"}}],"inLanguage":"fi"},{"@type":"Organization","@id":"https:\/\/lottemaa.ee\/#organization","name":"Lottemaa Teemapark","url":"https:\/\/lottemaa.ee\/","logo":{"@type":"ImageObject","inLanguage":"fi","@id":"https:\/\/lottemaa.ee\/#\/schema\/logo\/image\/","url":"https:\/\/lottemaa.ee\/wp-content\/uploads\/2018\/12\/Lottemaa_LOGO.png","contentUrl":"https:\/\/lottemaa.ee\/wp-content\/uploads\/2018\/12\/Lottemaa_LOGO.png","width":1024,"height":518,"caption":"Lottemaa Teemapark"},"image":{"@id":"https:\/\/lottemaa.ee\/#\/schema\/logo\/image\/"}}]}},"_links":{"self":[{"href":"https:\/\/lottemaa.ee\/fi\/wp-json\/wp\/v2\/pages\/9561","targetHints":{"allow":["GET"]}}],"collection":[{"href":"https:\/\/lottemaa.ee\/fi\/wp-json\/wp\/v2\/pages"}],"about":[{"href":"https:\/\/lottemaa.ee\/fi\/wp-json\/wp\/v2\/types\/page"}],"author":[{"embeddable":true,"href":"https:\/\/lottemaa.ee\/fi\/wp-json\/wp\/v2\/users\/7"}],"replies":[{"embeddable":true,"href":"https:\/\/lottemaa.ee\/fi\/wp-json\/wp\/v2\/comments?post=9561"}],"version-history":[{"count":3,"href":"https:\/\/lottemaa.ee\/fi\/wp-json\/wp\/v2\/pages\/9561\/revisions"}],"predecessor-version":[{"id":28637,"href":"https:\/\/lottemaa.ee\/fi\/wp-json\/wp\/v2\/pages\/9561\/revisions\/28637"}],"up":[{"embeddable":true,"href":"https:\/\/lottemaa.ee\/fi\/wp-json\/wp\/v2\/pages\/1250"}],"wp:featuredmedia":[{"embeddable":true,"href":"https:\/\/lottemaa.ee\/fi\/wp-json\/wp\/v2\/media\/13290"}],"wp:attachment":[{"href":"https:\/\/lottemaa.ee\/fi\/wp-json\/wp\/v2\/media?parent=9561"}],"curies":[{"name":"wp","href":"https:\/\/api.w.org\/{rel}","templated":true}]}}