{"id":9555,"date":"2020-08-14T18:05:02","date_gmt":"2020-08-14T15:05:02","guid":{"rendered":"https:\/\/test.lottemaa.ee\/?page_id=9555"},"modified":"2024-09-27T11:55:50","modified_gmt":"2024-09-27T08:55:50","slug":"porkkanaleikkuri","status":"publish","type":"page","link":"https:\/\/lottemaa.ee\/fi\/paiva-lottemaassa\/keksinnot\/porkkanaleikkuri\/","title":{"rendered":"PORKKANALEIKKURI"},"content":{"rendered":"<p style=\"text-align: left;\">Kyl\u00e4n kaikkein t\u00e4rkein p\u00e4iv\u00e4 oli koittanut \u2013 pidettiin KEKSIMISKILPAILU! Kaikki el\u00e4imet olivat tuoneet uudet keksint\u00f6ns\u00e4 tuomariston eteen. T\u00e4ll\u00e4 kertaa Oskarilla oli pesukone, joka my\u00f6s silitti. Possu\u00e4iti Helmi keksi l\u00e4t\u00e4k\u00f6nylihyppimiskoneen ja Klaus esitteli j\u00e4lleen matkalaukkunsa, mutta V\u00e4in\u00f6n kone r\u00e4j\u00e4hti jo ennen kilpailun alkua. Adalbert-j\u00e4nis kierteli ovelin ilmein upouuden upean keksint\u00f6ns\u00e4 ymp\u00e4rill\u00e4. Kehuskeli viel\u00e4, ett\u00e4 h\u00e4nen keksint\u00f6ns\u00e4 vet\u00e4\u00e4 varmasti vertoja Oskarin keksinn\u00f6lle. Kun tuomariston vuoro oli arvioida Adalbertin keksint\u00f6\u00e4, se olikin j\u00e4nnitt\u00e4v\u00e4 ja toimi hyvin. Kone leikkasi porkkanoita kiekoiksi ja teki sen eritt\u00e4in nopeasti. Silloin tapahtui kuitenkin jotakin odottamatonta. Adalbertin keksint\u00f6 hajosi ja sen sis\u00e4lt\u00e4 paljastui h\u00e4nen vaimonsa Sohvi, joka leikkasi kovaa vauhtia porkkanoita kiekoiksi. Adalbertin keksint\u00f6 suljettiin pois kilpailusta, ja kyl\u00e4 paheksui Adalbertin ajatusta k\u00e4tke\u00e4 vaimonsa keksinn\u00f6n sis\u00e4\u00e4n<\/p>\n","protected":false},"excerpt":{"rendered":"<p>Kyl\u00e4n kaikkein t\u00e4rkein p\u00e4iv\u00e4 oli koittanut \u2013 pidettiin KEKSIMISKILPAILU! Kaikki el\u00e4imet olivat tuoneet uudet keksint\u00f6ns\u00e4 tuomariston eteen. T\u00e4ll\u00e4 kertaa Oskarilla oli pesukone, joka my\u00f6s silitti. Possu\u00e4iti Helmi keksi l\u00e4t\u00e4k\u00f6nylihyppimiskoneen ja Klaus esitteli j\u00e4lleen matkalaukkunsa, mutta V\u00e4in\u00f6n kone r\u00e4j\u00e4hti jo ennen kilpailun alkua. Adalbert-j\u00e4nis kierteli ovelin ilmein upouuden upean keksint\u00f6ns\u00e4 ymp\u00e4rill\u00e4. Kehuskeli viel\u00e4, ett\u00e4 h\u00e4nen keksint\u00f6ns\u00e4 &hellip; <a href=\"https:\/\/lottemaa.ee\/fi\/paiva-lottemaassa\/keksinnot\/porkkanaleikkuri\/\">Continued<\/a><\/p>\n","protected":false},"author":7,"featured_media":28459,"parent":1250,"menu_order":518,"comment_status":"closed","ping_status":"closed","template":"","meta":{"_acf_changed":false,"om_disable_all_campaigns":false,"_uf_show_specific_survey":0,"_uf_disable_surveys":false,"footnotes":""},"class_list":["post-9555","page","type-page","status-publish","has-post-thumbnail","hentry"],"acf":[],"yoast_head":"<!-- This site is optimized with the Yoast SEO plugin v25.5 - https:\/\/yoast.com\/wordpress\/plugins\/seo\/ -->\n<title>PORKKANALEIKKURI | Lottemaa Teemapark<\/title>\n<meta name=\"description\" content=\"Kyl\u00e4n kaikkein t\u00e4rkein p\u00e4iv\u00e4 oli koittanut \u2013 pidettiin KEKSIMISKILPAILU! Kaikki el\u00e4imet olivat tuoneet uudet keksint\u00f6ns\u00e4 tuomariston eteen.\" \/>\n<meta name=\"robots\" content=\"index, follow, max-snippet:-1, max-image-preview:large, max-video-preview:-1\" \/>\n<link rel=\"canonical\" href=\"https:\/\/lottemaa.ee\/fi\/paiva-lottemaassa\/keksinnot\/porkkanaleikkuri\/\" \/>\n<meta property=\"og:locale\" content=\"fi_FI\" \/>\n<meta property=\"og:type\" content=\"article\" \/>\n<meta property=\"og:title\" content=\"PORKKANALEIKKURI | Lottemaa Teemapark\" \/>\n<meta property=\"og:description\" content=\"Kyl\u00e4n kaikkein t\u00e4rkein p\u00e4iv\u00e4 oli koittanut \u2013 pidettiin KEKSIMISKILPAILU! Kaikki el\u00e4imet olivat tuoneet uudet keksint\u00f6ns\u00e4 tuomariston eteen.\" \/>\n<meta property=\"og:url\" content=\"https:\/\/lottemaa.ee\/fi\/paiva-lottemaassa\/keksinnot\/porkkanaleikkuri\/\" \/>\n<meta property=\"og:site_name\" content=\"Lottemaa Teemapark\" \/>\n<meta property=\"article:modified_time\" content=\"2024-09-27T08:55:50+00:00\" \/>\n<meta property=\"og:image\" content=\"https:\/\/lottemaa.ee\/wp-content\/uploads\/2024\/09\/DSC_6908-scaled.jpg\" \/>\n\t<meta property=\"og:image:width\" content=\"2560\" \/>\n\t<meta property=\"og:image:height\" content=\"1696\" \/>\n\t<meta property=\"og:image:type\" content=\"image\/jpeg\" \/>\n<meta name=\"twitter:card\" content=\"summary_large_image\" \/>\n<meta name=\"twitter:label1\" content=\"Arvioitu lukuaika\" \/>\n\t<meta name=\"twitter:data1\" content=\"1 minuutti\" \/>\n<script type=\"application\/ld+json\" class=\"yoast-schema-graph\">{\"@context\":\"https:\/\/schema.org\",\"@graph\":[{\"@type\":\"WebPage\",\"@id\":\"https:\/\/lottemaa.ee\/fi\/paiva-lottemaassa\/keksinnot\/porkkanaleikkuri\/\",\"url\":\"https:\/\/lottemaa.ee\/fi\/paiva-lottemaassa\/keksinnot\/porkkanaleikkuri\/\",\"name\":\"PORKKANALEIKKURI | Lottemaa Teemapark\",\"isPartOf\":{\"@id\":\"https:\/\/lottemaa.ee\/#website\"},\"primaryImageOfPage\":{\"@id\":\"https:\/\/lottemaa.ee\/fi\/paiva-lottemaassa\/keksinnot\/porkkanaleikkuri\/#primaryimage\"},\"image\":{\"@id\":\"https:\/\/lottemaa.ee\/fi\/paiva-lottemaassa\/keksinnot\/porkkanaleikkuri\/#primaryimage\"},\"thumbnailUrl\":\"https:\/\/lottemaa.ee\/wp-content\/uploads\/2024\/09\/DSC_6908-scaled.jpg\",\"datePublished\":\"2020-08-14T15:05:02+00:00\",\"dateModified\":\"2024-09-27T08:55:50+00:00\",\"description\":\"Kyl\u00e4n kaikkein t\u00e4rkein p\u00e4iv\u00e4 oli koittanut \u2013 pidettiin KEKSIMISKILPAILU! Kaikki el\u00e4imet olivat tuoneet uudet keksint\u00f6ns\u00e4 tuomariston eteen.\",\"breadcrumb\":{\"@id\":\"https:\/\/lottemaa.ee\/fi\/paiva-lottemaassa\/keksinnot\/porkkanaleikkuri\/#breadcrumb\"},\"inLanguage\":\"fi\",\"potentialAction\":[{\"@type\":\"ReadAction\",\"target\":[\"https:\/\/lottemaa.ee\/fi\/paiva-lottemaassa\/keksinnot\/porkkanaleikkuri\/\"]}]},{\"@type\":\"ImageObject\",\"inLanguage\":\"fi\",\"@id\":\"https:\/\/lottemaa.ee\/fi\/paiva-lottemaassa\/keksinnot\/porkkanaleikkuri\/#primaryimage\",\"url\":\"https:\/\/lottemaa.ee\/wp-content\/uploads\/2024\/09\/DSC_6908-scaled.jpg\",\"contentUrl\":\"https:\/\/lottemaa.ee\/wp-content\/uploads\/2024\/09\/DSC_6908-scaled.jpg\",\"width\":2560,\"height\":1696},{\"@type\":\"BreadcrumbList\",\"@id\":\"https:\/\/lottemaa.ee\/fi\/paiva-lottemaassa\/keksinnot\/porkkanaleikkuri\/#breadcrumb\",\"itemListElement\":[{\"@type\":\"ListItem\",\"position\":1,\"name\":\"Home\",\"item\":\"https:\/\/lottemaa.ee\/fi\/\"},{\"@type\":\"ListItem\",\"position\":2,\"name\":\"P\u00e4iv\u00e4 Lottemaassa\",\"item\":\"https:\/\/lottemaa.ee\/fi\/paiva-lottemaassa\/\"},{\"@type\":\"ListItem\",\"position\":3,\"name\":\"Keksinn\u00f6t\",\"item\":\"https:\/\/lottemaa.ee\/fi\/paiva-lottemaassa\/keksinnot\/\"},{\"@type\":\"ListItem\",\"position\":4,\"name\":\"PORKKANALEIKKURI\"}]},{\"@type\":\"WebSite\",\"@id\":\"https:\/\/lottemaa.ee\/#website\",\"url\":\"https:\/\/lottemaa.ee\/\",\"name\":\"Lottemaa Teemapark\",\"description\":\"Baltimaade suurim ja k\u00f5ige \u00e4gedam kogupere teemapark Eestis P\u00e4rnumaal\",\"publisher\":{\"@id\":\"https:\/\/lottemaa.ee\/#organization\"},\"potentialAction\":[{\"@type\":\"SearchAction\",\"target\":{\"@type\":\"EntryPoint\",\"urlTemplate\":\"https:\/\/lottemaa.ee\/?s={search_term_string}\"},\"query-input\":{\"@type\":\"PropertyValueSpecification\",\"valueRequired\":true,\"valueName\":\"search_term_string\"}}],\"inLanguage\":\"fi\"},{\"@type\":\"Organization\",\"@id\":\"https:\/\/lottemaa.ee\/#organization\",\"name\":\"Lottemaa Teemapark\",\"url\":\"https:\/\/lottemaa.ee\/\",\"logo\":{\"@type\":\"ImageObject\",\"inLanguage\":\"fi\",\"@id\":\"https:\/\/lottemaa.ee\/#\/schema\/logo\/image\/\",\"url\":\"https:\/\/lottemaa.ee\/wp-content\/uploads\/2018\/12\/Lottemaa_LOGO.png\",\"contentUrl\":\"https:\/\/lottemaa.ee\/wp-content\/uploads\/2018\/12\/Lottemaa_LOGO.png\",\"width\":1024,\"height\":518,\"caption\":\"Lottemaa Teemapark\"},\"image\":{\"@id\":\"https:\/\/lottemaa.ee\/#\/schema\/logo\/image\/\"}}]}<\/script>\n<!-- \/ Yoast SEO plugin. -->","yoast_head_json":{"title":"PORKKANALEIKKURI | Lottemaa Teemapark","description":"Kyl\u00e4n kaikkein t\u00e4rkein p\u00e4iv\u00e4 oli koittanut \u2013 pidettiin KEKSIMISKILPAILU! Kaikki el\u00e4imet olivat tuoneet uudet keksint\u00f6ns\u00e4 tuomariston eteen.","robots":{"index":"index","follow":"follow","max-snippet":"max-snippet:-1","max-image-preview":"max-image-preview:large","max-video-preview":"max-video-preview:-1"},"canonical":"https:\/\/lottemaa.ee\/fi\/paiva-lottemaassa\/keksinnot\/porkkanaleikkuri\/","og_locale":"fi_FI","og_type":"article","og_title":"PORKKANALEIKKURI | Lottemaa Teemapark","og_description":"Kyl\u00e4n kaikkein t\u00e4rkein p\u00e4iv\u00e4 oli koittanut \u2013 pidettiin KEKSIMISKILPAILU! Kaikki el\u00e4imet olivat tuoneet uudet keksint\u00f6ns\u00e4 tuomariston eteen.","og_url":"https:\/\/lottemaa.ee\/fi\/paiva-lottemaassa\/keksinnot\/porkkanaleikkuri\/","og_site_name":"Lottemaa Teemapark","article_modified_time":"2024-09-27T08:55:50+00:00","og_image":[{"width":2560,"height":1696,"url":"https:\/\/lottemaa.ee\/wp-content\/uploads\/2024\/09\/DSC_6908-scaled.jpg","type":"image\/jpeg"}],"twitter_card":"summary_large_image","twitter_misc":{"Arvioitu lukuaika":"1 minuutti"},"schema":{"@context":"https:\/\/schema.org","@graph":[{"@type":"WebPage","@id":"https:\/\/lottemaa.ee\/fi\/paiva-lottemaassa\/keksinnot\/porkkanaleikkuri\/","url":"https:\/\/lottemaa.ee\/fi\/paiva-lottemaassa\/keksinnot\/porkkanaleikkuri\/","name":"PORKKANALEIKKURI | Lottemaa Teemapark","isPartOf":{"@id":"https:\/\/lottemaa.ee\/#website"},"primaryImageOfPage":{"@id":"https:\/\/lottemaa.ee\/fi\/paiva-lottemaassa\/keksinnot\/porkkanaleikkuri\/#primaryimage"},"image":{"@id":"https:\/\/lottemaa.ee\/fi\/paiva-lottemaassa\/keksinnot\/porkkanaleikkuri\/#primaryimage"},"thumbnailUrl":"https:\/\/lottemaa.ee\/wp-content\/uploads\/2024\/09\/DSC_6908-scaled.jpg","datePublished":"2020-08-14T15:05:02+00:00","dateModified":"2024-09-27T08:55:50+00:00","description":"Kyl\u00e4n kaikkein t\u00e4rkein p\u00e4iv\u00e4 oli koittanut \u2013 pidettiin KEKSIMISKILPAILU! Kaikki el\u00e4imet olivat tuoneet uudet keksint\u00f6ns\u00e4 tuomariston eteen.","breadcrumb":{"@id":"https:\/\/lottemaa.ee\/fi\/paiva-lottemaassa\/keksinnot\/porkkanaleikkuri\/#breadcrumb"},"inLanguage":"fi","potentialAction":[{"@type":"ReadAction","target":["https:\/\/lottemaa.ee\/fi\/paiva-lottemaassa\/keksinnot\/porkkanaleikkuri\/"]}]},{"@type":"ImageObject","inLanguage":"fi","@id":"https:\/\/lottemaa.ee\/fi\/paiva-lottemaassa\/keksinnot\/porkkanaleikkuri\/#primaryimage","url":"https:\/\/lottemaa.ee\/wp-content\/uploads\/2024\/09\/DSC_6908-scaled.jpg","contentUrl":"https:\/\/lottemaa.ee\/wp-content\/uploads\/2024\/09\/DSC_6908-scaled.jpg","width":2560,"height":1696},{"@type":"BreadcrumbList","@id":"https:\/\/lottemaa.ee\/fi\/paiva-lottemaassa\/keksinnot\/porkkanaleikkuri\/#breadcrumb","itemListElement":[{"@type":"ListItem","position":1,"name":"Home","item":"https:\/\/lottemaa.ee\/fi\/"},{"@type":"ListItem","position":2,"name":"P\u00e4iv\u00e4 Lottemaassa","item":"https:\/\/lottemaa.ee\/fi\/paiva-lottemaassa\/"},{"@type":"ListItem","position":3,"name":"Keksinn\u00f6t","item":"https:\/\/lottemaa.ee\/fi\/paiva-lottemaassa\/keksinnot\/"},{"@type":"ListItem","position":4,"name":"PORKKANALEIKKURI"}]},{"@type":"WebSite","@id":"https:\/\/lottemaa.ee\/#website","url":"https:\/\/lottemaa.ee\/","name":"Lottemaa Teemapark","description":"Baltimaade suurim ja k\u00f5ige \u00e4gedam kogupere teemapark Eestis P\u00e4rnumaal","publisher":{"@id":"https:\/\/lottemaa.ee\/#organization"},"potentialAction":[{"@type":"SearchAction","target":{"@type":"EntryPoint","urlTemplate":"https:\/\/lottemaa.ee\/?s={search_term_string}"},"query-input":{"@type":"PropertyValueSpecification","valueRequired":true,"valueName":"search_term_string"}}],"inLanguage":"fi"},{"@type":"Organization","@id":"https:\/\/lottemaa.ee\/#organization","name":"Lottemaa Teemapark","url":"https:\/\/lottemaa.ee\/","logo":{"@type":"ImageObject","inLanguage":"fi","@id":"https:\/\/lottemaa.ee\/#\/schema\/logo\/image\/","url":"https:\/\/lottemaa.ee\/wp-content\/uploads\/2018\/12\/Lottemaa_LOGO.png","contentUrl":"https:\/\/lottemaa.ee\/wp-content\/uploads\/2018\/12\/Lottemaa_LOGO.png","width":1024,"height":518,"caption":"Lottemaa Teemapark"},"image":{"@id":"https:\/\/lottemaa.ee\/#\/schema\/logo\/image\/"}}]}},"_links":{"self":[{"href":"https:\/\/lottemaa.ee\/fi\/wp-json\/wp\/v2\/pages\/9555","targetHints":{"allow":["GET"]}}],"collection":[{"href":"https:\/\/lottemaa.ee\/fi\/wp-json\/wp\/v2\/pages"}],"about":[{"href":"https:\/\/lottemaa.ee\/fi\/wp-json\/wp\/v2\/types\/page"}],"author":[{"embeddable":true,"href":"https:\/\/lottemaa.ee\/fi\/wp-json\/wp\/v2\/users\/7"}],"replies":[{"embeddable":true,"href":"https:\/\/lottemaa.ee\/fi\/wp-json\/wp\/v2\/comments?post=9555"}],"version-history":[{"count":3,"href":"https:\/\/lottemaa.ee\/fi\/wp-json\/wp\/v2\/pages\/9555\/revisions"}],"predecessor-version":[{"id":28639,"href":"https:\/\/lottemaa.ee\/fi\/wp-json\/wp\/v2\/pages\/9555\/revisions\/28639"}],"up":[{"embeddable":true,"href":"https:\/\/lottemaa.ee\/fi\/wp-json\/wp\/v2\/pages\/1250"}],"wp:featuredmedia":[{"embeddable":true,"href":"https:\/\/lottemaa.ee\/fi\/wp-json\/wp\/v2\/media\/28459"}],"wp:attachment":[{"href":"https:\/\/lottemaa.ee\/fi\/wp-json\/wp\/v2\/media?parent=9555"}],"curies":[{"name":"wp","href":"https:\/\/api.w.org\/{rel}","templated":true}]}}