{"id":9543,"date":"2020-08-14T17:56:09","date_gmt":"2020-08-14T14:56:09","guid":{"rendered":"https:\/\/test.lottemaa.ee\/?page_id=9543"},"modified":"2023-02-10T11:43:10","modified_gmt":"2023-02-10T09:43:10","slug":"suihkulahde","status":"publish","type":"page","link":"https:\/\/lottemaa.ee\/fi\/paiva-lottemaassa\/keksinnot\/suihkulahde\/","title":{"rendered":"SUIHKUL\u00c4HDE"},"content":{"rendered":"<p style=\"text-align: left;\">Giovanni-kettu k\u00e4ytt\u00e4\u00e4 keksinn\u00f6iss\u00e4\u00e4n tavallisesti vaimonsa Julian keitti\u00f6v\u00e4lineit\u00e4. Julia ei tietenk\u00e4\u00e4n pid\u00e4 siit\u00e4 erityisesti, sill\u00e4 jatkuvasti katoaa jokin taloudenhoidossa tarvittava kattila tai perunanuija. Er\u00e4\u00e4n\u00e4 p\u00e4iv\u00e4n\u00e4 Giovanni oli keksim\u00e4ss\u00e4 keitti\u00f6n p\u00f6yd\u00e4n \u00e4\u00e4ress\u00e4 niin, ett\u00e4 hiki valui, mutta keksint\u00f6 ei toiminut. Kaikeksi onneksi ikkunan alta kulki Lotte-neiti, joka n\u00e4ki Giovanni-sed\u00e4n ahdingon ja antoi hyv\u00e4n neuvon: &#8221;Giovanni-set\u00e4, k\u00e4yt\u00e4 siivil\u00e4\u00e4!&#8221;. Giovanni lis\u00e4si keksint\u00f6\u00f6n siivil\u00e4n, ja niin tuli valmiiksi suihkul\u00e4hde. Suihkul\u00e4hde oli keksimisen arvoinen, sill\u00e4 veden suihkuamista on mukava katsella, ja lauantai-iltaisin suihkul\u00e4hteest\u00e4 tulee my\u00f6s porkkanalimonadia.<\/p>\n","protected":false},"excerpt":{"rendered":"<p>Giovanni-kettu k\u00e4ytt\u00e4\u00e4 keksinn\u00f6iss\u00e4\u00e4n tavallisesti vaimonsa Julian keitti\u00f6v\u00e4lineit\u00e4. Julia ei tietenk\u00e4\u00e4n pid\u00e4 siit\u00e4 erityisesti, sill\u00e4 jatkuvasti katoaa jokin taloudenhoidossa tarvittava kattila tai perunanuija. Er\u00e4\u00e4n\u00e4 p\u00e4iv\u00e4n\u00e4 Giovanni oli keksim\u00e4ss\u00e4 keitti\u00f6n p\u00f6yd\u00e4n \u00e4\u00e4ress\u00e4 niin, ett\u00e4 hiki valui, mutta keksint\u00f6 ei toiminut. Kaikeksi onneksi ikkunan alta kulki Lotte-neiti, joka n\u00e4ki Giovanni-sed\u00e4n ahdingon ja antoi hyv\u00e4n neuvon: &#8221;Giovanni-set\u00e4, k\u00e4yt\u00e4 siivil\u00e4\u00e4!&#8221;. &hellip; <a href=\"https:\/\/lottemaa.ee\/fi\/paiva-lottemaassa\/keksinnot\/suihkulahde\/\">Continued<\/a><\/p>\n","protected":false},"author":7,"featured_media":13537,"parent":1250,"menu_order":452,"comment_status":"closed","ping_status":"closed","template":"","meta":{"_acf_changed":false,"om_disable_all_campaigns":false,"_uf_show_specific_survey":0,"_uf_disable_surveys":false,"footnotes":""},"class_list":["post-9543","page","type-page","status-publish","has-post-thumbnail","hentry"],"acf":[],"yoast_head":"<!-- This site is optimized with the Yoast SEO plugin v25.5 - https:\/\/yoast.com\/wordpress\/plugins\/seo\/ -->\n<title>SUIHKUL\u00c4HDE | Lottemaa Teemapark<\/title>\n<meta name=\"description\" content=\"Giovanni-kettu k\u00e4ytt\u00e4\u00e4 keksinn\u00f6iss\u00e4\u00e4n tavallisesti vaimonsa Julian keitti\u00f6v\u00e4lineit\u00e4. Julia ei tietenk\u00e4\u00e4n pid\u00e4 siit\u00e4 erityisesti, sill\u00e4 jatkuvasti katoaa jokin taloudenhoidossa tarvittava kattila tai perunanuija.\" \/>\n<meta name=\"robots\" content=\"index, follow, max-snippet:-1, max-image-preview:large, max-video-preview:-1\" \/>\n<link rel=\"canonical\" href=\"https:\/\/lottemaa.ee\/fi\/paiva-lottemaassa\/keksinnot\/suihkulahde\/\" \/>\n<meta property=\"og:locale\" content=\"fi_FI\" \/>\n<meta property=\"og:type\" content=\"article\" \/>\n<meta property=\"og:title\" content=\"SUIHKUL\u00c4HDE | Lottemaa Teemapark\" \/>\n<meta property=\"og:description\" content=\"Giovanni-kettu k\u00e4ytt\u00e4\u00e4 keksinn\u00f6iss\u00e4\u00e4n tavallisesti vaimonsa Julian keitti\u00f6v\u00e4lineit\u00e4. Julia ei tietenk\u00e4\u00e4n pid\u00e4 siit\u00e4 erityisesti, sill\u00e4 jatkuvasti katoaa jokin taloudenhoidossa tarvittava kattila tai perunanuija.\" \/>\n<meta property=\"og:url\" content=\"https:\/\/lottemaa.ee\/fi\/paiva-lottemaassa\/keksinnot\/suihkulahde\/\" \/>\n<meta property=\"og:site_name\" content=\"Lottemaa Teemapark\" \/>\n<meta property=\"article:modified_time\" content=\"2023-02-10T09:43:10+00:00\" \/>\n<meta property=\"og:image\" content=\"https:\/\/lottemaa.ee\/wp-content\/uploads\/2022\/04\/DSC_7131-scaled.jpg\" \/>\n\t<meta property=\"og:image:width\" content=\"2560\" \/>\n\t<meta property=\"og:image:height\" content=\"1696\" \/>\n\t<meta property=\"og:image:type\" content=\"image\/jpeg\" \/>\n<meta name=\"twitter:card\" content=\"summary_large_image\" \/>\n<meta name=\"twitter:label1\" content=\"Arvioitu lukuaika\" \/>\n\t<meta name=\"twitter:data1\" content=\"1 minuutti\" \/>\n<script type=\"application\/ld+json\" class=\"yoast-schema-graph\">{\"@context\":\"https:\/\/schema.org\",\"@graph\":[{\"@type\":\"WebPage\",\"@id\":\"https:\/\/lottemaa.ee\/fi\/paiva-lottemaassa\/keksinnot\/suihkulahde\/\",\"url\":\"https:\/\/lottemaa.ee\/fi\/paiva-lottemaassa\/keksinnot\/suihkulahde\/\",\"name\":\"SUIHKUL\u00c4HDE | Lottemaa Teemapark\",\"isPartOf\":{\"@id\":\"https:\/\/lottemaa.ee\/#website\"},\"primaryImageOfPage\":{\"@id\":\"https:\/\/lottemaa.ee\/fi\/paiva-lottemaassa\/keksinnot\/suihkulahde\/#primaryimage\"},\"image\":{\"@id\":\"https:\/\/lottemaa.ee\/fi\/paiva-lottemaassa\/keksinnot\/suihkulahde\/#primaryimage\"},\"thumbnailUrl\":\"https:\/\/lottemaa.ee\/wp-content\/uploads\/2022\/04\/DSC_7131-scaled.jpg\",\"datePublished\":\"2020-08-14T14:56:09+00:00\",\"dateModified\":\"2023-02-10T09:43:10+00:00\",\"description\":\"Giovanni-kettu k\u00e4ytt\u00e4\u00e4 keksinn\u00f6iss\u00e4\u00e4n tavallisesti vaimonsa Julian keitti\u00f6v\u00e4lineit\u00e4. Julia ei tietenk\u00e4\u00e4n pid\u00e4 siit\u00e4 erityisesti, sill\u00e4 jatkuvasti katoaa jokin taloudenhoidossa tarvittava kattila tai perunanuija.\",\"breadcrumb\":{\"@id\":\"https:\/\/lottemaa.ee\/fi\/paiva-lottemaassa\/keksinnot\/suihkulahde\/#breadcrumb\"},\"inLanguage\":\"fi\",\"potentialAction\":[{\"@type\":\"ReadAction\",\"target\":[\"https:\/\/lottemaa.ee\/fi\/paiva-lottemaassa\/keksinnot\/suihkulahde\/\"]}]},{\"@type\":\"ImageObject\",\"inLanguage\":\"fi\",\"@id\":\"https:\/\/lottemaa.ee\/fi\/paiva-lottemaassa\/keksinnot\/suihkulahde\/#primaryimage\",\"url\":\"https:\/\/lottemaa.ee\/wp-content\/uploads\/2022\/04\/DSC_7131-scaled.jpg\",\"contentUrl\":\"https:\/\/lottemaa.ee\/wp-content\/uploads\/2022\/04\/DSC_7131-scaled.jpg\",\"width\":2560,\"height\":1696},{\"@type\":\"BreadcrumbList\",\"@id\":\"https:\/\/lottemaa.ee\/fi\/paiva-lottemaassa\/keksinnot\/suihkulahde\/#breadcrumb\",\"itemListElement\":[{\"@type\":\"ListItem\",\"position\":1,\"name\":\"Home\",\"item\":\"https:\/\/lottemaa.ee\/fi\/\"},{\"@type\":\"ListItem\",\"position\":2,\"name\":\"P\u00e4iv\u00e4 Lottemaassa\",\"item\":\"https:\/\/lottemaa.ee\/fi\/paiva-lottemaassa\/\"},{\"@type\":\"ListItem\",\"position\":3,\"name\":\"Keksinn\u00f6t\",\"item\":\"https:\/\/lottemaa.ee\/fi\/paiva-lottemaassa\/keksinnot\/\"},{\"@type\":\"ListItem\",\"position\":4,\"name\":\"SUIHKUL\u00c4HDE\"}]},{\"@type\":\"WebSite\",\"@id\":\"https:\/\/lottemaa.ee\/#website\",\"url\":\"https:\/\/lottemaa.ee\/\",\"name\":\"Lottemaa Teemapark\",\"description\":\"Baltimaade suurim ja k\u00f5ige \u00e4gedam kogupere teemapark Eestis P\u00e4rnumaal\",\"publisher\":{\"@id\":\"https:\/\/lottemaa.ee\/#organization\"},\"potentialAction\":[{\"@type\":\"SearchAction\",\"target\":{\"@type\":\"EntryPoint\",\"urlTemplate\":\"https:\/\/lottemaa.ee\/?s={search_term_string}\"},\"query-input\":{\"@type\":\"PropertyValueSpecification\",\"valueRequired\":true,\"valueName\":\"search_term_string\"}}],\"inLanguage\":\"fi\"},{\"@type\":\"Organization\",\"@id\":\"https:\/\/lottemaa.ee\/#organization\",\"name\":\"Lottemaa Teemapark\",\"url\":\"https:\/\/lottemaa.ee\/\",\"logo\":{\"@type\":\"ImageObject\",\"inLanguage\":\"fi\",\"@id\":\"https:\/\/lottemaa.ee\/#\/schema\/logo\/image\/\",\"url\":\"https:\/\/lottemaa.ee\/wp-content\/uploads\/2018\/12\/Lottemaa_LOGO.png\",\"contentUrl\":\"https:\/\/lottemaa.ee\/wp-content\/uploads\/2018\/12\/Lottemaa_LOGO.png\",\"width\":1024,\"height\":518,\"caption\":\"Lottemaa Teemapark\"},\"image\":{\"@id\":\"https:\/\/lottemaa.ee\/#\/schema\/logo\/image\/\"}}]}<\/script>\n<!-- \/ Yoast SEO plugin. -->","yoast_head_json":{"title":"SUIHKUL\u00c4HDE | Lottemaa Teemapark","description":"Giovanni-kettu k\u00e4ytt\u00e4\u00e4 keksinn\u00f6iss\u00e4\u00e4n tavallisesti vaimonsa Julian keitti\u00f6v\u00e4lineit\u00e4. Julia ei tietenk\u00e4\u00e4n pid\u00e4 siit\u00e4 erityisesti, sill\u00e4 jatkuvasti katoaa jokin taloudenhoidossa tarvittava kattila tai perunanuija.","robots":{"index":"index","follow":"follow","max-snippet":"max-snippet:-1","max-image-preview":"max-image-preview:large","max-video-preview":"max-video-preview:-1"},"canonical":"https:\/\/lottemaa.ee\/fi\/paiva-lottemaassa\/keksinnot\/suihkulahde\/","og_locale":"fi_FI","og_type":"article","og_title":"SUIHKUL\u00c4HDE | Lottemaa Teemapark","og_description":"Giovanni-kettu k\u00e4ytt\u00e4\u00e4 keksinn\u00f6iss\u00e4\u00e4n tavallisesti vaimonsa Julian keitti\u00f6v\u00e4lineit\u00e4. Julia ei tietenk\u00e4\u00e4n pid\u00e4 siit\u00e4 erityisesti, sill\u00e4 jatkuvasti katoaa jokin taloudenhoidossa tarvittava kattila tai perunanuija.","og_url":"https:\/\/lottemaa.ee\/fi\/paiva-lottemaassa\/keksinnot\/suihkulahde\/","og_site_name":"Lottemaa Teemapark","article_modified_time":"2023-02-10T09:43:10+00:00","og_image":[{"width":2560,"height":1696,"url":"https:\/\/lottemaa.ee\/wp-content\/uploads\/2022\/04\/DSC_7131-scaled.jpg","type":"image\/jpeg"}],"twitter_card":"summary_large_image","twitter_misc":{"Arvioitu lukuaika":"1 minuutti"},"schema":{"@context":"https:\/\/schema.org","@graph":[{"@type":"WebPage","@id":"https:\/\/lottemaa.ee\/fi\/paiva-lottemaassa\/keksinnot\/suihkulahde\/","url":"https:\/\/lottemaa.ee\/fi\/paiva-lottemaassa\/keksinnot\/suihkulahde\/","name":"SUIHKUL\u00c4HDE | Lottemaa Teemapark","isPartOf":{"@id":"https:\/\/lottemaa.ee\/#website"},"primaryImageOfPage":{"@id":"https:\/\/lottemaa.ee\/fi\/paiva-lottemaassa\/keksinnot\/suihkulahde\/#primaryimage"},"image":{"@id":"https:\/\/lottemaa.ee\/fi\/paiva-lottemaassa\/keksinnot\/suihkulahde\/#primaryimage"},"thumbnailUrl":"https:\/\/lottemaa.ee\/wp-content\/uploads\/2022\/04\/DSC_7131-scaled.jpg","datePublished":"2020-08-14T14:56:09+00:00","dateModified":"2023-02-10T09:43:10+00:00","description":"Giovanni-kettu k\u00e4ytt\u00e4\u00e4 keksinn\u00f6iss\u00e4\u00e4n tavallisesti vaimonsa Julian keitti\u00f6v\u00e4lineit\u00e4. Julia ei tietenk\u00e4\u00e4n pid\u00e4 siit\u00e4 erityisesti, sill\u00e4 jatkuvasti katoaa jokin taloudenhoidossa tarvittava kattila tai perunanuija.","breadcrumb":{"@id":"https:\/\/lottemaa.ee\/fi\/paiva-lottemaassa\/keksinnot\/suihkulahde\/#breadcrumb"},"inLanguage":"fi","potentialAction":[{"@type":"ReadAction","target":["https:\/\/lottemaa.ee\/fi\/paiva-lottemaassa\/keksinnot\/suihkulahde\/"]}]},{"@type":"ImageObject","inLanguage":"fi","@id":"https:\/\/lottemaa.ee\/fi\/paiva-lottemaassa\/keksinnot\/suihkulahde\/#primaryimage","url":"https:\/\/lottemaa.ee\/wp-content\/uploads\/2022\/04\/DSC_7131-scaled.jpg","contentUrl":"https:\/\/lottemaa.ee\/wp-content\/uploads\/2022\/04\/DSC_7131-scaled.jpg","width":2560,"height":1696},{"@type":"BreadcrumbList","@id":"https:\/\/lottemaa.ee\/fi\/paiva-lottemaassa\/keksinnot\/suihkulahde\/#breadcrumb","itemListElement":[{"@type":"ListItem","position":1,"name":"Home","item":"https:\/\/lottemaa.ee\/fi\/"},{"@type":"ListItem","position":2,"name":"P\u00e4iv\u00e4 Lottemaassa","item":"https:\/\/lottemaa.ee\/fi\/paiva-lottemaassa\/"},{"@type":"ListItem","position":3,"name":"Keksinn\u00f6t","item":"https:\/\/lottemaa.ee\/fi\/paiva-lottemaassa\/keksinnot\/"},{"@type":"ListItem","position":4,"name":"SUIHKUL\u00c4HDE"}]},{"@type":"WebSite","@id":"https:\/\/lottemaa.ee\/#website","url":"https:\/\/lottemaa.ee\/","name":"Lottemaa Teemapark","description":"Baltimaade suurim ja k\u00f5ige \u00e4gedam kogupere teemapark Eestis P\u00e4rnumaal","publisher":{"@id":"https:\/\/lottemaa.ee\/#organization"},"potentialAction":[{"@type":"SearchAction","target":{"@type":"EntryPoint","urlTemplate":"https:\/\/lottemaa.ee\/?s={search_term_string}"},"query-input":{"@type":"PropertyValueSpecification","valueRequired":true,"valueName":"search_term_string"}}],"inLanguage":"fi"},{"@type":"Organization","@id":"https:\/\/lottemaa.ee\/#organization","name":"Lottemaa Teemapark","url":"https:\/\/lottemaa.ee\/","logo":{"@type":"ImageObject","inLanguage":"fi","@id":"https:\/\/lottemaa.ee\/#\/schema\/logo\/image\/","url":"https:\/\/lottemaa.ee\/wp-content\/uploads\/2018\/12\/Lottemaa_LOGO.png","contentUrl":"https:\/\/lottemaa.ee\/wp-content\/uploads\/2018\/12\/Lottemaa_LOGO.png","width":1024,"height":518,"caption":"Lottemaa Teemapark"},"image":{"@id":"https:\/\/lottemaa.ee\/#\/schema\/logo\/image\/"}}]}},"_links":{"self":[{"href":"https:\/\/lottemaa.ee\/fi\/wp-json\/wp\/v2\/pages\/9543","targetHints":{"allow":["GET"]}}],"collection":[{"href":"https:\/\/lottemaa.ee\/fi\/wp-json\/wp\/v2\/pages"}],"about":[{"href":"https:\/\/lottemaa.ee\/fi\/wp-json\/wp\/v2\/types\/page"}],"author":[{"embeddable":true,"href":"https:\/\/lottemaa.ee\/fi\/wp-json\/wp\/v2\/users\/7"}],"replies":[{"embeddable":true,"href":"https:\/\/lottemaa.ee\/fi\/wp-json\/wp\/v2\/comments?post=9543"}],"version-history":[{"count":3,"href":"https:\/\/lottemaa.ee\/fi\/wp-json\/wp\/v2\/pages\/9543\/revisions"}],"predecessor-version":[{"id":20441,"href":"https:\/\/lottemaa.ee\/fi\/wp-json\/wp\/v2\/pages\/9543\/revisions\/20441"}],"up":[{"embeddable":true,"href":"https:\/\/lottemaa.ee\/fi\/wp-json\/wp\/v2\/pages\/1250"}],"wp:featuredmedia":[{"embeddable":true,"href":"https:\/\/lottemaa.ee\/fi\/wp-json\/wp\/v2\/media\/13537"}],"wp:attachment":[{"href":"https:\/\/lottemaa.ee\/fi\/wp-json\/wp\/v2\/media?parent=9543"}],"curies":[{"name":"wp","href":"https:\/\/api.w.org\/{rel}","templated":true}]}}