{"id":9534,"date":"2020-08-14T16:48:31","date_gmt":"2020-08-14T13:48:31","guid":{"rendered":"https:\/\/test.lottemaa.ee\/?page_id=9534"},"modified":"2024-09-27T11:48:10","modified_gmt":"2024-09-27T08:48:10","slug":"melutupa","status":"publish","type":"page","link":"https:\/\/lottemaa.ee\/fi\/paiva-lottemaassa\/keksinnot\/melutupa\/","title":{"rendered":"MELUTUPA"},"content":{"rendered":"<p style=\"text-align: left;\">Jaak-k\u00e4rp\u00e4nen eli pitk\u00e4\u00e4n poikamiehen\u00e4 omassa pieness\u00e4 sinisess\u00e4 talossaan, mets\u00e4n keskell\u00e4, yp\u00f6yksin. H\u00e4n piti el\u00e4m\u00e4st\u00e4\u00e4n ja niinp\u00e4 h\u00e4n ei liikaa vaivannut p\u00e4\u00e4t\u00e4\u00e4n naimisiinmenosuunnitelmilla.<br \/>\nEr\u00e4\u00e4n\u00e4 p\u00e4iv\u00e4n\u00e4 Jaak kuitenkin kohtasi kuvankauniin k\u00e4rp\u00e4sneidon, Rutan! Ruta oli latvialainen k\u00e4rp\u00e4nen, joka oli kotoisin Riiasta. Ruta piti matkustelusta ja kerran h\u00e4n reissuillaan eh\u00e4tti Keksij\u00e4kyl\u00e4\u00e4n, jossa tapasi Jaak-k\u00e4rp\u00e4sen. Jaak ja Ruta rakastuivat ensisilm\u00e4yksell\u00e4, ja loisteliaita h\u00e4it\u00e4 vietettiin koko kes\u00e4. Syksyll\u00e4 h\u00e4iden j\u00e4lkeen k\u00e4rp\u00e4set l\u00e4htiv\u00e4t yhdess\u00e4 Latviaan tapaamaan Rutan vanhempia. Siell\u00e4 Jaak sai ajatuksen alkaa opettaa kaikille kunnollista h\u00e4lin\u00e4\u00e4 ja meluamista. Niinp\u00e4 Jaak ja Ruta perustuivat talonsa yhteyteen meluamisen ty\u00f6pajan.<\/p>\n","protected":false},"excerpt":{"rendered":"<p>Jaak-k\u00e4rp\u00e4nen eli pitk\u00e4\u00e4n poikamiehen\u00e4 omassa pieness\u00e4 sinisess\u00e4 talossaan, mets\u00e4n keskell\u00e4, yp\u00f6yksin. H\u00e4n piti el\u00e4m\u00e4st\u00e4\u00e4n ja niinp\u00e4 h\u00e4n ei liikaa vaivannut p\u00e4\u00e4t\u00e4\u00e4n naimisiinmenosuunnitelmilla. Er\u00e4\u00e4n\u00e4 p\u00e4iv\u00e4n\u00e4 Jaak kuitenkin kohtasi kuvankauniin k\u00e4rp\u00e4sneidon, Rutan! Ruta oli latvialainen k\u00e4rp\u00e4nen, joka oli kotoisin Riiasta. Ruta piti matkustelusta ja kerran h\u00e4n reissuillaan eh\u00e4tti Keksij\u00e4kyl\u00e4\u00e4n, jossa tapasi Jaak-k\u00e4rp\u00e4sen. Jaak ja Ruta rakastuivat ensisilm\u00e4yksell\u00e4, &hellip; <a href=\"https:\/\/lottemaa.ee\/fi\/paiva-lottemaassa\/keksinnot\/melutupa\/\">Continued<\/a><\/p>\n","protected":false},"author":7,"featured_media":12920,"parent":1250,"menu_order":466,"comment_status":"closed","ping_status":"closed","template":"","meta":{"_acf_changed":false,"om_disable_all_campaigns":false,"_uf_show_specific_survey":0,"_uf_disable_surveys":false,"footnotes":""},"class_list":["post-9534","page","type-page","status-publish","has-post-thumbnail","hentry"],"acf":[],"yoast_head":"<!-- This site is optimized with the Yoast SEO plugin v25.5 - https:\/\/yoast.com\/wordpress\/plugins\/seo\/ -->\n<title>MELUTUPA | Lottemaa Teemapark<\/title>\n<meta name=\"description\" content=\"Jaak-k\u00e4rp\u00e4nen eli pitk\u00e4\u00e4n poikamiehen\u00e4 omassa pieness\u00e4 sinisess\u00e4 talossaan, mets\u00e4n keskell\u00e4, yp\u00f6yksin. H\u00e4n piti el\u00e4m\u00e4st\u00e4\u00e4n ja niinp\u00e4 h\u00e4n ei liikaa vaivannut p\u00e4\u00e4t\u00e4\u00e4n naimisiinmenosuunnitelmilla.\" \/>\n<meta name=\"robots\" content=\"index, follow, max-snippet:-1, max-image-preview:large, max-video-preview:-1\" \/>\n<link rel=\"canonical\" href=\"https:\/\/lottemaa.ee\/fi\/paiva-lottemaassa\/keksinnot\/melutupa\/\" \/>\n<meta property=\"og:locale\" content=\"fi_FI\" \/>\n<meta property=\"og:type\" content=\"article\" \/>\n<meta property=\"og:title\" content=\"MELUTUPA | Lottemaa Teemapark\" \/>\n<meta property=\"og:description\" content=\"Jaak-k\u00e4rp\u00e4nen eli pitk\u00e4\u00e4n poikamiehen\u00e4 omassa pieness\u00e4 sinisess\u00e4 talossaan, mets\u00e4n keskell\u00e4, yp\u00f6yksin. H\u00e4n piti el\u00e4m\u00e4st\u00e4\u00e4n ja niinp\u00e4 h\u00e4n ei liikaa vaivannut p\u00e4\u00e4t\u00e4\u00e4n naimisiinmenosuunnitelmilla.\" \/>\n<meta property=\"og:url\" content=\"https:\/\/lottemaa.ee\/fi\/paiva-lottemaassa\/keksinnot\/melutupa\/\" \/>\n<meta property=\"og:site_name\" content=\"Lottemaa Teemapark\" \/>\n<meta property=\"article:modified_time\" content=\"2024-09-27T08:48:10+00:00\" \/>\n<meta property=\"og:image\" content=\"https:\/\/lottemaa.ee\/wp-content\/uploads\/2022\/04\/DSC_6555-scaled.jpg\" \/>\n\t<meta property=\"og:image:width\" content=\"2560\" \/>\n\t<meta property=\"og:image:height\" content=\"1696\" \/>\n\t<meta property=\"og:image:type\" content=\"image\/jpeg\" \/>\n<meta name=\"twitter:card\" content=\"summary_large_image\" \/>\n<meta name=\"twitter:label1\" content=\"Arvioitu lukuaika\" \/>\n\t<meta name=\"twitter:data1\" content=\"1 minuutti\" \/>\n<script type=\"application\/ld+json\" class=\"yoast-schema-graph\">{\"@context\":\"https:\/\/schema.org\",\"@graph\":[{\"@type\":\"WebPage\",\"@id\":\"https:\/\/lottemaa.ee\/fi\/paiva-lottemaassa\/keksinnot\/melutupa\/\",\"url\":\"https:\/\/lottemaa.ee\/fi\/paiva-lottemaassa\/keksinnot\/melutupa\/\",\"name\":\"MELUTUPA | Lottemaa Teemapark\",\"isPartOf\":{\"@id\":\"https:\/\/lottemaa.ee\/#website\"},\"primaryImageOfPage\":{\"@id\":\"https:\/\/lottemaa.ee\/fi\/paiva-lottemaassa\/keksinnot\/melutupa\/#primaryimage\"},\"image\":{\"@id\":\"https:\/\/lottemaa.ee\/fi\/paiva-lottemaassa\/keksinnot\/melutupa\/#primaryimage\"},\"thumbnailUrl\":\"https:\/\/lottemaa.ee\/wp-content\/uploads\/2022\/04\/DSC_6555-scaled.jpg\",\"datePublished\":\"2020-08-14T13:48:31+00:00\",\"dateModified\":\"2024-09-27T08:48:10+00:00\",\"description\":\"Jaak-k\u00e4rp\u00e4nen eli pitk\u00e4\u00e4n poikamiehen\u00e4 omassa pieness\u00e4 sinisess\u00e4 talossaan, mets\u00e4n keskell\u00e4, yp\u00f6yksin. H\u00e4n piti el\u00e4m\u00e4st\u00e4\u00e4n ja niinp\u00e4 h\u00e4n ei liikaa vaivannut p\u00e4\u00e4t\u00e4\u00e4n naimisiinmenosuunnitelmilla.\",\"breadcrumb\":{\"@id\":\"https:\/\/lottemaa.ee\/fi\/paiva-lottemaassa\/keksinnot\/melutupa\/#breadcrumb\"},\"inLanguage\":\"fi\",\"potentialAction\":[{\"@type\":\"ReadAction\",\"target\":[\"https:\/\/lottemaa.ee\/fi\/paiva-lottemaassa\/keksinnot\/melutupa\/\"]}]},{\"@type\":\"ImageObject\",\"inLanguage\":\"fi\",\"@id\":\"https:\/\/lottemaa.ee\/fi\/paiva-lottemaassa\/keksinnot\/melutupa\/#primaryimage\",\"url\":\"https:\/\/lottemaa.ee\/wp-content\/uploads\/2022\/04\/DSC_6555-scaled.jpg\",\"contentUrl\":\"https:\/\/lottemaa.ee\/wp-content\/uploads\/2022\/04\/DSC_6555-scaled.jpg\",\"width\":2560,\"height\":1696},{\"@type\":\"BreadcrumbList\",\"@id\":\"https:\/\/lottemaa.ee\/fi\/paiva-lottemaassa\/keksinnot\/melutupa\/#breadcrumb\",\"itemListElement\":[{\"@type\":\"ListItem\",\"position\":1,\"name\":\"Home\",\"item\":\"https:\/\/lottemaa.ee\/fi\/\"},{\"@type\":\"ListItem\",\"position\":2,\"name\":\"P\u00e4iv\u00e4 Lottemaassa\",\"item\":\"https:\/\/lottemaa.ee\/fi\/paiva-lottemaassa\/\"},{\"@type\":\"ListItem\",\"position\":3,\"name\":\"Keksinn\u00f6t\",\"item\":\"https:\/\/lottemaa.ee\/fi\/paiva-lottemaassa\/keksinnot\/\"},{\"@type\":\"ListItem\",\"position\":4,\"name\":\"MELUTUPA\"}]},{\"@type\":\"WebSite\",\"@id\":\"https:\/\/lottemaa.ee\/#website\",\"url\":\"https:\/\/lottemaa.ee\/\",\"name\":\"Lottemaa Teemapark\",\"description\":\"Baltimaade suurim ja k\u00f5ige \u00e4gedam kogupere teemapark Eestis P\u00e4rnumaal\",\"publisher\":{\"@id\":\"https:\/\/lottemaa.ee\/#organization\"},\"potentialAction\":[{\"@type\":\"SearchAction\",\"target\":{\"@type\":\"EntryPoint\",\"urlTemplate\":\"https:\/\/lottemaa.ee\/?s={search_term_string}\"},\"query-input\":{\"@type\":\"PropertyValueSpecification\",\"valueRequired\":true,\"valueName\":\"search_term_string\"}}],\"inLanguage\":\"fi\"},{\"@type\":\"Organization\",\"@id\":\"https:\/\/lottemaa.ee\/#organization\",\"name\":\"Lottemaa Teemapark\",\"url\":\"https:\/\/lottemaa.ee\/\",\"logo\":{\"@type\":\"ImageObject\",\"inLanguage\":\"fi\",\"@id\":\"https:\/\/lottemaa.ee\/#\/schema\/logo\/image\/\",\"url\":\"https:\/\/lottemaa.ee\/wp-content\/uploads\/2018\/12\/Lottemaa_LOGO.png\",\"contentUrl\":\"https:\/\/lottemaa.ee\/wp-content\/uploads\/2018\/12\/Lottemaa_LOGO.png\",\"width\":1024,\"height\":518,\"caption\":\"Lottemaa Teemapark\"},\"image\":{\"@id\":\"https:\/\/lottemaa.ee\/#\/schema\/logo\/image\/\"}}]}<\/script>\n<!-- \/ Yoast SEO plugin. -->","yoast_head_json":{"title":"MELUTUPA | Lottemaa Teemapark","description":"Jaak-k\u00e4rp\u00e4nen eli pitk\u00e4\u00e4n poikamiehen\u00e4 omassa pieness\u00e4 sinisess\u00e4 talossaan, mets\u00e4n keskell\u00e4, yp\u00f6yksin. H\u00e4n piti el\u00e4m\u00e4st\u00e4\u00e4n ja niinp\u00e4 h\u00e4n ei liikaa vaivannut p\u00e4\u00e4t\u00e4\u00e4n naimisiinmenosuunnitelmilla.","robots":{"index":"index","follow":"follow","max-snippet":"max-snippet:-1","max-image-preview":"max-image-preview:large","max-video-preview":"max-video-preview:-1"},"canonical":"https:\/\/lottemaa.ee\/fi\/paiva-lottemaassa\/keksinnot\/melutupa\/","og_locale":"fi_FI","og_type":"article","og_title":"MELUTUPA | Lottemaa Teemapark","og_description":"Jaak-k\u00e4rp\u00e4nen eli pitk\u00e4\u00e4n poikamiehen\u00e4 omassa pieness\u00e4 sinisess\u00e4 talossaan, mets\u00e4n keskell\u00e4, yp\u00f6yksin. H\u00e4n piti el\u00e4m\u00e4st\u00e4\u00e4n ja niinp\u00e4 h\u00e4n ei liikaa vaivannut p\u00e4\u00e4t\u00e4\u00e4n naimisiinmenosuunnitelmilla.","og_url":"https:\/\/lottemaa.ee\/fi\/paiva-lottemaassa\/keksinnot\/melutupa\/","og_site_name":"Lottemaa Teemapark","article_modified_time":"2024-09-27T08:48:10+00:00","og_image":[{"width":2560,"height":1696,"url":"https:\/\/lottemaa.ee\/wp-content\/uploads\/2022\/04\/DSC_6555-scaled.jpg","type":"image\/jpeg"}],"twitter_card":"summary_large_image","twitter_misc":{"Arvioitu lukuaika":"1 minuutti"},"schema":{"@context":"https:\/\/schema.org","@graph":[{"@type":"WebPage","@id":"https:\/\/lottemaa.ee\/fi\/paiva-lottemaassa\/keksinnot\/melutupa\/","url":"https:\/\/lottemaa.ee\/fi\/paiva-lottemaassa\/keksinnot\/melutupa\/","name":"MELUTUPA | Lottemaa Teemapark","isPartOf":{"@id":"https:\/\/lottemaa.ee\/#website"},"primaryImageOfPage":{"@id":"https:\/\/lottemaa.ee\/fi\/paiva-lottemaassa\/keksinnot\/melutupa\/#primaryimage"},"image":{"@id":"https:\/\/lottemaa.ee\/fi\/paiva-lottemaassa\/keksinnot\/melutupa\/#primaryimage"},"thumbnailUrl":"https:\/\/lottemaa.ee\/wp-content\/uploads\/2022\/04\/DSC_6555-scaled.jpg","datePublished":"2020-08-14T13:48:31+00:00","dateModified":"2024-09-27T08:48:10+00:00","description":"Jaak-k\u00e4rp\u00e4nen eli pitk\u00e4\u00e4n poikamiehen\u00e4 omassa pieness\u00e4 sinisess\u00e4 talossaan, mets\u00e4n keskell\u00e4, yp\u00f6yksin. H\u00e4n piti el\u00e4m\u00e4st\u00e4\u00e4n ja niinp\u00e4 h\u00e4n ei liikaa vaivannut p\u00e4\u00e4t\u00e4\u00e4n naimisiinmenosuunnitelmilla.","breadcrumb":{"@id":"https:\/\/lottemaa.ee\/fi\/paiva-lottemaassa\/keksinnot\/melutupa\/#breadcrumb"},"inLanguage":"fi","potentialAction":[{"@type":"ReadAction","target":["https:\/\/lottemaa.ee\/fi\/paiva-lottemaassa\/keksinnot\/melutupa\/"]}]},{"@type":"ImageObject","inLanguage":"fi","@id":"https:\/\/lottemaa.ee\/fi\/paiva-lottemaassa\/keksinnot\/melutupa\/#primaryimage","url":"https:\/\/lottemaa.ee\/wp-content\/uploads\/2022\/04\/DSC_6555-scaled.jpg","contentUrl":"https:\/\/lottemaa.ee\/wp-content\/uploads\/2022\/04\/DSC_6555-scaled.jpg","width":2560,"height":1696},{"@type":"BreadcrumbList","@id":"https:\/\/lottemaa.ee\/fi\/paiva-lottemaassa\/keksinnot\/melutupa\/#breadcrumb","itemListElement":[{"@type":"ListItem","position":1,"name":"Home","item":"https:\/\/lottemaa.ee\/fi\/"},{"@type":"ListItem","position":2,"name":"P\u00e4iv\u00e4 Lottemaassa","item":"https:\/\/lottemaa.ee\/fi\/paiva-lottemaassa\/"},{"@type":"ListItem","position":3,"name":"Keksinn\u00f6t","item":"https:\/\/lottemaa.ee\/fi\/paiva-lottemaassa\/keksinnot\/"},{"@type":"ListItem","position":4,"name":"MELUTUPA"}]},{"@type":"WebSite","@id":"https:\/\/lottemaa.ee\/#website","url":"https:\/\/lottemaa.ee\/","name":"Lottemaa Teemapark","description":"Baltimaade suurim ja k\u00f5ige \u00e4gedam kogupere teemapark Eestis P\u00e4rnumaal","publisher":{"@id":"https:\/\/lottemaa.ee\/#organization"},"potentialAction":[{"@type":"SearchAction","target":{"@type":"EntryPoint","urlTemplate":"https:\/\/lottemaa.ee\/?s={search_term_string}"},"query-input":{"@type":"PropertyValueSpecification","valueRequired":true,"valueName":"search_term_string"}}],"inLanguage":"fi"},{"@type":"Organization","@id":"https:\/\/lottemaa.ee\/#organization","name":"Lottemaa Teemapark","url":"https:\/\/lottemaa.ee\/","logo":{"@type":"ImageObject","inLanguage":"fi","@id":"https:\/\/lottemaa.ee\/#\/schema\/logo\/image\/","url":"https:\/\/lottemaa.ee\/wp-content\/uploads\/2018\/12\/Lottemaa_LOGO.png","contentUrl":"https:\/\/lottemaa.ee\/wp-content\/uploads\/2018\/12\/Lottemaa_LOGO.png","width":1024,"height":518,"caption":"Lottemaa Teemapark"},"image":{"@id":"https:\/\/lottemaa.ee\/#\/schema\/logo\/image\/"}}]}},"_links":{"self":[{"href":"https:\/\/lottemaa.ee\/fi\/wp-json\/wp\/v2\/pages\/9534","targetHints":{"allow":["GET"]}}],"collection":[{"href":"https:\/\/lottemaa.ee\/fi\/wp-json\/wp\/v2\/pages"}],"about":[{"href":"https:\/\/lottemaa.ee\/fi\/wp-json\/wp\/v2\/types\/page"}],"author":[{"embeddable":true,"href":"https:\/\/lottemaa.ee\/fi\/wp-json\/wp\/v2\/users\/7"}],"replies":[{"embeddable":true,"href":"https:\/\/lottemaa.ee\/fi\/wp-json\/wp\/v2\/comments?post=9534"}],"version-history":[{"count":3,"href":"https:\/\/lottemaa.ee\/fi\/wp-json\/wp\/v2\/pages\/9534\/revisions"}],"predecessor-version":[{"id":28631,"href":"https:\/\/lottemaa.ee\/fi\/wp-json\/wp\/v2\/pages\/9534\/revisions\/28631"}],"up":[{"embeddable":true,"href":"https:\/\/lottemaa.ee\/fi\/wp-json\/wp\/v2\/pages\/1250"}],"wp:featuredmedia":[{"embeddable":true,"href":"https:\/\/lottemaa.ee\/fi\/wp-json\/wp\/v2\/media\/12920"}],"wp:attachment":[{"href":"https:\/\/lottemaa.ee\/fi\/wp-json\/wp\/v2\/media?parent=9534"}],"curies":[{"name":"wp","href":"https:\/\/api.w.org\/{rel}","templated":true}]}}