{"id":9526,"date":"2020-08-14T16:42:01","date_gmt":"2020-08-14T13:42:01","guid":{"rendered":"https:\/\/test.lottemaa.ee\/?page_id=9526"},"modified":"2024-09-27T11:49:23","modified_gmt":"2024-09-27T08:49:23","slug":"ratikka-polynimuri","status":"publish","type":"page","link":"https:\/\/lottemaa.ee\/fi\/paiva-lottemaassa\/keksinnot\/ratikka-polynimuri\/","title":{"rendered":"RATIKKA-P\u00d6LYNIMURI"},"content":{"rendered":"<p style=\"text-align: left;\">T\u00e4m\u00e4 on Adalbertin ensimm\u00e4inen keksint\u00f6. Kun Adalbert oli nuori keksij\u00e4, h\u00e4n halusi tehd\u00e4 vaikutuksen er\u00e4\u00e4seen ansioituneeseen j\u00e4nikseen ja kutsui Theodorin luokseen esitell\u00e4kseen ensimm\u00e4ist\u00e4 keksint\u00f6\u00e4\u00e4n. Theodorin mukana tuli muitakin t\u00e4rkeit\u00e4 j\u00e4niksi\u00e4 ihmettelem\u00e4\u00e4n Adalbertin keksint\u00f6\u00e4. Keksint\u00f6 ei kuitenkaan sylinteri\u00e4 lukuun ottamatta ottanut toimiakseen. Se kyll\u00e4 puhisi ja puksutti, kitisi ja kirskui, mutta ei kuitenkaan ruvennut toimimaan. Silloin Oskar lainasi Adalbertille s\u00e4hk\u00f6\u00e4, ja keksint\u00f6 l\u00e4hti jytisten k\u00e4yntiin. Jopa niin kovalla jytin\u00e4ll\u00e4, ett\u00e4 kone kiskaisi t\u00e4rkeilt\u00e4 j\u00e4niksilt\u00e4 sukat jalasta. Niin sai uusi keksint\u00f6 my\u00f6s arvoisensa nimen: Ratikka!<\/p>\n","protected":false},"excerpt":{"rendered":"<p>T\u00e4m\u00e4 on Adalbertin ensimm\u00e4inen keksint\u00f6. Kun Adalbert oli nuori keksij\u00e4, h\u00e4n halusi tehd\u00e4 vaikutuksen er\u00e4\u00e4seen ansioituneeseen j\u00e4nikseen ja kutsui Theodorin luokseen esitell\u00e4kseen ensimm\u00e4ist\u00e4 keksint\u00f6\u00e4\u00e4n. Theodorin mukana tuli muitakin t\u00e4rkeit\u00e4 j\u00e4niksi\u00e4 ihmettelem\u00e4\u00e4n Adalbertin keksint\u00f6\u00e4. Keksint\u00f6 ei kuitenkaan sylinteri\u00e4 lukuun ottamatta ottanut toimiakseen. Se kyll\u00e4 puhisi ja puksutti, kitisi ja kirskui, mutta ei kuitenkaan ruvennut toimimaan. Silloin &hellip; <a href=\"https:\/\/lottemaa.ee\/fi\/paiva-lottemaassa\/keksinnot\/ratikka-polynimuri\/\">Continued<\/a><\/p>\n","protected":false},"author":7,"featured_media":26921,"parent":1250,"menu_order":546,"comment_status":"closed","ping_status":"closed","template":"","meta":{"_acf_changed":false,"om_disable_all_campaigns":false,"_uf_show_specific_survey":0,"_uf_disable_surveys":false,"footnotes":""},"class_list":["post-9526","page","type-page","status-publish","has-post-thumbnail","hentry"],"acf":[],"yoast_head":"<!-- This site is optimized with the Yoast SEO plugin v25.5 - https:\/\/yoast.com\/wordpress\/plugins\/seo\/ -->\n<title>RATIKKA-P\u00d6LYNIMURI | Lottemaa Teemapark<\/title>\n<meta name=\"description\" content=\"T\u00e4m\u00e4 on Adalbertin ensimm\u00e4inen keksint\u00f6. Kun Adalbert oli nuori keksij\u00e4, h\u00e4n halusi tehd\u00e4 vaikutuksen er\u00e4\u00e4seen ansioituneeseen j\u00e4nikseen ja kutsui Theodorin luokseen esitell\u00e4kseen ensimm\u00e4ist\u00e4 keksint\u00f6\u00e4\u00e4n.\" \/>\n<meta name=\"robots\" content=\"index, follow, max-snippet:-1, max-image-preview:large, max-video-preview:-1\" \/>\n<link rel=\"canonical\" href=\"https:\/\/lottemaa.ee\/fi\/paiva-lottemaassa\/keksinnot\/ratikka-polynimuri\/\" \/>\n<meta property=\"og:locale\" content=\"fi_FI\" \/>\n<meta property=\"og:type\" content=\"article\" \/>\n<meta property=\"og:title\" content=\"RATIKKA-P\u00d6LYNIMURI | Lottemaa Teemapark\" \/>\n<meta property=\"og:description\" content=\"T\u00e4m\u00e4 on Adalbertin ensimm\u00e4inen keksint\u00f6. Kun Adalbert oli nuori keksij\u00e4, h\u00e4n halusi tehd\u00e4 vaikutuksen er\u00e4\u00e4seen ansioituneeseen j\u00e4nikseen ja kutsui Theodorin luokseen esitell\u00e4kseen ensimm\u00e4ist\u00e4 keksint\u00f6\u00e4\u00e4n.\" \/>\n<meta property=\"og:url\" content=\"https:\/\/lottemaa.ee\/fi\/paiva-lottemaassa\/keksinnot\/ratikka-polynimuri\/\" \/>\n<meta property=\"og:site_name\" content=\"Lottemaa Teemapark\" \/>\n<meta property=\"article:modified_time\" content=\"2024-09-27T08:49:23+00:00\" \/>\n<meta property=\"og:image\" content=\"https:\/\/lottemaa.ee\/wp-content\/uploads\/2024\/07\/Lottemaa-IV-400.jpg\" \/>\n\t<meta property=\"og:image:width\" content=\"2000\" \/>\n\t<meta property=\"og:image:height\" content=\"1333\" \/>\n\t<meta property=\"og:image:type\" content=\"image\/jpeg\" \/>\n<meta name=\"twitter:card\" content=\"summary_large_image\" \/>\n<meta name=\"twitter:label1\" content=\"Arvioitu lukuaika\" \/>\n\t<meta name=\"twitter:data1\" content=\"1 minuutti\" \/>\n<script type=\"application\/ld+json\" class=\"yoast-schema-graph\">{\"@context\":\"https:\/\/schema.org\",\"@graph\":[{\"@type\":\"WebPage\",\"@id\":\"https:\/\/lottemaa.ee\/fi\/paiva-lottemaassa\/keksinnot\/ratikka-polynimuri\/\",\"url\":\"https:\/\/lottemaa.ee\/fi\/paiva-lottemaassa\/keksinnot\/ratikka-polynimuri\/\",\"name\":\"RATIKKA-P\u00d6LYNIMURI | Lottemaa Teemapark\",\"isPartOf\":{\"@id\":\"https:\/\/lottemaa.ee\/#website\"},\"primaryImageOfPage\":{\"@id\":\"https:\/\/lottemaa.ee\/fi\/paiva-lottemaassa\/keksinnot\/ratikka-polynimuri\/#primaryimage\"},\"image\":{\"@id\":\"https:\/\/lottemaa.ee\/fi\/paiva-lottemaassa\/keksinnot\/ratikka-polynimuri\/#primaryimage\"},\"thumbnailUrl\":\"https:\/\/lottemaa.ee\/wp-content\/uploads\/2024\/07\/Lottemaa-IV-400.jpg\",\"datePublished\":\"2020-08-14T13:42:01+00:00\",\"dateModified\":\"2024-09-27T08:49:23+00:00\",\"description\":\"T\u00e4m\u00e4 on Adalbertin ensimm\u00e4inen keksint\u00f6. Kun Adalbert oli nuori keksij\u00e4, h\u00e4n halusi tehd\u00e4 vaikutuksen er\u00e4\u00e4seen ansioituneeseen j\u00e4nikseen ja kutsui Theodorin luokseen esitell\u00e4kseen ensimm\u00e4ist\u00e4 keksint\u00f6\u00e4\u00e4n.\",\"breadcrumb\":{\"@id\":\"https:\/\/lottemaa.ee\/fi\/paiva-lottemaassa\/keksinnot\/ratikka-polynimuri\/#breadcrumb\"},\"inLanguage\":\"fi\",\"potentialAction\":[{\"@type\":\"ReadAction\",\"target\":[\"https:\/\/lottemaa.ee\/fi\/paiva-lottemaassa\/keksinnot\/ratikka-polynimuri\/\"]}]},{\"@type\":\"ImageObject\",\"inLanguage\":\"fi\",\"@id\":\"https:\/\/lottemaa.ee\/fi\/paiva-lottemaassa\/keksinnot\/ratikka-polynimuri\/#primaryimage\",\"url\":\"https:\/\/lottemaa.ee\/wp-content\/uploads\/2024\/07\/Lottemaa-IV-400.jpg\",\"contentUrl\":\"https:\/\/lottemaa.ee\/wp-content\/uploads\/2024\/07\/Lottemaa-IV-400.jpg\",\"width\":2000,\"height\":1333},{\"@type\":\"BreadcrumbList\",\"@id\":\"https:\/\/lottemaa.ee\/fi\/paiva-lottemaassa\/keksinnot\/ratikka-polynimuri\/#breadcrumb\",\"itemListElement\":[{\"@type\":\"ListItem\",\"position\":1,\"name\":\"Home\",\"item\":\"https:\/\/lottemaa.ee\/fi\/\"},{\"@type\":\"ListItem\",\"position\":2,\"name\":\"P\u00e4iv\u00e4 Lottemaassa\",\"item\":\"https:\/\/lottemaa.ee\/fi\/paiva-lottemaassa\/\"},{\"@type\":\"ListItem\",\"position\":3,\"name\":\"Keksinn\u00f6t\",\"item\":\"https:\/\/lottemaa.ee\/fi\/paiva-lottemaassa\/keksinnot\/\"},{\"@type\":\"ListItem\",\"position\":4,\"name\":\"RATIKKA-P\u00d6LYNIMURI\"}]},{\"@type\":\"WebSite\",\"@id\":\"https:\/\/lottemaa.ee\/#website\",\"url\":\"https:\/\/lottemaa.ee\/\",\"name\":\"Lottemaa Teemapark\",\"description\":\"Baltimaade suurim ja k\u00f5ige \u00e4gedam kogupere teemapark Eestis P\u00e4rnumaal\",\"publisher\":{\"@id\":\"https:\/\/lottemaa.ee\/#organization\"},\"potentialAction\":[{\"@type\":\"SearchAction\",\"target\":{\"@type\":\"EntryPoint\",\"urlTemplate\":\"https:\/\/lottemaa.ee\/?s={search_term_string}\"},\"query-input\":{\"@type\":\"PropertyValueSpecification\",\"valueRequired\":true,\"valueName\":\"search_term_string\"}}],\"inLanguage\":\"fi\"},{\"@type\":\"Organization\",\"@id\":\"https:\/\/lottemaa.ee\/#organization\",\"name\":\"Lottemaa Teemapark\",\"url\":\"https:\/\/lottemaa.ee\/\",\"logo\":{\"@type\":\"ImageObject\",\"inLanguage\":\"fi\",\"@id\":\"https:\/\/lottemaa.ee\/#\/schema\/logo\/image\/\",\"url\":\"https:\/\/lottemaa.ee\/wp-content\/uploads\/2018\/12\/Lottemaa_LOGO.png\",\"contentUrl\":\"https:\/\/lottemaa.ee\/wp-content\/uploads\/2018\/12\/Lottemaa_LOGO.png\",\"width\":1024,\"height\":518,\"caption\":\"Lottemaa Teemapark\"},\"image\":{\"@id\":\"https:\/\/lottemaa.ee\/#\/schema\/logo\/image\/\"}}]}<\/script>\n<!-- \/ Yoast SEO plugin. -->","yoast_head_json":{"title":"RATIKKA-P\u00d6LYNIMURI | Lottemaa Teemapark","description":"T\u00e4m\u00e4 on Adalbertin ensimm\u00e4inen keksint\u00f6. Kun Adalbert oli nuori keksij\u00e4, h\u00e4n halusi tehd\u00e4 vaikutuksen er\u00e4\u00e4seen ansioituneeseen j\u00e4nikseen ja kutsui Theodorin luokseen esitell\u00e4kseen ensimm\u00e4ist\u00e4 keksint\u00f6\u00e4\u00e4n.","robots":{"index":"index","follow":"follow","max-snippet":"max-snippet:-1","max-image-preview":"max-image-preview:large","max-video-preview":"max-video-preview:-1"},"canonical":"https:\/\/lottemaa.ee\/fi\/paiva-lottemaassa\/keksinnot\/ratikka-polynimuri\/","og_locale":"fi_FI","og_type":"article","og_title":"RATIKKA-P\u00d6LYNIMURI | Lottemaa Teemapark","og_description":"T\u00e4m\u00e4 on Adalbertin ensimm\u00e4inen keksint\u00f6. Kun Adalbert oli nuori keksij\u00e4, h\u00e4n halusi tehd\u00e4 vaikutuksen er\u00e4\u00e4seen ansioituneeseen j\u00e4nikseen ja kutsui Theodorin luokseen esitell\u00e4kseen ensimm\u00e4ist\u00e4 keksint\u00f6\u00e4\u00e4n.","og_url":"https:\/\/lottemaa.ee\/fi\/paiva-lottemaassa\/keksinnot\/ratikka-polynimuri\/","og_site_name":"Lottemaa Teemapark","article_modified_time":"2024-09-27T08:49:23+00:00","og_image":[{"width":2000,"height":1333,"url":"https:\/\/lottemaa.ee\/wp-content\/uploads\/2024\/07\/Lottemaa-IV-400.jpg","type":"image\/jpeg"}],"twitter_card":"summary_large_image","twitter_misc":{"Arvioitu lukuaika":"1 minuutti"},"schema":{"@context":"https:\/\/schema.org","@graph":[{"@type":"WebPage","@id":"https:\/\/lottemaa.ee\/fi\/paiva-lottemaassa\/keksinnot\/ratikka-polynimuri\/","url":"https:\/\/lottemaa.ee\/fi\/paiva-lottemaassa\/keksinnot\/ratikka-polynimuri\/","name":"RATIKKA-P\u00d6LYNIMURI | Lottemaa Teemapark","isPartOf":{"@id":"https:\/\/lottemaa.ee\/#website"},"primaryImageOfPage":{"@id":"https:\/\/lottemaa.ee\/fi\/paiva-lottemaassa\/keksinnot\/ratikka-polynimuri\/#primaryimage"},"image":{"@id":"https:\/\/lottemaa.ee\/fi\/paiva-lottemaassa\/keksinnot\/ratikka-polynimuri\/#primaryimage"},"thumbnailUrl":"https:\/\/lottemaa.ee\/wp-content\/uploads\/2024\/07\/Lottemaa-IV-400.jpg","datePublished":"2020-08-14T13:42:01+00:00","dateModified":"2024-09-27T08:49:23+00:00","description":"T\u00e4m\u00e4 on Adalbertin ensimm\u00e4inen keksint\u00f6. Kun Adalbert oli nuori keksij\u00e4, h\u00e4n halusi tehd\u00e4 vaikutuksen er\u00e4\u00e4seen ansioituneeseen j\u00e4nikseen ja kutsui Theodorin luokseen esitell\u00e4kseen ensimm\u00e4ist\u00e4 keksint\u00f6\u00e4\u00e4n.","breadcrumb":{"@id":"https:\/\/lottemaa.ee\/fi\/paiva-lottemaassa\/keksinnot\/ratikka-polynimuri\/#breadcrumb"},"inLanguage":"fi","potentialAction":[{"@type":"ReadAction","target":["https:\/\/lottemaa.ee\/fi\/paiva-lottemaassa\/keksinnot\/ratikka-polynimuri\/"]}]},{"@type":"ImageObject","inLanguage":"fi","@id":"https:\/\/lottemaa.ee\/fi\/paiva-lottemaassa\/keksinnot\/ratikka-polynimuri\/#primaryimage","url":"https:\/\/lottemaa.ee\/wp-content\/uploads\/2024\/07\/Lottemaa-IV-400.jpg","contentUrl":"https:\/\/lottemaa.ee\/wp-content\/uploads\/2024\/07\/Lottemaa-IV-400.jpg","width":2000,"height":1333},{"@type":"BreadcrumbList","@id":"https:\/\/lottemaa.ee\/fi\/paiva-lottemaassa\/keksinnot\/ratikka-polynimuri\/#breadcrumb","itemListElement":[{"@type":"ListItem","position":1,"name":"Home","item":"https:\/\/lottemaa.ee\/fi\/"},{"@type":"ListItem","position":2,"name":"P\u00e4iv\u00e4 Lottemaassa","item":"https:\/\/lottemaa.ee\/fi\/paiva-lottemaassa\/"},{"@type":"ListItem","position":3,"name":"Keksinn\u00f6t","item":"https:\/\/lottemaa.ee\/fi\/paiva-lottemaassa\/keksinnot\/"},{"@type":"ListItem","position":4,"name":"RATIKKA-P\u00d6LYNIMURI"}]},{"@type":"WebSite","@id":"https:\/\/lottemaa.ee\/#website","url":"https:\/\/lottemaa.ee\/","name":"Lottemaa Teemapark","description":"Baltimaade suurim ja k\u00f5ige \u00e4gedam kogupere teemapark Eestis P\u00e4rnumaal","publisher":{"@id":"https:\/\/lottemaa.ee\/#organization"},"potentialAction":[{"@type":"SearchAction","target":{"@type":"EntryPoint","urlTemplate":"https:\/\/lottemaa.ee\/?s={search_term_string}"},"query-input":{"@type":"PropertyValueSpecification","valueRequired":true,"valueName":"search_term_string"}}],"inLanguage":"fi"},{"@type":"Organization","@id":"https:\/\/lottemaa.ee\/#organization","name":"Lottemaa Teemapark","url":"https:\/\/lottemaa.ee\/","logo":{"@type":"ImageObject","inLanguage":"fi","@id":"https:\/\/lottemaa.ee\/#\/schema\/logo\/image\/","url":"https:\/\/lottemaa.ee\/wp-content\/uploads\/2018\/12\/Lottemaa_LOGO.png","contentUrl":"https:\/\/lottemaa.ee\/wp-content\/uploads\/2018\/12\/Lottemaa_LOGO.png","width":1024,"height":518,"caption":"Lottemaa Teemapark"},"image":{"@id":"https:\/\/lottemaa.ee\/#\/schema\/logo\/image\/"}}]}},"_links":{"self":[{"href":"https:\/\/lottemaa.ee\/fi\/wp-json\/wp\/v2\/pages\/9526","targetHints":{"allow":["GET"]}}],"collection":[{"href":"https:\/\/lottemaa.ee\/fi\/wp-json\/wp\/v2\/pages"}],"about":[{"href":"https:\/\/lottemaa.ee\/fi\/wp-json\/wp\/v2\/types\/page"}],"author":[{"embeddable":true,"href":"https:\/\/lottemaa.ee\/fi\/wp-json\/wp\/v2\/users\/7"}],"replies":[{"embeddable":true,"href":"https:\/\/lottemaa.ee\/fi\/wp-json\/wp\/v2\/comments?post=9526"}],"version-history":[{"count":5,"href":"https:\/\/lottemaa.ee\/fi\/wp-json\/wp\/v2\/pages\/9526\/revisions"}],"predecessor-version":[{"id":28633,"href":"https:\/\/lottemaa.ee\/fi\/wp-json\/wp\/v2\/pages\/9526\/revisions\/28633"}],"up":[{"embeddable":true,"href":"https:\/\/lottemaa.ee\/fi\/wp-json\/wp\/v2\/pages\/1250"}],"wp:featuredmedia":[{"embeddable":true,"href":"https:\/\/lottemaa.ee\/fi\/wp-json\/wp\/v2\/media\/26921"}],"wp:attachment":[{"href":"https:\/\/lottemaa.ee\/fi\/wp-json\/wp\/v2\/media?parent=9526"}],"curies":[{"name":"wp","href":"https:\/\/api.w.org\/{rel}","templated":true}]}}