{"id":9517,"date":"2020-08-14T16:37:20","date_gmt":"2020-08-14T13:37:20","guid":{"rendered":"https:\/\/test.lottemaa.ee\/?page_id=9517"},"modified":"2024-09-27T11:48:45","modified_gmt":"2024-09-27T08:48:45","slug":"maissinaksukone","status":"publish","type":"page","link":"https:\/\/lottemaa.ee\/fi\/paiva-lottemaassa\/keksinnot\/maissinaksukone\/","title":{"rendered":"MAISSINAKSUKONE"},"content":{"rendered":"<p style=\"text-align: left;\">Er\u00e4\u00e4n\u00e4 iltana Adalbert-j\u00e4nis istui kotona, ja h\u00e4nelle iski kauhea maissinaksujen himo. H\u00e4n kurkisteli keitti\u00f6ss\u00e4 yhteen jos toiseenkin purkkiin, purnukkaan ja astiaan, mutta mit\u00e4\u00e4n maissinaksuihin viittavaakaan ei l\u00f6ytynyt. Todellinen keksij\u00e4 ei kuitenkaan lannistu, ja Adalbert keksikin pian maissinaksukoneen. Nyt konetta rakastaa koko kyl\u00e4, sill\u00e4 kun himo iskee, voi kyl\u00e4n jokainen asukas heti tehd\u00e4 itselleen maissinaksuj<\/p>\n","protected":false},"excerpt":{"rendered":"<p>Er\u00e4\u00e4n\u00e4 iltana Adalbert-j\u00e4nis istui kotona, ja h\u00e4nelle iski kauhea maissinaksujen himo. H\u00e4n kurkisteli keitti\u00f6ss\u00e4 yhteen jos toiseenkin purkkiin, purnukkaan ja astiaan, mutta mit\u00e4\u00e4n maissinaksuihin viittavaakaan ei l\u00f6ytynyt. Todellinen keksij\u00e4 ei kuitenkaan lannistu, ja Adalbert keksikin pian maissinaksukoneen. Nyt konetta rakastaa koko kyl\u00e4, sill\u00e4 kun himo iskee, voi kyl\u00e4n jokainen asukas heti tehd\u00e4 itselleen maissinaksuj<\/p>\n","protected":false},"author":7,"featured_media":26916,"parent":1250,"menu_order":548,"comment_status":"closed","ping_status":"closed","template":"","meta":{"_acf_changed":false,"om_disable_all_campaigns":false,"_uf_show_specific_survey":0,"_uf_disable_surveys":false,"footnotes":""},"class_list":["post-9517","page","type-page","status-publish","has-post-thumbnail","hentry"],"acf":[],"yoast_head":"<!-- This site is optimized with the Yoast SEO plugin v25.5 - https:\/\/yoast.com\/wordpress\/plugins\/seo\/ -->\n<title>MAISSINAKSUKONE | Lottemaa Teemapark<\/title>\n<meta name=\"description\" content=\"Er\u00e4\u00e4n\u00e4 iltana Adalbert-j\u00e4nis istui kotona, ja h\u00e4nelle iski kauhea maissinaksujen himo. H\u00e4n kurkisteli keitti\u00f6ss\u00e4 yhteen jos toiseenkin purkkiin, purnukkaan ja astiaan, mutta mit\u00e4\u00e4n maissinaksuihin viittavaakaan ei l\u00f6ytynyt.\" \/>\n<meta name=\"robots\" content=\"index, follow, max-snippet:-1, max-image-preview:large, max-video-preview:-1\" \/>\n<link rel=\"canonical\" href=\"https:\/\/lottemaa.ee\/fi\/paiva-lottemaassa\/keksinnot\/maissinaksukone\/\" \/>\n<meta property=\"og:locale\" content=\"fi_FI\" \/>\n<meta property=\"og:type\" content=\"article\" \/>\n<meta property=\"og:title\" content=\"MAISSINAKSUKONE | Lottemaa Teemapark\" \/>\n<meta property=\"og:description\" content=\"Er\u00e4\u00e4n\u00e4 iltana Adalbert-j\u00e4nis istui kotona, ja h\u00e4nelle iski kauhea maissinaksujen himo. H\u00e4n kurkisteli keitti\u00f6ss\u00e4 yhteen jos toiseenkin purkkiin, purnukkaan ja astiaan, mutta mit\u00e4\u00e4n maissinaksuihin viittavaakaan ei l\u00f6ytynyt.\" \/>\n<meta property=\"og:url\" content=\"https:\/\/lottemaa.ee\/fi\/paiva-lottemaassa\/keksinnot\/maissinaksukone\/\" \/>\n<meta property=\"og:site_name\" content=\"Lottemaa Teemapark\" \/>\n<meta property=\"article:modified_time\" content=\"2024-09-27T08:48:45+00:00\" \/>\n<meta property=\"og:image\" content=\"https:\/\/lottemaa.ee\/wp-content\/uploads\/2024\/07\/Lottemaa-IV-397.jpg\" \/>\n\t<meta property=\"og:image:width\" content=\"2000\" \/>\n\t<meta property=\"og:image:height\" content=\"1333\" \/>\n\t<meta property=\"og:image:type\" content=\"image\/jpeg\" \/>\n<meta name=\"twitter:card\" content=\"summary_large_image\" \/>\n<meta name=\"twitter:label1\" content=\"Arvioitu lukuaika\" \/>\n\t<meta name=\"twitter:data1\" content=\"1 minuutti\" \/>\n<script type=\"application\/ld+json\" class=\"yoast-schema-graph\">{\"@context\":\"https:\/\/schema.org\",\"@graph\":[{\"@type\":\"WebPage\",\"@id\":\"https:\/\/lottemaa.ee\/fi\/paiva-lottemaassa\/keksinnot\/maissinaksukone\/\",\"url\":\"https:\/\/lottemaa.ee\/fi\/paiva-lottemaassa\/keksinnot\/maissinaksukone\/\",\"name\":\"MAISSINAKSUKONE | Lottemaa Teemapark\",\"isPartOf\":{\"@id\":\"https:\/\/lottemaa.ee\/#website\"},\"primaryImageOfPage\":{\"@id\":\"https:\/\/lottemaa.ee\/fi\/paiva-lottemaassa\/keksinnot\/maissinaksukone\/#primaryimage\"},\"image\":{\"@id\":\"https:\/\/lottemaa.ee\/fi\/paiva-lottemaassa\/keksinnot\/maissinaksukone\/#primaryimage\"},\"thumbnailUrl\":\"https:\/\/lottemaa.ee\/wp-content\/uploads\/2024\/07\/Lottemaa-IV-397.jpg\",\"datePublished\":\"2020-08-14T13:37:20+00:00\",\"dateModified\":\"2024-09-27T08:48:45+00:00\",\"description\":\"Er\u00e4\u00e4n\u00e4 iltana Adalbert-j\u00e4nis istui kotona, ja h\u00e4nelle iski kauhea maissinaksujen himo. H\u00e4n kurkisteli keitti\u00f6ss\u00e4 yhteen jos toiseenkin purkkiin, purnukkaan ja astiaan, mutta mit\u00e4\u00e4n maissinaksuihin viittavaakaan ei l\u00f6ytynyt.\",\"breadcrumb\":{\"@id\":\"https:\/\/lottemaa.ee\/fi\/paiva-lottemaassa\/keksinnot\/maissinaksukone\/#breadcrumb\"},\"inLanguage\":\"fi\",\"potentialAction\":[{\"@type\":\"ReadAction\",\"target\":[\"https:\/\/lottemaa.ee\/fi\/paiva-lottemaassa\/keksinnot\/maissinaksukone\/\"]}]},{\"@type\":\"ImageObject\",\"inLanguage\":\"fi\",\"@id\":\"https:\/\/lottemaa.ee\/fi\/paiva-lottemaassa\/keksinnot\/maissinaksukone\/#primaryimage\",\"url\":\"https:\/\/lottemaa.ee\/wp-content\/uploads\/2024\/07\/Lottemaa-IV-397.jpg\",\"contentUrl\":\"https:\/\/lottemaa.ee\/wp-content\/uploads\/2024\/07\/Lottemaa-IV-397.jpg\",\"width\":2000,\"height\":1333},{\"@type\":\"BreadcrumbList\",\"@id\":\"https:\/\/lottemaa.ee\/fi\/paiva-lottemaassa\/keksinnot\/maissinaksukone\/#breadcrumb\",\"itemListElement\":[{\"@type\":\"ListItem\",\"position\":1,\"name\":\"Home\",\"item\":\"https:\/\/lottemaa.ee\/fi\/\"},{\"@type\":\"ListItem\",\"position\":2,\"name\":\"P\u00e4iv\u00e4 Lottemaassa\",\"item\":\"https:\/\/lottemaa.ee\/fi\/paiva-lottemaassa\/\"},{\"@type\":\"ListItem\",\"position\":3,\"name\":\"Keksinn\u00f6t\",\"item\":\"https:\/\/lottemaa.ee\/fi\/paiva-lottemaassa\/keksinnot\/\"},{\"@type\":\"ListItem\",\"position\":4,\"name\":\"MAISSINAKSUKONE\"}]},{\"@type\":\"WebSite\",\"@id\":\"https:\/\/lottemaa.ee\/#website\",\"url\":\"https:\/\/lottemaa.ee\/\",\"name\":\"Lottemaa Teemapark\",\"description\":\"Baltimaade suurim ja k\u00f5ige \u00e4gedam kogupere teemapark Eestis P\u00e4rnumaal\",\"publisher\":{\"@id\":\"https:\/\/lottemaa.ee\/#organization\"},\"potentialAction\":[{\"@type\":\"SearchAction\",\"target\":{\"@type\":\"EntryPoint\",\"urlTemplate\":\"https:\/\/lottemaa.ee\/?s={search_term_string}\"},\"query-input\":{\"@type\":\"PropertyValueSpecification\",\"valueRequired\":true,\"valueName\":\"search_term_string\"}}],\"inLanguage\":\"fi\"},{\"@type\":\"Organization\",\"@id\":\"https:\/\/lottemaa.ee\/#organization\",\"name\":\"Lottemaa Teemapark\",\"url\":\"https:\/\/lottemaa.ee\/\",\"logo\":{\"@type\":\"ImageObject\",\"inLanguage\":\"fi\",\"@id\":\"https:\/\/lottemaa.ee\/#\/schema\/logo\/image\/\",\"url\":\"https:\/\/lottemaa.ee\/wp-content\/uploads\/2018\/12\/Lottemaa_LOGO.png\",\"contentUrl\":\"https:\/\/lottemaa.ee\/wp-content\/uploads\/2018\/12\/Lottemaa_LOGO.png\",\"width\":1024,\"height\":518,\"caption\":\"Lottemaa Teemapark\"},\"image\":{\"@id\":\"https:\/\/lottemaa.ee\/#\/schema\/logo\/image\/\"}}]}<\/script>\n<!-- \/ Yoast SEO plugin. -->","yoast_head_json":{"title":"MAISSINAKSUKONE | Lottemaa Teemapark","description":"Er\u00e4\u00e4n\u00e4 iltana Adalbert-j\u00e4nis istui kotona, ja h\u00e4nelle iski kauhea maissinaksujen himo. H\u00e4n kurkisteli keitti\u00f6ss\u00e4 yhteen jos toiseenkin purkkiin, purnukkaan ja astiaan, mutta mit\u00e4\u00e4n maissinaksuihin viittavaakaan ei l\u00f6ytynyt.","robots":{"index":"index","follow":"follow","max-snippet":"max-snippet:-1","max-image-preview":"max-image-preview:large","max-video-preview":"max-video-preview:-1"},"canonical":"https:\/\/lottemaa.ee\/fi\/paiva-lottemaassa\/keksinnot\/maissinaksukone\/","og_locale":"fi_FI","og_type":"article","og_title":"MAISSINAKSUKONE | Lottemaa Teemapark","og_description":"Er\u00e4\u00e4n\u00e4 iltana Adalbert-j\u00e4nis istui kotona, ja h\u00e4nelle iski kauhea maissinaksujen himo. H\u00e4n kurkisteli keitti\u00f6ss\u00e4 yhteen jos toiseenkin purkkiin, purnukkaan ja astiaan, mutta mit\u00e4\u00e4n maissinaksuihin viittavaakaan ei l\u00f6ytynyt.","og_url":"https:\/\/lottemaa.ee\/fi\/paiva-lottemaassa\/keksinnot\/maissinaksukone\/","og_site_name":"Lottemaa Teemapark","article_modified_time":"2024-09-27T08:48:45+00:00","og_image":[{"width":2000,"height":1333,"url":"https:\/\/lottemaa.ee\/wp-content\/uploads\/2024\/07\/Lottemaa-IV-397.jpg","type":"image\/jpeg"}],"twitter_card":"summary_large_image","twitter_misc":{"Arvioitu lukuaika":"1 minuutti"},"schema":{"@context":"https:\/\/schema.org","@graph":[{"@type":"WebPage","@id":"https:\/\/lottemaa.ee\/fi\/paiva-lottemaassa\/keksinnot\/maissinaksukone\/","url":"https:\/\/lottemaa.ee\/fi\/paiva-lottemaassa\/keksinnot\/maissinaksukone\/","name":"MAISSINAKSUKONE | Lottemaa Teemapark","isPartOf":{"@id":"https:\/\/lottemaa.ee\/#website"},"primaryImageOfPage":{"@id":"https:\/\/lottemaa.ee\/fi\/paiva-lottemaassa\/keksinnot\/maissinaksukone\/#primaryimage"},"image":{"@id":"https:\/\/lottemaa.ee\/fi\/paiva-lottemaassa\/keksinnot\/maissinaksukone\/#primaryimage"},"thumbnailUrl":"https:\/\/lottemaa.ee\/wp-content\/uploads\/2024\/07\/Lottemaa-IV-397.jpg","datePublished":"2020-08-14T13:37:20+00:00","dateModified":"2024-09-27T08:48:45+00:00","description":"Er\u00e4\u00e4n\u00e4 iltana Adalbert-j\u00e4nis istui kotona, ja h\u00e4nelle iski kauhea maissinaksujen himo. H\u00e4n kurkisteli keitti\u00f6ss\u00e4 yhteen jos toiseenkin purkkiin, purnukkaan ja astiaan, mutta mit\u00e4\u00e4n maissinaksuihin viittavaakaan ei l\u00f6ytynyt.","breadcrumb":{"@id":"https:\/\/lottemaa.ee\/fi\/paiva-lottemaassa\/keksinnot\/maissinaksukone\/#breadcrumb"},"inLanguage":"fi","potentialAction":[{"@type":"ReadAction","target":["https:\/\/lottemaa.ee\/fi\/paiva-lottemaassa\/keksinnot\/maissinaksukone\/"]}]},{"@type":"ImageObject","inLanguage":"fi","@id":"https:\/\/lottemaa.ee\/fi\/paiva-lottemaassa\/keksinnot\/maissinaksukone\/#primaryimage","url":"https:\/\/lottemaa.ee\/wp-content\/uploads\/2024\/07\/Lottemaa-IV-397.jpg","contentUrl":"https:\/\/lottemaa.ee\/wp-content\/uploads\/2024\/07\/Lottemaa-IV-397.jpg","width":2000,"height":1333},{"@type":"BreadcrumbList","@id":"https:\/\/lottemaa.ee\/fi\/paiva-lottemaassa\/keksinnot\/maissinaksukone\/#breadcrumb","itemListElement":[{"@type":"ListItem","position":1,"name":"Home","item":"https:\/\/lottemaa.ee\/fi\/"},{"@type":"ListItem","position":2,"name":"P\u00e4iv\u00e4 Lottemaassa","item":"https:\/\/lottemaa.ee\/fi\/paiva-lottemaassa\/"},{"@type":"ListItem","position":3,"name":"Keksinn\u00f6t","item":"https:\/\/lottemaa.ee\/fi\/paiva-lottemaassa\/keksinnot\/"},{"@type":"ListItem","position":4,"name":"MAISSINAKSUKONE"}]},{"@type":"WebSite","@id":"https:\/\/lottemaa.ee\/#website","url":"https:\/\/lottemaa.ee\/","name":"Lottemaa Teemapark","description":"Baltimaade suurim ja k\u00f5ige \u00e4gedam kogupere teemapark Eestis P\u00e4rnumaal","publisher":{"@id":"https:\/\/lottemaa.ee\/#organization"},"potentialAction":[{"@type":"SearchAction","target":{"@type":"EntryPoint","urlTemplate":"https:\/\/lottemaa.ee\/?s={search_term_string}"},"query-input":{"@type":"PropertyValueSpecification","valueRequired":true,"valueName":"search_term_string"}}],"inLanguage":"fi"},{"@type":"Organization","@id":"https:\/\/lottemaa.ee\/#organization","name":"Lottemaa Teemapark","url":"https:\/\/lottemaa.ee\/","logo":{"@type":"ImageObject","inLanguage":"fi","@id":"https:\/\/lottemaa.ee\/#\/schema\/logo\/image\/","url":"https:\/\/lottemaa.ee\/wp-content\/uploads\/2018\/12\/Lottemaa_LOGO.png","contentUrl":"https:\/\/lottemaa.ee\/wp-content\/uploads\/2018\/12\/Lottemaa_LOGO.png","width":1024,"height":518,"caption":"Lottemaa Teemapark"},"image":{"@id":"https:\/\/lottemaa.ee\/#\/schema\/logo\/image\/"}}]}},"_links":{"self":[{"href":"https:\/\/lottemaa.ee\/fi\/wp-json\/wp\/v2\/pages\/9517","targetHints":{"allow":["GET"]}}],"collection":[{"href":"https:\/\/lottemaa.ee\/fi\/wp-json\/wp\/v2\/pages"}],"about":[{"href":"https:\/\/lottemaa.ee\/fi\/wp-json\/wp\/v2\/types\/page"}],"author":[{"embeddable":true,"href":"https:\/\/lottemaa.ee\/fi\/wp-json\/wp\/v2\/users\/7"}],"replies":[{"embeddable":true,"href":"https:\/\/lottemaa.ee\/fi\/wp-json\/wp\/v2\/comments?post=9517"}],"version-history":[{"count":5,"href":"https:\/\/lottemaa.ee\/fi\/wp-json\/wp\/v2\/pages\/9517\/revisions"}],"predecessor-version":[{"id":28632,"href":"https:\/\/lottemaa.ee\/fi\/wp-json\/wp\/v2\/pages\/9517\/revisions\/28632"}],"up":[{"embeddable":true,"href":"https:\/\/lottemaa.ee\/fi\/wp-json\/wp\/v2\/pages\/1250"}],"wp:featuredmedia":[{"embeddable":true,"href":"https:\/\/lottemaa.ee\/fi\/wp-json\/wp\/v2\/media\/26916"}],"wp:attachment":[{"href":"https:\/\/lottemaa.ee\/fi\/wp-json\/wp\/v2\/media?parent=9517"}],"curies":[{"name":"wp","href":"https:\/\/api.w.org\/{rel}","templated":true}]}}